{"id":184836,"date":"2025-06-18T14:19:28","date_gmt":"2025-06-18T12:19:28","guid":{"rendered":"https:\/\/www.tabakversand.ch\/?post_type=product&#038;p=184836"},"modified":"2025-06-18T14:24:29","modified_gmt":"2025-06-18T12:24:29","slug":"tabac-a-pipe-davidoff-bresil-5-x-50-gr","status":"publish","type":"product","link":"https:\/\/www.tabakversand.ch\/fr\/produit\/tabac-a-pipe-davidoff-bresil-5-x-50-gr\/","title":{"rendered":"Tabac \u00e0 pipe Davidoff Br\u00e9sil 5 x 50 gr."},"content":{"rendered":"<p>Tabac \u00e0 pipe Davidoff Br\u00e9sil 5 x 50 gr.<\/p>\n<p>Cavendish noir doublement ferment\u00e9 et Virginie du Br\u00e9sil vieillie et affin\u00e9e \u00e0 l&rsquo;air chaud, en diff\u00e9rentes longueurs. Un assemblage doux aux notes fra\u00eeches et fruit\u00e9es.<\/p>\n<p>Assemblage : Virginie, Black Cavendish<\/p>\n<p>Type de coupe: M\u00e9lange<\/p>\n<p>Notes de d\u00e9gustation : Notes fra\u00eeches et fruit\u00e9es.<\/p>\n<p>Intensit\u00e9 : 1\/5<\/p>\n<p>Tous les prix s&rsquo;appliquent uniquement aux commandes en ligne et incluent la TVA. TVA, sous r\u00e9serve de modifications plus Exp\u00e9dition. Sous r\u00e9serve d&rsquo;erreurs, de modifications de l&rsquo;\u00e9tendue de la livraison et de la conception, d&rsquo;erreurs d&rsquo;impression et de modifications de prix. Les prix barr\u00e9s sont plut\u00f4t des prix. L&rsquo;illustration peut diff\u00e9rer de l&rsquo;original\/de l&rsquo;\u00e9tendue de la livraison.<br \/>\n*Livraison gratuite pour les commandes sup\u00e9rieures \u00e0 CHF 250.<\/p>\n","protected":false},"excerpt":{"rendered":"<p>Tabac \u00e0 pipe Davidoff Br\u00e9sil 5 x 50 gr. Cavendish noir doublement ferment\u00e9 et Virginie du Br\u00e9sil vieillie et affin\u00e9e \u00e0 l&rsquo;air chaud, en diff\u00e9rentes longueurs. Un assemblage doux aux notes fra\u00eeches et fruit\u00e9es. Assemblage : Virginie, Black Cavendish Type de coupe: M\u00e9lange Notes de d\u00e9gustation : Notes fra\u00eeches et fruit\u00e9es. Intensit\u00e9 : 1\/5 Tous [&hellip;]<\/p>\n","protected":false},"featured_media":184840,"template":"","meta":[],"product_brand":[1487],"product_cat":[1949,5820,1888,2040],"product_tag":[],"class_list":{"0":"post-184836","1":"product","2":"type-product","3":"status-publish","4":"has-post-thumbnail","6":"product_brand-davidoff","7":"product_cat-pipe-world-fr","8":"product_cat-sac","9":"product_cat-tabac","10":"product_cat-tabac-a-pipe-fr","12":"first","13":"outofstock","14":"purchasable","15":"product-type-simple"},"yoast_head":"<!-- This site is optimized with the Yoast SEO plugin v27.5 - https:\/\/yoast.com\/product\/yoast-seo-wordpress\/ -->\n<title>Tabac \u00e0 pipe Davidoff Br\u00e9sil 5 x 50 gr. - Tabakversand.ch | Alles aus der Welt des Tabaks<\/title>\n<meta name=\"description\" content=\"Tabac \u00e0 pipe Davidoff Br\u00e9sil 5 x 50 gr. | Un grand choix de produits du tabac, d&#039;e-fum\u00e9e et d&#039;ustensiles pour fumer dans toute la Suisse | Cartes accept\u00e9es !\" \/>\n<meta name=\"robots\" content=\"index, follow, max-snippet:-1, max-image-preview:large, max-video-preview:-1\" \/>\n<link rel=\"canonical\" href=\"https:\/\/www.tabakversand.ch\/fr\/produit\/tabac-a-pipe-davidoff-bresil-5-x-50-gr\/\" \/>\n<meta property=\"og:locale\" content=\"fr_FR\" \/>\n<meta property=\"og:type\" content=\"article\" \/>\n<meta property=\"og:title\" content=\"Tabac \u00e0 pipe Davidoff Br\u00e9sil 5 x 50 gr. - Tabakversand.ch | Alles aus der Welt des Tabaks\" \/>\n<meta property=\"og:description\" content=\"Tabac \u00e0 pipe Davidoff Br\u00e9sil 5 x 50 gr. | Un grand choix de produits du tabac, d&#039;e-fum\u00e9e et d&#039;ustensiles pour fumer dans toute la Suisse | Cartes accept\u00e9es !\" \/>\n<meta property=\"og:url\" content=\"https:\/\/www.tabakversand.ch\/fr\/produit\/tabac-a-pipe-davidoff-bresil-5-x-50-gr\/\" \/>\n<meta property=\"og:site_name\" content=\"Tabakversand.ch | Alles aus der Welt des Tabaks\" \/>\n<meta property=\"article:modified_time\" content=\"2025-06-18T12:24:29+00:00\" \/>\n<meta property=\"og:image\" content=\"https:\/\/www.tabakversand.ch\/wp-content\/uploads\/2025\/06\/davidoff-brazil-pipe-tobacco.jpg\" \/>\n\t<meta property=\"og:image:width\" content=\"500\" \/>\n\t<meta property=\"og:image:height\" content=\"500\" \/>\n\t<meta property=\"og:image:type\" content=\"image\/jpeg\" \/>\n<meta name=\"twitter:card\" content=\"summary_large_image\" \/>\n<meta name=\"twitter:label1\" content=\"Dur\u00e9e de lecture estim\u00e9e\" \/>\n\t<meta name=\"twitter:data1\" content=\"1 minute\" \/>\n<script type=\"application\/ld+json\" class=\"yoast-schema-graph\">{\"@context\":\"https:\\\/\\\/schema.org\",\"@graph\":[{\"@type\":\"WebPage\",\"@id\":\"https:\\\/\\\/www.tabakversand.ch\\\/fr\\\/produit\\\/tabac-a-pipe-davidoff-bresil-5-x-50-gr\\\/\",\"url\":\"https:\\\/\\\/www.tabakversand.ch\\\/fr\\\/produit\\\/tabac-a-pipe-davidoff-bresil-5-x-50-gr\\\/\",\"name\":\"Tabac \u00e0 pipe Davidoff Br\u00e9sil 5 x 50 gr. - Tabakversand.ch | Alles aus der Welt des Tabaks\",\"isPartOf\":{\"@id\":\"https:\\\/\\\/www.tabakversand.ch\\\/#website\"},\"primaryImageOfPage\":{\"@id\":\"https:\\\/\\\/www.tabakversand.ch\\\/fr\\\/produit\\\/tabac-a-pipe-davidoff-bresil-5-x-50-gr\\\/#primaryimage\"},\"image\":{\"@id\":\"https:\\\/\\\/www.tabakversand.ch\\\/fr\\\/produit\\\/tabac-a-pipe-davidoff-bresil-5-x-50-gr\\\/#primaryimage\"},\"thumbnailUrl\":\"https:\\\/\\\/www.tabakversand.ch\\\/wp-content\\\/uploads\\\/2025\\\/06\\\/davidoff-brazil-pipe-tobacco.jpg\",\"datePublished\":\"2025-06-18T12:19:28+00:00\",\"dateModified\":\"2025-06-18T12:24:29+00:00\",\"description\":\"Tabac \u00e0 pipe Davidoff Br\u00e9sil 5 x 50 gr. | Un grand choix de produits du tabac, d'e-fum\u00e9e et d'ustensiles pour fumer dans toute la Suisse | Cartes accept\u00e9es !\",\"breadcrumb\":{\"@id\":\"https:\\\/\\\/www.tabakversand.ch\\\/fr\\\/produit\\\/tabac-a-pipe-davidoff-bresil-5-x-50-gr\\\/#breadcrumb\"},\"inLanguage\":\"fr-FR\",\"potentialAction\":[{\"@type\":\"ReadAction\",\"target\":[\"https:\\\/\\\/www.tabakversand.ch\\\/fr\\\/produit\\\/tabac-a-pipe-davidoff-bresil-5-x-50-gr\\\/\"]}]},{\"@type\":\"ImageObject\",\"inLanguage\":\"fr-FR\",\"@id\":\"https:\\\/\\\/www.tabakversand.ch\\\/fr\\\/produit\\\/tabac-a-pipe-davidoff-bresil-5-x-50-gr\\\/#primaryimage\",\"url\":\"https:\\\/\\\/www.tabakversand.ch\\\/wp-content\\\/uploads\\\/2025\\\/06\\\/davidoff-brazil-pipe-tobacco.jpg\",\"contentUrl\":\"https:\\\/\\\/www.tabakversand.ch\\\/wp-content\\\/uploads\\\/2025\\\/06\\\/davidoff-brazil-pipe-tobacco.jpg\",\"width\":500,\"height\":500,\"caption\":\"Tabac \u00e0 pipe Davidoff Br\u00e9sil 5 x 50 gr. | Tabakversand.ch\"},{\"@type\":\"BreadcrumbList\",\"@id\":\"https:\\\/\\\/www.tabakversand.ch\\\/fr\\\/produit\\\/tabac-a-pipe-davidoff-bresil-5-x-50-gr\\\/#breadcrumb\",\"itemListElement\":[{\"@type\":\"ListItem\",\"position\":1,\"name\":\"Startseite\",\"item\":\"https:\\\/\\\/www.tabakversand.ch\\\/\"},{\"@type\":\"ListItem\",\"position\":2,\"name\":\"Boutique\",\"item\":\"https:\\\/\\\/www.tabakversand.ch\\\/fr\\\/boutique\\\/\"},{\"@type\":\"ListItem\",\"position\":3,\"name\":\"Tabac \u00e0 pipe Davidoff Br\u00e9sil 5 x 50 gr.\"}]},{\"@type\":\"WebSite\",\"@id\":\"https:\\\/\\\/www.tabakversand.ch\\\/#website\",\"url\":\"https:\\\/\\\/www.tabakversand.ch\\\/\",\"name\":\"Tabakversand.ch | Alles aus der Welt des Tabaks\",\"description\":\"Smoke and carpe diem\",\"potentialAction\":[{\"@type\":\"SearchAction\",\"target\":{\"@type\":\"EntryPoint\",\"urlTemplate\":\"https:\\\/\\\/www.tabakversand.ch\\\/?s={search_term_string}\"},\"query-input\":{\"@type\":\"PropertyValueSpecification\",\"valueRequired\":true,\"valueName\":\"search_term_string\"}}],\"inLanguage\":\"fr-FR\"}]}<\/script>\n<!-- \/ Yoast SEO plugin. -->","yoast_head_json":{"title":"Tabac \u00e0 pipe Davidoff Br\u00e9sil 5 x 50 gr. - Tabakversand.ch | Alles aus der Welt des Tabaks","description":"Tabac \u00e0 pipe Davidoff Br\u00e9sil 5 x 50 gr. | Un grand choix de produits du tabac, d'e-fum\u00e9e et d'ustensiles pour fumer dans toute la Suisse | Cartes accept\u00e9es !","robots":{"index":"index","follow":"follow","max-snippet":"max-snippet:-1","max-image-preview":"max-image-preview:large","max-video-preview":"max-video-preview:-1"},"canonical":"https:\/\/www.tabakversand.ch\/fr\/produit\/tabac-a-pipe-davidoff-bresil-5-x-50-gr\/","og_locale":"fr_FR","og_type":"article","og_title":"Tabac \u00e0 pipe Davidoff Br\u00e9sil 5 x 50 gr. - Tabakversand.ch | Alles aus der Welt des Tabaks","og_description":"Tabac \u00e0 pipe Davidoff Br\u00e9sil 5 x 50 gr. | Un grand choix de produits du tabac, d'e-fum\u00e9e et d'ustensiles pour fumer dans toute la Suisse | Cartes accept\u00e9es !","og_url":"https:\/\/www.tabakversand.ch\/fr\/produit\/tabac-a-pipe-davidoff-bresil-5-x-50-gr\/","og_site_name":"Tabakversand.ch | Alles aus der Welt des Tabaks","article_modified_time":"2025-06-18T12:24:29+00:00","og_image":[{"width":500,"height":500,"url":"https:\/\/www.tabakversand.ch\/wp-content\/uploads\/2025\/06\/davidoff-brazil-pipe-tobacco.jpg","type":"image\/jpeg"}],"twitter_card":"summary_large_image","twitter_misc":{"Dur\u00e9e de lecture estim\u00e9e":"1 minute"},"schema":{"@context":"https:\/\/schema.org","@graph":[{"@type":"WebPage","@id":"https:\/\/www.tabakversand.ch\/fr\/produit\/tabac-a-pipe-davidoff-bresil-5-x-50-gr\/","url":"https:\/\/www.tabakversand.ch\/fr\/produit\/tabac-a-pipe-davidoff-bresil-5-x-50-gr\/","name":"Tabac \u00e0 pipe Davidoff Br\u00e9sil 5 x 50 gr. - Tabakversand.ch | Alles aus der Welt des Tabaks","isPartOf":{"@id":"https:\/\/www.tabakversand.ch\/#website"},"primaryImageOfPage":{"@id":"https:\/\/www.tabakversand.ch\/fr\/produit\/tabac-a-pipe-davidoff-bresil-5-x-50-gr\/#primaryimage"},"image":{"@id":"https:\/\/www.tabakversand.ch\/fr\/produit\/tabac-a-pipe-davidoff-bresil-5-x-50-gr\/#primaryimage"},"thumbnailUrl":"https:\/\/www.tabakversand.ch\/wp-content\/uploads\/2025\/06\/davidoff-brazil-pipe-tobacco.jpg","datePublished":"2025-06-18T12:19:28+00:00","dateModified":"2025-06-18T12:24:29+00:00","description":"Tabac \u00e0 pipe Davidoff Br\u00e9sil 5 x 50 gr. | Un grand choix de produits du tabac, d'e-fum\u00e9e et d'ustensiles pour fumer dans toute la Suisse | Cartes accept\u00e9es !","breadcrumb":{"@id":"https:\/\/www.tabakversand.ch\/fr\/produit\/tabac-a-pipe-davidoff-bresil-5-x-50-gr\/#breadcrumb"},"inLanguage":"fr-FR","potentialAction":[{"@type":"ReadAction","target":["https:\/\/www.tabakversand.ch\/fr\/produit\/tabac-a-pipe-davidoff-bresil-5-x-50-gr\/"]}]},{"@type":"ImageObject","inLanguage":"fr-FR","@id":"https:\/\/www.tabakversand.ch\/fr\/produit\/tabac-a-pipe-davidoff-bresil-5-x-50-gr\/#primaryimage","url":"https:\/\/www.tabakversand.ch\/wp-content\/uploads\/2025\/06\/davidoff-brazil-pipe-tobacco.jpg","contentUrl":"https:\/\/www.tabakversand.ch\/wp-content\/uploads\/2025\/06\/davidoff-brazil-pipe-tobacco.jpg","width":500,"height":500,"caption":"Tabac \u00e0 pipe Davidoff Br\u00e9sil 5 x 50 gr. | Tabakversand.ch"},{"@type":"BreadcrumbList","@id":"https:\/\/www.tabakversand.ch\/fr\/produit\/tabac-a-pipe-davidoff-bresil-5-x-50-gr\/#breadcrumb","itemListElement":[{"@type":"ListItem","position":1,"name":"Startseite","item":"https:\/\/www.tabakversand.ch\/"},{"@type":"ListItem","position":2,"name":"Boutique","item":"https:\/\/www.tabakversand.ch\/fr\/boutique\/"},{"@type":"ListItem","position":3,"name":"Tabac \u00e0 pipe Davidoff Br\u00e9sil 5 x 50 gr."}]},{"@type":"WebSite","@id":"https:\/\/www.tabakversand.ch\/#website","url":"https:\/\/www.tabakversand.ch\/","name":"Tabakversand.ch | Alles aus der Welt des Tabaks","description":"Smoke and carpe diem","potentialAction":[{"@type":"SearchAction","target":{"@type":"EntryPoint","urlTemplate":"https:\/\/www.tabakversand.ch\/?s={search_term_string}"},"query-input":{"@type":"PropertyValueSpecification","valueRequired":true,"valueName":"search_term_string"}}],"inLanguage":"fr-FR"}]}},"_links":{"self":[{"href":"https:\/\/www.tabakversand.ch\/fr\/wp-json\/wp\/v2\/product\/184836","targetHints":{"allow":["GET"]}}],"collection":[{"href":"https:\/\/www.tabakversand.ch\/fr\/wp-json\/wp\/v2\/product"}],"about":[{"href":"https:\/\/www.tabakversand.ch\/fr\/wp-json\/wp\/v2\/types\/product"}],"version-history":[{"count":3,"href":"https:\/\/www.tabakversand.ch\/fr\/wp-json\/wp\/v2\/product\/184836\/revisions"}],"predecessor-version":[{"id":184850,"href":"https:\/\/www.tabakversand.ch\/fr\/wp-json\/wp\/v2\/product\/184836\/revisions\/184850"}],"wp:featuredmedia":[{"embeddable":true,"href":"https:\/\/www.tabakversand.ch\/fr\/wp-json\/wp\/v2\/media\/184840"}],"wp:attachment":[{"href":"https:\/\/www.tabakversand.ch\/fr\/wp-json\/wp\/v2\/media?parent=184836"}],"wp:term":[{"taxonomy":"product_brand","embeddable":true,"href":"https:\/\/www.tabakversand.ch\/fr\/wp-json\/wp\/v2\/product_brand?post=184836"},{"taxonomy":"product_cat","embeddable":true,"href":"https:\/\/www.tabakversand.ch\/fr\/wp-json\/wp\/v2\/product_cat?post=184836"},{"taxonomy":"product_tag","embeddable":true,"href":"https:\/\/www.tabakversand.ch\/fr\/wp-json\/wp\/v2\/product_tag?post=184836"}],"curies":[{"name":"wp","href":"https:\/\/api.w.org\/{rel}","templated":true}]}}