{"id":185001,"date":"2025-06-19T13:50:25","date_gmt":"2025-06-19T11:50:25","guid":{"rendered":"https:\/\/www.tabakversand.ch\/?post_type=product&#038;p=185001"},"modified":"2026-02-04T10:23:01","modified_gmt":"2026-02-04T09:23:01","slug":"melange-de-garnitures-hempiriques-premium-8-gr","status":"publish","type":"product","link":"https:\/\/www.tabakversand.ch\/fr\/produit\/melange-de-garnitures-hempiriques-premium-8-gr\/","title":{"rendered":"M\u00e9lange de garnitures Hempiric Premium 8 g."},"content":{"rendered":"<p>M\u00e9lange de garnitures Hempiric Premium 8 g.<\/p>\n<p>Les r\u00e9sidus de la r\u00e9colte de nos fleurs sont transform\u00e9s en un m\u00e9lange de manucure de haute qualit\u00e9. Ce proc\u00e9d\u00e9 est non seulement \u00e9cologique, mais aussi \u00e9conomique. Trim Mix est con\u00e7u comme substitut du tabac et est compos\u00e9 \u00e0 100 % de CBD cultiv\u00e9 en int\u00e9rieur.  <\/p>\n<p>En bref&nbsp;:<\/p>\n<p>Culture : Int\u00e9rieure<\/p>\n<p>Le processus de s\u00e9chage suit une maturation stricte et prolong\u00e9e \u00e0 basse temp\u00e9rature.<\/p>\n<p>Les plantes sont seulement rinc\u00e9es \u00e0 l&rsquo;eau deux semaines avant la r\u00e9colte afin d&rsquo;\u00e9liminer tout r\u00e9sidu d&rsquo;engrais.<\/p>\n<p>Le produit a \u00e9t\u00e9 trait\u00e9 sans agents chimiques.<\/p>\n<p>Caract\u00e9ristiques du produit&nbsp;:<\/p>\n<p>60 % Sativa | 40 % Indica<\/p>\n<p>CBD \u2248 23 % | THC&lt; 1%<\/p>\n<p>Contenu : 8 grammes<\/p>\n<p>Emballage&nbsp;: Largeur 8&nbsp;cm \/ Hauteur&nbsp;: 12,5&nbsp;cm<\/p>\n<p>Go\u00fbt : Intense, note sucr\u00e9e<\/p>\n<p>Ne contient ni tabac ni nicotine<\/p>\n<p>&nbsp;<\/p>\n<p>Tous les prix s&rsquo;appliquent uniquement aux commandes en ligne et incluent la TVA. Sous r\u00e9serve de modifications sans pr\u00e9avis, frais de livraison en sus. Sous r\u00e9serve d&rsquo;erreurs, de modifications de contenu de livraison et de conception, de fautes d&rsquo;impression et de modifications de prix. Les prix barr\u00e9s sont des prix de remplacement. Les illustrations peuvent diff\u00e9rer de l&rsquo;original\/du contenu de livraison.<br \/>\n*Livraison gratuite pour les commandes sup\u00e9rieures \u00e0 CHF 250.-.<\/p>\n","protected":false},"excerpt":{"rendered":"<p>M\u00e9lange de garnitures Hempiric Premium 8 g. Les r\u00e9sidus de la r\u00e9colte de nos fleurs sont transform\u00e9s en un m\u00e9lange de manucure de haute qualit\u00e9. Ce proc\u00e9d\u00e9 est non seulement \u00e9cologique, mais aussi \u00e9conomique. Trim Mix est con\u00e7u comme substitut du tabac et est compos\u00e9 \u00e0 100 % de CBD cultiv\u00e9 en int\u00e9rieur. En bref&nbsp;: [&hellip;]<\/p>\n","protected":false},"featured_media":185005,"template":"","meta":[],"product_brand":[5238],"product_cat":[3219,2101,1995],"product_tag":[],"class_list":{"0":"post-185001","1":"product","2":"type-product","3":"status-publish","4":"has-post-thumbnail","6":"product_brand-hempiric","7":"product_cat-boutique-de-tete","8":"product_cat-chanvre-cbd","9":"product_cat-divers-headshop","11":"first","12":"onbackorder","13":"purchasable","14":"product-type-simple"},"yoast_head":"<!-- This site is optimized with the Yoast SEO plugin v27.0 - https:\/\/yoast.com\/product\/yoast-seo-wordpress\/ -->\n<title>M\u00e9lange de garnitures Hempiric Premium 8 g. - Tabakversand.ch | Alles aus der Welt des Tabaks<\/title>\n<meta name=\"description\" content=\"Hempiric Trim Mix Premium 8g | Un large choix de produits du tabac, de cigarettes \u00e9lectroniques et d&#039;accessoires pour fumeurs dans toute la Suisse | Cartes accept\u00e9es !\" \/>\n<meta name=\"robots\" content=\"index, follow, max-snippet:-1, max-image-preview:large, max-video-preview:-1\" \/>\n<link rel=\"canonical\" href=\"https:\/\/www.tabakversand.ch\/fr\/produit\/melange-de-garnitures-hempiriques-premium-8-gr\/\" \/>\n<meta property=\"og:locale\" content=\"fr_FR\" \/>\n<meta property=\"og:type\" content=\"article\" \/>\n<meta property=\"og:title\" content=\"M\u00e9lange de garnitures Hempiric Premium 8 g. - Tabakversand.ch | Alles aus der Welt des Tabaks\" \/>\n<meta property=\"og:description\" content=\"Hempiric Trim Mix Premium 8g | Un large choix de produits du tabac, de cigarettes \u00e9lectroniques et d&#039;accessoires pour fumeurs dans toute la Suisse | Cartes accept\u00e9es !\" \/>\n<meta property=\"og:url\" content=\"https:\/\/www.tabakversand.ch\/fr\/produit\/melange-de-garnitures-hempiriques-premium-8-gr\/\" \/>\n<meta property=\"og:site_name\" content=\"Tabakversand.ch | Alles aus der Welt des Tabaks\" \/>\n<meta property=\"article:modified_time\" content=\"2026-02-04T09:23:01+00:00\" \/>\n<meta property=\"og:image\" content=\"https:\/\/www.tabakversand.ch\/wp-content\/uploads\/2025\/06\/hempiric-trim-mix.jpg\" \/>\n\t<meta property=\"og:image:width\" content=\"500\" \/>\n\t<meta property=\"og:image:height\" content=\"500\" \/>\n\t<meta property=\"og:image:type\" content=\"image\/jpeg\" \/>\n<meta name=\"twitter:card\" content=\"summary_large_image\" \/>\n<meta name=\"twitter:label1\" content=\"Dur\u00e9e de lecture estim\u00e9e\" \/>\n\t<meta name=\"twitter:data1\" content=\"2 minutes\" \/>\n<script type=\"application\/ld+json\" class=\"yoast-schema-graph\">{\"@context\":\"https:\/\/schema.org\",\"@graph\":[{\"@type\":\"WebPage\",\"@id\":\"https:\/\/www.tabakversand.ch\/fr\/produit\/melange-de-garnitures-hempiriques-premium-8-gr\/\",\"url\":\"https:\/\/www.tabakversand.ch\/fr\/produit\/melange-de-garnitures-hempiriques-premium-8-gr\/\",\"name\":\"M\u00e9lange de garnitures Hempiric Premium 8 g. - Tabakversand.ch | Alles aus der Welt des Tabaks\",\"isPartOf\":{\"@id\":\"https:\/\/www.tabakversand.ch\/#website\"},\"primaryImageOfPage\":{\"@id\":\"https:\/\/www.tabakversand.ch\/fr\/produit\/melange-de-garnitures-hempiriques-premium-8-gr\/#primaryimage\"},\"image\":{\"@id\":\"https:\/\/www.tabakversand.ch\/fr\/produit\/melange-de-garnitures-hempiriques-premium-8-gr\/#primaryimage\"},\"thumbnailUrl\":\"https:\/\/www.tabakversand.ch\/wp-content\/uploads\/2025\/06\/hempiric-trim-mix.jpg\",\"datePublished\":\"2025-06-19T11:50:25+00:00\",\"dateModified\":\"2026-02-04T09:23:01+00:00\",\"description\":\"Hempiric Trim Mix Premium 8g | Un large choix de produits du tabac, de cigarettes \u00e9lectroniques et d'accessoires pour fumeurs dans toute la Suisse | Cartes accept\u00e9es !\",\"breadcrumb\":{\"@id\":\"https:\/\/www.tabakversand.ch\/fr\/produit\/melange-de-garnitures-hempiriques-premium-8-gr\/#breadcrumb\"},\"inLanguage\":\"fr-FR\",\"potentialAction\":[{\"@type\":\"ReadAction\",\"target\":[\"https:\/\/www.tabakversand.ch\/fr\/produit\/melange-de-garnitures-hempiriques-premium-8-gr\/\"]}]},{\"@type\":\"ImageObject\",\"inLanguage\":\"fr-FR\",\"@id\":\"https:\/\/www.tabakversand.ch\/fr\/produit\/melange-de-garnitures-hempiriques-premium-8-gr\/#primaryimage\",\"url\":\"https:\/\/www.tabakversand.ch\/wp-content\/uploads\/2025\/06\/hempiric-trim-mix.jpg\",\"contentUrl\":\"https:\/\/www.tabakversand.ch\/wp-content\/uploads\/2025\/06\/hempiric-trim-mix.jpg\",\"width\":500,\"height\":500,\"caption\":\"M\u00e9lange de garnitures Hempiric Premium 8 g. | Tabakversand.ch\"},{\"@type\":\"BreadcrumbList\",\"@id\":\"https:\/\/www.tabakversand.ch\/fr\/produit\/melange-de-garnitures-hempiriques-premium-8-gr\/#breadcrumb\",\"itemListElement\":[{\"@type\":\"ListItem\",\"position\":1,\"name\":\"Startseite\",\"item\":\"https:\/\/www.tabakversand.ch\/\"},{\"@type\":\"ListItem\",\"position\":2,\"name\":\"Boutique\",\"item\":\"https:\/\/www.tabakversand.ch\/fr\/boutique\/\"},{\"@type\":\"ListItem\",\"position\":3,\"name\":\"M\u00e9lange de garnitures Hempiric Premium 8 g.\"}]},{\"@type\":\"WebSite\",\"@id\":\"https:\/\/www.tabakversand.ch\/#website\",\"url\":\"https:\/\/www.tabakversand.ch\/\",\"name\":\"Tabakversand.ch | Alles aus der Welt des Tabaks\",\"description\":\"Smoke and carpe diem\",\"potentialAction\":[{\"@type\":\"SearchAction\",\"target\":{\"@type\":\"EntryPoint\",\"urlTemplate\":\"https:\/\/www.tabakversand.ch\/?s={search_term_string}\"},\"query-input\":{\"@type\":\"PropertyValueSpecification\",\"valueRequired\":true,\"valueName\":\"search_term_string\"}}],\"inLanguage\":\"fr-FR\"}]}<\/script>\n<!-- \/ Yoast SEO plugin. -->","yoast_head_json":{"title":"M\u00e9lange de garnitures Hempiric Premium 8 g. - Tabakversand.ch | Alles aus der Welt des Tabaks","description":"Hempiric Trim Mix Premium 8g | Un large choix de produits du tabac, de cigarettes \u00e9lectroniques et d'accessoires pour fumeurs dans toute la Suisse | Cartes accept\u00e9es !","robots":{"index":"index","follow":"follow","max-snippet":"max-snippet:-1","max-image-preview":"max-image-preview:large","max-video-preview":"max-video-preview:-1"},"canonical":"https:\/\/www.tabakversand.ch\/fr\/produit\/melange-de-garnitures-hempiriques-premium-8-gr\/","og_locale":"fr_FR","og_type":"article","og_title":"M\u00e9lange de garnitures Hempiric Premium 8 g. - Tabakversand.ch | Alles aus der Welt des Tabaks","og_description":"Hempiric Trim Mix Premium 8g | Un large choix de produits du tabac, de cigarettes \u00e9lectroniques et d'accessoires pour fumeurs dans toute la Suisse | Cartes accept\u00e9es !","og_url":"https:\/\/www.tabakversand.ch\/fr\/produit\/melange-de-garnitures-hempiriques-premium-8-gr\/","og_site_name":"Tabakversand.ch | Alles aus der Welt des Tabaks","article_modified_time":"2026-02-04T09:23:01+00:00","og_image":[{"width":500,"height":500,"url":"https:\/\/www.tabakversand.ch\/wp-content\/uploads\/2025\/06\/hempiric-trim-mix.jpg","type":"image\/jpeg"}],"twitter_card":"summary_large_image","twitter_misc":{"Dur\u00e9e de lecture estim\u00e9e":"2 minutes"},"schema":{"@context":"https:\/\/schema.org","@graph":[{"@type":"WebPage","@id":"https:\/\/www.tabakversand.ch\/fr\/produit\/melange-de-garnitures-hempiriques-premium-8-gr\/","url":"https:\/\/www.tabakversand.ch\/fr\/produit\/melange-de-garnitures-hempiriques-premium-8-gr\/","name":"M\u00e9lange de garnitures Hempiric Premium 8 g. - Tabakversand.ch | Alles aus der Welt des Tabaks","isPartOf":{"@id":"https:\/\/www.tabakversand.ch\/#website"},"primaryImageOfPage":{"@id":"https:\/\/www.tabakversand.ch\/fr\/produit\/melange-de-garnitures-hempiriques-premium-8-gr\/#primaryimage"},"image":{"@id":"https:\/\/www.tabakversand.ch\/fr\/produit\/melange-de-garnitures-hempiriques-premium-8-gr\/#primaryimage"},"thumbnailUrl":"https:\/\/www.tabakversand.ch\/wp-content\/uploads\/2025\/06\/hempiric-trim-mix.jpg","datePublished":"2025-06-19T11:50:25+00:00","dateModified":"2026-02-04T09:23:01+00:00","description":"Hempiric Trim Mix Premium 8g | Un large choix de produits du tabac, de cigarettes \u00e9lectroniques et d'accessoires pour fumeurs dans toute la Suisse | Cartes accept\u00e9es !","breadcrumb":{"@id":"https:\/\/www.tabakversand.ch\/fr\/produit\/melange-de-garnitures-hempiriques-premium-8-gr\/#breadcrumb"},"inLanguage":"fr-FR","potentialAction":[{"@type":"ReadAction","target":["https:\/\/www.tabakversand.ch\/fr\/produit\/melange-de-garnitures-hempiriques-premium-8-gr\/"]}]},{"@type":"ImageObject","inLanguage":"fr-FR","@id":"https:\/\/www.tabakversand.ch\/fr\/produit\/melange-de-garnitures-hempiriques-premium-8-gr\/#primaryimage","url":"https:\/\/www.tabakversand.ch\/wp-content\/uploads\/2025\/06\/hempiric-trim-mix.jpg","contentUrl":"https:\/\/www.tabakversand.ch\/wp-content\/uploads\/2025\/06\/hempiric-trim-mix.jpg","width":500,"height":500,"caption":"M\u00e9lange de garnitures Hempiric Premium 8 g. | Tabakversand.ch"},{"@type":"BreadcrumbList","@id":"https:\/\/www.tabakversand.ch\/fr\/produit\/melange-de-garnitures-hempiriques-premium-8-gr\/#breadcrumb","itemListElement":[{"@type":"ListItem","position":1,"name":"Startseite","item":"https:\/\/www.tabakversand.ch\/"},{"@type":"ListItem","position":2,"name":"Boutique","item":"https:\/\/www.tabakversand.ch\/fr\/boutique\/"},{"@type":"ListItem","position":3,"name":"M\u00e9lange de garnitures Hempiric Premium 8 g."}]},{"@type":"WebSite","@id":"https:\/\/www.tabakversand.ch\/#website","url":"https:\/\/www.tabakversand.ch\/","name":"Tabakversand.ch | Alles aus der Welt des Tabaks","description":"Smoke and carpe diem","potentialAction":[{"@type":"SearchAction","target":{"@type":"EntryPoint","urlTemplate":"https:\/\/www.tabakversand.ch\/?s={search_term_string}"},"query-input":{"@type":"PropertyValueSpecification","valueRequired":true,"valueName":"search_term_string"}}],"inLanguage":"fr-FR"}]}},"_links":{"self":[{"href":"https:\/\/www.tabakversand.ch\/fr\/wp-json\/wp\/v2\/product\/185001","targetHints":{"allow":["GET"]}}],"collection":[{"href":"https:\/\/www.tabakversand.ch\/fr\/wp-json\/wp\/v2\/product"}],"about":[{"href":"https:\/\/www.tabakversand.ch\/fr\/wp-json\/wp\/v2\/types\/product"}],"version-history":[{"count":4,"href":"https:\/\/www.tabakversand.ch\/fr\/wp-json\/wp\/v2\/product\/185001\/revisions"}],"predecessor-version":[{"id":212016,"href":"https:\/\/www.tabakversand.ch\/fr\/wp-json\/wp\/v2\/product\/185001\/revisions\/212016"}],"wp:featuredmedia":[{"embeddable":true,"href":"https:\/\/www.tabakversand.ch\/fr\/wp-json\/wp\/v2\/media\/185005"}],"wp:attachment":[{"href":"https:\/\/www.tabakversand.ch\/fr\/wp-json\/wp\/v2\/media?parent=185001"}],"wp:term":[{"taxonomy":"product_brand","embeddable":true,"href":"https:\/\/www.tabakversand.ch\/fr\/wp-json\/wp\/v2\/product_brand?post=185001"},{"taxonomy":"product_cat","embeddable":true,"href":"https:\/\/www.tabakversand.ch\/fr\/wp-json\/wp\/v2\/product_cat?post=185001"},{"taxonomy":"product_tag","embeddable":true,"href":"https:\/\/www.tabakversand.ch\/fr\/wp-json\/wp\/v2\/product_tag?post=185001"}],"curies":[{"name":"wp","href":"https:\/\/api.w.org\/{rel}","templated":true}]}}