{"id":185282,"date":"2025-06-25T16:50:29","date_gmt":"2025-06-25T14:50:29","guid":{"rendered":"https:\/\/www.tabakversand.ch\/?post_type=product&#038;p=185282"},"modified":"2025-09-17T15:22:09","modified_gmt":"2025-09-17T13:22:09","slug":"etui-a-cigares-zino-cuir-bamako-dove-xl-2-le","status":"publish","type":"product","link":"https:\/\/www.tabakversand.ch\/fr\/produit\/etui-a-cigares-zino-cuir-bamako-dove-xl-2-le\/","title":{"rendered":"Etui \u00e0 cigares Zino cuir Bamako Dove XL-2 LE"},"content":{"rendered":"<p>Etui \u00e0 cigares Zino cuir Bamako Dove XL-2 LE<\/p>\n<p>pour 2 cigares<\/p>\n<p>convient aux cigares jusqu&rsquo;au format Toro<\/p>\n<p>7 cm x 18 cm variable<\/p>\n<p>\u00c9dition limit\u00e9e<\/p>\n<p>Attention : l\u00e9g\u00e8re d\u00e9viation de couleur<\/p>\n<p>Tous les prix s&rsquo;appliquent uniquement aux commandes en ligne et incluent la TVA. Sous r\u00e9serve de modifications sans pr\u00e9avis, frais de livraison en sus. Sous r\u00e9serve d&rsquo;erreurs, de modifications de contenu de livraison et de conception, de fautes d&rsquo;impression et de modifications de prix. Les prix barr\u00e9s sont des prix de remplacement. Les illustrations peuvent diff\u00e9rer de l&rsquo;original\/du contenu de livraison.<br \/>\n*Livraison gratuite pour les commandes sup\u00e9rieures \u00e0 CHF 250.-.<\/p>\n","protected":false},"excerpt":{"rendered":"<p>Etui \u00e0 cigares Zino cuir Bamako Dove XL-2 LE pour 2 cigares convient aux cigares jusqu&rsquo;au format Toro 7 cm x 18 cm variable \u00c9dition limit\u00e9e Attention : l\u00e9g\u00e8re d\u00e9viation de couleur Tous les prix s&rsquo;appliquent uniquement aux commandes en ligne et incluent la TVA. Sous r\u00e9serve de modifications sans pr\u00e9avis, frais de livraison en [&hellip;]<\/p>\n","protected":false},"featured_media":200267,"template":"","meta":[],"product_brand":[1546],"product_cat":[2119,1995,2398,1994,3208],"product_tag":[],"class_list":{"0":"post-185282","1":"product","2":"type-product","3":"status-publish","4":"has-post-thumbnail","6":"product_brand-zino","7":"product_cat-accessoires-pour-cigares","8":"product_cat-divers-headshop","9":"product_cat-etui-a-cigares","10":"product_cat-monde-du-cigare","11":"product_cat-offres","13":"first","14":"instock","15":"sale","16":"purchasable","17":"product-type-simple"},"yoast_head":"<!-- This site is optimized with the Yoast SEO plugin v27.5 - https:\/\/yoast.com\/product\/yoast-seo-wordpress\/ -->\n<title>Etui \u00e0 cigares Zino cuir Bamako Dove XL-2 LE - Tabakversand.ch | Alles aus der Welt des Tabaks<\/title>\n<meta name=\"description\" content=\"\u00c9tui \u00e0 cigares Zino Cuir Bamako Dove XL-2 LE | Un grand choix de produits du tabac, e-smoke et accessoires pour fumeurs dans toute la Suisse | Cartes accept\u00e9es !\" \/>\n<meta name=\"robots\" content=\"index, follow, max-snippet:-1, max-image-preview:large, max-video-preview:-1\" \/>\n<link rel=\"canonical\" href=\"https:\/\/www.tabakversand.ch\/produit\/zino-zigarrenetui-leder-bamako-taube-xl-2-le\/\" \/>\n<meta property=\"og:locale\" content=\"fr_FR\" \/>\n<meta property=\"og:type\" content=\"article\" \/>\n<meta property=\"og:title\" content=\"Etui \u00e0 cigares Zino cuir Bamako Dove XL-2 LE - Tabakversand.ch | Alles aus der Welt des Tabaks\" \/>\n<meta property=\"og:description\" content=\"\u00c9tui \u00e0 cigares Zino Cuir Bamako Dove XL-2 LE | Un grand choix de produits du tabac, e-smoke et accessoires pour fumeurs dans toute la Suisse | Cartes accept\u00e9es !\" \/>\n<meta property=\"og:url\" content=\"https:\/\/www.tabakversand.ch\/produit\/zino-zigarrenetui-leder-bamako-taube-xl-2-le\/\" \/>\n<meta property=\"og:site_name\" content=\"Tabakversand.ch | Alles aus der Welt des Tabaks\" \/>\n<meta property=\"article:modified_time\" content=\"2025-09-17T13:22:09+00:00\" \/>\n<meta property=\"og:image\" content=\"https:\/\/www.tabakversand.ch\/wp-content\/uploads\/2025\/06\/zino-zigarrenetui-bamako-taube-xl-2-.jpg\" \/>\n\t<meta property=\"og:image:width\" content=\"500\" \/>\n\t<meta property=\"og:image:height\" content=\"500\" \/>\n\t<meta property=\"og:image:type\" content=\"image\/jpeg\" \/>\n<meta name=\"twitter:card\" content=\"summary_large_image\" \/>\n<meta name=\"twitter:label1\" content=\"Dur\u00e9e de lecture estim\u00e9e\" \/>\n\t<meta name=\"twitter:data1\" content=\"1 minute\" \/>\n<script type=\"application\/ld+json\" class=\"yoast-schema-graph\">{\"@context\":\"https:\\\/\\\/schema.org\",\"@graph\":[{\"@type\":\"WebPage\",\"@id\":\"https:\\\/\\\/www.tabakversand.ch\\\/produit\\\/zino-zigarrenetui-leder-bamako-taube-xl-2-le\\\/\",\"url\":\"https:\\\/\\\/www.tabakversand.ch\\\/produit\\\/zino-zigarrenetui-leder-bamako-taube-xl-2-le\\\/\",\"name\":\"Etui \u00e0 cigares Zino cuir Bamako Dove XL-2 LE - Tabakversand.ch | Alles aus der Welt des Tabaks\",\"isPartOf\":{\"@id\":\"https:\\\/\\\/www.tabakversand.ch\\\/#website\"},\"primaryImageOfPage\":{\"@id\":\"https:\\\/\\\/www.tabakversand.ch\\\/produit\\\/zino-zigarrenetui-leder-bamako-taube-xl-2-le\\\/#primaryimage\"},\"image\":{\"@id\":\"https:\\\/\\\/www.tabakversand.ch\\\/produit\\\/zino-zigarrenetui-leder-bamako-taube-xl-2-le\\\/#primaryimage\"},\"thumbnailUrl\":\"https:\\\/\\\/www.tabakversand.ch\\\/wp-content\\\/uploads\\\/2025\\\/06\\\/zino-zigarrenetui-bamako-taube-xl-2-.jpg\",\"datePublished\":\"2025-06-25T14:50:29+00:00\",\"dateModified\":\"2025-09-17T13:22:09+00:00\",\"description\":\"\u00c9tui \u00e0 cigares Zino Cuir Bamako Dove XL-2 LE | Un grand choix de produits du tabac, e-smoke et accessoires pour fumeurs dans toute la Suisse | Cartes accept\u00e9es !\",\"breadcrumb\":{\"@id\":\"https:\\\/\\\/www.tabakversand.ch\\\/produit\\\/zino-zigarrenetui-leder-bamako-taube-xl-2-le\\\/#breadcrumb\"},\"inLanguage\":\"fr-FR\",\"potentialAction\":[{\"@type\":\"ReadAction\",\"target\":[\"https:\\\/\\\/www.tabakversand.ch\\\/produit\\\/zino-zigarrenetui-leder-bamako-taube-xl-2-le\\\/\"]}]},{\"@type\":\"ImageObject\",\"inLanguage\":\"fr-FR\",\"@id\":\"https:\\\/\\\/www.tabakversand.ch\\\/produit\\\/zino-zigarrenetui-leder-bamako-taube-xl-2-le\\\/#primaryimage\",\"url\":\"https:\\\/\\\/www.tabakversand.ch\\\/wp-content\\\/uploads\\\/2025\\\/06\\\/zino-zigarrenetui-bamako-taube-xl-2-.jpg\",\"contentUrl\":\"https:\\\/\\\/www.tabakversand.ch\\\/wp-content\\\/uploads\\\/2025\\\/06\\\/zino-zigarrenetui-bamako-taube-xl-2-.jpg\",\"width\":500,\"height\":500,\"caption\":\"Etui \u00e0 cigares Zino cuir Bamako Dove XL-2 LE | tabakversand.ch\"},{\"@type\":\"BreadcrumbList\",\"@id\":\"https:\\\/\\\/www.tabakversand.ch\\\/produit\\\/zino-zigarrenetui-leder-bamako-taube-xl-2-le\\\/#breadcrumb\",\"itemListElement\":[{\"@type\":\"ListItem\",\"position\":1,\"name\":\"Startseite\",\"item\":\"https:\\\/\\\/www.tabakversand.ch\\\/\"},{\"@type\":\"ListItem\",\"position\":2,\"name\":\"Boutique\",\"item\":\"https:\\\/\\\/www.tabakversand.ch\\\/fr\\\/boutique\\\/\"},{\"@type\":\"ListItem\",\"position\":3,\"name\":\"Etui \u00e0 cigares Zino cuir Bamako Dove XL-2 LE\"}]},{\"@type\":\"WebSite\",\"@id\":\"https:\\\/\\\/www.tabakversand.ch\\\/#website\",\"url\":\"https:\\\/\\\/www.tabakversand.ch\\\/\",\"name\":\"Tabakversand.ch | Alles aus der Welt des Tabaks\",\"description\":\"Smoke and carpe diem\",\"potentialAction\":[{\"@type\":\"SearchAction\",\"target\":{\"@type\":\"EntryPoint\",\"urlTemplate\":\"https:\\\/\\\/www.tabakversand.ch\\\/?s={search_term_string}\"},\"query-input\":{\"@type\":\"PropertyValueSpecification\",\"valueRequired\":true,\"valueName\":\"search_term_string\"}}],\"inLanguage\":\"fr-FR\"}]}<\/script>\n<!-- \/ Yoast SEO plugin. -->","yoast_head_json":{"title":"Etui \u00e0 cigares Zino cuir Bamako Dove XL-2 LE - Tabakversand.ch | Alles aus der Welt des Tabaks","description":"\u00c9tui \u00e0 cigares Zino Cuir Bamako Dove XL-2 LE | Un grand choix de produits du tabac, e-smoke et accessoires pour fumeurs dans toute la Suisse | Cartes accept\u00e9es !","robots":{"index":"index","follow":"follow","max-snippet":"max-snippet:-1","max-image-preview":"max-image-preview:large","max-video-preview":"max-video-preview:-1"},"canonical":"https:\/\/www.tabakversand.ch\/produit\/zino-zigarrenetui-leder-bamako-taube-xl-2-le\/","og_locale":"fr_FR","og_type":"article","og_title":"Etui \u00e0 cigares Zino cuir Bamako Dove XL-2 LE - Tabakversand.ch | Alles aus der Welt des Tabaks","og_description":"\u00c9tui \u00e0 cigares Zino Cuir Bamako Dove XL-2 LE | Un grand choix de produits du tabac, e-smoke et accessoires pour fumeurs dans toute la Suisse | Cartes accept\u00e9es !","og_url":"https:\/\/www.tabakversand.ch\/produit\/zino-zigarrenetui-leder-bamako-taube-xl-2-le\/","og_site_name":"Tabakversand.ch | Alles aus der Welt des Tabaks","article_modified_time":"2025-09-17T13:22:09+00:00","og_image":[{"width":500,"height":500,"url":"https:\/\/www.tabakversand.ch\/wp-content\/uploads\/2025\/06\/zino-zigarrenetui-bamako-taube-xl-2-.jpg","type":"image\/jpeg"}],"twitter_card":"summary_large_image","twitter_misc":{"Dur\u00e9e de lecture estim\u00e9e":"1 minute"},"schema":{"@context":"https:\/\/schema.org","@graph":[{"@type":"WebPage","@id":"https:\/\/www.tabakversand.ch\/produit\/zino-zigarrenetui-leder-bamako-taube-xl-2-le\/","url":"https:\/\/www.tabakversand.ch\/produit\/zino-zigarrenetui-leder-bamako-taube-xl-2-le\/","name":"Etui \u00e0 cigares Zino cuir Bamako Dove XL-2 LE - Tabakversand.ch | Alles aus der Welt des Tabaks","isPartOf":{"@id":"https:\/\/www.tabakversand.ch\/#website"},"primaryImageOfPage":{"@id":"https:\/\/www.tabakversand.ch\/produit\/zino-zigarrenetui-leder-bamako-taube-xl-2-le\/#primaryimage"},"image":{"@id":"https:\/\/www.tabakversand.ch\/produit\/zino-zigarrenetui-leder-bamako-taube-xl-2-le\/#primaryimage"},"thumbnailUrl":"https:\/\/www.tabakversand.ch\/wp-content\/uploads\/2025\/06\/zino-zigarrenetui-bamako-taube-xl-2-.jpg","datePublished":"2025-06-25T14:50:29+00:00","dateModified":"2025-09-17T13:22:09+00:00","description":"\u00c9tui \u00e0 cigares Zino Cuir Bamako Dove XL-2 LE | Un grand choix de produits du tabac, e-smoke et accessoires pour fumeurs dans toute la Suisse | Cartes accept\u00e9es !","breadcrumb":{"@id":"https:\/\/www.tabakversand.ch\/produit\/zino-zigarrenetui-leder-bamako-taube-xl-2-le\/#breadcrumb"},"inLanguage":"fr-FR","potentialAction":[{"@type":"ReadAction","target":["https:\/\/www.tabakversand.ch\/produit\/zino-zigarrenetui-leder-bamako-taube-xl-2-le\/"]}]},{"@type":"ImageObject","inLanguage":"fr-FR","@id":"https:\/\/www.tabakversand.ch\/produit\/zino-zigarrenetui-leder-bamako-taube-xl-2-le\/#primaryimage","url":"https:\/\/www.tabakversand.ch\/wp-content\/uploads\/2025\/06\/zino-zigarrenetui-bamako-taube-xl-2-.jpg","contentUrl":"https:\/\/www.tabakversand.ch\/wp-content\/uploads\/2025\/06\/zino-zigarrenetui-bamako-taube-xl-2-.jpg","width":500,"height":500,"caption":"Etui \u00e0 cigares Zino cuir Bamako Dove XL-2 LE | tabakversand.ch"},{"@type":"BreadcrumbList","@id":"https:\/\/www.tabakversand.ch\/produit\/zino-zigarrenetui-leder-bamako-taube-xl-2-le\/#breadcrumb","itemListElement":[{"@type":"ListItem","position":1,"name":"Startseite","item":"https:\/\/www.tabakversand.ch\/"},{"@type":"ListItem","position":2,"name":"Boutique","item":"https:\/\/www.tabakversand.ch\/fr\/boutique\/"},{"@type":"ListItem","position":3,"name":"Etui \u00e0 cigares Zino cuir Bamako Dove XL-2 LE"}]},{"@type":"WebSite","@id":"https:\/\/www.tabakversand.ch\/#website","url":"https:\/\/www.tabakversand.ch\/","name":"Tabakversand.ch | Alles aus der Welt des Tabaks","description":"Smoke and carpe diem","potentialAction":[{"@type":"SearchAction","target":{"@type":"EntryPoint","urlTemplate":"https:\/\/www.tabakversand.ch\/?s={search_term_string}"},"query-input":{"@type":"PropertyValueSpecification","valueRequired":true,"valueName":"search_term_string"}}],"inLanguage":"fr-FR"}]}},"_links":{"self":[{"href":"https:\/\/www.tabakversand.ch\/fr\/wp-json\/wp\/v2\/product\/185282","targetHints":{"allow":["GET"]}}],"collection":[{"href":"https:\/\/www.tabakversand.ch\/fr\/wp-json\/wp\/v2\/product"}],"about":[{"href":"https:\/\/www.tabakversand.ch\/fr\/wp-json\/wp\/v2\/types\/product"}],"version-history":[{"count":3,"href":"https:\/\/www.tabakversand.ch\/fr\/wp-json\/wp\/v2\/product\/185282\/revisions"}],"predecessor-version":[{"id":200278,"href":"https:\/\/www.tabakversand.ch\/fr\/wp-json\/wp\/v2\/product\/185282\/revisions\/200278"}],"wp:featuredmedia":[{"embeddable":true,"href":"https:\/\/www.tabakversand.ch\/fr\/wp-json\/wp\/v2\/media\/200267"}],"wp:attachment":[{"href":"https:\/\/www.tabakversand.ch\/fr\/wp-json\/wp\/v2\/media?parent=185282"}],"wp:term":[{"taxonomy":"product_brand","embeddable":true,"href":"https:\/\/www.tabakversand.ch\/fr\/wp-json\/wp\/v2\/product_brand?post=185282"},{"taxonomy":"product_cat","embeddable":true,"href":"https:\/\/www.tabakversand.ch\/fr\/wp-json\/wp\/v2\/product_cat?post=185282"},{"taxonomy":"product_tag","embeddable":true,"href":"https:\/\/www.tabakversand.ch\/fr\/wp-json\/wp\/v2\/product_tag?post=185282"}],"curies":[{"name":"wp","href":"https:\/\/api.w.org\/{rel}","templated":true}]}}