{"id":186042,"date":"2025-07-04T11:20:52","date_gmt":"2025-07-04T09:20:52","guid":{"rendered":"https:\/\/www.tabakversand.ch\/?post_type=product&#038;p=186042"},"modified":"2025-09-08T13:52:43","modified_gmt":"2025-09-08T11:52:43","slug":"machine-a-cigarettes-ocb-mikromatic","status":"publish","type":"product","link":"https:\/\/www.tabakversand.ch\/fr\/produit\/machine-a-cigarettes-ocb-mikromatic\/","title":{"rendered":"Machine \u00e0 cigarettes OCB Mikromatic"},"content":{"rendered":"<p>Machine \u00e0 cigarettes OCB Mikromatic<\/p>\n<p>Mikromatic &#8211; probablement la meilleure machine \u00e0 remplir \u00e0 la main dans ce segment de prix.<br \/>\n La nouvelle machine \u00e0 rouler les cigarettes la plus vendue d&rsquo;OCB.<br \/>\n Le bo\u00eetier est enti\u00e8rement en m\u00e9tal et la surface est chrom\u00e9e.<br \/>\n Tr\u00e8s stable sur la table. Base en caoutchouc antid\u00e9rapante sur toute la surface.<br \/>\n Comprend un jeu de 2 pi\u00e8ces de rechange  <\/p>\n<p>Fabrication de premi\u00e8re classe<br \/>\n La machine est incomparable \u00e0 quoi que ce soit.<br \/>\n Permet non seulement d&rsquo;\u00e9conomiser du temps mais aussi de l&rsquo;argent<\/p>\n<p>Tous les prix s&rsquo;appliquent uniquement aux commandes en ligne et incluent la TVA. Sous r\u00e9serve de modifications sans pr\u00e9avis, frais de livraison en sus. Sous r\u00e9serve d&rsquo;erreurs, de modifications de contenu de livraison et de conception, de fautes d&rsquo;impression et de modifications de prix. Les prix barr\u00e9s sont des prix de remplacement. Les illustrations peuvent diff\u00e9rer de l&rsquo;original\/du contenu de livraison.<br \/>\n*Livraison gratuite pour les commandes sup\u00e9rieures \u00e0 CHF 250.-.<\/p>\n","protected":false},"excerpt":{"rendered":"<p>Machine \u00e0 cigarettes OCB Mikromatic Mikromatic &#8211; probablement la meilleure machine \u00e0 remplir \u00e0 la main dans ce segment de prix. La nouvelle machine \u00e0 rouler les cigarettes la plus vendue d&rsquo;OCB. Le bo\u00eetier est enti\u00e8rement en m\u00e9tal et la surface est chrom\u00e9e. Tr\u00e8s stable sur la table. Base en caoutchouc antid\u00e9rapante sur toute la [&hellip;]<\/p>\n","protected":false},"featured_media":186046,"template":"","meta":[],"product_brand":[1556],"product_cat":[1961,2019],"product_tag":[],"class_list":{"0":"post-186042","1":"product","2":"type-product","3":"status-publish","4":"has-post-thumbnail","6":"product_brand-ocb","7":"product_cat-cigarettes-self-made-fr-2","8":"product_cat-fabricant-de-cigarettes","10":"first","11":"onbackorder","12":"featured","13":"purchasable","14":"product-type-simple"},"yoast_head":"<!-- This site is optimized with the Yoast SEO plugin v27.5 - https:\/\/yoast.com\/product\/yoast-seo-wordpress\/ -->\n<title>Machine \u00e0 cigarettes OCB Mikromatic - Tabakversand.ch | Alles aus der Welt des Tabaks<\/title>\n<meta name=\"description\" content=\"Fabricant de cigarettes OCB Mikromatic | Un grand choix de produits du tabac, de cigarettes \u00e9lectroniques et d&#039;accessoires pour fumeurs dans toute la Suisse | Cartes accept\u00e9es !\" \/>\n<meta name=\"robots\" content=\"index, follow, max-snippet:-1, max-image-preview:large, max-video-preview:-1\" \/>\n<link rel=\"canonical\" href=\"https:\/\/www.tabakversand.ch\/fr\/produit\/machine-a-cigarettes-ocb-mikromatic\/\" \/>\n<meta property=\"og:locale\" content=\"fr_FR\" \/>\n<meta property=\"og:type\" content=\"article\" \/>\n<meta property=\"og:title\" content=\"Machine \u00e0 cigarettes OCB Mikromatic - Tabakversand.ch | Alles aus der Welt des Tabaks\" \/>\n<meta property=\"og:description\" content=\"Fabricant de cigarettes OCB Mikromatic | Un grand choix de produits du tabac, de cigarettes \u00e9lectroniques et d&#039;accessoires pour fumeurs dans toute la Suisse | Cartes accept\u00e9es !\" \/>\n<meta property=\"og:url\" content=\"https:\/\/www.tabakversand.ch\/fr\/produit\/machine-a-cigarettes-ocb-mikromatic\/\" \/>\n<meta property=\"og:site_name\" content=\"Tabakversand.ch | Alles aus der Welt des Tabaks\" \/>\n<meta property=\"article:modified_time\" content=\"2025-09-08T11:52:43+00:00\" \/>\n<meta property=\"og:image\" content=\"https:\/\/www.tabakversand.ch\/wp-content\/uploads\/2025\/07\/ocb-mikro-matic-zigarettenfertiger.jpg\" \/>\n\t<meta property=\"og:image:width\" content=\"500\" \/>\n\t<meta property=\"og:image:height\" content=\"500\" \/>\n\t<meta property=\"og:image:type\" content=\"image\/jpeg\" \/>\n<meta name=\"twitter:card\" content=\"summary_large_image\" \/>\n<meta name=\"twitter:label1\" content=\"Dur\u00e9e de lecture estim\u00e9e\" \/>\n\t<meta name=\"twitter:data1\" content=\"2 minutes\" \/>\n<script type=\"application\/ld+json\" class=\"yoast-schema-graph\">{\"@context\":\"https:\\\/\\\/schema.org\",\"@graph\":[{\"@type\":\"WebPage\",\"@id\":\"https:\\\/\\\/www.tabakversand.ch\\\/fr\\\/produit\\\/machine-a-cigarettes-ocb-mikromatic\\\/\",\"url\":\"https:\\\/\\\/www.tabakversand.ch\\\/fr\\\/produit\\\/machine-a-cigarettes-ocb-mikromatic\\\/\",\"name\":\"Machine \u00e0 cigarettes OCB Mikromatic - Tabakversand.ch | Alles aus der Welt des Tabaks\",\"isPartOf\":{\"@id\":\"https:\\\/\\\/www.tabakversand.ch\\\/#website\"},\"primaryImageOfPage\":{\"@id\":\"https:\\\/\\\/www.tabakversand.ch\\\/fr\\\/produit\\\/machine-a-cigarettes-ocb-mikromatic\\\/#primaryimage\"},\"image\":{\"@id\":\"https:\\\/\\\/www.tabakversand.ch\\\/fr\\\/produit\\\/machine-a-cigarettes-ocb-mikromatic\\\/#primaryimage\"},\"thumbnailUrl\":\"https:\\\/\\\/www.tabakversand.ch\\\/wp-content\\\/uploads\\\/2025\\\/07\\\/ocb-mikro-matic-zigarettenfertiger.jpg\",\"datePublished\":\"2025-07-04T09:20:52+00:00\",\"dateModified\":\"2025-09-08T11:52:43+00:00\",\"description\":\"Fabricant de cigarettes OCB Mikromatic | Un grand choix de produits du tabac, de cigarettes \u00e9lectroniques et d'accessoires pour fumeurs dans toute la Suisse | Cartes accept\u00e9es !\",\"breadcrumb\":{\"@id\":\"https:\\\/\\\/www.tabakversand.ch\\\/fr\\\/produit\\\/machine-a-cigarettes-ocb-mikromatic\\\/#breadcrumb\"},\"inLanguage\":\"fr-FR\",\"potentialAction\":[{\"@type\":\"ReadAction\",\"target\":[\"https:\\\/\\\/www.tabakversand.ch\\\/fr\\\/produit\\\/machine-a-cigarettes-ocb-mikromatic\\\/\"]}]},{\"@type\":\"ImageObject\",\"inLanguage\":\"fr-FR\",\"@id\":\"https:\\\/\\\/www.tabakversand.ch\\\/fr\\\/produit\\\/machine-a-cigarettes-ocb-mikromatic\\\/#primaryimage\",\"url\":\"https:\\\/\\\/www.tabakversand.ch\\\/wp-content\\\/uploads\\\/2025\\\/07\\\/ocb-mikro-matic-zigarettenfertiger.jpg\",\"contentUrl\":\"https:\\\/\\\/www.tabakversand.ch\\\/wp-content\\\/uploads\\\/2025\\\/07\\\/ocb-mikro-matic-zigarettenfertiger.jpg\",\"width\":500,\"height\":500,\"caption\":\"Machine \u00e0 cigarettes OCB MikroMatic | Tabakversand.ch\"},{\"@type\":\"BreadcrumbList\",\"@id\":\"https:\\\/\\\/www.tabakversand.ch\\\/fr\\\/produit\\\/machine-a-cigarettes-ocb-mikromatic\\\/#breadcrumb\",\"itemListElement\":[{\"@type\":\"ListItem\",\"position\":1,\"name\":\"Startseite\",\"item\":\"https:\\\/\\\/www.tabakversand.ch\\\/\"},{\"@type\":\"ListItem\",\"position\":2,\"name\":\"Boutique\",\"item\":\"https:\\\/\\\/www.tabakversand.ch\\\/fr\\\/boutique\\\/\"},{\"@type\":\"ListItem\",\"position\":3,\"name\":\"Machine \u00e0 cigarettes OCB Mikromatic\"}]},{\"@type\":\"WebSite\",\"@id\":\"https:\\\/\\\/www.tabakversand.ch\\\/#website\",\"url\":\"https:\\\/\\\/www.tabakversand.ch\\\/\",\"name\":\"Tabakversand.ch | Alles aus der Welt des Tabaks\",\"description\":\"Smoke and carpe diem\",\"potentialAction\":[{\"@type\":\"SearchAction\",\"target\":{\"@type\":\"EntryPoint\",\"urlTemplate\":\"https:\\\/\\\/www.tabakversand.ch\\\/?s={search_term_string}\"},\"query-input\":{\"@type\":\"PropertyValueSpecification\",\"valueRequired\":true,\"valueName\":\"search_term_string\"}}],\"inLanguage\":\"fr-FR\"}]}<\/script>\n<!-- \/ Yoast SEO plugin. -->","yoast_head_json":{"title":"Machine \u00e0 cigarettes OCB Mikromatic - Tabakversand.ch | Alles aus der Welt des Tabaks","description":"Fabricant de cigarettes OCB Mikromatic | Un grand choix de produits du tabac, de cigarettes \u00e9lectroniques et d'accessoires pour fumeurs dans toute la Suisse | Cartes accept\u00e9es !","robots":{"index":"index","follow":"follow","max-snippet":"max-snippet:-1","max-image-preview":"max-image-preview:large","max-video-preview":"max-video-preview:-1"},"canonical":"https:\/\/www.tabakversand.ch\/fr\/produit\/machine-a-cigarettes-ocb-mikromatic\/","og_locale":"fr_FR","og_type":"article","og_title":"Machine \u00e0 cigarettes OCB Mikromatic - Tabakversand.ch | Alles aus der Welt des Tabaks","og_description":"Fabricant de cigarettes OCB Mikromatic | Un grand choix de produits du tabac, de cigarettes \u00e9lectroniques et d'accessoires pour fumeurs dans toute la Suisse | Cartes accept\u00e9es !","og_url":"https:\/\/www.tabakversand.ch\/fr\/produit\/machine-a-cigarettes-ocb-mikromatic\/","og_site_name":"Tabakversand.ch | Alles aus der Welt des Tabaks","article_modified_time":"2025-09-08T11:52:43+00:00","og_image":[{"width":500,"height":500,"url":"https:\/\/www.tabakversand.ch\/wp-content\/uploads\/2025\/07\/ocb-mikro-matic-zigarettenfertiger.jpg","type":"image\/jpeg"}],"twitter_card":"summary_large_image","twitter_misc":{"Dur\u00e9e de lecture estim\u00e9e":"2 minutes"},"schema":{"@context":"https:\/\/schema.org","@graph":[{"@type":"WebPage","@id":"https:\/\/www.tabakversand.ch\/fr\/produit\/machine-a-cigarettes-ocb-mikromatic\/","url":"https:\/\/www.tabakversand.ch\/fr\/produit\/machine-a-cigarettes-ocb-mikromatic\/","name":"Machine \u00e0 cigarettes OCB Mikromatic - Tabakversand.ch | Alles aus der Welt des Tabaks","isPartOf":{"@id":"https:\/\/www.tabakversand.ch\/#website"},"primaryImageOfPage":{"@id":"https:\/\/www.tabakversand.ch\/fr\/produit\/machine-a-cigarettes-ocb-mikromatic\/#primaryimage"},"image":{"@id":"https:\/\/www.tabakversand.ch\/fr\/produit\/machine-a-cigarettes-ocb-mikromatic\/#primaryimage"},"thumbnailUrl":"https:\/\/www.tabakversand.ch\/wp-content\/uploads\/2025\/07\/ocb-mikro-matic-zigarettenfertiger.jpg","datePublished":"2025-07-04T09:20:52+00:00","dateModified":"2025-09-08T11:52:43+00:00","description":"Fabricant de cigarettes OCB Mikromatic | Un grand choix de produits du tabac, de cigarettes \u00e9lectroniques et d'accessoires pour fumeurs dans toute la Suisse | Cartes accept\u00e9es !","breadcrumb":{"@id":"https:\/\/www.tabakversand.ch\/fr\/produit\/machine-a-cigarettes-ocb-mikromatic\/#breadcrumb"},"inLanguage":"fr-FR","potentialAction":[{"@type":"ReadAction","target":["https:\/\/www.tabakversand.ch\/fr\/produit\/machine-a-cigarettes-ocb-mikromatic\/"]}]},{"@type":"ImageObject","inLanguage":"fr-FR","@id":"https:\/\/www.tabakversand.ch\/fr\/produit\/machine-a-cigarettes-ocb-mikromatic\/#primaryimage","url":"https:\/\/www.tabakversand.ch\/wp-content\/uploads\/2025\/07\/ocb-mikro-matic-zigarettenfertiger.jpg","contentUrl":"https:\/\/www.tabakversand.ch\/wp-content\/uploads\/2025\/07\/ocb-mikro-matic-zigarettenfertiger.jpg","width":500,"height":500,"caption":"Machine \u00e0 cigarettes OCB MikroMatic | Tabakversand.ch"},{"@type":"BreadcrumbList","@id":"https:\/\/www.tabakversand.ch\/fr\/produit\/machine-a-cigarettes-ocb-mikromatic\/#breadcrumb","itemListElement":[{"@type":"ListItem","position":1,"name":"Startseite","item":"https:\/\/www.tabakversand.ch\/"},{"@type":"ListItem","position":2,"name":"Boutique","item":"https:\/\/www.tabakversand.ch\/fr\/boutique\/"},{"@type":"ListItem","position":3,"name":"Machine \u00e0 cigarettes OCB Mikromatic"}]},{"@type":"WebSite","@id":"https:\/\/www.tabakversand.ch\/#website","url":"https:\/\/www.tabakversand.ch\/","name":"Tabakversand.ch | Alles aus der Welt des Tabaks","description":"Smoke and carpe diem","potentialAction":[{"@type":"SearchAction","target":{"@type":"EntryPoint","urlTemplate":"https:\/\/www.tabakversand.ch\/?s={search_term_string}"},"query-input":{"@type":"PropertyValueSpecification","valueRequired":true,"valueName":"search_term_string"}}],"inLanguage":"fr-FR"}]}},"_links":{"self":[{"href":"https:\/\/www.tabakversand.ch\/fr\/wp-json\/wp\/v2\/product\/186042","targetHints":{"allow":["GET"]}}],"collection":[{"href":"https:\/\/www.tabakversand.ch\/fr\/wp-json\/wp\/v2\/product"}],"about":[{"href":"https:\/\/www.tabakversand.ch\/fr\/wp-json\/wp\/v2\/types\/product"}],"version-history":[{"count":4,"href":"https:\/\/www.tabakversand.ch\/fr\/wp-json\/wp\/v2\/product\/186042\/revisions"}],"predecessor-version":[{"id":198193,"href":"https:\/\/www.tabakversand.ch\/fr\/wp-json\/wp\/v2\/product\/186042\/revisions\/198193"}],"wp:featuredmedia":[{"embeddable":true,"href":"https:\/\/www.tabakversand.ch\/fr\/wp-json\/wp\/v2\/media\/186046"}],"wp:attachment":[{"href":"https:\/\/www.tabakversand.ch\/fr\/wp-json\/wp\/v2\/media?parent=186042"}],"wp:term":[{"taxonomy":"product_brand","embeddable":true,"href":"https:\/\/www.tabakversand.ch\/fr\/wp-json\/wp\/v2\/product_brand?post=186042"},{"taxonomy":"product_cat","embeddable":true,"href":"https:\/\/www.tabakversand.ch\/fr\/wp-json\/wp\/v2\/product_cat?post=186042"},{"taxonomy":"product_tag","embeddable":true,"href":"https:\/\/www.tabakversand.ch\/fr\/wp-json\/wp\/v2\/product_tag?post=186042"}],"curies":[{"name":"wp","href":"https:\/\/api.w.org\/{rel}","templated":true}]}}