{"id":187458,"date":"2025-07-10T12:15:31","date_gmt":"2025-07-10T10:15:31","guid":{"rendered":"https:\/\/www.tabakversand.ch\/?post_type=product&#038;p=187458"},"modified":"2026-03-31T14:39:35","modified_gmt":"2026-03-31T12:39:35","slug":"kit-4-en-1-elf-bar","status":"publish","type":"product","link":"https:\/\/www.tabakversand.ch\/fr\/produit\/kit-4-en-1-elf-bar\/","title":{"rendered":"Kit 4 en 1 Elf Bar"},"content":{"rendered":"<p>Kit 4 en 1 Elf Bar<\/p>\n<p>D\u00e9couvrez le syst\u00e8me r\u00e9volutionnaire de dosettes Elfbar 4-en-1&nbsp;: le choix id\u00e9al pour ceux qui aiment varier les plaisirs sans sacrifier la praticit\u00e9. Cet appareil innovant vous permet de changer facilement de dosettes sans avoir \u00e0 les remplacer \u00e0 chaque fois. Un simple tour suffit pour savourer votre prochaine saveur pr\u00e9f\u00e9r\u00e9e.  <\/p>\n<p>Deux modes pour votre exp\u00e9rience de vapotage<\/p>\n<ul>\n<li>Mode normal : pleine puissance pour une saveur intense et une vapeur dense.<\/li>\n<li>Mode Eco : \u00e9conome en \u00e9nergie et doux pour une dur\u00e9e de vie de la batterie plus longue \u2013 parfait pour une utilisation quotidienne.<\/li>\n<\/ul>\n<p>Pourquoi le syst\u00e8me de pod Elfbar 4 en 1 ?<\/p>\n<ul>\n<li>Quatre saveurs dans un seul appareil<\/li>\n<li>Commutation facile via le m\u00e9canisme de s\u00e9lection<\/li>\n<li>Deux modes de vapeur \u2013 r\u00e9glables individuellement<\/li>\n<li>Compact, \u00e9l\u00e9gant et convivial<\/li>\n<\/ul>\n<p>Tous les prix s&rsquo;appliquent uniquement aux commandes en ligne et incluent la TVA. Sous r\u00e9serve de modifications sans pr\u00e9avis, frais de livraison en sus. Sous r\u00e9serve d&rsquo;erreurs, de modifications de contenu de livraison et de conception, de fautes d&rsquo;impression et de modifications de prix. Les prix barr\u00e9s sont des prix de remplacement. Les illustrations peuvent diff\u00e9rer de l&rsquo;original\/du contenu de livraison.<br \/>\n*Livraison gratuite pour les commandes sup\u00e9rieures \u00e0 CHF 250.-.<\/p>\n","protected":false},"excerpt":{"rendered":"<p>Kit 4 en 1 Elf Bar D\u00e9couvrez le syst\u00e8me r\u00e9volutionnaire de dosettes Elfbar 4-en-1&nbsp;: le choix id\u00e9al pour ceux qui aiment varier les plaisirs sans sacrifier la praticit\u00e9. Cet appareil innovant vous permet de changer facilement de dosettes sans avoir \u00e0 les remplacer \u00e0 chaque fois. Un simple tour suffit pour savourer votre prochaine saveur [&hellip;]<\/p>\n","protected":false},"featured_media":187462,"template":"","meta":[],"product_brand":[2951],"product_cat":[1913,1895,5566],"product_tag":[],"class_list":{"0":"post-187458","1":"product","2":"type-product","3":"status-publish","4":"has-post-thumbnail","6":"product_brand-elfbar","7":"product_cat-cigarettes-electroniques","8":"product_cat-e-fumee","9":"product_cat-kit-4-en-1-elf-bar","11":"first","12":"onbackorder","13":"featured","14":"purchasable","15":"product-type-variable"},"yoast_head":"<!-- This site is optimized with the Yoast SEO plugin v27.0 - https:\/\/yoast.com\/product\/yoast-seo-wordpress\/ -->\n<title>-<\/title>\n<meta name=\"description\" content=\"Kit Elf Bar 4 en 1 | Un grand choix de produits du tabac et d&#039;accessoires pour fumeurs dans toute la Suisse | Cartes accept\u00e9es !\" \/>\n<meta name=\"robots\" content=\"index, follow, max-snippet:-1, max-image-preview:large, max-video-preview:-1\" \/>\n<link rel=\"canonical\" href=\"https:\/\/www.tabakversand.ch\/fr\/produit\/kit-4-en-1-elf-bar\/\" \/>\n<meta property=\"og:locale\" content=\"fr_FR\" \/>\n<meta property=\"og:type\" content=\"article\" \/>\n<meta property=\"og:title\" content=\"-\" \/>\n<meta property=\"og:description\" content=\"Kit Elf Bar 4 en 1 | Un grand choix de produits du tabac et d&#039;accessoires pour fumeurs dans toute la Suisse | Cartes accept\u00e9es !\" \/>\n<meta property=\"og:url\" content=\"https:\/\/www.tabakversand.ch\/fr\/produit\/kit-4-en-1-elf-bar\/\" \/>\n<meta property=\"og:site_name\" content=\"Tabakversand.ch | Alles aus der Welt des Tabaks\" \/>\n<meta property=\"article:modified_time\" content=\"2026-03-31T12:39:35+00:00\" \/>\n<meta property=\"og:image\" content=\"https:\/\/www.tabakversand.ch\/wp-content\/uploads\/2025\/07\/elfbar-4-in-1-kit-all.jpg\" \/>\n\t<meta property=\"og:image:width\" content=\"500\" \/>\n\t<meta property=\"og:image:height\" content=\"500\" \/>\n\t<meta property=\"og:image:type\" content=\"image\/jpeg\" \/>\n<meta name=\"twitter:card\" content=\"summary_large_image\" \/>\n<meta name=\"twitter:label1\" content=\"Dur\u00e9e de lecture estim\u00e9e\" \/>\n\t<meta name=\"twitter:data1\" content=\"2 minutes\" \/>\n<script type=\"application\/ld+json\" class=\"yoast-schema-graph\">{\"@context\":\"https:\/\/schema.org\",\"@graph\":[{\"@type\":\"WebPage\",\"@id\":\"https:\/\/www.tabakversand.ch\/fr\/produit\/kit-4-en-1-elf-bar\/\",\"url\":\"https:\/\/www.tabakversand.ch\/fr\/produit\/kit-4-en-1-elf-bar\/\",\"name\":\"-\",\"isPartOf\":{\"@id\":\"https:\/\/www.tabakversand.ch\/#website\"},\"primaryImageOfPage\":{\"@id\":\"https:\/\/www.tabakversand.ch\/fr\/produit\/kit-4-en-1-elf-bar\/#primaryimage\"},\"image\":{\"@id\":\"https:\/\/www.tabakversand.ch\/fr\/produit\/kit-4-en-1-elf-bar\/#primaryimage\"},\"thumbnailUrl\":\"https:\/\/www.tabakversand.ch\/wp-content\/uploads\/2025\/07\/elfbar-4-in-1-kit-all.jpg\",\"datePublished\":\"2025-07-10T10:15:31+00:00\",\"dateModified\":\"2026-03-31T12:39:35+00:00\",\"description\":\"Kit Elf Bar 4 en 1 | Un grand choix de produits du tabac et d'accessoires pour fumeurs dans toute la Suisse | Cartes accept\u00e9es !\",\"breadcrumb\":{\"@id\":\"https:\/\/www.tabakversand.ch\/fr\/produit\/kit-4-en-1-elf-bar\/#breadcrumb\"},\"inLanguage\":\"fr-FR\",\"potentialAction\":[{\"@type\":\"ReadAction\",\"target\":[\"https:\/\/www.tabakversand.ch\/fr\/produit\/kit-4-en-1-elf-bar\/\"]}]},{\"@type\":\"ImageObject\",\"inLanguage\":\"fr-FR\",\"@id\":\"https:\/\/www.tabakversand.ch\/fr\/produit\/kit-4-en-1-elf-bar\/#primaryimage\",\"url\":\"https:\/\/www.tabakversand.ch\/wp-content\/uploads\/2025\/07\/elfbar-4-in-1-kit-all.jpg\",\"contentUrl\":\"https:\/\/www.tabakversand.ch\/wp-content\/uploads\/2025\/07\/elfbar-4-in-1-kit-all.jpg\",\"width\":500,\"height\":500,\"caption\":\"Kit 4 en 1 Elf Bar | Tabakversand.ch\"},{\"@type\":\"BreadcrumbList\",\"@id\":\"https:\/\/www.tabakversand.ch\/fr\/produit\/kit-4-en-1-elf-bar\/#breadcrumb\",\"itemListElement\":[{\"@type\":\"ListItem\",\"position\":1,\"name\":\"Startseite\",\"item\":\"https:\/\/www.tabakversand.ch\/\"},{\"@type\":\"ListItem\",\"position\":2,\"name\":\"Boutique\",\"item\":\"https:\/\/www.tabakversand.ch\/fr\/boutique\/\"},{\"@type\":\"ListItem\",\"position\":3,\"name\":\"Kit 4 en 1 Elf Bar\"}]},{\"@type\":\"WebSite\",\"@id\":\"https:\/\/www.tabakversand.ch\/#website\",\"url\":\"https:\/\/www.tabakversand.ch\/\",\"name\":\"Tabakversand.ch | Alles aus der Welt des Tabaks\",\"description\":\"Smoke and carpe diem\",\"potentialAction\":[{\"@type\":\"SearchAction\",\"target\":{\"@type\":\"EntryPoint\",\"urlTemplate\":\"https:\/\/www.tabakversand.ch\/?s={search_term_string}\"},\"query-input\":{\"@type\":\"PropertyValueSpecification\",\"valueRequired\":true,\"valueName\":\"search_term_string\"}}],\"inLanguage\":\"fr-FR\"}]}<\/script>\n<!-- \/ Yoast SEO plugin. -->","yoast_head_json":{"title":"-","description":"Kit Elf Bar 4 en 1 | Un grand choix de produits du tabac et d'accessoires pour fumeurs dans toute la Suisse | Cartes accept\u00e9es !","robots":{"index":"index","follow":"follow","max-snippet":"max-snippet:-1","max-image-preview":"max-image-preview:large","max-video-preview":"max-video-preview:-1"},"canonical":"https:\/\/www.tabakversand.ch\/fr\/produit\/kit-4-en-1-elf-bar\/","og_locale":"fr_FR","og_type":"article","og_title":"-","og_description":"Kit Elf Bar 4 en 1 | Un grand choix de produits du tabac et d'accessoires pour fumeurs dans toute la Suisse | Cartes accept\u00e9es !","og_url":"https:\/\/www.tabakversand.ch\/fr\/produit\/kit-4-en-1-elf-bar\/","og_site_name":"Tabakversand.ch | Alles aus der Welt des Tabaks","article_modified_time":"2026-03-31T12:39:35+00:00","og_image":[{"width":500,"height":500,"url":"https:\/\/www.tabakversand.ch\/wp-content\/uploads\/2025\/07\/elfbar-4-in-1-kit-all.jpg","type":"image\/jpeg"}],"twitter_card":"summary_large_image","twitter_misc":{"Dur\u00e9e de lecture estim\u00e9e":"2 minutes"},"schema":{"@context":"https:\/\/schema.org","@graph":[{"@type":"WebPage","@id":"https:\/\/www.tabakversand.ch\/fr\/produit\/kit-4-en-1-elf-bar\/","url":"https:\/\/www.tabakversand.ch\/fr\/produit\/kit-4-en-1-elf-bar\/","name":"-","isPartOf":{"@id":"https:\/\/www.tabakversand.ch\/#website"},"primaryImageOfPage":{"@id":"https:\/\/www.tabakversand.ch\/fr\/produit\/kit-4-en-1-elf-bar\/#primaryimage"},"image":{"@id":"https:\/\/www.tabakversand.ch\/fr\/produit\/kit-4-en-1-elf-bar\/#primaryimage"},"thumbnailUrl":"https:\/\/www.tabakversand.ch\/wp-content\/uploads\/2025\/07\/elfbar-4-in-1-kit-all.jpg","datePublished":"2025-07-10T10:15:31+00:00","dateModified":"2026-03-31T12:39:35+00:00","description":"Kit Elf Bar 4 en 1 | Un grand choix de produits du tabac et d'accessoires pour fumeurs dans toute la Suisse | Cartes accept\u00e9es !","breadcrumb":{"@id":"https:\/\/www.tabakversand.ch\/fr\/produit\/kit-4-en-1-elf-bar\/#breadcrumb"},"inLanguage":"fr-FR","potentialAction":[{"@type":"ReadAction","target":["https:\/\/www.tabakversand.ch\/fr\/produit\/kit-4-en-1-elf-bar\/"]}]},{"@type":"ImageObject","inLanguage":"fr-FR","@id":"https:\/\/www.tabakversand.ch\/fr\/produit\/kit-4-en-1-elf-bar\/#primaryimage","url":"https:\/\/www.tabakversand.ch\/wp-content\/uploads\/2025\/07\/elfbar-4-in-1-kit-all.jpg","contentUrl":"https:\/\/www.tabakversand.ch\/wp-content\/uploads\/2025\/07\/elfbar-4-in-1-kit-all.jpg","width":500,"height":500,"caption":"Kit 4 en 1 Elf Bar | Tabakversand.ch"},{"@type":"BreadcrumbList","@id":"https:\/\/www.tabakversand.ch\/fr\/produit\/kit-4-en-1-elf-bar\/#breadcrumb","itemListElement":[{"@type":"ListItem","position":1,"name":"Startseite","item":"https:\/\/www.tabakversand.ch\/"},{"@type":"ListItem","position":2,"name":"Boutique","item":"https:\/\/www.tabakversand.ch\/fr\/boutique\/"},{"@type":"ListItem","position":3,"name":"Kit 4 en 1 Elf Bar"}]},{"@type":"WebSite","@id":"https:\/\/www.tabakversand.ch\/#website","url":"https:\/\/www.tabakversand.ch\/","name":"Tabakversand.ch | Alles aus der Welt des Tabaks","description":"Smoke and carpe diem","potentialAction":[{"@type":"SearchAction","target":{"@type":"EntryPoint","urlTemplate":"https:\/\/www.tabakversand.ch\/?s={search_term_string}"},"query-input":{"@type":"PropertyValueSpecification","valueRequired":true,"valueName":"search_term_string"}}],"inLanguage":"fr-FR"}]}},"_links":{"self":[{"href":"https:\/\/www.tabakversand.ch\/fr\/wp-json\/wp\/v2\/product\/187458","targetHints":{"allow":["GET"]}}],"collection":[{"href":"https:\/\/www.tabakversand.ch\/fr\/wp-json\/wp\/v2\/product"}],"about":[{"href":"https:\/\/www.tabakversand.ch\/fr\/wp-json\/wp\/v2\/types\/product"}],"version-history":[{"count":4,"href":"https:\/\/www.tabakversand.ch\/fr\/wp-json\/wp\/v2\/product\/187458\/revisions"}],"predecessor-version":[{"id":195619,"href":"https:\/\/www.tabakversand.ch\/fr\/wp-json\/wp\/v2\/product\/187458\/revisions\/195619"}],"wp:featuredmedia":[{"embeddable":true,"href":"https:\/\/www.tabakversand.ch\/fr\/wp-json\/wp\/v2\/media\/187462"}],"wp:attachment":[{"href":"https:\/\/www.tabakversand.ch\/fr\/wp-json\/wp\/v2\/media?parent=187458"}],"wp:term":[{"taxonomy":"product_brand","embeddable":true,"href":"https:\/\/www.tabakversand.ch\/fr\/wp-json\/wp\/v2\/product_brand?post=187458"},{"taxonomy":"product_cat","embeddable":true,"href":"https:\/\/www.tabakversand.ch\/fr\/wp-json\/wp\/v2\/product_cat?post=187458"},{"taxonomy":"product_tag","embeddable":true,"href":"https:\/\/www.tabakversand.ch\/fr\/wp-json\/wp\/v2\/product_tag?post=187458"}],"curies":[{"name":"wp","href":"https:\/\/api.w.org\/{rel}","templated":true}]}}