{"id":187518,"date":"2025-07-11T10:26:49","date_gmt":"2025-07-11T08:26:49","guid":{"rendered":"https:\/\/www.tabakversand.ch\/?post_type=product&#038;p=187518"},"modified":"2026-02-25T13:44:15","modified_gmt":"2026-02-25T12:44:15","slug":"reniflement-menthole-energetique-wildkraut","status":"publish","type":"product","link":"https:\/\/www.tabakversand.ch\/fr\/produit\/reniflement-menthole-energetique-wildkraut\/","title":{"rendered":"Reniflement menthol\u00e9 \u00e9nerg\u00e9tique Wildkraut"},"content":{"rendered":"<p>Reniflement menthol\u00e9 \u00e9nerg\u00e9tique Wildkraut<\/p>\n<p>Wildkraut Energy Sniff Menthol vous offre un coup de fouet revigorant \u00e0 tout moment. Sa note menthol\u00e9e rafra\u00eechissante se marie \u00e0 un ar\u00f4me \u00e9nergisant qui r\u00e9veille instantan\u00e9ment vos sens. Id\u00e9al pour tous ceux qui recherchent une fra\u00eecheur rapide et un petit regain d&rsquo;\u00e9nergie en un clin d&rsquo;\u0153il, sans calories ni caf\u00e9ine. Un parfum intense qui revigore et rafra\u00eechit \u00e0 chaque instant.   <\/p>\n<p>Tous les prix s&rsquo;appliquent uniquement aux commandes en ligne et incluent la TVA. Sous r\u00e9serve de modifications sans pr\u00e9avis, frais de livraison en sus. Sous r\u00e9serve d&rsquo;erreurs, de modifications de contenu de livraison et de conception, de fautes d&rsquo;impression et de modifications de prix. Les prix barr\u00e9s sont des prix de remplacement. Les illustrations peuvent diff\u00e9rer de l&rsquo;original\/du contenu de livraison.<br \/>\n*Livraison gratuite pour les commandes sup\u00e9rieures \u00e0 CHF 250.-.<\/p>\n","protected":false},"excerpt":{"rendered":"<p>Reniflement menthol\u00e9 \u00e9nerg\u00e9tique Wildkraut Wildkraut Energy Sniff Menthol vous offre un coup de fouet revigorant \u00e0 tout moment. Sa note menthol\u00e9e rafra\u00eechissante se marie \u00e0 un ar\u00f4me \u00e9nergisant qui r\u00e9veille instantan\u00e9ment vos sens. Id\u00e9al pour tous ceux qui recherchent une fra\u00eecheur rapide et un petit regain d&rsquo;\u00e9nergie en un clin d&rsquo;\u0153il, sans calories ni caf\u00e9ine. [&hellip;]<\/p>\n","protected":false},"featured_media":187522,"template":"","meta":[],"product_brand":[],"product_cat":[1888,1951,1950],"product_tag":[],"class_list":{"0":"post-187518","1":"product","2":"type-product","3":"status-publish","4":"has-post-thumbnail","6":"product_cat-tabac","7":"product_cat-tabac-a-priser-et-accessoires","8":"product_cat-tabac-a-priser-schnupftabak","10":"first","11":"onbackorder","12":"purchasable","13":"product-type-simple"},"yoast_head":"<!-- This site is optimized with the Yoast SEO plugin v27.0 - https:\/\/yoast.com\/product\/yoast-seo-wordpress\/ -->\n<title>Reniflement menthol\u00e9 \u00e9nerg\u00e9tique Wildkraut - tabakversand.ch<\/title>\n<meta name=\"description\" content=\"Wildkraut Energy Menthol Sniff | Un tr\u00e8s grand choix de produits du tabac, de cigarettes \u00e9lectroniques et d&#039;accessoires pour fumeurs dans toute la Suisse | Cartes accept\u00e9es !\" \/>\n<meta name=\"robots\" content=\"index, follow, max-snippet:-1, max-image-preview:large, max-video-preview:-1\" \/>\n<link rel=\"canonical\" href=\"https:\/\/www.tabakversand.ch\/fr\/produit\/reniflement-menthole-energetique-wildkraut\/\" \/>\n<meta property=\"og:locale\" content=\"fr_FR\" \/>\n<meta property=\"og:type\" content=\"article\" \/>\n<meta property=\"og:title\" content=\"Reniflement menthol\u00e9 \u00e9nerg\u00e9tique Wildkraut - tabakversand.ch\" \/>\n<meta property=\"og:description\" content=\"Wildkraut Energy Menthol Sniff | Un tr\u00e8s grand choix de produits du tabac, de cigarettes \u00e9lectroniques et d&#039;accessoires pour fumeurs dans toute la Suisse | Cartes accept\u00e9es !\" \/>\n<meta property=\"og:url\" content=\"https:\/\/www.tabakversand.ch\/fr\/produit\/reniflement-menthole-energetique-wildkraut\/\" \/>\n<meta property=\"og:site_name\" content=\"Tabakversand.ch | Alles aus der Welt des Tabaks\" \/>\n<meta property=\"article:modified_time\" content=\"2026-02-25T12:44:15+00:00\" \/>\n<meta property=\"og:image\" content=\"https:\/\/www.tabakversand.ch\/wp-content\/uploads\/2025\/07\/wildkraut-energy-sniff-menthol.jpg\" \/>\n\t<meta property=\"og:image:width\" content=\"499\" \/>\n\t<meta property=\"og:image:height\" content=\"500\" \/>\n\t<meta property=\"og:image:type\" content=\"image\/jpeg\" \/>\n<meta name=\"twitter:card\" content=\"summary_large_image\" \/>\n<meta name=\"twitter:label1\" content=\"Dur\u00e9e de lecture estim\u00e9e\" \/>\n\t<meta name=\"twitter:data1\" content=\"1 minute\" \/>\n<script type=\"application\/ld+json\" class=\"yoast-schema-graph\">{\"@context\":\"https:\/\/schema.org\",\"@graph\":[{\"@type\":\"WebPage\",\"@id\":\"https:\/\/www.tabakversand.ch\/fr\/produit\/reniflement-menthole-energetique-wildkraut\/\",\"url\":\"https:\/\/www.tabakversand.ch\/fr\/produit\/reniflement-menthole-energetique-wildkraut\/\",\"name\":\"Reniflement menthol\u00e9 \u00e9nerg\u00e9tique Wildkraut - tabakversand.ch\",\"isPartOf\":{\"@id\":\"https:\/\/www.tabakversand.ch\/#website\"},\"primaryImageOfPage\":{\"@id\":\"https:\/\/www.tabakversand.ch\/fr\/produit\/reniflement-menthole-energetique-wildkraut\/#primaryimage\"},\"image\":{\"@id\":\"https:\/\/www.tabakversand.ch\/fr\/produit\/reniflement-menthole-energetique-wildkraut\/#primaryimage\"},\"thumbnailUrl\":\"https:\/\/www.tabakversand.ch\/wp-content\/uploads\/2025\/07\/wildkraut-energy-sniff-menthol.jpg\",\"datePublished\":\"2025-07-11T08:26:49+00:00\",\"dateModified\":\"2026-02-25T12:44:15+00:00\",\"description\":\"Wildkraut Energy Menthol Sniff | Un tr\u00e8s grand choix de produits du tabac, de cigarettes \u00e9lectroniques et d'accessoires pour fumeurs dans toute la Suisse | Cartes accept\u00e9es !\",\"breadcrumb\":{\"@id\":\"https:\/\/www.tabakversand.ch\/fr\/produit\/reniflement-menthole-energetique-wildkraut\/#breadcrumb\"},\"inLanguage\":\"fr-FR\",\"potentialAction\":[{\"@type\":\"ReadAction\",\"target\":[\"https:\/\/www.tabakversand.ch\/fr\/produit\/reniflement-menthole-energetique-wildkraut\/\"]}]},{\"@type\":\"ImageObject\",\"inLanguage\":\"fr-FR\",\"@id\":\"https:\/\/www.tabakversand.ch\/fr\/produit\/reniflement-menthole-energetique-wildkraut\/#primaryimage\",\"url\":\"https:\/\/www.tabakversand.ch\/wp-content\/uploads\/2025\/07\/wildkraut-energy-sniff-menthol.jpg\",\"contentUrl\":\"https:\/\/www.tabakversand.ch\/wp-content\/uploads\/2025\/07\/wildkraut-energy-sniff-menthol.jpg\",\"width\":499,\"height\":500,\"caption\":\"Wildkraut Energy Manthol Sniff | Tabakversand.ch\"},{\"@type\":\"BreadcrumbList\",\"@id\":\"https:\/\/www.tabakversand.ch\/fr\/produit\/reniflement-menthole-energetique-wildkraut\/#breadcrumb\",\"itemListElement\":[{\"@type\":\"ListItem\",\"position\":1,\"name\":\"Startseite\",\"item\":\"https:\/\/www.tabakversand.ch\/\"},{\"@type\":\"ListItem\",\"position\":2,\"name\":\"Boutique\",\"item\":\"https:\/\/www.tabakversand.ch\/fr\/boutique\/\"},{\"@type\":\"ListItem\",\"position\":3,\"name\":\"Reniflement menthol\u00e9 \u00e9nerg\u00e9tique Wildkraut\"}]},{\"@type\":\"WebSite\",\"@id\":\"https:\/\/www.tabakversand.ch\/#website\",\"url\":\"https:\/\/www.tabakversand.ch\/\",\"name\":\"Tabakversand.ch | Alles aus der Welt des Tabaks\",\"description\":\"Smoke and carpe diem\",\"potentialAction\":[{\"@type\":\"SearchAction\",\"target\":{\"@type\":\"EntryPoint\",\"urlTemplate\":\"https:\/\/www.tabakversand.ch\/?s={search_term_string}\"},\"query-input\":{\"@type\":\"PropertyValueSpecification\",\"valueRequired\":true,\"valueName\":\"search_term_string\"}}],\"inLanguage\":\"fr-FR\"}]}<\/script>\n<!-- \/ Yoast SEO plugin. -->","yoast_head_json":{"title":"Reniflement menthol\u00e9 \u00e9nerg\u00e9tique Wildkraut - tabakversand.ch","description":"Wildkraut Energy Menthol Sniff | Un tr\u00e8s grand choix de produits du tabac, de cigarettes \u00e9lectroniques et d'accessoires pour fumeurs dans toute la Suisse | Cartes accept\u00e9es !","robots":{"index":"index","follow":"follow","max-snippet":"max-snippet:-1","max-image-preview":"max-image-preview:large","max-video-preview":"max-video-preview:-1"},"canonical":"https:\/\/www.tabakversand.ch\/fr\/produit\/reniflement-menthole-energetique-wildkraut\/","og_locale":"fr_FR","og_type":"article","og_title":"Reniflement menthol\u00e9 \u00e9nerg\u00e9tique Wildkraut - tabakversand.ch","og_description":"Wildkraut Energy Menthol Sniff | Un tr\u00e8s grand choix de produits du tabac, de cigarettes \u00e9lectroniques et d'accessoires pour fumeurs dans toute la Suisse | Cartes accept\u00e9es !","og_url":"https:\/\/www.tabakversand.ch\/fr\/produit\/reniflement-menthole-energetique-wildkraut\/","og_site_name":"Tabakversand.ch | Alles aus der Welt des Tabaks","article_modified_time":"2026-02-25T12:44:15+00:00","og_image":[{"width":499,"height":500,"url":"https:\/\/www.tabakversand.ch\/wp-content\/uploads\/2025\/07\/wildkraut-energy-sniff-menthol.jpg","type":"image\/jpeg"}],"twitter_card":"summary_large_image","twitter_misc":{"Dur\u00e9e de lecture estim\u00e9e":"1 minute"},"schema":{"@context":"https:\/\/schema.org","@graph":[{"@type":"WebPage","@id":"https:\/\/www.tabakversand.ch\/fr\/produit\/reniflement-menthole-energetique-wildkraut\/","url":"https:\/\/www.tabakversand.ch\/fr\/produit\/reniflement-menthole-energetique-wildkraut\/","name":"Reniflement menthol\u00e9 \u00e9nerg\u00e9tique Wildkraut - tabakversand.ch","isPartOf":{"@id":"https:\/\/www.tabakversand.ch\/#website"},"primaryImageOfPage":{"@id":"https:\/\/www.tabakversand.ch\/fr\/produit\/reniflement-menthole-energetique-wildkraut\/#primaryimage"},"image":{"@id":"https:\/\/www.tabakversand.ch\/fr\/produit\/reniflement-menthole-energetique-wildkraut\/#primaryimage"},"thumbnailUrl":"https:\/\/www.tabakversand.ch\/wp-content\/uploads\/2025\/07\/wildkraut-energy-sniff-menthol.jpg","datePublished":"2025-07-11T08:26:49+00:00","dateModified":"2026-02-25T12:44:15+00:00","description":"Wildkraut Energy Menthol Sniff | Un tr\u00e8s grand choix de produits du tabac, de cigarettes \u00e9lectroniques et d'accessoires pour fumeurs dans toute la Suisse | Cartes accept\u00e9es !","breadcrumb":{"@id":"https:\/\/www.tabakversand.ch\/fr\/produit\/reniflement-menthole-energetique-wildkraut\/#breadcrumb"},"inLanguage":"fr-FR","potentialAction":[{"@type":"ReadAction","target":["https:\/\/www.tabakversand.ch\/fr\/produit\/reniflement-menthole-energetique-wildkraut\/"]}]},{"@type":"ImageObject","inLanguage":"fr-FR","@id":"https:\/\/www.tabakversand.ch\/fr\/produit\/reniflement-menthole-energetique-wildkraut\/#primaryimage","url":"https:\/\/www.tabakversand.ch\/wp-content\/uploads\/2025\/07\/wildkraut-energy-sniff-menthol.jpg","contentUrl":"https:\/\/www.tabakversand.ch\/wp-content\/uploads\/2025\/07\/wildkraut-energy-sniff-menthol.jpg","width":499,"height":500,"caption":"Wildkraut Energy Manthol Sniff | Tabakversand.ch"},{"@type":"BreadcrumbList","@id":"https:\/\/www.tabakversand.ch\/fr\/produit\/reniflement-menthole-energetique-wildkraut\/#breadcrumb","itemListElement":[{"@type":"ListItem","position":1,"name":"Startseite","item":"https:\/\/www.tabakversand.ch\/"},{"@type":"ListItem","position":2,"name":"Boutique","item":"https:\/\/www.tabakversand.ch\/fr\/boutique\/"},{"@type":"ListItem","position":3,"name":"Reniflement menthol\u00e9 \u00e9nerg\u00e9tique Wildkraut"}]},{"@type":"WebSite","@id":"https:\/\/www.tabakversand.ch\/#website","url":"https:\/\/www.tabakversand.ch\/","name":"Tabakversand.ch | Alles aus der Welt des Tabaks","description":"Smoke and carpe diem","potentialAction":[{"@type":"SearchAction","target":{"@type":"EntryPoint","urlTemplate":"https:\/\/www.tabakversand.ch\/?s={search_term_string}"},"query-input":{"@type":"PropertyValueSpecification","valueRequired":true,"valueName":"search_term_string"}}],"inLanguage":"fr-FR"}]}},"_links":{"self":[{"href":"https:\/\/www.tabakversand.ch\/fr\/wp-json\/wp\/v2\/product\/187518","targetHints":{"allow":["GET"]}}],"collection":[{"href":"https:\/\/www.tabakversand.ch\/fr\/wp-json\/wp\/v2\/product"}],"about":[{"href":"https:\/\/www.tabakversand.ch\/fr\/wp-json\/wp\/v2\/types\/product"}],"version-history":[{"count":5,"href":"https:\/\/www.tabakversand.ch\/fr\/wp-json\/wp\/v2\/product\/187518\/revisions"}],"predecessor-version":[{"id":201147,"href":"https:\/\/www.tabakversand.ch\/fr\/wp-json\/wp\/v2\/product\/187518\/revisions\/201147"}],"wp:featuredmedia":[{"embeddable":true,"href":"https:\/\/www.tabakversand.ch\/fr\/wp-json\/wp\/v2\/media\/187522"}],"wp:attachment":[{"href":"https:\/\/www.tabakversand.ch\/fr\/wp-json\/wp\/v2\/media?parent=187518"}],"wp:term":[{"taxonomy":"product_brand","embeddable":true,"href":"https:\/\/www.tabakversand.ch\/fr\/wp-json\/wp\/v2\/product_brand?post=187518"},{"taxonomy":"product_cat","embeddable":true,"href":"https:\/\/www.tabakversand.ch\/fr\/wp-json\/wp\/v2\/product_cat?post=187518"},{"taxonomy":"product_tag","embeddable":true,"href":"https:\/\/www.tabakversand.ch\/fr\/wp-json\/wp\/v2\/product_tag?post=187518"}],"curies":[{"name":"wp","href":"https:\/\/api.w.org\/{rel}","templated":true}]}}