{"id":187645,"date":"2025-07-11T14:39:29","date_gmt":"2025-07-11T12:39:29","guid":{"rendered":"https:\/\/www.tabakversand.ch\/?post_type=product&#038;p=187645"},"modified":"2026-04-03T10:49:48","modified_gmt":"2026-04-03T08:49:48","slug":"gawith-edition-helvetique","status":"publish","type":"product","link":"https:\/\/www.tabakversand.ch\/fr\/produit\/gawith-edition-helvetique\/","title":{"rendered":"Gawith \u00c9dition Helv\u00e9tique Snuff"},"content":{"rendered":"<h1>Gawith \u00c9dition Helv\u00e9tique<\/h1>\n<p>Le tabac \u00e0 priser Gawith Helvetic Edition est un tabac fin aux ar\u00f4mes fruit\u00e9s d&rsquo;abricot et au go\u00fbt subtil de menthol. Doux et \u00e9quilibr\u00e9, il est id\u00e9al pour une exp\u00e9rience de prise rafra\u00eechissante.<\/p>\n<p>1 bo\u00eete: Capacit\u00e9 7gr.<\/p>\n<p>Chez tabakversand.ch, vous recevez votre tabac \u00e0 priser Gawith Helvetic Edition fra\u00eechement conserv\u00e9 dans son emballage d&rsquo;origine. Un stockage soign\u00e9 garantit une pr\u00e9servation optimale de son ar\u00f4me, de son humidit\u00e9 et de sa qualit\u00e9 jusqu&rsquo;\u00e0 l&rsquo;exp\u00e9dition. Gr\u00e2ce \u00e0 une livraison rapide en Suisse, votre tabac \u00e0 priser vous parvient g\u00e9n\u00e9ralement tr\u00e8s rapidement.<\/p>\n<p>Pour plus d&rsquo;informations sur le fabricant Alois P\u00f6schl GmbH &amp; Co. KG, veuillez consulter la page Wikip\u00e9dia correspondante\u00a0: <a href=\"https:\/\/de.wikipedia.org\/wiki\/Alois_P%C3%B6schl\">cliquez ici<\/a> . Pour toute question concernant le produit, n&rsquo;h\u00e9sitez pas \u00e0 nous contacter\u00a0: <a href=\"https:\/\/www.tabakversand.ch\/kontakt\/\">cliquez ici<\/a> .<\/p>\n<p>Tous les prix s&rsquo;appliquent uniquement aux commandes en ligne et incluent la TVA. Sous r\u00e9serve de modifications sans pr\u00e9avis, frais de livraison en sus. Sous r\u00e9serve d&rsquo;erreurs, de modifications de contenu de livraison et de conception, de fautes d&rsquo;impression et de modifications de prix. Les prix barr\u00e9s sont des prix de remplacement. Les illustrations peuvent diff\u00e9rer de l&rsquo;original\/du contenu de livraison.<br \/>\n*Livraison gratuite pour les commandes sup\u00e9rieures \u00e0 CHF 250.-.<\/p>\n","protected":false},"excerpt":{"rendered":"<p>Gawith \u00c9dition Helv\u00e9tique Le tabac \u00e0 priser Gawith Helvetic Edition est un tabac fin aux ar\u00f4mes fruit\u00e9s d&rsquo;abricot et au go\u00fbt subtil de menthol. Doux et \u00e9quilibr\u00e9, il est id\u00e9al pour une exp\u00e9rience de prise rafra\u00eechissante. 1 bo\u00eete: Capacit\u00e9 7gr. Chez tabakversand.ch, vous recevez votre tabac \u00e0 priser Gawith Helvetic Edition fra\u00eechement conserv\u00e9 dans son [&hellip;]<\/p>\n","protected":false},"featured_media":78154,"template":"","meta":[],"product_brand":[1515],"product_cat":[1888,1951,1950],"product_tag":[],"class_list":{"0":"post-187645","1":"product","2":"type-product","3":"status-publish","4":"has-post-thumbnail","6":"product_brand-poeschl","7":"product_cat-tabac","8":"product_cat-tabac-a-priser-et-accessoires","9":"product_cat-tabac-a-priser-schnupftabak","11":"first","12":"instock","13":"purchasable","14":"product-type-simple"},"yoast_head":"<!-- This site is optimized with the Yoast SEO plugin v27.0 - https:\/\/yoast.com\/product\/yoast-seo-wordpress\/ -->\n<title>Gawith \u00c9dition Helv\u00e9tique Snuff - Tabakversand.ch | Alles aus der Welt des Tabaks<\/title>\n<meta name=\"description\" content=\"Gawith \u00c9dition Helv\u00e9tique \u2013 tabac \u00e0 priser de haute qualit\u00e9, \u00e0 l&#039;ar\u00f4me d\u00e9licat et \u00e0 la recette \u00e9quilibr\u00e9e. Saveur prononc\u00e9e, fabrication traditionnelle.\" \/>\n<meta name=\"robots\" content=\"index, follow, max-snippet:-1, max-image-preview:large, max-video-preview:-1\" \/>\n<link rel=\"canonical\" href=\"https:\/\/www.tabakversand.ch\/produit\/gawith-helvetic-edition\/\" \/>\n<meta property=\"og:locale\" content=\"fr_FR\" \/>\n<meta property=\"og:type\" content=\"article\" \/>\n<meta property=\"og:title\" content=\"Gawith \u00c9dition Helv\u00e9tique Snuff - Tabakversand.ch | Alles aus der Welt des Tabaks\" \/>\n<meta property=\"og:description\" content=\"Gawith \u00c9dition Helv\u00e9tique \u2013 tabac \u00e0 priser de haute qualit\u00e9, \u00e0 l&#039;ar\u00f4me d\u00e9licat et \u00e0 la recette \u00e9quilibr\u00e9e. Saveur prononc\u00e9e, fabrication traditionnelle.\" \/>\n<meta property=\"og:url\" content=\"https:\/\/www.tabakversand.ch\/produit\/gawith-helvetic-edition\/\" \/>\n<meta property=\"og:site_name\" content=\"Tabakversand.ch | Alles aus der Welt des Tabaks\" \/>\n<meta property=\"article:modified_time\" content=\"2026-04-03T08:49:48+00:00\" \/>\n<meta property=\"og:image\" content=\"https:\/\/www.tabakversand.ch\/wp-content\/uploads\/2022\/03\/gawith-helvetic-edition-snuff.jpg\" \/>\n\t<meta property=\"og:image:width\" content=\"500\" \/>\n\t<meta property=\"og:image:height\" content=\"500\" \/>\n\t<meta property=\"og:image:type\" content=\"image\/jpeg\" \/>\n<meta name=\"twitter:card\" content=\"summary_large_image\" \/>\n<meta name=\"twitter:label1\" content=\"Dur\u00e9e de lecture estim\u00e9e\" \/>\n\t<meta name=\"twitter:data1\" content=\"2 minutes\" \/>\n<script type=\"application\/ld+json\" class=\"yoast-schema-graph\">{\"@context\":\"https:\/\/schema.org\",\"@graph\":[{\"@type\":\"WebPage\",\"@id\":\"https:\/\/www.tabakversand.ch\/produit\/gawith-helvetic-edition\/\",\"url\":\"https:\/\/www.tabakversand.ch\/produit\/gawith-helvetic-edition\/\",\"name\":\"Gawith \u00c9dition Helv\u00e9tique Snuff - Tabakversand.ch | Alles aus der Welt des Tabaks\",\"isPartOf\":{\"@id\":\"https:\/\/www.tabakversand.ch\/#website\"},\"primaryImageOfPage\":{\"@id\":\"https:\/\/www.tabakversand.ch\/produit\/gawith-helvetic-edition\/#primaryimage\"},\"image\":{\"@id\":\"https:\/\/www.tabakversand.ch\/produit\/gawith-helvetic-edition\/#primaryimage\"},\"thumbnailUrl\":\"https:\/\/www.tabakversand.ch\/wp-content\/uploads\/2022\/03\/gawith-helvetic-edition-snuff.jpg\",\"datePublished\":\"2025-07-11T12:39:29+00:00\",\"dateModified\":\"2026-04-03T08:49:48+00:00\",\"description\":\"Gawith \u00c9dition Helv\u00e9tique \u2013 tabac \u00e0 priser de haute qualit\u00e9, \u00e0 l'ar\u00f4me d\u00e9licat et \u00e0 la recette \u00e9quilibr\u00e9e. Saveur prononc\u00e9e, fabrication traditionnelle.\",\"breadcrumb\":{\"@id\":\"https:\/\/www.tabakversand.ch\/produit\/gawith-helvetic-edition\/#breadcrumb\"},\"inLanguage\":\"fr-FR\",\"potentialAction\":[{\"@type\":\"ReadAction\",\"target\":[\"https:\/\/www.tabakversand.ch\/produit\/gawith-helvetic-edition\/\"]}]},{\"@type\":\"ImageObject\",\"inLanguage\":\"fr-FR\",\"@id\":\"https:\/\/www.tabakversand.ch\/produit\/gawith-helvetic-edition\/#primaryimage\",\"url\":\"https:\/\/www.tabakversand.ch\/wp-content\/uploads\/2022\/03\/gawith-helvetic-edition-snuff.jpg\",\"contentUrl\":\"https:\/\/www.tabakversand.ch\/wp-content\/uploads\/2022\/03\/gawith-helvetic-edition-snuff.jpg\",\"width\":500,\"height\":500,\"caption\":\"Gawith Helvetic Edition Snuff Schnupftabak\"},{\"@type\":\"BreadcrumbList\",\"@id\":\"https:\/\/www.tabakversand.ch\/produit\/gawith-helvetic-edition\/#breadcrumb\",\"itemListElement\":[{\"@type\":\"ListItem\",\"position\":1,\"name\":\"Startseite\",\"item\":\"https:\/\/www.tabakversand.ch\/\"},{\"@type\":\"ListItem\",\"position\":2,\"name\":\"Boutique\",\"item\":\"https:\/\/www.tabakversand.ch\/fr\/boutique\/\"},{\"@type\":\"ListItem\",\"position\":3,\"name\":\"Gawith \u00c9dition Helv\u00e9tique Snuff\"}]},{\"@type\":\"WebSite\",\"@id\":\"https:\/\/www.tabakversand.ch\/#website\",\"url\":\"https:\/\/www.tabakversand.ch\/\",\"name\":\"Tabakversand.ch | Alles aus der Welt des Tabaks\",\"description\":\"Smoke and carpe diem\",\"potentialAction\":[{\"@type\":\"SearchAction\",\"target\":{\"@type\":\"EntryPoint\",\"urlTemplate\":\"https:\/\/www.tabakversand.ch\/?s={search_term_string}\"},\"query-input\":{\"@type\":\"PropertyValueSpecification\",\"valueRequired\":true,\"valueName\":\"search_term_string\"}}],\"inLanguage\":\"fr-FR\"}]}<\/script>\n<!-- \/ Yoast SEO plugin. -->","yoast_head_json":{"title":"Gawith \u00c9dition Helv\u00e9tique Snuff - Tabakversand.ch | Alles aus der Welt des Tabaks","description":"Gawith \u00c9dition Helv\u00e9tique \u2013 tabac \u00e0 priser de haute qualit\u00e9, \u00e0 l'ar\u00f4me d\u00e9licat et \u00e0 la recette \u00e9quilibr\u00e9e. Saveur prononc\u00e9e, fabrication traditionnelle.","robots":{"index":"index","follow":"follow","max-snippet":"max-snippet:-1","max-image-preview":"max-image-preview:large","max-video-preview":"max-video-preview:-1"},"canonical":"https:\/\/www.tabakversand.ch\/produit\/gawith-helvetic-edition\/","og_locale":"fr_FR","og_type":"article","og_title":"Gawith \u00c9dition Helv\u00e9tique Snuff - Tabakversand.ch | Alles aus der Welt des Tabaks","og_description":"Gawith \u00c9dition Helv\u00e9tique \u2013 tabac \u00e0 priser de haute qualit\u00e9, \u00e0 l'ar\u00f4me d\u00e9licat et \u00e0 la recette \u00e9quilibr\u00e9e. Saveur prononc\u00e9e, fabrication traditionnelle.","og_url":"https:\/\/www.tabakversand.ch\/produit\/gawith-helvetic-edition\/","og_site_name":"Tabakversand.ch | Alles aus der Welt des Tabaks","article_modified_time":"2026-04-03T08:49:48+00:00","og_image":[{"width":500,"height":500,"url":"https:\/\/www.tabakversand.ch\/wp-content\/uploads\/2022\/03\/gawith-helvetic-edition-snuff.jpg","type":"image\/jpeg"}],"twitter_card":"summary_large_image","twitter_misc":{"Dur\u00e9e de lecture estim\u00e9e":"2 minutes"},"schema":{"@context":"https:\/\/schema.org","@graph":[{"@type":"WebPage","@id":"https:\/\/www.tabakversand.ch\/produit\/gawith-helvetic-edition\/","url":"https:\/\/www.tabakversand.ch\/produit\/gawith-helvetic-edition\/","name":"Gawith \u00c9dition Helv\u00e9tique Snuff - Tabakversand.ch | Alles aus der Welt des Tabaks","isPartOf":{"@id":"https:\/\/www.tabakversand.ch\/#website"},"primaryImageOfPage":{"@id":"https:\/\/www.tabakversand.ch\/produit\/gawith-helvetic-edition\/#primaryimage"},"image":{"@id":"https:\/\/www.tabakversand.ch\/produit\/gawith-helvetic-edition\/#primaryimage"},"thumbnailUrl":"https:\/\/www.tabakversand.ch\/wp-content\/uploads\/2022\/03\/gawith-helvetic-edition-snuff.jpg","datePublished":"2025-07-11T12:39:29+00:00","dateModified":"2026-04-03T08:49:48+00:00","description":"Gawith \u00c9dition Helv\u00e9tique \u2013 tabac \u00e0 priser de haute qualit\u00e9, \u00e0 l'ar\u00f4me d\u00e9licat et \u00e0 la recette \u00e9quilibr\u00e9e. Saveur prononc\u00e9e, fabrication traditionnelle.","breadcrumb":{"@id":"https:\/\/www.tabakversand.ch\/produit\/gawith-helvetic-edition\/#breadcrumb"},"inLanguage":"fr-FR","potentialAction":[{"@type":"ReadAction","target":["https:\/\/www.tabakversand.ch\/produit\/gawith-helvetic-edition\/"]}]},{"@type":"ImageObject","inLanguage":"fr-FR","@id":"https:\/\/www.tabakversand.ch\/produit\/gawith-helvetic-edition\/#primaryimage","url":"https:\/\/www.tabakversand.ch\/wp-content\/uploads\/2022\/03\/gawith-helvetic-edition-snuff.jpg","contentUrl":"https:\/\/www.tabakversand.ch\/wp-content\/uploads\/2022\/03\/gawith-helvetic-edition-snuff.jpg","width":500,"height":500,"caption":"Gawith Helvetic Edition Snuff Schnupftabak"},{"@type":"BreadcrumbList","@id":"https:\/\/www.tabakversand.ch\/produit\/gawith-helvetic-edition\/#breadcrumb","itemListElement":[{"@type":"ListItem","position":1,"name":"Startseite","item":"https:\/\/www.tabakversand.ch\/"},{"@type":"ListItem","position":2,"name":"Boutique","item":"https:\/\/www.tabakversand.ch\/fr\/boutique\/"},{"@type":"ListItem","position":3,"name":"Gawith \u00c9dition Helv\u00e9tique Snuff"}]},{"@type":"WebSite","@id":"https:\/\/www.tabakversand.ch\/#website","url":"https:\/\/www.tabakversand.ch\/","name":"Tabakversand.ch | Alles aus der Welt des Tabaks","description":"Smoke and carpe diem","potentialAction":[{"@type":"SearchAction","target":{"@type":"EntryPoint","urlTemplate":"https:\/\/www.tabakversand.ch\/?s={search_term_string}"},"query-input":{"@type":"PropertyValueSpecification","valueRequired":true,"valueName":"search_term_string"}}],"inLanguage":"fr-FR"}]}},"_links":{"self":[{"href":"https:\/\/www.tabakversand.ch\/fr\/wp-json\/wp\/v2\/product\/187645","targetHints":{"allow":["GET"]}}],"collection":[{"href":"https:\/\/www.tabakversand.ch\/fr\/wp-json\/wp\/v2\/product"}],"about":[{"href":"https:\/\/www.tabakversand.ch\/fr\/wp-json\/wp\/v2\/types\/product"}],"version-history":[{"count":7,"href":"https:\/\/www.tabakversand.ch\/fr\/wp-json\/wp\/v2\/product\/187645\/revisions"}],"predecessor-version":[{"id":213163,"href":"https:\/\/www.tabakversand.ch\/fr\/wp-json\/wp\/v2\/product\/187645\/revisions\/213163"}],"wp:featuredmedia":[{"embeddable":true,"href":"https:\/\/www.tabakversand.ch\/fr\/wp-json\/wp\/v2\/media\/78154"}],"wp:attachment":[{"href":"https:\/\/www.tabakversand.ch\/fr\/wp-json\/wp\/v2\/media?parent=187645"}],"wp:term":[{"taxonomy":"product_brand","embeddable":true,"href":"https:\/\/www.tabakversand.ch\/fr\/wp-json\/wp\/v2\/product_brand?post=187645"},{"taxonomy":"product_cat","embeddable":true,"href":"https:\/\/www.tabakversand.ch\/fr\/wp-json\/wp\/v2\/product_cat?post=187645"},{"taxonomy":"product_tag","embeddable":true,"href":"https:\/\/www.tabakversand.ch\/fr\/wp-json\/wp\/v2\/product_tag?post=187645"}],"curies":[{"name":"wp","href":"https:\/\/api.w.org\/{rel}","templated":true}]}}