{"id":187928,"date":"2025-07-13T08:45:53","date_gmt":"2025-07-13T06:45:53","guid":{"rendered":"https:\/\/www.tabakversand.ch\/?post_type=product&#038;p=187928"},"modified":"2026-04-12T13:39:34","modified_gmt":"2026-04-12T11:39:34","slug":"cigarillos-filtre-villiger-shots-5-x-10-pieces","status":"publish","type":"product","link":"https:\/\/www.tabakversand.ch\/fr\/produit\/cigarillos-filtre-villiger-shots-5-x-10-pieces\/","title":{"rendered":"Cigarillos Villiger Shots Filter 5 x 10 pi\u00e8ces."},"content":{"rendered":"<p>Cigarillos Villiger Shots Filter 5 x 10 pi\u00e8ces.<\/p>\n<p>D\u00e9couvrez l&rsquo;univers fascinant de #vibevegas \u2013 faites un tour dans cette m\u00e9tropole scintillante et impr\u00e9gnez-vous de son ambiance unique.<\/p>\n<p>Tous les prix indiqu\u00e9s sont valables uniquement pour les commandes en ligne, TVA incluse, et peuvent \u00eatre modifi\u00e9s sans pr\u00e9avis. Les frais de port sont en sus.   Sous r\u00e9serve d&rsquo;erreurs, de modifications de l&rsquo;\u00e9tendue de la livraison et de la conception, d&rsquo;erreurs d&rsquo;impression et de modifications de prix. Les prix barr\u00e9s sont plut\u00f4t des prix. L&rsquo;illustration peut diff\u00e9rer de l&rsquo;original\/de l&rsquo;\u00e9tendue de la livraison.<br \/>\n*Livraison gratuite pour les commandes sup\u00e9rieures \u00e0 CHF 250.-.<\/p>\n","protected":false},"excerpt":{"rendered":"<p>Cigarillos Villiger Shots Filter 5 x 10 pi\u00e8ces. D\u00e9couvrez l&rsquo;univers fascinant de #vibevegas \u2013 faites un tour dans cette m\u00e9tropole scintillante et impr\u00e9gnez-vous de son ambiance unique. Tous les prix indiqu\u00e9s sont valables uniquement pour les commandes en ligne, TVA incluse, et peuvent \u00eatre modifi\u00e9s sans pr\u00e9avis. Les frais de port sont en sus. Sous [&hellip;]<\/p>\n","protected":false},"featured_media":187948,"template":"","meta":[],"product_brand":[5789],"product_cat":[1994,2059],"product_tag":[],"class_list":{"0":"post-187928","1":"product","2":"type-product","3":"status-publish","4":"has-post-thumbnail","6":"product_brand-villiger-shots-zigarillos","7":"product_cat-monde-du-cigare","8":"product_cat-cigarillos-fr","10":"first","11":"onbackorder","12":"featured","13":"purchasable","14":"product-type-variable"},"yoast_head":"<!-- This site is optimized with the Yoast SEO plugin v27.0 - https:\/\/yoast.com\/product\/yoast-seo-wordpress\/ -->\n<title>Cigarillos Villiger Shots Filter 5 x 10 pi\u00e8ces.<\/title>\n<meta name=\"description\" content=\"Cigarillos Villiger Shots Filter 5 x 10 pi\u00e8ces. | Un grand choix de produits du tabac, d&#039;e-fum\u00e9e et d&#039;ustensiles pour fumer dans toute la Suisse | Cartes accept\u00e9es !\" \/>\n<meta name=\"robots\" content=\"index, follow, max-snippet:-1, max-image-preview:large, max-video-preview:-1\" \/>\n<link rel=\"canonical\" href=\"https:\/\/www.tabakversand.ch\/fr\/produit\/cigarillos-filtre-villiger-shots-5-x-10-pieces\/\" \/>\n<meta property=\"og:locale\" content=\"fr_FR\" \/>\n<meta property=\"og:type\" content=\"article\" \/>\n<meta property=\"og:title\" content=\"Cigarillos Villiger Shots Filter 5 x 10 pi\u00e8ces.\" \/>\n<meta property=\"og:description\" content=\"Cigarillos Villiger Shots Filter 5 x 10 pi\u00e8ces. | Un grand choix de produits du tabac, d&#039;e-fum\u00e9e et d&#039;ustensiles pour fumer dans toute la Suisse | Cartes accept\u00e9es !\" \/>\n<meta property=\"og:url\" content=\"https:\/\/www.tabakversand.ch\/fr\/produit\/cigarillos-filtre-villiger-shots-5-x-10-pieces\/\" \/>\n<meta property=\"og:site_name\" content=\"Tabakversand.ch | Alles aus der Welt des Tabaks\" \/>\n<meta property=\"article:modified_time\" content=\"2026-04-12T11:39:34+00:00\" \/>\n<meta property=\"og:image\" content=\"https:\/\/www.tabakversand.ch\/wp-content\/uploads\/2025\/07\/villiger-shots-all.jpg\" \/>\n\t<meta property=\"og:image:width\" content=\"500\" \/>\n\t<meta property=\"og:image:height\" content=\"499\" \/>\n\t<meta property=\"og:image:type\" content=\"image\/jpeg\" \/>\n<meta name=\"twitter:card\" content=\"summary_large_image\" \/>\n<meta name=\"twitter:label1\" content=\"Dur\u00e9e de lecture estim\u00e9e\" \/>\n\t<meta name=\"twitter:data1\" content=\"1 minute\" \/>\n<script type=\"application\/ld+json\" class=\"yoast-schema-graph\">{\"@context\":\"https:\/\/schema.org\",\"@graph\":[{\"@type\":\"WebPage\",\"@id\":\"https:\/\/www.tabakversand.ch\/fr\/produit\/cigarillos-filtre-villiger-shots-5-x-10-pieces\/\",\"url\":\"https:\/\/www.tabakversand.ch\/fr\/produit\/cigarillos-filtre-villiger-shots-5-x-10-pieces\/\",\"name\":\"Cigarillos Villiger Shots Filter 5 x 10 pi\u00e8ces.\",\"isPartOf\":{\"@id\":\"https:\/\/www.tabakversand.ch\/#website\"},\"primaryImageOfPage\":{\"@id\":\"https:\/\/www.tabakversand.ch\/fr\/produit\/cigarillos-filtre-villiger-shots-5-x-10-pieces\/#primaryimage\"},\"image\":{\"@id\":\"https:\/\/www.tabakversand.ch\/fr\/produit\/cigarillos-filtre-villiger-shots-5-x-10-pieces\/#primaryimage\"},\"thumbnailUrl\":\"https:\/\/www.tabakversand.ch\/wp-content\/uploads\/2025\/07\/villiger-shots-all.jpg\",\"datePublished\":\"2025-07-13T06:45:53+00:00\",\"dateModified\":\"2026-04-12T11:39:34+00:00\",\"description\":\"Cigarillos Villiger Shots Filter 5 x 10 pi\u00e8ces. | Un grand choix de produits du tabac, d'e-fum\u00e9e et d'ustensiles pour fumer dans toute la Suisse | Cartes accept\u00e9es !\",\"breadcrumb\":{\"@id\":\"https:\/\/www.tabakversand.ch\/fr\/produit\/cigarillos-filtre-villiger-shots-5-x-10-pieces\/#breadcrumb\"},\"inLanguage\":\"fr-FR\",\"potentialAction\":[{\"@type\":\"ReadAction\",\"target\":[\"https:\/\/www.tabakversand.ch\/fr\/produit\/cigarillos-filtre-villiger-shots-5-x-10-pieces\/\"]}]},{\"@type\":\"ImageObject\",\"inLanguage\":\"fr-FR\",\"@id\":\"https:\/\/www.tabakversand.ch\/fr\/produit\/cigarillos-filtre-villiger-shots-5-x-10-pieces\/#primaryimage\",\"url\":\"https:\/\/www.tabakversand.ch\/wp-content\/uploads\/2025\/07\/villiger-shots-all.jpg\",\"contentUrl\":\"https:\/\/www.tabakversand.ch\/wp-content\/uploads\/2025\/07\/villiger-shots-all.jpg\",\"width\":500,\"height\":499,\"caption\":\"Villiger Shots Filtre Cigarillos | Tabakversand.ch\"},{\"@type\":\"BreadcrumbList\",\"@id\":\"https:\/\/www.tabakversand.ch\/fr\/produit\/cigarillos-filtre-villiger-shots-5-x-10-pieces\/#breadcrumb\",\"itemListElement\":[{\"@type\":\"ListItem\",\"position\":1,\"name\":\"Startseite\",\"item\":\"https:\/\/www.tabakversand.ch\/\"},{\"@type\":\"ListItem\",\"position\":2,\"name\":\"Boutique\",\"item\":\"https:\/\/www.tabakversand.ch\/fr\/boutique\/\"},{\"@type\":\"ListItem\",\"position\":3,\"name\":\"Cigarillos Villiger Shots Filter 5 x 10 pi\u00e8ces.\"}]},{\"@type\":\"WebSite\",\"@id\":\"https:\/\/www.tabakversand.ch\/#website\",\"url\":\"https:\/\/www.tabakversand.ch\/\",\"name\":\"Tabakversand.ch | Alles aus der Welt des Tabaks\",\"description\":\"Smoke and carpe diem\",\"potentialAction\":[{\"@type\":\"SearchAction\",\"target\":{\"@type\":\"EntryPoint\",\"urlTemplate\":\"https:\/\/www.tabakversand.ch\/?s={search_term_string}\"},\"query-input\":{\"@type\":\"PropertyValueSpecification\",\"valueRequired\":true,\"valueName\":\"search_term_string\"}}],\"inLanguage\":\"fr-FR\"}]}<\/script>\n<!-- \/ Yoast SEO plugin. -->","yoast_head_json":{"title":"Cigarillos Villiger Shots Filter 5 x 10 pi\u00e8ces.","description":"Cigarillos Villiger Shots Filter 5 x 10 pi\u00e8ces. | Un grand choix de produits du tabac, d'e-fum\u00e9e et d'ustensiles pour fumer dans toute la Suisse | Cartes accept\u00e9es !","robots":{"index":"index","follow":"follow","max-snippet":"max-snippet:-1","max-image-preview":"max-image-preview:large","max-video-preview":"max-video-preview:-1"},"canonical":"https:\/\/www.tabakversand.ch\/fr\/produit\/cigarillos-filtre-villiger-shots-5-x-10-pieces\/","og_locale":"fr_FR","og_type":"article","og_title":"Cigarillos Villiger Shots Filter 5 x 10 pi\u00e8ces.","og_description":"Cigarillos Villiger Shots Filter 5 x 10 pi\u00e8ces. | Un grand choix de produits du tabac, d'e-fum\u00e9e et d'ustensiles pour fumer dans toute la Suisse | Cartes accept\u00e9es !","og_url":"https:\/\/www.tabakversand.ch\/fr\/produit\/cigarillos-filtre-villiger-shots-5-x-10-pieces\/","og_site_name":"Tabakversand.ch | Alles aus der Welt des Tabaks","article_modified_time":"2026-04-12T11:39:34+00:00","og_image":[{"width":500,"height":499,"url":"https:\/\/www.tabakversand.ch\/wp-content\/uploads\/2025\/07\/villiger-shots-all.jpg","type":"image\/jpeg"}],"twitter_card":"summary_large_image","twitter_misc":{"Dur\u00e9e de lecture estim\u00e9e":"1 minute"},"schema":{"@context":"https:\/\/schema.org","@graph":[{"@type":"WebPage","@id":"https:\/\/www.tabakversand.ch\/fr\/produit\/cigarillos-filtre-villiger-shots-5-x-10-pieces\/","url":"https:\/\/www.tabakversand.ch\/fr\/produit\/cigarillos-filtre-villiger-shots-5-x-10-pieces\/","name":"Cigarillos Villiger Shots Filter 5 x 10 pi\u00e8ces.","isPartOf":{"@id":"https:\/\/www.tabakversand.ch\/#website"},"primaryImageOfPage":{"@id":"https:\/\/www.tabakversand.ch\/fr\/produit\/cigarillos-filtre-villiger-shots-5-x-10-pieces\/#primaryimage"},"image":{"@id":"https:\/\/www.tabakversand.ch\/fr\/produit\/cigarillos-filtre-villiger-shots-5-x-10-pieces\/#primaryimage"},"thumbnailUrl":"https:\/\/www.tabakversand.ch\/wp-content\/uploads\/2025\/07\/villiger-shots-all.jpg","datePublished":"2025-07-13T06:45:53+00:00","dateModified":"2026-04-12T11:39:34+00:00","description":"Cigarillos Villiger Shots Filter 5 x 10 pi\u00e8ces. | Un grand choix de produits du tabac, d'e-fum\u00e9e et d'ustensiles pour fumer dans toute la Suisse | Cartes accept\u00e9es !","breadcrumb":{"@id":"https:\/\/www.tabakversand.ch\/fr\/produit\/cigarillos-filtre-villiger-shots-5-x-10-pieces\/#breadcrumb"},"inLanguage":"fr-FR","potentialAction":[{"@type":"ReadAction","target":["https:\/\/www.tabakversand.ch\/fr\/produit\/cigarillos-filtre-villiger-shots-5-x-10-pieces\/"]}]},{"@type":"ImageObject","inLanguage":"fr-FR","@id":"https:\/\/www.tabakversand.ch\/fr\/produit\/cigarillos-filtre-villiger-shots-5-x-10-pieces\/#primaryimage","url":"https:\/\/www.tabakversand.ch\/wp-content\/uploads\/2025\/07\/villiger-shots-all.jpg","contentUrl":"https:\/\/www.tabakversand.ch\/wp-content\/uploads\/2025\/07\/villiger-shots-all.jpg","width":500,"height":499,"caption":"Villiger Shots Filtre Cigarillos | Tabakversand.ch"},{"@type":"BreadcrumbList","@id":"https:\/\/www.tabakversand.ch\/fr\/produit\/cigarillos-filtre-villiger-shots-5-x-10-pieces\/#breadcrumb","itemListElement":[{"@type":"ListItem","position":1,"name":"Startseite","item":"https:\/\/www.tabakversand.ch\/"},{"@type":"ListItem","position":2,"name":"Boutique","item":"https:\/\/www.tabakversand.ch\/fr\/boutique\/"},{"@type":"ListItem","position":3,"name":"Cigarillos Villiger Shots Filter 5 x 10 pi\u00e8ces."}]},{"@type":"WebSite","@id":"https:\/\/www.tabakversand.ch\/#website","url":"https:\/\/www.tabakversand.ch\/","name":"Tabakversand.ch | Alles aus der Welt des Tabaks","description":"Smoke and carpe diem","potentialAction":[{"@type":"SearchAction","target":{"@type":"EntryPoint","urlTemplate":"https:\/\/www.tabakversand.ch\/?s={search_term_string}"},"query-input":{"@type":"PropertyValueSpecification","valueRequired":true,"valueName":"search_term_string"}}],"inLanguage":"fr-FR"}]}},"_links":{"self":[{"href":"https:\/\/www.tabakversand.ch\/fr\/wp-json\/wp\/v2\/product\/187928","targetHints":{"allow":["GET"]}}],"collection":[{"href":"https:\/\/www.tabakversand.ch\/fr\/wp-json\/wp\/v2\/product"}],"about":[{"href":"https:\/\/www.tabakversand.ch\/fr\/wp-json\/wp\/v2\/types\/product"}],"version-history":[{"count":4,"href":"https:\/\/www.tabakversand.ch\/fr\/wp-json\/wp\/v2\/product\/187928\/revisions"}],"predecessor-version":[{"id":217658,"href":"https:\/\/www.tabakversand.ch\/fr\/wp-json\/wp\/v2\/product\/187928\/revisions\/217658"}],"wp:featuredmedia":[{"embeddable":true,"href":"https:\/\/www.tabakversand.ch\/fr\/wp-json\/wp\/v2\/media\/187948"}],"wp:attachment":[{"href":"https:\/\/www.tabakversand.ch\/fr\/wp-json\/wp\/v2\/media?parent=187928"}],"wp:term":[{"taxonomy":"product_brand","embeddable":true,"href":"https:\/\/www.tabakversand.ch\/fr\/wp-json\/wp\/v2\/product_brand?post=187928"},{"taxonomy":"product_cat","embeddable":true,"href":"https:\/\/www.tabakversand.ch\/fr\/wp-json\/wp\/v2\/product_cat?post=187928"},{"taxonomy":"product_tag","embeddable":true,"href":"https:\/\/www.tabakversand.ch\/fr\/wp-json\/wp\/v2\/product_tag?post=187928"}],"curies":[{"name":"wp","href":"https:\/\/api.w.org\/{rel}","templated":true}]}}