{"id":189136,"date":"2025-07-17T16:22:37","date_gmt":"2025-07-17T14:22:37","guid":{"rendered":"https:\/\/www.tabakversand.ch\/?post_type=product&#038;p=189136"},"modified":"2026-04-13T16:01:42","modified_gmt":"2026-04-13T14:01:42","slug":"tabac-a-pipe-mac-baren-mixture-scottish-blend-5-x-50gr","status":"publish","type":"product","link":"https:\/\/www.tabakversand.ch\/fr\/produit\/tabac-a-pipe-mac-baren-mixture-scottish-blend-5-x-50gr\/","title":{"rendered":"M\u00e9lange \u00e9cossais Mac Baren"},"content":{"rendered":"<h1>M\u00e9lange \u00e9cossais Mac Baren<\/h1>\n<p>5 x 50 g<\/p>\n<p>Le Mac Baren Scottish Blend est l&rsquo;un des tabacs \u00e0 pipe les plus r\u00e9put\u00e9s au monde et constitue un v\u00e9ritable classique parmi les connaisseurs depuis son lancement en 1958. Son exceptionnelle popularit\u00e9 est due \u00e0 une recette savamment \u00e9quilibr\u00e9e et \u00e0 une qualit\u00e9 toujours \u00e9lev\u00e9e. <\/p>\n<p>Ce m\u00e9lange se compose d&rsquo;environ 35 vari\u00e9t\u00e9s de tabacs provenant de r\u00e9gions de culture s\u00e9lectionn\u00e9es. Les tabacs Virginie, doux et sucr\u00e9s, y occupent une place pr\u00e9pond\u00e9rante, compl\u00e9t\u00e9s par un Burley fin et le Cavendish Original caract\u00e9ristique de Mac Baren. Une partie des tabacs Virginie et Burley est d&rsquo;abord press\u00e9e, puis \u00e9miett\u00e9e avant d&rsquo;\u00eatre m\u00e9lang\u00e9e aux autres. Ce proc\u00e9d\u00e9 \u00e9labor\u00e9 garantit une exp\u00e9rience gustative particuli\u00e8rement harmonieuse et complexe.   <\/p>\n<p>Le Cavendish conf\u00e8re \u00e0 ce m\u00e9lange sa douceur et sa rondeur, tandis qu&rsquo;une subtile saveur de t\u00eate lui apporte un agr\u00e9able ar\u00f4me miell\u00e9. Il en r\u00e9sulte un tabac \u00e0 pipe \u00e9quilibr\u00e9, l\u00e9g\u00e8rement sucr\u00e9, d&rsquo;une force mod\u00e9r\u00e9e et d\u00e9gageant un parfum d&rsquo;ambiance plaisant. <\/p>\n<p>Gr\u00e2ce \u00e0 sa coupe classique, ce tabac est facile \u00e0 tasser et br\u00fble uniform\u00e9ment \u2013 \u200b\u200bid\u00e9al pour une exp\u00e9rience de fumage d\u00e9tendue, aussi bien pour les d\u00e9butants que pour les fumeurs de pipe exp\u00e9riment\u00e9s.<\/p>\n<p>Chez tabakversand.ch, vous recevez le tabac \u00e0 pipe Mac Baren Mixture Scottish Blend, conserv\u00e9 dans son emballage d&rsquo;origine. Un stockage soign\u00e9 garantit la pr\u00e9servation optimale de son ar\u00f4me, de son humidit\u00e9 et de sa qualit\u00e9 jusqu&rsquo;\u00e0 l&rsquo;exp\u00e9dition. Gr\u00e2ce \u00e0 une livraison rapide en Suisse, votre tabac \u00e0 pipe vous parvient g\u00e9n\u00e9ralement tr\u00e8s rapidement.  <\/p>\n<p>Pour plus d&rsquo;informations sur le tabac \u00e0 pipe, veuillez consulter l&rsquo;article Wikip\u00e9dia correspondant&nbsp;: <a href=\"https:\/\/de.wikipedia.org\/wiki\/Tabakpfeife#Pfeifentabak\">cliquez ici<\/a> . Si vous avez des questions concernant le produit, n&rsquo;h\u00e9sitez pas \u00e0 nous contacter&nbsp;: <a href=\"https:\/\/www.tabakversand.ch\/kontakt\/\">cliquez ici<\/a> . <\/p>\n<p>Tous les prix indiqu\u00e9s sont valables uniquement pour les commandes en ligne, TVA incluse, et peuvent \u00eatre modifi\u00e9s sans pr\u00e9avis. Les frais de port sont en sus.   Sous r\u00e9serve d&rsquo;erreurs, de modifications de l&rsquo;\u00e9tendue de la livraison et de la conception, d&rsquo;erreurs d&rsquo;impression et de modifications de prix. Les prix barr\u00e9s sont plut\u00f4t des prix. L&rsquo;illustration peut diff\u00e9rer de l&rsquo;original\/de l&rsquo;\u00e9tendue de la livraison.<br \/>\n*Livraison gratuite pour les commandes sup\u00e9rieures \u00e0 CHF 250.-.<\/p>\n","protected":false},"excerpt":{"rendered":"<p>M\u00e9lange \u00e9cossais Mac Baren 5 x 50 g Le Mac Baren Scottish Blend est l&rsquo;un des tabacs \u00e0 pipe les plus r\u00e9put\u00e9s au monde et constitue un v\u00e9ritable classique parmi les connaisseurs depuis son lancement en 1958. Son exceptionnelle popularit\u00e9 est due \u00e0 une recette savamment \u00e9quilibr\u00e9e et \u00e0 une qualit\u00e9 toujours \u00e9lev\u00e9e. Ce m\u00e9lange [&hellip;]<\/p>\n","protected":false},"featured_media":189140,"template":"","meta":[],"product_brand":[1661],"product_cat":[1949,5820,1888,2040],"product_tag":[],"class_list":{"0":"post-189136","1":"product","2":"type-product","3":"status-publish","4":"has-post-thumbnail","6":"product_brand-mac-baren","7":"product_cat-pipe-world-fr","8":"product_cat-sac","9":"product_cat-tabac","10":"product_cat-tabac-a-pipe-fr","12":"first","13":"onbackorder","14":"featured","15":"purchasable","16":"product-type-simple"},"yoast_head":"<!-- This site is optimized with the Yoast SEO plugin v27.5 - https:\/\/yoast.com\/product\/yoast-seo-wordpress\/ -->\n<title>Tabac \u00e0 pipe Mac Baren Scottish Blend<\/title>\n<meta name=\"description\" content=\"Mac Baren Scottish Blend\u00a0: Tabac \u00e0 pipe classique depuis 1958, compos\u00e9 de Virginie, de Burley et de Cavendish. Doux, l\u00e9g\u00e8rement sucr\u00e9, avec un agr\u00e9able ar\u00f4me de miel.\" \/>\n<meta name=\"robots\" content=\"index, follow, max-snippet:-1, max-image-preview:large, max-video-preview:-1\" \/>\n<link rel=\"canonical\" href=\"https:\/\/www.tabakversand.ch\/fr\/produit\/tabac-a-pipe-mac-baren-mixture-scottish-blend-5-x-50gr\/\" \/>\n<meta property=\"og:locale\" content=\"fr_FR\" \/>\n<meta property=\"og:type\" content=\"article\" \/>\n<meta property=\"og:title\" content=\"Tabac \u00e0 pipe Mac Baren Scottish Blend\" \/>\n<meta property=\"og:description\" content=\"Mac Baren Scottish Blend\u00a0: Tabac \u00e0 pipe classique depuis 1958, compos\u00e9 de Virginie, de Burley et de Cavendish. Doux, l\u00e9g\u00e8rement sucr\u00e9, avec un agr\u00e9able ar\u00f4me de miel.\" \/>\n<meta property=\"og:url\" content=\"https:\/\/www.tabakversand.ch\/fr\/produit\/tabac-a-pipe-mac-baren-mixture-scottish-blend-5-x-50gr\/\" \/>\n<meta property=\"og:site_name\" content=\"Tabakversand.ch | Alles aus der Welt des Tabaks\" \/>\n<meta property=\"article:modified_time\" content=\"2026-04-13T14:01:42+00:00\" \/>\n<meta property=\"og:image\" content=\"https:\/\/www.tabakversand.ch\/wp-content\/uploads\/2025\/07\/mac-baren-mixture-50-20021076.jpg\" \/>\n\t<meta property=\"og:image:width\" content=\"501\" \/>\n\t<meta property=\"og:image:height\" content=\"499\" \/>\n\t<meta property=\"og:image:type\" content=\"image\/jpeg\" \/>\n<meta name=\"twitter:card\" content=\"summary_large_image\" \/>\n<meta name=\"twitter:label1\" content=\"Dur\u00e9e de lecture estim\u00e9e\" \/>\n\t<meta name=\"twitter:data1\" content=\"1 minute\" \/>\n<script type=\"application\/ld+json\" class=\"yoast-schema-graph\">{\"@context\":\"https:\\\/\\\/schema.org\",\"@graph\":[{\"@type\":\"WebPage\",\"@id\":\"https:\\\/\\\/www.tabakversand.ch\\\/fr\\\/produit\\\/tabac-a-pipe-mac-baren-mixture-scottish-blend-5-x-50gr\\\/\",\"url\":\"https:\\\/\\\/www.tabakversand.ch\\\/fr\\\/produit\\\/tabac-a-pipe-mac-baren-mixture-scottish-blend-5-x-50gr\\\/\",\"name\":\"Tabac \u00e0 pipe Mac Baren Scottish Blend\",\"isPartOf\":{\"@id\":\"https:\\\/\\\/www.tabakversand.ch\\\/#website\"},\"primaryImageOfPage\":{\"@id\":\"https:\\\/\\\/www.tabakversand.ch\\\/fr\\\/produit\\\/tabac-a-pipe-mac-baren-mixture-scottish-blend-5-x-50gr\\\/#primaryimage\"},\"image\":{\"@id\":\"https:\\\/\\\/www.tabakversand.ch\\\/fr\\\/produit\\\/tabac-a-pipe-mac-baren-mixture-scottish-blend-5-x-50gr\\\/#primaryimage\"},\"thumbnailUrl\":\"https:\\\/\\\/www.tabakversand.ch\\\/wp-content\\\/uploads\\\/2025\\\/07\\\/mac-baren-mixture-50-20021076.jpg\",\"datePublished\":\"2025-07-17T14:22:37+00:00\",\"dateModified\":\"2026-04-13T14:01:42+00:00\",\"description\":\"Mac Baren Scottish Blend\u00a0: Tabac \u00e0 pipe classique depuis 1958, compos\u00e9 de Virginie, de Burley et de Cavendish. Doux, l\u00e9g\u00e8rement sucr\u00e9, avec un agr\u00e9able ar\u00f4me de miel.\",\"breadcrumb\":{\"@id\":\"https:\\\/\\\/www.tabakversand.ch\\\/fr\\\/produit\\\/tabac-a-pipe-mac-baren-mixture-scottish-blend-5-x-50gr\\\/#breadcrumb\"},\"inLanguage\":\"fr-FR\",\"potentialAction\":[{\"@type\":\"ReadAction\",\"target\":[\"https:\\\/\\\/www.tabakversand.ch\\\/fr\\\/produit\\\/tabac-a-pipe-mac-baren-mixture-scottish-blend-5-x-50gr\\\/\"]}]},{\"@type\":\"ImageObject\",\"inLanguage\":\"fr-FR\",\"@id\":\"https:\\\/\\\/www.tabakversand.ch\\\/fr\\\/produit\\\/tabac-a-pipe-mac-baren-mixture-scottish-blend-5-x-50gr\\\/#primaryimage\",\"url\":\"https:\\\/\\\/www.tabakversand.ch\\\/wp-content\\\/uploads\\\/2025\\\/07\\\/mac-baren-mixture-50-20021076.jpg\",\"contentUrl\":\"https:\\\/\\\/www.tabakversand.ch\\\/wp-content\\\/uploads\\\/2025\\\/07\\\/mac-baren-mixture-50-20021076.jpg\",\"width\":501,\"height\":499,\"caption\":\"Tabac \u00e0 pipe Mac Baren Mixture Scottish Blend 5 x 50gr. | Tabakversand.ch\"},{\"@type\":\"BreadcrumbList\",\"@id\":\"https:\\\/\\\/www.tabakversand.ch\\\/fr\\\/produit\\\/tabac-a-pipe-mac-baren-mixture-scottish-blend-5-x-50gr\\\/#breadcrumb\",\"itemListElement\":[{\"@type\":\"ListItem\",\"position\":1,\"name\":\"Startseite\",\"item\":\"https:\\\/\\\/www.tabakversand.ch\\\/\"},{\"@type\":\"ListItem\",\"position\":2,\"name\":\"Boutique\",\"item\":\"https:\\\/\\\/www.tabakversand.ch\\\/fr\\\/boutique\\\/\"},{\"@type\":\"ListItem\",\"position\":3,\"name\":\"M\u00e9lange \u00e9cossais Mac Baren\"}]},{\"@type\":\"WebSite\",\"@id\":\"https:\\\/\\\/www.tabakversand.ch\\\/#website\",\"url\":\"https:\\\/\\\/www.tabakversand.ch\\\/\",\"name\":\"Tabakversand.ch | Alles aus der Welt des Tabaks\",\"description\":\"Smoke and carpe diem\",\"potentialAction\":[{\"@type\":\"SearchAction\",\"target\":{\"@type\":\"EntryPoint\",\"urlTemplate\":\"https:\\\/\\\/www.tabakversand.ch\\\/?s={search_term_string}\"},\"query-input\":{\"@type\":\"PropertyValueSpecification\",\"valueRequired\":true,\"valueName\":\"search_term_string\"}}],\"inLanguage\":\"fr-FR\"}]}<\/script>\n<!-- \/ Yoast SEO plugin. -->","yoast_head_json":{"title":"Tabac \u00e0 pipe Mac Baren Scottish Blend","description":"Mac Baren Scottish Blend\u00a0: Tabac \u00e0 pipe classique depuis 1958, compos\u00e9 de Virginie, de Burley et de Cavendish. Doux, l\u00e9g\u00e8rement sucr\u00e9, avec un agr\u00e9able ar\u00f4me de miel.","robots":{"index":"index","follow":"follow","max-snippet":"max-snippet:-1","max-image-preview":"max-image-preview:large","max-video-preview":"max-video-preview:-1"},"canonical":"https:\/\/www.tabakversand.ch\/fr\/produit\/tabac-a-pipe-mac-baren-mixture-scottish-blend-5-x-50gr\/","og_locale":"fr_FR","og_type":"article","og_title":"Tabac \u00e0 pipe Mac Baren Scottish Blend","og_description":"Mac Baren Scottish Blend\u00a0: Tabac \u00e0 pipe classique depuis 1958, compos\u00e9 de Virginie, de Burley et de Cavendish. Doux, l\u00e9g\u00e8rement sucr\u00e9, avec un agr\u00e9able ar\u00f4me de miel.","og_url":"https:\/\/www.tabakversand.ch\/fr\/produit\/tabac-a-pipe-mac-baren-mixture-scottish-blend-5-x-50gr\/","og_site_name":"Tabakversand.ch | Alles aus der Welt des Tabaks","article_modified_time":"2026-04-13T14:01:42+00:00","og_image":[{"width":501,"height":499,"url":"https:\/\/www.tabakversand.ch\/wp-content\/uploads\/2025\/07\/mac-baren-mixture-50-20021076.jpg","type":"image\/jpeg"}],"twitter_card":"summary_large_image","twitter_misc":{"Dur\u00e9e de lecture estim\u00e9e":"1 minute"},"schema":{"@context":"https:\/\/schema.org","@graph":[{"@type":"WebPage","@id":"https:\/\/www.tabakversand.ch\/fr\/produit\/tabac-a-pipe-mac-baren-mixture-scottish-blend-5-x-50gr\/","url":"https:\/\/www.tabakversand.ch\/fr\/produit\/tabac-a-pipe-mac-baren-mixture-scottish-blend-5-x-50gr\/","name":"Tabac \u00e0 pipe Mac Baren Scottish Blend","isPartOf":{"@id":"https:\/\/www.tabakversand.ch\/#website"},"primaryImageOfPage":{"@id":"https:\/\/www.tabakversand.ch\/fr\/produit\/tabac-a-pipe-mac-baren-mixture-scottish-blend-5-x-50gr\/#primaryimage"},"image":{"@id":"https:\/\/www.tabakversand.ch\/fr\/produit\/tabac-a-pipe-mac-baren-mixture-scottish-blend-5-x-50gr\/#primaryimage"},"thumbnailUrl":"https:\/\/www.tabakversand.ch\/wp-content\/uploads\/2025\/07\/mac-baren-mixture-50-20021076.jpg","datePublished":"2025-07-17T14:22:37+00:00","dateModified":"2026-04-13T14:01:42+00:00","description":"Mac Baren Scottish Blend\u00a0: Tabac \u00e0 pipe classique depuis 1958, compos\u00e9 de Virginie, de Burley et de Cavendish. Doux, l\u00e9g\u00e8rement sucr\u00e9, avec un agr\u00e9able ar\u00f4me de miel.","breadcrumb":{"@id":"https:\/\/www.tabakversand.ch\/fr\/produit\/tabac-a-pipe-mac-baren-mixture-scottish-blend-5-x-50gr\/#breadcrumb"},"inLanguage":"fr-FR","potentialAction":[{"@type":"ReadAction","target":["https:\/\/www.tabakversand.ch\/fr\/produit\/tabac-a-pipe-mac-baren-mixture-scottish-blend-5-x-50gr\/"]}]},{"@type":"ImageObject","inLanguage":"fr-FR","@id":"https:\/\/www.tabakversand.ch\/fr\/produit\/tabac-a-pipe-mac-baren-mixture-scottish-blend-5-x-50gr\/#primaryimage","url":"https:\/\/www.tabakversand.ch\/wp-content\/uploads\/2025\/07\/mac-baren-mixture-50-20021076.jpg","contentUrl":"https:\/\/www.tabakversand.ch\/wp-content\/uploads\/2025\/07\/mac-baren-mixture-50-20021076.jpg","width":501,"height":499,"caption":"Tabac \u00e0 pipe Mac Baren Mixture Scottish Blend 5 x 50gr. | Tabakversand.ch"},{"@type":"BreadcrumbList","@id":"https:\/\/www.tabakversand.ch\/fr\/produit\/tabac-a-pipe-mac-baren-mixture-scottish-blend-5-x-50gr\/#breadcrumb","itemListElement":[{"@type":"ListItem","position":1,"name":"Startseite","item":"https:\/\/www.tabakversand.ch\/"},{"@type":"ListItem","position":2,"name":"Boutique","item":"https:\/\/www.tabakversand.ch\/fr\/boutique\/"},{"@type":"ListItem","position":3,"name":"M\u00e9lange \u00e9cossais Mac Baren"}]},{"@type":"WebSite","@id":"https:\/\/www.tabakversand.ch\/#website","url":"https:\/\/www.tabakversand.ch\/","name":"Tabakversand.ch | Alles aus der Welt des Tabaks","description":"Smoke and carpe diem","potentialAction":[{"@type":"SearchAction","target":{"@type":"EntryPoint","urlTemplate":"https:\/\/www.tabakversand.ch\/?s={search_term_string}"},"query-input":{"@type":"PropertyValueSpecification","valueRequired":true,"valueName":"search_term_string"}}],"inLanguage":"fr-FR"}]}},"_links":{"self":[{"href":"https:\/\/www.tabakversand.ch\/fr\/wp-json\/wp\/v2\/product\/189136","targetHints":{"allow":["GET"]}}],"collection":[{"href":"https:\/\/www.tabakversand.ch\/fr\/wp-json\/wp\/v2\/product"}],"about":[{"href":"https:\/\/www.tabakversand.ch\/fr\/wp-json\/wp\/v2\/types\/product"}],"version-history":[{"count":4,"href":"https:\/\/www.tabakversand.ch\/fr\/wp-json\/wp\/v2\/product\/189136\/revisions"}],"predecessor-version":[{"id":217886,"href":"https:\/\/www.tabakversand.ch\/fr\/wp-json\/wp\/v2\/product\/189136\/revisions\/217886"}],"wp:featuredmedia":[{"embeddable":true,"href":"https:\/\/www.tabakversand.ch\/fr\/wp-json\/wp\/v2\/media\/189140"}],"wp:attachment":[{"href":"https:\/\/www.tabakversand.ch\/fr\/wp-json\/wp\/v2\/media?parent=189136"}],"wp:term":[{"taxonomy":"product_brand","embeddable":true,"href":"https:\/\/www.tabakversand.ch\/fr\/wp-json\/wp\/v2\/product_brand?post=189136"},{"taxonomy":"product_cat","embeddable":true,"href":"https:\/\/www.tabakversand.ch\/fr\/wp-json\/wp\/v2\/product_cat?post=189136"},{"taxonomy":"product_tag","embeddable":true,"href":"https:\/\/www.tabakversand.ch\/fr\/wp-json\/wp\/v2\/product_tag?post=189136"}],"curies":[{"name":"wp","href":"https:\/\/api.w.org\/{rel}","templated":true}]}}