{"id":189358,"date":"2025-07-18T16:08:18","date_gmt":"2025-07-18T14:08:18","guid":{"rendered":"https:\/\/www.tabakversand.ch\/?post_type=product&#038;p=189358"},"modified":"2025-09-17T10:00:55","modified_gmt":"2025-09-17T08:00:55","slug":"elf-snus-max-menthe-polaire-5-x-20-mg-g","status":"publish","type":"product","link":"https:\/\/www.tabakversand.ch\/fr\/produit\/elf-snus-max-menthe-polaire-5-x-20-mg-g\/","title":{"rendered":"Elf Snus Max Menthe Polaire 5 x 20 mg\/g"},"content":{"rendered":"<p>Elf Snus Max Menthe Polaire 5 x 20 mg\/g<\/p>\n<p>La puissance glaciale \u00e0 l&rsquo;\u00e9tat pur&nbsp;: Max Polar Mint est synonyme d&rsquo;ar\u00f4me intense de menthe, d&rsquo;une puissance maximale et d&rsquo;une efficacit\u00e9 sans compromis. Id\u00e9al pour les utilisateurs exp\u00e9riment\u00e9s qui appr\u00e9cient la clart\u00e9 des messages et la fra\u00eecheur pure. <\/p>\n<p>Propri\u00e9t\u00e9s:<\/p>\n<ul>\n<li>Force : 6\/6<\/li>\n<li>Go\u00fbt : Menthe pure, forte, intense<\/li>\n<li>Sachets par bo\u00eete : 20 pi\u00e8ces.<\/li>\n<li>Format : pochette fine<\/li>\n<li>Teneur en nicotine : 20mg\/g<\/li>\n<\/ul>\n<p>Tous les prix s&rsquo;appliquent uniquement aux commandes en ligne et incluent la TVA. Sous r\u00e9serve de modifications sans pr\u00e9avis, frais de livraison en sus. Sous r\u00e9serve d&rsquo;erreurs, de modifications de contenu de livraison et de conception, de fautes d&rsquo;impression et de modifications de prix. Les prix barr\u00e9s sont des prix de remplacement. Les illustrations peuvent diff\u00e9rer de l&rsquo;original\/du contenu de livraison.<br \/>\n*Livraison gratuite pour les commandes sup\u00e9rieures \u00e0 CHF 250.-.<\/p>\n","protected":false},"excerpt":{"rendered":"<p>Elf Snus Max Menthe Polaire 5 x 20 mg\/g La puissance glaciale \u00e0 l&rsquo;\u00e9tat pur&nbsp;: Max Polar Mint est synonyme d&rsquo;ar\u00f4me intense de menthe, d&rsquo;une puissance maximale et d&rsquo;une efficacit\u00e9 sans compromis. Id\u00e9al pour les utilisateurs exp\u00e9riment\u00e9s qui appr\u00e9cient la clart\u00e9 des messages et la fra\u00eecheur pure. Propri\u00e9t\u00e9s: Force : 6\/6 Go\u00fbt : Menthe pure, [&hellip;]<\/p>\n","protected":false},"featured_media":189362,"template":"","meta":[],"product_brand":[2951],"product_cat":[4564,1888,1903,1900],"product_tag":[],"class_list":{"0":"post-189358","1":"product","2":"type-product","3":"status-publish","4":"has-post-thumbnail","6":"product_brand-elfbar","7":"product_cat-snus-en-sachet","8":"product_cat-tabac","9":"product_cat-tabac-a-macher-snus","10":"product_cat-tabac-a-macher-snus-dans-un-sac","12":"first","13":"onbackorder","14":"featured","15":"purchasable","16":"product-type-simple"},"yoast_head":"<!-- This site is optimized with the Yoast SEO plugin v27.5 - https:\/\/yoast.com\/product\/yoast-seo-wordpress\/ -->\n<title>Elf Snus Max Menthe Polaire 5 x 20 mg\/g - Tabakversand.ch | Alles aus der Welt des Tabaks<\/title>\n<meta name=\"description\" content=\"Elf Snus Max Polar Mint 5 x 20mg\/g | Un tr\u00e8s grand choix de produits du tabac, de cigarettes \u00e9lectroniques et d&#039;accessoires pour fumeurs dans toute la Suisse | Cartes accept\u00e9es !\" \/>\n<meta name=\"robots\" content=\"index, follow, max-snippet:-1, max-image-preview:large, max-video-preview:-1\" \/>\n<link rel=\"canonical\" href=\"https:\/\/www.tabakversand.ch\/fr\/produit\/elf-snus-max-menthe-polaire-5-x-20-mg-g\/\" \/>\n<meta property=\"og:locale\" content=\"fr_FR\" \/>\n<meta property=\"og:type\" content=\"article\" \/>\n<meta property=\"og:title\" content=\"Elf Snus Max Menthe Polaire 5 x 20 mg\/g - Tabakversand.ch | Alles aus der Welt des Tabaks\" \/>\n<meta property=\"og:description\" content=\"Elf Snus Max Polar Mint 5 x 20mg\/g | Un tr\u00e8s grand choix de produits du tabac, de cigarettes \u00e9lectroniques et d&#039;accessoires pour fumeurs dans toute la Suisse | Cartes accept\u00e9es !\" \/>\n<meta property=\"og:url\" content=\"https:\/\/www.tabakversand.ch\/fr\/produit\/elf-snus-max-menthe-polaire-5-x-20-mg-g\/\" \/>\n<meta property=\"og:site_name\" content=\"Tabakversand.ch | Alles aus der Welt des Tabaks\" \/>\n<meta property=\"article:modified_time\" content=\"2025-09-17T08:00:55+00:00\" \/>\n<meta property=\"og:image\" content=\"https:\/\/www.tabakversand.ch\/wp-content\/uploads\/2025\/07\/elf-max-polar-mint-20.jpg\" \/>\n\t<meta property=\"og:image:width\" content=\"500\" \/>\n\t<meta property=\"og:image:height\" content=\"500\" \/>\n\t<meta property=\"og:image:type\" content=\"image\/jpeg\" \/>\n<meta name=\"twitter:card\" content=\"summary_large_image\" \/>\n<meta name=\"twitter:label1\" content=\"Dur\u00e9e de lecture estim\u00e9e\" \/>\n\t<meta name=\"twitter:data1\" content=\"1 minute\" \/>\n<script type=\"application\/ld+json\" class=\"yoast-schema-graph\">{\"@context\":\"https:\\\/\\\/schema.org\",\"@graph\":[{\"@type\":\"WebPage\",\"@id\":\"https:\\\/\\\/www.tabakversand.ch\\\/fr\\\/produit\\\/elf-snus-max-menthe-polaire-5-x-20-mg-g\\\/\",\"url\":\"https:\\\/\\\/www.tabakversand.ch\\\/fr\\\/produit\\\/elf-snus-max-menthe-polaire-5-x-20-mg-g\\\/\",\"name\":\"Elf Snus Max Menthe Polaire 5 x 20 mg\\\/g - Tabakversand.ch | Alles aus der Welt des Tabaks\",\"isPartOf\":{\"@id\":\"https:\\\/\\\/www.tabakversand.ch\\\/#website\"},\"primaryImageOfPage\":{\"@id\":\"https:\\\/\\\/www.tabakversand.ch\\\/fr\\\/produit\\\/elf-snus-max-menthe-polaire-5-x-20-mg-g\\\/#primaryimage\"},\"image\":{\"@id\":\"https:\\\/\\\/www.tabakversand.ch\\\/fr\\\/produit\\\/elf-snus-max-menthe-polaire-5-x-20-mg-g\\\/#primaryimage\"},\"thumbnailUrl\":\"https:\\\/\\\/www.tabakversand.ch\\\/wp-content\\\/uploads\\\/2025\\\/07\\\/elf-max-polar-mint-20.jpg\",\"datePublished\":\"2025-07-18T14:08:18+00:00\",\"dateModified\":\"2025-09-17T08:00:55+00:00\",\"description\":\"Elf Snus Max Polar Mint 5 x 20mg\\\/g | Un tr\u00e8s grand choix de produits du tabac, de cigarettes \u00e9lectroniques et d'accessoires pour fumeurs dans toute la Suisse | Cartes accept\u00e9es !\",\"breadcrumb\":{\"@id\":\"https:\\\/\\\/www.tabakversand.ch\\\/fr\\\/produit\\\/elf-snus-max-menthe-polaire-5-x-20-mg-g\\\/#breadcrumb\"},\"inLanguage\":\"fr-FR\",\"potentialAction\":[{\"@type\":\"ReadAction\",\"target\":[\"https:\\\/\\\/www.tabakversand.ch\\\/fr\\\/produit\\\/elf-snus-max-menthe-polaire-5-x-20-mg-g\\\/\"]}]},{\"@type\":\"ImageObject\",\"inLanguage\":\"fr-FR\",\"@id\":\"https:\\\/\\\/www.tabakversand.ch\\\/fr\\\/produit\\\/elf-snus-max-menthe-polaire-5-x-20-mg-g\\\/#primaryimage\",\"url\":\"https:\\\/\\\/www.tabakversand.ch\\\/wp-content\\\/uploads\\\/2025\\\/07\\\/elf-max-polar-mint-20.jpg\",\"contentUrl\":\"https:\\\/\\\/www.tabakversand.ch\\\/wp-content\\\/uploads\\\/2025\\\/07\\\/elf-max-polar-mint-20.jpg\",\"width\":500,\"height\":500,\"caption\":\"Elf Snus Max Menthe Polaire 5 x 20 mg\\\/g | Tabakversand.ch\"},{\"@type\":\"BreadcrumbList\",\"@id\":\"https:\\\/\\\/www.tabakversand.ch\\\/fr\\\/produit\\\/elf-snus-max-menthe-polaire-5-x-20-mg-g\\\/#breadcrumb\",\"itemListElement\":[{\"@type\":\"ListItem\",\"position\":1,\"name\":\"Startseite\",\"item\":\"https:\\\/\\\/www.tabakversand.ch\\\/\"},{\"@type\":\"ListItem\",\"position\":2,\"name\":\"Boutique\",\"item\":\"https:\\\/\\\/www.tabakversand.ch\\\/fr\\\/boutique\\\/\"},{\"@type\":\"ListItem\",\"position\":3,\"name\":\"Elf Snus Max Menthe Polaire 5 x 20 mg\\\/g\"}]},{\"@type\":\"WebSite\",\"@id\":\"https:\\\/\\\/www.tabakversand.ch\\\/#website\",\"url\":\"https:\\\/\\\/www.tabakversand.ch\\\/\",\"name\":\"Tabakversand.ch | Alles aus der Welt des Tabaks\",\"description\":\"Smoke and carpe diem\",\"potentialAction\":[{\"@type\":\"SearchAction\",\"target\":{\"@type\":\"EntryPoint\",\"urlTemplate\":\"https:\\\/\\\/www.tabakversand.ch\\\/?s={search_term_string}\"},\"query-input\":{\"@type\":\"PropertyValueSpecification\",\"valueRequired\":true,\"valueName\":\"search_term_string\"}}],\"inLanguage\":\"fr-FR\"}]}<\/script>\n<!-- \/ Yoast SEO plugin. -->","yoast_head_json":{"title":"Elf Snus Max Menthe Polaire 5 x 20 mg\/g - Tabakversand.ch | Alles aus der Welt des Tabaks","description":"Elf Snus Max Polar Mint 5 x 20mg\/g | Un tr\u00e8s grand choix de produits du tabac, de cigarettes \u00e9lectroniques et d'accessoires pour fumeurs dans toute la Suisse | Cartes accept\u00e9es !","robots":{"index":"index","follow":"follow","max-snippet":"max-snippet:-1","max-image-preview":"max-image-preview:large","max-video-preview":"max-video-preview:-1"},"canonical":"https:\/\/www.tabakversand.ch\/fr\/produit\/elf-snus-max-menthe-polaire-5-x-20-mg-g\/","og_locale":"fr_FR","og_type":"article","og_title":"Elf Snus Max Menthe Polaire 5 x 20 mg\/g - Tabakversand.ch | Alles aus der Welt des Tabaks","og_description":"Elf Snus Max Polar Mint 5 x 20mg\/g | Un tr\u00e8s grand choix de produits du tabac, de cigarettes \u00e9lectroniques et d'accessoires pour fumeurs dans toute la Suisse | Cartes accept\u00e9es !","og_url":"https:\/\/www.tabakversand.ch\/fr\/produit\/elf-snus-max-menthe-polaire-5-x-20-mg-g\/","og_site_name":"Tabakversand.ch | Alles aus der Welt des Tabaks","article_modified_time":"2025-09-17T08:00:55+00:00","og_image":[{"width":500,"height":500,"url":"https:\/\/www.tabakversand.ch\/wp-content\/uploads\/2025\/07\/elf-max-polar-mint-20.jpg","type":"image\/jpeg"}],"twitter_card":"summary_large_image","twitter_misc":{"Dur\u00e9e de lecture estim\u00e9e":"1 minute"},"schema":{"@context":"https:\/\/schema.org","@graph":[{"@type":"WebPage","@id":"https:\/\/www.tabakversand.ch\/fr\/produit\/elf-snus-max-menthe-polaire-5-x-20-mg-g\/","url":"https:\/\/www.tabakversand.ch\/fr\/produit\/elf-snus-max-menthe-polaire-5-x-20-mg-g\/","name":"Elf Snus Max Menthe Polaire 5 x 20 mg\/g - Tabakversand.ch | Alles aus der Welt des Tabaks","isPartOf":{"@id":"https:\/\/www.tabakversand.ch\/#website"},"primaryImageOfPage":{"@id":"https:\/\/www.tabakversand.ch\/fr\/produit\/elf-snus-max-menthe-polaire-5-x-20-mg-g\/#primaryimage"},"image":{"@id":"https:\/\/www.tabakversand.ch\/fr\/produit\/elf-snus-max-menthe-polaire-5-x-20-mg-g\/#primaryimage"},"thumbnailUrl":"https:\/\/www.tabakversand.ch\/wp-content\/uploads\/2025\/07\/elf-max-polar-mint-20.jpg","datePublished":"2025-07-18T14:08:18+00:00","dateModified":"2025-09-17T08:00:55+00:00","description":"Elf Snus Max Polar Mint 5 x 20mg\/g | Un tr\u00e8s grand choix de produits du tabac, de cigarettes \u00e9lectroniques et d'accessoires pour fumeurs dans toute la Suisse | Cartes accept\u00e9es !","breadcrumb":{"@id":"https:\/\/www.tabakversand.ch\/fr\/produit\/elf-snus-max-menthe-polaire-5-x-20-mg-g\/#breadcrumb"},"inLanguage":"fr-FR","potentialAction":[{"@type":"ReadAction","target":["https:\/\/www.tabakversand.ch\/fr\/produit\/elf-snus-max-menthe-polaire-5-x-20-mg-g\/"]}]},{"@type":"ImageObject","inLanguage":"fr-FR","@id":"https:\/\/www.tabakversand.ch\/fr\/produit\/elf-snus-max-menthe-polaire-5-x-20-mg-g\/#primaryimage","url":"https:\/\/www.tabakversand.ch\/wp-content\/uploads\/2025\/07\/elf-max-polar-mint-20.jpg","contentUrl":"https:\/\/www.tabakversand.ch\/wp-content\/uploads\/2025\/07\/elf-max-polar-mint-20.jpg","width":500,"height":500,"caption":"Elf Snus Max Menthe Polaire 5 x 20 mg\/g | Tabakversand.ch"},{"@type":"BreadcrumbList","@id":"https:\/\/www.tabakversand.ch\/fr\/produit\/elf-snus-max-menthe-polaire-5-x-20-mg-g\/#breadcrumb","itemListElement":[{"@type":"ListItem","position":1,"name":"Startseite","item":"https:\/\/www.tabakversand.ch\/"},{"@type":"ListItem","position":2,"name":"Boutique","item":"https:\/\/www.tabakversand.ch\/fr\/boutique\/"},{"@type":"ListItem","position":3,"name":"Elf Snus Max Menthe Polaire 5 x 20 mg\/g"}]},{"@type":"WebSite","@id":"https:\/\/www.tabakversand.ch\/#website","url":"https:\/\/www.tabakversand.ch\/","name":"Tabakversand.ch | Alles aus der Welt des Tabaks","description":"Smoke and carpe diem","potentialAction":[{"@type":"SearchAction","target":{"@type":"EntryPoint","urlTemplate":"https:\/\/www.tabakversand.ch\/?s={search_term_string}"},"query-input":{"@type":"PropertyValueSpecification","valueRequired":true,"valueName":"search_term_string"}}],"inLanguage":"fr-FR"}]}},"_links":{"self":[{"href":"https:\/\/www.tabakversand.ch\/fr\/wp-json\/wp\/v2\/product\/189358","targetHints":{"allow":["GET"]}}],"collection":[{"href":"https:\/\/www.tabakversand.ch\/fr\/wp-json\/wp\/v2\/product"}],"about":[{"href":"https:\/\/www.tabakversand.ch\/fr\/wp-json\/wp\/v2\/types\/product"}],"version-history":[{"count":4,"href":"https:\/\/www.tabakversand.ch\/fr\/wp-json\/wp\/v2\/product\/189358\/revisions"}],"predecessor-version":[{"id":200024,"href":"https:\/\/www.tabakversand.ch\/fr\/wp-json\/wp\/v2\/product\/189358\/revisions\/200024"}],"wp:featuredmedia":[{"embeddable":true,"href":"https:\/\/www.tabakversand.ch\/fr\/wp-json\/wp\/v2\/media\/189362"}],"wp:attachment":[{"href":"https:\/\/www.tabakversand.ch\/fr\/wp-json\/wp\/v2\/media?parent=189358"}],"wp:term":[{"taxonomy":"product_brand","embeddable":true,"href":"https:\/\/www.tabakversand.ch\/fr\/wp-json\/wp\/v2\/product_brand?post=189358"},{"taxonomy":"product_cat","embeddable":true,"href":"https:\/\/www.tabakversand.ch\/fr\/wp-json\/wp\/v2\/product_cat?post=189358"},{"taxonomy":"product_tag","embeddable":true,"href":"https:\/\/www.tabakversand.ch\/fr\/wp-json\/wp\/v2\/product_tag?post=189358"}],"curies":[{"name":"wp","href":"https:\/\/api.w.org\/{rel}","templated":true}]}}