{"id":189832,"date":"2025-07-22T15:26:59","date_gmt":"2025-07-22T13:26:59","guid":{"rendered":"https:\/\/www.tabakversand.ch\/?post_type=product&#038;p=189832"},"modified":"2026-04-05T19:26:33","modified_gmt":"2026-04-05T17:26:33","slug":"escort-gold-volume-87-gr-tabac-a-cigarettes","status":"publish","type":"product","link":"https:\/\/www.tabakversand.ch\/fr\/produit\/escort-gold-volume-87-gr-tabac-a-cigarettes\/","title":{"rendered":"Escort Gold Volume 87 gr. Tabac \u00e0 cigarettes"},"content":{"rendered":"<p>Escort Gold Volume 87 gr. Tabac \u00e0 cigarettes<\/p>\n<p>Tabac rotatif et de farce<\/p>\n<p>Ce tabac en vrac \u00e0 haut rendement se distingue par son proc\u00e9d\u00e9 de fabrication particulier. Son ar\u00f4me doux et \u00e9quilibr\u00e9 le rend id\u00e9al pour le roulage de cigarettes et il impressionne par son excellente efficacit\u00e9 de consommation. <\/p>\n<p>Propri\u00e9t\u00e9s:<\/p>\n<ul>\n<li>  &#8211; Go\u00fbt doux et \u00e9quilibr\u00e9<\/li>\n<li>  &#8211; Sp\u00e9cialement con\u00e7u pour le rembourrage<\/li>\n<li>  &#8211; Rendement \u00e9lev\u00e9 gr\u00e2ce \u00e0 un traitement sp\u00e9cial<\/li>\n<li>  &#8211; Id\u00e9al pour les fumeurs soucieux de leur budget<\/li>\n<\/ul>\n<p>Tous les prix s&rsquo;appliquent uniquement aux commandes en ligne et incluent la TVA. Sous r\u00e9serve de modifications sans pr\u00e9avis, frais de livraison en sus. Sous r\u00e9serve d&rsquo;erreurs, de modifications de contenu de livraison et de conception, de fautes d&rsquo;impression et de modifications de prix. Les prix barr\u00e9s sont des prix de remplacement. Les illustrations peuvent diff\u00e9rer de l&rsquo;original\/du contenu de livraison.<br \/>\n*Livraison gratuite pour les commandes sup\u00e9rieures \u00e0 CHF 250.-.<\/p>\n","protected":false},"excerpt":{"rendered":"<p>Escort Gold Volume 87 gr. Tabac \u00e0 cigarettes Tabac rotatif et de farce Ce tabac en vrac \u00e0 haut rendement se distingue par son proc\u00e9d\u00e9 de fabrication particulier. Son ar\u00f4me doux et \u00e9quilibr\u00e9 le rend id\u00e9al pour le roulage de cigarettes et il impressionne par son excellente efficacit\u00e9 de consommation. Propri\u00e9t\u00e9s: &#8211; Go\u00fbt doux et [&hellip;]<\/p>\n","protected":false},"featured_media":189836,"template":"","meta":[],"product_brand":[5695],"product_cat":[1961,1888,1963,1964],"product_tag":[],"class_list":{"0":"post-189832","1":"product","2":"type-product","3":"status-publish","4":"has-post-thumbnail","6":"product_brand-escort-feinschnitt","7":"product_cat-cigarettes-self-made-fr-2","8":"product_cat-tabac","9":"product_cat-tabac-a-cigarettes","10":"product_cat-tabac-a-cigarettes-fr","12":"first","13":"onbackorder","14":"featured","15":"purchasable","16":"product-type-simple"},"yoast_head":"<!-- This site is optimized with the Yoast SEO plugin v27.0 - https:\/\/yoast.com\/product\/yoast-seo-wordpress\/ -->\n<title>Escort Gold Volume 87 gr. Tabac \u00e0 cigarettes - tabakversand.ch<\/title>\n<meta name=\"description\" content=\"Escort Gold Volume 87 gr. Tabac \u00e0 cigarettes | Un tr\u00e8s grand choix de produits du tabac dans toute la Suisse | Cartes accept\u00e9es!\" \/>\n<meta name=\"robots\" content=\"index, follow, max-snippet:-1, max-image-preview:large, max-video-preview:-1\" \/>\n<link rel=\"canonical\" href=\"https:\/\/www.tabakversand.ch\/fr\/produit\/escort-gold-volume-87-gr-tabac-a-cigarettes\/\" \/>\n<meta property=\"og:locale\" content=\"fr_FR\" \/>\n<meta property=\"og:type\" content=\"article\" \/>\n<meta property=\"og:title\" content=\"Escort Gold Volume 87 gr. Tabac \u00e0 cigarettes - tabakversand.ch\" \/>\n<meta property=\"og:description\" content=\"Escort Gold Volume 87 gr. Tabac \u00e0 cigarettes | Un tr\u00e8s grand choix de produits du tabac dans toute la Suisse | Cartes accept\u00e9es!\" \/>\n<meta property=\"og:url\" content=\"https:\/\/www.tabakversand.ch\/fr\/produit\/escort-gold-volume-87-gr-tabac-a-cigarettes\/\" \/>\n<meta property=\"og:site_name\" content=\"Tabakversand.ch | Alles aus der Welt des Tabaks\" \/>\n<meta property=\"article:modified_time\" content=\"2026-04-05T17:26:33+00:00\" \/>\n<meta property=\"og:image\" content=\"https:\/\/www.tabakversand.ch\/wp-content\/uploads\/2025\/07\/escort-gold-volume.jpg\" \/>\n\t<meta property=\"og:image:width\" content=\"500\" \/>\n\t<meta property=\"og:image:height\" content=\"500\" \/>\n\t<meta property=\"og:image:type\" content=\"image\/jpeg\" \/>\n<meta name=\"twitter:card\" content=\"summary_large_image\" \/>\n<meta name=\"twitter:label1\" content=\"Dur\u00e9e de lecture estim\u00e9e\" \/>\n\t<meta name=\"twitter:data1\" content=\"1 minute\" \/>\n<script type=\"application\/ld+json\" class=\"yoast-schema-graph\">{\"@context\":\"https:\/\/schema.org\",\"@graph\":[{\"@type\":\"WebPage\",\"@id\":\"https:\/\/www.tabakversand.ch\/fr\/produit\/escort-gold-volume-87-gr-tabac-a-cigarettes\/\",\"url\":\"https:\/\/www.tabakversand.ch\/fr\/produit\/escort-gold-volume-87-gr-tabac-a-cigarettes\/\",\"name\":\"Escort Gold Volume 87 gr. Tabac \u00e0 cigarettes - tabakversand.ch\",\"isPartOf\":{\"@id\":\"https:\/\/www.tabakversand.ch\/#website\"},\"primaryImageOfPage\":{\"@id\":\"https:\/\/www.tabakversand.ch\/fr\/produit\/escort-gold-volume-87-gr-tabac-a-cigarettes\/#primaryimage\"},\"image\":{\"@id\":\"https:\/\/www.tabakversand.ch\/fr\/produit\/escort-gold-volume-87-gr-tabac-a-cigarettes\/#primaryimage\"},\"thumbnailUrl\":\"https:\/\/www.tabakversand.ch\/wp-content\/uploads\/2025\/07\/escort-gold-volume.jpg\",\"datePublished\":\"2025-07-22T13:26:59+00:00\",\"dateModified\":\"2026-04-05T17:26:33+00:00\",\"description\":\"Escort Gold Volume 87 gr. Tabac \u00e0 cigarettes | Un tr\u00e8s grand choix de produits du tabac dans toute la Suisse | Cartes accept\u00e9es!\",\"breadcrumb\":{\"@id\":\"https:\/\/www.tabakversand.ch\/fr\/produit\/escort-gold-volume-87-gr-tabac-a-cigarettes\/#breadcrumb\"},\"inLanguage\":\"fr-FR\",\"potentialAction\":[{\"@type\":\"ReadAction\",\"target\":[\"https:\/\/www.tabakversand.ch\/fr\/produit\/escort-gold-volume-87-gr-tabac-a-cigarettes\/\"]}]},{\"@type\":\"ImageObject\",\"inLanguage\":\"fr-FR\",\"@id\":\"https:\/\/www.tabakversand.ch\/fr\/produit\/escort-gold-volume-87-gr-tabac-a-cigarettes\/#primaryimage\",\"url\":\"https:\/\/www.tabakversand.ch\/wp-content\/uploads\/2025\/07\/escort-gold-volume.jpg\",\"contentUrl\":\"https:\/\/www.tabakversand.ch\/wp-content\/uploads\/2025\/07\/escort-gold-volume.jpg\",\"width\":500,\"height\":500,\"caption\":\"Escort Gold Volume 87 gr. Tabac \u00e0 cigarettes | Tabakversand.ch\"},{\"@type\":\"BreadcrumbList\",\"@id\":\"https:\/\/www.tabakversand.ch\/fr\/produit\/escort-gold-volume-87-gr-tabac-a-cigarettes\/#breadcrumb\",\"itemListElement\":[{\"@type\":\"ListItem\",\"position\":1,\"name\":\"Startseite\",\"item\":\"https:\/\/www.tabakversand.ch\/\"},{\"@type\":\"ListItem\",\"position\":2,\"name\":\"Boutique\",\"item\":\"https:\/\/www.tabakversand.ch\/fr\/boutique\/\"},{\"@type\":\"ListItem\",\"position\":3,\"name\":\"Escort Gold Volume 87 gr. Tabac \u00e0 cigarettes\"}]},{\"@type\":\"WebSite\",\"@id\":\"https:\/\/www.tabakversand.ch\/#website\",\"url\":\"https:\/\/www.tabakversand.ch\/\",\"name\":\"Tabakversand.ch | Alles aus der Welt des Tabaks\",\"description\":\"Smoke and carpe diem\",\"potentialAction\":[{\"@type\":\"SearchAction\",\"target\":{\"@type\":\"EntryPoint\",\"urlTemplate\":\"https:\/\/www.tabakversand.ch\/?s={search_term_string}\"},\"query-input\":{\"@type\":\"PropertyValueSpecification\",\"valueRequired\":true,\"valueName\":\"search_term_string\"}}],\"inLanguage\":\"fr-FR\"}]}<\/script>\n<!-- \/ Yoast SEO plugin. -->","yoast_head_json":{"title":"Escort Gold Volume 87 gr. Tabac \u00e0 cigarettes - tabakversand.ch","description":"Escort Gold Volume 87 gr. Tabac \u00e0 cigarettes | Un tr\u00e8s grand choix de produits du tabac dans toute la Suisse | Cartes accept\u00e9es!","robots":{"index":"index","follow":"follow","max-snippet":"max-snippet:-1","max-image-preview":"max-image-preview:large","max-video-preview":"max-video-preview:-1"},"canonical":"https:\/\/www.tabakversand.ch\/fr\/produit\/escort-gold-volume-87-gr-tabac-a-cigarettes\/","og_locale":"fr_FR","og_type":"article","og_title":"Escort Gold Volume 87 gr. Tabac \u00e0 cigarettes - tabakversand.ch","og_description":"Escort Gold Volume 87 gr. Tabac \u00e0 cigarettes | Un tr\u00e8s grand choix de produits du tabac dans toute la Suisse | Cartes accept\u00e9es!","og_url":"https:\/\/www.tabakversand.ch\/fr\/produit\/escort-gold-volume-87-gr-tabac-a-cigarettes\/","og_site_name":"Tabakversand.ch | Alles aus der Welt des Tabaks","article_modified_time":"2026-04-05T17:26:33+00:00","og_image":[{"width":500,"height":500,"url":"https:\/\/www.tabakversand.ch\/wp-content\/uploads\/2025\/07\/escort-gold-volume.jpg","type":"image\/jpeg"}],"twitter_card":"summary_large_image","twitter_misc":{"Dur\u00e9e de lecture estim\u00e9e":"1 minute"},"schema":{"@context":"https:\/\/schema.org","@graph":[{"@type":"WebPage","@id":"https:\/\/www.tabakversand.ch\/fr\/produit\/escort-gold-volume-87-gr-tabac-a-cigarettes\/","url":"https:\/\/www.tabakversand.ch\/fr\/produit\/escort-gold-volume-87-gr-tabac-a-cigarettes\/","name":"Escort Gold Volume 87 gr. Tabac \u00e0 cigarettes - tabakversand.ch","isPartOf":{"@id":"https:\/\/www.tabakversand.ch\/#website"},"primaryImageOfPage":{"@id":"https:\/\/www.tabakversand.ch\/fr\/produit\/escort-gold-volume-87-gr-tabac-a-cigarettes\/#primaryimage"},"image":{"@id":"https:\/\/www.tabakversand.ch\/fr\/produit\/escort-gold-volume-87-gr-tabac-a-cigarettes\/#primaryimage"},"thumbnailUrl":"https:\/\/www.tabakversand.ch\/wp-content\/uploads\/2025\/07\/escort-gold-volume.jpg","datePublished":"2025-07-22T13:26:59+00:00","dateModified":"2026-04-05T17:26:33+00:00","description":"Escort Gold Volume 87 gr. Tabac \u00e0 cigarettes | Un tr\u00e8s grand choix de produits du tabac dans toute la Suisse | Cartes accept\u00e9es!","breadcrumb":{"@id":"https:\/\/www.tabakversand.ch\/fr\/produit\/escort-gold-volume-87-gr-tabac-a-cigarettes\/#breadcrumb"},"inLanguage":"fr-FR","potentialAction":[{"@type":"ReadAction","target":["https:\/\/www.tabakversand.ch\/fr\/produit\/escort-gold-volume-87-gr-tabac-a-cigarettes\/"]}]},{"@type":"ImageObject","inLanguage":"fr-FR","@id":"https:\/\/www.tabakversand.ch\/fr\/produit\/escort-gold-volume-87-gr-tabac-a-cigarettes\/#primaryimage","url":"https:\/\/www.tabakversand.ch\/wp-content\/uploads\/2025\/07\/escort-gold-volume.jpg","contentUrl":"https:\/\/www.tabakversand.ch\/wp-content\/uploads\/2025\/07\/escort-gold-volume.jpg","width":500,"height":500,"caption":"Escort Gold Volume 87 gr. Tabac \u00e0 cigarettes | Tabakversand.ch"},{"@type":"BreadcrumbList","@id":"https:\/\/www.tabakversand.ch\/fr\/produit\/escort-gold-volume-87-gr-tabac-a-cigarettes\/#breadcrumb","itemListElement":[{"@type":"ListItem","position":1,"name":"Startseite","item":"https:\/\/www.tabakversand.ch\/"},{"@type":"ListItem","position":2,"name":"Boutique","item":"https:\/\/www.tabakversand.ch\/fr\/boutique\/"},{"@type":"ListItem","position":3,"name":"Escort Gold Volume 87 gr. Tabac \u00e0 cigarettes"}]},{"@type":"WebSite","@id":"https:\/\/www.tabakversand.ch\/#website","url":"https:\/\/www.tabakversand.ch\/","name":"Tabakversand.ch | Alles aus der Welt des Tabaks","description":"Smoke and carpe diem","potentialAction":[{"@type":"SearchAction","target":{"@type":"EntryPoint","urlTemplate":"https:\/\/www.tabakversand.ch\/?s={search_term_string}"},"query-input":{"@type":"PropertyValueSpecification","valueRequired":true,"valueName":"search_term_string"}}],"inLanguage":"fr-FR"}]}},"_links":{"self":[{"href":"https:\/\/www.tabakversand.ch\/fr\/wp-json\/wp\/v2\/product\/189832","targetHints":{"allow":["GET"]}}],"collection":[{"href":"https:\/\/www.tabakversand.ch\/fr\/wp-json\/wp\/v2\/product"}],"about":[{"href":"https:\/\/www.tabakversand.ch\/fr\/wp-json\/wp\/v2\/types\/product"}],"version-history":[{"count":4,"href":"https:\/\/www.tabakversand.ch\/fr\/wp-json\/wp\/v2\/product\/189832\/revisions"}],"predecessor-version":[{"id":216971,"href":"https:\/\/www.tabakversand.ch\/fr\/wp-json\/wp\/v2\/product\/189832\/revisions\/216971"}],"wp:featuredmedia":[{"embeddable":true,"href":"https:\/\/www.tabakversand.ch\/fr\/wp-json\/wp\/v2\/media\/189836"}],"wp:attachment":[{"href":"https:\/\/www.tabakversand.ch\/fr\/wp-json\/wp\/v2\/media?parent=189832"}],"wp:term":[{"taxonomy":"product_brand","embeddable":true,"href":"https:\/\/www.tabakversand.ch\/fr\/wp-json\/wp\/v2\/product_brand?post=189832"},{"taxonomy":"product_cat","embeddable":true,"href":"https:\/\/www.tabakversand.ch\/fr\/wp-json\/wp\/v2\/product_cat?post=189832"},{"taxonomy":"product_tag","embeddable":true,"href":"https:\/\/www.tabakversand.ch\/fr\/wp-json\/wp\/v2\/product_tag?post=189832"}],"curies":[{"name":"wp","href":"https:\/\/api.w.org\/{rel}","templated":true}]}}