{"id":190319,"date":"2025-07-24T14:46:34","date_gmt":"2025-07-24T12:46:34","guid":{"rendered":"https:\/\/www.tabakversand.ch\/?post_type=product&#038;p=190319"},"modified":"2025-07-24T15:02:58","modified_gmt":"2025-07-24T13:02:58","slug":"embout-de-cigare-en-acrylique-dm-15-mm","status":"publish","type":"product","link":"https:\/\/www.tabakversand.ch\/fr\/produit\/embout-de-cigare-en-acrylique-dm-15-mm\/","title":{"rendered":"Embout de cigare en acrylique DM 15 mm"},"content":{"rendered":"<div id=\"tab-label-description\" class=\"data item title active\" role=\"tab\" data-role=\"collapsible\" data-collapsible=\"true\">\n<div id=\"description\" class=\"data item content\" role=\"tabpanel\" data-role=\"content\" aria-labelledby=\"tab-label-description\" aria-hidden=\"false\">\n<div class=\"product attribute9 description\">\n<p>Embout de cigare en acrylique DM 15 mm<\/p>\n<p>Diam\u00e8tre 15 mm<\/p>\n<p>Longueur : 55 mm<\/p>\n<p>Acrylique<\/p>\n<\/div>\n<\/div>\n<p>L&rsquo;\u00e9cume de mer est une substance min\u00e9rale dot\u00e9e d&rsquo;une structure particuli\u00e8re compos\u00e9e d&rsquo;innombrables pores minuscules. Ceux-ci la rendent tr\u00e8s absorbante, notamment pour la condensation produite lors du fumage, rendant ainsi l&rsquo;utilisation de filtres superflue. L&rsquo;\u00e9cume de mer est ignifuge et sans go\u00fbt.<\/p>\n<p>Tous les prix s&rsquo;appliquent uniquement aux commandes en ligne et incluent la TVA. TVA, sous r\u00e9serve de modifications plus Exp\u00e9dition. Sous r\u00e9serve d&rsquo;erreurs, de modifications de l&rsquo;\u00e9tendue de la livraison et de la conception, d&rsquo;erreurs d&rsquo;impression et de modifications de prix. Les prix barr\u00e9s sont plut\u00f4t des prix. L&rsquo;illustration peut diff\u00e9rer de l&rsquo;original\/de l&rsquo;\u00e9tendue de la livraison.<\/p>\n<\/div>\n<p>*Livraison gratuite pour les commandes sup\u00e9rieures \u00e0 CHF 250.<\/p>\n","protected":false},"excerpt":{"rendered":"<p>Embout de cigare en acrylique DM 15 mm Diam\u00e8tre 15 mm Longueur : 55 mm Acrylique L&rsquo;\u00e9cume de mer est une substance min\u00e9rale dot\u00e9e d&rsquo;une structure particuli\u00e8re compos\u00e9e d&rsquo;innombrables pores minuscules. Ceux-ci la rendent tr\u00e8s absorbante, notamment pour la condensation produite lors du fumage, rendant ainsi l&rsquo;utilisation de filtres superflue. L&rsquo;\u00e9cume de mer est ignifuge [&hellip;]<\/p>\n","protected":false},"featured_media":190327,"template":"","meta":[],"product_brand":[],"product_cat":[2119,3569,1994],"product_tag":[],"class_list":{"0":"post-190319","1":"product","2":"type-product","3":"status-publish","4":"has-post-thumbnail","6":"product_cat-accessoires-pour-cigares","7":"product_cat-conseils-pour-cigares","8":"product_cat-monde-du-cigare","10":"first","11":"instock","12":"purchasable","13":"product-type-simple"},"yoast_head":"<!-- This site is optimized with the Yoast SEO plugin v27.5 - https:\/\/yoast.com\/product\/yoast-seo-wordpress\/ -->\n<title>Embout de cigare en acrylique DM 15 mm<\/title>\n<meta name=\"description\" content=\"Embout \u00e0 cigare en acrylique, diam\u00e8tre 15mm | Un tr\u00e8s grand choix de produits du tabac et d&#039;accessoires pour fumeurs dans toute la Suisse | Cartes accept\u00e9es !\" \/>\n<meta name=\"robots\" content=\"index, follow, max-snippet:-1, max-image-preview:large, max-video-preview:-1\" \/>\n<link rel=\"canonical\" href=\"https:\/\/www.tabakversand.ch\/fr\/produit\/embout-de-cigare-en-acrylique-dm-15-mm\/\" \/>\n<meta property=\"og:locale\" content=\"fr_FR\" \/>\n<meta property=\"og:type\" content=\"article\" \/>\n<meta property=\"og:title\" content=\"Embout de cigare en acrylique DM 15 mm\" \/>\n<meta property=\"og:description\" content=\"Embout \u00e0 cigare en acrylique, diam\u00e8tre 15mm | Un tr\u00e8s grand choix de produits du tabac et d&#039;accessoires pour fumeurs dans toute la Suisse | Cartes accept\u00e9es !\" \/>\n<meta property=\"og:url\" content=\"https:\/\/www.tabakversand.ch\/fr\/produit\/embout-de-cigare-en-acrylique-dm-15-mm\/\" \/>\n<meta property=\"og:site_name\" content=\"Tabakversand.ch | Alles aus der Welt des Tabaks\" \/>\n<meta property=\"article:modified_time\" content=\"2025-07-24T13:02:58+00:00\" \/>\n<meta property=\"og:image\" content=\"https:\/\/www.tabakversand.ch\/wp-content\/uploads\/2025\/07\/zigarrenspitze-361060.jpg\" \/>\n\t<meta property=\"og:image:width\" content=\"500\" \/>\n\t<meta property=\"og:image:height\" content=\"500\" \/>\n\t<meta property=\"og:image:type\" content=\"image\/jpeg\" \/>\n<meta name=\"twitter:card\" content=\"summary_large_image\" \/>\n<meta name=\"twitter:label1\" content=\"Dur\u00e9e de lecture estim\u00e9e\" \/>\n\t<meta name=\"twitter:data1\" content=\"1 minute\" \/>\n<script type=\"application\/ld+json\" class=\"yoast-schema-graph\">{\"@context\":\"https:\\\/\\\/schema.org\",\"@graph\":[{\"@type\":\"WebPage\",\"@id\":\"https:\\\/\\\/www.tabakversand.ch\\\/fr\\\/produit\\\/embout-de-cigare-en-acrylique-dm-15-mm\\\/\",\"url\":\"https:\\\/\\\/www.tabakversand.ch\\\/fr\\\/produit\\\/embout-de-cigare-en-acrylique-dm-15-mm\\\/\",\"name\":\"Embout de cigare en acrylique DM 15 mm\",\"isPartOf\":{\"@id\":\"https:\\\/\\\/www.tabakversand.ch\\\/#website\"},\"primaryImageOfPage\":{\"@id\":\"https:\\\/\\\/www.tabakversand.ch\\\/fr\\\/produit\\\/embout-de-cigare-en-acrylique-dm-15-mm\\\/#primaryimage\"},\"image\":{\"@id\":\"https:\\\/\\\/www.tabakversand.ch\\\/fr\\\/produit\\\/embout-de-cigare-en-acrylique-dm-15-mm\\\/#primaryimage\"},\"thumbnailUrl\":\"https:\\\/\\\/www.tabakversand.ch\\\/wp-content\\\/uploads\\\/2025\\\/07\\\/zigarrenspitze-361060.jpg\",\"datePublished\":\"2025-07-24T12:46:34+00:00\",\"dateModified\":\"2025-07-24T13:02:58+00:00\",\"description\":\"Embout \u00e0 cigare en acrylique, diam\u00e8tre 15mm | Un tr\u00e8s grand choix de produits du tabac et d'accessoires pour fumeurs dans toute la Suisse | Cartes accept\u00e9es !\",\"breadcrumb\":{\"@id\":\"https:\\\/\\\/www.tabakversand.ch\\\/fr\\\/produit\\\/embout-de-cigare-en-acrylique-dm-15-mm\\\/#breadcrumb\"},\"inLanguage\":\"fr-FR\",\"potentialAction\":[{\"@type\":\"ReadAction\",\"target\":[\"https:\\\/\\\/www.tabakversand.ch\\\/fr\\\/produit\\\/embout-de-cigare-en-acrylique-dm-15-mm\\\/\"]}]},{\"@type\":\"ImageObject\",\"inLanguage\":\"fr-FR\",\"@id\":\"https:\\\/\\\/www.tabakversand.ch\\\/fr\\\/produit\\\/embout-de-cigare-en-acrylique-dm-15-mm\\\/#primaryimage\",\"url\":\"https:\\\/\\\/www.tabakversand.ch\\\/wp-content\\\/uploads\\\/2025\\\/07\\\/zigarrenspitze-361060.jpg\",\"contentUrl\":\"https:\\\/\\\/www.tabakversand.ch\\\/wp-content\\\/uploads\\\/2025\\\/07\\\/zigarrenspitze-361060.jpg\",\"width\":500,\"height\":500,\"caption\":\"Embout pour cigare en acrylique, diam\u00e8tre 15 mm | Tabakversand.ch\"},{\"@type\":\"BreadcrumbList\",\"@id\":\"https:\\\/\\\/www.tabakversand.ch\\\/fr\\\/produit\\\/embout-de-cigare-en-acrylique-dm-15-mm\\\/#breadcrumb\",\"itemListElement\":[{\"@type\":\"ListItem\",\"position\":1,\"name\":\"Startseite\",\"item\":\"https:\\\/\\\/www.tabakversand.ch\\\/\"},{\"@type\":\"ListItem\",\"position\":2,\"name\":\"Boutique\",\"item\":\"https:\\\/\\\/www.tabakversand.ch\\\/fr\\\/boutique\\\/\"},{\"@type\":\"ListItem\",\"position\":3,\"name\":\"Embout de cigare en acrylique DM 15 mm\"}]},{\"@type\":\"WebSite\",\"@id\":\"https:\\\/\\\/www.tabakversand.ch\\\/#website\",\"url\":\"https:\\\/\\\/www.tabakversand.ch\\\/\",\"name\":\"Tabakversand.ch | Alles aus der Welt des Tabaks\",\"description\":\"Smoke and carpe diem\",\"potentialAction\":[{\"@type\":\"SearchAction\",\"target\":{\"@type\":\"EntryPoint\",\"urlTemplate\":\"https:\\\/\\\/www.tabakversand.ch\\\/?s={search_term_string}\"},\"query-input\":{\"@type\":\"PropertyValueSpecification\",\"valueRequired\":true,\"valueName\":\"search_term_string\"}}],\"inLanguage\":\"fr-FR\"}]}<\/script>\n<!-- \/ Yoast SEO plugin. -->","yoast_head_json":{"title":"Embout de cigare en acrylique DM 15 mm","description":"Embout \u00e0 cigare en acrylique, diam\u00e8tre 15mm | Un tr\u00e8s grand choix de produits du tabac et d'accessoires pour fumeurs dans toute la Suisse | Cartes accept\u00e9es !","robots":{"index":"index","follow":"follow","max-snippet":"max-snippet:-1","max-image-preview":"max-image-preview:large","max-video-preview":"max-video-preview:-1"},"canonical":"https:\/\/www.tabakversand.ch\/fr\/produit\/embout-de-cigare-en-acrylique-dm-15-mm\/","og_locale":"fr_FR","og_type":"article","og_title":"Embout de cigare en acrylique DM 15 mm","og_description":"Embout \u00e0 cigare en acrylique, diam\u00e8tre 15mm | Un tr\u00e8s grand choix de produits du tabac et d'accessoires pour fumeurs dans toute la Suisse | Cartes accept\u00e9es !","og_url":"https:\/\/www.tabakversand.ch\/fr\/produit\/embout-de-cigare-en-acrylique-dm-15-mm\/","og_site_name":"Tabakversand.ch | Alles aus der Welt des Tabaks","article_modified_time":"2025-07-24T13:02:58+00:00","og_image":[{"width":500,"height":500,"url":"https:\/\/www.tabakversand.ch\/wp-content\/uploads\/2025\/07\/zigarrenspitze-361060.jpg","type":"image\/jpeg"}],"twitter_card":"summary_large_image","twitter_misc":{"Dur\u00e9e de lecture estim\u00e9e":"1 minute"},"schema":{"@context":"https:\/\/schema.org","@graph":[{"@type":"WebPage","@id":"https:\/\/www.tabakversand.ch\/fr\/produit\/embout-de-cigare-en-acrylique-dm-15-mm\/","url":"https:\/\/www.tabakversand.ch\/fr\/produit\/embout-de-cigare-en-acrylique-dm-15-mm\/","name":"Embout de cigare en acrylique DM 15 mm","isPartOf":{"@id":"https:\/\/www.tabakversand.ch\/#website"},"primaryImageOfPage":{"@id":"https:\/\/www.tabakversand.ch\/fr\/produit\/embout-de-cigare-en-acrylique-dm-15-mm\/#primaryimage"},"image":{"@id":"https:\/\/www.tabakversand.ch\/fr\/produit\/embout-de-cigare-en-acrylique-dm-15-mm\/#primaryimage"},"thumbnailUrl":"https:\/\/www.tabakversand.ch\/wp-content\/uploads\/2025\/07\/zigarrenspitze-361060.jpg","datePublished":"2025-07-24T12:46:34+00:00","dateModified":"2025-07-24T13:02:58+00:00","description":"Embout \u00e0 cigare en acrylique, diam\u00e8tre 15mm | Un tr\u00e8s grand choix de produits du tabac et d'accessoires pour fumeurs dans toute la Suisse | Cartes accept\u00e9es !","breadcrumb":{"@id":"https:\/\/www.tabakversand.ch\/fr\/produit\/embout-de-cigare-en-acrylique-dm-15-mm\/#breadcrumb"},"inLanguage":"fr-FR","potentialAction":[{"@type":"ReadAction","target":["https:\/\/www.tabakversand.ch\/fr\/produit\/embout-de-cigare-en-acrylique-dm-15-mm\/"]}]},{"@type":"ImageObject","inLanguage":"fr-FR","@id":"https:\/\/www.tabakversand.ch\/fr\/produit\/embout-de-cigare-en-acrylique-dm-15-mm\/#primaryimage","url":"https:\/\/www.tabakversand.ch\/wp-content\/uploads\/2025\/07\/zigarrenspitze-361060.jpg","contentUrl":"https:\/\/www.tabakversand.ch\/wp-content\/uploads\/2025\/07\/zigarrenspitze-361060.jpg","width":500,"height":500,"caption":"Embout pour cigare en acrylique, diam\u00e8tre 15 mm | Tabakversand.ch"},{"@type":"BreadcrumbList","@id":"https:\/\/www.tabakversand.ch\/fr\/produit\/embout-de-cigare-en-acrylique-dm-15-mm\/#breadcrumb","itemListElement":[{"@type":"ListItem","position":1,"name":"Startseite","item":"https:\/\/www.tabakversand.ch\/"},{"@type":"ListItem","position":2,"name":"Boutique","item":"https:\/\/www.tabakversand.ch\/fr\/boutique\/"},{"@type":"ListItem","position":3,"name":"Embout de cigare en acrylique DM 15 mm"}]},{"@type":"WebSite","@id":"https:\/\/www.tabakversand.ch\/#website","url":"https:\/\/www.tabakversand.ch\/","name":"Tabakversand.ch | Alles aus der Welt des Tabaks","description":"Smoke and carpe diem","potentialAction":[{"@type":"SearchAction","target":{"@type":"EntryPoint","urlTemplate":"https:\/\/www.tabakversand.ch\/?s={search_term_string}"},"query-input":{"@type":"PropertyValueSpecification","valueRequired":true,"valueName":"search_term_string"}}],"inLanguage":"fr-FR"}]}},"_links":{"self":[{"href":"https:\/\/www.tabakversand.ch\/fr\/wp-json\/wp\/v2\/product\/190319","targetHints":{"allow":["GET"]}}],"collection":[{"href":"https:\/\/www.tabakversand.ch\/fr\/wp-json\/wp\/v2\/product"}],"about":[{"href":"https:\/\/www.tabakversand.ch\/fr\/wp-json\/wp\/v2\/types\/product"}],"version-history":[{"count":3,"href":"https:\/\/www.tabakversand.ch\/fr\/wp-json\/wp\/v2\/product\/190319\/revisions"}],"predecessor-version":[{"id":190337,"href":"https:\/\/www.tabakversand.ch\/fr\/wp-json\/wp\/v2\/product\/190319\/revisions\/190337"}],"wp:featuredmedia":[{"embeddable":true,"href":"https:\/\/www.tabakversand.ch\/fr\/wp-json\/wp\/v2\/media\/190327"}],"wp:attachment":[{"href":"https:\/\/www.tabakversand.ch\/fr\/wp-json\/wp\/v2\/media?parent=190319"}],"wp:term":[{"taxonomy":"product_brand","embeddable":true,"href":"https:\/\/www.tabakversand.ch\/fr\/wp-json\/wp\/v2\/product_brand?post=190319"},{"taxonomy":"product_cat","embeddable":true,"href":"https:\/\/www.tabakversand.ch\/fr\/wp-json\/wp\/v2\/product_cat?post=190319"},{"taxonomy":"product_tag","embeddable":true,"href":"https:\/\/www.tabakversand.ch\/fr\/wp-json\/wp\/v2\/product_tag?post=190319"}],"curies":[{"name":"wp","href":"https:\/\/api.w.org\/{rel}","templated":true}]}}