{"id":193901,"date":"2025-08-13T13:36:29","date_gmt":"2025-08-13T11:36:29","guid":{"rendered":"https:\/\/www.tabakversand.ch\/?post_type=product&#038;p=193901"},"modified":"2025-08-13T13:41:22","modified_gmt":"2025-08-13T11:41:22","slug":"tuyau-faro-360965","status":"publish","type":"product","link":"https:\/\/www.tabakversand.ch\/fr\/produit\/tuyau-faro-360965\/","title":{"rendered":"Tuyau Faro 360965"},"content":{"rendered":"<div id=\"tab-label-description\" class=\"data item title active\" role=\"tab\" data-role=\"collapsible\" data-collapsible=\"true\">\n<div id=\"description\" class=\"data item content\" role=\"tabpanel\" data-role=\"content\" aria-labelledby=\"tab-label-description\" aria-hidden=\"false\">\n<div class=\"product attribute9 description\">\n<p>Tuyau Faro 360965<\/p>\n<p>Beaut\u00e9 naturelle aux accents dor\u00e9s<\/p>\n<p>La pipe Faro en bruy\u00e8re naturelle allie le bois de bruy\u00e8re naturel \u00e0 un \u00e9l\u00e9gant embout en acrylique noir, pour une sensation agr\u00e9able. La bague d\u00e9corative dor\u00e9e ajoute une touche sophistiqu\u00e9e et souligne le design intemporel de la pipe. Son corps naturel pr\u00e9serve la beaut\u00e9 du bois et garantit une exp\u00e9rience de fumage authentique. Id\u00e9ale pour les amateurs de pipes qui appr\u00e9cient l&rsquo;\u00e9l\u00e9gance classique et la qualit\u00e9 sup\u00e9rieure.<\/p>\n<ul>\n<li>Couleur : marron clair<\/li>\n<li>Forme de base : courb\u00e9e<\/li>\n<li>Embouchure : acrylique noir<\/li>\n<li>Type de morsure\u00a0: morsure normale<\/li>\n<li>Mat\u00e9riau : bois de bruy\u00e8re<\/li>\n<li>Filtre : 9 mm<\/li>\n<li>Bague : dor\u00e9e<\/li>\n<li>Longueur : environ 15 cm<\/li>\n<li>Hauteur de la t\u00eate : environ 4 cm<\/li>\n<li>Poids : environ 58 g<\/li>\n<\/ul>\n<\/div>\n<\/div>\n<p>Tous les prix s&rsquo;appliquent uniquement aux commandes en ligne et incluent la TVA. Sous r\u00e9serve de modifications sans pr\u00e9avis, frais de livraison en sus. Sous r\u00e9serve d&rsquo;erreurs, de modifications de contenu de livraison et de conception, de fautes d&rsquo;impression et de modifications de prix. Les prix barr\u00e9s sont des prix de remplacement. Les illustrations peuvent diff\u00e9rer de l&rsquo;original\/du contenu de livraison.<\/p>\n<\/div>\n<p>*Livraison gratuite pour les commandes sup\u00e9rieures \u00e0 CHF 250.-.<\/p>\n","protected":false},"excerpt":{"rendered":"<p>Tuyau Faro 360965 Beaut\u00e9 naturelle aux accents dor\u00e9s La pipe Faro en bruy\u00e8re naturelle allie le bois de bruy\u00e8re naturel \u00e0 un \u00e9l\u00e9gant embout en acrylique noir, pour une sensation agr\u00e9able. La bague d\u00e9corative dor\u00e9e ajoute une touche sophistiqu\u00e9e et souligne le design intemporel de la pipe. Son corps naturel pr\u00e9serve la beaut\u00e9 du bois [&hellip;]<\/p>\n","protected":false},"featured_media":193905,"template":"","meta":[],"product_brand":[],"product_cat":[3536,1949,1947],"product_tag":[],"class_list":{"0":"post-193901","1":"product","2":"type-product","3":"status-publish","4":"has-post-thumbnail","6":"product_cat-cfh-7900-tuyaux","7":"product_cat-pipe-world-fr","8":"product_cat-siffler","10":"first","11":"instock","12":"purchasable","13":"product-type-simple"},"yoast_head":"<!-- This site is optimized with the Yoast SEO plugin v27.5 - https:\/\/yoast.com\/product\/yoast-seo-wordpress\/ -->\n<title>Tuyau Faro 360965<\/title>\n<meta name=\"description\" content=\"Faro Pipe 360965 | Un tr\u00e8s grand choix de produits du tabac, de cigarettes \u00e9lectroniques et d&#039;accessoires pour fumeurs dans toute la Suisse | Cartes accept\u00e9es !\" \/>\n<meta name=\"robots\" content=\"index, follow, max-snippet:-1, max-image-preview:large, max-video-preview:-1\" \/>\n<link rel=\"canonical\" href=\"https:\/\/www.tabakversand.ch\/fr\/produit\/tuyau-faro-360965\/\" \/>\n<meta property=\"og:locale\" content=\"fr_FR\" \/>\n<meta property=\"og:type\" content=\"article\" \/>\n<meta property=\"og:title\" content=\"Tuyau Faro 360965\" \/>\n<meta property=\"og:description\" content=\"Faro Pipe 360965 | Un tr\u00e8s grand choix de produits du tabac, de cigarettes \u00e9lectroniques et d&#039;accessoires pour fumeurs dans toute la Suisse | Cartes accept\u00e9es !\" \/>\n<meta property=\"og:url\" content=\"https:\/\/www.tabakversand.ch\/fr\/produit\/tuyau-faro-360965\/\" \/>\n<meta property=\"og:site_name\" content=\"Tabakversand.ch | Alles aus der Welt des Tabaks\" \/>\n<meta property=\"article:modified_time\" content=\"2025-08-13T11:41:22+00:00\" \/>\n<meta property=\"og:image\" content=\"http:\/\/www.tabakversand.ch\/wp-content\/uploads\/2025\/08\/faro-360965.jpg\" \/>\n\t<meta property=\"og:image:width\" content=\"500\" \/>\n\t<meta property=\"og:image:height\" content=\"500\" \/>\n\t<meta property=\"og:image:type\" content=\"image\/jpeg\" \/>\n<meta name=\"twitter:card\" content=\"summary_large_image\" \/>\n<meta name=\"twitter:label1\" content=\"Dur\u00e9e de lecture estim\u00e9e\" \/>\n\t<meta name=\"twitter:data1\" content=\"2 minutes\" \/>\n<script type=\"application\/ld+json\" class=\"yoast-schema-graph\">{\"@context\":\"https:\\\/\\\/schema.org\",\"@graph\":[{\"@type\":\"WebPage\",\"@id\":\"https:\\\/\\\/www.tabakversand.ch\\\/fr\\\/produit\\\/tuyau-faro-360965\\\/\",\"url\":\"https:\\\/\\\/www.tabakversand.ch\\\/fr\\\/produit\\\/tuyau-faro-360965\\\/\",\"name\":\"Tuyau Faro 360965\",\"isPartOf\":{\"@id\":\"https:\\\/\\\/www.tabakversand.ch\\\/#website\"},\"primaryImageOfPage\":{\"@id\":\"https:\\\/\\\/www.tabakversand.ch\\\/fr\\\/produit\\\/tuyau-faro-360965\\\/#primaryimage\"},\"image\":{\"@id\":\"https:\\\/\\\/www.tabakversand.ch\\\/fr\\\/produit\\\/tuyau-faro-360965\\\/#primaryimage\"},\"thumbnailUrl\":\"https:\\\/\\\/www.tabakversand.ch\\\/wp-content\\\/uploads\\\/2025\\\/08\\\/faro-360965.jpg\",\"datePublished\":\"2025-08-13T11:36:29+00:00\",\"dateModified\":\"2025-08-13T11:41:22+00:00\",\"description\":\"Faro Pipe 360965 | Un tr\u00e8s grand choix de produits du tabac, de cigarettes \u00e9lectroniques et d'accessoires pour fumeurs dans toute la Suisse | Cartes accept\u00e9es !\",\"breadcrumb\":{\"@id\":\"https:\\\/\\\/www.tabakversand.ch\\\/fr\\\/produit\\\/tuyau-faro-360965\\\/#breadcrumb\"},\"inLanguage\":\"fr-FR\",\"potentialAction\":[{\"@type\":\"ReadAction\",\"target\":[\"https:\\\/\\\/www.tabakversand.ch\\\/fr\\\/produit\\\/tuyau-faro-360965\\\/\"]}]},{\"@type\":\"ImageObject\",\"inLanguage\":\"fr-FR\",\"@id\":\"https:\\\/\\\/www.tabakversand.ch\\\/fr\\\/produit\\\/tuyau-faro-360965\\\/#primaryimage\",\"url\":\"https:\\\/\\\/www.tabakversand.ch\\\/wp-content\\\/uploads\\\/2025\\\/08\\\/faro-360965.jpg\",\"contentUrl\":\"https:\\\/\\\/www.tabakversand.ch\\\/wp-content\\\/uploads\\\/2025\\\/08\\\/faro-360965.jpg\",\"width\":500,\"height\":500,\"caption\":\"Tuyau Faro 360965 | Tabakversand.ch\"},{\"@type\":\"BreadcrumbList\",\"@id\":\"https:\\\/\\\/www.tabakversand.ch\\\/fr\\\/produit\\\/tuyau-faro-360965\\\/#breadcrumb\",\"itemListElement\":[{\"@type\":\"ListItem\",\"position\":1,\"name\":\"Startseite\",\"item\":\"https:\\\/\\\/www.tabakversand.ch\\\/\"},{\"@type\":\"ListItem\",\"position\":2,\"name\":\"Boutique\",\"item\":\"https:\\\/\\\/www.tabakversand.ch\\\/fr\\\/boutique\\\/\"},{\"@type\":\"ListItem\",\"position\":3,\"name\":\"Tuyau Faro 360965\"}]},{\"@type\":\"WebSite\",\"@id\":\"https:\\\/\\\/www.tabakversand.ch\\\/#website\",\"url\":\"https:\\\/\\\/www.tabakversand.ch\\\/\",\"name\":\"Tabakversand.ch | Alles aus der Welt des Tabaks\",\"description\":\"Smoke and carpe diem\",\"potentialAction\":[{\"@type\":\"SearchAction\",\"target\":{\"@type\":\"EntryPoint\",\"urlTemplate\":\"https:\\\/\\\/www.tabakversand.ch\\\/?s={search_term_string}\"},\"query-input\":{\"@type\":\"PropertyValueSpecification\",\"valueRequired\":true,\"valueName\":\"search_term_string\"}}],\"inLanguage\":\"fr-FR\"}]}<\/script>\n<!-- \/ Yoast SEO plugin. -->","yoast_head_json":{"title":"Tuyau Faro 360965","description":"Faro Pipe 360965 | Un tr\u00e8s grand choix de produits du tabac, de cigarettes \u00e9lectroniques et d'accessoires pour fumeurs dans toute la Suisse | Cartes accept\u00e9es !","robots":{"index":"index","follow":"follow","max-snippet":"max-snippet:-1","max-image-preview":"max-image-preview:large","max-video-preview":"max-video-preview:-1"},"canonical":"https:\/\/www.tabakversand.ch\/fr\/produit\/tuyau-faro-360965\/","og_locale":"fr_FR","og_type":"article","og_title":"Tuyau Faro 360965","og_description":"Faro Pipe 360965 | Un tr\u00e8s grand choix de produits du tabac, de cigarettes \u00e9lectroniques et d'accessoires pour fumeurs dans toute la Suisse | Cartes accept\u00e9es !","og_url":"https:\/\/www.tabakversand.ch\/fr\/produit\/tuyau-faro-360965\/","og_site_name":"Tabakversand.ch | Alles aus der Welt des Tabaks","article_modified_time":"2025-08-13T11:41:22+00:00","og_image":[{"width":500,"height":500,"url":"http:\/\/www.tabakversand.ch\/wp-content\/uploads\/2025\/08\/faro-360965.jpg","type":"image\/jpeg"}],"twitter_card":"summary_large_image","twitter_misc":{"Dur\u00e9e de lecture estim\u00e9e":"2 minutes"},"schema":{"@context":"https:\/\/schema.org","@graph":[{"@type":"WebPage","@id":"https:\/\/www.tabakversand.ch\/fr\/produit\/tuyau-faro-360965\/","url":"https:\/\/www.tabakversand.ch\/fr\/produit\/tuyau-faro-360965\/","name":"Tuyau Faro 360965","isPartOf":{"@id":"https:\/\/www.tabakversand.ch\/#website"},"primaryImageOfPage":{"@id":"https:\/\/www.tabakversand.ch\/fr\/produit\/tuyau-faro-360965\/#primaryimage"},"image":{"@id":"https:\/\/www.tabakversand.ch\/fr\/produit\/tuyau-faro-360965\/#primaryimage"},"thumbnailUrl":"https:\/\/www.tabakversand.ch\/wp-content\/uploads\/2025\/08\/faro-360965.jpg","datePublished":"2025-08-13T11:36:29+00:00","dateModified":"2025-08-13T11:41:22+00:00","description":"Faro Pipe 360965 | Un tr\u00e8s grand choix de produits du tabac, de cigarettes \u00e9lectroniques et d'accessoires pour fumeurs dans toute la Suisse | Cartes accept\u00e9es !","breadcrumb":{"@id":"https:\/\/www.tabakversand.ch\/fr\/produit\/tuyau-faro-360965\/#breadcrumb"},"inLanguage":"fr-FR","potentialAction":[{"@type":"ReadAction","target":["https:\/\/www.tabakversand.ch\/fr\/produit\/tuyau-faro-360965\/"]}]},{"@type":"ImageObject","inLanguage":"fr-FR","@id":"https:\/\/www.tabakversand.ch\/fr\/produit\/tuyau-faro-360965\/#primaryimage","url":"https:\/\/www.tabakversand.ch\/wp-content\/uploads\/2025\/08\/faro-360965.jpg","contentUrl":"https:\/\/www.tabakversand.ch\/wp-content\/uploads\/2025\/08\/faro-360965.jpg","width":500,"height":500,"caption":"Tuyau Faro 360965 | Tabakversand.ch"},{"@type":"BreadcrumbList","@id":"https:\/\/www.tabakversand.ch\/fr\/produit\/tuyau-faro-360965\/#breadcrumb","itemListElement":[{"@type":"ListItem","position":1,"name":"Startseite","item":"https:\/\/www.tabakversand.ch\/"},{"@type":"ListItem","position":2,"name":"Boutique","item":"https:\/\/www.tabakversand.ch\/fr\/boutique\/"},{"@type":"ListItem","position":3,"name":"Tuyau Faro 360965"}]},{"@type":"WebSite","@id":"https:\/\/www.tabakversand.ch\/#website","url":"https:\/\/www.tabakversand.ch\/","name":"Tabakversand.ch | Alles aus der Welt des Tabaks","description":"Smoke and carpe diem","potentialAction":[{"@type":"SearchAction","target":{"@type":"EntryPoint","urlTemplate":"https:\/\/www.tabakversand.ch\/?s={search_term_string}"},"query-input":{"@type":"PropertyValueSpecification","valueRequired":true,"valueName":"search_term_string"}}],"inLanguage":"fr-FR"}]}},"_links":{"self":[{"href":"https:\/\/www.tabakversand.ch\/fr\/wp-json\/wp\/v2\/product\/193901","targetHints":{"allow":["GET"]}}],"collection":[{"href":"https:\/\/www.tabakversand.ch\/fr\/wp-json\/wp\/v2\/product"}],"about":[{"href":"https:\/\/www.tabakversand.ch\/fr\/wp-json\/wp\/v2\/types\/product"}],"version-history":[{"count":3,"href":"https:\/\/www.tabakversand.ch\/fr\/wp-json\/wp\/v2\/product\/193901\/revisions"}],"predecessor-version":[{"id":193915,"href":"https:\/\/www.tabakversand.ch\/fr\/wp-json\/wp\/v2\/product\/193901\/revisions\/193915"}],"wp:featuredmedia":[{"embeddable":true,"href":"https:\/\/www.tabakversand.ch\/fr\/wp-json\/wp\/v2\/media\/193905"}],"wp:attachment":[{"href":"https:\/\/www.tabakversand.ch\/fr\/wp-json\/wp\/v2\/media?parent=193901"}],"wp:term":[{"taxonomy":"product_brand","embeddable":true,"href":"https:\/\/www.tabakversand.ch\/fr\/wp-json\/wp\/v2\/product_brand?post=193901"},{"taxonomy":"product_cat","embeddable":true,"href":"https:\/\/www.tabakversand.ch\/fr\/wp-json\/wp\/v2\/product_cat?post=193901"},{"taxonomy":"product_tag","embeddable":true,"href":"https:\/\/www.tabakversand.ch\/fr\/wp-json\/wp\/v2\/product_tag?post=193901"}],"curies":[{"name":"wp","href":"https:\/\/api.w.org\/{rel}","templated":true}]}}