{"id":194331,"date":"2025-08-15T14:25:50","date_gmt":"2025-08-15T12:25:50","guid":{"rendered":"https:\/\/www.tabakversand.ch\/?post_type=product&#038;p=194331"},"modified":"2025-08-15T14:34:41","modified_gmt":"2025-08-15T12:34:41","slug":"vozol-ace-go-pod-6-ohm-1-x-3-pieces","status":"publish","type":"product","link":"https:\/\/www.tabakversand.ch\/fr\/produit\/vozol-ace-go-pod-6-ohm-1-x-3-pieces\/","title":{"rendered":"Vozol ACE Go Pod 6 Ohm 1 x 3 pi\u00e8ces"},"content":{"rendered":"<p>Vozol ACE Go Pod 6 Ohm 1 x 3 pi\u00e8ces<\/p>\n<p>Vivez un plaisir de vape intense avec la r\u00e9sistance mesh de 0,6 ohm, id\u00e9ale pour ceux qui pr\u00e9f\u00e8rent une vape plus ouverte. Id\u00e9ale pour le vapotage RDL (Restricted Direct Lung), elle offre une vapeur agr\u00e9ablement chaude et des nuages impressionnants, sans sacrifier la saveur.<\/p>\n<p>&#8211; Vapeur dense<br \/>\n&#8211; Sensation de courant d&rsquo;air plus chaud<br \/>\n&#8211; Optimal pour RDL<br \/>\n&#8211; Longue dur\u00e9e de vie gr\u00e2ce \u00e0 la technologie mesh<br \/>\n&#8211; Quantit\u00e9 de remplissage : 2 ml<\/p>\n<p>Tous les prix s&rsquo;appliquent uniquement aux commandes en ligne et incluent la TVA. Sous r\u00e9serve de modifications sans pr\u00e9avis, frais de livraison en sus. Sous r\u00e9serve d&rsquo;erreurs, de modifications de contenu de livraison et de conception, de fautes d&rsquo;impression et de modifications de prix. Les prix barr\u00e9s sont des prix de remplacement. Les illustrations peuvent diff\u00e9rer de l&rsquo;original\/du contenu de livraison.<br \/>\n*Livraison gratuite pour les commandes sup\u00e9rieures \u00e0 CHF 250.-.<\/p>\n","protected":false},"excerpt":{"rendered":"<p>Vozol ACE Go Pod 6 Ohm 1 x 3 pi\u00e8ces Vivez un plaisir de vape intense avec la r\u00e9sistance mesh de 0,6 ohm, id\u00e9ale pour ceux qui pr\u00e9f\u00e8rent une vape plus ouverte. Id\u00e9ale pour le vapotage RDL (Restricted Direct Lung), elle offre une vapeur agr\u00e9ablement chaude et des nuages impressionnants, sans sacrifier la saveur. &#8211; [&hellip;]<\/p>\n","protected":false},"featured_media":194380,"template":"","meta":[],"product_brand":[],"product_cat":[1913,1895,3590],"product_tag":[],"class_list":{"0":"post-194331","1":"product","2":"type-product","3":"status-publish","4":"has-post-thumbnail","6":"product_cat-cigarettes-electroniques","7":"product_cat-e-fumee","8":"product_cat-kit-vozol-ace-go-fr","10":"first","11":"onbackorder","12":"purchasable","13":"product-type-simple"},"yoast_head":"<!-- This site is optimized with the Yoast SEO plugin v27.0 - https:\/\/yoast.com\/product\/yoast-seo-wordpress\/ -->\n<title>Vozol ACE Go Pod 6 Ohm 1 x 3 pi\u00e8ces - tabakversand.ch<\/title>\n<meta name=\"description\" content=\"Vozol ACE Go Pod 6 Ohm 1 x 3 pi\u00e8ces | Un tr\u00e8s grand choix de produits du tabac, de cigarettes \u00e9lectroniques et d&#039;accessoires pour fumeurs dans toute la Suisse | Cartes accept\u00e9es !\" \/>\n<meta name=\"robots\" content=\"index, follow, max-snippet:-1, max-image-preview:large, max-video-preview:-1\" \/>\n<link rel=\"canonical\" href=\"https:\/\/www.tabakversand.ch\/fr\/produit\/vozol-ace-go-pod-6-ohm-1-x-3-pieces\/\" \/>\n<meta property=\"og:locale\" content=\"fr_FR\" \/>\n<meta property=\"og:type\" content=\"article\" \/>\n<meta property=\"og:title\" content=\"Vozol ACE Go Pod 6 Ohm 1 x 3 pi\u00e8ces - tabakversand.ch\" \/>\n<meta property=\"og:description\" content=\"Vozol ACE Go Pod 6 Ohm 1 x 3 pi\u00e8ces | Un tr\u00e8s grand choix de produits du tabac, de cigarettes \u00e9lectroniques et d&#039;accessoires pour fumeurs dans toute la Suisse | Cartes accept\u00e9es !\" \/>\n<meta property=\"og:url\" content=\"https:\/\/www.tabakversand.ch\/fr\/produit\/vozol-ace-go-pod-6-ohm-1-x-3-pieces\/\" \/>\n<meta property=\"og:site_name\" content=\"Tabakversand.ch | Alles aus der Welt des Tabaks\" \/>\n<meta property=\"article:modified_time\" content=\"2025-08-15T12:34:41+00:00\" \/>\n<meta property=\"og:image\" content=\"http:\/\/www.tabakversand.ch\/wp-content\/uploads\/2025\/08\/vozol-ace-pod-0.6.jpg\" \/>\n\t<meta property=\"og:image:width\" content=\"500\" \/>\n\t<meta property=\"og:image:height\" content=\"500\" \/>\n\t<meta property=\"og:image:type\" content=\"image\/jpeg\" \/>\n<meta name=\"twitter:card\" content=\"summary_large_image\" \/>\n<meta name=\"twitter:label1\" content=\"Dur\u00e9e de lecture estim\u00e9e\" \/>\n\t<meta name=\"twitter:data1\" content=\"2 minutes\" \/>\n<script type=\"application\/ld+json\" class=\"yoast-schema-graph\">{\"@context\":\"https:\/\/schema.org\",\"@graph\":[{\"@type\":\"WebPage\",\"@id\":\"https:\/\/www.tabakversand.ch\/fr\/produit\/vozol-ace-go-pod-6-ohm-1-x-3-pieces\/\",\"url\":\"https:\/\/www.tabakversand.ch\/fr\/produit\/vozol-ace-go-pod-6-ohm-1-x-3-pieces\/\",\"name\":\"Vozol ACE Go Pod 6 Ohm 1 x 3 pi\u00e8ces - tabakversand.ch\",\"isPartOf\":{\"@id\":\"https:\/\/www.tabakversand.ch\/#website\"},\"primaryImageOfPage\":{\"@id\":\"https:\/\/www.tabakversand.ch\/fr\/produit\/vozol-ace-go-pod-6-ohm-1-x-3-pieces\/#primaryimage\"},\"image\":{\"@id\":\"https:\/\/www.tabakversand.ch\/fr\/produit\/vozol-ace-go-pod-6-ohm-1-x-3-pieces\/#primaryimage\"},\"thumbnailUrl\":\"https:\/\/www.tabakversand.ch\/wp-content\/uploads\/2025\/08\/vozol-ace-pod-0.6.jpg\",\"datePublished\":\"2025-08-15T12:25:50+00:00\",\"dateModified\":\"2025-08-15T12:34:41+00:00\",\"description\":\"Vozol ACE Go Pod 6 Ohm 1 x 3 pi\u00e8ces | Un tr\u00e8s grand choix de produits du tabac, de cigarettes \u00e9lectroniques et d'accessoires pour fumeurs dans toute la Suisse | Cartes accept\u00e9es !\",\"breadcrumb\":{\"@id\":\"https:\/\/www.tabakversand.ch\/fr\/produit\/vozol-ace-go-pod-6-ohm-1-x-3-pieces\/#breadcrumb\"},\"inLanguage\":\"fr-FR\",\"potentialAction\":[{\"@type\":\"ReadAction\",\"target\":[\"https:\/\/www.tabakversand.ch\/fr\/produit\/vozol-ace-go-pod-6-ohm-1-x-3-pieces\/\"]}]},{\"@type\":\"ImageObject\",\"inLanguage\":\"fr-FR\",\"@id\":\"https:\/\/www.tabakversand.ch\/fr\/produit\/vozol-ace-go-pod-6-ohm-1-x-3-pieces\/#primaryimage\",\"url\":\"https:\/\/www.tabakversand.ch\/wp-content\/uploads\/2025\/08\/vozol-ace-pod-0.6.jpg\",\"contentUrl\":\"https:\/\/www.tabakversand.ch\/wp-content\/uploads\/2025\/08\/vozol-ace-pod-0.6.jpg\",\"width\":500,\"height\":500,\"caption\":\"Vozol ACE Go Pod 6 Ohm 1 x 3 pi\u00e8ces | Tabakversand.ch\"},{\"@type\":\"BreadcrumbList\",\"@id\":\"https:\/\/www.tabakversand.ch\/fr\/produit\/vozol-ace-go-pod-6-ohm-1-x-3-pieces\/#breadcrumb\",\"itemListElement\":[{\"@type\":\"ListItem\",\"position\":1,\"name\":\"Startseite\",\"item\":\"https:\/\/www.tabakversand.ch\/\"},{\"@type\":\"ListItem\",\"position\":2,\"name\":\"Boutique\",\"item\":\"https:\/\/www.tabakversand.ch\/fr\/boutique\/\"},{\"@type\":\"ListItem\",\"position\":3,\"name\":\"Vozol ACE Go Pod 6 Ohm 1 x 3 pi\u00e8ces\"}]},{\"@type\":\"WebSite\",\"@id\":\"https:\/\/www.tabakversand.ch\/#website\",\"url\":\"https:\/\/www.tabakversand.ch\/\",\"name\":\"Tabakversand.ch | Alles aus der Welt des Tabaks\",\"description\":\"Smoke and carpe diem\",\"potentialAction\":[{\"@type\":\"SearchAction\",\"target\":{\"@type\":\"EntryPoint\",\"urlTemplate\":\"https:\/\/www.tabakversand.ch\/?s={search_term_string}\"},\"query-input\":{\"@type\":\"PropertyValueSpecification\",\"valueRequired\":true,\"valueName\":\"search_term_string\"}}],\"inLanguage\":\"fr-FR\"}]}<\/script>\n<!-- \/ Yoast SEO plugin. -->","yoast_head_json":{"title":"Vozol ACE Go Pod 6 Ohm 1 x 3 pi\u00e8ces - tabakversand.ch","description":"Vozol ACE Go Pod 6 Ohm 1 x 3 pi\u00e8ces | Un tr\u00e8s grand choix de produits du tabac, de cigarettes \u00e9lectroniques et d'accessoires pour fumeurs dans toute la Suisse | Cartes accept\u00e9es !","robots":{"index":"index","follow":"follow","max-snippet":"max-snippet:-1","max-image-preview":"max-image-preview:large","max-video-preview":"max-video-preview:-1"},"canonical":"https:\/\/www.tabakversand.ch\/fr\/produit\/vozol-ace-go-pod-6-ohm-1-x-3-pieces\/","og_locale":"fr_FR","og_type":"article","og_title":"Vozol ACE Go Pod 6 Ohm 1 x 3 pi\u00e8ces - tabakversand.ch","og_description":"Vozol ACE Go Pod 6 Ohm 1 x 3 pi\u00e8ces | Un tr\u00e8s grand choix de produits du tabac, de cigarettes \u00e9lectroniques et d'accessoires pour fumeurs dans toute la Suisse | Cartes accept\u00e9es !","og_url":"https:\/\/www.tabakversand.ch\/fr\/produit\/vozol-ace-go-pod-6-ohm-1-x-3-pieces\/","og_site_name":"Tabakversand.ch | Alles aus der Welt des Tabaks","article_modified_time":"2025-08-15T12:34:41+00:00","og_image":[{"width":500,"height":500,"url":"http:\/\/www.tabakversand.ch\/wp-content\/uploads\/2025\/08\/vozol-ace-pod-0.6.jpg","type":"image\/jpeg"}],"twitter_card":"summary_large_image","twitter_misc":{"Dur\u00e9e de lecture estim\u00e9e":"2 minutes"},"schema":{"@context":"https:\/\/schema.org","@graph":[{"@type":"WebPage","@id":"https:\/\/www.tabakversand.ch\/fr\/produit\/vozol-ace-go-pod-6-ohm-1-x-3-pieces\/","url":"https:\/\/www.tabakversand.ch\/fr\/produit\/vozol-ace-go-pod-6-ohm-1-x-3-pieces\/","name":"Vozol ACE Go Pod 6 Ohm 1 x 3 pi\u00e8ces - tabakversand.ch","isPartOf":{"@id":"https:\/\/www.tabakversand.ch\/#website"},"primaryImageOfPage":{"@id":"https:\/\/www.tabakversand.ch\/fr\/produit\/vozol-ace-go-pod-6-ohm-1-x-3-pieces\/#primaryimage"},"image":{"@id":"https:\/\/www.tabakversand.ch\/fr\/produit\/vozol-ace-go-pod-6-ohm-1-x-3-pieces\/#primaryimage"},"thumbnailUrl":"https:\/\/www.tabakversand.ch\/wp-content\/uploads\/2025\/08\/vozol-ace-pod-0.6.jpg","datePublished":"2025-08-15T12:25:50+00:00","dateModified":"2025-08-15T12:34:41+00:00","description":"Vozol ACE Go Pod 6 Ohm 1 x 3 pi\u00e8ces | Un tr\u00e8s grand choix de produits du tabac, de cigarettes \u00e9lectroniques et d'accessoires pour fumeurs dans toute la Suisse | Cartes accept\u00e9es !","breadcrumb":{"@id":"https:\/\/www.tabakversand.ch\/fr\/produit\/vozol-ace-go-pod-6-ohm-1-x-3-pieces\/#breadcrumb"},"inLanguage":"fr-FR","potentialAction":[{"@type":"ReadAction","target":["https:\/\/www.tabakversand.ch\/fr\/produit\/vozol-ace-go-pod-6-ohm-1-x-3-pieces\/"]}]},{"@type":"ImageObject","inLanguage":"fr-FR","@id":"https:\/\/www.tabakversand.ch\/fr\/produit\/vozol-ace-go-pod-6-ohm-1-x-3-pieces\/#primaryimage","url":"https:\/\/www.tabakversand.ch\/wp-content\/uploads\/2025\/08\/vozol-ace-pod-0.6.jpg","contentUrl":"https:\/\/www.tabakversand.ch\/wp-content\/uploads\/2025\/08\/vozol-ace-pod-0.6.jpg","width":500,"height":500,"caption":"Vozol ACE Go Pod 6 Ohm 1 x 3 pi\u00e8ces | Tabakversand.ch"},{"@type":"BreadcrumbList","@id":"https:\/\/www.tabakversand.ch\/fr\/produit\/vozol-ace-go-pod-6-ohm-1-x-3-pieces\/#breadcrumb","itemListElement":[{"@type":"ListItem","position":1,"name":"Startseite","item":"https:\/\/www.tabakversand.ch\/"},{"@type":"ListItem","position":2,"name":"Boutique","item":"https:\/\/www.tabakversand.ch\/fr\/boutique\/"},{"@type":"ListItem","position":3,"name":"Vozol ACE Go Pod 6 Ohm 1 x 3 pi\u00e8ces"}]},{"@type":"WebSite","@id":"https:\/\/www.tabakversand.ch\/#website","url":"https:\/\/www.tabakversand.ch\/","name":"Tabakversand.ch | Alles aus der Welt des Tabaks","description":"Smoke and carpe diem","potentialAction":[{"@type":"SearchAction","target":{"@type":"EntryPoint","urlTemplate":"https:\/\/www.tabakversand.ch\/?s={search_term_string}"},"query-input":{"@type":"PropertyValueSpecification","valueRequired":true,"valueName":"search_term_string"}}],"inLanguage":"fr-FR"}]}},"_links":{"self":[{"href":"https:\/\/www.tabakversand.ch\/fr\/wp-json\/wp\/v2\/product\/194331","targetHints":{"allow":["GET"]}}],"collection":[{"href":"https:\/\/www.tabakversand.ch\/fr\/wp-json\/wp\/v2\/product"}],"about":[{"href":"https:\/\/www.tabakversand.ch\/fr\/wp-json\/wp\/v2\/types\/product"}],"version-history":[{"count":3,"href":"https:\/\/www.tabakversand.ch\/fr\/wp-json\/wp\/v2\/product\/194331\/revisions"}],"predecessor-version":[{"id":194390,"href":"https:\/\/www.tabakversand.ch\/fr\/wp-json\/wp\/v2\/product\/194331\/revisions\/194390"}],"wp:featuredmedia":[{"embeddable":true,"href":"https:\/\/www.tabakversand.ch\/fr\/wp-json\/wp\/v2\/media\/194380"}],"wp:attachment":[{"href":"https:\/\/www.tabakversand.ch\/fr\/wp-json\/wp\/v2\/media?parent=194331"}],"wp:term":[{"taxonomy":"product_brand","embeddable":true,"href":"https:\/\/www.tabakversand.ch\/fr\/wp-json\/wp\/v2\/product_brand?post=194331"},{"taxonomy":"product_cat","embeddable":true,"href":"https:\/\/www.tabakversand.ch\/fr\/wp-json\/wp\/v2\/product_cat?post=194331"},{"taxonomy":"product_tag","embeddable":true,"href":"https:\/\/www.tabakversand.ch\/fr\/wp-json\/wp\/v2\/product_tag?post=194331"}],"curies":[{"name":"wp","href":"https:\/\/api.w.org\/{rel}","templated":true}]}}