{"id":194637,"date":"2025-08-19T14:49:34","date_gmt":"2025-08-19T12:49:34","guid":{"rendered":"https:\/\/www.tabakversand.ch\/?post_type=product&#038;p=194637"},"modified":"2026-01-22T07:55:38","modified_gmt":"2026-01-22T06:55:38","slug":"filtre-a-charbon-actif-purize-xtra-slim-6mm-en-verre-blanc-100-pcs","status":"publish","type":"product","link":"https:\/\/www.tabakversand.ch\/fr\/produit\/filtre-a-charbon-actif-purize-xtra-slim-6mm-en-verre-blanc-100-pcs\/","title":{"rendered":"Filtre \u00e0 charbon actif Purize Xtra Slim 6mm en verre &#8211; blanc 100 pcs."},"content":{"rendered":"<p>Filtre \u00e0 charbon actif Purize Xtra Slim 6mm en verre &#8211; blanc 100 pcs.<\/p>\n<p>R\u00e9duit consid\u00e9rablement l&rsquo;absorption des polluants et vous offre une exp\u00e9rience de fumage fra\u00eeche, s\u00e8che et aromatique.<br \/>\n Convient \u00e0 TOUS les types de roll-ups !<br \/>\n Les deux embouts \u00e9tant en c\u00e9ramique, il n&rsquo;y a pas de sens d&rsquo;insertion ou de vissage \u00e0 prendre en compte.<br \/>\n Les filtres PURIZE\u00ae sont fabriqu\u00e9s \u00e0 partir de mati\u00e8res premi\u00e8res respectueuses de l\u2019environnement.<\/p>\n<p>Propri\u00e9t\u00e9s:<\/p>\n<p>Diam\u00e8tre : 5,9 mm<\/p>\n<p>Longueur : 26,9 mm<\/p>\n<p>Couleur : blanc<\/p>\n<p>Tous les prix s&rsquo;appliquent uniquement aux commandes en ligne et incluent la TVA. Sous r\u00e9serve de modifications sans pr\u00e9avis, frais de livraison en sus. Sous r\u00e9serve d&rsquo;erreurs, de modifications de contenu de livraison et de conception, de fautes d&rsquo;impression et de modifications de prix. Les prix barr\u00e9s sont des prix de remplacement. Les illustrations peuvent diff\u00e9rer de l&rsquo;original\/du contenu de livraison.<br \/>\n*Livraison gratuite pour les commandes sup\u00e9rieures \u00e0 CHF 250.-.<\/p>\n","protected":false},"excerpt":{"rendered":"<p>Filtre \u00e0 charbon actif Purize Xtra Slim 6mm en verre &#8211; blanc 100 pcs. R\u00e9duit consid\u00e9rablement l&rsquo;absorption des polluants et vous offre une exp\u00e9rience de fumage fra\u00eeche, s\u00e8che et aromatique. Convient \u00e0 TOUS les types de roll-ups ! Les deux embouts \u00e9tant en c\u00e9ramique, il n&rsquo;y a pas de sens d&rsquo;insertion ou de vissage \u00e0 [&hellip;]<\/p>\n","protected":false},"featured_media":194661,"template":"","meta":[],"product_brand":[5171],"product_cat":[3219,1961,1995,3231,5177,2014],"product_tag":[],"class_list":{"0":"post-194637","1":"product","2":"type-product","3":"status-publish","4":"has-post-thumbnail","6":"product_brand-purize","7":"product_cat-boutique-de-tete","8":"product_cat-cigarettes-self-made-fr-2","9":"product_cat-divers-headshop","10":"product_cat-filtre","11":"product_cat-filtre-a-charbon-actif","12":"product_cat-filtres-a-cigarettes","14":"first","15":"onbackorder","16":"purchasable","17":"product-type-variable"},"yoast_head":"<!-- This site is optimized with the Yoast SEO plugin v27.5 - https:\/\/yoast.com\/product\/yoast-seo-wordpress\/ -->\n<title>Filtre \u00e0 charbon actif Purize Xtra Slim 6mm en verre - blanc 100 pcs. - Tabakversand.ch | Alles aus der Welt des Tabaks<\/title>\n<meta name=\"description\" content=\"Filtre \u00e0 charbon actif Purize Xtra Slim 6mm en verre - blanc 100 pcs. | Un large choix de produits du tabac, de cigarettes \u00e9lectroniques et d&#039;accessoires pour fumeurs dans toute la Suisse | Cartes accept\u00e9es !\" \/>\n<meta name=\"robots\" content=\"index, follow, max-snippet:-1, max-image-preview:large, max-video-preview:-1\" \/>\n<link rel=\"canonical\" href=\"https:\/\/www.tabakversand.ch\/fr\/produit\/filtre-a-charbon-actif-purize-xtra-slim-6mm-en-verre-blanc-100-pcs\/\" \/>\n<meta property=\"og:locale\" content=\"fr_FR\" \/>\n<meta property=\"og:type\" content=\"article\" \/>\n<meta property=\"og:title\" content=\"Filtre \u00e0 charbon actif Purize Xtra Slim 6mm en verre - blanc 100 pcs. - Tabakversand.ch | Alles aus der Welt des Tabaks\" \/>\n<meta property=\"og:description\" content=\"Filtre \u00e0 charbon actif Purize Xtra Slim 6mm en verre - blanc 100 pcs. | Un large choix de produits du tabac, de cigarettes \u00e9lectroniques et d&#039;accessoires pour fumeurs dans toute la Suisse | Cartes accept\u00e9es !\" \/>\n<meta property=\"og:url\" content=\"https:\/\/www.tabakversand.ch\/fr\/produit\/filtre-a-charbon-actif-purize-xtra-slim-6mm-en-verre-blanc-100-pcs\/\" \/>\n<meta property=\"og:site_name\" content=\"Tabakversand.ch | Alles aus der Welt des Tabaks\" \/>\n<meta property=\"article:modified_time\" content=\"2026-01-22T06:55:38+00:00\" \/>\n<meta property=\"og:image\" content=\"https:\/\/www.tabakversand.ch\/wp-content\/uploads\/2025\/08\/purize-aktivkohlefilter-xtra-slim-6mm-im-glas-white-100.jpg\" \/>\n\t<meta property=\"og:image:width\" content=\"500\" \/>\n\t<meta property=\"og:image:height\" content=\"500\" \/>\n\t<meta property=\"og:image:type\" content=\"image\/jpeg\" \/>\n<meta name=\"twitter:card\" content=\"summary_large_image\" \/>\n<meta name=\"twitter:label1\" content=\"Dur\u00e9e de lecture estim\u00e9e\" \/>\n\t<meta name=\"twitter:data1\" content=\"2 minutes\" \/>\n<script type=\"application\/ld+json\" class=\"yoast-schema-graph\">{\"@context\":\"https:\\\/\\\/schema.org\",\"@graph\":[{\"@type\":\"WebPage\",\"@id\":\"https:\\\/\\\/www.tabakversand.ch\\\/fr\\\/produit\\\/filtre-a-charbon-actif-purize-xtra-slim-6mm-en-verre-blanc-100-pcs\\\/\",\"url\":\"https:\\\/\\\/www.tabakversand.ch\\\/fr\\\/produit\\\/filtre-a-charbon-actif-purize-xtra-slim-6mm-en-verre-blanc-100-pcs\\\/\",\"name\":\"Filtre \u00e0 charbon actif Purize Xtra Slim 6mm en verre - blanc 100 pcs. - Tabakversand.ch | Alles aus der Welt des Tabaks\",\"isPartOf\":{\"@id\":\"https:\\\/\\\/www.tabakversand.ch\\\/#website\"},\"primaryImageOfPage\":{\"@id\":\"https:\\\/\\\/www.tabakversand.ch\\\/fr\\\/produit\\\/filtre-a-charbon-actif-purize-xtra-slim-6mm-en-verre-blanc-100-pcs\\\/#primaryimage\"},\"image\":{\"@id\":\"https:\\\/\\\/www.tabakversand.ch\\\/fr\\\/produit\\\/filtre-a-charbon-actif-purize-xtra-slim-6mm-en-verre-blanc-100-pcs\\\/#primaryimage\"},\"thumbnailUrl\":\"https:\\\/\\\/www.tabakversand.ch\\\/wp-content\\\/uploads\\\/2025\\\/08\\\/purize-aktivkohlefilter-xtra-slim-6mm-im-glas-white-100.jpg\",\"datePublished\":\"2025-08-19T12:49:34+00:00\",\"dateModified\":\"2026-01-22T06:55:38+00:00\",\"description\":\"Filtre \u00e0 charbon actif Purize Xtra Slim 6mm en verre - blanc 100 pcs. | Un large choix de produits du tabac, de cigarettes \u00e9lectroniques et d'accessoires pour fumeurs dans toute la Suisse | Cartes accept\u00e9es !\",\"breadcrumb\":{\"@id\":\"https:\\\/\\\/www.tabakversand.ch\\\/fr\\\/produit\\\/filtre-a-charbon-actif-purize-xtra-slim-6mm-en-verre-blanc-100-pcs\\\/#breadcrumb\"},\"inLanguage\":\"fr-FR\",\"potentialAction\":[{\"@type\":\"ReadAction\",\"target\":[\"https:\\\/\\\/www.tabakversand.ch\\\/fr\\\/produit\\\/filtre-a-charbon-actif-purize-xtra-slim-6mm-en-verre-blanc-100-pcs\\\/\"]}]},{\"@type\":\"ImageObject\",\"inLanguage\":\"fr-FR\",\"@id\":\"https:\\\/\\\/www.tabakversand.ch\\\/fr\\\/produit\\\/filtre-a-charbon-actif-purize-xtra-slim-6mm-en-verre-blanc-100-pcs\\\/#primaryimage\",\"url\":\"https:\\\/\\\/www.tabakversand.ch\\\/wp-content\\\/uploads\\\/2025\\\/08\\\/purize-aktivkohlefilter-xtra-slim-6mm-im-glas-white-100.jpg\",\"contentUrl\":\"https:\\\/\\\/www.tabakversand.ch\\\/wp-content\\\/uploads\\\/2025\\\/08\\\/purize-aktivkohlefilter-xtra-slim-6mm-im-glas-white-100.jpg\",\"width\":500,\"height\":500,\"caption\":\"Filtre \u00e0 charbon actif Purize Xtra Slim 6mm en verre - blanc 100 pcs. | Tabakversand.ch\"},{\"@type\":\"BreadcrumbList\",\"@id\":\"https:\\\/\\\/www.tabakversand.ch\\\/fr\\\/produit\\\/filtre-a-charbon-actif-purize-xtra-slim-6mm-en-verre-blanc-100-pcs\\\/#breadcrumb\",\"itemListElement\":[{\"@type\":\"ListItem\",\"position\":1,\"name\":\"Startseite\",\"item\":\"https:\\\/\\\/www.tabakversand.ch\\\/\"},{\"@type\":\"ListItem\",\"position\":2,\"name\":\"Boutique\",\"item\":\"https:\\\/\\\/www.tabakversand.ch\\\/fr\\\/boutique\\\/\"},{\"@type\":\"ListItem\",\"position\":3,\"name\":\"Filtre \u00e0 charbon actif Purize Xtra Slim 6mm en verre - blanc 100 pcs.\"}]},{\"@type\":\"WebSite\",\"@id\":\"https:\\\/\\\/www.tabakversand.ch\\\/#website\",\"url\":\"https:\\\/\\\/www.tabakversand.ch\\\/\",\"name\":\"Tabakversand.ch | Alles aus der Welt des Tabaks\",\"description\":\"Smoke and carpe diem\",\"potentialAction\":[{\"@type\":\"SearchAction\",\"target\":{\"@type\":\"EntryPoint\",\"urlTemplate\":\"https:\\\/\\\/www.tabakversand.ch\\\/?s={search_term_string}\"},\"query-input\":{\"@type\":\"PropertyValueSpecification\",\"valueRequired\":true,\"valueName\":\"search_term_string\"}}],\"inLanguage\":\"fr-FR\"}]}<\/script>\n<!-- \/ Yoast SEO plugin. -->","yoast_head_json":{"title":"Filtre \u00e0 charbon actif Purize Xtra Slim 6mm en verre - blanc 100 pcs. - Tabakversand.ch | Alles aus der Welt des Tabaks","description":"Filtre \u00e0 charbon actif Purize Xtra Slim 6mm en verre - blanc 100 pcs. | Un large choix de produits du tabac, de cigarettes \u00e9lectroniques et d'accessoires pour fumeurs dans toute la Suisse | Cartes accept\u00e9es !","robots":{"index":"index","follow":"follow","max-snippet":"max-snippet:-1","max-image-preview":"max-image-preview:large","max-video-preview":"max-video-preview:-1"},"canonical":"https:\/\/www.tabakversand.ch\/fr\/produit\/filtre-a-charbon-actif-purize-xtra-slim-6mm-en-verre-blanc-100-pcs\/","og_locale":"fr_FR","og_type":"article","og_title":"Filtre \u00e0 charbon actif Purize Xtra Slim 6mm en verre - blanc 100 pcs. - Tabakversand.ch | Alles aus der Welt des Tabaks","og_description":"Filtre \u00e0 charbon actif Purize Xtra Slim 6mm en verre - blanc 100 pcs. | Un large choix de produits du tabac, de cigarettes \u00e9lectroniques et d'accessoires pour fumeurs dans toute la Suisse | Cartes accept\u00e9es !","og_url":"https:\/\/www.tabakversand.ch\/fr\/produit\/filtre-a-charbon-actif-purize-xtra-slim-6mm-en-verre-blanc-100-pcs\/","og_site_name":"Tabakversand.ch | Alles aus der Welt des Tabaks","article_modified_time":"2026-01-22T06:55:38+00:00","og_image":[{"width":500,"height":500,"url":"https:\/\/www.tabakversand.ch\/wp-content\/uploads\/2025\/08\/purize-aktivkohlefilter-xtra-slim-6mm-im-glas-white-100.jpg","type":"image\/jpeg"}],"twitter_card":"summary_large_image","twitter_misc":{"Dur\u00e9e de lecture estim\u00e9e":"2 minutes"},"schema":{"@context":"https:\/\/schema.org","@graph":[{"@type":"WebPage","@id":"https:\/\/www.tabakversand.ch\/fr\/produit\/filtre-a-charbon-actif-purize-xtra-slim-6mm-en-verre-blanc-100-pcs\/","url":"https:\/\/www.tabakversand.ch\/fr\/produit\/filtre-a-charbon-actif-purize-xtra-slim-6mm-en-verre-blanc-100-pcs\/","name":"Filtre \u00e0 charbon actif Purize Xtra Slim 6mm en verre - blanc 100 pcs. - Tabakversand.ch | Alles aus der Welt des Tabaks","isPartOf":{"@id":"https:\/\/www.tabakversand.ch\/#website"},"primaryImageOfPage":{"@id":"https:\/\/www.tabakversand.ch\/fr\/produit\/filtre-a-charbon-actif-purize-xtra-slim-6mm-en-verre-blanc-100-pcs\/#primaryimage"},"image":{"@id":"https:\/\/www.tabakversand.ch\/fr\/produit\/filtre-a-charbon-actif-purize-xtra-slim-6mm-en-verre-blanc-100-pcs\/#primaryimage"},"thumbnailUrl":"https:\/\/www.tabakversand.ch\/wp-content\/uploads\/2025\/08\/purize-aktivkohlefilter-xtra-slim-6mm-im-glas-white-100.jpg","datePublished":"2025-08-19T12:49:34+00:00","dateModified":"2026-01-22T06:55:38+00:00","description":"Filtre \u00e0 charbon actif Purize Xtra Slim 6mm en verre - blanc 100 pcs. | Un large choix de produits du tabac, de cigarettes \u00e9lectroniques et d'accessoires pour fumeurs dans toute la Suisse | Cartes accept\u00e9es !","breadcrumb":{"@id":"https:\/\/www.tabakversand.ch\/fr\/produit\/filtre-a-charbon-actif-purize-xtra-slim-6mm-en-verre-blanc-100-pcs\/#breadcrumb"},"inLanguage":"fr-FR","potentialAction":[{"@type":"ReadAction","target":["https:\/\/www.tabakversand.ch\/fr\/produit\/filtre-a-charbon-actif-purize-xtra-slim-6mm-en-verre-blanc-100-pcs\/"]}]},{"@type":"ImageObject","inLanguage":"fr-FR","@id":"https:\/\/www.tabakversand.ch\/fr\/produit\/filtre-a-charbon-actif-purize-xtra-slim-6mm-en-verre-blanc-100-pcs\/#primaryimage","url":"https:\/\/www.tabakversand.ch\/wp-content\/uploads\/2025\/08\/purize-aktivkohlefilter-xtra-slim-6mm-im-glas-white-100.jpg","contentUrl":"https:\/\/www.tabakversand.ch\/wp-content\/uploads\/2025\/08\/purize-aktivkohlefilter-xtra-slim-6mm-im-glas-white-100.jpg","width":500,"height":500,"caption":"Filtre \u00e0 charbon actif Purize Xtra Slim 6mm en verre - blanc 100 pcs. | Tabakversand.ch"},{"@type":"BreadcrumbList","@id":"https:\/\/www.tabakversand.ch\/fr\/produit\/filtre-a-charbon-actif-purize-xtra-slim-6mm-en-verre-blanc-100-pcs\/#breadcrumb","itemListElement":[{"@type":"ListItem","position":1,"name":"Startseite","item":"https:\/\/www.tabakversand.ch\/"},{"@type":"ListItem","position":2,"name":"Boutique","item":"https:\/\/www.tabakversand.ch\/fr\/boutique\/"},{"@type":"ListItem","position":3,"name":"Filtre \u00e0 charbon actif Purize Xtra Slim 6mm en verre - blanc 100 pcs."}]},{"@type":"WebSite","@id":"https:\/\/www.tabakversand.ch\/#website","url":"https:\/\/www.tabakversand.ch\/","name":"Tabakversand.ch | Alles aus der Welt des Tabaks","description":"Smoke and carpe diem","potentialAction":[{"@type":"SearchAction","target":{"@type":"EntryPoint","urlTemplate":"https:\/\/www.tabakversand.ch\/?s={search_term_string}"},"query-input":{"@type":"PropertyValueSpecification","valueRequired":true,"valueName":"search_term_string"}}],"inLanguage":"fr-FR"}]}},"_links":{"self":[{"href":"https:\/\/www.tabakversand.ch\/fr\/wp-json\/wp\/v2\/product\/194637","targetHints":{"allow":["GET"]}}],"collection":[{"href":"https:\/\/www.tabakversand.ch\/fr\/wp-json\/wp\/v2\/product"}],"about":[{"href":"https:\/\/www.tabakversand.ch\/fr\/wp-json\/wp\/v2\/types\/product"}],"version-history":[{"count":4,"href":"https:\/\/www.tabakversand.ch\/fr\/wp-json\/wp\/v2\/product\/194637\/revisions"}],"predecessor-version":[{"id":209542,"href":"https:\/\/www.tabakversand.ch\/fr\/wp-json\/wp\/v2\/product\/194637\/revisions\/209542"}],"wp:featuredmedia":[{"embeddable":true,"href":"https:\/\/www.tabakversand.ch\/fr\/wp-json\/wp\/v2\/media\/194661"}],"wp:attachment":[{"href":"https:\/\/www.tabakversand.ch\/fr\/wp-json\/wp\/v2\/media?parent=194637"}],"wp:term":[{"taxonomy":"product_brand","embeddable":true,"href":"https:\/\/www.tabakversand.ch\/fr\/wp-json\/wp\/v2\/product_brand?post=194637"},{"taxonomy":"product_cat","embeddable":true,"href":"https:\/\/www.tabakversand.ch\/fr\/wp-json\/wp\/v2\/product_cat?post=194637"},{"taxonomy":"product_tag","embeddable":true,"href":"https:\/\/www.tabakversand.ch\/fr\/wp-json\/wp\/v2\/product_tag?post=194637"}],"curies":[{"name":"wp","href":"https:\/\/api.w.org\/{rel}","templated":true}]}}