{"id":194895,"date":"2025-08-20T15:01:36","date_gmt":"2025-08-20T13:01:36","guid":{"rendered":"https:\/\/www.tabakversand.ch\/?post_type=product&#038;p=194895"},"modified":"2025-08-23T19:19:43","modified_gmt":"2025-08-23T17:19:43","slug":"briquet-clipper-en-metal-or-rose","status":"publish","type":"product","link":"https:\/\/www.tabakversand.ch\/fr\/produit\/briquet-clipper-en-metal-or-rose\/","title":{"rendered":"Briquet Clipper en m\u00e9tal or rose"},"content":{"rendered":"<p>Briquet Clipper en m\u00e9tal or rose<\/p>\n<p>Clipper est un leader mondial sur le march\u00e9 des briquets et un favori des consommateurs dans le domaine des briquets rechargeables en raison de son design embl\u00e9matique et reconnaissable et de ses sp\u00e9cifications de haute qualit\u00e9.<\/p>\n<p>Tous les prix s&rsquo;appliquent uniquement aux commandes en ligne et incluent la TVA. Sous r\u00e9serve de modifications sans pr\u00e9avis, frais de livraison en sus. Sous r\u00e9serve d&rsquo;erreurs, de modifications de contenu de livraison et de conception, de fautes d&rsquo;impression et de modifications de prix. Les prix barr\u00e9s sont des prix de remplacement. Les illustrations peuvent diff\u00e9rer de l&rsquo;original\/du contenu de livraison.<br \/>\n*Livraison gratuite pour les commandes sup\u00e9rieures \u00e0 CHF 250.-.<\/p>\n","protected":false},"excerpt":{"rendered":"<p>Briquet Clipper en m\u00e9tal or rose Clipper est un leader mondial sur le march\u00e9 des briquets et un favori des consommateurs dans le domaine des briquets rechargeables en raison de son design embl\u00e9matique et reconnaissable et de ses sp\u00e9cifications de haute qualit\u00e9. Tous les prix s&rsquo;appliquent uniquement aux commandes en ligne et incluent la TVA. [&hellip;]<\/p>\n","protected":false},"featured_media":194920,"template":"","meta":[],"product_brand":[],"product_cat":[1927,3586,3353],"product_tag":[],"class_list":{"0":"post-194895","1":"product","2":"type-product","3":"status-publish","4":"has-post-thumbnail","6":"product_cat-briquets","7":"product_cat-briquets-divers","8":"product_cat-briquets-en-metal","9":"pa_auswahl-chrome-or-rose","10":"pa_auswahl-or-rose-brosse","12":"first","13":"instock","14":"purchasable","15":"product-type-variable"},"yoast_head":"<!-- This site is optimized with the Yoast SEO plugin v27.0 - https:\/\/yoast.com\/product\/yoast-seo-wordpress\/ -->\n<title>Briquet Clipper en m\u00e9tal or rose - Tabakversand.ch | Alles aus der Welt des Tabaks<\/title>\n<meta name=\"description\" content=\"Briquet Clipper en m\u00e9tal or rose | Un tr\u00e8s grand choix de produits du tabac, de cigarettes \u00e9lectroniques et d&#039;accessoires pour fumeurs dans toute la Suisse | Cartes accept\u00e9es !\" \/>\n<meta name=\"robots\" content=\"index, follow, max-snippet:-1, max-image-preview:large, max-video-preview:-1\" \/>\n<link rel=\"canonical\" href=\"https:\/\/www.tabakversand.ch\/fr\/produit\/briquet-clipper-en-metal-or-rose\/\" \/>\n<meta property=\"og:locale\" content=\"fr_FR\" \/>\n<meta property=\"og:type\" content=\"article\" \/>\n<meta property=\"og:title\" content=\"Briquet Clipper en m\u00e9tal or rose - Tabakversand.ch | Alles aus der Welt des Tabaks\" \/>\n<meta property=\"og:description\" content=\"Briquet Clipper en m\u00e9tal or rose | Un tr\u00e8s grand choix de produits du tabac, de cigarettes \u00e9lectroniques et d&#039;accessoires pour fumeurs dans toute la Suisse | Cartes accept\u00e9es !\" \/>\n<meta property=\"og:url\" content=\"https:\/\/www.tabakversand.ch\/fr\/produit\/briquet-clipper-en-metal-or-rose\/\" \/>\n<meta property=\"og:site_name\" content=\"Tabakversand.ch | Alles aus der Welt des Tabaks\" \/>\n<meta property=\"article:modified_time\" content=\"2025-08-23T17:19:43+00:00\" \/>\n<meta property=\"og:image\" content=\"https:\/\/www.tabakversand.ch\/wp-content\/uploads\/2025\/08\/clipper-metal-lighter-rose-gold-all.jpg\" \/>\n\t<meta property=\"og:image:width\" content=\"500\" \/>\n\t<meta property=\"og:image:height\" content=\"500\" \/>\n\t<meta property=\"og:image:type\" content=\"image\/jpeg\" \/>\n<meta name=\"twitter:card\" content=\"summary_large_image\" \/>\n<meta name=\"twitter:label1\" content=\"Dur\u00e9e de lecture estim\u00e9e\" \/>\n\t<meta name=\"twitter:data1\" content=\"1 minute\" \/>\n<script type=\"application\/ld+json\" class=\"yoast-schema-graph\">{\"@context\":\"https:\/\/schema.org\",\"@graph\":[{\"@type\":\"WebPage\",\"@id\":\"https:\/\/www.tabakversand.ch\/fr\/produit\/briquet-clipper-en-metal-or-rose\/\",\"url\":\"https:\/\/www.tabakversand.ch\/fr\/produit\/briquet-clipper-en-metal-or-rose\/\",\"name\":\"Briquet Clipper en m\u00e9tal or rose - Tabakversand.ch | Alles aus der Welt des Tabaks\",\"isPartOf\":{\"@id\":\"https:\/\/www.tabakversand.ch\/#website\"},\"primaryImageOfPage\":{\"@id\":\"https:\/\/www.tabakversand.ch\/fr\/produit\/briquet-clipper-en-metal-or-rose\/#primaryimage\"},\"image\":{\"@id\":\"https:\/\/www.tabakversand.ch\/fr\/produit\/briquet-clipper-en-metal-or-rose\/#primaryimage\"},\"thumbnailUrl\":\"https:\/\/www.tabakversand.ch\/wp-content\/uploads\/2025\/08\/clipper-metal-lighter-rose-gold-all.jpg\",\"datePublished\":\"2025-08-20T13:01:36+00:00\",\"dateModified\":\"2025-08-23T17:19:43+00:00\",\"description\":\"Briquet Clipper en m\u00e9tal or rose | Un tr\u00e8s grand choix de produits du tabac, de cigarettes \u00e9lectroniques et d'accessoires pour fumeurs dans toute la Suisse | Cartes accept\u00e9es !\",\"breadcrumb\":{\"@id\":\"https:\/\/www.tabakversand.ch\/fr\/produit\/briquet-clipper-en-metal-or-rose\/#breadcrumb\"},\"inLanguage\":\"fr-FR\",\"potentialAction\":[{\"@type\":\"ReadAction\",\"target\":[\"https:\/\/www.tabakversand.ch\/fr\/produit\/briquet-clipper-en-metal-or-rose\/\"]}]},{\"@type\":\"ImageObject\",\"inLanguage\":\"fr-FR\",\"@id\":\"https:\/\/www.tabakversand.ch\/fr\/produit\/briquet-clipper-en-metal-or-rose\/#primaryimage\",\"url\":\"https:\/\/www.tabakversand.ch\/wp-content\/uploads\/2025\/08\/clipper-metal-lighter-rose-gold-all.jpg\",\"contentUrl\":\"https:\/\/www.tabakversand.ch\/wp-content\/uploads\/2025\/08\/clipper-metal-lighter-rose-gold-all.jpg\",\"width\":500,\"height\":500,\"caption\":\"Briquet Clipper en m\u00e9tal or rose | Tabakversand.ch\"},{\"@type\":\"BreadcrumbList\",\"@id\":\"https:\/\/www.tabakversand.ch\/fr\/produit\/briquet-clipper-en-metal-or-rose\/#breadcrumb\",\"itemListElement\":[{\"@type\":\"ListItem\",\"position\":1,\"name\":\"Startseite\",\"item\":\"https:\/\/www.tabakversand.ch\/\"},{\"@type\":\"ListItem\",\"position\":2,\"name\":\"Boutique\",\"item\":\"https:\/\/www.tabakversand.ch\/fr\/boutique\/\"},{\"@type\":\"ListItem\",\"position\":3,\"name\":\"Briquet Clipper en m\u00e9tal or rose\"}]},{\"@type\":\"WebSite\",\"@id\":\"https:\/\/www.tabakversand.ch\/#website\",\"url\":\"https:\/\/www.tabakversand.ch\/\",\"name\":\"Tabakversand.ch | Alles aus der Welt des Tabaks\",\"description\":\"Smoke and carpe diem\",\"potentialAction\":[{\"@type\":\"SearchAction\",\"target\":{\"@type\":\"EntryPoint\",\"urlTemplate\":\"https:\/\/www.tabakversand.ch\/?s={search_term_string}\"},\"query-input\":{\"@type\":\"PropertyValueSpecification\",\"valueRequired\":true,\"valueName\":\"search_term_string\"}}],\"inLanguage\":\"fr-FR\"}]}<\/script>\n<!-- \/ Yoast SEO plugin. -->","yoast_head_json":{"title":"Briquet Clipper en m\u00e9tal or rose - Tabakversand.ch | Alles aus der Welt des Tabaks","description":"Briquet Clipper en m\u00e9tal or rose | Un tr\u00e8s grand choix de produits du tabac, de cigarettes \u00e9lectroniques et d'accessoires pour fumeurs dans toute la Suisse | Cartes accept\u00e9es !","robots":{"index":"index","follow":"follow","max-snippet":"max-snippet:-1","max-image-preview":"max-image-preview:large","max-video-preview":"max-video-preview:-1"},"canonical":"https:\/\/www.tabakversand.ch\/fr\/produit\/briquet-clipper-en-metal-or-rose\/","og_locale":"fr_FR","og_type":"article","og_title":"Briquet Clipper en m\u00e9tal or rose - Tabakversand.ch | Alles aus der Welt des Tabaks","og_description":"Briquet Clipper en m\u00e9tal or rose | Un tr\u00e8s grand choix de produits du tabac, de cigarettes \u00e9lectroniques et d'accessoires pour fumeurs dans toute la Suisse | Cartes accept\u00e9es !","og_url":"https:\/\/www.tabakversand.ch\/fr\/produit\/briquet-clipper-en-metal-or-rose\/","og_site_name":"Tabakversand.ch | Alles aus der Welt des Tabaks","article_modified_time":"2025-08-23T17:19:43+00:00","og_image":[{"width":500,"height":500,"url":"https:\/\/www.tabakversand.ch\/wp-content\/uploads\/2025\/08\/clipper-metal-lighter-rose-gold-all.jpg","type":"image\/jpeg"}],"twitter_card":"summary_large_image","twitter_misc":{"Dur\u00e9e de lecture estim\u00e9e":"1 minute"},"schema":{"@context":"https:\/\/schema.org","@graph":[{"@type":"WebPage","@id":"https:\/\/www.tabakversand.ch\/fr\/produit\/briquet-clipper-en-metal-or-rose\/","url":"https:\/\/www.tabakversand.ch\/fr\/produit\/briquet-clipper-en-metal-or-rose\/","name":"Briquet Clipper en m\u00e9tal or rose - Tabakversand.ch | Alles aus der Welt des Tabaks","isPartOf":{"@id":"https:\/\/www.tabakversand.ch\/#website"},"primaryImageOfPage":{"@id":"https:\/\/www.tabakversand.ch\/fr\/produit\/briquet-clipper-en-metal-or-rose\/#primaryimage"},"image":{"@id":"https:\/\/www.tabakversand.ch\/fr\/produit\/briquet-clipper-en-metal-or-rose\/#primaryimage"},"thumbnailUrl":"https:\/\/www.tabakversand.ch\/wp-content\/uploads\/2025\/08\/clipper-metal-lighter-rose-gold-all.jpg","datePublished":"2025-08-20T13:01:36+00:00","dateModified":"2025-08-23T17:19:43+00:00","description":"Briquet Clipper en m\u00e9tal or rose | Un tr\u00e8s grand choix de produits du tabac, de cigarettes \u00e9lectroniques et d'accessoires pour fumeurs dans toute la Suisse | Cartes accept\u00e9es !","breadcrumb":{"@id":"https:\/\/www.tabakversand.ch\/fr\/produit\/briquet-clipper-en-metal-or-rose\/#breadcrumb"},"inLanguage":"fr-FR","potentialAction":[{"@type":"ReadAction","target":["https:\/\/www.tabakversand.ch\/fr\/produit\/briquet-clipper-en-metal-or-rose\/"]}]},{"@type":"ImageObject","inLanguage":"fr-FR","@id":"https:\/\/www.tabakversand.ch\/fr\/produit\/briquet-clipper-en-metal-or-rose\/#primaryimage","url":"https:\/\/www.tabakversand.ch\/wp-content\/uploads\/2025\/08\/clipper-metal-lighter-rose-gold-all.jpg","contentUrl":"https:\/\/www.tabakversand.ch\/wp-content\/uploads\/2025\/08\/clipper-metal-lighter-rose-gold-all.jpg","width":500,"height":500,"caption":"Briquet Clipper en m\u00e9tal or rose | Tabakversand.ch"},{"@type":"BreadcrumbList","@id":"https:\/\/www.tabakversand.ch\/fr\/produit\/briquet-clipper-en-metal-or-rose\/#breadcrumb","itemListElement":[{"@type":"ListItem","position":1,"name":"Startseite","item":"https:\/\/www.tabakversand.ch\/"},{"@type":"ListItem","position":2,"name":"Boutique","item":"https:\/\/www.tabakversand.ch\/fr\/boutique\/"},{"@type":"ListItem","position":3,"name":"Briquet Clipper en m\u00e9tal or rose"}]},{"@type":"WebSite","@id":"https:\/\/www.tabakversand.ch\/#website","url":"https:\/\/www.tabakversand.ch\/","name":"Tabakversand.ch | Alles aus der Welt des Tabaks","description":"Smoke and carpe diem","potentialAction":[{"@type":"SearchAction","target":{"@type":"EntryPoint","urlTemplate":"https:\/\/www.tabakversand.ch\/?s={search_term_string}"},"query-input":{"@type":"PropertyValueSpecification","valueRequired":true,"valueName":"search_term_string"}}],"inLanguage":"fr-FR"}]}},"_links":{"self":[{"href":"https:\/\/www.tabakversand.ch\/fr\/wp-json\/wp\/v2\/product\/194895","targetHints":{"allow":["GET"]}}],"collection":[{"href":"https:\/\/www.tabakversand.ch\/fr\/wp-json\/wp\/v2\/product"}],"about":[{"href":"https:\/\/www.tabakversand.ch\/fr\/wp-json\/wp\/v2\/types\/product"}],"version-history":[{"count":5,"href":"https:\/\/www.tabakversand.ch\/fr\/wp-json\/wp\/v2\/product\/194895\/revisions"}],"predecessor-version":[{"id":194978,"href":"https:\/\/www.tabakversand.ch\/fr\/wp-json\/wp\/v2\/product\/194895\/revisions\/194978"}],"wp:featuredmedia":[{"embeddable":true,"href":"https:\/\/www.tabakversand.ch\/fr\/wp-json\/wp\/v2\/media\/194920"}],"wp:attachment":[{"href":"https:\/\/www.tabakversand.ch\/fr\/wp-json\/wp\/v2\/media?parent=194895"}],"wp:term":[{"taxonomy":"product_brand","embeddable":true,"href":"https:\/\/www.tabakversand.ch\/fr\/wp-json\/wp\/v2\/product_brand?post=194895"},{"taxonomy":"product_cat","embeddable":true,"href":"https:\/\/www.tabakversand.ch\/fr\/wp-json\/wp\/v2\/product_cat?post=194895"},{"taxonomy":"product_tag","embeddable":true,"href":"https:\/\/www.tabakversand.ch\/fr\/wp-json\/wp\/v2\/product_tag?post=194895"}],"curies":[{"name":"wp","href":"https:\/\/api.w.org\/{rel}","templated":true}]}}