{"id":195016,"date":"2025-08-21T11:46:44","date_gmt":"2025-08-21T09:46:44","guid":{"rendered":"https:\/\/www.tabakversand.ch\/?post_type=product&#038;p=195016"},"modified":"2025-08-21T11:52:13","modified_gmt":"2025-08-21T09:52:13","slug":"tubes-filtrants-firebox-strawberry-tubes-5-x-250","status":"publish","type":"product","link":"https:\/\/www.tabakversand.ch\/fr\/produit\/tubes-filtrants-firebox-strawberry-tubes-5-x-250\/","title":{"rendered":"Tubes filtrants Firebox Strawberry Tubes 5 x 250"},"content":{"rendered":"<p>Tubes filtrants Firebox Strawberry Tubes 5 x 250<\/p>\n<p>Les tubes \u00e0 cigarettes Firebox de Fumist sont parfaits pour rouler soi-m\u00eame ou avec une rouleuse \u00e9lectrique. Envie d&rsquo;un peu de fra\u00eecheur\u00a0? Ces tubes exhalent un d\u00e9licieux et agr\u00e9able go\u00fbt de fraise.<br \/>\nLe manchon complet mesure 8,4 cm, le filtre mesure 1,5 cm de long et 8,1 mm de haut.<\/p>\n<p>Tous les prix s&rsquo;appliquent uniquement aux commandes en ligne et incluent la TVA. Sous r\u00e9serve de modifications sans pr\u00e9avis, frais de livraison en sus. Sous r\u00e9serve d&rsquo;erreurs, de modifications de contenu de livraison et de conception, de fautes d&rsquo;impression et de modifications de prix. Les prix barr\u00e9s sont des prix de remplacement. Les illustrations peuvent diff\u00e9rer de l&rsquo;original\/du contenu de livraison.<br \/>\n*Livraison gratuite pour les commandes sup\u00e9rieures \u00e0 CHF 250.-.<\/p>\n","protected":false},"excerpt":{"rendered":"<p>Tubes filtrants Firebox Strawberry Tubes 5 x 250 Les tubes \u00e0 cigarettes Firebox de Fumist sont parfaits pour rouler soi-m\u00eame ou avec une rouleuse \u00e9lectrique. Envie d&rsquo;un peu de fra\u00eecheur\u00a0? Ces tubes exhalent un d\u00e9licieux et agr\u00e9able go\u00fbt de fraise. Le manchon complet mesure 8,4 cm, le filtre mesure 1,5 cm de long et 8,1 [&hellip;]<\/p>\n","protected":false},"featured_media":195020,"template":"","meta":[],"product_brand":[],"product_cat":[1961,1956],"product_tag":[],"class_list":{"0":"post-195016","1":"product","2":"type-product","3":"status-publish","4":"has-post-thumbnail","6":"product_cat-cigarettes-self-made-fr-2","7":"product_cat-dosettes-de-cigarettes","9":"first","10":"onbackorder","11":"featured","12":"purchasable","13":"product-type-simple"},"yoast_head":"<!-- This site is optimized with the Yoast SEO plugin v27.0 - https:\/\/yoast.com\/product\/yoast-seo-wordpress\/ -->\n<title>Tubes filtrants Firebox Strawberry Tubes 5 x 250 tabakversand.ch<\/title>\n<meta name=\"description\" content=\"Tubes \u00e0 fraises Firebox 5 x 250 tubes filtrants | Une large s\u00e9lection haut de gamme de produits du tabac, de cigarettes \u00e9lectroniques et d&#039;accessoires pour fumeurs dans toute la Suisse | Cartes accept\u00e9es !\" \/>\n<meta name=\"robots\" content=\"index, follow, max-snippet:-1, max-image-preview:large, max-video-preview:-1\" \/>\n<link rel=\"canonical\" href=\"https:\/\/www.tabakversand.ch\/fr\/produit\/tubes-filtrants-firebox-strawberry-tubes-5-x-250\/\" \/>\n<meta property=\"og:locale\" content=\"fr_FR\" \/>\n<meta property=\"og:type\" content=\"article\" \/>\n<meta property=\"og:title\" content=\"Tubes filtrants Firebox Strawberry Tubes 5 x 250 tabakversand.ch\" \/>\n<meta property=\"og:description\" content=\"Tubes \u00e0 fraises Firebox 5 x 250 tubes filtrants | Une large s\u00e9lection haut de gamme de produits du tabac, de cigarettes \u00e9lectroniques et d&#039;accessoires pour fumeurs dans toute la Suisse | Cartes accept\u00e9es !\" \/>\n<meta property=\"og:url\" content=\"https:\/\/www.tabakversand.ch\/fr\/produit\/tubes-filtrants-firebox-strawberry-tubes-5-x-250\/\" \/>\n<meta property=\"og:site_name\" content=\"Tabakversand.ch | Alles aus der Welt des Tabaks\" \/>\n<meta property=\"article:modified_time\" content=\"2025-08-21T09:52:13+00:00\" \/>\n<meta property=\"og:image\" content=\"http:\/\/www.tabakversand.ch\/wp-content\/uploads\/2025\/08\/firebox-strawberry-tubes-250.jpg\" \/>\n\t<meta property=\"og:image:width\" content=\"500\" \/>\n\t<meta property=\"og:image:height\" content=\"500\" \/>\n\t<meta property=\"og:image:type\" content=\"image\/jpeg\" \/>\n<meta name=\"twitter:card\" content=\"summary_large_image\" \/>\n<meta name=\"twitter:label1\" content=\"Dur\u00e9e de lecture estim\u00e9e\" \/>\n\t<meta name=\"twitter:data1\" content=\"1 minute\" \/>\n<script type=\"application\/ld+json\" class=\"yoast-schema-graph\">{\"@context\":\"https:\/\/schema.org\",\"@graph\":[{\"@type\":\"WebPage\",\"@id\":\"https:\/\/www.tabakversand.ch\/fr\/produit\/tubes-filtrants-firebox-strawberry-tubes-5-x-250\/\",\"url\":\"https:\/\/www.tabakversand.ch\/fr\/produit\/tubes-filtrants-firebox-strawberry-tubes-5-x-250\/\",\"name\":\"Tubes filtrants Firebox Strawberry Tubes 5 x 250 tabakversand.ch\",\"isPartOf\":{\"@id\":\"https:\/\/www.tabakversand.ch\/#website\"},\"primaryImageOfPage\":{\"@id\":\"https:\/\/www.tabakversand.ch\/fr\/produit\/tubes-filtrants-firebox-strawberry-tubes-5-x-250\/#primaryimage\"},\"image\":{\"@id\":\"https:\/\/www.tabakversand.ch\/fr\/produit\/tubes-filtrants-firebox-strawberry-tubes-5-x-250\/#primaryimage\"},\"thumbnailUrl\":\"https:\/\/www.tabakversand.ch\/wp-content\/uploads\/2025\/08\/firebox-strawberry-tubes-250.jpg\",\"datePublished\":\"2025-08-21T09:46:44+00:00\",\"dateModified\":\"2025-08-21T09:52:13+00:00\",\"description\":\"Tubes \u00e0 fraises Firebox 5 x 250 tubes filtrants | Une large s\u00e9lection haut de gamme de produits du tabac, de cigarettes \u00e9lectroniques et d'accessoires pour fumeurs dans toute la Suisse | Cartes accept\u00e9es !\",\"breadcrumb\":{\"@id\":\"https:\/\/www.tabakversand.ch\/fr\/produit\/tubes-filtrants-firebox-strawberry-tubes-5-x-250\/#breadcrumb\"},\"inLanguage\":\"fr-FR\",\"potentialAction\":[{\"@type\":\"ReadAction\",\"target\":[\"https:\/\/www.tabakversand.ch\/fr\/produit\/tubes-filtrants-firebox-strawberry-tubes-5-x-250\/\"]}]},{\"@type\":\"ImageObject\",\"inLanguage\":\"fr-FR\",\"@id\":\"https:\/\/www.tabakversand.ch\/fr\/produit\/tubes-filtrants-firebox-strawberry-tubes-5-x-250\/#primaryimage\",\"url\":\"https:\/\/www.tabakversand.ch\/wp-content\/uploads\/2025\/08\/firebox-strawberry-tubes-250.jpg\",\"contentUrl\":\"https:\/\/www.tabakversand.ch\/wp-content\/uploads\/2025\/08\/firebox-strawberry-tubes-250.jpg\",\"width\":500,\"height\":500,\"caption\":\"Tubes filtrants Firebox Fraise, 5 x 250 tubes | Tabakversand.ch\"},{\"@type\":\"BreadcrumbList\",\"@id\":\"https:\/\/www.tabakversand.ch\/fr\/produit\/tubes-filtrants-firebox-strawberry-tubes-5-x-250\/#breadcrumb\",\"itemListElement\":[{\"@type\":\"ListItem\",\"position\":1,\"name\":\"Startseite\",\"item\":\"https:\/\/www.tabakversand.ch\/\"},{\"@type\":\"ListItem\",\"position\":2,\"name\":\"Boutique\",\"item\":\"https:\/\/www.tabakversand.ch\/fr\/boutique\/\"},{\"@type\":\"ListItem\",\"position\":3,\"name\":\"Tubes filtrants Firebox Strawberry Tubes 5 x 250\"}]},{\"@type\":\"WebSite\",\"@id\":\"https:\/\/www.tabakversand.ch\/#website\",\"url\":\"https:\/\/www.tabakversand.ch\/\",\"name\":\"Tabakversand.ch | Alles aus der Welt des Tabaks\",\"description\":\"Smoke and carpe diem\",\"potentialAction\":[{\"@type\":\"SearchAction\",\"target\":{\"@type\":\"EntryPoint\",\"urlTemplate\":\"https:\/\/www.tabakversand.ch\/?s={search_term_string}\"},\"query-input\":{\"@type\":\"PropertyValueSpecification\",\"valueRequired\":true,\"valueName\":\"search_term_string\"}}],\"inLanguage\":\"fr-FR\"}]}<\/script>\n<!-- \/ Yoast SEO plugin. -->","yoast_head_json":{"title":"Tubes filtrants Firebox Strawberry Tubes 5 x 250 tabakversand.ch","description":"Tubes \u00e0 fraises Firebox 5 x 250 tubes filtrants | Une large s\u00e9lection haut de gamme de produits du tabac, de cigarettes \u00e9lectroniques et d'accessoires pour fumeurs dans toute la Suisse | Cartes accept\u00e9es !","robots":{"index":"index","follow":"follow","max-snippet":"max-snippet:-1","max-image-preview":"max-image-preview:large","max-video-preview":"max-video-preview:-1"},"canonical":"https:\/\/www.tabakversand.ch\/fr\/produit\/tubes-filtrants-firebox-strawberry-tubes-5-x-250\/","og_locale":"fr_FR","og_type":"article","og_title":"Tubes filtrants Firebox Strawberry Tubes 5 x 250 tabakversand.ch","og_description":"Tubes \u00e0 fraises Firebox 5 x 250 tubes filtrants | Une large s\u00e9lection haut de gamme de produits du tabac, de cigarettes \u00e9lectroniques et d'accessoires pour fumeurs dans toute la Suisse | Cartes accept\u00e9es !","og_url":"https:\/\/www.tabakversand.ch\/fr\/produit\/tubes-filtrants-firebox-strawberry-tubes-5-x-250\/","og_site_name":"Tabakversand.ch | Alles aus der Welt des Tabaks","article_modified_time":"2025-08-21T09:52:13+00:00","og_image":[{"width":500,"height":500,"url":"http:\/\/www.tabakversand.ch\/wp-content\/uploads\/2025\/08\/firebox-strawberry-tubes-250.jpg","type":"image\/jpeg"}],"twitter_card":"summary_large_image","twitter_misc":{"Dur\u00e9e de lecture estim\u00e9e":"1 minute"},"schema":{"@context":"https:\/\/schema.org","@graph":[{"@type":"WebPage","@id":"https:\/\/www.tabakversand.ch\/fr\/produit\/tubes-filtrants-firebox-strawberry-tubes-5-x-250\/","url":"https:\/\/www.tabakversand.ch\/fr\/produit\/tubes-filtrants-firebox-strawberry-tubes-5-x-250\/","name":"Tubes filtrants Firebox Strawberry Tubes 5 x 250 tabakversand.ch","isPartOf":{"@id":"https:\/\/www.tabakversand.ch\/#website"},"primaryImageOfPage":{"@id":"https:\/\/www.tabakversand.ch\/fr\/produit\/tubes-filtrants-firebox-strawberry-tubes-5-x-250\/#primaryimage"},"image":{"@id":"https:\/\/www.tabakversand.ch\/fr\/produit\/tubes-filtrants-firebox-strawberry-tubes-5-x-250\/#primaryimage"},"thumbnailUrl":"https:\/\/www.tabakversand.ch\/wp-content\/uploads\/2025\/08\/firebox-strawberry-tubes-250.jpg","datePublished":"2025-08-21T09:46:44+00:00","dateModified":"2025-08-21T09:52:13+00:00","description":"Tubes \u00e0 fraises Firebox 5 x 250 tubes filtrants | Une large s\u00e9lection haut de gamme de produits du tabac, de cigarettes \u00e9lectroniques et d'accessoires pour fumeurs dans toute la Suisse | Cartes accept\u00e9es !","breadcrumb":{"@id":"https:\/\/www.tabakversand.ch\/fr\/produit\/tubes-filtrants-firebox-strawberry-tubes-5-x-250\/#breadcrumb"},"inLanguage":"fr-FR","potentialAction":[{"@type":"ReadAction","target":["https:\/\/www.tabakversand.ch\/fr\/produit\/tubes-filtrants-firebox-strawberry-tubes-5-x-250\/"]}]},{"@type":"ImageObject","inLanguage":"fr-FR","@id":"https:\/\/www.tabakversand.ch\/fr\/produit\/tubes-filtrants-firebox-strawberry-tubes-5-x-250\/#primaryimage","url":"https:\/\/www.tabakversand.ch\/wp-content\/uploads\/2025\/08\/firebox-strawberry-tubes-250.jpg","contentUrl":"https:\/\/www.tabakversand.ch\/wp-content\/uploads\/2025\/08\/firebox-strawberry-tubes-250.jpg","width":500,"height":500,"caption":"Tubes filtrants Firebox Fraise, 5 x 250 tubes | Tabakversand.ch"},{"@type":"BreadcrumbList","@id":"https:\/\/www.tabakversand.ch\/fr\/produit\/tubes-filtrants-firebox-strawberry-tubes-5-x-250\/#breadcrumb","itemListElement":[{"@type":"ListItem","position":1,"name":"Startseite","item":"https:\/\/www.tabakversand.ch\/"},{"@type":"ListItem","position":2,"name":"Boutique","item":"https:\/\/www.tabakversand.ch\/fr\/boutique\/"},{"@type":"ListItem","position":3,"name":"Tubes filtrants Firebox Strawberry Tubes 5 x 250"}]},{"@type":"WebSite","@id":"https:\/\/www.tabakversand.ch\/#website","url":"https:\/\/www.tabakversand.ch\/","name":"Tabakversand.ch | Alles aus der Welt des Tabaks","description":"Smoke and carpe diem","potentialAction":[{"@type":"SearchAction","target":{"@type":"EntryPoint","urlTemplate":"https:\/\/www.tabakversand.ch\/?s={search_term_string}"},"query-input":{"@type":"PropertyValueSpecification","valueRequired":true,"valueName":"search_term_string"}}],"inLanguage":"fr-FR"}]}},"_links":{"self":[{"href":"https:\/\/www.tabakversand.ch\/fr\/wp-json\/wp\/v2\/product\/195016","targetHints":{"allow":["GET"]}}],"collection":[{"href":"https:\/\/www.tabakversand.ch\/fr\/wp-json\/wp\/v2\/product"}],"about":[{"href":"https:\/\/www.tabakversand.ch\/fr\/wp-json\/wp\/v2\/types\/product"}],"version-history":[{"count":3,"href":"https:\/\/www.tabakversand.ch\/fr\/wp-json\/wp\/v2\/product\/195016\/revisions"}],"predecessor-version":[{"id":195030,"href":"https:\/\/www.tabakversand.ch\/fr\/wp-json\/wp\/v2\/product\/195016\/revisions\/195030"}],"wp:featuredmedia":[{"embeddable":true,"href":"https:\/\/www.tabakversand.ch\/fr\/wp-json\/wp\/v2\/media\/195020"}],"wp:attachment":[{"href":"https:\/\/www.tabakversand.ch\/fr\/wp-json\/wp\/v2\/media?parent=195016"}],"wp:term":[{"taxonomy":"product_brand","embeddable":true,"href":"https:\/\/www.tabakversand.ch\/fr\/wp-json\/wp\/v2\/product_brand?post=195016"},{"taxonomy":"product_cat","embeddable":true,"href":"https:\/\/www.tabakversand.ch\/fr\/wp-json\/wp\/v2\/product_cat?post=195016"},{"taxonomy":"product_tag","embeddable":true,"href":"https:\/\/www.tabakversand.ch\/fr\/wp-json\/wp\/v2\/product_tag?post=195016"}],"curies":[{"name":"wp","href":"https:\/\/api.w.org\/{rel}","templated":true}]}}