{"id":195186,"date":"2025-08-22T08:54:59","date_gmt":"2025-08-22T06:54:59","guid":{"rendered":"https:\/\/www.tabakversand.ch\/?post_type=product&#038;p=195186"},"modified":"2025-08-22T09:09:19","modified_gmt":"2025-08-22T07:09:19","slug":"macanudo-inspirado-blanc-robusto-fresh-pack","status":"publish","type":"product","link":"https:\/\/www.tabakversand.ch\/fr\/produit\/macanudo-inspirado-blanc-robusto-fresh-pack\/","title":{"rendered":"Macanudo Inspirado blanc Robusto Fresh Pack"},"content":{"rendered":"<p>Macanudo Inspirado blanc Robusto Fresh Pack<\/p>\n<p>1 x 3 cigares Robusto dans un paquet neuf<\/p>\n<p>Depuis sa cr\u00e9ation, la marque Macanudo s&rsquo;est forg\u00e9e une excellente r\u00e9putation gr\u00e2ce \u00e0 sa constance. Elle produit r\u00e9guli\u00e8rement des cigares de haute qualit\u00e9 qui ravissent les connaisseurs gr\u00e2ce \u00e0 une vari\u00e9t\u00e9 de nuances aromatiques et d\u00e9veloppe continuellement de nouveaux m\u00e9langes. La gamme de cigares Inspirado souligne l&rsquo;esprit d&rsquo;innovation de Macanudo et son savoir-faire artisanal en mati\u00e8re de tabacs fins, le tout r\u00e9uni dans un FreshPack.<\/p>\n<p>L&rsquo;Inspirado White, doux \u00e0 moyennement cors\u00e9, impressionne par ses exquis cigares long-trips du Nicaragua, d&rsquo;Indon\u00e9sie et du Mexique, envelopp\u00e9s dans une cape dor\u00e9e du Connecticut \u00e9quatorien. Des notes cr\u00e9meuses, des nuances terreuses et une pointe d&rsquo;\u00e9pices se d\u00e9voilent en bouche. Merveilleusement complexe et accessible, ce cigare est un incontournable pour les connaisseurs.<\/p>\n<p>Tous les prix s&rsquo;appliquent uniquement aux commandes en ligne et incluent la TVA. Sous r\u00e9serve de modifications sans pr\u00e9avis, frais de livraison en sus. Sous r\u00e9serve d&rsquo;erreurs, de modifications de contenu de livraison et de conception, de fautes d&rsquo;impression et de modifications de prix. Les prix barr\u00e9s sont des prix de remplacement. Les illustrations peuvent diff\u00e9rer de l&rsquo;original\/du contenu de livraison.<br \/>\n*Livraison gratuite pour les commandes sup\u00e9rieures \u00e0 CHF 250.-.<\/p>\n","protected":false},"excerpt":{"rendered":"<p>Macanudo Inspirado blanc Robusto Fresh Pack 1 x 3 cigares Robusto dans un paquet neuf Depuis sa cr\u00e9ation, la marque Macanudo s&rsquo;est forg\u00e9e une excellente r\u00e9putation gr\u00e2ce \u00e0 sa constance. Elle produit r\u00e9guli\u00e8rement des cigares de haute qualit\u00e9 qui ravissent les connaisseurs gr\u00e2ce \u00e0 une vari\u00e9t\u00e9 de nuances aromatiques et d\u00e9veloppe continuellement de nouveaux m\u00e9langes. [&hellip;]<\/p>\n","protected":false},"featured_media":195190,"template":"","meta":[],"product_brand":[],"product_cat":[1993,2329,3421,1994,1992],"product_tag":[],"class_list":{"0":"post-195186","1":"product","2":"type-product","3":"status-publish","4":"has-post-thumbnail","6":"product_cat-cigares","7":"product_cat-honduras-fr","8":"product_cat-macanudo-inspirado-blanc","9":"product_cat-monde-du-cigare","10":"product_cat-republique-dominicaine","12":"first","13":"onbackorder","14":"purchasable","15":"product-type-simple"},"yoast_head":"<!-- This site is optimized with the Yoast SEO plugin v27.5 - https:\/\/yoast.com\/product\/yoast-seo-wordpress\/ -->\n<title>Macanudo Inspirado blanc Robusto Fresh Pack - Tabakversand.ch | Alles aus der Welt des Tabaks<\/title>\n<meta name=\"description\" content=\"Macanudo Inspirado blanc Robusto Fresh Pack | Un tr\u00e8s grand choix de produits du tabac, de cigarettes \u00e9lectroniques et d&#039;accessoires pour fumeurs de premi\u00e8re qualit\u00e9 dans toute la Suisse | Cartes accept\u00e9es !\" \/>\n<meta name=\"robots\" content=\"index, follow, max-snippet:-1, max-image-preview:large, max-video-preview:-1\" \/>\n<link rel=\"canonical\" href=\"https:\/\/www.tabakversand.ch\/fr\/produit\/macanudo-inspirado-blanc-robusto-fresh-pack\/\" \/>\n<meta property=\"og:locale\" content=\"fr_FR\" \/>\n<meta property=\"og:type\" content=\"article\" \/>\n<meta property=\"og:title\" content=\"Macanudo Inspirado blanc Robusto Fresh Pack - Tabakversand.ch | Alles aus der Welt des Tabaks\" \/>\n<meta property=\"og:description\" content=\"Macanudo Inspirado blanc Robusto Fresh Pack | Un tr\u00e8s grand choix de produits du tabac, de cigarettes \u00e9lectroniques et d&#039;accessoires pour fumeurs de premi\u00e8re qualit\u00e9 dans toute la Suisse | Cartes accept\u00e9es !\" \/>\n<meta property=\"og:url\" content=\"https:\/\/www.tabakversand.ch\/fr\/produit\/macanudo-inspirado-blanc-robusto-fresh-pack\/\" \/>\n<meta property=\"og:site_name\" content=\"Tabakversand.ch | Alles aus der Welt des Tabaks\" \/>\n<meta property=\"article:modified_time\" content=\"2025-08-22T07:09:19+00:00\" \/>\n<meta property=\"og:image\" content=\"http:\/\/www.tabakversand.ch\/wp-content\/uploads\/2025\/08\/macanudo-inspirado-white-robusto-fresh-pack.jpg\" \/>\n\t<meta property=\"og:image:width\" content=\"500\" \/>\n\t<meta property=\"og:image:height\" content=\"500\" \/>\n\t<meta property=\"og:image:type\" content=\"image\/jpeg\" \/>\n<meta name=\"twitter:card\" content=\"summary_large_image\" \/>\n<meta name=\"twitter:label1\" content=\"Dur\u00e9e de lecture estim\u00e9e\" \/>\n\t<meta name=\"twitter:data1\" content=\"2 minutes\" \/>\n<script type=\"application\/ld+json\" class=\"yoast-schema-graph\">{\"@context\":\"https:\\\/\\\/schema.org\",\"@graph\":[{\"@type\":\"WebPage\",\"@id\":\"https:\\\/\\\/www.tabakversand.ch\\\/fr\\\/produit\\\/macanudo-inspirado-blanc-robusto-fresh-pack\\\/\",\"url\":\"https:\\\/\\\/www.tabakversand.ch\\\/fr\\\/produit\\\/macanudo-inspirado-blanc-robusto-fresh-pack\\\/\",\"name\":\"Macanudo Inspirado blanc Robusto Fresh Pack - Tabakversand.ch | Alles aus der Welt des Tabaks\",\"isPartOf\":{\"@id\":\"https:\\\/\\\/www.tabakversand.ch\\\/#website\"},\"primaryImageOfPage\":{\"@id\":\"https:\\\/\\\/www.tabakversand.ch\\\/fr\\\/produit\\\/macanudo-inspirado-blanc-robusto-fresh-pack\\\/#primaryimage\"},\"image\":{\"@id\":\"https:\\\/\\\/www.tabakversand.ch\\\/fr\\\/produit\\\/macanudo-inspirado-blanc-robusto-fresh-pack\\\/#primaryimage\"},\"thumbnailUrl\":\"https:\\\/\\\/www.tabakversand.ch\\\/wp-content\\\/uploads\\\/2025\\\/08\\\/macanudo-inspirado-white-robusto-fresh-pack.jpg\",\"datePublished\":\"2025-08-22T06:54:59+00:00\",\"dateModified\":\"2025-08-22T07:09:19+00:00\",\"description\":\"Macanudo Inspirado blanc Robusto Fresh Pack | Un tr\u00e8s grand choix de produits du tabac, de cigarettes \u00e9lectroniques et d'accessoires pour fumeurs de premi\u00e8re qualit\u00e9 dans toute la Suisse | Cartes accept\u00e9es !\",\"breadcrumb\":{\"@id\":\"https:\\\/\\\/www.tabakversand.ch\\\/fr\\\/produit\\\/macanudo-inspirado-blanc-robusto-fresh-pack\\\/#breadcrumb\"},\"inLanguage\":\"fr-FR\",\"potentialAction\":[{\"@type\":\"ReadAction\",\"target\":[\"https:\\\/\\\/www.tabakversand.ch\\\/fr\\\/produit\\\/macanudo-inspirado-blanc-robusto-fresh-pack\\\/\"]}]},{\"@type\":\"ImageObject\",\"inLanguage\":\"fr-FR\",\"@id\":\"https:\\\/\\\/www.tabakversand.ch\\\/fr\\\/produit\\\/macanudo-inspirado-blanc-robusto-fresh-pack\\\/#primaryimage\",\"url\":\"https:\\\/\\\/www.tabakversand.ch\\\/wp-content\\\/uploads\\\/2025\\\/08\\\/macanudo-inspirado-white-robusto-fresh-pack.jpg\",\"contentUrl\":\"https:\\\/\\\/www.tabakversand.ch\\\/wp-content\\\/uploads\\\/2025\\\/08\\\/macanudo-inspirado-white-robusto-fresh-pack.jpg\",\"width\":500,\"height\":500,\"caption\":\"Macanudo Inspirado blanc Robusto Fresh Pack | Tabakversand.ch\"},{\"@type\":\"BreadcrumbList\",\"@id\":\"https:\\\/\\\/www.tabakversand.ch\\\/fr\\\/produit\\\/macanudo-inspirado-blanc-robusto-fresh-pack\\\/#breadcrumb\",\"itemListElement\":[{\"@type\":\"ListItem\",\"position\":1,\"name\":\"Startseite\",\"item\":\"https:\\\/\\\/www.tabakversand.ch\\\/\"},{\"@type\":\"ListItem\",\"position\":2,\"name\":\"Boutique\",\"item\":\"https:\\\/\\\/www.tabakversand.ch\\\/fr\\\/boutique\\\/\"},{\"@type\":\"ListItem\",\"position\":3,\"name\":\"Macanudo Inspirado blanc Robusto Fresh Pack\"}]},{\"@type\":\"WebSite\",\"@id\":\"https:\\\/\\\/www.tabakversand.ch\\\/#website\",\"url\":\"https:\\\/\\\/www.tabakversand.ch\\\/\",\"name\":\"Tabakversand.ch | Alles aus der Welt des Tabaks\",\"description\":\"Smoke and carpe diem\",\"potentialAction\":[{\"@type\":\"SearchAction\",\"target\":{\"@type\":\"EntryPoint\",\"urlTemplate\":\"https:\\\/\\\/www.tabakversand.ch\\\/?s={search_term_string}\"},\"query-input\":{\"@type\":\"PropertyValueSpecification\",\"valueRequired\":true,\"valueName\":\"search_term_string\"}}],\"inLanguage\":\"fr-FR\"}]}<\/script>\n<!-- \/ Yoast SEO plugin. -->","yoast_head_json":{"title":"Macanudo Inspirado blanc Robusto Fresh Pack - Tabakversand.ch | Alles aus der Welt des Tabaks","description":"Macanudo Inspirado blanc Robusto Fresh Pack | Un tr\u00e8s grand choix de produits du tabac, de cigarettes \u00e9lectroniques et d'accessoires pour fumeurs de premi\u00e8re qualit\u00e9 dans toute la Suisse | Cartes accept\u00e9es !","robots":{"index":"index","follow":"follow","max-snippet":"max-snippet:-1","max-image-preview":"max-image-preview:large","max-video-preview":"max-video-preview:-1"},"canonical":"https:\/\/www.tabakversand.ch\/fr\/produit\/macanudo-inspirado-blanc-robusto-fresh-pack\/","og_locale":"fr_FR","og_type":"article","og_title":"Macanudo Inspirado blanc Robusto Fresh Pack - Tabakversand.ch | Alles aus der Welt des Tabaks","og_description":"Macanudo Inspirado blanc Robusto Fresh Pack | Un tr\u00e8s grand choix de produits du tabac, de cigarettes \u00e9lectroniques et d'accessoires pour fumeurs de premi\u00e8re qualit\u00e9 dans toute la Suisse | Cartes accept\u00e9es !","og_url":"https:\/\/www.tabakversand.ch\/fr\/produit\/macanudo-inspirado-blanc-robusto-fresh-pack\/","og_site_name":"Tabakversand.ch | Alles aus der Welt des Tabaks","article_modified_time":"2025-08-22T07:09:19+00:00","og_image":[{"width":500,"height":500,"url":"http:\/\/www.tabakversand.ch\/wp-content\/uploads\/2025\/08\/macanudo-inspirado-white-robusto-fresh-pack.jpg","type":"image\/jpeg"}],"twitter_card":"summary_large_image","twitter_misc":{"Dur\u00e9e de lecture estim\u00e9e":"2 minutes"},"schema":{"@context":"https:\/\/schema.org","@graph":[{"@type":"WebPage","@id":"https:\/\/www.tabakversand.ch\/fr\/produit\/macanudo-inspirado-blanc-robusto-fresh-pack\/","url":"https:\/\/www.tabakversand.ch\/fr\/produit\/macanudo-inspirado-blanc-robusto-fresh-pack\/","name":"Macanudo Inspirado blanc Robusto Fresh Pack - Tabakversand.ch | Alles aus der Welt des Tabaks","isPartOf":{"@id":"https:\/\/www.tabakversand.ch\/#website"},"primaryImageOfPage":{"@id":"https:\/\/www.tabakversand.ch\/fr\/produit\/macanudo-inspirado-blanc-robusto-fresh-pack\/#primaryimage"},"image":{"@id":"https:\/\/www.tabakversand.ch\/fr\/produit\/macanudo-inspirado-blanc-robusto-fresh-pack\/#primaryimage"},"thumbnailUrl":"https:\/\/www.tabakversand.ch\/wp-content\/uploads\/2025\/08\/macanudo-inspirado-white-robusto-fresh-pack.jpg","datePublished":"2025-08-22T06:54:59+00:00","dateModified":"2025-08-22T07:09:19+00:00","description":"Macanudo Inspirado blanc Robusto Fresh Pack | Un tr\u00e8s grand choix de produits du tabac, de cigarettes \u00e9lectroniques et d'accessoires pour fumeurs de premi\u00e8re qualit\u00e9 dans toute la Suisse | Cartes accept\u00e9es !","breadcrumb":{"@id":"https:\/\/www.tabakversand.ch\/fr\/produit\/macanudo-inspirado-blanc-robusto-fresh-pack\/#breadcrumb"},"inLanguage":"fr-FR","potentialAction":[{"@type":"ReadAction","target":["https:\/\/www.tabakversand.ch\/fr\/produit\/macanudo-inspirado-blanc-robusto-fresh-pack\/"]}]},{"@type":"ImageObject","inLanguage":"fr-FR","@id":"https:\/\/www.tabakversand.ch\/fr\/produit\/macanudo-inspirado-blanc-robusto-fresh-pack\/#primaryimage","url":"https:\/\/www.tabakversand.ch\/wp-content\/uploads\/2025\/08\/macanudo-inspirado-white-robusto-fresh-pack.jpg","contentUrl":"https:\/\/www.tabakversand.ch\/wp-content\/uploads\/2025\/08\/macanudo-inspirado-white-robusto-fresh-pack.jpg","width":500,"height":500,"caption":"Macanudo Inspirado blanc Robusto Fresh Pack | Tabakversand.ch"},{"@type":"BreadcrumbList","@id":"https:\/\/www.tabakversand.ch\/fr\/produit\/macanudo-inspirado-blanc-robusto-fresh-pack\/#breadcrumb","itemListElement":[{"@type":"ListItem","position":1,"name":"Startseite","item":"https:\/\/www.tabakversand.ch\/"},{"@type":"ListItem","position":2,"name":"Boutique","item":"https:\/\/www.tabakversand.ch\/fr\/boutique\/"},{"@type":"ListItem","position":3,"name":"Macanudo Inspirado blanc Robusto Fresh Pack"}]},{"@type":"WebSite","@id":"https:\/\/www.tabakversand.ch\/#website","url":"https:\/\/www.tabakversand.ch\/","name":"Tabakversand.ch | Alles aus der Welt des Tabaks","description":"Smoke and carpe diem","potentialAction":[{"@type":"SearchAction","target":{"@type":"EntryPoint","urlTemplate":"https:\/\/www.tabakversand.ch\/?s={search_term_string}"},"query-input":{"@type":"PropertyValueSpecification","valueRequired":true,"valueName":"search_term_string"}}],"inLanguage":"fr-FR"}]}},"_links":{"self":[{"href":"https:\/\/www.tabakversand.ch\/fr\/wp-json\/wp\/v2\/product\/195186","targetHints":{"allow":["GET"]}}],"collection":[{"href":"https:\/\/www.tabakversand.ch\/fr\/wp-json\/wp\/v2\/product"}],"about":[{"href":"https:\/\/www.tabakversand.ch\/fr\/wp-json\/wp\/v2\/types\/product"}],"version-history":[{"count":5,"href":"https:\/\/www.tabakversand.ch\/fr\/wp-json\/wp\/v2\/product\/195186\/revisions"}],"predecessor-version":[{"id":195209,"href":"https:\/\/www.tabakversand.ch\/fr\/wp-json\/wp\/v2\/product\/195186\/revisions\/195209"}],"wp:featuredmedia":[{"embeddable":true,"href":"https:\/\/www.tabakversand.ch\/fr\/wp-json\/wp\/v2\/media\/195190"}],"wp:attachment":[{"href":"https:\/\/www.tabakversand.ch\/fr\/wp-json\/wp\/v2\/media?parent=195186"}],"wp:term":[{"taxonomy":"product_brand","embeddable":true,"href":"https:\/\/www.tabakversand.ch\/fr\/wp-json\/wp\/v2\/product_brand?post=195186"},{"taxonomy":"product_cat","embeddable":true,"href":"https:\/\/www.tabakversand.ch\/fr\/wp-json\/wp\/v2\/product_cat?post=195186"},{"taxonomy":"product_tag","embeddable":true,"href":"https:\/\/www.tabakversand.ch\/fr\/wp-json\/wp\/v2\/product_tag?post=195186"}],"curies":[{"name":"wp","href":"https:\/\/api.w.org\/{rel}","templated":true}]}}