{"id":195952,"date":"2025-08-26T11:54:34","date_gmt":"2025-08-26T09:54:34","guid":{"rendered":"https:\/\/www.tabakversand.ch\/?post_type=product&#038;p=195952"},"modified":"2025-08-26T12:26:40","modified_gmt":"2025-08-26T10:26:40","slug":"briquet-bic-mini-j25","status":"publish","type":"product","link":"https:\/\/www.tabakversand.ch\/fr\/produit\/briquet-bic-mini-j25\/","title":{"rendered":"Briquet BIC Mini J25"},"content":{"rendered":"<p>Briquet BIC Mini J25<\/p>\n<p>Hauteur : 6 cm<\/p>\n<p>Tous les prix s&rsquo;appliquent uniquement aux commandes en ligne et incluent la TVA. Sous r\u00e9serve de modifications sans pr\u00e9avis, frais de livraison en sus. Sous r\u00e9serve d&rsquo;erreurs, de modifications de contenu de livraison et de conception, de fautes d&rsquo;impression et de modifications de prix. Les prix barr\u00e9s sont des prix de remplacement. Les illustrations peuvent diff\u00e9rer de l&rsquo;original\/du contenu de livraison.<br \/>\n*Livraison gratuite pour les commandes sup\u00e9rieures \u00e0 CHF 250.-.<\/p>\n","protected":false},"excerpt":{"rendered":"<p>Briquet BIC Mini J25 Hauteur : 6 cm Tous les prix s&rsquo;appliquent uniquement aux commandes en ligne et incluent la TVA. Sous r\u00e9serve de modifications sans pr\u00e9avis, frais de livraison en sus. Sous r\u00e9serve d&rsquo;erreurs, de modifications de contenu de livraison et de conception, de fautes d&rsquo;impression et de modifications de prix. Les prix barr\u00e9s [&hellip;]<\/p>\n","protected":false},"featured_media":195964,"template":"","meta":[],"product_brand":[],"product_cat":[2483,3382,1927,3586,3362,1961],"product_tag":[],"class_list":{"0":"post-195952","1":"product","2":"type-product","3":"status-publish","4":"has-post-thumbnail","6":"product_cat-accessoires-pour-cigarettes","7":"product_cat-briquets-fr-2","8":"product_cat-briquets","9":"product_cat-briquets-divers","10":"product_cat-briquets-en-plastique","11":"product_cat-cigarettes-self-made-fr-2","12":"pa_farbe-beige-fr","13":"pa_farbe-bleu-clair","14":"pa_farbe-bleu-fonce","15":"pa_farbe-jaune","16":"pa_farbe-noir","17":"pa_farbe-rose","18":"pa_farbe-rouge","19":"pa_farbe-vert-clair","21":"first","22":"instock","23":"purchasable","24":"product-type-variable"},"yoast_head":"<!-- This site is optimized with the Yoast SEO plugin v27.0 - https:\/\/yoast.com\/product\/yoast-seo-wordpress\/ -->\n<title>-<\/title>\n<meta name=\"description\" content=\"Briquet BIC Mini J25 | Un tr\u00e8s grand choix de produits du tabac et d&#039;accessoires pour fumeurs de premi\u00e8re qualit\u00e9 dans toute la Suisse | Cartes accept\u00e9es !\" \/>\n<meta name=\"robots\" content=\"index, follow, max-snippet:-1, max-image-preview:large, max-video-preview:-1\" \/>\n<link rel=\"canonical\" href=\"https:\/\/www.tabakversand.ch\/fr\/produit\/briquet-bic-mini-j25\/\" \/>\n<meta property=\"og:locale\" content=\"fr_FR\" \/>\n<meta property=\"og:type\" content=\"article\" \/>\n<meta property=\"og:title\" content=\"-\" \/>\n<meta property=\"og:description\" content=\"Briquet BIC Mini J25 | Un tr\u00e8s grand choix de produits du tabac et d&#039;accessoires pour fumeurs de premi\u00e8re qualit\u00e9 dans toute la Suisse | Cartes accept\u00e9es !\" \/>\n<meta property=\"og:url\" content=\"https:\/\/www.tabakversand.ch\/fr\/produit\/briquet-bic-mini-j25\/\" \/>\n<meta property=\"og:site_name\" content=\"Tabakversand.ch | Alles aus der Welt des Tabaks\" \/>\n<meta property=\"article:modified_time\" content=\"2025-08-26T10:26:40+00:00\" \/>\n<meta property=\"og:image\" content=\"http:\/\/www.tabakversand.ch\/wp-content\/uploads\/2025\/08\/bic-mini-all.jpg\" \/>\n\t<meta property=\"og:image:width\" content=\"500\" \/>\n\t<meta property=\"og:image:height\" content=\"500\" \/>\n\t<meta property=\"og:image:type\" content=\"image\/jpeg\" \/>\n<meta name=\"twitter:card\" content=\"summary_large_image\" \/>\n<meta name=\"twitter:label1\" content=\"Dur\u00e9e de lecture estim\u00e9e\" \/>\n\t<meta name=\"twitter:data1\" content=\"1 minute\" \/>\n<script type=\"application\/ld+json\" class=\"yoast-schema-graph\">{\"@context\":\"https:\/\/schema.org\",\"@graph\":[{\"@type\":\"WebPage\",\"@id\":\"https:\/\/www.tabakversand.ch\/fr\/produit\/briquet-bic-mini-j25\/\",\"url\":\"https:\/\/www.tabakversand.ch\/fr\/produit\/briquet-bic-mini-j25\/\",\"name\":\"-\",\"isPartOf\":{\"@id\":\"https:\/\/www.tabakversand.ch\/#website\"},\"primaryImageOfPage\":{\"@id\":\"https:\/\/www.tabakversand.ch\/fr\/produit\/briquet-bic-mini-j25\/#primaryimage\"},\"image\":{\"@id\":\"https:\/\/www.tabakversand.ch\/fr\/produit\/briquet-bic-mini-j25\/#primaryimage\"},\"thumbnailUrl\":\"https:\/\/www.tabakversand.ch\/wp-content\/uploads\/2025\/08\/bic-mini-all.jpg\",\"datePublished\":\"2025-08-26T09:54:34+00:00\",\"dateModified\":\"2025-08-26T10:26:40+00:00\",\"description\":\"Briquet BIC Mini J25 | Un tr\u00e8s grand choix de produits du tabac et d'accessoires pour fumeurs de premi\u00e8re qualit\u00e9 dans toute la Suisse | Cartes accept\u00e9es !\",\"breadcrumb\":{\"@id\":\"https:\/\/www.tabakversand.ch\/fr\/produit\/briquet-bic-mini-j25\/#breadcrumb\"},\"inLanguage\":\"fr-FR\",\"potentialAction\":[{\"@type\":\"ReadAction\",\"target\":[\"https:\/\/www.tabakversand.ch\/fr\/produit\/briquet-bic-mini-j25\/\"]}]},{\"@type\":\"ImageObject\",\"inLanguage\":\"fr-FR\",\"@id\":\"https:\/\/www.tabakversand.ch\/fr\/produit\/briquet-bic-mini-j25\/#primaryimage\",\"url\":\"https:\/\/www.tabakversand.ch\/wp-content\/uploads\/2025\/08\/bic-mini-all.jpg\",\"contentUrl\":\"https:\/\/www.tabakversand.ch\/wp-content\/uploads\/2025\/08\/bic-mini-all.jpg\",\"width\":500,\"height\":500,\"caption\":\"Briquet BIC Mini J25 | Tabakversand.ch\"},{\"@type\":\"BreadcrumbList\",\"@id\":\"https:\/\/www.tabakversand.ch\/fr\/produit\/briquet-bic-mini-j25\/#breadcrumb\",\"itemListElement\":[{\"@type\":\"ListItem\",\"position\":1,\"name\":\"Startseite\",\"item\":\"https:\/\/www.tabakversand.ch\/\"},{\"@type\":\"ListItem\",\"position\":2,\"name\":\"Boutique\",\"item\":\"https:\/\/www.tabakversand.ch\/fr\/boutique\/\"},{\"@type\":\"ListItem\",\"position\":3,\"name\":\"Briquet BIC Mini J25\"}]},{\"@type\":\"WebSite\",\"@id\":\"https:\/\/www.tabakversand.ch\/#website\",\"url\":\"https:\/\/www.tabakversand.ch\/\",\"name\":\"Tabakversand.ch | Alles aus der Welt des Tabaks\",\"description\":\"Smoke and carpe diem\",\"potentialAction\":[{\"@type\":\"SearchAction\",\"target\":{\"@type\":\"EntryPoint\",\"urlTemplate\":\"https:\/\/www.tabakversand.ch\/?s={search_term_string}\"},\"query-input\":{\"@type\":\"PropertyValueSpecification\",\"valueRequired\":true,\"valueName\":\"search_term_string\"}}],\"inLanguage\":\"fr-FR\"}]}<\/script>\n<!-- \/ Yoast SEO plugin. -->","yoast_head_json":{"title":"-","description":"Briquet BIC Mini J25 | Un tr\u00e8s grand choix de produits du tabac et d'accessoires pour fumeurs de premi\u00e8re qualit\u00e9 dans toute la Suisse | Cartes accept\u00e9es !","robots":{"index":"index","follow":"follow","max-snippet":"max-snippet:-1","max-image-preview":"max-image-preview:large","max-video-preview":"max-video-preview:-1"},"canonical":"https:\/\/www.tabakversand.ch\/fr\/produit\/briquet-bic-mini-j25\/","og_locale":"fr_FR","og_type":"article","og_title":"-","og_description":"Briquet BIC Mini J25 | Un tr\u00e8s grand choix de produits du tabac et d'accessoires pour fumeurs de premi\u00e8re qualit\u00e9 dans toute la Suisse | Cartes accept\u00e9es !","og_url":"https:\/\/www.tabakversand.ch\/fr\/produit\/briquet-bic-mini-j25\/","og_site_name":"Tabakversand.ch | Alles aus der Welt des Tabaks","article_modified_time":"2025-08-26T10:26:40+00:00","og_image":[{"width":500,"height":500,"url":"http:\/\/www.tabakversand.ch\/wp-content\/uploads\/2025\/08\/bic-mini-all.jpg","type":"image\/jpeg"}],"twitter_card":"summary_large_image","twitter_misc":{"Dur\u00e9e de lecture estim\u00e9e":"1 minute"},"schema":{"@context":"https:\/\/schema.org","@graph":[{"@type":"WebPage","@id":"https:\/\/www.tabakversand.ch\/fr\/produit\/briquet-bic-mini-j25\/","url":"https:\/\/www.tabakversand.ch\/fr\/produit\/briquet-bic-mini-j25\/","name":"-","isPartOf":{"@id":"https:\/\/www.tabakversand.ch\/#website"},"primaryImageOfPage":{"@id":"https:\/\/www.tabakversand.ch\/fr\/produit\/briquet-bic-mini-j25\/#primaryimage"},"image":{"@id":"https:\/\/www.tabakversand.ch\/fr\/produit\/briquet-bic-mini-j25\/#primaryimage"},"thumbnailUrl":"https:\/\/www.tabakversand.ch\/wp-content\/uploads\/2025\/08\/bic-mini-all.jpg","datePublished":"2025-08-26T09:54:34+00:00","dateModified":"2025-08-26T10:26:40+00:00","description":"Briquet BIC Mini J25 | Un tr\u00e8s grand choix de produits du tabac et d'accessoires pour fumeurs de premi\u00e8re qualit\u00e9 dans toute la Suisse | Cartes accept\u00e9es !","breadcrumb":{"@id":"https:\/\/www.tabakversand.ch\/fr\/produit\/briquet-bic-mini-j25\/#breadcrumb"},"inLanguage":"fr-FR","potentialAction":[{"@type":"ReadAction","target":["https:\/\/www.tabakversand.ch\/fr\/produit\/briquet-bic-mini-j25\/"]}]},{"@type":"ImageObject","inLanguage":"fr-FR","@id":"https:\/\/www.tabakversand.ch\/fr\/produit\/briquet-bic-mini-j25\/#primaryimage","url":"https:\/\/www.tabakversand.ch\/wp-content\/uploads\/2025\/08\/bic-mini-all.jpg","contentUrl":"https:\/\/www.tabakversand.ch\/wp-content\/uploads\/2025\/08\/bic-mini-all.jpg","width":500,"height":500,"caption":"Briquet BIC Mini J25 | Tabakversand.ch"},{"@type":"BreadcrumbList","@id":"https:\/\/www.tabakversand.ch\/fr\/produit\/briquet-bic-mini-j25\/#breadcrumb","itemListElement":[{"@type":"ListItem","position":1,"name":"Startseite","item":"https:\/\/www.tabakversand.ch\/"},{"@type":"ListItem","position":2,"name":"Boutique","item":"https:\/\/www.tabakversand.ch\/fr\/boutique\/"},{"@type":"ListItem","position":3,"name":"Briquet BIC Mini J25"}]},{"@type":"WebSite","@id":"https:\/\/www.tabakversand.ch\/#website","url":"https:\/\/www.tabakversand.ch\/","name":"Tabakversand.ch | Alles aus der Welt des Tabaks","description":"Smoke and carpe diem","potentialAction":[{"@type":"SearchAction","target":{"@type":"EntryPoint","urlTemplate":"https:\/\/www.tabakversand.ch\/?s={search_term_string}"},"query-input":{"@type":"PropertyValueSpecification","valueRequired":true,"valueName":"search_term_string"}}],"inLanguage":"fr-FR"}]}},"_links":{"self":[{"href":"https:\/\/www.tabakversand.ch\/fr\/wp-json\/wp\/v2\/product\/195952","targetHints":{"allow":["GET"]}}],"collection":[{"href":"https:\/\/www.tabakversand.ch\/fr\/wp-json\/wp\/v2\/product"}],"about":[{"href":"https:\/\/www.tabakversand.ch\/fr\/wp-json\/wp\/v2\/types\/product"}],"version-history":[{"count":3,"href":"https:\/\/www.tabakversand.ch\/fr\/wp-json\/wp\/v2\/product\/195952\/revisions"}],"predecessor-version":[{"id":196030,"href":"https:\/\/www.tabakversand.ch\/fr\/wp-json\/wp\/v2\/product\/195952\/revisions\/196030"}],"wp:featuredmedia":[{"embeddable":true,"href":"https:\/\/www.tabakversand.ch\/fr\/wp-json\/wp\/v2\/media\/195964"}],"wp:attachment":[{"href":"https:\/\/www.tabakversand.ch\/fr\/wp-json\/wp\/v2\/media?parent=195952"}],"wp:term":[{"taxonomy":"product_brand","embeddable":true,"href":"https:\/\/www.tabakversand.ch\/fr\/wp-json\/wp\/v2\/product_brand?post=195952"},{"taxonomy":"product_cat","embeddable":true,"href":"https:\/\/www.tabakversand.ch\/fr\/wp-json\/wp\/v2\/product_cat?post=195952"},{"taxonomy":"product_tag","embeddable":true,"href":"https:\/\/www.tabakversand.ch\/fr\/wp-json\/wp\/v2\/product_tag?post=195952"}],"curies":[{"name":"wp","href":"https:\/\/api.w.org\/{rel}","templated":true}]}}