{"id":197140,"date":"2025-09-02T10:37:20","date_gmt":"2025-09-02T08:37:20","guid":{"rendered":"https:\/\/www.tabakversand.ch\/?post_type=product&#038;p=197140"},"modified":"2026-04-16T15:04:40","modified_gmt":"2026-04-16T13:04:40","slug":"shire-morning-mixture-50-gr-tabac-a-pipe-np","status":"publish","type":"product","link":"https:\/\/www.tabakversand.ch\/fr\/produit\/shire-morning-mixture-50-gr-tabac-a-pipe-np\/","title":{"rendered":"Shire Morning Mixture 50 gr. Tabac \u00e0 pipe np"},"content":{"rendered":"<p>Shire Morning Mixture 50 gr. Tabac \u00e0 pipe np<\/p>\n<p>Un m\u00e9lange cors\u00e9 de forte proportion de Black Cavendish, de divers Virginias brillants et de Burley noisette. Compl\u00e9t\u00e9 par de la vanille parfum\u00e9e, de la mirabelle m\u00fbre et du cappuccino. Diff\u00e9rentes largeurs de coupe assurent une combustion uniform\u00e9ment douce.<\/p>\n<p>Tous les prix indiqu\u00e9s sont valables uniquement pour les commandes en ligne, TVA incluse, et peuvent \u00eatre modifi\u00e9s sans pr\u00e9avis. Les frais de port sont en sus.   Sous r\u00e9serve d&rsquo;erreurs, de modifications de l&rsquo;\u00e9tendue de la livraison et de la conception, d&rsquo;erreurs d&rsquo;impression et de modifications de prix. Les prix barr\u00e9s sont plut\u00f4t des prix. L&rsquo;illustration peut diff\u00e9rer de l&rsquo;original\/de l&rsquo;\u00e9tendue de la livraison.<br \/>\n*Livraison gratuite pour les commandes sup\u00e9rieures \u00e0 CHF 250.-.<\/p>\n","protected":false},"excerpt":{"rendered":"<p>Shire Morning Mixture 50 gr. Tabac \u00e0 pipe np Un m\u00e9lange cors\u00e9 de forte proportion de Black Cavendish, de divers Virginias brillants et de Burley noisette. Compl\u00e9t\u00e9 par de la vanille parfum\u00e9e, de la mirabelle m\u00fbre et du cappuccino. Diff\u00e9rentes largeurs de coupe assurent une combustion uniform\u00e9ment douce. Tous les prix indiqu\u00e9s sont valables uniquement [&hellip;]<\/p>\n","protected":false},"featured_media":66485,"template":"","meta":[],"product_brand":[5815],"product_cat":[5814,1949,1888,2040],"product_tag":[],"class_list":{"0":"post-197140","1":"product","2":"type-product","3":"status-publish","4":"has-post-thumbnail","6":"product_brand-auenland-pfeifenbedarf","7":"product_cat-boites","8":"product_cat-pipe-world-fr","9":"product_cat-tabac","10":"product_cat-tabac-a-pipe-fr","12":"first","13":"instock","14":"purchasable","15":"product-type-simple"},"yoast_head":"<!-- This site is optimized with the Yoast SEO plugin v27.5 - https:\/\/yoast.com\/product\/yoast-seo-wordpress\/ -->\n<title>Shire Morning Mixture 50 gr. Tabac \u00e0 pipe np - tabakversand.ch<\/title>\n<meta name=\"description\" content=\"Shire Morning Mixture 50 gr. Tabac \u00e0 pipe np | Un tr\u00e8s grand choix de produits et accessoires de tabac de premi\u00e8re qualit\u00e9 dans toute la Suisse | Cartes accept\u00e9es !\" \/>\n<meta name=\"robots\" content=\"index, follow, max-snippet:-1, max-image-preview:large, max-video-preview:-1\" \/>\n<link rel=\"canonical\" href=\"https:\/\/www.tabakversand.ch\/fr\/produit\/shire-morning-mixture-50-gr-tabac-a-pipe-np\/\" \/>\n<meta property=\"og:locale\" content=\"fr_FR\" \/>\n<meta property=\"og:type\" content=\"article\" \/>\n<meta property=\"og:title\" content=\"Shire Morning Mixture 50 gr. Tabac \u00e0 pipe np - tabakversand.ch\" \/>\n<meta property=\"og:description\" content=\"Shire Morning Mixture 50 gr. Tabac \u00e0 pipe np | Un tr\u00e8s grand choix de produits et accessoires de tabac de premi\u00e8re qualit\u00e9 dans toute la Suisse | Cartes accept\u00e9es !\" \/>\n<meta property=\"og:url\" content=\"https:\/\/www.tabakversand.ch\/fr\/produit\/shire-morning-mixture-50-gr-tabac-a-pipe-np\/\" \/>\n<meta property=\"og:site_name\" content=\"Tabakversand.ch | Alles aus der Welt des Tabaks\" \/>\n<meta property=\"article:modified_time\" content=\"2026-04-16T13:04:40+00:00\" \/>\n<meta property=\"og:image\" content=\"https:\/\/www.tabakversand.ch\/wp-content\/uploads\/2022\/03\/vauen-auenland-pfeifentabak-morning-mixture.jpg\" \/>\n\t<meta property=\"og:image:width\" content=\"420\" \/>\n\t<meta property=\"og:image:height\" content=\"405\" \/>\n\t<meta property=\"og:image:type\" content=\"image\/jpeg\" \/>\n<meta name=\"twitter:card\" content=\"summary_large_image\" \/>\n<meta name=\"twitter:label1\" content=\"Dur\u00e9e de lecture estim\u00e9e\" \/>\n\t<meta name=\"twitter:data1\" content=\"1 minute\" \/>\n<script type=\"application\/ld+json\" class=\"yoast-schema-graph\">{\"@context\":\"https:\\\/\\\/schema.org\",\"@graph\":[{\"@type\":\"WebPage\",\"@id\":\"https:\\\/\\\/www.tabakversand.ch\\\/fr\\\/produit\\\/shire-morning-mixture-50-gr-tabac-a-pipe-np\\\/\",\"url\":\"https:\\\/\\\/www.tabakversand.ch\\\/fr\\\/produit\\\/shire-morning-mixture-50-gr-tabac-a-pipe-np\\\/\",\"name\":\"Shire Morning Mixture 50 gr. Tabac \u00e0 pipe np - tabakversand.ch\",\"isPartOf\":{\"@id\":\"https:\\\/\\\/www.tabakversand.ch\\\/#website\"},\"primaryImageOfPage\":{\"@id\":\"https:\\\/\\\/www.tabakversand.ch\\\/fr\\\/produit\\\/shire-morning-mixture-50-gr-tabac-a-pipe-np\\\/#primaryimage\"},\"image\":{\"@id\":\"https:\\\/\\\/www.tabakversand.ch\\\/fr\\\/produit\\\/shire-morning-mixture-50-gr-tabac-a-pipe-np\\\/#primaryimage\"},\"thumbnailUrl\":\"https:\\\/\\\/www.tabakversand.ch\\\/wp-content\\\/uploads\\\/2022\\\/03\\\/vauen-auenland-pfeifentabak-morning-mixture.jpg\",\"datePublished\":\"2025-09-02T08:37:20+00:00\",\"dateModified\":\"2026-04-16T13:04:40+00:00\",\"description\":\"Shire Morning Mixture 50 gr. Tabac \u00e0 pipe np | Un tr\u00e8s grand choix de produits et accessoires de tabac de premi\u00e8re qualit\u00e9 dans toute la Suisse | Cartes accept\u00e9es !\",\"breadcrumb\":{\"@id\":\"https:\\\/\\\/www.tabakversand.ch\\\/fr\\\/produit\\\/shire-morning-mixture-50-gr-tabac-a-pipe-np\\\/#breadcrumb\"},\"inLanguage\":\"fr-FR\",\"potentialAction\":[{\"@type\":\"ReadAction\",\"target\":[\"https:\\\/\\\/www.tabakversand.ch\\\/fr\\\/produit\\\/shire-morning-mixture-50-gr-tabac-a-pipe-np\\\/\"]}]},{\"@type\":\"ImageObject\",\"inLanguage\":\"fr-FR\",\"@id\":\"https:\\\/\\\/www.tabakversand.ch\\\/fr\\\/produit\\\/shire-morning-mixture-50-gr-tabac-a-pipe-np\\\/#primaryimage\",\"url\":\"https:\\\/\\\/www.tabakversand.ch\\\/wp-content\\\/uploads\\\/2022\\\/03\\\/vauen-auenland-pfeifentabak-morning-mixture.jpg\",\"contentUrl\":\"https:\\\/\\\/www.tabakversand.ch\\\/wp-content\\\/uploads\\\/2022\\\/03\\\/vauen-auenland-pfeifentabak-morning-mixture.jpg\",\"width\":420,\"height\":405,\"caption\":\"Shire Morning Mixture 50 gr. Tabac \u00e0 pipe\"},{\"@type\":\"BreadcrumbList\",\"@id\":\"https:\\\/\\\/www.tabakversand.ch\\\/fr\\\/produit\\\/shire-morning-mixture-50-gr-tabac-a-pipe-np\\\/#breadcrumb\",\"itemListElement\":[{\"@type\":\"ListItem\",\"position\":1,\"name\":\"Startseite\",\"item\":\"https:\\\/\\\/www.tabakversand.ch\\\/\"},{\"@type\":\"ListItem\",\"position\":2,\"name\":\"Boutique\",\"item\":\"https:\\\/\\\/www.tabakversand.ch\\\/fr\\\/boutique\\\/\"},{\"@type\":\"ListItem\",\"position\":3,\"name\":\"Shire Morning Mixture 50 gr. Tabac \u00e0 pipe np\"}]},{\"@type\":\"WebSite\",\"@id\":\"https:\\\/\\\/www.tabakversand.ch\\\/#website\",\"url\":\"https:\\\/\\\/www.tabakversand.ch\\\/\",\"name\":\"Tabakversand.ch | Alles aus der Welt des Tabaks\",\"description\":\"Smoke and carpe diem\",\"potentialAction\":[{\"@type\":\"SearchAction\",\"target\":{\"@type\":\"EntryPoint\",\"urlTemplate\":\"https:\\\/\\\/www.tabakversand.ch\\\/?s={search_term_string}\"},\"query-input\":{\"@type\":\"PropertyValueSpecification\",\"valueRequired\":true,\"valueName\":\"search_term_string\"}}],\"inLanguage\":\"fr-FR\"}]}<\/script>\n<!-- \/ Yoast SEO plugin. -->","yoast_head_json":{"title":"Shire Morning Mixture 50 gr. Tabac \u00e0 pipe np - tabakversand.ch","description":"Shire Morning Mixture 50 gr. Tabac \u00e0 pipe np | Un tr\u00e8s grand choix de produits et accessoires de tabac de premi\u00e8re qualit\u00e9 dans toute la Suisse | Cartes accept\u00e9es !","robots":{"index":"index","follow":"follow","max-snippet":"max-snippet:-1","max-image-preview":"max-image-preview:large","max-video-preview":"max-video-preview:-1"},"canonical":"https:\/\/www.tabakversand.ch\/fr\/produit\/shire-morning-mixture-50-gr-tabac-a-pipe-np\/","og_locale":"fr_FR","og_type":"article","og_title":"Shire Morning Mixture 50 gr. Tabac \u00e0 pipe np - tabakversand.ch","og_description":"Shire Morning Mixture 50 gr. Tabac \u00e0 pipe np | Un tr\u00e8s grand choix de produits et accessoires de tabac de premi\u00e8re qualit\u00e9 dans toute la Suisse | Cartes accept\u00e9es !","og_url":"https:\/\/www.tabakversand.ch\/fr\/produit\/shire-morning-mixture-50-gr-tabac-a-pipe-np\/","og_site_name":"Tabakversand.ch | Alles aus der Welt des Tabaks","article_modified_time":"2026-04-16T13:04:40+00:00","og_image":[{"width":420,"height":405,"url":"https:\/\/www.tabakversand.ch\/wp-content\/uploads\/2022\/03\/vauen-auenland-pfeifentabak-morning-mixture.jpg","type":"image\/jpeg"}],"twitter_card":"summary_large_image","twitter_misc":{"Dur\u00e9e de lecture estim\u00e9e":"1 minute"},"schema":{"@context":"https:\/\/schema.org","@graph":[{"@type":"WebPage","@id":"https:\/\/www.tabakversand.ch\/fr\/produit\/shire-morning-mixture-50-gr-tabac-a-pipe-np\/","url":"https:\/\/www.tabakversand.ch\/fr\/produit\/shire-morning-mixture-50-gr-tabac-a-pipe-np\/","name":"Shire Morning Mixture 50 gr. Tabac \u00e0 pipe np - tabakversand.ch","isPartOf":{"@id":"https:\/\/www.tabakversand.ch\/#website"},"primaryImageOfPage":{"@id":"https:\/\/www.tabakversand.ch\/fr\/produit\/shire-morning-mixture-50-gr-tabac-a-pipe-np\/#primaryimage"},"image":{"@id":"https:\/\/www.tabakversand.ch\/fr\/produit\/shire-morning-mixture-50-gr-tabac-a-pipe-np\/#primaryimage"},"thumbnailUrl":"https:\/\/www.tabakversand.ch\/wp-content\/uploads\/2022\/03\/vauen-auenland-pfeifentabak-morning-mixture.jpg","datePublished":"2025-09-02T08:37:20+00:00","dateModified":"2026-04-16T13:04:40+00:00","description":"Shire Morning Mixture 50 gr. Tabac \u00e0 pipe np | Un tr\u00e8s grand choix de produits et accessoires de tabac de premi\u00e8re qualit\u00e9 dans toute la Suisse | Cartes accept\u00e9es !","breadcrumb":{"@id":"https:\/\/www.tabakversand.ch\/fr\/produit\/shire-morning-mixture-50-gr-tabac-a-pipe-np\/#breadcrumb"},"inLanguage":"fr-FR","potentialAction":[{"@type":"ReadAction","target":["https:\/\/www.tabakversand.ch\/fr\/produit\/shire-morning-mixture-50-gr-tabac-a-pipe-np\/"]}]},{"@type":"ImageObject","inLanguage":"fr-FR","@id":"https:\/\/www.tabakversand.ch\/fr\/produit\/shire-morning-mixture-50-gr-tabac-a-pipe-np\/#primaryimage","url":"https:\/\/www.tabakversand.ch\/wp-content\/uploads\/2022\/03\/vauen-auenland-pfeifentabak-morning-mixture.jpg","contentUrl":"https:\/\/www.tabakversand.ch\/wp-content\/uploads\/2022\/03\/vauen-auenland-pfeifentabak-morning-mixture.jpg","width":420,"height":405,"caption":"Shire Morning Mixture 50 gr. Tabac \u00e0 pipe"},{"@type":"BreadcrumbList","@id":"https:\/\/www.tabakversand.ch\/fr\/produit\/shire-morning-mixture-50-gr-tabac-a-pipe-np\/#breadcrumb","itemListElement":[{"@type":"ListItem","position":1,"name":"Startseite","item":"https:\/\/www.tabakversand.ch\/"},{"@type":"ListItem","position":2,"name":"Boutique","item":"https:\/\/www.tabakversand.ch\/fr\/boutique\/"},{"@type":"ListItem","position":3,"name":"Shire Morning Mixture 50 gr. Tabac \u00e0 pipe np"}]},{"@type":"WebSite","@id":"https:\/\/www.tabakversand.ch\/#website","url":"https:\/\/www.tabakversand.ch\/","name":"Tabakversand.ch | Alles aus der Welt des Tabaks","description":"Smoke and carpe diem","potentialAction":[{"@type":"SearchAction","target":{"@type":"EntryPoint","urlTemplate":"https:\/\/www.tabakversand.ch\/?s={search_term_string}"},"query-input":{"@type":"PropertyValueSpecification","valueRequired":true,"valueName":"search_term_string"}}],"inLanguage":"fr-FR"}]}},"_links":{"self":[{"href":"https:\/\/www.tabakversand.ch\/fr\/wp-json\/wp\/v2\/product\/197140","targetHints":{"allow":["GET"]}}],"collection":[{"href":"https:\/\/www.tabakversand.ch\/fr\/wp-json\/wp\/v2\/product"}],"about":[{"href":"https:\/\/www.tabakversand.ch\/fr\/wp-json\/wp\/v2\/types\/product"}],"version-history":[{"count":5,"href":"https:\/\/www.tabakversand.ch\/fr\/wp-json\/wp\/v2\/product\/197140\/revisions"}],"predecessor-version":[{"id":217677,"href":"https:\/\/www.tabakversand.ch\/fr\/wp-json\/wp\/v2\/product\/197140\/revisions\/217677"}],"wp:featuredmedia":[{"embeddable":true,"href":"https:\/\/www.tabakversand.ch\/fr\/wp-json\/wp\/v2\/media\/66485"}],"wp:attachment":[{"href":"https:\/\/www.tabakversand.ch\/fr\/wp-json\/wp\/v2\/media?parent=197140"}],"wp:term":[{"taxonomy":"product_brand","embeddable":true,"href":"https:\/\/www.tabakversand.ch\/fr\/wp-json\/wp\/v2\/product_brand?post=197140"},{"taxonomy":"product_cat","embeddable":true,"href":"https:\/\/www.tabakversand.ch\/fr\/wp-json\/wp\/v2\/product_cat?post=197140"},{"taxonomy":"product_tag","embeddable":true,"href":"https:\/\/www.tabakversand.ch\/fr\/wp-json\/wp\/v2\/product_tag?post=197140"}],"curies":[{"name":"wp","href":"https:\/\/api.w.org\/{rel}","templated":true}]}}