{"id":197352,"date":"2025-09-03T12:39:11","date_gmt":"2025-09-03T10:39:11","guid":{"rendered":"https:\/\/www.tabakversand.ch\/?post_type=product&#038;p=197352"},"modified":"2026-04-06T08:25:45","modified_gmt":"2026-04-06T06:25:45","slug":"substitut-de-tabac-muza-calliope-1-x-20-gr","status":"publish","type":"product","link":"https:\/\/www.tabakversand.ch\/fr\/produit\/substitut-de-tabac-muza-calliope-1-x-20-gr\/","title":{"rendered":"Substitut de tabac Muza-Calliope 1 x 20 gr."},"content":{"rendered":"<div id=\"tab-label-description\" class=\"data item title active\" role=\"tab\" data-role=\"collapsible\" data-collapsible=\"true\">\n<div id=\"description\" class=\"data item content\" role=\"tabpanel\" data-role=\"content\" aria-labelledby=\"tab-label-description\" aria-hidden=\"false\">\n<div class=\"product attribute9 description\">\n<div class=\"value product_value_description\">\n<p>Substitut de tabac Muza-Calliope 1 x 20 gr.<\/p>\n<ul>\n<li>Fini la nicotine&nbsp;? MUZA est l&rsquo;alternative id\u00e9ale&nbsp;! Il ressemble au tabac, a la consistance du tabac et est 100&nbsp;% sans nicotine&nbsp;!  <\/li>\n<li>Si vous cherchez le substitut parfait au tabac, MUZA Blend est la solution id\u00e9ale&nbsp;! Parfait pour des moments de d\u00e9tente. Pur ou mix\u00e9, c&rsquo;est toujours un vrai d\u00e9lice.  <\/li>\n<li>Mode d&#8217;emploi :<br \/>\n MUZA peut \u00eatre utilis\u00e9 comme un v\u00e9ritable substitut au tabac pour rouler un joint. Il peut \u00e9galement \u00eatre utilis\u00e9 seul comme substitut \u00e0 une cigarette. <\/li>\n<\/ul>\n<p>Informations sur le produit<\/p>\n<ul>\n<li>Marque : MUZA<\/li>\n<li>Vari\u00e9t\u00e9 : Chanvre Original<\/li>\n<li>Sp\u00e9cifications : Sans nicotine, Sans tabac<\/li>\n<li>Composition : Fabriqu\u00e9 \u00e0 partir de chanvre pur et de fibres de chanvre sans THC, enrichi en terp\u00e8nes.<\/li>\n<li>Production : Processus complexe pour un substitut optimal du tabac<\/li>\n<li>Contenu : 20 grammes<\/li>\n<\/ul>\n<p>Informations compl\u00e9mentaires :<\/p>\n<ul>\n<li>Qualit\u00e9 et s\u00e9curit\u00e9&nbsp;: MUZA est fabriqu\u00e9 selon des contr\u00f4les qualit\u00e9 stricts afin de garantir un produit conforme aux normes les plus strictes. La s\u00e9lection d&rsquo;herbes m\u00e9dicinales de haute qualit\u00e9 garantit une exp\u00e9rience de fumage pure et sans alt\u00e9ration. <\/li>\n<li>Substitut r\u00e9volutionnaire au tabac&nbsp;: MUZA r\u00e9volutionne le monde des substituts au tabac. Combinant des herbes m\u00e9dicinales et des terp\u00e8nes de haute qualit\u00e9, il offre une alternative saine et satisfaisante au tabac traditionnel. <\/li>\n<li>Une exp\u00e9rience de fumage unique : Fumer MUZA offre une exp\u00e9rience unique qui se distingue des produits du tabac conventionnels. Son m\u00e9lange et son traitement sp\u00e9ciaux garantissent un go\u00fbt onctueux et une agr\u00e9able qualit\u00e9 de fumage. <\/li>\n<li>Alternative saine&nbsp;: MUZA permet aux fumeurs de repenser leurs habitudes et d&rsquo;adopter une alternative plus saine. Sans nicotine ni additifs nocifs, il offre une exp\u00e9rience de fumage pure et naturelle. <\/li>\n<\/ul>\n<p>&nbsp;<\/p>\n<p>Tous les prix s&rsquo;appliquent uniquement aux commandes en ligne et incluent la TVA. Sous r\u00e9serve de modifications sans pr\u00e9avis, frais de livraison en sus. Sous r\u00e9serve d&rsquo;erreurs, de modifications de contenu de livraison et de conception, de fautes d&rsquo;impression et de modifications de prix. Les prix barr\u00e9s sont des prix de remplacement. Les illustrations peuvent diff\u00e9rer de l&rsquo;original\/du contenu de livraison.     <\/p>\n<\/div>\n<\/div>\n<\/div>\n<\/div>\n<p>*Livraison gratuite pour les commandes sup\u00e9rieures \u00e0 CHF 250.-.<\/p>\n","protected":false},"excerpt":{"rendered":"<p>Substitut de tabac Muza-Calliope 1 x 20 gr. Fini la nicotine&nbsp;? MUZA est l&rsquo;alternative id\u00e9ale&nbsp;! Il ressemble au tabac, a la consistance du tabac et est 100&nbsp;% sans nicotine&nbsp;! Si vous cherchez le substitut parfait au tabac, MUZA Blend est la solution id\u00e9ale&nbsp;! Parfait pour des moments de d\u00e9tente. Pur ou mix\u00e9, c&rsquo;est toujours un [&hellip;]<\/p>\n","protected":false},"featured_media":197356,"template":"","meta":[],"product_brand":[5702],"product_cat":[1961,2402,1888,1964,1963],"product_tag":[],"class_list":{"0":"post-197352","1":"product","2":"type-product","3":"status-publish","4":"has-post-thumbnail","6":"product_brand-muza-tabakersatz","7":"product_cat-cigarettes-self-made-fr-2","8":"product_cat-substituts-du-tabac","9":"product_cat-tabac","10":"product_cat-tabac-a-cigarettes-fr","11":"product_cat-tabac-a-cigarettes","13":"first","14":"onbackorder","15":"featured","16":"purchasable","17":"product-type-simple"},"yoast_head":"<!-- This site is optimized with the Yoast SEO plugin v27.0 - https:\/\/yoast.com\/product\/yoast-seo-wordpress\/ -->\n<title>Substitut de tabac Muza-Calliope 1 x 20 gr. -<\/title>\n<meta name=\"description\" content=\"Substitut de tabac Muza-Calliope 1 x 20 gr. | Un tr\u00e8s grand choix de produits du tabac de qualit\u00e9 sup\u00e9rieure dans toute la Suisse | Cartes accept\u00e9es !\" \/>\n<meta name=\"robots\" content=\"index, follow, max-snippet:-1, max-image-preview:large, max-video-preview:-1\" \/>\n<link rel=\"canonical\" href=\"https:\/\/www.tabakversand.ch\/fr\/produit\/substitut-de-tabac-muza-calliope-1-x-20-gr\/\" \/>\n<meta property=\"og:locale\" content=\"fr_FR\" \/>\n<meta property=\"og:type\" content=\"article\" \/>\n<meta property=\"og:title\" content=\"Substitut de tabac Muza-Calliope 1 x 20 gr. -\" \/>\n<meta property=\"og:description\" content=\"Substitut de tabac Muza-Calliope 1 x 20 gr. | Un tr\u00e8s grand choix de produits du tabac de qualit\u00e9 sup\u00e9rieure dans toute la Suisse | Cartes accept\u00e9es !\" \/>\n<meta property=\"og:url\" content=\"https:\/\/www.tabakversand.ch\/fr\/produit\/substitut-de-tabac-muza-calliope-1-x-20-gr\/\" \/>\n<meta property=\"og:site_name\" content=\"Tabakversand.ch | Alles aus der Welt des Tabaks\" \/>\n<meta property=\"article:modified_time\" content=\"2026-04-06T06:25:45+00:00\" \/>\n<meta property=\"og:image\" content=\"https:\/\/www.tabakversand.ch\/wp-content\/uploads\/2025\/09\/muza-calliope.jpg\" \/>\n\t<meta property=\"og:image:width\" content=\"500\" \/>\n\t<meta property=\"og:image:height\" content=\"500\" \/>\n\t<meta property=\"og:image:type\" content=\"image\/jpeg\" \/>\n<meta name=\"twitter:card\" content=\"summary_large_image\" \/>\n<meta name=\"twitter:label1\" content=\"Dur\u00e9e de lecture estim\u00e9e\" \/>\n\t<meta name=\"twitter:data1\" content=\"3 minutes\" \/>\n<script type=\"application\/ld+json\" class=\"yoast-schema-graph\">{\"@context\":\"https:\/\/schema.org\",\"@graph\":[{\"@type\":\"WebPage\",\"@id\":\"https:\/\/www.tabakversand.ch\/fr\/produit\/substitut-de-tabac-muza-calliope-1-x-20-gr\/\",\"url\":\"https:\/\/www.tabakversand.ch\/fr\/produit\/substitut-de-tabac-muza-calliope-1-x-20-gr\/\",\"name\":\"Substitut de tabac Muza-Calliope 1 x 20 gr. -\",\"isPartOf\":{\"@id\":\"https:\/\/www.tabakversand.ch\/#website\"},\"primaryImageOfPage\":{\"@id\":\"https:\/\/www.tabakversand.ch\/fr\/produit\/substitut-de-tabac-muza-calliope-1-x-20-gr\/#primaryimage\"},\"image\":{\"@id\":\"https:\/\/www.tabakversand.ch\/fr\/produit\/substitut-de-tabac-muza-calliope-1-x-20-gr\/#primaryimage\"},\"thumbnailUrl\":\"https:\/\/www.tabakversand.ch\/wp-content\/uploads\/2025\/09\/muza-calliope.jpg\",\"datePublished\":\"2025-09-03T10:39:11+00:00\",\"dateModified\":\"2026-04-06T06:25:45+00:00\",\"description\":\"Substitut de tabac Muza-Calliope 1 x 20 gr. | Un tr\u00e8s grand choix de produits du tabac de qualit\u00e9 sup\u00e9rieure dans toute la Suisse | Cartes accept\u00e9es !\",\"breadcrumb\":{\"@id\":\"https:\/\/www.tabakversand.ch\/fr\/produit\/substitut-de-tabac-muza-calliope-1-x-20-gr\/#breadcrumb\"},\"inLanguage\":\"fr-FR\",\"potentialAction\":[{\"@type\":\"ReadAction\",\"target\":[\"https:\/\/www.tabakversand.ch\/fr\/produit\/substitut-de-tabac-muza-calliope-1-x-20-gr\/\"]}]},{\"@type\":\"ImageObject\",\"inLanguage\":\"fr-FR\",\"@id\":\"https:\/\/www.tabakversand.ch\/fr\/produit\/substitut-de-tabac-muza-calliope-1-x-20-gr\/#primaryimage\",\"url\":\"https:\/\/www.tabakversand.ch\/wp-content\/uploads\/2025\/09\/muza-calliope.jpg\",\"contentUrl\":\"https:\/\/www.tabakversand.ch\/wp-content\/uploads\/2025\/09\/muza-calliope.jpg\",\"width\":500,\"height\":500,\"caption\":\"Substitut de tabac Muza-Calliope, 1 x 20 gr. | tabakversand.ch\"},{\"@type\":\"BreadcrumbList\",\"@id\":\"https:\/\/www.tabakversand.ch\/fr\/produit\/substitut-de-tabac-muza-calliope-1-x-20-gr\/#breadcrumb\",\"itemListElement\":[{\"@type\":\"ListItem\",\"position\":1,\"name\":\"Startseite\",\"item\":\"https:\/\/www.tabakversand.ch\/\"},{\"@type\":\"ListItem\",\"position\":2,\"name\":\"Boutique\",\"item\":\"https:\/\/www.tabakversand.ch\/fr\/boutique\/\"},{\"@type\":\"ListItem\",\"position\":3,\"name\":\"Substitut de tabac Muza-Calliope 1 x 20 gr.\"}]},{\"@type\":\"WebSite\",\"@id\":\"https:\/\/www.tabakversand.ch\/#website\",\"url\":\"https:\/\/www.tabakversand.ch\/\",\"name\":\"Tabakversand.ch | Alles aus der Welt des Tabaks\",\"description\":\"Smoke and carpe diem\",\"potentialAction\":[{\"@type\":\"SearchAction\",\"target\":{\"@type\":\"EntryPoint\",\"urlTemplate\":\"https:\/\/www.tabakversand.ch\/?s={search_term_string}\"},\"query-input\":{\"@type\":\"PropertyValueSpecification\",\"valueRequired\":true,\"valueName\":\"search_term_string\"}}],\"inLanguage\":\"fr-FR\"}]}<\/script>\n<!-- \/ Yoast SEO plugin. -->","yoast_head_json":{"title":"Substitut de tabac Muza-Calliope 1 x 20 gr. -","description":"Substitut de tabac Muza-Calliope 1 x 20 gr. | Un tr\u00e8s grand choix de produits du tabac de qualit\u00e9 sup\u00e9rieure dans toute la Suisse | Cartes accept\u00e9es !","robots":{"index":"index","follow":"follow","max-snippet":"max-snippet:-1","max-image-preview":"max-image-preview:large","max-video-preview":"max-video-preview:-1"},"canonical":"https:\/\/www.tabakversand.ch\/fr\/produit\/substitut-de-tabac-muza-calliope-1-x-20-gr\/","og_locale":"fr_FR","og_type":"article","og_title":"Substitut de tabac Muza-Calliope 1 x 20 gr. -","og_description":"Substitut de tabac Muza-Calliope 1 x 20 gr. | Un tr\u00e8s grand choix de produits du tabac de qualit\u00e9 sup\u00e9rieure dans toute la Suisse | Cartes accept\u00e9es !","og_url":"https:\/\/www.tabakversand.ch\/fr\/produit\/substitut-de-tabac-muza-calliope-1-x-20-gr\/","og_site_name":"Tabakversand.ch | Alles aus der Welt des Tabaks","article_modified_time":"2026-04-06T06:25:45+00:00","og_image":[{"width":500,"height":500,"url":"https:\/\/www.tabakversand.ch\/wp-content\/uploads\/2025\/09\/muza-calliope.jpg","type":"image\/jpeg"}],"twitter_card":"summary_large_image","twitter_misc":{"Dur\u00e9e de lecture estim\u00e9e":"3 minutes"},"schema":{"@context":"https:\/\/schema.org","@graph":[{"@type":"WebPage","@id":"https:\/\/www.tabakversand.ch\/fr\/produit\/substitut-de-tabac-muza-calliope-1-x-20-gr\/","url":"https:\/\/www.tabakversand.ch\/fr\/produit\/substitut-de-tabac-muza-calliope-1-x-20-gr\/","name":"Substitut de tabac Muza-Calliope 1 x 20 gr. -","isPartOf":{"@id":"https:\/\/www.tabakversand.ch\/#website"},"primaryImageOfPage":{"@id":"https:\/\/www.tabakversand.ch\/fr\/produit\/substitut-de-tabac-muza-calliope-1-x-20-gr\/#primaryimage"},"image":{"@id":"https:\/\/www.tabakversand.ch\/fr\/produit\/substitut-de-tabac-muza-calliope-1-x-20-gr\/#primaryimage"},"thumbnailUrl":"https:\/\/www.tabakversand.ch\/wp-content\/uploads\/2025\/09\/muza-calliope.jpg","datePublished":"2025-09-03T10:39:11+00:00","dateModified":"2026-04-06T06:25:45+00:00","description":"Substitut de tabac Muza-Calliope 1 x 20 gr. | Un tr\u00e8s grand choix de produits du tabac de qualit\u00e9 sup\u00e9rieure dans toute la Suisse | Cartes accept\u00e9es !","breadcrumb":{"@id":"https:\/\/www.tabakversand.ch\/fr\/produit\/substitut-de-tabac-muza-calliope-1-x-20-gr\/#breadcrumb"},"inLanguage":"fr-FR","potentialAction":[{"@type":"ReadAction","target":["https:\/\/www.tabakversand.ch\/fr\/produit\/substitut-de-tabac-muza-calliope-1-x-20-gr\/"]}]},{"@type":"ImageObject","inLanguage":"fr-FR","@id":"https:\/\/www.tabakversand.ch\/fr\/produit\/substitut-de-tabac-muza-calliope-1-x-20-gr\/#primaryimage","url":"https:\/\/www.tabakversand.ch\/wp-content\/uploads\/2025\/09\/muza-calliope.jpg","contentUrl":"https:\/\/www.tabakversand.ch\/wp-content\/uploads\/2025\/09\/muza-calliope.jpg","width":500,"height":500,"caption":"Substitut de tabac Muza-Calliope, 1 x 20 gr. | tabakversand.ch"},{"@type":"BreadcrumbList","@id":"https:\/\/www.tabakversand.ch\/fr\/produit\/substitut-de-tabac-muza-calliope-1-x-20-gr\/#breadcrumb","itemListElement":[{"@type":"ListItem","position":1,"name":"Startseite","item":"https:\/\/www.tabakversand.ch\/"},{"@type":"ListItem","position":2,"name":"Boutique","item":"https:\/\/www.tabakversand.ch\/fr\/boutique\/"},{"@type":"ListItem","position":3,"name":"Substitut de tabac Muza-Calliope 1 x 20 gr."}]},{"@type":"WebSite","@id":"https:\/\/www.tabakversand.ch\/#website","url":"https:\/\/www.tabakversand.ch\/","name":"Tabakversand.ch | Alles aus der Welt des Tabaks","description":"Smoke and carpe diem","potentialAction":[{"@type":"SearchAction","target":{"@type":"EntryPoint","urlTemplate":"https:\/\/www.tabakversand.ch\/?s={search_term_string}"},"query-input":{"@type":"PropertyValueSpecification","valueRequired":true,"valueName":"search_term_string"}}],"inLanguage":"fr-FR"}]}},"_links":{"self":[{"href":"https:\/\/www.tabakversand.ch\/fr\/wp-json\/wp\/v2\/product\/197352","targetHints":{"allow":["GET"]}}],"collection":[{"href":"https:\/\/www.tabakversand.ch\/fr\/wp-json\/wp\/v2\/product"}],"about":[{"href":"https:\/\/www.tabakversand.ch\/fr\/wp-json\/wp\/v2\/types\/product"}],"version-history":[{"count":4,"href":"https:\/\/www.tabakversand.ch\/fr\/wp-json\/wp\/v2\/product\/197352\/revisions"}],"predecessor-version":[{"id":217023,"href":"https:\/\/www.tabakversand.ch\/fr\/wp-json\/wp\/v2\/product\/197352\/revisions\/217023"}],"wp:featuredmedia":[{"embeddable":true,"href":"https:\/\/www.tabakversand.ch\/fr\/wp-json\/wp\/v2\/media\/197356"}],"wp:attachment":[{"href":"https:\/\/www.tabakversand.ch\/fr\/wp-json\/wp\/v2\/media?parent=197352"}],"wp:term":[{"taxonomy":"product_brand","embeddable":true,"href":"https:\/\/www.tabakversand.ch\/fr\/wp-json\/wp\/v2\/product_brand?post=197352"},{"taxonomy":"product_cat","embeddable":true,"href":"https:\/\/www.tabakversand.ch\/fr\/wp-json\/wp\/v2\/product_cat?post=197352"},{"taxonomy":"product_tag","embeddable":true,"href":"https:\/\/www.tabakversand.ch\/fr\/wp-json\/wp\/v2\/product_tag?post=197352"}],"curies":[{"name":"wp","href":"https:\/\/api.w.org\/{rel}","templated":true}]}}