{"id":197570,"date":"2025-09-04T12:16:32","date_gmt":"2025-09-04T10:16:32","guid":{"rendered":"https:\/\/www.tabakversand.ch\/?post_type=product&#038;p=197570"},"modified":"2026-04-13T11:13:53","modified_gmt":"2026-04-13T09:13:53","slug":"tabac-a-pipe-4eme-generation-1855-5-x-50gr","status":"publish","type":"product","link":"https:\/\/www.tabakversand.ch\/fr\/produit\/tabac-a-pipe-4eme-generation-1855-5-x-50gr\/","title":{"rendered":"Tabac \u00e0 pipe 4\u00e8me g\u00e9n\u00e9ration 1855 5 x 50gr."},"content":{"rendered":"<p>Tabac \u00e0 pipe 4\u00e8me g\u00e9n\u00e9ration 1855 5 x 50gr.<\/p>\n<p>Une \u00e9l\u00e9gance douce avec un caract\u00e8re doux<\/p>\n<p>Le m\u00e9lange de tabacs 1855 est un m\u00e9lange de tabacs Virginia matures des \u00c9tats-Unis et de Burleys s\u00e9lectionn\u00e9s d&rsquo;Afrique et d&rsquo;Am\u00e9rique du Sud, press\u00e9s \u00e0 chaud et pr\u00eats \u00e0 l&#8217;emploi. Ce traitement minutieux produit une fum\u00e9e particuli\u00e8rement harmonieuse, caract\u00e9ris\u00e9e par sa douceur. Ce m\u00e9lange est sublim\u00e9 par un d\u00e9licat ar\u00f4me de vanille et de miel, qui conf\u00e8re au tabac une douceur exquise et une profondeur agr\u00e9ablement douce.  <\/p>\n<p>Tous les prix indiqu\u00e9s sont valables uniquement pour les commandes en ligne, TVA incluse, et peuvent \u00eatre modifi\u00e9s sans pr\u00e9avis. Les frais de port sont en sus.   Sous r\u00e9serve d&rsquo;erreurs, de modifications de l&rsquo;\u00e9tendue de la livraison et de la conception, d&rsquo;erreurs d&rsquo;impression et de modifications de prix. Les prix barr\u00e9s sont plut\u00f4t des prix. L&rsquo;illustration peut diff\u00e9rer de l&rsquo;original\/de l&rsquo;\u00e9tendue de la livraison.<br \/>\n*Livraison gratuite pour les commandes sup\u00e9rieures \u00e0 CHF 250.-.<\/p>\n","protected":false},"excerpt":{"rendered":"<p>Tabac \u00e0 pipe 4\u00e8me g\u00e9n\u00e9ration 1855 5 x 50gr. Une \u00e9l\u00e9gance douce avec un caract\u00e8re doux Le m\u00e9lange de tabacs 1855 est un m\u00e9lange de tabacs Virginia matures des \u00c9tats-Unis et de Burleys s\u00e9lectionn\u00e9s d&rsquo;Afrique et d&rsquo;Am\u00e9rique du Sud, press\u00e9s \u00e0 chaud et pr\u00eats \u00e0 l&#8217;emploi. Ce traitement minutieux produit une fum\u00e9e particuli\u00e8rement harmonieuse, caract\u00e9ris\u00e9e [&hellip;]<\/p>\n","protected":false},"featured_media":197574,"template":"","meta":[],"product_brand":[5808],"product_cat":[5814,1949,1888,2040],"product_tag":[],"class_list":{"0":"post-197570","1":"product","2":"type-product","3":"status-publish","4":"has-post-thumbnail","6":"product_brand-4th-generation-pfeifentabak","7":"product_cat-boites","8":"product_cat-pipe-world-fr","9":"product_cat-tabac","10":"product_cat-tabac-a-pipe-fr","12":"first","13":"onbackorder","14":"purchasable","15":"product-type-simple"},"yoast_head":"<!-- This site is optimized with the Yoast SEO plugin v27.5 - https:\/\/yoast.com\/product\/yoast-seo-wordpress\/ -->\n<title>Tabac \u00e0 pipe 4\u00e8me g\u00e9n\u00e9ration 1855 5 x 50gr. - Tabakversand.ch | Alles aus der Welt des Tabaks<\/title>\n<meta name=\"description\" content=\"Tabac \u00e0 pipe 4\u00e8me g\u00e9n\u00e9ration 1855 5 x 50gr. | Un tr\u00e8s grand choix de produits du tabac, e-smoke et ustensiles pour fumer dans toute la Suisse | Cartes accept\u00e9es !\" \/>\n<meta name=\"robots\" content=\"index, follow, max-snippet:-1, max-image-preview:large, max-video-preview:-1\" \/>\n<link rel=\"canonical\" href=\"https:\/\/www.tabakversand.ch\/fr\/produit\/tabac-a-pipe-4eme-generation-1855-5-x-50gr\/\" \/>\n<meta property=\"og:locale\" content=\"fr_FR\" \/>\n<meta property=\"og:type\" content=\"article\" \/>\n<meta property=\"og:title\" content=\"Tabac \u00e0 pipe 4\u00e8me g\u00e9n\u00e9ration 1855 5 x 50gr. - Tabakversand.ch | Alles aus der Welt des Tabaks\" \/>\n<meta property=\"og:description\" content=\"Tabac \u00e0 pipe 4\u00e8me g\u00e9n\u00e9ration 1855 5 x 50gr. | Un tr\u00e8s grand choix de produits du tabac, e-smoke et ustensiles pour fumer dans toute la Suisse | Cartes accept\u00e9es !\" \/>\n<meta property=\"og:url\" content=\"https:\/\/www.tabakversand.ch\/fr\/produit\/tabac-a-pipe-4eme-generation-1855-5-x-50gr\/\" \/>\n<meta property=\"og:site_name\" content=\"Tabakversand.ch | Alles aus der Welt des Tabaks\" \/>\n<meta property=\"article:modified_time\" content=\"2026-04-13T09:13:53+00:00\" \/>\n<meta property=\"og:image\" content=\"https:\/\/www.tabakversand.ch\/wp-content\/uploads\/2025\/09\/erik-stokkebye-4th-generation-1855.jpg\" \/>\n\t<meta property=\"og:image:width\" content=\"500\" \/>\n\t<meta property=\"og:image:height\" content=\"500\" \/>\n\t<meta property=\"og:image:type\" content=\"image\/jpeg\" \/>\n<meta name=\"twitter:card\" content=\"summary_large_image\" \/>\n<meta name=\"twitter:label1\" content=\"Dur\u00e9e de lecture estim\u00e9e\" \/>\n\t<meta name=\"twitter:data1\" content=\"2 minutes\" \/>\n<script type=\"application\/ld+json\" class=\"yoast-schema-graph\">{\"@context\":\"https:\\\/\\\/schema.org\",\"@graph\":[{\"@type\":\"WebPage\",\"@id\":\"https:\\\/\\\/www.tabakversand.ch\\\/fr\\\/produit\\\/tabac-a-pipe-4eme-generation-1855-5-x-50gr\\\/\",\"url\":\"https:\\\/\\\/www.tabakversand.ch\\\/fr\\\/produit\\\/tabac-a-pipe-4eme-generation-1855-5-x-50gr\\\/\",\"name\":\"Tabac \u00e0 pipe 4\u00e8me g\u00e9n\u00e9ration 1855 5 x 50gr. - Tabakversand.ch | Alles aus der Welt des Tabaks\",\"isPartOf\":{\"@id\":\"https:\\\/\\\/www.tabakversand.ch\\\/#website\"},\"primaryImageOfPage\":{\"@id\":\"https:\\\/\\\/www.tabakversand.ch\\\/fr\\\/produit\\\/tabac-a-pipe-4eme-generation-1855-5-x-50gr\\\/#primaryimage\"},\"image\":{\"@id\":\"https:\\\/\\\/www.tabakversand.ch\\\/fr\\\/produit\\\/tabac-a-pipe-4eme-generation-1855-5-x-50gr\\\/#primaryimage\"},\"thumbnailUrl\":\"https:\\\/\\\/www.tabakversand.ch\\\/wp-content\\\/uploads\\\/2025\\\/09\\\/erik-stokkebye-4th-generation-1855.jpg\",\"datePublished\":\"2025-09-04T10:16:32+00:00\",\"dateModified\":\"2026-04-13T09:13:53+00:00\",\"description\":\"Tabac \u00e0 pipe 4\u00e8me g\u00e9n\u00e9ration 1855 5 x 50gr. | Un tr\u00e8s grand choix de produits du tabac, e-smoke et ustensiles pour fumer dans toute la Suisse | Cartes accept\u00e9es !\",\"breadcrumb\":{\"@id\":\"https:\\\/\\\/www.tabakversand.ch\\\/fr\\\/produit\\\/tabac-a-pipe-4eme-generation-1855-5-x-50gr\\\/#breadcrumb\"},\"inLanguage\":\"fr-FR\",\"potentialAction\":[{\"@type\":\"ReadAction\",\"target\":[\"https:\\\/\\\/www.tabakversand.ch\\\/fr\\\/produit\\\/tabac-a-pipe-4eme-generation-1855-5-x-50gr\\\/\"]}]},{\"@type\":\"ImageObject\",\"inLanguage\":\"fr-FR\",\"@id\":\"https:\\\/\\\/www.tabakversand.ch\\\/fr\\\/produit\\\/tabac-a-pipe-4eme-generation-1855-5-x-50gr\\\/#primaryimage\",\"url\":\"https:\\\/\\\/www.tabakversand.ch\\\/wp-content\\\/uploads\\\/2025\\\/09\\\/erik-stokkebye-4th-generation-1855.jpg\",\"contentUrl\":\"https:\\\/\\\/www.tabakversand.ch\\\/wp-content\\\/uploads\\\/2025\\\/09\\\/erik-stokkebye-4th-generation-1855.jpg\",\"width\":500,\"height\":500,\"caption\":\"Tabac \u00e0 pipe 4\u00e8me g\u00e9n\u00e9ration 1855 5 x 50gr. | tabakversand.ch\"},{\"@type\":\"BreadcrumbList\",\"@id\":\"https:\\\/\\\/www.tabakversand.ch\\\/fr\\\/produit\\\/tabac-a-pipe-4eme-generation-1855-5-x-50gr\\\/#breadcrumb\",\"itemListElement\":[{\"@type\":\"ListItem\",\"position\":1,\"name\":\"Startseite\",\"item\":\"https:\\\/\\\/www.tabakversand.ch\\\/\"},{\"@type\":\"ListItem\",\"position\":2,\"name\":\"Boutique\",\"item\":\"https:\\\/\\\/www.tabakversand.ch\\\/fr\\\/boutique\\\/\"},{\"@type\":\"ListItem\",\"position\":3,\"name\":\"Tabac \u00e0 pipe 4\u00e8me g\u00e9n\u00e9ration 1855 5 x 50gr.\"}]},{\"@type\":\"WebSite\",\"@id\":\"https:\\\/\\\/www.tabakversand.ch\\\/#website\",\"url\":\"https:\\\/\\\/www.tabakversand.ch\\\/\",\"name\":\"Tabakversand.ch | Alles aus der Welt des Tabaks\",\"description\":\"Smoke and carpe diem\",\"potentialAction\":[{\"@type\":\"SearchAction\",\"target\":{\"@type\":\"EntryPoint\",\"urlTemplate\":\"https:\\\/\\\/www.tabakversand.ch\\\/?s={search_term_string}\"},\"query-input\":{\"@type\":\"PropertyValueSpecification\",\"valueRequired\":true,\"valueName\":\"search_term_string\"}}],\"inLanguage\":\"fr-FR\"}]}<\/script>\n<!-- \/ Yoast SEO plugin. -->","yoast_head_json":{"title":"Tabac \u00e0 pipe 4\u00e8me g\u00e9n\u00e9ration 1855 5 x 50gr. - Tabakversand.ch | Alles aus der Welt des Tabaks","description":"Tabac \u00e0 pipe 4\u00e8me g\u00e9n\u00e9ration 1855 5 x 50gr. | Un tr\u00e8s grand choix de produits du tabac, e-smoke et ustensiles pour fumer dans toute la Suisse | Cartes accept\u00e9es !","robots":{"index":"index","follow":"follow","max-snippet":"max-snippet:-1","max-image-preview":"max-image-preview:large","max-video-preview":"max-video-preview:-1"},"canonical":"https:\/\/www.tabakversand.ch\/fr\/produit\/tabac-a-pipe-4eme-generation-1855-5-x-50gr\/","og_locale":"fr_FR","og_type":"article","og_title":"Tabac \u00e0 pipe 4\u00e8me g\u00e9n\u00e9ration 1855 5 x 50gr. - Tabakversand.ch | Alles aus der Welt des Tabaks","og_description":"Tabac \u00e0 pipe 4\u00e8me g\u00e9n\u00e9ration 1855 5 x 50gr. | Un tr\u00e8s grand choix de produits du tabac, e-smoke et ustensiles pour fumer dans toute la Suisse | Cartes accept\u00e9es !","og_url":"https:\/\/www.tabakversand.ch\/fr\/produit\/tabac-a-pipe-4eme-generation-1855-5-x-50gr\/","og_site_name":"Tabakversand.ch | Alles aus der Welt des Tabaks","article_modified_time":"2026-04-13T09:13:53+00:00","og_image":[{"width":500,"height":500,"url":"https:\/\/www.tabakversand.ch\/wp-content\/uploads\/2025\/09\/erik-stokkebye-4th-generation-1855.jpg","type":"image\/jpeg"}],"twitter_card":"summary_large_image","twitter_misc":{"Dur\u00e9e de lecture estim\u00e9e":"2 minutes"},"schema":{"@context":"https:\/\/schema.org","@graph":[{"@type":"WebPage","@id":"https:\/\/www.tabakversand.ch\/fr\/produit\/tabac-a-pipe-4eme-generation-1855-5-x-50gr\/","url":"https:\/\/www.tabakversand.ch\/fr\/produit\/tabac-a-pipe-4eme-generation-1855-5-x-50gr\/","name":"Tabac \u00e0 pipe 4\u00e8me g\u00e9n\u00e9ration 1855 5 x 50gr. - Tabakversand.ch | Alles aus der Welt des Tabaks","isPartOf":{"@id":"https:\/\/www.tabakversand.ch\/#website"},"primaryImageOfPage":{"@id":"https:\/\/www.tabakversand.ch\/fr\/produit\/tabac-a-pipe-4eme-generation-1855-5-x-50gr\/#primaryimage"},"image":{"@id":"https:\/\/www.tabakversand.ch\/fr\/produit\/tabac-a-pipe-4eme-generation-1855-5-x-50gr\/#primaryimage"},"thumbnailUrl":"https:\/\/www.tabakversand.ch\/wp-content\/uploads\/2025\/09\/erik-stokkebye-4th-generation-1855.jpg","datePublished":"2025-09-04T10:16:32+00:00","dateModified":"2026-04-13T09:13:53+00:00","description":"Tabac \u00e0 pipe 4\u00e8me g\u00e9n\u00e9ration 1855 5 x 50gr. | Un tr\u00e8s grand choix de produits du tabac, e-smoke et ustensiles pour fumer dans toute la Suisse | Cartes accept\u00e9es !","breadcrumb":{"@id":"https:\/\/www.tabakversand.ch\/fr\/produit\/tabac-a-pipe-4eme-generation-1855-5-x-50gr\/#breadcrumb"},"inLanguage":"fr-FR","potentialAction":[{"@type":"ReadAction","target":["https:\/\/www.tabakversand.ch\/fr\/produit\/tabac-a-pipe-4eme-generation-1855-5-x-50gr\/"]}]},{"@type":"ImageObject","inLanguage":"fr-FR","@id":"https:\/\/www.tabakversand.ch\/fr\/produit\/tabac-a-pipe-4eme-generation-1855-5-x-50gr\/#primaryimage","url":"https:\/\/www.tabakversand.ch\/wp-content\/uploads\/2025\/09\/erik-stokkebye-4th-generation-1855.jpg","contentUrl":"https:\/\/www.tabakversand.ch\/wp-content\/uploads\/2025\/09\/erik-stokkebye-4th-generation-1855.jpg","width":500,"height":500,"caption":"Tabac \u00e0 pipe 4\u00e8me g\u00e9n\u00e9ration 1855 5 x 50gr. | tabakversand.ch"},{"@type":"BreadcrumbList","@id":"https:\/\/www.tabakversand.ch\/fr\/produit\/tabac-a-pipe-4eme-generation-1855-5-x-50gr\/#breadcrumb","itemListElement":[{"@type":"ListItem","position":1,"name":"Startseite","item":"https:\/\/www.tabakversand.ch\/"},{"@type":"ListItem","position":2,"name":"Boutique","item":"https:\/\/www.tabakversand.ch\/fr\/boutique\/"},{"@type":"ListItem","position":3,"name":"Tabac \u00e0 pipe 4\u00e8me g\u00e9n\u00e9ration 1855 5 x 50gr."}]},{"@type":"WebSite","@id":"https:\/\/www.tabakversand.ch\/#website","url":"https:\/\/www.tabakversand.ch\/","name":"Tabakversand.ch | Alles aus der Welt des Tabaks","description":"Smoke and carpe diem","potentialAction":[{"@type":"SearchAction","target":{"@type":"EntryPoint","urlTemplate":"https:\/\/www.tabakversand.ch\/?s={search_term_string}"},"query-input":{"@type":"PropertyValueSpecification","valueRequired":true,"valueName":"search_term_string"}}],"inLanguage":"fr-FR"}]}},"_links":{"self":[{"href":"https:\/\/www.tabakversand.ch\/fr\/wp-json\/wp\/v2\/product\/197570","targetHints":{"allow":["GET"]}}],"collection":[{"href":"https:\/\/www.tabakversand.ch\/fr\/wp-json\/wp\/v2\/product"}],"about":[{"href":"https:\/\/www.tabakversand.ch\/fr\/wp-json\/wp\/v2\/types\/product"}],"version-history":[{"count":5,"href":"https:\/\/www.tabakversand.ch\/fr\/wp-json\/wp\/v2\/product\/197570\/revisions"}],"predecessor-version":[{"id":217673,"href":"https:\/\/www.tabakversand.ch\/fr\/wp-json\/wp\/v2\/product\/197570\/revisions\/217673"}],"wp:featuredmedia":[{"embeddable":true,"href":"https:\/\/www.tabakversand.ch\/fr\/wp-json\/wp\/v2\/media\/197574"}],"wp:attachment":[{"href":"https:\/\/www.tabakversand.ch\/fr\/wp-json\/wp\/v2\/media?parent=197570"}],"wp:term":[{"taxonomy":"product_brand","embeddable":true,"href":"https:\/\/www.tabakversand.ch\/fr\/wp-json\/wp\/v2\/product_brand?post=197570"},{"taxonomy":"product_cat","embeddable":true,"href":"https:\/\/www.tabakversand.ch\/fr\/wp-json\/wp\/v2\/product_cat?post=197570"},{"taxonomy":"product_tag","embeddable":true,"href":"https:\/\/www.tabakversand.ch\/fr\/wp-json\/wp\/v2\/product_tag?post=197570"}],"curies":[{"name":"wp","href":"https:\/\/api.w.org\/{rel}","templated":true}]}}