{"id":197716,"date":"2025-09-04T14:14:00","date_gmt":"2025-09-04T12:14:00","guid":{"rendered":"https:\/\/www.tabakversand.ch\/?post_type=product&#038;p=197716"},"modified":"2026-04-13T20:08:20","modified_gmt":"2026-04-13T18:08:20","slug":"tabac-a-pipe-rattrays-london-eye-1-x-100gr","status":"publish","type":"product","link":"https:\/\/www.tabakversand.ch\/fr\/produit\/tabac-a-pipe-rattrays-london-eye-1-x-100gr\/","title":{"rendered":"L&rsquo;\u0153il de Londres de Rattray"},"content":{"rendered":"<h1>L&rsquo;\u0153il de Londres de Rattray<\/h1>\n<ul>\n<li>1 x 100 g.<\/li>\n<\/ul>\n<p>Le tabac \u00e0 pipe London Eye de Rattray offre un ar\u00f4me harmonieux et complexe, id\u00e9al pour les connaisseurs qui appr\u00e9cient une exp\u00e9rience de fumage douce et subtile. Cette composition de haute qualit\u00e9 associe des tabacs Virginie soigneusement s\u00e9lectionn\u00e9s, aux teintes dor\u00e9es, rouges et fonc\u00e9es, \u00e0 du Burley et \u00e0 un fin Black Cavendish, pour une base parfaitement \u00e9quilibr\u00e9e. <\/p>\n<p>Ce m\u00e9lange est sublim\u00e9 par des ar\u00f4mes exotiques de rhum, de noix de coco et de macadamia, qui conf\u00e8rent au tabac une agr\u00e9able douceur et une l\u00e9g\u00e8re note de noisette. Il en r\u00e9sulte un tabac \u00e0 pipe onctueux et aromatique aux accents tropicaux qui ravira aussi bien les fumeurs d\u00e9butants que les plus exp\u00e9riment\u00e9s. <\/p>\n<p>Outre son profil aromatique, le London Eye de Rattray s\u00e9duit \u00e9galement par son agr\u00e9able parfum d&rsquo;ambiance, ce qui en fait un choix populaire pour des moments de d\u00e9tente et de plaisir.<\/p>\n<p>Points forts du produit&nbsp;:<\/p>\n<ul>\n<li>M\u00e9lange aromatique aux nuances tropicales<\/li>\n<li>Tabacs Virginie, Burley et Black Cavendish<\/li>\n<li>Raffin\u00e9 au rhum, \u00e0 la noix de coco et \u00e0 la noix de macadamia<\/li>\n<li>Go\u00fbt doux et \u00e9quilibr\u00e9<\/li>\n<li>Parfum d&rsquo;ambiance agr\u00e9able et subtil<\/li>\n<\/ul>\n<p>&nbsp;<\/p>\n<p>Conclusion:<br \/>\n Le tabac \u00e0 pipe London Eye de Rattray offre une exp\u00e9rience de fumage exotique et douce, avec un ar\u00f4me subtil, et est id\u00e9al pour tous ceux qui recherchent un tabac \u00e0 pipe doux et aromatique au caract\u00e8re particulier.<\/p>\n<p>Chez tabakversand.ch, vous recevez le tabac \u00e0 pipe London Eye de Rattray, conserv\u00e9 dans son emballage d&rsquo;origine et dans des conditions optimales. Un stockage soign\u00e9 garantit la pr\u00e9servation parfaite de son ar\u00f4me, de son humidit\u00e9 et de sa qualit\u00e9 jusqu&rsquo;\u00e0 l&rsquo;exp\u00e9dition. Gr\u00e2ce \u00e0 une livraison rapide en Suisse, votre tabac \u00e0 pipe vous parvient g\u00e9n\u00e9ralement tr\u00e8s rapidement.  <\/p>\n<p>Pour plus d&rsquo;informations sur le tabac \u00e0 pipe, veuillez consulter l&rsquo;article Wikip\u00e9dia correspondant&nbsp;: <a href=\"https:\/\/de.wikipedia.org\/wiki\/Tabakpfeife#Pfeifentabak\">cliquez ici<\/a> . Si vous avez des questions concernant le produit, n&rsquo;h\u00e9sitez pas \u00e0 nous contacter&nbsp;: <a href=\"https:\/\/www.tabakversand.ch\/kontakt\/\">cliquez ici<\/a> . <\/p>\n<p>Tous les prix indiqu\u00e9s sont valables uniquement pour les commandes en ligne, TVA incluse, et peuvent \u00eatre modifi\u00e9s sans pr\u00e9avis. Les frais de port sont en sus.   Sous r\u00e9serve d&rsquo;erreurs, de modifications de l&rsquo;\u00e9tendue de la livraison et de la conception, d&rsquo;erreurs d&rsquo;impression et de modifications de prix. Les prix barr\u00e9s sont plut\u00f4t des prix. L&rsquo;illustration peut diff\u00e9rer de l&rsquo;original\/de l&rsquo;\u00e9tendue de la livraison.<br \/>\n*Livraison gratuite pour les commandes sup\u00e9rieures \u00e0 CHF 250.-.<\/p>\n","protected":false},"excerpt":{"rendered":"<p>L&rsquo;\u0153il de Londres de Rattray 1 x 100 g. Le tabac \u00e0 pipe London Eye de Rattray offre un ar\u00f4me harmonieux et complexe, id\u00e9al pour les connaisseurs qui appr\u00e9cient une exp\u00e9rience de fumage douce et subtile. Cette composition de haute qualit\u00e9 associe des tabacs Virginie soigneusement s\u00e9lectionn\u00e9s, aux teintes dor\u00e9es, rouges et fonc\u00e9es, \u00e0 du [&hellip;]<\/p>\n","protected":false},"featured_media":197720,"template":"","meta":[],"product_brand":[1854],"product_cat":[5814,1949,1888,2040],"product_tag":[],"class_list":{"0":"post-197716","1":"product","2":"type-product","3":"status-publish","4":"has-post-thumbnail","6":"product_brand-rattrays","7":"product_cat-boites","8":"product_cat-pipe-world-fr","9":"product_cat-tabac","10":"product_cat-tabac-a-pipe-fr","12":"first","13":"onbackorder","14":"purchasable","15":"product-type-simple"},"yoast_head":"<!-- This site is optimized with the Yoast SEO plugin v27.5 - https:\/\/yoast.com\/product\/yoast-seo-wordpress\/ -->\n<title>Achetez le tabac \u00e0 pipe London Eye de Rattray<\/title>\n<meta name=\"description\" content=\"Achetez le tabac \u00e0 pipe Rattray&#039;s London Eye en ligne \u2713 M\u00e9lange aromatique \u2713 Saveur \u00e9quilibr\u00e9e \u2713 Qualit\u00e9 sup\u00e9rieure \u2713 D\u00e9couvrez-le maintenant et savourez-le\" \/>\n<meta name=\"robots\" content=\"index, follow, max-snippet:-1, max-image-preview:large, max-video-preview:-1\" \/>\n<link rel=\"canonical\" href=\"https:\/\/www.tabakversand.ch\/fr\/produit\/tabac-a-pipe-rattrays-london-eye-1-x-100gr\/\" \/>\n<meta property=\"og:locale\" content=\"fr_FR\" \/>\n<meta property=\"og:type\" content=\"article\" \/>\n<meta property=\"og:title\" content=\"Achetez le tabac \u00e0 pipe London Eye de Rattray\" \/>\n<meta property=\"og:description\" content=\"Achetez le tabac \u00e0 pipe Rattray&#039;s London Eye en ligne \u2713 M\u00e9lange aromatique \u2713 Saveur \u00e9quilibr\u00e9e \u2713 Qualit\u00e9 sup\u00e9rieure \u2713 D\u00e9couvrez-le maintenant et savourez-le\" \/>\n<meta property=\"og:url\" content=\"https:\/\/www.tabakversand.ch\/fr\/produit\/tabac-a-pipe-rattrays-london-eye-1-x-100gr\/\" \/>\n<meta property=\"og:site_name\" content=\"Tabakversand.ch | Alles aus der Welt des Tabaks\" \/>\n<meta property=\"article:modified_time\" content=\"2026-04-13T18:08:20+00:00\" \/>\n<meta property=\"og:image\" content=\"https:\/\/www.tabakversand.ch\/wp-content\/uploads\/2025\/09\/rattrays-london-eye.jpg\" \/>\n\t<meta property=\"og:image:width\" content=\"500\" \/>\n\t<meta property=\"og:image:height\" content=\"500\" \/>\n\t<meta property=\"og:image:type\" content=\"image\/jpeg\" \/>\n<meta name=\"twitter:card\" content=\"summary_large_image\" \/>\n<meta name=\"twitter:label1\" content=\"Dur\u00e9e de lecture estim\u00e9e\" \/>\n\t<meta name=\"twitter:data1\" content=\"2 minutes\" \/>\n<script type=\"application\/ld+json\" class=\"yoast-schema-graph\">{\"@context\":\"https:\\\/\\\/schema.org\",\"@graph\":[{\"@type\":\"WebPage\",\"@id\":\"https:\\\/\\\/www.tabakversand.ch\\\/fr\\\/produit\\\/tabac-a-pipe-rattrays-london-eye-1-x-100gr\\\/\",\"url\":\"https:\\\/\\\/www.tabakversand.ch\\\/fr\\\/produit\\\/tabac-a-pipe-rattrays-london-eye-1-x-100gr\\\/\",\"name\":\"Achetez le tabac \u00e0 pipe London Eye de Rattray\",\"isPartOf\":{\"@id\":\"https:\\\/\\\/www.tabakversand.ch\\\/#website\"},\"primaryImageOfPage\":{\"@id\":\"https:\\\/\\\/www.tabakversand.ch\\\/fr\\\/produit\\\/tabac-a-pipe-rattrays-london-eye-1-x-100gr\\\/#primaryimage\"},\"image\":{\"@id\":\"https:\\\/\\\/www.tabakversand.ch\\\/fr\\\/produit\\\/tabac-a-pipe-rattrays-london-eye-1-x-100gr\\\/#primaryimage\"},\"thumbnailUrl\":\"https:\\\/\\\/www.tabakversand.ch\\\/wp-content\\\/uploads\\\/2025\\\/09\\\/rattrays-london-eye.jpg\",\"datePublished\":\"2025-09-04T12:14:00+00:00\",\"dateModified\":\"2026-04-13T18:08:20+00:00\",\"description\":\"Achetez le tabac \u00e0 pipe Rattray&#39;s London Eye en ligne \u2713 M\u00e9lange aromatique \u2713 Saveur \u00e9quilibr\u00e9e \u2713 Qualit\u00e9 sup\u00e9rieure \u2713 D\u00e9couvrez-le maintenant et savourez-le\",\"breadcrumb\":{\"@id\":\"https:\\\/\\\/www.tabakversand.ch\\\/fr\\\/produit\\\/tabac-a-pipe-rattrays-london-eye-1-x-100gr\\\/#breadcrumb\"},\"inLanguage\":\"fr-FR\",\"potentialAction\":[{\"@type\":\"ReadAction\",\"target\":[\"https:\\\/\\\/www.tabakversand.ch\\\/fr\\\/produit\\\/tabac-a-pipe-rattrays-london-eye-1-x-100gr\\\/\"]}]},{\"@type\":\"ImageObject\",\"inLanguage\":\"fr-FR\",\"@id\":\"https:\\\/\\\/www.tabakversand.ch\\\/fr\\\/produit\\\/tabac-a-pipe-rattrays-london-eye-1-x-100gr\\\/#primaryimage\",\"url\":\"https:\\\/\\\/www.tabakversand.ch\\\/wp-content\\\/uploads\\\/2025\\\/09\\\/rattrays-london-eye.jpg\",\"contentUrl\":\"https:\\\/\\\/www.tabakversand.ch\\\/wp-content\\\/uploads\\\/2025\\\/09\\\/rattrays-london-eye.jpg\",\"width\":500,\"height\":500,\"caption\":\"Tabac \u00e0 pipe Rattray's London Eye 1 x 100gr. | tabakversand.ch\"},{\"@type\":\"BreadcrumbList\",\"@id\":\"https:\\\/\\\/www.tabakversand.ch\\\/fr\\\/produit\\\/tabac-a-pipe-rattrays-london-eye-1-x-100gr\\\/#breadcrumb\",\"itemListElement\":[{\"@type\":\"ListItem\",\"position\":1,\"name\":\"Startseite\",\"item\":\"https:\\\/\\\/www.tabakversand.ch\\\/\"},{\"@type\":\"ListItem\",\"position\":2,\"name\":\"Boutique\",\"item\":\"https:\\\/\\\/www.tabakversand.ch\\\/fr\\\/boutique\\\/\"},{\"@type\":\"ListItem\",\"position\":3,\"name\":\"L'\u0153il de Londres de Rattray\"}]},{\"@type\":\"WebSite\",\"@id\":\"https:\\\/\\\/www.tabakversand.ch\\\/#website\",\"url\":\"https:\\\/\\\/www.tabakversand.ch\\\/\",\"name\":\"Tabakversand.ch | Alles aus der Welt des Tabaks\",\"description\":\"Smoke and carpe diem\",\"potentialAction\":[{\"@type\":\"SearchAction\",\"target\":{\"@type\":\"EntryPoint\",\"urlTemplate\":\"https:\\\/\\\/www.tabakversand.ch\\\/?s={search_term_string}\"},\"query-input\":{\"@type\":\"PropertyValueSpecification\",\"valueRequired\":true,\"valueName\":\"search_term_string\"}}],\"inLanguage\":\"fr-FR\"}]}<\/script>\n<!-- \/ Yoast SEO plugin. -->","yoast_head_json":{"title":"Achetez le tabac \u00e0 pipe London Eye de Rattray","description":"Achetez le tabac \u00e0 pipe Rattray&#39;s London Eye en ligne \u2713 M\u00e9lange aromatique \u2713 Saveur \u00e9quilibr\u00e9e \u2713 Qualit\u00e9 sup\u00e9rieure \u2713 D\u00e9couvrez-le maintenant et savourez-le","robots":{"index":"index","follow":"follow","max-snippet":"max-snippet:-1","max-image-preview":"max-image-preview:large","max-video-preview":"max-video-preview:-1"},"canonical":"https:\/\/www.tabakversand.ch\/fr\/produit\/tabac-a-pipe-rattrays-london-eye-1-x-100gr\/","og_locale":"fr_FR","og_type":"article","og_title":"Achetez le tabac \u00e0 pipe London Eye de Rattray","og_description":"Achetez le tabac \u00e0 pipe Rattray&#39;s London Eye en ligne \u2713 M\u00e9lange aromatique \u2713 Saveur \u00e9quilibr\u00e9e \u2713 Qualit\u00e9 sup\u00e9rieure \u2713 D\u00e9couvrez-le maintenant et savourez-le","og_url":"https:\/\/www.tabakversand.ch\/fr\/produit\/tabac-a-pipe-rattrays-london-eye-1-x-100gr\/","og_site_name":"Tabakversand.ch | Alles aus der Welt des Tabaks","article_modified_time":"2026-04-13T18:08:20+00:00","og_image":[{"width":500,"height":500,"url":"https:\/\/www.tabakversand.ch\/wp-content\/uploads\/2025\/09\/rattrays-london-eye.jpg","type":"image\/jpeg"}],"twitter_card":"summary_large_image","twitter_misc":{"Dur\u00e9e de lecture estim\u00e9e":"2 minutes"},"schema":{"@context":"https:\/\/schema.org","@graph":[{"@type":"WebPage","@id":"https:\/\/www.tabakversand.ch\/fr\/produit\/tabac-a-pipe-rattrays-london-eye-1-x-100gr\/","url":"https:\/\/www.tabakversand.ch\/fr\/produit\/tabac-a-pipe-rattrays-london-eye-1-x-100gr\/","name":"Achetez le tabac \u00e0 pipe London Eye de Rattray","isPartOf":{"@id":"https:\/\/www.tabakversand.ch\/#website"},"primaryImageOfPage":{"@id":"https:\/\/www.tabakversand.ch\/fr\/produit\/tabac-a-pipe-rattrays-london-eye-1-x-100gr\/#primaryimage"},"image":{"@id":"https:\/\/www.tabakversand.ch\/fr\/produit\/tabac-a-pipe-rattrays-london-eye-1-x-100gr\/#primaryimage"},"thumbnailUrl":"https:\/\/www.tabakversand.ch\/wp-content\/uploads\/2025\/09\/rattrays-london-eye.jpg","datePublished":"2025-09-04T12:14:00+00:00","dateModified":"2026-04-13T18:08:20+00:00","description":"Achetez le tabac \u00e0 pipe Rattray&#39;s London Eye en ligne \u2713 M\u00e9lange aromatique \u2713 Saveur \u00e9quilibr\u00e9e \u2713 Qualit\u00e9 sup\u00e9rieure \u2713 D\u00e9couvrez-le maintenant et savourez-le","breadcrumb":{"@id":"https:\/\/www.tabakversand.ch\/fr\/produit\/tabac-a-pipe-rattrays-london-eye-1-x-100gr\/#breadcrumb"},"inLanguage":"fr-FR","potentialAction":[{"@type":"ReadAction","target":["https:\/\/www.tabakversand.ch\/fr\/produit\/tabac-a-pipe-rattrays-london-eye-1-x-100gr\/"]}]},{"@type":"ImageObject","inLanguage":"fr-FR","@id":"https:\/\/www.tabakversand.ch\/fr\/produit\/tabac-a-pipe-rattrays-london-eye-1-x-100gr\/#primaryimage","url":"https:\/\/www.tabakversand.ch\/wp-content\/uploads\/2025\/09\/rattrays-london-eye.jpg","contentUrl":"https:\/\/www.tabakversand.ch\/wp-content\/uploads\/2025\/09\/rattrays-london-eye.jpg","width":500,"height":500,"caption":"Tabac \u00e0 pipe Rattray's London Eye 1 x 100gr. | tabakversand.ch"},{"@type":"BreadcrumbList","@id":"https:\/\/www.tabakversand.ch\/fr\/produit\/tabac-a-pipe-rattrays-london-eye-1-x-100gr\/#breadcrumb","itemListElement":[{"@type":"ListItem","position":1,"name":"Startseite","item":"https:\/\/www.tabakversand.ch\/"},{"@type":"ListItem","position":2,"name":"Boutique","item":"https:\/\/www.tabakversand.ch\/fr\/boutique\/"},{"@type":"ListItem","position":3,"name":"L'\u0153il de Londres de Rattray"}]},{"@type":"WebSite","@id":"https:\/\/www.tabakversand.ch\/#website","url":"https:\/\/www.tabakversand.ch\/","name":"Tabakversand.ch | Alles aus der Welt des Tabaks","description":"Smoke and carpe diem","potentialAction":[{"@type":"SearchAction","target":{"@type":"EntryPoint","urlTemplate":"https:\/\/www.tabakversand.ch\/?s={search_term_string}"},"query-input":{"@type":"PropertyValueSpecification","valueRequired":true,"valueName":"search_term_string"}}],"inLanguage":"fr-FR"}]}},"_links":{"self":[{"href":"https:\/\/www.tabakversand.ch\/fr\/wp-json\/wp\/v2\/product\/197716","targetHints":{"allow":["GET"]}}],"collection":[{"href":"https:\/\/www.tabakversand.ch\/fr\/wp-json\/wp\/v2\/product"}],"about":[{"href":"https:\/\/www.tabakversand.ch\/fr\/wp-json\/wp\/v2\/types\/product"}],"version-history":[{"count":5,"href":"https:\/\/www.tabakversand.ch\/fr\/wp-json\/wp\/v2\/product\/197716\/revisions"}],"predecessor-version":[{"id":217956,"href":"https:\/\/www.tabakversand.ch\/fr\/wp-json\/wp\/v2\/product\/197716\/revisions\/217956"}],"wp:featuredmedia":[{"embeddable":true,"href":"https:\/\/www.tabakversand.ch\/fr\/wp-json\/wp\/v2\/media\/197720"}],"wp:attachment":[{"href":"https:\/\/www.tabakversand.ch\/fr\/wp-json\/wp\/v2\/media?parent=197716"}],"wp:term":[{"taxonomy":"product_brand","embeddable":true,"href":"https:\/\/www.tabakversand.ch\/fr\/wp-json\/wp\/v2\/product_brand?post=197716"},{"taxonomy":"product_cat","embeddable":true,"href":"https:\/\/www.tabakversand.ch\/fr\/wp-json\/wp\/v2\/product_cat?post=197716"},{"taxonomy":"product_tag","embeddable":true,"href":"https:\/\/www.tabakversand.ch\/fr\/wp-json\/wp\/v2\/product_tag?post=197716"}],"curies":[{"name":"wp","href":"https:\/\/api.w.org\/{rel}","templated":true}]}}