{"id":198565,"date":"2025-09-10T13:23:34","date_gmt":"2025-09-10T11:23:34","guid":{"rendered":"https:\/\/www.tabakversand.ch\/?post_type=product&#038;p=198565"},"modified":"2025-09-10T13:51:24","modified_gmt":"2025-09-10T11:51:24","slug":"briquet-de-noel-curly-sheepworld","status":"publish","type":"product","link":"https:\/\/www.tabakversand.ch\/fr\/produit\/briquet-de-noel-curly-sheepworld\/","title":{"rendered":"Briquet de No\u00ebl Curly Sheepworld"},"content":{"rendered":"<p>Briquet de No\u00ebl Curly Sheepworld<\/p>\n<ul>\n<li>Hauteur : 8 cm<\/li>\n<li>Largeur : 2,2 cm<\/li>\n<li>D: 1 cm<\/li>\n<li>Peut \u00eatre rempli de gaz encore et encore<\/li>\n<\/ul>\n<p>Tous les prix s&rsquo;appliquent uniquement aux commandes en ligne et incluent la TVA. Sous r\u00e9serve de modifications sans pr\u00e9avis, frais de livraison en sus. Sous r\u00e9serve d&rsquo;erreurs, de modifications de contenu de livraison et de conception, de fautes d&rsquo;impression et de modifications de prix. Les prix barr\u00e9s sont des prix de remplacement. Les illustrations peuvent diff\u00e9rer de l&rsquo;original\/du contenu de livraison.<br \/>\n*Livraison gratuite pour les commandes sup\u00e9rieures \u00e0 CHF 250.-.<\/p>\n","protected":false},"excerpt":{"rendered":"<p>Briquet de No\u00ebl Curly Sheepworld Hauteur : 8 cm Largeur : 2,2 cm D: 1 cm Peut \u00eatre rempli de gaz encore et encore Tous les prix s&rsquo;appliquent uniquement aux commandes en ligne et incluent la TVA. Sous r\u00e9serve de modifications sans pr\u00e9avis, frais de livraison en sus. Sous r\u00e9serve d&rsquo;erreurs, de modifications de contenu [&hellip;]<\/p>\n","protected":false},"featured_media":198569,"template":"","meta":[],"product_brand":[],"product_cat":[1927,3586,4421],"product_tag":[],"class_list":{"0":"post-198565","1":"product","2":"type-product","3":"status-publish","4":"has-post-thumbnail","6":"product_cat-briquets","7":"product_cat-briquets-divers","8":"product_cat-noel","9":"pa_auswahl-nombre-1","10":"pa_auswahl-nombre-2","11":"pa_auswahl-nombre-3","12":"pa_auswahl-nombre-4","14":"first","15":"instock","16":"featured","17":"purchasable","18":"product-type-variable"},"yoast_head":"<!-- This site is optimized with the Yoast SEO plugin v27.0 - https:\/\/yoast.com\/product\/yoast-seo-wordpress\/ -->\n<title>Tabakversand.ch | Alles aus der Welt des Tabaks - Briquet de No\u00ebl Curly Sheepworld<\/title>\n<meta name=\"description\" content=\"Briquet de No\u00ebl Curly Sheepworld | Un grand choix de produits du tabac et d&#039;accessoires pour fumeurs dans toute la Suisse | Cartes accept\u00e9es !\" \/>\n<meta name=\"robots\" content=\"index, follow, max-snippet:-1, max-image-preview:large, max-video-preview:-1\" \/>\n<link rel=\"canonical\" href=\"https:\/\/www.tabakversand.ch\/fr\/produit\/briquet-de-noel-curly-sheepworld\/\" \/>\n<meta property=\"og:locale\" content=\"fr_FR\" \/>\n<meta property=\"og:type\" content=\"article\" \/>\n<meta property=\"og:title\" content=\"Tabakversand.ch | Alles aus der Welt des Tabaks - Briquet de No\u00ebl Curly Sheepworld\" \/>\n<meta property=\"og:description\" content=\"Briquet de No\u00ebl Curly Sheepworld | Un grand choix de produits du tabac et d&#039;accessoires pour fumeurs dans toute la Suisse | Cartes accept\u00e9es !\" \/>\n<meta property=\"og:url\" content=\"https:\/\/www.tabakversand.ch\/fr\/produit\/briquet-de-noel-curly-sheepworld\/\" \/>\n<meta property=\"og:site_name\" content=\"Tabakversand.ch | Alles aus der Welt des Tabaks\" \/>\n<meta property=\"article:modified_time\" content=\"2025-09-10T11:51:24+00:00\" \/>\n<meta property=\"og:image\" content=\"http:\/\/www.tabakversand.ch\/wp-content\/uploads\/2025\/09\/curly-sheepworld-xmas-all.jpg\" \/>\n\t<meta property=\"og:image:width\" content=\"500\" \/>\n\t<meta property=\"og:image:height\" content=\"501\" \/>\n\t<meta property=\"og:image:type\" content=\"image\/jpeg\" \/>\n<meta name=\"twitter:card\" content=\"summary_large_image\" \/>\n<meta name=\"twitter:label1\" content=\"Dur\u00e9e de lecture estim\u00e9e\" \/>\n\t<meta name=\"twitter:data1\" content=\"1 minute\" \/>\n<script type=\"application\/ld+json\" class=\"yoast-schema-graph\">{\"@context\":\"https:\/\/schema.org\",\"@graph\":[{\"@type\":\"WebPage\",\"@id\":\"https:\/\/www.tabakversand.ch\/fr\/produit\/briquet-de-noel-curly-sheepworld\/\",\"url\":\"https:\/\/www.tabakversand.ch\/fr\/produit\/briquet-de-noel-curly-sheepworld\/\",\"name\":\"Tabakversand.ch | Alles aus der Welt des Tabaks - Briquet de No\u00ebl Curly Sheepworld\",\"isPartOf\":{\"@id\":\"https:\/\/www.tabakversand.ch\/#website\"},\"primaryImageOfPage\":{\"@id\":\"https:\/\/www.tabakversand.ch\/fr\/produit\/briquet-de-noel-curly-sheepworld\/#primaryimage\"},\"image\":{\"@id\":\"https:\/\/www.tabakversand.ch\/fr\/produit\/briquet-de-noel-curly-sheepworld\/#primaryimage\"},\"thumbnailUrl\":\"https:\/\/www.tabakversand.ch\/wp-content\/uploads\/2025\/09\/curly-sheepworld-xmas-all.jpg\",\"datePublished\":\"2025-09-10T11:23:34+00:00\",\"dateModified\":\"2025-09-10T11:51:24+00:00\",\"description\":\"Briquet de No\u00ebl Curly Sheepworld | Un grand choix de produits du tabac et d'accessoires pour fumeurs dans toute la Suisse | Cartes accept\u00e9es !\",\"breadcrumb\":{\"@id\":\"https:\/\/www.tabakversand.ch\/fr\/produit\/briquet-de-noel-curly-sheepworld\/#breadcrumb\"},\"inLanguage\":\"fr-FR\",\"potentialAction\":[{\"@type\":\"ReadAction\",\"target\":[\"https:\/\/www.tabakversand.ch\/fr\/produit\/briquet-de-noel-curly-sheepworld\/\"]}]},{\"@type\":\"ImageObject\",\"inLanguage\":\"fr-FR\",\"@id\":\"https:\/\/www.tabakversand.ch\/fr\/produit\/briquet-de-noel-curly-sheepworld\/#primaryimage\",\"url\":\"https:\/\/www.tabakversand.ch\/wp-content\/uploads\/2025\/09\/curly-sheepworld-xmas-all.jpg\",\"contentUrl\":\"https:\/\/www.tabakversand.ch\/wp-content\/uploads\/2025\/09\/curly-sheepworld-xmas-all.jpg\",\"width\":500,\"height\":501,\"caption\":\"Briquet de No\u00ebl Curly Sheepworld | tabakversand.ch\"},{\"@type\":\"BreadcrumbList\",\"@id\":\"https:\/\/www.tabakversand.ch\/fr\/produit\/briquet-de-noel-curly-sheepworld\/#breadcrumb\",\"itemListElement\":[{\"@type\":\"ListItem\",\"position\":1,\"name\":\"Startseite\",\"item\":\"https:\/\/www.tabakversand.ch\/\"},{\"@type\":\"ListItem\",\"position\":2,\"name\":\"Boutique\",\"item\":\"https:\/\/www.tabakversand.ch\/fr\/boutique\/\"},{\"@type\":\"ListItem\",\"position\":3,\"name\":\"Briquet de No\u00ebl Curly Sheepworld\"}]},{\"@type\":\"WebSite\",\"@id\":\"https:\/\/www.tabakversand.ch\/#website\",\"url\":\"https:\/\/www.tabakversand.ch\/\",\"name\":\"Tabakversand.ch | Alles aus der Welt des Tabaks\",\"description\":\"Smoke and carpe diem\",\"potentialAction\":[{\"@type\":\"SearchAction\",\"target\":{\"@type\":\"EntryPoint\",\"urlTemplate\":\"https:\/\/www.tabakversand.ch\/?s={search_term_string}\"},\"query-input\":{\"@type\":\"PropertyValueSpecification\",\"valueRequired\":true,\"valueName\":\"search_term_string\"}}],\"inLanguage\":\"fr-FR\"}]}<\/script>\n<!-- \/ Yoast SEO plugin. -->","yoast_head_json":{"title":"Tabakversand.ch | Alles aus der Welt des Tabaks - Briquet de No\u00ebl Curly Sheepworld","description":"Briquet de No\u00ebl Curly Sheepworld | Un grand choix de produits du tabac et d'accessoires pour fumeurs dans toute la Suisse | Cartes accept\u00e9es !","robots":{"index":"index","follow":"follow","max-snippet":"max-snippet:-1","max-image-preview":"max-image-preview:large","max-video-preview":"max-video-preview:-1"},"canonical":"https:\/\/www.tabakversand.ch\/fr\/produit\/briquet-de-noel-curly-sheepworld\/","og_locale":"fr_FR","og_type":"article","og_title":"Tabakversand.ch | Alles aus der Welt des Tabaks - Briquet de No\u00ebl Curly Sheepworld","og_description":"Briquet de No\u00ebl Curly Sheepworld | Un grand choix de produits du tabac et d'accessoires pour fumeurs dans toute la Suisse | Cartes accept\u00e9es !","og_url":"https:\/\/www.tabakversand.ch\/fr\/produit\/briquet-de-noel-curly-sheepworld\/","og_site_name":"Tabakversand.ch | Alles aus der Welt des Tabaks","article_modified_time":"2025-09-10T11:51:24+00:00","og_image":[{"width":500,"height":501,"url":"http:\/\/www.tabakversand.ch\/wp-content\/uploads\/2025\/09\/curly-sheepworld-xmas-all.jpg","type":"image\/jpeg"}],"twitter_card":"summary_large_image","twitter_misc":{"Dur\u00e9e de lecture estim\u00e9e":"1 minute"},"schema":{"@context":"https:\/\/schema.org","@graph":[{"@type":"WebPage","@id":"https:\/\/www.tabakversand.ch\/fr\/produit\/briquet-de-noel-curly-sheepworld\/","url":"https:\/\/www.tabakversand.ch\/fr\/produit\/briquet-de-noel-curly-sheepworld\/","name":"Tabakversand.ch | Alles aus der Welt des Tabaks - Briquet de No\u00ebl Curly Sheepworld","isPartOf":{"@id":"https:\/\/www.tabakversand.ch\/#website"},"primaryImageOfPage":{"@id":"https:\/\/www.tabakversand.ch\/fr\/produit\/briquet-de-noel-curly-sheepworld\/#primaryimage"},"image":{"@id":"https:\/\/www.tabakversand.ch\/fr\/produit\/briquet-de-noel-curly-sheepworld\/#primaryimage"},"thumbnailUrl":"https:\/\/www.tabakversand.ch\/wp-content\/uploads\/2025\/09\/curly-sheepworld-xmas-all.jpg","datePublished":"2025-09-10T11:23:34+00:00","dateModified":"2025-09-10T11:51:24+00:00","description":"Briquet de No\u00ebl Curly Sheepworld | Un grand choix de produits du tabac et d'accessoires pour fumeurs dans toute la Suisse | Cartes accept\u00e9es !","breadcrumb":{"@id":"https:\/\/www.tabakversand.ch\/fr\/produit\/briquet-de-noel-curly-sheepworld\/#breadcrumb"},"inLanguage":"fr-FR","potentialAction":[{"@type":"ReadAction","target":["https:\/\/www.tabakversand.ch\/fr\/produit\/briquet-de-noel-curly-sheepworld\/"]}]},{"@type":"ImageObject","inLanguage":"fr-FR","@id":"https:\/\/www.tabakversand.ch\/fr\/produit\/briquet-de-noel-curly-sheepworld\/#primaryimage","url":"https:\/\/www.tabakversand.ch\/wp-content\/uploads\/2025\/09\/curly-sheepworld-xmas-all.jpg","contentUrl":"https:\/\/www.tabakversand.ch\/wp-content\/uploads\/2025\/09\/curly-sheepworld-xmas-all.jpg","width":500,"height":501,"caption":"Briquet de No\u00ebl Curly Sheepworld | tabakversand.ch"},{"@type":"BreadcrumbList","@id":"https:\/\/www.tabakversand.ch\/fr\/produit\/briquet-de-noel-curly-sheepworld\/#breadcrumb","itemListElement":[{"@type":"ListItem","position":1,"name":"Startseite","item":"https:\/\/www.tabakversand.ch\/"},{"@type":"ListItem","position":2,"name":"Boutique","item":"https:\/\/www.tabakversand.ch\/fr\/boutique\/"},{"@type":"ListItem","position":3,"name":"Briquet de No\u00ebl Curly Sheepworld"}]},{"@type":"WebSite","@id":"https:\/\/www.tabakversand.ch\/#website","url":"https:\/\/www.tabakversand.ch\/","name":"Tabakversand.ch | Alles aus der Welt des Tabaks","description":"Smoke and carpe diem","potentialAction":[{"@type":"SearchAction","target":{"@type":"EntryPoint","urlTemplate":"https:\/\/www.tabakversand.ch\/?s={search_term_string}"},"query-input":{"@type":"PropertyValueSpecification","valueRequired":true,"valueName":"search_term_string"}}],"inLanguage":"fr-FR"}]}},"_links":{"self":[{"href":"https:\/\/www.tabakversand.ch\/fr\/wp-json\/wp\/v2\/product\/198565","targetHints":{"allow":["GET"]}}],"collection":[{"href":"https:\/\/www.tabakversand.ch\/fr\/wp-json\/wp\/v2\/product"}],"about":[{"href":"https:\/\/www.tabakversand.ch\/fr\/wp-json\/wp\/v2\/types\/product"}],"version-history":[{"count":3,"href":"https:\/\/www.tabakversand.ch\/fr\/wp-json\/wp\/v2\/product\/198565\/revisions"}],"predecessor-version":[{"id":198613,"href":"https:\/\/www.tabakversand.ch\/fr\/wp-json\/wp\/v2\/product\/198565\/revisions\/198613"}],"wp:featuredmedia":[{"embeddable":true,"href":"https:\/\/www.tabakversand.ch\/fr\/wp-json\/wp\/v2\/media\/198569"}],"wp:attachment":[{"href":"https:\/\/www.tabakversand.ch\/fr\/wp-json\/wp\/v2\/media?parent=198565"}],"wp:term":[{"taxonomy":"product_brand","embeddable":true,"href":"https:\/\/www.tabakversand.ch\/fr\/wp-json\/wp\/v2\/product_brand?post=198565"},{"taxonomy":"product_cat","embeddable":true,"href":"https:\/\/www.tabakversand.ch\/fr\/wp-json\/wp\/v2\/product_cat?post=198565"},{"taxonomy":"product_tag","embeddable":true,"href":"https:\/\/www.tabakversand.ch\/fr\/wp-json\/wp\/v2\/product_tag?post=198565"}],"curies":[{"name":"wp","href":"https:\/\/api.w.org\/{rel}","templated":true}]}}