{"id":198850,"date":"2025-09-10T16:47:12","date_gmt":"2025-09-10T14:47:12","guid":{"rendered":"https:\/\/www.tabakversand.ch\/?post_type=product&#038;p=198850"},"modified":"2025-09-10T16:54:29","modified_gmt":"2025-09-10T14:54:29","slug":"humidificateur-a-tabac-pueblo-5-pcs","status":"publish","type":"product","link":"https:\/\/www.tabakversand.ch\/fr\/produit\/humidificateur-a-tabac-pueblo-5-pcs\/","title":{"rendered":"Humidificateur \u00e0 tabac Pueblo 5 pcs."},"content":{"rendered":"<p>Humidificateur \u00e0 tabac Pueblo 5 pcs.<\/p>\n<p>Placez simplement l&rsquo;humidificateur \u00e0 tabac Pueblo dans l&rsquo;eau pendant 2 \u00e0 3 minutes, s\u00e9chez-le et placez-le dans le tabac.<\/p>\n<p>Tous les prix s&rsquo;appliquent uniquement aux commandes en ligne et incluent la TVA. Sous r\u00e9serve de modifications sans pr\u00e9avis, frais de livraison en sus. Sous r\u00e9serve d&rsquo;erreurs, de modifications de contenu de livraison et de conception, de fautes d&rsquo;impression et de modifications de prix. Les prix barr\u00e9s sont des prix de remplacement. Les illustrations peuvent diff\u00e9rer de l&rsquo;original\/du contenu de livraison.<\/p>\n<p>*Livraison gratuite pour les commandes sup\u00e9rieures \u00e0 CHF 250.-.<\/p>\n","protected":false},"excerpt":{"rendered":"<p>Humidificateur \u00e0 tabac Pueblo 5 pcs. Placez simplement l&rsquo;humidificateur \u00e0 tabac Pueblo dans l&rsquo;eau pendant 2 \u00e0 3 minutes, s\u00e9chez-le et placez-le dans le tabac. Tous les prix s&rsquo;appliquent uniquement aux commandes en ligne et incluent la TVA. Sous r\u00e9serve de modifications sans pr\u00e9avis, frais de livraison en sus. Sous r\u00e9serve d&rsquo;erreurs, de modifications de [&hellip;]<\/p>\n","protected":false},"featured_media":198854,"template":"","meta":[],"product_brand":[],"product_cat":[2483,1961,3573,3577],"product_tag":[],"class_list":{"0":"post-198850","1":"product","2":"type-product","3":"status-publish","4":"has-post-thumbnail","6":"product_cat-accessoires-pour-cigarettes","7":"product_cat-cigarettes-self-made-fr-2","8":"product_cat-humidificateur-a-tabac","9":"product_cat-humidificateur-de-tabac-a-pipe","11":"first","12":"onbackorder","13":"purchasable","14":"product-type-simple"},"yoast_head":"<!-- This site is optimized with the Yoast SEO plugin v27.0 - https:\/\/yoast.com\/product\/yoast-seo-wordpress\/ -->\n<title>Humidificateur \u00e0 tabac Pueblo 5 pcs. - Tabakversand.ch | Alles aus der Welt des Tabaks<\/title>\n<meta name=\"description\" content=\"Humidificateur \u00e0 tabac Pueblo 5 pcs. | Un large choix de produits du tabac, de cigarettes \u00e9lectroniques et d&#039;accessoires pour fumeurs dans toute la Suisse | Cartes accept\u00e9es !\" \/>\n<meta name=\"robots\" content=\"index, follow, max-snippet:-1, max-image-preview:large, max-video-preview:-1\" \/>\n<link rel=\"canonical\" href=\"https:\/\/www.tabakversand.ch\/fr\/produit\/humidificateur-a-tabac-pueblo-5-pcs\/\" \/>\n<meta property=\"og:locale\" content=\"fr_FR\" \/>\n<meta property=\"og:type\" content=\"article\" \/>\n<meta property=\"og:title\" content=\"Humidificateur \u00e0 tabac Pueblo 5 pcs. - Tabakversand.ch | Alles aus der Welt des Tabaks\" \/>\n<meta property=\"og:description\" content=\"Humidificateur \u00e0 tabac Pueblo 5 pcs. | Un large choix de produits du tabac, de cigarettes \u00e9lectroniques et d&#039;accessoires pour fumeurs dans toute la Suisse | Cartes accept\u00e9es !\" \/>\n<meta property=\"og:url\" content=\"https:\/\/www.tabakversand.ch\/fr\/produit\/humidificateur-a-tabac-pueblo-5-pcs\/\" \/>\n<meta property=\"og:site_name\" content=\"Tabakversand.ch | Alles aus der Welt des Tabaks\" \/>\n<meta property=\"article:modified_time\" content=\"2025-09-10T14:54:29+00:00\" \/>\n<meta property=\"og:image\" content=\"http:\/\/www.tabakversand.ch\/wp-content\/uploads\/2025\/09\/tabakbefeuchter-pueblo.jpg\" \/>\n\t<meta property=\"og:image:width\" content=\"500\" \/>\n\t<meta property=\"og:image:height\" content=\"500\" \/>\n\t<meta property=\"og:image:type\" content=\"image\/jpeg\" \/>\n<meta name=\"twitter:card\" content=\"summary_large_image\" \/>\n<meta name=\"twitter:label1\" content=\"Dur\u00e9e de lecture estim\u00e9e\" \/>\n\t<meta name=\"twitter:data1\" content=\"1 minute\" \/>\n<script type=\"application\/ld+json\" class=\"yoast-schema-graph\">{\"@context\":\"https:\/\/schema.org\",\"@graph\":[{\"@type\":\"WebPage\",\"@id\":\"https:\/\/www.tabakversand.ch\/fr\/produit\/humidificateur-a-tabac-pueblo-5-pcs\/\",\"url\":\"https:\/\/www.tabakversand.ch\/fr\/produit\/humidificateur-a-tabac-pueblo-5-pcs\/\",\"name\":\"Humidificateur \u00e0 tabac Pueblo 5 pcs. - Tabakversand.ch | Alles aus der Welt des Tabaks\",\"isPartOf\":{\"@id\":\"https:\/\/www.tabakversand.ch\/#website\"},\"primaryImageOfPage\":{\"@id\":\"https:\/\/www.tabakversand.ch\/fr\/produit\/humidificateur-a-tabac-pueblo-5-pcs\/#primaryimage\"},\"image\":{\"@id\":\"https:\/\/www.tabakversand.ch\/fr\/produit\/humidificateur-a-tabac-pueblo-5-pcs\/#primaryimage\"},\"thumbnailUrl\":\"https:\/\/www.tabakversand.ch\/wp-content\/uploads\/2025\/09\/tabakbefeuchter-pueblo.jpg\",\"datePublished\":\"2025-09-10T14:47:12+00:00\",\"dateModified\":\"2025-09-10T14:54:29+00:00\",\"description\":\"Humidificateur \u00e0 tabac Pueblo 5 pcs. | Un large choix de produits du tabac, de cigarettes \u00e9lectroniques et d'accessoires pour fumeurs dans toute la Suisse | Cartes accept\u00e9es !\",\"breadcrumb\":{\"@id\":\"https:\/\/www.tabakversand.ch\/fr\/produit\/humidificateur-a-tabac-pueblo-5-pcs\/#breadcrumb\"},\"inLanguage\":\"fr-FR\",\"potentialAction\":[{\"@type\":\"ReadAction\",\"target\":[\"https:\/\/www.tabakversand.ch\/fr\/produit\/humidificateur-a-tabac-pueblo-5-pcs\/\"]}]},{\"@type\":\"ImageObject\",\"inLanguage\":\"fr-FR\",\"@id\":\"https:\/\/www.tabakversand.ch\/fr\/produit\/humidificateur-a-tabac-pueblo-5-pcs\/#primaryimage\",\"url\":\"https:\/\/www.tabakversand.ch\/wp-content\/uploads\/2025\/09\/tabakbefeuchter-pueblo.jpg\",\"contentUrl\":\"https:\/\/www.tabakversand.ch\/wp-content\/uploads\/2025\/09\/tabakbefeuchter-pueblo.jpg\",\"width\":500,\"height\":500,\"caption\":\"Humidificateur \u00e0 tabac Pueblo 5 pcs. | tabakversand.ch\"},{\"@type\":\"BreadcrumbList\",\"@id\":\"https:\/\/www.tabakversand.ch\/fr\/produit\/humidificateur-a-tabac-pueblo-5-pcs\/#breadcrumb\",\"itemListElement\":[{\"@type\":\"ListItem\",\"position\":1,\"name\":\"Startseite\",\"item\":\"https:\/\/www.tabakversand.ch\/\"},{\"@type\":\"ListItem\",\"position\":2,\"name\":\"Boutique\",\"item\":\"https:\/\/www.tabakversand.ch\/fr\/boutique\/\"},{\"@type\":\"ListItem\",\"position\":3,\"name\":\"Humidificateur \u00e0 tabac Pueblo 5 pcs.\"}]},{\"@type\":\"WebSite\",\"@id\":\"https:\/\/www.tabakversand.ch\/#website\",\"url\":\"https:\/\/www.tabakversand.ch\/\",\"name\":\"Tabakversand.ch | Alles aus der Welt des Tabaks\",\"description\":\"Smoke and carpe diem\",\"potentialAction\":[{\"@type\":\"SearchAction\",\"target\":{\"@type\":\"EntryPoint\",\"urlTemplate\":\"https:\/\/www.tabakversand.ch\/?s={search_term_string}\"},\"query-input\":{\"@type\":\"PropertyValueSpecification\",\"valueRequired\":true,\"valueName\":\"search_term_string\"}}],\"inLanguage\":\"fr-FR\"}]}<\/script>\n<!-- \/ Yoast SEO plugin. -->","yoast_head_json":{"title":"Humidificateur \u00e0 tabac Pueblo 5 pcs. - Tabakversand.ch | Alles aus der Welt des Tabaks","description":"Humidificateur \u00e0 tabac Pueblo 5 pcs. | Un large choix de produits du tabac, de cigarettes \u00e9lectroniques et d'accessoires pour fumeurs dans toute la Suisse | Cartes accept\u00e9es !","robots":{"index":"index","follow":"follow","max-snippet":"max-snippet:-1","max-image-preview":"max-image-preview:large","max-video-preview":"max-video-preview:-1"},"canonical":"https:\/\/www.tabakversand.ch\/fr\/produit\/humidificateur-a-tabac-pueblo-5-pcs\/","og_locale":"fr_FR","og_type":"article","og_title":"Humidificateur \u00e0 tabac Pueblo 5 pcs. - Tabakversand.ch | Alles aus der Welt des Tabaks","og_description":"Humidificateur \u00e0 tabac Pueblo 5 pcs. | Un large choix de produits du tabac, de cigarettes \u00e9lectroniques et d'accessoires pour fumeurs dans toute la Suisse | Cartes accept\u00e9es !","og_url":"https:\/\/www.tabakversand.ch\/fr\/produit\/humidificateur-a-tabac-pueblo-5-pcs\/","og_site_name":"Tabakversand.ch | Alles aus der Welt des Tabaks","article_modified_time":"2025-09-10T14:54:29+00:00","og_image":[{"width":500,"height":500,"url":"http:\/\/www.tabakversand.ch\/wp-content\/uploads\/2025\/09\/tabakbefeuchter-pueblo.jpg","type":"image\/jpeg"}],"twitter_card":"summary_large_image","twitter_misc":{"Dur\u00e9e de lecture estim\u00e9e":"1 minute"},"schema":{"@context":"https:\/\/schema.org","@graph":[{"@type":"WebPage","@id":"https:\/\/www.tabakversand.ch\/fr\/produit\/humidificateur-a-tabac-pueblo-5-pcs\/","url":"https:\/\/www.tabakversand.ch\/fr\/produit\/humidificateur-a-tabac-pueblo-5-pcs\/","name":"Humidificateur \u00e0 tabac Pueblo 5 pcs. - Tabakversand.ch | Alles aus der Welt des Tabaks","isPartOf":{"@id":"https:\/\/www.tabakversand.ch\/#website"},"primaryImageOfPage":{"@id":"https:\/\/www.tabakversand.ch\/fr\/produit\/humidificateur-a-tabac-pueblo-5-pcs\/#primaryimage"},"image":{"@id":"https:\/\/www.tabakversand.ch\/fr\/produit\/humidificateur-a-tabac-pueblo-5-pcs\/#primaryimage"},"thumbnailUrl":"https:\/\/www.tabakversand.ch\/wp-content\/uploads\/2025\/09\/tabakbefeuchter-pueblo.jpg","datePublished":"2025-09-10T14:47:12+00:00","dateModified":"2025-09-10T14:54:29+00:00","description":"Humidificateur \u00e0 tabac Pueblo 5 pcs. | Un large choix de produits du tabac, de cigarettes \u00e9lectroniques et d'accessoires pour fumeurs dans toute la Suisse | Cartes accept\u00e9es !","breadcrumb":{"@id":"https:\/\/www.tabakversand.ch\/fr\/produit\/humidificateur-a-tabac-pueblo-5-pcs\/#breadcrumb"},"inLanguage":"fr-FR","potentialAction":[{"@type":"ReadAction","target":["https:\/\/www.tabakversand.ch\/fr\/produit\/humidificateur-a-tabac-pueblo-5-pcs\/"]}]},{"@type":"ImageObject","inLanguage":"fr-FR","@id":"https:\/\/www.tabakversand.ch\/fr\/produit\/humidificateur-a-tabac-pueblo-5-pcs\/#primaryimage","url":"https:\/\/www.tabakversand.ch\/wp-content\/uploads\/2025\/09\/tabakbefeuchter-pueblo.jpg","contentUrl":"https:\/\/www.tabakversand.ch\/wp-content\/uploads\/2025\/09\/tabakbefeuchter-pueblo.jpg","width":500,"height":500,"caption":"Humidificateur \u00e0 tabac Pueblo 5 pcs. | tabakversand.ch"},{"@type":"BreadcrumbList","@id":"https:\/\/www.tabakversand.ch\/fr\/produit\/humidificateur-a-tabac-pueblo-5-pcs\/#breadcrumb","itemListElement":[{"@type":"ListItem","position":1,"name":"Startseite","item":"https:\/\/www.tabakversand.ch\/"},{"@type":"ListItem","position":2,"name":"Boutique","item":"https:\/\/www.tabakversand.ch\/fr\/boutique\/"},{"@type":"ListItem","position":3,"name":"Humidificateur \u00e0 tabac Pueblo 5 pcs."}]},{"@type":"WebSite","@id":"https:\/\/www.tabakversand.ch\/#website","url":"https:\/\/www.tabakversand.ch\/","name":"Tabakversand.ch | Alles aus der Welt des Tabaks","description":"Smoke and carpe diem","potentialAction":[{"@type":"SearchAction","target":{"@type":"EntryPoint","urlTemplate":"https:\/\/www.tabakversand.ch\/?s={search_term_string}"},"query-input":{"@type":"PropertyValueSpecification","valueRequired":true,"valueName":"search_term_string"}}],"inLanguage":"fr-FR"}]}},"_links":{"self":[{"href":"https:\/\/www.tabakversand.ch\/fr\/wp-json\/wp\/v2\/product\/198850","targetHints":{"allow":["GET"]}}],"collection":[{"href":"https:\/\/www.tabakversand.ch\/fr\/wp-json\/wp\/v2\/product"}],"about":[{"href":"https:\/\/www.tabakversand.ch\/fr\/wp-json\/wp\/v2\/types\/product"}],"version-history":[{"count":3,"href":"https:\/\/www.tabakversand.ch\/fr\/wp-json\/wp\/v2\/product\/198850\/revisions"}],"predecessor-version":[{"id":198864,"href":"https:\/\/www.tabakversand.ch\/fr\/wp-json\/wp\/v2\/product\/198850\/revisions\/198864"}],"wp:featuredmedia":[{"embeddable":true,"href":"https:\/\/www.tabakversand.ch\/fr\/wp-json\/wp\/v2\/media\/198854"}],"wp:attachment":[{"href":"https:\/\/www.tabakversand.ch\/fr\/wp-json\/wp\/v2\/media?parent=198850"}],"wp:term":[{"taxonomy":"product_brand","embeddable":true,"href":"https:\/\/www.tabakversand.ch\/fr\/wp-json\/wp\/v2\/product_brand?post=198850"},{"taxonomy":"product_cat","embeddable":true,"href":"https:\/\/www.tabakversand.ch\/fr\/wp-json\/wp\/v2\/product_cat?post=198850"},{"taxonomy":"product_tag","embeddable":true,"href":"https:\/\/www.tabakversand.ch\/fr\/wp-json\/wp\/v2\/product_tag?post=198850"}],"curies":[{"name":"wp","href":"https:\/\/api.w.org\/{rel}","templated":true}]}}