{"id":199046,"date":"2025-09-11T13:21:26","date_gmt":"2025-09-11T11:21:26","guid":{"rendered":"https:\/\/www.tabakversand.ch\/?post_type=product&#038;p=199046"},"modified":"2025-09-11T13:29:32","modified_gmt":"2025-09-11T11:29:32","slug":"herbe-locale-moroccan-sunset-hash-4-gr","status":"publish","type":"product","link":"https:\/\/www.tabakversand.ch\/fr\/produit\/herbe-locale-moroccan-sunset-hash-4-gr\/","title":{"rendered":"Herbe locale Moroccan Sunset Hash 4 gr."},"content":{"rendered":"<p>Herbe locale Moroccan Sunset Hash 4 gr.<\/p>\n<p>Vivez la magie du Maroc avec notre haschisch CBD \u00ab\u00a0Moroccan Sunset\u00a0\u00bb, une vari\u00e9t\u00e9 de haschisch CBD qui vous transportera directement dans les ruelles color\u00e9es de Marrakech ou de Casablanca. Ce haschisch CBD particuli\u00e8rement fin et aromatique est indiscernable du haschisch marocain contenant du THC et offre une exp\u00e9rience de consommation incomparablement authentique.<\/p>\n<p>Le parfum sensuel de cassonade, d&rsquo;\u00e9pices, de terre et d&rsquo;une touche de pin est imm\u00e9diatement reconnaissable et captive les sens. Chaque bouff\u00e9e est une v\u00e9ritable escapade dans les paysages exotiques du Maroc, riche de culture et de traditions.<\/p>\n<p>Avec une teneur \u00e9lev\u00e9e en CBD allant jusqu&rsquo;\u00e0 28 %, \u00ab\u00a0Moroccan Sunset\u00a0\u00bb agit rapidement et d\u00e9ploie ses effets relaxants sans perturber votre clart\u00e9 d&rsquo;esprit. Savourez un moment d&rsquo;exotisme marocain et laissez \u00ab\u00a0Moroccan Sunset\u00a0\u00bb vous transporter dans un monde de saveurs et de d\u00e9tente.<\/p>\n<ul>\n<li>Int\u00e9rieur<\/li>\n<li>THC:&lt; 0,9%<\/li>\n<li>CBD :&lt; 28%<\/li>\n<\/ul>\n<p>Tous les prix s&rsquo;appliquent uniquement aux commandes en ligne et incluent la TVA. Sous r\u00e9serve de modifications sans pr\u00e9avis, frais de livraison en sus. Sous r\u00e9serve d&rsquo;erreurs, de modifications de contenu de livraison et de conception, de fautes d&rsquo;impression et de modifications de prix. Les prix barr\u00e9s sont des prix de remplacement. Les illustrations peuvent diff\u00e9rer de l&rsquo;original\/du contenu de livraison.<br \/>\n*Livraison gratuite pour les commandes sup\u00e9rieures \u00e0 CHF 250.-.<\/p>\n","protected":false},"excerpt":{"rendered":"<p>Herbe locale Moroccan Sunset Hash 4 gr. Vivez la magie du Maroc avec notre haschisch CBD \u00ab\u00a0Moroccan Sunset\u00a0\u00bb, une vari\u00e9t\u00e9 de haschisch CBD qui vous transportera directement dans les ruelles color\u00e9es de Marrakech ou de Casablanca. Ce haschisch CBD particuli\u00e8rement fin et aromatique est indiscernable du haschisch marocain contenant du THC et offre une exp\u00e9rience [&hellip;]<\/p>\n","protected":false},"featured_media":199050,"template":"","meta":[],"product_brand":[],"product_cat":[3219,2101,1995],"product_tag":[],"class_list":{"0":"post-199046","1":"product","2":"type-product","3":"status-publish","4":"has-post-thumbnail","6":"product_cat-boutique-de-tete","7":"product_cat-chanvre-cbd","8":"product_cat-divers-headshop","10":"first","11":"onbackorder","12":"featured","13":"purchasable","14":"product-type-simple"},"yoast_head":"<!-- This site is optimized with the Yoast SEO plugin v27.0 - https:\/\/yoast.com\/product\/yoast-seo-wordpress\/ -->\n<title>Herbe locale Moroccan Sunset Hash 4 gr. - Tabakversand.ch | Alles aus der Welt des Tabaks<\/title>\n<meta name=\"description\" content=\"Cannabis local Moroccan Sunset Hash 4 gr. | Large choix de tabac, cigarettes \u00e9lectroniques et accessoires pour fumeurs dans toute la Suisse | Cartes accept\u00e9es !\" \/>\n<meta name=\"robots\" content=\"index, follow, max-snippet:-1, max-image-preview:large, max-video-preview:-1\" \/>\n<link rel=\"canonical\" href=\"https:\/\/www.tabakversand.ch\/fr\/produit\/herbe-locale-moroccan-sunset-hash-4-gr\/\" \/>\n<meta property=\"og:locale\" content=\"fr_FR\" \/>\n<meta property=\"og:type\" content=\"article\" \/>\n<meta property=\"og:title\" content=\"Herbe locale Moroccan Sunset Hash 4 gr. - Tabakversand.ch | Alles aus der Welt des Tabaks\" \/>\n<meta property=\"og:description\" content=\"Cannabis local Moroccan Sunset Hash 4 gr. | Large choix de tabac, cigarettes \u00e9lectroniques et accessoires pour fumeurs dans toute la Suisse | Cartes accept\u00e9es !\" \/>\n<meta property=\"og:url\" content=\"https:\/\/www.tabakversand.ch\/fr\/produit\/herbe-locale-moroccan-sunset-hash-4-gr\/\" \/>\n<meta property=\"og:site_name\" content=\"Tabakversand.ch | Alles aus der Welt des Tabaks\" \/>\n<meta property=\"article:modified_time\" content=\"2025-09-11T11:29:32+00:00\" \/>\n<meta property=\"og:image\" content=\"http:\/\/www.tabakversand.ch\/wp-content\/uploads\/2025\/09\/local-weed-moroccan-sunset-hash.jpg\" \/>\n\t<meta property=\"og:image:width\" content=\"500\" \/>\n\t<meta property=\"og:image:height\" content=\"500\" \/>\n\t<meta property=\"og:image:type\" content=\"image\/jpeg\" \/>\n<meta name=\"twitter:card\" content=\"summary_large_image\" \/>\n<meta name=\"twitter:label1\" content=\"Dur\u00e9e de lecture estim\u00e9e\" \/>\n\t<meta name=\"twitter:data1\" content=\"2 minutes\" \/>\n<script type=\"application\/ld+json\" class=\"yoast-schema-graph\">{\"@context\":\"https:\/\/schema.org\",\"@graph\":[{\"@type\":\"WebPage\",\"@id\":\"https:\/\/www.tabakversand.ch\/fr\/produit\/herbe-locale-moroccan-sunset-hash-4-gr\/\",\"url\":\"https:\/\/www.tabakversand.ch\/fr\/produit\/herbe-locale-moroccan-sunset-hash-4-gr\/\",\"name\":\"Herbe locale Moroccan Sunset Hash 4 gr. - Tabakversand.ch | Alles aus der Welt des Tabaks\",\"isPartOf\":{\"@id\":\"https:\/\/www.tabakversand.ch\/#website\"},\"primaryImageOfPage\":{\"@id\":\"https:\/\/www.tabakversand.ch\/fr\/produit\/herbe-locale-moroccan-sunset-hash-4-gr\/#primaryimage\"},\"image\":{\"@id\":\"https:\/\/www.tabakversand.ch\/fr\/produit\/herbe-locale-moroccan-sunset-hash-4-gr\/#primaryimage\"},\"thumbnailUrl\":\"https:\/\/www.tabakversand.ch\/wp-content\/uploads\/2025\/09\/local-weed-moroccan-sunset-hash.jpg\",\"datePublished\":\"2025-09-11T11:21:26+00:00\",\"dateModified\":\"2025-09-11T11:29:32+00:00\",\"description\":\"Cannabis local Moroccan Sunset Hash 4 gr. | Large choix de tabac, cigarettes \u00e9lectroniques et accessoires pour fumeurs dans toute la Suisse | Cartes accept\u00e9es !\",\"breadcrumb\":{\"@id\":\"https:\/\/www.tabakversand.ch\/fr\/produit\/herbe-locale-moroccan-sunset-hash-4-gr\/#breadcrumb\"},\"inLanguage\":\"fr-FR\",\"potentialAction\":[{\"@type\":\"ReadAction\",\"target\":[\"https:\/\/www.tabakversand.ch\/fr\/produit\/herbe-locale-moroccan-sunset-hash-4-gr\/\"]}]},{\"@type\":\"ImageObject\",\"inLanguage\":\"fr-FR\",\"@id\":\"https:\/\/www.tabakversand.ch\/fr\/produit\/herbe-locale-moroccan-sunset-hash-4-gr\/#primaryimage\",\"url\":\"https:\/\/www.tabakversand.ch\/wp-content\/uploads\/2025\/09\/local-weed-moroccan-sunset-hash.jpg\",\"contentUrl\":\"https:\/\/www.tabakversand.ch\/wp-content\/uploads\/2025\/09\/local-weed-moroccan-sunset-hash.jpg\",\"width\":500,\"height\":500,\"caption\":\"Herbe locale Moroccan Sunset Hash 4 gr. | tabakversand.ch\"},{\"@type\":\"BreadcrumbList\",\"@id\":\"https:\/\/www.tabakversand.ch\/fr\/produit\/herbe-locale-moroccan-sunset-hash-4-gr\/#breadcrumb\",\"itemListElement\":[{\"@type\":\"ListItem\",\"position\":1,\"name\":\"Startseite\",\"item\":\"https:\/\/www.tabakversand.ch\/\"},{\"@type\":\"ListItem\",\"position\":2,\"name\":\"Boutique\",\"item\":\"https:\/\/www.tabakversand.ch\/fr\/boutique\/\"},{\"@type\":\"ListItem\",\"position\":3,\"name\":\"Herbe locale Moroccan Sunset Hash 4 gr.\"}]},{\"@type\":\"WebSite\",\"@id\":\"https:\/\/www.tabakversand.ch\/#website\",\"url\":\"https:\/\/www.tabakversand.ch\/\",\"name\":\"Tabakversand.ch | Alles aus der Welt des Tabaks\",\"description\":\"Smoke and carpe diem\",\"potentialAction\":[{\"@type\":\"SearchAction\",\"target\":{\"@type\":\"EntryPoint\",\"urlTemplate\":\"https:\/\/www.tabakversand.ch\/?s={search_term_string}\"},\"query-input\":{\"@type\":\"PropertyValueSpecification\",\"valueRequired\":true,\"valueName\":\"search_term_string\"}}],\"inLanguage\":\"fr-FR\"}]}<\/script>\n<!-- \/ Yoast SEO plugin. -->","yoast_head_json":{"title":"Herbe locale Moroccan Sunset Hash 4 gr. - Tabakversand.ch | Alles aus der Welt des Tabaks","description":"Cannabis local Moroccan Sunset Hash 4 gr. | Large choix de tabac, cigarettes \u00e9lectroniques et accessoires pour fumeurs dans toute la Suisse | Cartes accept\u00e9es !","robots":{"index":"index","follow":"follow","max-snippet":"max-snippet:-1","max-image-preview":"max-image-preview:large","max-video-preview":"max-video-preview:-1"},"canonical":"https:\/\/www.tabakversand.ch\/fr\/produit\/herbe-locale-moroccan-sunset-hash-4-gr\/","og_locale":"fr_FR","og_type":"article","og_title":"Herbe locale Moroccan Sunset Hash 4 gr. - Tabakversand.ch | Alles aus der Welt des Tabaks","og_description":"Cannabis local Moroccan Sunset Hash 4 gr. | Large choix de tabac, cigarettes \u00e9lectroniques et accessoires pour fumeurs dans toute la Suisse | Cartes accept\u00e9es !","og_url":"https:\/\/www.tabakversand.ch\/fr\/produit\/herbe-locale-moroccan-sunset-hash-4-gr\/","og_site_name":"Tabakversand.ch | Alles aus der Welt des Tabaks","article_modified_time":"2025-09-11T11:29:32+00:00","og_image":[{"width":500,"height":500,"url":"http:\/\/www.tabakversand.ch\/wp-content\/uploads\/2025\/09\/local-weed-moroccan-sunset-hash.jpg","type":"image\/jpeg"}],"twitter_card":"summary_large_image","twitter_misc":{"Dur\u00e9e de lecture estim\u00e9e":"2 minutes"},"schema":{"@context":"https:\/\/schema.org","@graph":[{"@type":"WebPage","@id":"https:\/\/www.tabakversand.ch\/fr\/produit\/herbe-locale-moroccan-sunset-hash-4-gr\/","url":"https:\/\/www.tabakversand.ch\/fr\/produit\/herbe-locale-moroccan-sunset-hash-4-gr\/","name":"Herbe locale Moroccan Sunset Hash 4 gr. - Tabakversand.ch | Alles aus der Welt des Tabaks","isPartOf":{"@id":"https:\/\/www.tabakversand.ch\/#website"},"primaryImageOfPage":{"@id":"https:\/\/www.tabakversand.ch\/fr\/produit\/herbe-locale-moroccan-sunset-hash-4-gr\/#primaryimage"},"image":{"@id":"https:\/\/www.tabakversand.ch\/fr\/produit\/herbe-locale-moroccan-sunset-hash-4-gr\/#primaryimage"},"thumbnailUrl":"https:\/\/www.tabakversand.ch\/wp-content\/uploads\/2025\/09\/local-weed-moroccan-sunset-hash.jpg","datePublished":"2025-09-11T11:21:26+00:00","dateModified":"2025-09-11T11:29:32+00:00","description":"Cannabis local Moroccan Sunset Hash 4 gr. | Large choix de tabac, cigarettes \u00e9lectroniques et accessoires pour fumeurs dans toute la Suisse | Cartes accept\u00e9es !","breadcrumb":{"@id":"https:\/\/www.tabakversand.ch\/fr\/produit\/herbe-locale-moroccan-sunset-hash-4-gr\/#breadcrumb"},"inLanguage":"fr-FR","potentialAction":[{"@type":"ReadAction","target":["https:\/\/www.tabakversand.ch\/fr\/produit\/herbe-locale-moroccan-sunset-hash-4-gr\/"]}]},{"@type":"ImageObject","inLanguage":"fr-FR","@id":"https:\/\/www.tabakversand.ch\/fr\/produit\/herbe-locale-moroccan-sunset-hash-4-gr\/#primaryimage","url":"https:\/\/www.tabakversand.ch\/wp-content\/uploads\/2025\/09\/local-weed-moroccan-sunset-hash.jpg","contentUrl":"https:\/\/www.tabakversand.ch\/wp-content\/uploads\/2025\/09\/local-weed-moroccan-sunset-hash.jpg","width":500,"height":500,"caption":"Herbe locale Moroccan Sunset Hash 4 gr. | tabakversand.ch"},{"@type":"BreadcrumbList","@id":"https:\/\/www.tabakversand.ch\/fr\/produit\/herbe-locale-moroccan-sunset-hash-4-gr\/#breadcrumb","itemListElement":[{"@type":"ListItem","position":1,"name":"Startseite","item":"https:\/\/www.tabakversand.ch\/"},{"@type":"ListItem","position":2,"name":"Boutique","item":"https:\/\/www.tabakversand.ch\/fr\/boutique\/"},{"@type":"ListItem","position":3,"name":"Herbe locale Moroccan Sunset Hash 4 gr."}]},{"@type":"WebSite","@id":"https:\/\/www.tabakversand.ch\/#website","url":"https:\/\/www.tabakversand.ch\/","name":"Tabakversand.ch | Alles aus der Welt des Tabaks","description":"Smoke and carpe diem","potentialAction":[{"@type":"SearchAction","target":{"@type":"EntryPoint","urlTemplate":"https:\/\/www.tabakversand.ch\/?s={search_term_string}"},"query-input":{"@type":"PropertyValueSpecification","valueRequired":true,"valueName":"search_term_string"}}],"inLanguage":"fr-FR"}]}},"_links":{"self":[{"href":"https:\/\/www.tabakversand.ch\/fr\/wp-json\/wp\/v2\/product\/199046","targetHints":{"allow":["GET"]}}],"collection":[{"href":"https:\/\/www.tabakversand.ch\/fr\/wp-json\/wp\/v2\/product"}],"about":[{"href":"https:\/\/www.tabakversand.ch\/fr\/wp-json\/wp\/v2\/types\/product"}],"version-history":[{"count":3,"href":"https:\/\/www.tabakversand.ch\/fr\/wp-json\/wp\/v2\/product\/199046\/revisions"}],"predecessor-version":[{"id":199060,"href":"https:\/\/www.tabakversand.ch\/fr\/wp-json\/wp\/v2\/product\/199046\/revisions\/199060"}],"wp:featuredmedia":[{"embeddable":true,"href":"https:\/\/www.tabakversand.ch\/fr\/wp-json\/wp\/v2\/media\/199050"}],"wp:attachment":[{"href":"https:\/\/www.tabakversand.ch\/fr\/wp-json\/wp\/v2\/media?parent=199046"}],"wp:term":[{"taxonomy":"product_brand","embeddable":true,"href":"https:\/\/www.tabakversand.ch\/fr\/wp-json\/wp\/v2\/product_brand?post=199046"},{"taxonomy":"product_cat","embeddable":true,"href":"https:\/\/www.tabakversand.ch\/fr\/wp-json\/wp\/v2\/product_cat?post=199046"},{"taxonomy":"product_tag","embeddable":true,"href":"https:\/\/www.tabakversand.ch\/fr\/wp-json\/wp\/v2\/product_tag?post=199046"}],"curies":[{"name":"wp","href":"https:\/\/api.w.org\/{rel}","templated":true}]}}