{"id":199065,"date":"2025-09-11T13:30:43","date_gmt":"2025-09-11T11:30:43","guid":{"rendered":"https:\/\/www.tabakversand.ch\/?post_type=product&#038;p=199065"},"modified":"2025-09-11T13:39:29","modified_gmt":"2025-09-11T11:39:29","slug":"hash-gang-rouge-libanais-42-gr","status":"publish","type":"product","link":"https:\/\/www.tabakversand.ch\/fr\/produit\/hash-gang-rouge-libanais-42-gr\/","title":{"rendered":"Hash Gang Rouge Libanais 4,2 gr."},"content":{"rendered":"<p>Hash Gang Rouge Libanais 4,2 gr.<\/p>\n<p>Le Red Lebanese est l&rsquo;une des vari\u00e9t\u00e9s de haschisch libanais les plus c\u00e9l\u00e8bres, connue pour sa couleur rouge\u00e2tre \u00e0 l&rsquo;int\u00e9rieur. Son ar\u00f4me vous captivera d\u00e8s l&rsquo;ouverture du sachet. Mais c&rsquo;est seulement en bouche que vous pourrez pleinement l&rsquo;appr\u00e9cier, car il est tr\u00e8s agr\u00e9able \u00e0 fumer et tr\u00e8s similaire \u00e0 son cousin THC. Un excellent choix qui plaira aux amateurs comme aux connaisseurs.<\/p>\n<ul>\n<li>THC:&lt; 1%<\/li>\n<li>CBD :&lt; 40%<\/li>\n<\/ul>\n<p>Tous les prix s&rsquo;appliquent uniquement aux commandes en ligne et incluent la TVA. Sous r\u00e9serve de modifications sans pr\u00e9avis, frais de livraison en sus. Sous r\u00e9serve d&rsquo;erreurs, de modifications de contenu de livraison et de conception, de fautes d&rsquo;impression et de modifications de prix. Les prix barr\u00e9s sont des prix de remplacement. Les illustrations peuvent diff\u00e9rer de l&rsquo;original\/du contenu de livraison.<br \/>\n*Livraison gratuite pour les commandes sup\u00e9rieures \u00e0 CHF 250.-<\/p>\n","protected":false},"excerpt":{"rendered":"<p>Hash Gang Rouge Libanais 4,2 gr. Le Red Lebanese est l&rsquo;une des vari\u00e9t\u00e9s de haschisch libanais les plus c\u00e9l\u00e8bres, connue pour sa couleur rouge\u00e2tre \u00e0 l&rsquo;int\u00e9rieur. Son ar\u00f4me vous captivera d\u00e8s l&rsquo;ouverture du sachet. Mais c&rsquo;est seulement en bouche que vous pourrez pleinement l&rsquo;appr\u00e9cier, car il est tr\u00e8s agr\u00e9able \u00e0 fumer et tr\u00e8s similaire \u00e0 [&hellip;]<\/p>\n","protected":false},"featured_media":199069,"template":"","meta":[],"product_brand":[],"product_cat":[3219,2101,1995],"product_tag":[],"class_list":{"0":"post-199065","1":"product","2":"type-product","3":"status-publish","4":"has-post-thumbnail","6":"product_cat-boutique-de-tete","7":"product_cat-chanvre-cbd","8":"product_cat-divers-headshop","10":"first","11":"onbackorder","12":"purchasable","13":"product-type-simple"},"yoast_head":"<!-- This site is optimized with the Yoast SEO plugin v27.0 - https:\/\/yoast.com\/product\/yoast-seo-wordpress\/ -->\n<title>Hash Gang Rouge Libanais 4,2 gr. - Tabakversand.ch | Alles aus der Welt des Tabaks<\/title>\n<meta name=\"description\" content=\"Hash Gang Red Lebanese 4,2 gr. | Un grand choix de produits du tabac, de cigarettes \u00e9lectroniques et d&#039;accessoires pour fumeurs dans toute la Suisse | Cartes accept\u00e9es !\" \/>\n<meta name=\"robots\" content=\"index, follow, max-snippet:-1, max-image-preview:large, max-video-preview:-1\" \/>\n<link rel=\"canonical\" href=\"https:\/\/www.tabakversand.ch\/fr\/produit\/hash-gang-rouge-libanais-42-gr\/\" \/>\n<meta property=\"og:locale\" content=\"fr_FR\" \/>\n<meta property=\"og:type\" content=\"article\" \/>\n<meta property=\"og:title\" content=\"Hash Gang Rouge Libanais 4,2 gr. - Tabakversand.ch | Alles aus der Welt des Tabaks\" \/>\n<meta property=\"og:description\" content=\"Hash Gang Red Lebanese 4,2 gr. | Un grand choix de produits du tabac, de cigarettes \u00e9lectroniques et d&#039;accessoires pour fumeurs dans toute la Suisse | Cartes accept\u00e9es !\" \/>\n<meta property=\"og:url\" content=\"https:\/\/www.tabakversand.ch\/fr\/produit\/hash-gang-rouge-libanais-42-gr\/\" \/>\n<meta property=\"og:site_name\" content=\"Tabakversand.ch | Alles aus der Welt des Tabaks\" \/>\n<meta property=\"article:modified_time\" content=\"2025-09-11T11:39:29+00:00\" \/>\n<meta property=\"og:image\" content=\"http:\/\/www.tabakversand.ch\/wp-content\/uploads\/2025\/09\/hg-red-lebanese.jpg\" \/>\n\t<meta property=\"og:image:width\" content=\"500\" \/>\n\t<meta property=\"og:image:height\" content=\"500\" \/>\n\t<meta property=\"og:image:type\" content=\"image\/jpeg\" \/>\n<meta name=\"twitter:card\" content=\"summary_large_image\" \/>\n<meta name=\"twitter:label1\" content=\"Dur\u00e9e de lecture estim\u00e9e\" \/>\n\t<meta name=\"twitter:data1\" content=\"1 minute\" \/>\n<script type=\"application\/ld+json\" class=\"yoast-schema-graph\">{\"@context\":\"https:\/\/schema.org\",\"@graph\":[{\"@type\":\"WebPage\",\"@id\":\"https:\/\/www.tabakversand.ch\/fr\/produit\/hash-gang-rouge-libanais-42-gr\/\",\"url\":\"https:\/\/www.tabakversand.ch\/fr\/produit\/hash-gang-rouge-libanais-42-gr\/\",\"name\":\"Hash Gang Rouge Libanais 4,2 gr. - Tabakversand.ch | Alles aus der Welt des Tabaks\",\"isPartOf\":{\"@id\":\"https:\/\/www.tabakversand.ch\/#website\"},\"primaryImageOfPage\":{\"@id\":\"https:\/\/www.tabakversand.ch\/fr\/produit\/hash-gang-rouge-libanais-42-gr\/#primaryimage\"},\"image\":{\"@id\":\"https:\/\/www.tabakversand.ch\/fr\/produit\/hash-gang-rouge-libanais-42-gr\/#primaryimage\"},\"thumbnailUrl\":\"https:\/\/www.tabakversand.ch\/wp-content\/uploads\/2025\/09\/hg-red-lebanese.jpg\",\"datePublished\":\"2025-09-11T11:30:43+00:00\",\"dateModified\":\"2025-09-11T11:39:29+00:00\",\"description\":\"Hash Gang Red Lebanese 4,2 gr. | Un grand choix de produits du tabac, de cigarettes \u00e9lectroniques et d'accessoires pour fumeurs dans toute la Suisse | Cartes accept\u00e9es !\",\"breadcrumb\":{\"@id\":\"https:\/\/www.tabakversand.ch\/fr\/produit\/hash-gang-rouge-libanais-42-gr\/#breadcrumb\"},\"inLanguage\":\"fr-FR\",\"potentialAction\":[{\"@type\":\"ReadAction\",\"target\":[\"https:\/\/www.tabakversand.ch\/fr\/produit\/hash-gang-rouge-libanais-42-gr\/\"]}]},{\"@type\":\"ImageObject\",\"inLanguage\":\"fr-FR\",\"@id\":\"https:\/\/www.tabakversand.ch\/fr\/produit\/hash-gang-rouge-libanais-42-gr\/#primaryimage\",\"url\":\"https:\/\/www.tabakversand.ch\/wp-content\/uploads\/2025\/09\/hg-red-lebanese.jpg\",\"contentUrl\":\"https:\/\/www.tabakversand.ch\/wp-content\/uploads\/2025\/09\/hg-red-lebanese.jpg\",\"width\":500,\"height\":500,\"caption\":\"Hash Gang Rouge Libanais 4,2 gr. | tabakversand.ch\"},{\"@type\":\"BreadcrumbList\",\"@id\":\"https:\/\/www.tabakversand.ch\/fr\/produit\/hash-gang-rouge-libanais-42-gr\/#breadcrumb\",\"itemListElement\":[{\"@type\":\"ListItem\",\"position\":1,\"name\":\"Startseite\",\"item\":\"https:\/\/www.tabakversand.ch\/\"},{\"@type\":\"ListItem\",\"position\":2,\"name\":\"Boutique\",\"item\":\"https:\/\/www.tabakversand.ch\/fr\/boutique\/\"},{\"@type\":\"ListItem\",\"position\":3,\"name\":\"Hash Gang Rouge Libanais 4,2 gr.\"}]},{\"@type\":\"WebSite\",\"@id\":\"https:\/\/www.tabakversand.ch\/#website\",\"url\":\"https:\/\/www.tabakversand.ch\/\",\"name\":\"Tabakversand.ch | Alles aus der Welt des Tabaks\",\"description\":\"Smoke and carpe diem\",\"potentialAction\":[{\"@type\":\"SearchAction\",\"target\":{\"@type\":\"EntryPoint\",\"urlTemplate\":\"https:\/\/www.tabakversand.ch\/?s={search_term_string}\"},\"query-input\":{\"@type\":\"PropertyValueSpecification\",\"valueRequired\":true,\"valueName\":\"search_term_string\"}}],\"inLanguage\":\"fr-FR\"}]}<\/script>\n<!-- \/ Yoast SEO plugin. -->","yoast_head_json":{"title":"Hash Gang Rouge Libanais 4,2 gr. - Tabakversand.ch | Alles aus der Welt des Tabaks","description":"Hash Gang Red Lebanese 4,2 gr. | Un grand choix de produits du tabac, de cigarettes \u00e9lectroniques et d'accessoires pour fumeurs dans toute la Suisse | Cartes accept\u00e9es !","robots":{"index":"index","follow":"follow","max-snippet":"max-snippet:-1","max-image-preview":"max-image-preview:large","max-video-preview":"max-video-preview:-1"},"canonical":"https:\/\/www.tabakversand.ch\/fr\/produit\/hash-gang-rouge-libanais-42-gr\/","og_locale":"fr_FR","og_type":"article","og_title":"Hash Gang Rouge Libanais 4,2 gr. - Tabakversand.ch | Alles aus der Welt des Tabaks","og_description":"Hash Gang Red Lebanese 4,2 gr. | Un grand choix de produits du tabac, de cigarettes \u00e9lectroniques et d'accessoires pour fumeurs dans toute la Suisse | Cartes accept\u00e9es !","og_url":"https:\/\/www.tabakversand.ch\/fr\/produit\/hash-gang-rouge-libanais-42-gr\/","og_site_name":"Tabakversand.ch | Alles aus der Welt des Tabaks","article_modified_time":"2025-09-11T11:39:29+00:00","og_image":[{"width":500,"height":500,"url":"http:\/\/www.tabakversand.ch\/wp-content\/uploads\/2025\/09\/hg-red-lebanese.jpg","type":"image\/jpeg"}],"twitter_card":"summary_large_image","twitter_misc":{"Dur\u00e9e de lecture estim\u00e9e":"1 minute"},"schema":{"@context":"https:\/\/schema.org","@graph":[{"@type":"WebPage","@id":"https:\/\/www.tabakversand.ch\/fr\/produit\/hash-gang-rouge-libanais-42-gr\/","url":"https:\/\/www.tabakversand.ch\/fr\/produit\/hash-gang-rouge-libanais-42-gr\/","name":"Hash Gang Rouge Libanais 4,2 gr. - Tabakversand.ch | Alles aus der Welt des Tabaks","isPartOf":{"@id":"https:\/\/www.tabakversand.ch\/#website"},"primaryImageOfPage":{"@id":"https:\/\/www.tabakversand.ch\/fr\/produit\/hash-gang-rouge-libanais-42-gr\/#primaryimage"},"image":{"@id":"https:\/\/www.tabakversand.ch\/fr\/produit\/hash-gang-rouge-libanais-42-gr\/#primaryimage"},"thumbnailUrl":"https:\/\/www.tabakversand.ch\/wp-content\/uploads\/2025\/09\/hg-red-lebanese.jpg","datePublished":"2025-09-11T11:30:43+00:00","dateModified":"2025-09-11T11:39:29+00:00","description":"Hash Gang Red Lebanese 4,2 gr. | Un grand choix de produits du tabac, de cigarettes \u00e9lectroniques et d'accessoires pour fumeurs dans toute la Suisse | Cartes accept\u00e9es !","breadcrumb":{"@id":"https:\/\/www.tabakversand.ch\/fr\/produit\/hash-gang-rouge-libanais-42-gr\/#breadcrumb"},"inLanguage":"fr-FR","potentialAction":[{"@type":"ReadAction","target":["https:\/\/www.tabakversand.ch\/fr\/produit\/hash-gang-rouge-libanais-42-gr\/"]}]},{"@type":"ImageObject","inLanguage":"fr-FR","@id":"https:\/\/www.tabakversand.ch\/fr\/produit\/hash-gang-rouge-libanais-42-gr\/#primaryimage","url":"https:\/\/www.tabakversand.ch\/wp-content\/uploads\/2025\/09\/hg-red-lebanese.jpg","contentUrl":"https:\/\/www.tabakversand.ch\/wp-content\/uploads\/2025\/09\/hg-red-lebanese.jpg","width":500,"height":500,"caption":"Hash Gang Rouge Libanais 4,2 gr. | tabakversand.ch"},{"@type":"BreadcrumbList","@id":"https:\/\/www.tabakversand.ch\/fr\/produit\/hash-gang-rouge-libanais-42-gr\/#breadcrumb","itemListElement":[{"@type":"ListItem","position":1,"name":"Startseite","item":"https:\/\/www.tabakversand.ch\/"},{"@type":"ListItem","position":2,"name":"Boutique","item":"https:\/\/www.tabakversand.ch\/fr\/boutique\/"},{"@type":"ListItem","position":3,"name":"Hash Gang Rouge Libanais 4,2 gr."}]},{"@type":"WebSite","@id":"https:\/\/www.tabakversand.ch\/#website","url":"https:\/\/www.tabakversand.ch\/","name":"Tabakversand.ch | Alles aus der Welt des Tabaks","description":"Smoke and carpe diem","potentialAction":[{"@type":"SearchAction","target":{"@type":"EntryPoint","urlTemplate":"https:\/\/www.tabakversand.ch\/?s={search_term_string}"},"query-input":{"@type":"PropertyValueSpecification","valueRequired":true,"valueName":"search_term_string"}}],"inLanguage":"fr-FR"}]}},"_links":{"self":[{"href":"https:\/\/www.tabakversand.ch\/fr\/wp-json\/wp\/v2\/product\/199065","targetHints":{"allow":["GET"]}}],"collection":[{"href":"https:\/\/www.tabakversand.ch\/fr\/wp-json\/wp\/v2\/product"}],"about":[{"href":"https:\/\/www.tabakversand.ch\/fr\/wp-json\/wp\/v2\/types\/product"}],"version-history":[{"count":3,"href":"https:\/\/www.tabakversand.ch\/fr\/wp-json\/wp\/v2\/product\/199065\/revisions"}],"predecessor-version":[{"id":199087,"href":"https:\/\/www.tabakversand.ch\/fr\/wp-json\/wp\/v2\/product\/199065\/revisions\/199087"}],"wp:featuredmedia":[{"embeddable":true,"href":"https:\/\/www.tabakversand.ch\/fr\/wp-json\/wp\/v2\/media\/199069"}],"wp:attachment":[{"href":"https:\/\/www.tabakversand.ch\/fr\/wp-json\/wp\/v2\/media?parent=199065"}],"wp:term":[{"taxonomy":"product_brand","embeddable":true,"href":"https:\/\/www.tabakversand.ch\/fr\/wp-json\/wp\/v2\/product_brand?post=199065"},{"taxonomy":"product_cat","embeddable":true,"href":"https:\/\/www.tabakversand.ch\/fr\/wp-json\/wp\/v2\/product_cat?post=199065"},{"taxonomy":"product_tag","embeddable":true,"href":"https:\/\/www.tabakversand.ch\/fr\/wp-json\/wp\/v2\/product_tag?post=199065"}],"curies":[{"name":"wp","href":"https:\/\/api.w.org\/{rel}","templated":true}]}}