{"id":199660,"date":"2025-09-15T11:14:43","date_gmt":"2025-09-15T09:14:43","guid":{"rendered":"https:\/\/www.tabakversand.ch\/?post_type=product&#038;p=199660"},"modified":"2026-03-05T09:56:34","modified_gmt":"2026-03-05T08:56:34","slug":"embout-buccal-hygienique-amy","status":"publish","type":"product","link":"https:\/\/www.tabakversand.ch\/fr\/produit\/embout-buccal-hygienique-amy\/","title":{"rendered":"Embout buccal hygi\u00e9nique Amy"},"content":{"rendered":"<h2 style=\"text-align: left;\">Embout buccal hygi\u00e9nique Amy<\/h2>\n<p>Les embouts hygi\u00e9niques AMY Deluxe s&rsquo;adaptent \u00e0 de nombreux embouts courants.<br \/>\nIls mesurent environ 6 cm de long et sont de forme conique.<\/p>\n<p>La partie la plus \u00e9troite mesure environ 8 mm et la partie la plus large environ 12 mm.<\/p>\n<p>&nbsp;<\/p>\n<p>Chez tabakversand.ch, vos embouts hygi\u00e9niques AMY Deluxe vous sont livr\u00e9s dans leur emballage d&rsquo;origine, soigneusement conserv\u00e9s. Ce stockage rigoureux garantit une qualit\u00e9 optimale jusqu&rsquo;\u00e0 l&rsquo;exp\u00e9dition. Gr\u00e2ce \u00e0 une livraison rapide en Suisse, vos embouts hygi\u00e9niques vous parviennent g\u00e9n\u00e9ralement sous peu.  <\/p>\n<p>Pour plus d&rsquo;informations sur les narguil\u00e9s\/pipes \u00e0 eau, veuillez consulter l&rsquo;article Wikip\u00e9dia correspondant&nbsp;: <a href=\"https:\/\/de.wikipedia.org\/wiki\/Shisha\">cliquez ici<\/a> . Si vous avez des questions concernant le produit, n&rsquo;h\u00e9sitez pas \u00e0 nous contacter&nbsp;: <a href=\"https:\/\/www.tabakversand.ch\/kontakt\/\">cliquez ici<\/a> . <\/p>\n<p>Tous les prix s&rsquo;appliquent uniquement aux commandes en ligne et incluent la TVA. Sous r\u00e9serve de modifications sans pr\u00e9avis, frais de livraison en sus. Sous r\u00e9serve d&rsquo;erreurs, de modifications de contenu de livraison et de conception, de fautes d&rsquo;impression et de modifications de prix. Les prix barr\u00e9s sont des prix de remplacement. Les illustrations peuvent diff\u00e9rer de l&rsquo;original\/du contenu de livraison.<br \/>\n*Livraison gratuite pour les commandes sup\u00e9rieures \u00e0 CHF 250.-.<\/p>\n","protected":false},"excerpt":{"rendered":"<p>Embout buccal hygi\u00e9nique Amy Les embouts hygi\u00e9niques AMY Deluxe s&rsquo;adaptent \u00e0 de nombreux embouts courants. Ils mesurent environ 6 cm de long et sont de forme conique. La partie la plus \u00e9troite mesure environ 8 mm et la partie la plus large environ 12 mm. &nbsp; Chez tabakversand.ch, vos embouts hygi\u00e9niques AMY Deluxe vous sont [&hellip;]<\/p>\n","protected":false},"featured_media":199664,"template":"","meta":[],"product_brand":[2862],"product_cat":[2106,4537,1891],"product_tag":[],"class_list":{"0":"post-199660","1":"product","2":"type-product","3":"status-publish","4":"has-post-thumbnail","6":"product_brand-amy-delux","7":"product_cat-accessoires-shisha","8":"product_cat-embout-buccal-hygienique","9":"product_cat-narguile","10":"pa_farbe-blanc","11":"pa_farbe-bleu","12":"pa_farbe-jaune","13":"pa_farbe-orange-fr","14":"pa_farbe-rose-fr","15":"pa_farbe-rose","16":"pa_farbe-vert","18":"first","19":"instock","20":"purchasable","21":"product-type-variable"},"yoast_head":"<!-- This site is optimized with the Yoast SEO plugin v27.0 - https:\/\/yoast.com\/product\/yoast-seo-wordpress\/ -->\n<title>-<\/title>\n<meta name=\"description\" content=\"Achetez l&#039;embout buccal hygi\u00e9nique Amy Deluxe pour votre narguil\u00e9\u00a0: hygi\u00e9nique, r\u00e9utilisable et compatible avec tous les narguil\u00e9s Amy Deluxe. Commandez en ligne d\u00e8s maintenant\u00a0!\" \/>\n<meta name=\"robots\" content=\"index, follow, max-snippet:-1, max-image-preview:large, max-video-preview:-1\" \/>\n<link rel=\"canonical\" href=\"https:\/\/www.tabakversand.ch\/fr\/produit\/embout-buccal-hygienique-amy\/\" \/>\n<meta property=\"og:locale\" content=\"fr_FR\" \/>\n<meta property=\"og:type\" content=\"article\" \/>\n<meta property=\"og:title\" content=\"-\" \/>\n<meta property=\"og:description\" content=\"Achetez l&#039;embout buccal hygi\u00e9nique Amy Deluxe pour votre narguil\u00e9\u00a0: hygi\u00e9nique, r\u00e9utilisable et compatible avec tous les narguil\u00e9s Amy Deluxe. Commandez en ligne d\u00e8s maintenant\u00a0!\" \/>\n<meta property=\"og:url\" content=\"https:\/\/www.tabakversand.ch\/fr\/produit\/embout-buccal-hygienique-amy\/\" \/>\n<meta property=\"og:site_name\" content=\"Tabakversand.ch | Alles aus der Welt des Tabaks\" \/>\n<meta property=\"article:modified_time\" content=\"2026-03-05T08:56:34+00:00\" \/>\n<meta property=\"og:image\" content=\"https:\/\/www.tabakversand.ch\/wp-content\/uploads\/2025\/09\/amy-hygiene-mundstueck-all.jpg\" \/>\n\t<meta property=\"og:image:width\" content=\"500\" \/>\n\t<meta property=\"og:image:height\" content=\"500\" \/>\n\t<meta property=\"og:image:type\" content=\"image\/jpeg\" \/>\n<meta name=\"twitter:card\" content=\"summary_large_image\" \/>\n<meta name=\"twitter:label1\" content=\"Dur\u00e9e de lecture estim\u00e9e\" \/>\n\t<meta name=\"twitter:data1\" content=\"1 minute\" \/>\n<script type=\"application\/ld+json\" class=\"yoast-schema-graph\">{\"@context\":\"https:\/\/schema.org\",\"@graph\":[{\"@type\":\"WebPage\",\"@id\":\"https:\/\/www.tabakversand.ch\/fr\/produit\/embout-buccal-hygienique-amy\/\",\"url\":\"https:\/\/www.tabakversand.ch\/fr\/produit\/embout-buccal-hygienique-amy\/\",\"name\":\"-\",\"isPartOf\":{\"@id\":\"https:\/\/www.tabakversand.ch\/#website\"},\"primaryImageOfPage\":{\"@id\":\"https:\/\/www.tabakversand.ch\/fr\/produit\/embout-buccal-hygienique-amy\/#primaryimage\"},\"image\":{\"@id\":\"https:\/\/www.tabakversand.ch\/fr\/produit\/embout-buccal-hygienique-amy\/#primaryimage\"},\"thumbnailUrl\":\"https:\/\/www.tabakversand.ch\/wp-content\/uploads\/2025\/09\/amy-hygiene-mundstueck-all.jpg\",\"datePublished\":\"2025-09-15T09:14:43+00:00\",\"dateModified\":\"2026-03-05T08:56:34+00:00\",\"description\":\"Achetez l'embout buccal hygi\u00e9nique Amy Deluxe pour votre narguil\u00e9\u00a0: hygi\u00e9nique, r\u00e9utilisable et compatible avec tous les narguil\u00e9s Amy Deluxe. Commandez en ligne d\u00e8s maintenant\u00a0!\",\"breadcrumb\":{\"@id\":\"https:\/\/www.tabakversand.ch\/fr\/produit\/embout-buccal-hygienique-amy\/#breadcrumb\"},\"inLanguage\":\"fr-FR\",\"potentialAction\":[{\"@type\":\"ReadAction\",\"target\":[\"https:\/\/www.tabakversand.ch\/fr\/produit\/embout-buccal-hygienique-amy\/\"]}]},{\"@type\":\"ImageObject\",\"inLanguage\":\"fr-FR\",\"@id\":\"https:\/\/www.tabakversand.ch\/fr\/produit\/embout-buccal-hygienique-amy\/#primaryimage\",\"url\":\"https:\/\/www.tabakversand.ch\/wp-content\/uploads\/2025\/09\/amy-hygiene-mundstueck-all.jpg\",\"contentUrl\":\"https:\/\/www.tabakversand.ch\/wp-content\/uploads\/2025\/09\/amy-hygiene-mundstueck-all.jpg\",\"width\":500,\"height\":500,\"caption\":\"Embout buccal hygi\u00e9nique Amy | tabakversand.ch\"},{\"@type\":\"BreadcrumbList\",\"@id\":\"https:\/\/www.tabakversand.ch\/fr\/produit\/embout-buccal-hygienique-amy\/#breadcrumb\",\"itemListElement\":[{\"@type\":\"ListItem\",\"position\":1,\"name\":\"Startseite\",\"item\":\"https:\/\/www.tabakversand.ch\/\"},{\"@type\":\"ListItem\",\"position\":2,\"name\":\"Boutique\",\"item\":\"https:\/\/www.tabakversand.ch\/fr\/boutique\/\"},{\"@type\":\"ListItem\",\"position\":3,\"name\":\"Embout buccal hygi\u00e9nique Amy\"}]},{\"@type\":\"WebSite\",\"@id\":\"https:\/\/www.tabakversand.ch\/#website\",\"url\":\"https:\/\/www.tabakversand.ch\/\",\"name\":\"Tabakversand.ch | Alles aus der Welt des Tabaks\",\"description\":\"Smoke and carpe diem\",\"potentialAction\":[{\"@type\":\"SearchAction\",\"target\":{\"@type\":\"EntryPoint\",\"urlTemplate\":\"https:\/\/www.tabakversand.ch\/?s={search_term_string}\"},\"query-input\":{\"@type\":\"PropertyValueSpecification\",\"valueRequired\":true,\"valueName\":\"search_term_string\"}}],\"inLanguage\":\"fr-FR\"}]}<\/script>\n<!-- \/ Yoast SEO plugin. -->","yoast_head_json":{"title":"-","description":"Achetez l'embout buccal hygi\u00e9nique Amy Deluxe pour votre narguil\u00e9\u00a0: hygi\u00e9nique, r\u00e9utilisable et compatible avec tous les narguil\u00e9s Amy Deluxe. Commandez en ligne d\u00e8s maintenant\u00a0!","robots":{"index":"index","follow":"follow","max-snippet":"max-snippet:-1","max-image-preview":"max-image-preview:large","max-video-preview":"max-video-preview:-1"},"canonical":"https:\/\/www.tabakversand.ch\/fr\/produit\/embout-buccal-hygienique-amy\/","og_locale":"fr_FR","og_type":"article","og_title":"-","og_description":"Achetez l'embout buccal hygi\u00e9nique Amy Deluxe pour votre narguil\u00e9\u00a0: hygi\u00e9nique, r\u00e9utilisable et compatible avec tous les narguil\u00e9s Amy Deluxe. Commandez en ligne d\u00e8s maintenant\u00a0!","og_url":"https:\/\/www.tabakversand.ch\/fr\/produit\/embout-buccal-hygienique-amy\/","og_site_name":"Tabakversand.ch | Alles aus der Welt des Tabaks","article_modified_time":"2026-03-05T08:56:34+00:00","og_image":[{"width":500,"height":500,"url":"https:\/\/www.tabakversand.ch\/wp-content\/uploads\/2025\/09\/amy-hygiene-mundstueck-all.jpg","type":"image\/jpeg"}],"twitter_card":"summary_large_image","twitter_misc":{"Dur\u00e9e de lecture estim\u00e9e":"1 minute"},"schema":{"@context":"https:\/\/schema.org","@graph":[{"@type":"WebPage","@id":"https:\/\/www.tabakversand.ch\/fr\/produit\/embout-buccal-hygienique-amy\/","url":"https:\/\/www.tabakversand.ch\/fr\/produit\/embout-buccal-hygienique-amy\/","name":"-","isPartOf":{"@id":"https:\/\/www.tabakversand.ch\/#website"},"primaryImageOfPage":{"@id":"https:\/\/www.tabakversand.ch\/fr\/produit\/embout-buccal-hygienique-amy\/#primaryimage"},"image":{"@id":"https:\/\/www.tabakversand.ch\/fr\/produit\/embout-buccal-hygienique-amy\/#primaryimage"},"thumbnailUrl":"https:\/\/www.tabakversand.ch\/wp-content\/uploads\/2025\/09\/amy-hygiene-mundstueck-all.jpg","datePublished":"2025-09-15T09:14:43+00:00","dateModified":"2026-03-05T08:56:34+00:00","description":"Achetez l'embout buccal hygi\u00e9nique Amy Deluxe pour votre narguil\u00e9\u00a0: hygi\u00e9nique, r\u00e9utilisable et compatible avec tous les narguil\u00e9s Amy Deluxe. Commandez en ligne d\u00e8s maintenant\u00a0!","breadcrumb":{"@id":"https:\/\/www.tabakversand.ch\/fr\/produit\/embout-buccal-hygienique-amy\/#breadcrumb"},"inLanguage":"fr-FR","potentialAction":[{"@type":"ReadAction","target":["https:\/\/www.tabakversand.ch\/fr\/produit\/embout-buccal-hygienique-amy\/"]}]},{"@type":"ImageObject","inLanguage":"fr-FR","@id":"https:\/\/www.tabakversand.ch\/fr\/produit\/embout-buccal-hygienique-amy\/#primaryimage","url":"https:\/\/www.tabakversand.ch\/wp-content\/uploads\/2025\/09\/amy-hygiene-mundstueck-all.jpg","contentUrl":"https:\/\/www.tabakversand.ch\/wp-content\/uploads\/2025\/09\/amy-hygiene-mundstueck-all.jpg","width":500,"height":500,"caption":"Embout buccal hygi\u00e9nique Amy | tabakversand.ch"},{"@type":"BreadcrumbList","@id":"https:\/\/www.tabakversand.ch\/fr\/produit\/embout-buccal-hygienique-amy\/#breadcrumb","itemListElement":[{"@type":"ListItem","position":1,"name":"Startseite","item":"https:\/\/www.tabakversand.ch\/"},{"@type":"ListItem","position":2,"name":"Boutique","item":"https:\/\/www.tabakversand.ch\/fr\/boutique\/"},{"@type":"ListItem","position":3,"name":"Embout buccal hygi\u00e9nique Amy"}]},{"@type":"WebSite","@id":"https:\/\/www.tabakversand.ch\/#website","url":"https:\/\/www.tabakversand.ch\/","name":"Tabakversand.ch | Alles aus der Welt des Tabaks","description":"Smoke and carpe diem","potentialAction":[{"@type":"SearchAction","target":{"@type":"EntryPoint","urlTemplate":"https:\/\/www.tabakversand.ch\/?s={search_term_string}"},"query-input":{"@type":"PropertyValueSpecification","valueRequired":true,"valueName":"search_term_string"}}],"inLanguage":"fr-FR"}]}},"_links":{"self":[{"href":"https:\/\/www.tabakversand.ch\/fr\/wp-json\/wp\/v2\/product\/199660","targetHints":{"allow":["GET"]}}],"collection":[{"href":"https:\/\/www.tabakversand.ch\/fr\/wp-json\/wp\/v2\/product"}],"about":[{"href":"https:\/\/www.tabakversand.ch\/fr\/wp-json\/wp\/v2\/types\/product"}],"version-history":[{"count":5,"href":"https:\/\/www.tabakversand.ch\/fr\/wp-json\/wp\/v2\/product\/199660\/revisions"}],"predecessor-version":[{"id":214173,"href":"https:\/\/www.tabakversand.ch\/fr\/wp-json\/wp\/v2\/product\/199660\/revisions\/214173"}],"wp:featuredmedia":[{"embeddable":true,"href":"https:\/\/www.tabakversand.ch\/fr\/wp-json\/wp\/v2\/media\/199664"}],"wp:attachment":[{"href":"https:\/\/www.tabakversand.ch\/fr\/wp-json\/wp\/v2\/media?parent=199660"}],"wp:term":[{"taxonomy":"product_brand","embeddable":true,"href":"https:\/\/www.tabakversand.ch\/fr\/wp-json\/wp\/v2\/product_brand?post=199660"},{"taxonomy":"product_cat","embeddable":true,"href":"https:\/\/www.tabakversand.ch\/fr\/wp-json\/wp\/v2\/product_cat?post=199660"},{"taxonomy":"product_tag","embeddable":true,"href":"https:\/\/www.tabakversand.ch\/fr\/wp-json\/wp\/v2\/product_tag?post=199660"}],"curies":[{"name":"wp","href":"https:\/\/api.w.org\/{rel}","templated":true}]}}