{"id":199898,"date":"2025-09-16T15:02:01","date_gmt":"2025-09-16T13:02:01","guid":{"rendered":"https:\/\/www.tabakversand.ch\/?post_type=product&#038;p=199898"},"modified":"2026-03-05T12:51:39","modified_gmt":"2026-03-05T11:51:39","slug":"ensemble-de-tuyaux-en-silicone-noir-155-cm","status":"publish","type":"product","link":"https:\/\/www.tabakversand.ch\/fr\/produit\/ensemble-de-tuyaux-en-silicone-noir-155-cm\/","title":{"rendered":"Ensemble de tuyaux en silicone, noirs"},"content":{"rendered":"<h1 style=\"text-align: left;\">Ensemble de tuyaux<\/h1>\n<p>Ensemble de tuyaux en silicone, noir, 155 cm \u2013 Flexible, durable et parfait pour votre s\u00e9ance<\/p>\n<p>Ce tuyau en silicone noir pour narguil\u00e9 (155 cm) est un accessoire de haute qualit\u00e9 qui allie confort, hygi\u00e8ne et une exp\u00e9rience de fumage agr\u00e9able. Sa souplesse assure un flux d&rsquo;air optimal et vous permet de profiter pleinement de chaque session. <\/p>\n<p>Gr\u00e2ce \u00e0 sa mati\u00e8re en silicone durable et r\u00e9sistante \u00e0 la chaleur, le tuyau est particuli\u00e8rement robuste et facile \u00e0 nettoyer. Contrairement \u00e0 de nombreux tuyaux classiques, le silicone n&rsquo;absorbe pas les odeurs et reste hygi\u00e9nique et sans go\u00fbt m\u00eame en cas d&rsquo;utilisation r\u00e9guli\u00e8re. <\/p>\n<p>D&rsquo;une longueur de 155 cm, ce tuyau offre une grande libert\u00e9 de mouvement tout en assurant un flux d&rsquo;air agr\u00e9able. Son design noir intemporel s&rsquo;harmonise avec la plupart des narguil\u00e9s et conf\u00e8re \u00e0 votre installation une allure moderne. <\/p>\n<p>Vos avantages en un coup d&rsquo;\u0153il&nbsp;:<\/p>\n<ul>\n<li>Tuyau de narguil\u00e9 en silicone de haute qualit\u00e9<\/li>\n<li>155 cm de longueur pour un confort optimal<\/li>\n<li>Souple, durable et r\u00e9sistant \u00e0 la chaleur<\/li>\n<li>Facile \u00e0 nettoyer et hygi\u00e9nique<\/li>\n<li>Insipide pour une exp\u00e9rience de chicha authentique<\/li>\n<li>Design noir moderne compatible avec toutes les chichas<\/li>\n<\/ul>\n<p>&nbsp;<\/p>\n<p>Que ce soit pour un usage quotidien ou des soir\u00e9es d\u00e9tente entre amis, le kit de tuyau \u00e0 chicha en silicone<\/p>\n<p>Chez tabakversand.ch, vous recevrez le tuyau \u00e0 chicha noir de 155 cm, soigneusement conserv\u00e9 dans son emballage d&rsquo;origine. Un stockage rigoureux garantit une qualit\u00e9 optimale jusqu&rsquo;\u00e0 l&rsquo;exp\u00e9dition. Gr\u00e2ce \u00e0 une livraison rapide en Suisse, votre tuyau vous parviendra g\u00e9n\u00e9ralement tr\u00e8s rapidement.  <\/p>\n<p>Pour plus d&rsquo;informations sur les narguil\u00e9s\/pipes \u00e0 eau, veuillez consulter l&rsquo;article Wikip\u00e9dia correspondant&nbsp;: <a href=\"https:\/\/de.wikipedia.org\/wiki\/Shisha\">cliquez ici<\/a> . Si vous avez des questions concernant le produit, n&rsquo;h\u00e9sitez pas \u00e0 nous contacter&nbsp;: <a href=\"https:\/\/www.tabakversand.ch\/kontakt\/\">cliquez ici<\/a> . <\/p>\n<p>Tous les prix s&rsquo;appliquent uniquement aux commandes en ligne et incluent la TVA. Sous r\u00e9serve de modifications sans pr\u00e9avis, frais de livraison en sus. Sous r\u00e9serve d&rsquo;erreurs, de modifications de contenu de livraison et de conception, de fautes d&rsquo;impression et de modifications de prix. Les prix barr\u00e9s sont des prix de remplacement. Les illustrations peuvent diff\u00e9rer de l&rsquo;original\/du contenu de livraison.<br \/>\n*Livraison gratuite pour les commandes sup\u00e9rieures \u00e0 CHF 250.-.<\/p>\n","protected":false},"excerpt":{"rendered":"<p>Ensemble de tuyaux Ensemble de tuyaux en silicone, noir, 155 cm \u2013 Flexible, durable et parfait pour votre s\u00e9ance Ce tuyau en silicone noir pour narguil\u00e9 (155 cm) est un accessoire de haute qualit\u00e9 qui allie confort, hygi\u00e8ne et une exp\u00e9rience de fumage agr\u00e9able. Sa souplesse assure un flux d&rsquo;air optimal et vous permet de [&hellip;]<\/p>\n","protected":false},"featured_media":199902,"template":"","meta":[],"product_brand":[],"product_cat":[2106,1891,3375],"product_tag":[],"class_list":{"0":"post-199898","1":"product","2":"type-product","3":"status-publish","4":"has-post-thumbnail","6":"product_cat-accessoires-shisha","7":"product_cat-narguile","8":"product_cat-tuyau-a-chicha","10":"first","11":"instock","12":"purchasable","13":"product-type-simple"},"yoast_head":"<!-- This site is optimized with the Yoast SEO plugin v27.0 - https:\/\/yoast.com\/product\/yoast-seo-wordpress\/ -->\n<title>Ensemble de tuyaux en silicone, noirs<\/title>\n<meta name=\"description\" content=\"Achetez un tuyau de narguil\u00e9 en silicone noir de 155 cm\u00a0: flexible, r\u00e9sistant et facile \u00e0 nettoyer. Id\u00e9al pour une exp\u00e9rience de fumage intense.\" \/>\n<meta name=\"robots\" content=\"index, follow, max-snippet:-1, max-image-preview:large, max-video-preview:-1\" \/>\n<link rel=\"canonical\" href=\"https:\/\/www.tabakversand.ch\/fr\/produit\/ensemble-de-tuyaux-en-silicone-noir-155-cm\/\" \/>\n<meta property=\"og:locale\" content=\"fr_FR\" \/>\n<meta property=\"og:type\" content=\"article\" \/>\n<meta property=\"og:title\" content=\"Ensemble de tuyaux en silicone, noirs\" \/>\n<meta property=\"og:description\" content=\"Achetez un tuyau de narguil\u00e9 en silicone noir de 155 cm\u00a0: flexible, r\u00e9sistant et facile \u00e0 nettoyer. Id\u00e9al pour une exp\u00e9rience de fumage intense.\" \/>\n<meta property=\"og:url\" content=\"https:\/\/www.tabakversand.ch\/fr\/produit\/ensemble-de-tuyaux-en-silicone-noir-155-cm\/\" \/>\n<meta property=\"og:site_name\" content=\"Tabakversand.ch | Alles aus der Welt des Tabaks\" \/>\n<meta property=\"article:modified_time\" content=\"2026-03-05T11:51:39+00:00\" \/>\n<meta property=\"og:image\" content=\"https:\/\/www.tabakversand.ch\/wp-content\/uploads\/2025\/09\/shishaschlauch-silikon-schwarz.jpg\" \/>\n\t<meta property=\"og:image:width\" content=\"500\" \/>\n\t<meta property=\"og:image:height\" content=\"500\" \/>\n\t<meta property=\"og:image:type\" content=\"image\/jpeg\" \/>\n<meta name=\"twitter:card\" content=\"summary_large_image\" \/>\n<meta name=\"twitter:label1\" content=\"Dur\u00e9e de lecture estim\u00e9e\" \/>\n\t<meta name=\"twitter:data1\" content=\"1 minute\" \/>\n<script type=\"application\/ld+json\" class=\"yoast-schema-graph\">{\"@context\":\"https:\/\/schema.org\",\"@graph\":[{\"@type\":\"WebPage\",\"@id\":\"https:\/\/www.tabakversand.ch\/fr\/produit\/ensemble-de-tuyaux-en-silicone-noir-155-cm\/\",\"url\":\"https:\/\/www.tabakversand.ch\/fr\/produit\/ensemble-de-tuyaux-en-silicone-noir-155-cm\/\",\"name\":\"Ensemble de tuyaux en silicone, noirs\",\"isPartOf\":{\"@id\":\"https:\/\/www.tabakversand.ch\/#website\"},\"primaryImageOfPage\":{\"@id\":\"https:\/\/www.tabakversand.ch\/fr\/produit\/ensemble-de-tuyaux-en-silicone-noir-155-cm\/#primaryimage\"},\"image\":{\"@id\":\"https:\/\/www.tabakversand.ch\/fr\/produit\/ensemble-de-tuyaux-en-silicone-noir-155-cm\/#primaryimage\"},\"thumbnailUrl\":\"https:\/\/www.tabakversand.ch\/wp-content\/uploads\/2025\/09\/shishaschlauch-silikon-schwarz.jpg\",\"datePublished\":\"2025-09-16T13:02:01+00:00\",\"dateModified\":\"2026-03-05T11:51:39+00:00\",\"description\":\"Achetez un tuyau de narguil\u00e9 en silicone noir de 155 cm\u00a0: flexible, r\u00e9sistant et facile \u00e0 nettoyer. Id\u00e9al pour une exp\u00e9rience de fumage intense.\",\"breadcrumb\":{\"@id\":\"https:\/\/www.tabakversand.ch\/fr\/produit\/ensemble-de-tuyaux-en-silicone-noir-155-cm\/#breadcrumb\"},\"inLanguage\":\"fr-FR\",\"potentialAction\":[{\"@type\":\"ReadAction\",\"target\":[\"https:\/\/www.tabakversand.ch\/fr\/produit\/ensemble-de-tuyaux-en-silicone-noir-155-cm\/\"]}]},{\"@type\":\"ImageObject\",\"inLanguage\":\"fr-FR\",\"@id\":\"https:\/\/www.tabakversand.ch\/fr\/produit\/ensemble-de-tuyaux-en-silicone-noir-155-cm\/#primaryimage\",\"url\":\"https:\/\/www.tabakversand.ch\/wp-content\/uploads\/2025\/09\/shishaschlauch-silikon-schwarz.jpg\",\"contentUrl\":\"https:\/\/www.tabakversand.ch\/wp-content\/uploads\/2025\/09\/shishaschlauch-silikon-schwarz.jpg\",\"width\":500,\"height\":500,\"caption\":\"Kit de tuyaux en silicone, noir, 155 cm | tabakversand.ch\"},{\"@type\":\"BreadcrumbList\",\"@id\":\"https:\/\/www.tabakversand.ch\/fr\/produit\/ensemble-de-tuyaux-en-silicone-noir-155-cm\/#breadcrumb\",\"itemListElement\":[{\"@type\":\"ListItem\",\"position\":1,\"name\":\"Startseite\",\"item\":\"https:\/\/www.tabakversand.ch\/\"},{\"@type\":\"ListItem\",\"position\":2,\"name\":\"Boutique\",\"item\":\"https:\/\/www.tabakversand.ch\/fr\/boutique\/\"},{\"@type\":\"ListItem\",\"position\":3,\"name\":\"Ensemble de tuyaux en silicone, noirs\"}]},{\"@type\":\"WebSite\",\"@id\":\"https:\/\/www.tabakversand.ch\/#website\",\"url\":\"https:\/\/www.tabakversand.ch\/\",\"name\":\"Tabakversand.ch | Alles aus der Welt des Tabaks\",\"description\":\"Smoke and carpe diem\",\"potentialAction\":[{\"@type\":\"SearchAction\",\"target\":{\"@type\":\"EntryPoint\",\"urlTemplate\":\"https:\/\/www.tabakversand.ch\/?s={search_term_string}\"},\"query-input\":{\"@type\":\"PropertyValueSpecification\",\"valueRequired\":true,\"valueName\":\"search_term_string\"}}],\"inLanguage\":\"fr-FR\"}]}<\/script>\n<!-- \/ Yoast SEO plugin. -->","yoast_head_json":{"title":"Ensemble de tuyaux en silicone, noirs","description":"Achetez un tuyau de narguil\u00e9 en silicone noir de 155 cm\u00a0: flexible, r\u00e9sistant et facile \u00e0 nettoyer. Id\u00e9al pour une exp\u00e9rience de fumage intense.","robots":{"index":"index","follow":"follow","max-snippet":"max-snippet:-1","max-image-preview":"max-image-preview:large","max-video-preview":"max-video-preview:-1"},"canonical":"https:\/\/www.tabakversand.ch\/fr\/produit\/ensemble-de-tuyaux-en-silicone-noir-155-cm\/","og_locale":"fr_FR","og_type":"article","og_title":"Ensemble de tuyaux en silicone, noirs","og_description":"Achetez un tuyau de narguil\u00e9 en silicone noir de 155 cm\u00a0: flexible, r\u00e9sistant et facile \u00e0 nettoyer. Id\u00e9al pour une exp\u00e9rience de fumage intense.","og_url":"https:\/\/www.tabakversand.ch\/fr\/produit\/ensemble-de-tuyaux-en-silicone-noir-155-cm\/","og_site_name":"Tabakversand.ch | Alles aus der Welt des Tabaks","article_modified_time":"2026-03-05T11:51:39+00:00","og_image":[{"width":500,"height":500,"url":"https:\/\/www.tabakversand.ch\/wp-content\/uploads\/2025\/09\/shishaschlauch-silikon-schwarz.jpg","type":"image\/jpeg"}],"twitter_card":"summary_large_image","twitter_misc":{"Dur\u00e9e de lecture estim\u00e9e":"1 minute"},"schema":{"@context":"https:\/\/schema.org","@graph":[{"@type":"WebPage","@id":"https:\/\/www.tabakversand.ch\/fr\/produit\/ensemble-de-tuyaux-en-silicone-noir-155-cm\/","url":"https:\/\/www.tabakversand.ch\/fr\/produit\/ensemble-de-tuyaux-en-silicone-noir-155-cm\/","name":"Ensemble de tuyaux en silicone, noirs","isPartOf":{"@id":"https:\/\/www.tabakversand.ch\/#website"},"primaryImageOfPage":{"@id":"https:\/\/www.tabakversand.ch\/fr\/produit\/ensemble-de-tuyaux-en-silicone-noir-155-cm\/#primaryimage"},"image":{"@id":"https:\/\/www.tabakversand.ch\/fr\/produit\/ensemble-de-tuyaux-en-silicone-noir-155-cm\/#primaryimage"},"thumbnailUrl":"https:\/\/www.tabakversand.ch\/wp-content\/uploads\/2025\/09\/shishaschlauch-silikon-schwarz.jpg","datePublished":"2025-09-16T13:02:01+00:00","dateModified":"2026-03-05T11:51:39+00:00","description":"Achetez un tuyau de narguil\u00e9 en silicone noir de 155 cm\u00a0: flexible, r\u00e9sistant et facile \u00e0 nettoyer. Id\u00e9al pour une exp\u00e9rience de fumage intense.","breadcrumb":{"@id":"https:\/\/www.tabakversand.ch\/fr\/produit\/ensemble-de-tuyaux-en-silicone-noir-155-cm\/#breadcrumb"},"inLanguage":"fr-FR","potentialAction":[{"@type":"ReadAction","target":["https:\/\/www.tabakversand.ch\/fr\/produit\/ensemble-de-tuyaux-en-silicone-noir-155-cm\/"]}]},{"@type":"ImageObject","inLanguage":"fr-FR","@id":"https:\/\/www.tabakversand.ch\/fr\/produit\/ensemble-de-tuyaux-en-silicone-noir-155-cm\/#primaryimage","url":"https:\/\/www.tabakversand.ch\/wp-content\/uploads\/2025\/09\/shishaschlauch-silikon-schwarz.jpg","contentUrl":"https:\/\/www.tabakversand.ch\/wp-content\/uploads\/2025\/09\/shishaschlauch-silikon-schwarz.jpg","width":500,"height":500,"caption":"Kit de tuyaux en silicone, noir, 155 cm | tabakversand.ch"},{"@type":"BreadcrumbList","@id":"https:\/\/www.tabakversand.ch\/fr\/produit\/ensemble-de-tuyaux-en-silicone-noir-155-cm\/#breadcrumb","itemListElement":[{"@type":"ListItem","position":1,"name":"Startseite","item":"https:\/\/www.tabakversand.ch\/"},{"@type":"ListItem","position":2,"name":"Boutique","item":"https:\/\/www.tabakversand.ch\/fr\/boutique\/"},{"@type":"ListItem","position":3,"name":"Ensemble de tuyaux en silicone, noirs"}]},{"@type":"WebSite","@id":"https:\/\/www.tabakversand.ch\/#website","url":"https:\/\/www.tabakversand.ch\/","name":"Tabakversand.ch | Alles aus der Welt des Tabaks","description":"Smoke and carpe diem","potentialAction":[{"@type":"SearchAction","target":{"@type":"EntryPoint","urlTemplate":"https:\/\/www.tabakversand.ch\/?s={search_term_string}"},"query-input":{"@type":"PropertyValueSpecification","valueRequired":true,"valueName":"search_term_string"}}],"inLanguage":"fr-FR"}]}},"_links":{"self":[{"href":"https:\/\/www.tabakversand.ch\/fr\/wp-json\/wp\/v2\/product\/199898","targetHints":{"allow":["GET"]}}],"collection":[{"href":"https:\/\/www.tabakversand.ch\/fr\/wp-json\/wp\/v2\/product"}],"about":[{"href":"https:\/\/www.tabakversand.ch\/fr\/wp-json\/wp\/v2\/types\/product"}],"version-history":[{"count":4,"href":"https:\/\/www.tabakversand.ch\/fr\/wp-json\/wp\/v2\/product\/199898\/revisions"}],"predecessor-version":[{"id":214221,"href":"https:\/\/www.tabakversand.ch\/fr\/wp-json\/wp\/v2\/product\/199898\/revisions\/214221"}],"wp:featuredmedia":[{"embeddable":true,"href":"https:\/\/www.tabakversand.ch\/fr\/wp-json\/wp\/v2\/media\/199902"}],"wp:attachment":[{"href":"https:\/\/www.tabakversand.ch\/fr\/wp-json\/wp\/v2\/media?parent=199898"}],"wp:term":[{"taxonomy":"product_brand","embeddable":true,"href":"https:\/\/www.tabakversand.ch\/fr\/wp-json\/wp\/v2\/product_brand?post=199898"},{"taxonomy":"product_cat","embeddable":true,"href":"https:\/\/www.tabakversand.ch\/fr\/wp-json\/wp\/v2\/product_cat?post=199898"},{"taxonomy":"product_tag","embeddable":true,"href":"https:\/\/www.tabakversand.ch\/fr\/wp-json\/wp\/v2\/product_tag?post=199898"}],"curies":[{"name":"wp","href":"https:\/\/api.w.org\/{rel}","templated":true}]}}