{"id":200521,"date":"2025-09-18T15:21:09","date_gmt":"2025-09-18T13:21:09","guid":{"rendered":"https:\/\/www.tabakversand.ch\/?post_type=product&#038;p=200521"},"modified":"2026-04-09T16:58:08","modified_gmt":"2026-04-09T14:58:08","slug":"sac-a-main-kavatza-advanced-buckeroo-marron-pws05","status":"publish","type":"product","link":"https:\/\/www.tabakversand.ch\/fr\/produit\/sac-a-main-kavatza-advanced-buckeroo-marron-pws05\/","title":{"rendered":"Sac \u00e0 main Kavatza Advanced \u00ab&nbsp;Buckeroo&nbsp;\u00bb Marron PWS05"},"content":{"rendered":"<p>Sac Kavatza Joint \u00ab&nbsp;Ethnic Advanced&nbsp;\u00bb Marron PS12<\/p>\n<p>Ce sac a le don d&rsquo;accueillir cigarettes et id\u00e9es g\u00e9antes. Emportez-le partout o\u00f9 vous voulez. D&rsquo;un simple clic, le bouton pression s&rsquo;ouvre, r\u00e9v\u00e9lant son fonctionnement interne. Et avec lui, les souvenirs des soir\u00e9es pass\u00e9es, la promesse du moment pr\u00e9sent. Quoi qu&rsquo;il arrive, seul l&rsquo;instant compte. Votre moment Kavatza original avec votre sac \u00e0 joints \u00ab&nbsp;Buckeroo Advanced&nbsp;\u00bb.     <\/p>\n<p>La pochette \u00e0 joint \u00ab&nbsp;Buckeroo Advanced&nbsp;\u00bb au format poche, avec \u00e9clairage LED et cuir marron gaufr\u00e9 \u00e0 motif cachemire, est intemporelle, durable et polyvalente. Parfaite pour le rouleur classique, elle constitue \u00e9galement un cadeau original. La pochette \u00e0 joint avec support pour papier \u00e0 rouler offre un espace pour les feuilles \u00e0 rouler, les filtres et le cannabis, et se ferme par un bouton-pression. Chaque chose est \u00e0 sa place, bien pens\u00e9e et vous avez tout \u00e0 port\u00e9e de main.   <\/p>\n<p>Caract\u00e9ristiques:<\/p>\n<ul>\n<li>Id\u00e9al pour les d\u00e9placements<\/li>\n<li>Pratique et maniable \u2013 pour les personnes qui utilisent du tabac finement coup\u00e9 pour rouler<\/li>\n<li>Cuir v\u00e9ritable de qualit\u00e9<\/li>\n<li>Fermeture \u00e0 pression pour une fermeture s\u00e9curis\u00e9e<\/li>\n<li>Le cuir comme r\u00e9servoir d&rsquo;humidit\u00e9 naturel<\/li>\n<li>Fabrication de haute qualit\u00e9<\/li>\n<li>De la pr\u00e9paration \u00e0 l\u2019\u00e9clairage \u2013 tout dans un syst\u00e8me ferm\u00e9<\/li>\n<li>Pr\u00eat \u00e0 l&#8217;emploi n&rsquo;importe o\u00f9, il suffit de le placer sur un pied ou une table et de le tourner<\/li>\n<\/ul>\n<p>Voici ce qu&rsquo;il y a \u00e0 l&rsquo;int\u00e9rieur :<\/p>\n<ul>\n<li>Deux poches int\u00e9rieures pour cannabis, blague \u00e0 tabac, filtres, briquet, etc.<\/li>\n<li>Fermeture \u00e9clair anti-odeurs sur le compartiment \u00e0 tabac ou \u00e0 cannabis<\/li>\n<li>Porte-papiers King Size<\/li>\n<li>Base roulante en bois avec rabats magn\u00e9tiques pour fixer le papier<\/li>\n<li>Lumi\u00e8res LED sur le plateau rotatif<\/li>\n<li>Bouchon (fix\u00e9 avec un \u00e9lastique)<\/li>\n<li>Cendrier de poche anti-odeurs<\/li>\n<li>Sac de cannabis anti-odeurs<\/li>\n<li>bouton poussoir<\/li>\n<li>Cha\u00eene multifonctionnelle<\/li>\n<\/ul>\n<p>Pour elle et lui, portez votre sac commun comme bon vous semble : dans la poche de votre pantalon, attach\u00e9 \u00e0 votre ceinture gr\u00e2ce \u00e0 la cha\u00eene, ou directement sur votre ceinture gr\u00e2ce aux deux languettes TYVEK de la cha\u00eene. <\/p>\n<p>Laissez-vous porter, rejoignez-le\u2026<\/p>\n<p>Tous les prix indiqu\u00e9s sont valables uniquement pour les commandes en ligne, TVA incluse, et peuvent \u00eatre modifi\u00e9s sans pr\u00e9avis. Les frais de port sont en sus.   Sous r\u00e9serve d&rsquo;erreurs, de modifications de l&rsquo;\u00e9tendue de la livraison et de la conception, d&rsquo;erreurs d&rsquo;impression et de modifications de prix. Les prix barr\u00e9s sont plut\u00f4t des prix. L&rsquo;illustration peut diff\u00e9rer de l&rsquo;original\/de l&rsquo;\u00e9tendue de la livraison.<br \/>\n*Livraison gratuite pour les commandes sup\u00e9rieures \u00e0 CHF 250.-.<\/p>\n","protected":false},"excerpt":{"rendered":"<p>Sac Kavatza Joint \u00ab&nbsp;Ethnic Advanced&nbsp;\u00bb Marron PS12 Ce sac a le don d&rsquo;accueillir cigarettes et id\u00e9es g\u00e9antes. Emportez-le partout o\u00f9 vous voulez. D&rsquo;un simple clic, le bouton pression s&rsquo;ouvre, r\u00e9v\u00e9lant son fonctionnement interne. Et avec lui, les souvenirs des soir\u00e9es pass\u00e9es, la promesse du moment pr\u00e9sent. Quoi qu&rsquo;il arrive, seul l&rsquo;instant compte. Votre moment Kavatza [&hellip;]<\/p>\n","protected":false},"featured_media":200525,"template":"","meta":[],"product_brand":[5773],"product_cat":[3219,1995,4573],"product_tag":[],"class_list":{"0":"post-200521","1":"product","2":"type-product","3":"status-publish","4":"has-post-thumbnail","6":"product_brand-kavatza","7":"product_cat-boutique-de-tete","8":"product_cat-divers-headshop","9":"product_cat-sac-a-joint","11":"first","12":"onbackorder","13":"purchasable","14":"product-type-simple"},"yoast_head":"<!-- This site is optimized with the Yoast SEO plugin v27.0 - https:\/\/yoast.com\/product\/yoast-seo-wordpress\/ -->\n<title>Sac \u00e0 main Kavatza Advanced \u00ab&nbsp;Buckeroo&nbsp;\u00bb Marron PWS05 - Tabakversand.ch | Alles aus der Welt des Tabaks<\/title>\n<meta name=\"description\" content=\"Kavatza Joint Bag Advanced &#039;Buckeroo&#039; Brown PWS05 | Une s\u00e9lection haut de gamme de produits du tabac, de cigarettes \u00e9lectroniques et d&#039;accessoires pour fumeurs dans toute la Suisse | Cartes accept\u00e9es !\" \/>\n<meta name=\"robots\" content=\"index, follow, max-snippet:-1, max-image-preview:large, max-video-preview:-1\" \/>\n<link rel=\"canonical\" href=\"https:\/\/www.tabakversand.ch\/fr\/produit\/sac-a-main-kavatza-advanced-buckeroo-marron-pws05\/\" \/>\n<meta property=\"og:locale\" content=\"fr_FR\" \/>\n<meta property=\"og:type\" content=\"article\" \/>\n<meta property=\"og:title\" content=\"Sac \u00e0 main Kavatza Advanced \u00ab&nbsp;Buckeroo&nbsp;\u00bb Marron PWS05 - Tabakversand.ch | Alles aus der Welt des Tabaks\" \/>\n<meta property=\"og:description\" content=\"Kavatza Joint Bag Advanced &#039;Buckeroo&#039; Brown PWS05 | Une s\u00e9lection haut de gamme de produits du tabac, de cigarettes \u00e9lectroniques et d&#039;accessoires pour fumeurs dans toute la Suisse | Cartes accept\u00e9es !\" \/>\n<meta property=\"og:url\" content=\"https:\/\/www.tabakversand.ch\/fr\/produit\/sac-a-main-kavatza-advanced-buckeroo-marron-pws05\/\" \/>\n<meta property=\"og:site_name\" content=\"Tabakversand.ch | Alles aus der Welt des Tabaks\" \/>\n<meta property=\"article:modified_time\" content=\"2026-04-09T14:58:08+00:00\" \/>\n<meta property=\"og:image\" content=\"https:\/\/www.tabakversand.ch\/wp-content\/uploads\/2025\/09\/kavatza-joint-tasche-dvanced-buckeroo-brown-pws05.jpg\" \/>\n\t<meta property=\"og:image:width\" content=\"500\" \/>\n\t<meta property=\"og:image:height\" content=\"500\" \/>\n\t<meta property=\"og:image:type\" content=\"image\/jpeg\" \/>\n<meta name=\"twitter:card\" content=\"summary_large_image\" \/>\n<meta name=\"twitter:label1\" content=\"Dur\u00e9e de lecture estim\u00e9e\" \/>\n\t<meta name=\"twitter:data1\" content=\"3 minutes\" \/>\n<script type=\"application\/ld+json\" class=\"yoast-schema-graph\">{\"@context\":\"https:\/\/schema.org\",\"@graph\":[{\"@type\":\"WebPage\",\"@id\":\"https:\/\/www.tabakversand.ch\/fr\/produit\/sac-a-main-kavatza-advanced-buckeroo-marron-pws05\/\",\"url\":\"https:\/\/www.tabakversand.ch\/fr\/produit\/sac-a-main-kavatza-advanced-buckeroo-marron-pws05\/\",\"name\":\"Sac \u00e0 main Kavatza Advanced \u00ab&nbsp;Buckeroo&nbsp;\u00bb Marron PWS05 - Tabakversand.ch | Alles aus der Welt des Tabaks\",\"isPartOf\":{\"@id\":\"https:\/\/www.tabakversand.ch\/#website\"},\"primaryImageOfPage\":{\"@id\":\"https:\/\/www.tabakversand.ch\/fr\/produit\/sac-a-main-kavatza-advanced-buckeroo-marron-pws05\/#primaryimage\"},\"image\":{\"@id\":\"https:\/\/www.tabakversand.ch\/fr\/produit\/sac-a-main-kavatza-advanced-buckeroo-marron-pws05\/#primaryimage\"},\"thumbnailUrl\":\"https:\/\/www.tabakversand.ch\/wp-content\/uploads\/2025\/09\/kavatza-joint-tasche-dvanced-buckeroo-brown-pws05.jpg\",\"datePublished\":\"2025-09-18T13:21:09+00:00\",\"dateModified\":\"2026-04-09T14:58:08+00:00\",\"description\":\"Kavatza Joint Bag Advanced 'Buckeroo' Brown PWS05 | Une s\u00e9lection haut de gamme de produits du tabac, de cigarettes \u00e9lectroniques et d'accessoires pour fumeurs dans toute la Suisse | Cartes accept\u00e9es !\",\"breadcrumb\":{\"@id\":\"https:\/\/www.tabakversand.ch\/fr\/produit\/sac-a-main-kavatza-advanced-buckeroo-marron-pws05\/#breadcrumb\"},\"inLanguage\":\"fr-FR\",\"potentialAction\":[{\"@type\":\"ReadAction\",\"target\":[\"https:\/\/www.tabakversand.ch\/fr\/produit\/sac-a-main-kavatza-advanced-buckeroo-marron-pws05\/\"]}]},{\"@type\":\"ImageObject\",\"inLanguage\":\"fr-FR\",\"@id\":\"https:\/\/www.tabakversand.ch\/fr\/produit\/sac-a-main-kavatza-advanced-buckeroo-marron-pws05\/#primaryimage\",\"url\":\"https:\/\/www.tabakversand.ch\/wp-content\/uploads\/2025\/09\/kavatza-joint-tasche-dvanced-buckeroo-brown-pws05.jpg\",\"contentUrl\":\"https:\/\/www.tabakversand.ch\/wp-content\/uploads\/2025\/09\/kavatza-joint-tasche-dvanced-buckeroo-brown-pws05.jpg\",\"width\":500,\"height\":500,\"caption\":\"Sac \u00e0 joint Kavatza Advanced 'Buckeroo' Marron PWS05 | tabakversand.ch\"},{\"@type\":\"BreadcrumbList\",\"@id\":\"https:\/\/www.tabakversand.ch\/fr\/produit\/sac-a-main-kavatza-advanced-buckeroo-marron-pws05\/#breadcrumb\",\"itemListElement\":[{\"@type\":\"ListItem\",\"position\":1,\"name\":\"Startseite\",\"item\":\"https:\/\/www.tabakversand.ch\/\"},{\"@type\":\"ListItem\",\"position\":2,\"name\":\"Boutique\",\"item\":\"https:\/\/www.tabakversand.ch\/fr\/boutique\/\"},{\"@type\":\"ListItem\",\"position\":3,\"name\":\"Sac \u00e0 main Kavatza Advanced \u00ab&nbsp;Buckeroo&nbsp;\u00bb Marron PWS05\"}]},{\"@type\":\"WebSite\",\"@id\":\"https:\/\/www.tabakversand.ch\/#website\",\"url\":\"https:\/\/www.tabakversand.ch\/\",\"name\":\"Tabakversand.ch | Alles aus der Welt des Tabaks\",\"description\":\"Smoke and carpe diem\",\"potentialAction\":[{\"@type\":\"SearchAction\",\"target\":{\"@type\":\"EntryPoint\",\"urlTemplate\":\"https:\/\/www.tabakversand.ch\/?s={search_term_string}\"},\"query-input\":{\"@type\":\"PropertyValueSpecification\",\"valueRequired\":true,\"valueName\":\"search_term_string\"}}],\"inLanguage\":\"fr-FR\"}]}<\/script>\n<!-- \/ Yoast SEO plugin. -->","yoast_head_json":{"title":"Sac \u00e0 main Kavatza Advanced \u00ab&nbsp;Buckeroo&nbsp;\u00bb Marron PWS05 - Tabakversand.ch | Alles aus der Welt des Tabaks","description":"Kavatza Joint Bag Advanced 'Buckeroo' Brown PWS05 | Une s\u00e9lection haut de gamme de produits du tabac, de cigarettes \u00e9lectroniques et d'accessoires pour fumeurs dans toute la Suisse | Cartes accept\u00e9es !","robots":{"index":"index","follow":"follow","max-snippet":"max-snippet:-1","max-image-preview":"max-image-preview:large","max-video-preview":"max-video-preview:-1"},"canonical":"https:\/\/www.tabakversand.ch\/fr\/produit\/sac-a-main-kavatza-advanced-buckeroo-marron-pws05\/","og_locale":"fr_FR","og_type":"article","og_title":"Sac \u00e0 main Kavatza Advanced \u00ab&nbsp;Buckeroo&nbsp;\u00bb Marron PWS05 - Tabakversand.ch | Alles aus der Welt des Tabaks","og_description":"Kavatza Joint Bag Advanced 'Buckeroo' Brown PWS05 | Une s\u00e9lection haut de gamme de produits du tabac, de cigarettes \u00e9lectroniques et d'accessoires pour fumeurs dans toute la Suisse | Cartes accept\u00e9es !","og_url":"https:\/\/www.tabakversand.ch\/fr\/produit\/sac-a-main-kavatza-advanced-buckeroo-marron-pws05\/","og_site_name":"Tabakversand.ch | Alles aus der Welt des Tabaks","article_modified_time":"2026-04-09T14:58:08+00:00","og_image":[{"width":500,"height":500,"url":"https:\/\/www.tabakversand.ch\/wp-content\/uploads\/2025\/09\/kavatza-joint-tasche-dvanced-buckeroo-brown-pws05.jpg","type":"image\/jpeg"}],"twitter_card":"summary_large_image","twitter_misc":{"Dur\u00e9e de lecture estim\u00e9e":"3 minutes"},"schema":{"@context":"https:\/\/schema.org","@graph":[{"@type":"WebPage","@id":"https:\/\/www.tabakversand.ch\/fr\/produit\/sac-a-main-kavatza-advanced-buckeroo-marron-pws05\/","url":"https:\/\/www.tabakversand.ch\/fr\/produit\/sac-a-main-kavatza-advanced-buckeroo-marron-pws05\/","name":"Sac \u00e0 main Kavatza Advanced \u00ab&nbsp;Buckeroo&nbsp;\u00bb Marron PWS05 - Tabakversand.ch | Alles aus der Welt des Tabaks","isPartOf":{"@id":"https:\/\/www.tabakversand.ch\/#website"},"primaryImageOfPage":{"@id":"https:\/\/www.tabakversand.ch\/fr\/produit\/sac-a-main-kavatza-advanced-buckeroo-marron-pws05\/#primaryimage"},"image":{"@id":"https:\/\/www.tabakversand.ch\/fr\/produit\/sac-a-main-kavatza-advanced-buckeroo-marron-pws05\/#primaryimage"},"thumbnailUrl":"https:\/\/www.tabakversand.ch\/wp-content\/uploads\/2025\/09\/kavatza-joint-tasche-dvanced-buckeroo-brown-pws05.jpg","datePublished":"2025-09-18T13:21:09+00:00","dateModified":"2026-04-09T14:58:08+00:00","description":"Kavatza Joint Bag Advanced 'Buckeroo' Brown PWS05 | Une s\u00e9lection haut de gamme de produits du tabac, de cigarettes \u00e9lectroniques et d'accessoires pour fumeurs dans toute la Suisse | Cartes accept\u00e9es !","breadcrumb":{"@id":"https:\/\/www.tabakversand.ch\/fr\/produit\/sac-a-main-kavatza-advanced-buckeroo-marron-pws05\/#breadcrumb"},"inLanguage":"fr-FR","potentialAction":[{"@type":"ReadAction","target":["https:\/\/www.tabakversand.ch\/fr\/produit\/sac-a-main-kavatza-advanced-buckeroo-marron-pws05\/"]}]},{"@type":"ImageObject","inLanguage":"fr-FR","@id":"https:\/\/www.tabakversand.ch\/fr\/produit\/sac-a-main-kavatza-advanced-buckeroo-marron-pws05\/#primaryimage","url":"https:\/\/www.tabakversand.ch\/wp-content\/uploads\/2025\/09\/kavatza-joint-tasche-dvanced-buckeroo-brown-pws05.jpg","contentUrl":"https:\/\/www.tabakversand.ch\/wp-content\/uploads\/2025\/09\/kavatza-joint-tasche-dvanced-buckeroo-brown-pws05.jpg","width":500,"height":500,"caption":"Sac \u00e0 joint Kavatza Advanced 'Buckeroo' Marron PWS05 | tabakversand.ch"},{"@type":"BreadcrumbList","@id":"https:\/\/www.tabakversand.ch\/fr\/produit\/sac-a-main-kavatza-advanced-buckeroo-marron-pws05\/#breadcrumb","itemListElement":[{"@type":"ListItem","position":1,"name":"Startseite","item":"https:\/\/www.tabakversand.ch\/"},{"@type":"ListItem","position":2,"name":"Boutique","item":"https:\/\/www.tabakversand.ch\/fr\/boutique\/"},{"@type":"ListItem","position":3,"name":"Sac \u00e0 main Kavatza Advanced \u00ab&nbsp;Buckeroo&nbsp;\u00bb Marron PWS05"}]},{"@type":"WebSite","@id":"https:\/\/www.tabakversand.ch\/#website","url":"https:\/\/www.tabakversand.ch\/","name":"Tabakversand.ch | Alles aus der Welt des Tabaks","description":"Smoke and carpe diem","potentialAction":[{"@type":"SearchAction","target":{"@type":"EntryPoint","urlTemplate":"https:\/\/www.tabakversand.ch\/?s={search_term_string}"},"query-input":{"@type":"PropertyValueSpecification","valueRequired":true,"valueName":"search_term_string"}}],"inLanguage":"fr-FR"}]}},"_links":{"self":[{"href":"https:\/\/www.tabakversand.ch\/fr\/wp-json\/wp\/v2\/product\/200521","targetHints":{"allow":["GET"]}}],"collection":[{"href":"https:\/\/www.tabakversand.ch\/fr\/wp-json\/wp\/v2\/product"}],"about":[{"href":"https:\/\/www.tabakversand.ch\/fr\/wp-json\/wp\/v2\/types\/product"}],"version-history":[{"count":4,"href":"https:\/\/www.tabakversand.ch\/fr\/wp-json\/wp\/v2\/product\/200521\/revisions"}],"predecessor-version":[{"id":217599,"href":"https:\/\/www.tabakversand.ch\/fr\/wp-json\/wp\/v2\/product\/200521\/revisions\/217599"}],"wp:featuredmedia":[{"embeddable":true,"href":"https:\/\/www.tabakversand.ch\/fr\/wp-json\/wp\/v2\/media\/200525"}],"wp:attachment":[{"href":"https:\/\/www.tabakversand.ch\/fr\/wp-json\/wp\/v2\/media?parent=200521"}],"wp:term":[{"taxonomy":"product_brand","embeddable":true,"href":"https:\/\/www.tabakversand.ch\/fr\/wp-json\/wp\/v2\/product_brand?post=200521"},{"taxonomy":"product_cat","embeddable":true,"href":"https:\/\/www.tabakversand.ch\/fr\/wp-json\/wp\/v2\/product_cat?post=200521"},{"taxonomy":"product_tag","embeddable":true,"href":"https:\/\/www.tabakversand.ch\/fr\/wp-json\/wp\/v2\/product_tag?post=200521"}],"curies":[{"name":"wp","href":"https:\/\/api.w.org\/{rel}","templated":true}]}}