{"id":202461,"date":"2025-10-03T11:25:05","date_gmt":"2025-10-03T09:25:05","guid":{"rendered":"https:\/\/www.tabakversand.ch\/?post_type=product&#038;p=202461"},"modified":"2025-10-03T11:35:22","modified_gmt":"2025-10-03T09:35:22","slug":"cigares-camacho-toro-bold-five-sampler-fresh-pack","status":"publish","type":"product","link":"https:\/\/www.tabakversand.ch\/fr\/produit\/cigares-camacho-toro-bold-five-sampler-fresh-pack\/","title":{"rendered":"Cigares Camacho Toro Bold Five Sampler Fresh Pack"},"content":{"rendered":"<p>Cigares Camacho Toro Bold Five Sampler Fresh Pack<\/p>\n<p>Cinq lignes populaires de Camacho au format Toro \u2013 Broadleaf, Corojo, Connecticut, Ecuador et Nicaragua \u2013 combin\u00e9es dans un Fresh Pack avec une garantie de fra\u00eecheur.<\/p>\n<p>Tous les prix s&rsquo;appliquent uniquement aux commandes en ligne et incluent la TVA. Sous r\u00e9serve de modifications sans pr\u00e9avis, frais de livraison en sus. Sous r\u00e9serve d&rsquo;erreurs, de modifications de contenu de livraison et de conception, de fautes d&rsquo;impression et de modifications de prix. Les prix barr\u00e9s sont des prix de remplacement. Les illustrations peuvent diff\u00e9rer de l&rsquo;original\/du contenu de livraison.<br \/>\n*Livraison gratuite pour les commandes sup\u00e9rieures \u00e0 CHF 250.-.<\/p>\n","protected":false},"excerpt":{"rendered":"<p>Cigares Camacho Toro Bold Five Sampler Fresh Pack Cinq lignes populaires de Camacho au format Toro \u2013 Broadleaf, Corojo, Connecticut, Ecuador et Nicaragua \u2013 combin\u00e9es dans un Fresh Pack avec une garantie de fra\u00eecheur. Tous les prix s&rsquo;appliquent uniquement aux commandes en ligne et incluent la TVA. Sous r\u00e9serve de modifications sans pr\u00e9avis, frais de [&hellip;]<\/p>\n","protected":false},"featured_media":202465,"template":"","meta":[],"product_brand":[1629],"product_cat":[2326,3088,2584,2568,2357,1993,2346,2329,1994,2131],"product_tag":[],"class_list":{"0":"post-202461","1":"product","2":"type-product","3":"status-publish","4":"has-post-thumbnail","6":"product_brand-camacho","7":"product_cat-camacho-fr","8":"product_cat-camacho-a-feuilles-larges","9":"product_cat-camacho-connecticut-fr","10":"product_cat-camacho-corojo-fr","11":"product_cat-camacho-equateur","12":"product_cat-cigares","13":"product_cat-davidoff-nicaragua-fr","14":"product_cat-honduras-fr","15":"product_cat-monde-du-cigare","16":"product_cat-nicaragua-fr","18":"first","19":"onbackorder","20":"purchasable","21":"product-type-simple"},"yoast_head":"<!-- This site is optimized with the Yoast SEO plugin v27.5 - https:\/\/yoast.com\/product\/yoast-seo-wordpress\/ -->\n<title>Cigares Camacho Toro Bold Five Sampler Fresh Pack - Tabakversand.ch | Alles aus der Welt des Tabaks<\/title>\n<meta name=\"description\" content=\"Cigares Camacho Toro Bold Five Sampler Fresh Pack | Un large choix de produits du tabac, de cigarettes \u00e9lectroniques et d&#039;accessoires pour fumeurs de premi\u00e8re qualit\u00e9 dans toute la Suisse | Cartes accept\u00e9es !\" \/>\n<meta name=\"robots\" content=\"index, follow, max-snippet:-1, max-image-preview:large, max-video-preview:-1\" \/>\n<link rel=\"canonical\" href=\"https:\/\/www.tabakversand.ch\/fr\/produit\/cigares-camacho-toro-bold-five-sampler-fresh-pack\/\" \/>\n<meta property=\"og:locale\" content=\"fr_FR\" \/>\n<meta property=\"og:type\" content=\"article\" \/>\n<meta property=\"og:title\" content=\"Cigares Camacho Toro Bold Five Sampler Fresh Pack - Tabakversand.ch | Alles aus der Welt des Tabaks\" \/>\n<meta property=\"og:description\" content=\"Cigares Camacho Toro Bold Five Sampler Fresh Pack | Un large choix de produits du tabac, de cigarettes \u00e9lectroniques et d&#039;accessoires pour fumeurs de premi\u00e8re qualit\u00e9 dans toute la Suisse | Cartes accept\u00e9es !\" \/>\n<meta property=\"og:url\" content=\"https:\/\/www.tabakversand.ch\/fr\/produit\/cigares-camacho-toro-bold-five-sampler-fresh-pack\/\" \/>\n<meta property=\"og:site_name\" content=\"Tabakversand.ch | Alles aus der Welt des Tabaks\" \/>\n<meta property=\"article:modified_time\" content=\"2025-10-03T09:35:22+00:00\" \/>\n<meta property=\"og:image\" content=\"https:\/\/www.tabakversand.ch\/wp-content\/uploads\/2025\/10\/fresh-pack-pack.jpg\" \/>\n\t<meta property=\"og:image:width\" content=\"501\" \/>\n\t<meta property=\"og:image:height\" content=\"500\" \/>\n\t<meta property=\"og:image:type\" content=\"image\/jpeg\" \/>\n<meta name=\"twitter:card\" content=\"summary_large_image\" \/>\n<meta name=\"twitter:label1\" content=\"Dur\u00e9e de lecture estim\u00e9e\" \/>\n\t<meta name=\"twitter:data1\" content=\"1 minute\" \/>\n<script type=\"application\/ld+json\" class=\"yoast-schema-graph\">{\"@context\":\"https:\\\/\\\/schema.org\",\"@graph\":[{\"@type\":\"WebPage\",\"@id\":\"https:\\\/\\\/www.tabakversand.ch\\\/fr\\\/produit\\\/cigares-camacho-toro-bold-five-sampler-fresh-pack\\\/\",\"url\":\"https:\\\/\\\/www.tabakversand.ch\\\/fr\\\/produit\\\/cigares-camacho-toro-bold-five-sampler-fresh-pack\\\/\",\"name\":\"Cigares Camacho Toro Bold Five Sampler Fresh Pack - Tabakversand.ch | Alles aus der Welt des Tabaks\",\"isPartOf\":{\"@id\":\"https:\\\/\\\/www.tabakversand.ch\\\/#website\"},\"primaryImageOfPage\":{\"@id\":\"https:\\\/\\\/www.tabakversand.ch\\\/fr\\\/produit\\\/cigares-camacho-toro-bold-five-sampler-fresh-pack\\\/#primaryimage\"},\"image\":{\"@id\":\"https:\\\/\\\/www.tabakversand.ch\\\/fr\\\/produit\\\/cigares-camacho-toro-bold-five-sampler-fresh-pack\\\/#primaryimage\"},\"thumbnailUrl\":\"https:\\\/\\\/www.tabakversand.ch\\\/wp-content\\\/uploads\\\/2025\\\/10\\\/fresh-pack-pack.jpg\",\"datePublished\":\"2025-10-03T09:25:05+00:00\",\"dateModified\":\"2025-10-03T09:35:22+00:00\",\"description\":\"Cigares Camacho Toro Bold Five Sampler Fresh Pack | Un large choix de produits du tabac, de cigarettes \u00e9lectroniques et d'accessoires pour fumeurs de premi\u00e8re qualit\u00e9 dans toute la Suisse | Cartes accept\u00e9es !\",\"breadcrumb\":{\"@id\":\"https:\\\/\\\/www.tabakversand.ch\\\/fr\\\/produit\\\/cigares-camacho-toro-bold-five-sampler-fresh-pack\\\/#breadcrumb\"},\"inLanguage\":\"fr-FR\",\"potentialAction\":[{\"@type\":\"ReadAction\",\"target\":[\"https:\\\/\\\/www.tabakversand.ch\\\/fr\\\/produit\\\/cigares-camacho-toro-bold-five-sampler-fresh-pack\\\/\"]}]},{\"@type\":\"ImageObject\",\"inLanguage\":\"fr-FR\",\"@id\":\"https:\\\/\\\/www.tabakversand.ch\\\/fr\\\/produit\\\/cigares-camacho-toro-bold-five-sampler-fresh-pack\\\/#primaryimage\",\"url\":\"https:\\\/\\\/www.tabakversand.ch\\\/wp-content\\\/uploads\\\/2025\\\/10\\\/fresh-pack-pack.jpg\",\"contentUrl\":\"https:\\\/\\\/www.tabakversand.ch\\\/wp-content\\\/uploads\\\/2025\\\/10\\\/fresh-pack-pack.jpg\",\"width\":501,\"height\":500,\"caption\":\"Cigares Camacho Toro Bold Five, coffret fra\u00eecheur | tabakversand.ch\"},{\"@type\":\"BreadcrumbList\",\"@id\":\"https:\\\/\\\/www.tabakversand.ch\\\/fr\\\/produit\\\/cigares-camacho-toro-bold-five-sampler-fresh-pack\\\/#breadcrumb\",\"itemListElement\":[{\"@type\":\"ListItem\",\"position\":1,\"name\":\"Startseite\",\"item\":\"https:\\\/\\\/www.tabakversand.ch\\\/\"},{\"@type\":\"ListItem\",\"position\":2,\"name\":\"Boutique\",\"item\":\"https:\\\/\\\/www.tabakversand.ch\\\/fr\\\/boutique\\\/\"},{\"@type\":\"ListItem\",\"position\":3,\"name\":\"Cigares Camacho Toro Bold Five Sampler Fresh Pack\"}]},{\"@type\":\"WebSite\",\"@id\":\"https:\\\/\\\/www.tabakversand.ch\\\/#website\",\"url\":\"https:\\\/\\\/www.tabakversand.ch\\\/\",\"name\":\"Tabakversand.ch | Alles aus der Welt des Tabaks\",\"description\":\"Smoke and carpe diem\",\"potentialAction\":[{\"@type\":\"SearchAction\",\"target\":{\"@type\":\"EntryPoint\",\"urlTemplate\":\"https:\\\/\\\/www.tabakversand.ch\\\/?s={search_term_string}\"},\"query-input\":{\"@type\":\"PropertyValueSpecification\",\"valueRequired\":true,\"valueName\":\"search_term_string\"}}],\"inLanguage\":\"fr-FR\"}]}<\/script>\n<!-- \/ Yoast SEO plugin. -->","yoast_head_json":{"title":"Cigares Camacho Toro Bold Five Sampler Fresh Pack - Tabakversand.ch | Alles aus der Welt des Tabaks","description":"Cigares Camacho Toro Bold Five Sampler Fresh Pack | Un large choix de produits du tabac, de cigarettes \u00e9lectroniques et d'accessoires pour fumeurs de premi\u00e8re qualit\u00e9 dans toute la Suisse | Cartes accept\u00e9es !","robots":{"index":"index","follow":"follow","max-snippet":"max-snippet:-1","max-image-preview":"max-image-preview:large","max-video-preview":"max-video-preview:-1"},"canonical":"https:\/\/www.tabakversand.ch\/fr\/produit\/cigares-camacho-toro-bold-five-sampler-fresh-pack\/","og_locale":"fr_FR","og_type":"article","og_title":"Cigares Camacho Toro Bold Five Sampler Fresh Pack - Tabakversand.ch | Alles aus der Welt des Tabaks","og_description":"Cigares Camacho Toro Bold Five Sampler Fresh Pack | Un large choix de produits du tabac, de cigarettes \u00e9lectroniques et d'accessoires pour fumeurs de premi\u00e8re qualit\u00e9 dans toute la Suisse | Cartes accept\u00e9es !","og_url":"https:\/\/www.tabakversand.ch\/fr\/produit\/cigares-camacho-toro-bold-five-sampler-fresh-pack\/","og_site_name":"Tabakversand.ch | Alles aus der Welt des Tabaks","article_modified_time":"2025-10-03T09:35:22+00:00","og_image":[{"width":501,"height":500,"url":"https:\/\/www.tabakversand.ch\/wp-content\/uploads\/2025\/10\/fresh-pack-pack.jpg","type":"image\/jpeg"}],"twitter_card":"summary_large_image","twitter_misc":{"Dur\u00e9e de lecture estim\u00e9e":"1 minute"},"schema":{"@context":"https:\/\/schema.org","@graph":[{"@type":"WebPage","@id":"https:\/\/www.tabakversand.ch\/fr\/produit\/cigares-camacho-toro-bold-five-sampler-fresh-pack\/","url":"https:\/\/www.tabakversand.ch\/fr\/produit\/cigares-camacho-toro-bold-five-sampler-fresh-pack\/","name":"Cigares Camacho Toro Bold Five Sampler Fresh Pack - Tabakversand.ch | Alles aus der Welt des Tabaks","isPartOf":{"@id":"https:\/\/www.tabakversand.ch\/#website"},"primaryImageOfPage":{"@id":"https:\/\/www.tabakversand.ch\/fr\/produit\/cigares-camacho-toro-bold-five-sampler-fresh-pack\/#primaryimage"},"image":{"@id":"https:\/\/www.tabakversand.ch\/fr\/produit\/cigares-camacho-toro-bold-five-sampler-fresh-pack\/#primaryimage"},"thumbnailUrl":"https:\/\/www.tabakversand.ch\/wp-content\/uploads\/2025\/10\/fresh-pack-pack.jpg","datePublished":"2025-10-03T09:25:05+00:00","dateModified":"2025-10-03T09:35:22+00:00","description":"Cigares Camacho Toro Bold Five Sampler Fresh Pack | Un large choix de produits du tabac, de cigarettes \u00e9lectroniques et d'accessoires pour fumeurs de premi\u00e8re qualit\u00e9 dans toute la Suisse | Cartes accept\u00e9es !","breadcrumb":{"@id":"https:\/\/www.tabakversand.ch\/fr\/produit\/cigares-camacho-toro-bold-five-sampler-fresh-pack\/#breadcrumb"},"inLanguage":"fr-FR","potentialAction":[{"@type":"ReadAction","target":["https:\/\/www.tabakversand.ch\/fr\/produit\/cigares-camacho-toro-bold-five-sampler-fresh-pack\/"]}]},{"@type":"ImageObject","inLanguage":"fr-FR","@id":"https:\/\/www.tabakversand.ch\/fr\/produit\/cigares-camacho-toro-bold-five-sampler-fresh-pack\/#primaryimage","url":"https:\/\/www.tabakversand.ch\/wp-content\/uploads\/2025\/10\/fresh-pack-pack.jpg","contentUrl":"https:\/\/www.tabakversand.ch\/wp-content\/uploads\/2025\/10\/fresh-pack-pack.jpg","width":501,"height":500,"caption":"Cigares Camacho Toro Bold Five, coffret fra\u00eecheur | tabakversand.ch"},{"@type":"BreadcrumbList","@id":"https:\/\/www.tabakversand.ch\/fr\/produit\/cigares-camacho-toro-bold-five-sampler-fresh-pack\/#breadcrumb","itemListElement":[{"@type":"ListItem","position":1,"name":"Startseite","item":"https:\/\/www.tabakversand.ch\/"},{"@type":"ListItem","position":2,"name":"Boutique","item":"https:\/\/www.tabakversand.ch\/fr\/boutique\/"},{"@type":"ListItem","position":3,"name":"Cigares Camacho Toro Bold Five Sampler Fresh Pack"}]},{"@type":"WebSite","@id":"https:\/\/www.tabakversand.ch\/#website","url":"https:\/\/www.tabakversand.ch\/","name":"Tabakversand.ch | Alles aus der Welt des Tabaks","description":"Smoke and carpe diem","potentialAction":[{"@type":"SearchAction","target":{"@type":"EntryPoint","urlTemplate":"https:\/\/www.tabakversand.ch\/?s={search_term_string}"},"query-input":{"@type":"PropertyValueSpecification","valueRequired":true,"valueName":"search_term_string"}}],"inLanguage":"fr-FR"}]}},"_links":{"self":[{"href":"https:\/\/www.tabakversand.ch\/fr\/wp-json\/wp\/v2\/product\/202461","targetHints":{"allow":["GET"]}}],"collection":[{"href":"https:\/\/www.tabakversand.ch\/fr\/wp-json\/wp\/v2\/product"}],"about":[{"href":"https:\/\/www.tabakversand.ch\/fr\/wp-json\/wp\/v2\/types\/product"}],"version-history":[{"count":3,"href":"https:\/\/www.tabakversand.ch\/fr\/wp-json\/wp\/v2\/product\/202461\/revisions"}],"predecessor-version":[{"id":202479,"href":"https:\/\/www.tabakversand.ch\/fr\/wp-json\/wp\/v2\/product\/202461\/revisions\/202479"}],"wp:featuredmedia":[{"embeddable":true,"href":"https:\/\/www.tabakversand.ch\/fr\/wp-json\/wp\/v2\/media\/202465"}],"wp:attachment":[{"href":"https:\/\/www.tabakversand.ch\/fr\/wp-json\/wp\/v2\/media?parent=202461"}],"wp:term":[{"taxonomy":"product_brand","embeddable":true,"href":"https:\/\/www.tabakversand.ch\/fr\/wp-json\/wp\/v2\/product_brand?post=202461"},{"taxonomy":"product_cat","embeddable":true,"href":"https:\/\/www.tabakversand.ch\/fr\/wp-json\/wp\/v2\/product_cat?post=202461"},{"taxonomy":"product_tag","embeddable":true,"href":"https:\/\/www.tabakversand.ch\/fr\/wp-json\/wp\/v2\/product_tag?post=202461"}],"curies":[{"name":"wp","href":"https:\/\/api.w.org\/{rel}","templated":true}]}}