{"id":203233,"date":"2025-10-09T15:11:54","date_gmt":"2025-10-09T13:11:54","guid":{"rendered":"https:\/\/www.tabakversand.ch\/?post_type=product&#038;p=203233"},"modified":"2025-10-09T15:40:21","modified_gmt":"2025-10-09T13:40:21","slug":"iceberg-all-white-ultra-16-g","status":"publish","type":"product","link":"https:\/\/www.tabakversand.ch\/fr\/produit\/iceberg-all-white-ultra-16-g\/","title":{"rendered":"Iceberg All White Ultra (16 g)"},"content":{"rendered":"<p>Iceberg All White Ultra (16 g)<\/p>\n<p>Avec une teneur en nicotine de 50 mg\/g, ces snus ont une r\u00e9elle puissance et ne doivent \u00eatre utilis\u00e9s que par des utilisateurs exp\u00e9riment\u00e9s.<\/p>\n<p>Arasaka &#8211; P\u00eache juteuse<\/p>\n<p>Noir &#8211; M\u00e9lange fruit\u00e9<\/p>\n<p>Bubble Gum &#8211; Chewing-gum sucr\u00e9<\/p>\n<p>Crazy Mix &#8211; M\u00e9lange d&rsquo;agrumes acidul\u00e9s<\/p>\n<p>Fruit du dragon &#8211; Fruit du dragon exotique<\/p>\n<p>\u00c9meraude &#8211; Pomme douce et citron aigre<\/p>\n<p>\u00c9nergie &#8211; Boisson \u00e9nergisante revigorante<\/p>\n<p>Ninja Orange &#8211; Orange intense<\/p>\n<p>Gomme \u00e0 la framboise &#8211; Framboise fra\u00eeche et chewing-gum<\/p>\n<p>Chewing-gum fraise-banane &#8211; Chewing-gum fruit\u00e9 \u00e0 la fraise et \u00e0 la banane<\/p>\n<p>Gomme \u00e0 la fraise et \u00e0 la mangue &#8211; Fraise et mangue sucr\u00e9es au go\u00fbt de chewing-gum<\/p>\n<p>Chewing-gum \u00e0 la menthe et \u00e0 la past\u00e8que &#8211; Combinaison rafra\u00eechissante avec past\u00e8que, menthe et chewing-gum<\/p>\n<p>Tous les prix s&rsquo;appliquent uniquement aux commandes en ligne et incluent la TVA. Sous r\u00e9serve de modifications sans pr\u00e9avis, frais de livraison en sus. Sous r\u00e9serve d&rsquo;erreurs, de modifications de contenu de livraison et de conception, de fautes d&rsquo;impression et de modifications de prix. Les prix barr\u00e9s sont des prix de remplacement. Les illustrations peuvent diff\u00e9rer de l&rsquo;original\/du contenu de livraison.<br \/>\n*Livraison gratuite pour les commandes sup\u00e9rieures \u00e0 CHF 250.-.<\/p>\n","protected":false},"excerpt":{"rendered":"<p>Iceberg All White Ultra (16 g) Avec une teneur en nicotine de 50 mg\/g, ces snus ont une r\u00e9elle puissance et ne doivent \u00eatre utilis\u00e9s que par des utilisateurs exp\u00e9riment\u00e9s. Arasaka &#8211; P\u00eache juteuse Noir &#8211; M\u00e9lange fruit\u00e9 Bubble Gum &#8211; Chewing-gum sucr\u00e9 Crazy Mix &#8211; M\u00e9lange d&rsquo;agrumes acidul\u00e9s Fruit du dragon &#8211; Fruit du [&hellip;]<\/p>\n","protected":false},"featured_media":203237,"template":"","meta":[],"product_brand":[],"product_cat":[4564,1888,1903,1900],"product_tag":[],"class_list":{"0":"post-203233","1":"product","2":"type-product","3":"status-publish","4":"has-post-thumbnail","6":"product_cat-snus-en-sachet","7":"product_cat-tabac","8":"product_cat-tabac-a-macher-snus","9":"product_cat-tabac-a-macher-snus-dans-un-sac","11":"first","12":"onbackorder","13":"purchasable","14":"product-type-variable"},"yoast_head":"<!-- This site is optimized with the Yoast SEO plugin v27.0 - https:\/\/yoast.com\/product\/yoast-seo-wordpress\/ -->\n<title>-<\/title>\n<meta name=\"description\" content=\"Iceberg All White Ultra (16g) | Un tr\u00e8s grand choix de produits du tabac et d&#039;accessoires pour fumeurs de premi\u00e8re qualit\u00e9 dans toute la Suisse | Cartes accept\u00e9es !\" \/>\n<meta name=\"robots\" content=\"index, follow, max-snippet:-1, max-image-preview:large, max-video-preview:-1\" \/>\n<link rel=\"canonical\" href=\"https:\/\/www.tabakversand.ch\/fr\/produit\/iceberg-all-white-ultra-16-g\/\" \/>\n<meta property=\"og:locale\" content=\"fr_FR\" \/>\n<meta property=\"og:type\" content=\"article\" \/>\n<meta property=\"og:title\" content=\"-\" \/>\n<meta property=\"og:description\" content=\"Iceberg All White Ultra (16g) | Un tr\u00e8s grand choix de produits du tabac et d&#039;accessoires pour fumeurs de premi\u00e8re qualit\u00e9 dans toute la Suisse | Cartes accept\u00e9es !\" \/>\n<meta property=\"og:url\" content=\"https:\/\/www.tabakversand.ch\/fr\/produit\/iceberg-all-white-ultra-16-g\/\" \/>\n<meta property=\"og:site_name\" content=\"Tabakversand.ch | Alles aus der Welt des Tabaks\" \/>\n<meta property=\"article:modified_time\" content=\"2025-10-09T13:40:21+00:00\" \/>\n<meta property=\"og:image\" content=\"https:\/\/www.tabakversand.ch\/wp-content\/uploads\/2025\/10\/iceberg-all-white-ultra-16g-all.jpg\" \/>\n\t<meta property=\"og:image:width\" content=\"500\" \/>\n\t<meta property=\"og:image:height\" content=\"500\" \/>\n\t<meta property=\"og:image:type\" content=\"image\/jpeg\" \/>\n<meta name=\"twitter:card\" content=\"summary_large_image\" \/>\n<meta name=\"twitter:label1\" content=\"Dur\u00e9e de lecture estim\u00e9e\" \/>\n\t<meta name=\"twitter:data1\" content=\"2 minutes\" \/>\n<script type=\"application\/ld+json\" class=\"yoast-schema-graph\">{\"@context\":\"https:\/\/schema.org\",\"@graph\":[{\"@type\":\"WebPage\",\"@id\":\"https:\/\/www.tabakversand.ch\/fr\/produit\/iceberg-all-white-ultra-16-g\/\",\"url\":\"https:\/\/www.tabakversand.ch\/fr\/produit\/iceberg-all-white-ultra-16-g\/\",\"name\":\"-\",\"isPartOf\":{\"@id\":\"https:\/\/www.tabakversand.ch\/#website\"},\"primaryImageOfPage\":{\"@id\":\"https:\/\/www.tabakversand.ch\/fr\/produit\/iceberg-all-white-ultra-16-g\/#primaryimage\"},\"image\":{\"@id\":\"https:\/\/www.tabakversand.ch\/fr\/produit\/iceberg-all-white-ultra-16-g\/#primaryimage\"},\"thumbnailUrl\":\"https:\/\/www.tabakversand.ch\/wp-content\/uploads\/2025\/10\/iceberg-all-white-ultra-16g-all.jpg\",\"datePublished\":\"2025-10-09T13:11:54+00:00\",\"dateModified\":\"2025-10-09T13:40:21+00:00\",\"description\":\"Iceberg All White Ultra (16g) | Un tr\u00e8s grand choix de produits du tabac et d'accessoires pour fumeurs de premi\u00e8re qualit\u00e9 dans toute la Suisse | Cartes accept\u00e9es !\",\"breadcrumb\":{\"@id\":\"https:\/\/www.tabakversand.ch\/fr\/produit\/iceberg-all-white-ultra-16-g\/#breadcrumb\"},\"inLanguage\":\"fr-FR\",\"potentialAction\":[{\"@type\":\"ReadAction\",\"target\":[\"https:\/\/www.tabakversand.ch\/fr\/produit\/iceberg-all-white-ultra-16-g\/\"]}]},{\"@type\":\"ImageObject\",\"inLanguage\":\"fr-FR\",\"@id\":\"https:\/\/www.tabakversand.ch\/fr\/produit\/iceberg-all-white-ultra-16-g\/#primaryimage\",\"url\":\"https:\/\/www.tabakversand.ch\/wp-content\/uploads\/2025\/10\/iceberg-all-white-ultra-16g-all.jpg\",\"contentUrl\":\"https:\/\/www.tabakversand.ch\/wp-content\/uploads\/2025\/10\/iceberg-all-white-ultra-16g-all.jpg\",\"width\":500,\"height\":500,\"caption\":\"Iceberg All White Ultra (16 g) | tabakversand.ch\"},{\"@type\":\"BreadcrumbList\",\"@id\":\"https:\/\/www.tabakversand.ch\/fr\/produit\/iceberg-all-white-ultra-16-g\/#breadcrumb\",\"itemListElement\":[{\"@type\":\"ListItem\",\"position\":1,\"name\":\"Startseite\",\"item\":\"https:\/\/www.tabakversand.ch\/\"},{\"@type\":\"ListItem\",\"position\":2,\"name\":\"Boutique\",\"item\":\"https:\/\/www.tabakversand.ch\/fr\/boutique\/\"},{\"@type\":\"ListItem\",\"position\":3,\"name\":\"Iceberg All White Ultra (16 g)\"}]},{\"@type\":\"WebSite\",\"@id\":\"https:\/\/www.tabakversand.ch\/#website\",\"url\":\"https:\/\/www.tabakversand.ch\/\",\"name\":\"Tabakversand.ch | Alles aus der Welt des Tabaks\",\"description\":\"Smoke and carpe diem\",\"potentialAction\":[{\"@type\":\"SearchAction\",\"target\":{\"@type\":\"EntryPoint\",\"urlTemplate\":\"https:\/\/www.tabakversand.ch\/?s={search_term_string}\"},\"query-input\":{\"@type\":\"PropertyValueSpecification\",\"valueRequired\":true,\"valueName\":\"search_term_string\"}}],\"inLanguage\":\"fr-FR\"}]}<\/script>\n<!-- \/ Yoast SEO plugin. -->","yoast_head_json":{"title":"-","description":"Iceberg All White Ultra (16g) | Un tr\u00e8s grand choix de produits du tabac et d'accessoires pour fumeurs de premi\u00e8re qualit\u00e9 dans toute la Suisse | Cartes accept\u00e9es !","robots":{"index":"index","follow":"follow","max-snippet":"max-snippet:-1","max-image-preview":"max-image-preview:large","max-video-preview":"max-video-preview:-1"},"canonical":"https:\/\/www.tabakversand.ch\/fr\/produit\/iceberg-all-white-ultra-16-g\/","og_locale":"fr_FR","og_type":"article","og_title":"-","og_description":"Iceberg All White Ultra (16g) | Un tr\u00e8s grand choix de produits du tabac et d'accessoires pour fumeurs de premi\u00e8re qualit\u00e9 dans toute la Suisse | Cartes accept\u00e9es !","og_url":"https:\/\/www.tabakversand.ch\/fr\/produit\/iceberg-all-white-ultra-16-g\/","og_site_name":"Tabakversand.ch | Alles aus der Welt des Tabaks","article_modified_time":"2025-10-09T13:40:21+00:00","og_image":[{"width":500,"height":500,"url":"https:\/\/www.tabakversand.ch\/wp-content\/uploads\/2025\/10\/iceberg-all-white-ultra-16g-all.jpg","type":"image\/jpeg"}],"twitter_card":"summary_large_image","twitter_misc":{"Dur\u00e9e de lecture estim\u00e9e":"2 minutes"},"schema":{"@context":"https:\/\/schema.org","@graph":[{"@type":"WebPage","@id":"https:\/\/www.tabakversand.ch\/fr\/produit\/iceberg-all-white-ultra-16-g\/","url":"https:\/\/www.tabakversand.ch\/fr\/produit\/iceberg-all-white-ultra-16-g\/","name":"-","isPartOf":{"@id":"https:\/\/www.tabakversand.ch\/#website"},"primaryImageOfPage":{"@id":"https:\/\/www.tabakversand.ch\/fr\/produit\/iceberg-all-white-ultra-16-g\/#primaryimage"},"image":{"@id":"https:\/\/www.tabakversand.ch\/fr\/produit\/iceberg-all-white-ultra-16-g\/#primaryimage"},"thumbnailUrl":"https:\/\/www.tabakversand.ch\/wp-content\/uploads\/2025\/10\/iceberg-all-white-ultra-16g-all.jpg","datePublished":"2025-10-09T13:11:54+00:00","dateModified":"2025-10-09T13:40:21+00:00","description":"Iceberg All White Ultra (16g) | Un tr\u00e8s grand choix de produits du tabac et d'accessoires pour fumeurs de premi\u00e8re qualit\u00e9 dans toute la Suisse | Cartes accept\u00e9es !","breadcrumb":{"@id":"https:\/\/www.tabakversand.ch\/fr\/produit\/iceberg-all-white-ultra-16-g\/#breadcrumb"},"inLanguage":"fr-FR","potentialAction":[{"@type":"ReadAction","target":["https:\/\/www.tabakversand.ch\/fr\/produit\/iceberg-all-white-ultra-16-g\/"]}]},{"@type":"ImageObject","inLanguage":"fr-FR","@id":"https:\/\/www.tabakversand.ch\/fr\/produit\/iceberg-all-white-ultra-16-g\/#primaryimage","url":"https:\/\/www.tabakversand.ch\/wp-content\/uploads\/2025\/10\/iceberg-all-white-ultra-16g-all.jpg","contentUrl":"https:\/\/www.tabakversand.ch\/wp-content\/uploads\/2025\/10\/iceberg-all-white-ultra-16g-all.jpg","width":500,"height":500,"caption":"Iceberg All White Ultra (16 g) | tabakversand.ch"},{"@type":"BreadcrumbList","@id":"https:\/\/www.tabakversand.ch\/fr\/produit\/iceberg-all-white-ultra-16-g\/#breadcrumb","itemListElement":[{"@type":"ListItem","position":1,"name":"Startseite","item":"https:\/\/www.tabakversand.ch\/"},{"@type":"ListItem","position":2,"name":"Boutique","item":"https:\/\/www.tabakversand.ch\/fr\/boutique\/"},{"@type":"ListItem","position":3,"name":"Iceberg All White Ultra (16 g)"}]},{"@type":"WebSite","@id":"https:\/\/www.tabakversand.ch\/#website","url":"https:\/\/www.tabakversand.ch\/","name":"Tabakversand.ch | Alles aus der Welt des Tabaks","description":"Smoke and carpe diem","potentialAction":[{"@type":"SearchAction","target":{"@type":"EntryPoint","urlTemplate":"https:\/\/www.tabakversand.ch\/?s={search_term_string}"},"query-input":{"@type":"PropertyValueSpecification","valueRequired":true,"valueName":"search_term_string"}}],"inLanguage":"fr-FR"}]}},"_links":{"self":[{"href":"https:\/\/www.tabakversand.ch\/fr\/wp-json\/wp\/v2\/product\/203233","targetHints":{"allow":["GET"]}}],"collection":[{"href":"https:\/\/www.tabakversand.ch\/fr\/wp-json\/wp\/v2\/product"}],"about":[{"href":"https:\/\/www.tabakversand.ch\/fr\/wp-json\/wp\/v2\/types\/product"}],"version-history":[{"count":3,"href":"https:\/\/www.tabakversand.ch\/fr\/wp-json\/wp\/v2\/product\/203233\/revisions"}],"predecessor-version":[{"id":203344,"href":"https:\/\/www.tabakversand.ch\/fr\/wp-json\/wp\/v2\/product\/203233\/revisions\/203344"}],"wp:featuredmedia":[{"embeddable":true,"href":"https:\/\/www.tabakversand.ch\/fr\/wp-json\/wp\/v2\/media\/203237"}],"wp:attachment":[{"href":"https:\/\/www.tabakversand.ch\/fr\/wp-json\/wp\/v2\/media?parent=203233"}],"wp:term":[{"taxonomy":"product_brand","embeddable":true,"href":"https:\/\/www.tabakversand.ch\/fr\/wp-json\/wp\/v2\/product_brand?post=203233"},{"taxonomy":"product_cat","embeddable":true,"href":"https:\/\/www.tabakversand.ch\/fr\/wp-json\/wp\/v2\/product_cat?post=203233"},{"taxonomy":"product_tag","embeddable":true,"href":"https:\/\/www.tabakversand.ch\/fr\/wp-json\/wp\/v2\/product_tag?post=203233"}],"curies":[{"name":"wp","href":"https:\/\/api.w.org\/{rel}","templated":true}]}}