{"id":203544,"date":"2025-10-13T13:28:22","date_gmt":"2025-10-13T11:28:22","guid":{"rendered":"https:\/\/www.tabakversand.ch\/?post_type=product&#038;p=203544"},"modified":"2025-10-13T14:02:17","modified_gmt":"2025-10-13T12:02:17","slug":"cure-dents-zunder-melon","status":"publish","type":"product","link":"https:\/\/www.tabakversand.ch\/fr\/produit\/cure-dents-zunder-melon\/","title":{"rendered":"Cure-dents Zunder Melon"},"content":{"rendered":"<p>Cure-dents Zunder Melon<\/p>\n<p>Zunder Melon combine la past\u00e8que juteuse avec le cantaloup sucr\u00e9 pour une exp\u00e9rience gustative exotique et fruit\u00e9e.<\/p>\n<p>Ingr\u00e9dients : Cure-dents en bouleau, ar\u00f4me (contient du limon\u00e8ne et du E-900), \u00e9dulcorant (extrait de st\u00e9via)<\/p>\n<ul>\n<li>80 cure-dents dans une \u00e9l\u00e9gante bo\u00eete en m\u00e9tal ou 80 cure-dents dans un sac de recharge pratique.<\/li>\n<li>Ingr\u00e9dients : Cure-dents en bouleau, ar\u00f4me (contient du limon\u00e8ne et du E-900), \u00e9dulcorant (extrait de st\u00e9via)<\/li>\n<li>Le go\u00fbt est meilleur dans le mois suivant l&rsquo;ouverture.<\/li>\n<\/ul>\n<p>Tous les prix ne sont valables que pour les commandes en ligne et incluent la TVA, sont sujets \u00e0 changement plus les frais d\u2019exp\u00e9dition. Erreurs, changements dans l\u2019\u00e9tendue de la livraison et de la conception, erreurs d\u2019impression et changements de prix r\u00e9serv\u00e9s. Les prix barr\u00e9s sont stattpreise. L\u2019illustration peut diff\u00e9rer de l\u2019original\/de l\u2019\u00e9tendue de la livraison.*Livraison gratuite \u00e0 partir de CHF 250.- valeur de la commande.<\/p>\n","protected":false},"excerpt":{"rendered":"<p>Cure-dents Zunder Melon Zunder Melon combine la past\u00e8que juteuse avec le cantaloup sucr\u00e9 pour une exp\u00e9rience gustative exotique et fruit\u00e9e. Ingr\u00e9dients : Cure-dents en bouleau, ar\u00f4me (contient du limon\u00e8ne et du E-900), \u00e9dulcorant (extrait de st\u00e9via) 80 cure-dents dans une \u00e9l\u00e9gante bo\u00eete en m\u00e9tal ou 80 cure-dents dans un sac de recharge pratique. Ingr\u00e9dients : [&hellip;]<\/p>\n","protected":false},"featured_media":203564,"template":"","meta":[],"product_brand":[],"product_cat":[4933,1995],"product_tag":[],"class_list":{"0":"post-203544","1":"product","2":"type-product","3":"status-publish","4":"has-post-thumbnail","6":"product_cat-cure-dent","7":"product_cat-divers-headshop","8":"pa_auswahl-boite-80-pieces","9":"pa_auswahl-sachets-de-recharge-80-pieces","11":"first","12":"onbackorder","13":"purchasable","14":"product-type-variable"},"yoast_head":"<!-- This site is optimized with the Yoast SEO plugin v27.5 - https:\/\/yoast.com\/product\/yoast-seo-wordpress\/ -->\n<title>Cure-dents Zunder Melon - tabakversand.ch<\/title>\n<meta name=\"description\" content=\"Cure-dents Zunder Melon | Un grand choix de briquets Zippo originaux et d&#039;accessoires Zippo dans toute la Suisse | Cartes accept\u00e9es !\" \/>\n<meta name=\"robots\" content=\"index, follow, max-snippet:-1, max-image-preview:large, max-video-preview:-1\" \/>\n<link rel=\"canonical\" href=\"https:\/\/www.tabakversand.ch\/fr\/produit\/cure-dents-zunder-melon\/\" \/>\n<meta property=\"og:locale\" content=\"fr_FR\" \/>\n<meta property=\"og:type\" content=\"article\" \/>\n<meta property=\"og:title\" content=\"Cure-dents Zunder Melon - tabakversand.ch\" \/>\n<meta property=\"og:description\" content=\"Cure-dents Zunder Melon | Un grand choix de briquets Zippo originaux et d&#039;accessoires Zippo dans toute la Suisse | Cartes accept\u00e9es !\" \/>\n<meta property=\"og:url\" content=\"https:\/\/www.tabakversand.ch\/fr\/produit\/cure-dents-zunder-melon\/\" \/>\n<meta property=\"og:site_name\" content=\"Tabakversand.ch | Alles aus der Welt des Tabaks\" \/>\n<meta property=\"article:modified_time\" content=\"2025-10-13T12:02:17+00:00\" \/>\n<meta property=\"og:image\" content=\"https:\/\/www.tabakversand.ch\/wp-content\/uploads\/2025\/10\/zunder-melon.jpg\" \/>\n\t<meta property=\"og:image:width\" content=\"500\" \/>\n\t<meta property=\"og:image:height\" content=\"500\" \/>\n\t<meta property=\"og:image:type\" content=\"image\/jpeg\" \/>\n<meta name=\"twitter:card\" content=\"summary_large_image\" \/>\n<meta name=\"twitter:label1\" content=\"Dur\u00e9e de lecture estim\u00e9e\" \/>\n\t<meta name=\"twitter:data1\" content=\"1 minute\" \/>\n<script type=\"application\/ld+json\" class=\"yoast-schema-graph\">{\"@context\":\"https:\\\/\\\/schema.org\",\"@graph\":[{\"@type\":\"WebPage\",\"@id\":\"https:\\\/\\\/www.tabakversand.ch\\\/fr\\\/produit\\\/cure-dents-zunder-melon\\\/\",\"url\":\"https:\\\/\\\/www.tabakversand.ch\\\/fr\\\/produit\\\/cure-dents-zunder-melon\\\/\",\"name\":\"Cure-dents Zunder Melon - tabakversand.ch\",\"isPartOf\":{\"@id\":\"https:\\\/\\\/www.tabakversand.ch\\\/#website\"},\"primaryImageOfPage\":{\"@id\":\"https:\\\/\\\/www.tabakversand.ch\\\/fr\\\/produit\\\/cure-dents-zunder-melon\\\/#primaryimage\"},\"image\":{\"@id\":\"https:\\\/\\\/www.tabakversand.ch\\\/fr\\\/produit\\\/cure-dents-zunder-melon\\\/#primaryimage\"},\"thumbnailUrl\":\"https:\\\/\\\/www.tabakversand.ch\\\/wp-content\\\/uploads\\\/2025\\\/10\\\/zunder-melon.jpg\",\"datePublished\":\"2025-10-13T11:28:22+00:00\",\"dateModified\":\"2025-10-13T12:02:17+00:00\",\"description\":\"Cure-dents Zunder Melon | Un grand choix de briquets Zippo originaux et d'accessoires Zippo dans toute la Suisse | Cartes accept\u00e9es !\",\"breadcrumb\":{\"@id\":\"https:\\\/\\\/www.tabakversand.ch\\\/fr\\\/produit\\\/cure-dents-zunder-melon\\\/#breadcrumb\"},\"inLanguage\":\"fr-FR\",\"potentialAction\":[{\"@type\":\"ReadAction\",\"target\":[\"https:\\\/\\\/www.tabakversand.ch\\\/fr\\\/produit\\\/cure-dents-zunder-melon\\\/\"]}]},{\"@type\":\"ImageObject\",\"inLanguage\":\"fr-FR\",\"@id\":\"https:\\\/\\\/www.tabakversand.ch\\\/fr\\\/produit\\\/cure-dents-zunder-melon\\\/#primaryimage\",\"url\":\"https:\\\/\\\/www.tabakversand.ch\\\/wp-content\\\/uploads\\\/2025\\\/10\\\/zunder-melon.jpg\",\"contentUrl\":\"https:\\\/\\\/www.tabakversand.ch\\\/wp-content\\\/uploads\\\/2025\\\/10\\\/zunder-melon.jpg\",\"width\":500,\"height\":500,\"caption\":\"Cure-dents Tinder Melon | tabakversand.ch\"},{\"@type\":\"BreadcrumbList\",\"@id\":\"https:\\\/\\\/www.tabakversand.ch\\\/fr\\\/produit\\\/cure-dents-zunder-melon\\\/#breadcrumb\",\"itemListElement\":[{\"@type\":\"ListItem\",\"position\":1,\"name\":\"Startseite\",\"item\":\"https:\\\/\\\/www.tabakversand.ch\\\/\"},{\"@type\":\"ListItem\",\"position\":2,\"name\":\"Boutique\",\"item\":\"https:\\\/\\\/www.tabakversand.ch\\\/fr\\\/boutique\\\/\"},{\"@type\":\"ListItem\",\"position\":3,\"name\":\"Cure-dents Zunder Melon\"}]},{\"@type\":\"WebSite\",\"@id\":\"https:\\\/\\\/www.tabakversand.ch\\\/#website\",\"url\":\"https:\\\/\\\/www.tabakversand.ch\\\/\",\"name\":\"Tabakversand.ch | Alles aus der Welt des Tabaks\",\"description\":\"Smoke and carpe diem\",\"potentialAction\":[{\"@type\":\"SearchAction\",\"target\":{\"@type\":\"EntryPoint\",\"urlTemplate\":\"https:\\\/\\\/www.tabakversand.ch\\\/?s={search_term_string}\"},\"query-input\":{\"@type\":\"PropertyValueSpecification\",\"valueRequired\":true,\"valueName\":\"search_term_string\"}}],\"inLanguage\":\"fr-FR\"}]}<\/script>\n<!-- \/ Yoast SEO plugin. -->","yoast_head_json":{"title":"Cure-dents Zunder Melon - tabakversand.ch","description":"Cure-dents Zunder Melon | Un grand choix de briquets Zippo originaux et d'accessoires Zippo dans toute la Suisse | Cartes accept\u00e9es !","robots":{"index":"index","follow":"follow","max-snippet":"max-snippet:-1","max-image-preview":"max-image-preview:large","max-video-preview":"max-video-preview:-1"},"canonical":"https:\/\/www.tabakversand.ch\/fr\/produit\/cure-dents-zunder-melon\/","og_locale":"fr_FR","og_type":"article","og_title":"Cure-dents Zunder Melon - tabakversand.ch","og_description":"Cure-dents Zunder Melon | Un grand choix de briquets Zippo originaux et d'accessoires Zippo dans toute la Suisse | Cartes accept\u00e9es !","og_url":"https:\/\/www.tabakversand.ch\/fr\/produit\/cure-dents-zunder-melon\/","og_site_name":"Tabakversand.ch | Alles aus der Welt des Tabaks","article_modified_time":"2025-10-13T12:02:17+00:00","og_image":[{"width":500,"height":500,"url":"https:\/\/www.tabakversand.ch\/wp-content\/uploads\/2025\/10\/zunder-melon.jpg","type":"image\/jpeg"}],"twitter_card":"summary_large_image","twitter_misc":{"Dur\u00e9e de lecture estim\u00e9e":"1 minute"},"schema":{"@context":"https:\/\/schema.org","@graph":[{"@type":"WebPage","@id":"https:\/\/www.tabakversand.ch\/fr\/produit\/cure-dents-zunder-melon\/","url":"https:\/\/www.tabakversand.ch\/fr\/produit\/cure-dents-zunder-melon\/","name":"Cure-dents Zunder Melon - tabakversand.ch","isPartOf":{"@id":"https:\/\/www.tabakversand.ch\/#website"},"primaryImageOfPage":{"@id":"https:\/\/www.tabakversand.ch\/fr\/produit\/cure-dents-zunder-melon\/#primaryimage"},"image":{"@id":"https:\/\/www.tabakversand.ch\/fr\/produit\/cure-dents-zunder-melon\/#primaryimage"},"thumbnailUrl":"https:\/\/www.tabakversand.ch\/wp-content\/uploads\/2025\/10\/zunder-melon.jpg","datePublished":"2025-10-13T11:28:22+00:00","dateModified":"2025-10-13T12:02:17+00:00","description":"Cure-dents Zunder Melon | Un grand choix de briquets Zippo originaux et d'accessoires Zippo dans toute la Suisse | Cartes accept\u00e9es !","breadcrumb":{"@id":"https:\/\/www.tabakversand.ch\/fr\/produit\/cure-dents-zunder-melon\/#breadcrumb"},"inLanguage":"fr-FR","potentialAction":[{"@type":"ReadAction","target":["https:\/\/www.tabakversand.ch\/fr\/produit\/cure-dents-zunder-melon\/"]}]},{"@type":"ImageObject","inLanguage":"fr-FR","@id":"https:\/\/www.tabakversand.ch\/fr\/produit\/cure-dents-zunder-melon\/#primaryimage","url":"https:\/\/www.tabakversand.ch\/wp-content\/uploads\/2025\/10\/zunder-melon.jpg","contentUrl":"https:\/\/www.tabakversand.ch\/wp-content\/uploads\/2025\/10\/zunder-melon.jpg","width":500,"height":500,"caption":"Cure-dents Tinder Melon | tabakversand.ch"},{"@type":"BreadcrumbList","@id":"https:\/\/www.tabakversand.ch\/fr\/produit\/cure-dents-zunder-melon\/#breadcrumb","itemListElement":[{"@type":"ListItem","position":1,"name":"Startseite","item":"https:\/\/www.tabakversand.ch\/"},{"@type":"ListItem","position":2,"name":"Boutique","item":"https:\/\/www.tabakversand.ch\/fr\/boutique\/"},{"@type":"ListItem","position":3,"name":"Cure-dents Zunder Melon"}]},{"@type":"WebSite","@id":"https:\/\/www.tabakversand.ch\/#website","url":"https:\/\/www.tabakversand.ch\/","name":"Tabakversand.ch | Alles aus der Welt des Tabaks","description":"Smoke and carpe diem","potentialAction":[{"@type":"SearchAction","target":{"@type":"EntryPoint","urlTemplate":"https:\/\/www.tabakversand.ch\/?s={search_term_string}"},"query-input":{"@type":"PropertyValueSpecification","valueRequired":true,"valueName":"search_term_string"}}],"inLanguage":"fr-FR"}]}},"_links":{"self":[{"href":"https:\/\/www.tabakversand.ch\/fr\/wp-json\/wp\/v2\/product\/203544","targetHints":{"allow":["GET"]}}],"collection":[{"href":"https:\/\/www.tabakversand.ch\/fr\/wp-json\/wp\/v2\/product"}],"about":[{"href":"https:\/\/www.tabakversand.ch\/fr\/wp-json\/wp\/v2\/types\/product"}],"version-history":[{"count":3,"href":"https:\/\/www.tabakversand.ch\/fr\/wp-json\/wp\/v2\/product\/203544\/revisions"}],"predecessor-version":[{"id":203574,"href":"https:\/\/www.tabakversand.ch\/fr\/wp-json\/wp\/v2\/product\/203544\/revisions\/203574"}],"wp:featuredmedia":[{"embeddable":true,"href":"https:\/\/www.tabakversand.ch\/fr\/wp-json\/wp\/v2\/media\/203564"}],"wp:attachment":[{"href":"https:\/\/www.tabakversand.ch\/fr\/wp-json\/wp\/v2\/media?parent=203544"}],"wp:term":[{"taxonomy":"product_brand","embeddable":true,"href":"https:\/\/www.tabakversand.ch\/fr\/wp-json\/wp\/v2\/product_brand?post=203544"},{"taxonomy":"product_cat","embeddable":true,"href":"https:\/\/www.tabakversand.ch\/fr\/wp-json\/wp\/v2\/product_cat?post=203544"},{"taxonomy":"product_tag","embeddable":true,"href":"https:\/\/www.tabakversand.ch\/fr\/wp-json\/wp\/v2\/product_tag?post=203544"}],"curies":[{"name":"wp","href":"https:\/\/api.w.org\/{rel}","templated":true}]}}