{"id":203889,"date":"2025-10-16T15:11:35","date_gmt":"2025-10-16T13:11:35","guid":{"rendered":"https:\/\/www.tabakversand.ch\/?post_type=product&#038;p=203889"},"modified":"2026-01-22T07:41:13","modified_gmt":"2026-01-22T06:41:13","slug":"filtres-wusels-1-x-150-pieces","status":"publish","type":"product","link":"https:\/\/www.tabakversand.ch\/fr\/produit\/filtres-wusels-1-x-150-pieces\/","title":{"rendered":"Filtres Wusels 1 x 150 pi\u00e8ces."},"content":{"rendered":"<p>Filtres Wusels 1 x 150 pi\u00e8ces.<\/p>\n<p>\u00ab\u00a0wuzeln\u00a0\u00bb = bavarois\/autrichien, famili\u00e8rement \u00ab\u00a0tourner, envelopper\u00a0\u00bb<br \/>\n Comme son nom l&rsquo;indique, ce sont des filtres optimis\u00e9s pour rouler vos propres cigarettes.<br \/>\n Nous vous proposons des papiers \u00e9pais et robustes qui restent faciles \u00e0 rouler gr\u00e2ce au grain correct du papier.<br \/>\n De plus, le choix entre deux formats diff\u00e9rents et du papier perfor\u00e9 ou non perfor\u00e9 simplifie la s\u00e9lection. Ce n&rsquo;est pas compliqu\u00e9 et ne demande pas beaucoup de fioritures, mais cela offre un nombre de feuilles correct par livret.<br \/>\n Alors, essayons \u00e7a, d&rsquo;accord ? <\/p>\n<ul>\n<li>150 feuilles<\/li>\n<li>Dimensions : 6,9 cm x 3 cm<\/li>\n<li>papier \u00e9pais, correctement fibr\u00e9, qui assure la stabilit\u00e9 et une torsion facile<\/li>\n<\/ul>\n<p>Tous les prix s&rsquo;appliquent uniquement aux commandes en ligne et incluent la TVA. Sous r\u00e9serve de modifications sans pr\u00e9avis, frais de livraison en sus. Sous r\u00e9serve d&rsquo;erreurs, de modifications de contenu de livraison et de conception, de fautes d&rsquo;impression et de modifications de prix. Les prix barr\u00e9s sont des prix de remplacement. Les illustrations peuvent diff\u00e9rer de l&rsquo;original\/du contenu de livraison.<br \/>\n*Livraison gratuite pour les commandes sup\u00e9rieures \u00e0 CHF 250.-.<\/p>\n","protected":false},"excerpt":{"rendered":"<p>Filtres Wusels 1 x 150 pi\u00e8ces. \u00ab\u00a0wuzeln\u00a0\u00bb = bavarois\/autrichien, famili\u00e8rement \u00ab\u00a0tourner, envelopper\u00a0\u00bb Comme son nom l&rsquo;indique, ce sont des filtres optimis\u00e9s pour rouler vos propres cigarettes. Nous vous proposons des papiers \u00e9pais et robustes qui restent faciles \u00e0 rouler gr\u00e2ce au grain correct du papier. De plus, le choix entre deux formats diff\u00e9rents et du [&hellip;]<\/p>\n","protected":false},"featured_media":203893,"template":"","meta":[],"product_brand":[],"product_cat":[3219,1961,5184,1995,3231,2014],"product_tag":[],"class_list":{"0":"post-203889","1":"product","2":"type-product","3":"status-publish","4":"has-post-thumbnail","6":"product_cat-boutique-de-tete","7":"product_cat-cigarettes-self-made-fr-2","8":"product_cat-conseils-de-filtre","9":"product_cat-divers-headshop","10":"product_cat-filtre","11":"product_cat-filtres-a-cigarettes","13":"first","14":"onbackorder","15":"purchasable","16":"product-type-simple"},"yoast_head":"<!-- This site is optimized with the Yoast SEO plugin v27.5 - https:\/\/yoast.com\/product\/yoast-seo-wordpress\/ -->\n<title>Filtres Wusels 1 x 150 pi\u00e8ces. - Tabakversand.ch | Alles aus der Welt des Tabaks<\/title>\n<meta name=\"description\" content=\"Filtres Wusels 1 x 150 pi\u00e8ces. | Un tr\u00e8s grand choix de produits du tabac, e-smoke et ustensiles pour fumer dans toute la Suisse | Cartes accept\u00e9es !\" \/>\n<meta name=\"robots\" content=\"index, follow, max-snippet:-1, max-image-preview:large, max-video-preview:-1\" \/>\n<link rel=\"canonical\" href=\"https:\/\/www.tabakversand.ch\/fr\/produit\/filtres-wusels-1-x-150-pieces\/\" \/>\n<meta property=\"og:locale\" content=\"fr_FR\" \/>\n<meta property=\"og:type\" content=\"article\" \/>\n<meta property=\"og:title\" content=\"Filtres Wusels 1 x 150 pi\u00e8ces. - Tabakversand.ch | Alles aus der Welt des Tabaks\" \/>\n<meta property=\"og:description\" content=\"Filtres Wusels 1 x 150 pi\u00e8ces. | Un tr\u00e8s grand choix de produits du tabac, e-smoke et ustensiles pour fumer dans toute la Suisse | Cartes accept\u00e9es !\" \/>\n<meta property=\"og:url\" content=\"https:\/\/www.tabakversand.ch\/fr\/produit\/filtres-wusels-1-x-150-pieces\/\" \/>\n<meta property=\"og:site_name\" content=\"Tabakversand.ch | Alles aus der Welt des Tabaks\" \/>\n<meta property=\"article:modified_time\" content=\"2026-01-22T06:41:13+00:00\" \/>\n<meta property=\"og:image\" content=\"https:\/\/www.tabakversand.ch\/wp-content\/uploads\/2025\/10\/wusels-filtertip.jpg\" \/>\n\t<meta property=\"og:image:width\" content=\"500\" \/>\n\t<meta property=\"og:image:height\" content=\"500\" \/>\n\t<meta property=\"og:image:type\" content=\"image\/jpeg\" \/>\n<meta name=\"twitter:card\" content=\"summary_large_image\" \/>\n<meta name=\"twitter:label1\" content=\"Dur\u00e9e de lecture estim\u00e9e\" \/>\n\t<meta name=\"twitter:data1\" content=\"2 minutes\" \/>\n<script type=\"application\/ld+json\" class=\"yoast-schema-graph\">{\"@context\":\"https:\\\/\\\/schema.org\",\"@graph\":[{\"@type\":\"WebPage\",\"@id\":\"https:\\\/\\\/www.tabakversand.ch\\\/fr\\\/produit\\\/filtres-wusels-1-x-150-pieces\\\/\",\"url\":\"https:\\\/\\\/www.tabakversand.ch\\\/fr\\\/produit\\\/filtres-wusels-1-x-150-pieces\\\/\",\"name\":\"Filtres Wusels 1 x 150 pi\u00e8ces. - Tabakversand.ch | Alles aus der Welt des Tabaks\",\"isPartOf\":{\"@id\":\"https:\\\/\\\/www.tabakversand.ch\\\/#website\"},\"primaryImageOfPage\":{\"@id\":\"https:\\\/\\\/www.tabakversand.ch\\\/fr\\\/produit\\\/filtres-wusels-1-x-150-pieces\\\/#primaryimage\"},\"image\":{\"@id\":\"https:\\\/\\\/www.tabakversand.ch\\\/fr\\\/produit\\\/filtres-wusels-1-x-150-pieces\\\/#primaryimage\"},\"thumbnailUrl\":\"https:\\\/\\\/www.tabakversand.ch\\\/wp-content\\\/uploads\\\/2025\\\/10\\\/wusels-filtertip.jpg\",\"datePublished\":\"2025-10-16T13:11:35+00:00\",\"dateModified\":\"2026-01-22T06:41:13+00:00\",\"description\":\"Filtres Wusels 1 x 150 pi\u00e8ces. | Un tr\u00e8s grand choix de produits du tabac, e-smoke et ustensiles pour fumer dans toute la Suisse | Cartes accept\u00e9es !\",\"breadcrumb\":{\"@id\":\"https:\\\/\\\/www.tabakversand.ch\\\/fr\\\/produit\\\/filtres-wusels-1-x-150-pieces\\\/#breadcrumb\"},\"inLanguage\":\"fr-FR\",\"potentialAction\":[{\"@type\":\"ReadAction\",\"target\":[\"https:\\\/\\\/www.tabakversand.ch\\\/fr\\\/produit\\\/filtres-wusels-1-x-150-pieces\\\/\"]}]},{\"@type\":\"ImageObject\",\"inLanguage\":\"fr-FR\",\"@id\":\"https:\\\/\\\/www.tabakversand.ch\\\/fr\\\/produit\\\/filtres-wusels-1-x-150-pieces\\\/#primaryimage\",\"url\":\"https:\\\/\\\/www.tabakversand.ch\\\/wp-content\\\/uploads\\\/2025\\\/10\\\/wusels-filtertip.jpg\",\"contentUrl\":\"https:\\\/\\\/www.tabakversand.ch\\\/wp-content\\\/uploads\\\/2025\\\/10\\\/wusels-filtertip.jpg\",\"width\":500,\"height\":500,\"caption\":\"Filtres Wusels 1 x 150 pi\u00e8ces. | tabakversand.ch\"},{\"@type\":\"BreadcrumbList\",\"@id\":\"https:\\\/\\\/www.tabakversand.ch\\\/fr\\\/produit\\\/filtres-wusels-1-x-150-pieces\\\/#breadcrumb\",\"itemListElement\":[{\"@type\":\"ListItem\",\"position\":1,\"name\":\"Startseite\",\"item\":\"https:\\\/\\\/www.tabakversand.ch\\\/\"},{\"@type\":\"ListItem\",\"position\":2,\"name\":\"Boutique\",\"item\":\"https:\\\/\\\/www.tabakversand.ch\\\/fr\\\/boutique\\\/\"},{\"@type\":\"ListItem\",\"position\":3,\"name\":\"Filtres Wusels 1 x 150 pi\u00e8ces.\"}]},{\"@type\":\"WebSite\",\"@id\":\"https:\\\/\\\/www.tabakversand.ch\\\/#website\",\"url\":\"https:\\\/\\\/www.tabakversand.ch\\\/\",\"name\":\"Tabakversand.ch | Alles aus der Welt des Tabaks\",\"description\":\"Smoke and carpe diem\",\"potentialAction\":[{\"@type\":\"SearchAction\",\"target\":{\"@type\":\"EntryPoint\",\"urlTemplate\":\"https:\\\/\\\/www.tabakversand.ch\\\/?s={search_term_string}\"},\"query-input\":{\"@type\":\"PropertyValueSpecification\",\"valueRequired\":true,\"valueName\":\"search_term_string\"}}],\"inLanguage\":\"fr-FR\"}]}<\/script>\n<!-- \/ Yoast SEO plugin. -->","yoast_head_json":{"title":"Filtres Wusels 1 x 150 pi\u00e8ces. - Tabakversand.ch | Alles aus der Welt des Tabaks","description":"Filtres Wusels 1 x 150 pi\u00e8ces. | Un tr\u00e8s grand choix de produits du tabac, e-smoke et ustensiles pour fumer dans toute la Suisse | Cartes accept\u00e9es !","robots":{"index":"index","follow":"follow","max-snippet":"max-snippet:-1","max-image-preview":"max-image-preview:large","max-video-preview":"max-video-preview:-1"},"canonical":"https:\/\/www.tabakversand.ch\/fr\/produit\/filtres-wusels-1-x-150-pieces\/","og_locale":"fr_FR","og_type":"article","og_title":"Filtres Wusels 1 x 150 pi\u00e8ces. - Tabakversand.ch | Alles aus der Welt des Tabaks","og_description":"Filtres Wusels 1 x 150 pi\u00e8ces. | Un tr\u00e8s grand choix de produits du tabac, e-smoke et ustensiles pour fumer dans toute la Suisse | Cartes accept\u00e9es !","og_url":"https:\/\/www.tabakversand.ch\/fr\/produit\/filtres-wusels-1-x-150-pieces\/","og_site_name":"Tabakversand.ch | Alles aus der Welt des Tabaks","article_modified_time":"2026-01-22T06:41:13+00:00","og_image":[{"width":500,"height":500,"url":"https:\/\/www.tabakversand.ch\/wp-content\/uploads\/2025\/10\/wusels-filtertip.jpg","type":"image\/jpeg"}],"twitter_card":"summary_large_image","twitter_misc":{"Dur\u00e9e de lecture estim\u00e9e":"2 minutes"},"schema":{"@context":"https:\/\/schema.org","@graph":[{"@type":"WebPage","@id":"https:\/\/www.tabakversand.ch\/fr\/produit\/filtres-wusels-1-x-150-pieces\/","url":"https:\/\/www.tabakversand.ch\/fr\/produit\/filtres-wusels-1-x-150-pieces\/","name":"Filtres Wusels 1 x 150 pi\u00e8ces. - Tabakversand.ch | Alles aus der Welt des Tabaks","isPartOf":{"@id":"https:\/\/www.tabakversand.ch\/#website"},"primaryImageOfPage":{"@id":"https:\/\/www.tabakversand.ch\/fr\/produit\/filtres-wusels-1-x-150-pieces\/#primaryimage"},"image":{"@id":"https:\/\/www.tabakversand.ch\/fr\/produit\/filtres-wusels-1-x-150-pieces\/#primaryimage"},"thumbnailUrl":"https:\/\/www.tabakversand.ch\/wp-content\/uploads\/2025\/10\/wusels-filtertip.jpg","datePublished":"2025-10-16T13:11:35+00:00","dateModified":"2026-01-22T06:41:13+00:00","description":"Filtres Wusels 1 x 150 pi\u00e8ces. | Un tr\u00e8s grand choix de produits du tabac, e-smoke et ustensiles pour fumer dans toute la Suisse | Cartes accept\u00e9es !","breadcrumb":{"@id":"https:\/\/www.tabakversand.ch\/fr\/produit\/filtres-wusels-1-x-150-pieces\/#breadcrumb"},"inLanguage":"fr-FR","potentialAction":[{"@type":"ReadAction","target":["https:\/\/www.tabakversand.ch\/fr\/produit\/filtres-wusels-1-x-150-pieces\/"]}]},{"@type":"ImageObject","inLanguage":"fr-FR","@id":"https:\/\/www.tabakversand.ch\/fr\/produit\/filtres-wusels-1-x-150-pieces\/#primaryimage","url":"https:\/\/www.tabakversand.ch\/wp-content\/uploads\/2025\/10\/wusels-filtertip.jpg","contentUrl":"https:\/\/www.tabakversand.ch\/wp-content\/uploads\/2025\/10\/wusels-filtertip.jpg","width":500,"height":500,"caption":"Filtres Wusels 1 x 150 pi\u00e8ces. | tabakversand.ch"},{"@type":"BreadcrumbList","@id":"https:\/\/www.tabakversand.ch\/fr\/produit\/filtres-wusels-1-x-150-pieces\/#breadcrumb","itemListElement":[{"@type":"ListItem","position":1,"name":"Startseite","item":"https:\/\/www.tabakversand.ch\/"},{"@type":"ListItem","position":2,"name":"Boutique","item":"https:\/\/www.tabakversand.ch\/fr\/boutique\/"},{"@type":"ListItem","position":3,"name":"Filtres Wusels 1 x 150 pi\u00e8ces."}]},{"@type":"WebSite","@id":"https:\/\/www.tabakversand.ch\/#website","url":"https:\/\/www.tabakversand.ch\/","name":"Tabakversand.ch | Alles aus der Welt des Tabaks","description":"Smoke and carpe diem","potentialAction":[{"@type":"SearchAction","target":{"@type":"EntryPoint","urlTemplate":"https:\/\/www.tabakversand.ch\/?s={search_term_string}"},"query-input":{"@type":"PropertyValueSpecification","valueRequired":true,"valueName":"search_term_string"}}],"inLanguage":"fr-FR"}]}},"_links":{"self":[{"href":"https:\/\/www.tabakversand.ch\/fr\/wp-json\/wp\/v2\/product\/203889","targetHints":{"allow":["GET"]}}],"collection":[{"href":"https:\/\/www.tabakversand.ch\/fr\/wp-json\/wp\/v2\/product"}],"about":[{"href":"https:\/\/www.tabakversand.ch\/fr\/wp-json\/wp\/v2\/types\/product"}],"version-history":[{"count":4,"href":"https:\/\/www.tabakversand.ch\/fr\/wp-json\/wp\/v2\/product\/203889\/revisions"}],"predecessor-version":[{"id":209486,"href":"https:\/\/www.tabakversand.ch\/fr\/wp-json\/wp\/v2\/product\/203889\/revisions\/209486"}],"wp:featuredmedia":[{"embeddable":true,"href":"https:\/\/www.tabakversand.ch\/fr\/wp-json\/wp\/v2\/media\/203893"}],"wp:attachment":[{"href":"https:\/\/www.tabakversand.ch\/fr\/wp-json\/wp\/v2\/media?parent=203889"}],"wp:term":[{"taxonomy":"product_brand","embeddable":true,"href":"https:\/\/www.tabakversand.ch\/fr\/wp-json\/wp\/v2\/product_brand?post=203889"},{"taxonomy":"product_cat","embeddable":true,"href":"https:\/\/www.tabakversand.ch\/fr\/wp-json\/wp\/v2\/product_cat?post=203889"},{"taxonomy":"product_tag","embeddable":true,"href":"https:\/\/www.tabakversand.ch\/fr\/wp-json\/wp\/v2\/product_tag?post=203889"}],"curies":[{"name":"wp","href":"https:\/\/api.w.org\/{rel}","templated":true}]}}