{"id":204032,"date":"2025-10-17T12:43:13","date_gmt":"2025-10-17T10:43:13","guid":{"rendered":"https:\/\/www.tabakversand.ch\/?post_type=product&#038;p=204032"},"modified":"2026-01-22T07:53:13","modified_gmt":"2026-01-22T06:53:13","slug":"filtre-mascotte-predecoupe-6-mm-10x102pcs","status":"publish","type":"product","link":"https:\/\/www.tabakversand.ch\/fr\/produit\/filtre-mascotte-predecoupe-6-mm-10x102pcs\/","title":{"rendered":"Filtre Mascotte Pr\u00e9d\u00e9coup\u00e9 6 mm 10x102pcs."},"content":{"rendered":"<p>Filtre Mascotte Pr\u00e9d\u00e9coup\u00e9 6 mm 10x102pcs.<\/p>\n<p>Confort et qualit\u00e9<\/p>\n<p>Les b\u00e2tonnets filtres Mascotte pr\u00e9d\u00e9coup\u00e9s de 6 mm sont pratiques et pr\u00eats \u00e0 l&#8217;emploi. Leur format compact les rend id\u00e9aux pour une utilisation nomade et garantit une exp\u00e9rience de fumage propre et agr\u00e9able \u00e0 chaque fois. Fabriqu\u00e9s en ac\u00e9tate de haute qualit\u00e9, ces filtres rafra\u00eechissent agr\u00e9ablement la fum\u00e9e et r\u00e9duisent les particules ind\u00e9sirables.  <\/p>\n<p>Tous les prix s&rsquo;appliquent uniquement aux commandes en ligne et incluent la TVA. Sous r\u00e9serve de modifications sans pr\u00e9avis, frais de livraison en sus. Sous r\u00e9serve d&rsquo;erreurs, de modifications de contenu de livraison et de conception, de fautes d&rsquo;impression et de modifications de prix. Les prix barr\u00e9s sont des prix de remplacement. Les illustrations peuvent diff\u00e9rer de l&rsquo;original\/du contenu de livraison.<br \/>\n*Livraison gratuite pour les commandes sup\u00e9rieures \u00e0 CHF 250.-.<\/p>\n","protected":false},"excerpt":{"rendered":"<p>Filtre Mascotte Pr\u00e9d\u00e9coup\u00e9 6 mm 10x102pcs. Confort et qualit\u00e9 Les b\u00e2tonnets filtres Mascotte pr\u00e9d\u00e9coup\u00e9s de 6 mm sont pratiques et pr\u00eats \u00e0 l&#8217;emploi. Leur format compact les rend id\u00e9aux pour une utilisation nomade et garantit une exp\u00e9rience de fumage propre et agr\u00e9able \u00e0 chaque fois. Fabriqu\u00e9s en ac\u00e9tate de haute qualit\u00e9, ces filtres rafra\u00eechissent agr\u00e9ablement [&hellip;]<\/p>\n","protected":false},"featured_media":204036,"template":"","meta":[],"product_brand":[1554],"product_cat":[1961,5187,2014],"product_tag":[],"class_list":{"0":"post-204032","1":"product","2":"type-product","3":"status-publish","4":"has-post-thumbnail","6":"product_brand-mascotte","7":"product_cat-cigarettes-self-made-fr-2","8":"product_cat-filtre","9":"product_cat-filtres-a-cigarettes","11":"first","12":"onbackorder","13":"purchasable","14":"product-type-simple"},"yoast_head":"<!-- This site is optimized with the Yoast SEO plugin v27.0 - https:\/\/yoast.com\/product\/yoast-seo-wordpress\/ -->\n<title>Filtre Mascotte Pr\u00e9d\u00e9coup\u00e9 6 mm 10x102pcs. - Tabakversand.ch | Alles aus der Welt des Tabaks<\/title>\n<meta name=\"description\" content=\"Filtre Mascotte Pr\u00e9d\u00e9coup\u00e9 6 mm 10x102pcs. | Un tr\u00e8s grand choix de produits du tabac, e-smoke et ustensiles pour fumer dans toute la Suisse | Cartes accept\u00e9es !\" \/>\n<meta name=\"robots\" content=\"index, follow, max-snippet:-1, max-image-preview:large, max-video-preview:-1\" \/>\n<link rel=\"canonical\" href=\"https:\/\/www.tabakversand.ch\/fr\/produit\/filtre-mascotte-predecoupe-6-mm-10x102pcs\/\" \/>\n<meta property=\"og:locale\" content=\"fr_FR\" \/>\n<meta property=\"og:type\" content=\"article\" \/>\n<meta property=\"og:title\" content=\"Filtre Mascotte Pr\u00e9d\u00e9coup\u00e9 6 mm 10x102pcs. - Tabakversand.ch | Alles aus der Welt des Tabaks\" \/>\n<meta property=\"og:description\" content=\"Filtre Mascotte Pr\u00e9d\u00e9coup\u00e9 6 mm 10x102pcs. | Un tr\u00e8s grand choix de produits du tabac, e-smoke et ustensiles pour fumer dans toute la Suisse | Cartes accept\u00e9es !\" \/>\n<meta property=\"og:url\" content=\"https:\/\/www.tabakversand.ch\/fr\/produit\/filtre-mascotte-predecoupe-6-mm-10x102pcs\/\" \/>\n<meta property=\"og:site_name\" content=\"Tabakversand.ch | Alles aus der Welt des Tabaks\" \/>\n<meta property=\"article:modified_time\" content=\"2026-01-22T06:53:13+00:00\" \/>\n<meta property=\"og:image\" content=\"https:\/\/www.tabakversand.ch\/wp-content\/uploads\/2025\/10\/mascotte-filter-pre-cut-6mm-zigarettenfilter.jpg\" \/>\n\t<meta property=\"og:image:width\" content=\"499\" \/>\n\t<meta property=\"og:image:height\" content=\"500\" \/>\n\t<meta property=\"og:image:type\" content=\"image\/jpeg\" \/>\n<meta name=\"twitter:card\" content=\"summary_large_image\" \/>\n<meta name=\"twitter:label1\" content=\"Dur\u00e9e de lecture estim\u00e9e\" \/>\n\t<meta name=\"twitter:data1\" content=\"1 minute\" \/>\n<script type=\"application\/ld+json\" class=\"yoast-schema-graph\">{\"@context\":\"https:\/\/schema.org\",\"@graph\":[{\"@type\":\"WebPage\",\"@id\":\"https:\/\/www.tabakversand.ch\/fr\/produit\/filtre-mascotte-predecoupe-6-mm-10x102pcs\/\",\"url\":\"https:\/\/www.tabakversand.ch\/fr\/produit\/filtre-mascotte-predecoupe-6-mm-10x102pcs\/\",\"name\":\"Filtre Mascotte Pr\u00e9d\u00e9coup\u00e9 6 mm 10x102pcs. - Tabakversand.ch | Alles aus der Welt des Tabaks\",\"isPartOf\":{\"@id\":\"https:\/\/www.tabakversand.ch\/#website\"},\"primaryImageOfPage\":{\"@id\":\"https:\/\/www.tabakversand.ch\/fr\/produit\/filtre-mascotte-predecoupe-6-mm-10x102pcs\/#primaryimage\"},\"image\":{\"@id\":\"https:\/\/www.tabakversand.ch\/fr\/produit\/filtre-mascotte-predecoupe-6-mm-10x102pcs\/#primaryimage\"},\"thumbnailUrl\":\"https:\/\/www.tabakversand.ch\/wp-content\/uploads\/2025\/10\/mascotte-filter-pre-cut-6mm-zigarettenfilter.jpg\",\"datePublished\":\"2025-10-17T10:43:13+00:00\",\"dateModified\":\"2026-01-22T06:53:13+00:00\",\"description\":\"Filtre Mascotte Pr\u00e9d\u00e9coup\u00e9 6 mm 10x102pcs. | Un tr\u00e8s grand choix de produits du tabac, e-smoke et ustensiles pour fumer dans toute la Suisse | Cartes accept\u00e9es !\",\"breadcrumb\":{\"@id\":\"https:\/\/www.tabakversand.ch\/fr\/produit\/filtre-mascotte-predecoupe-6-mm-10x102pcs\/#breadcrumb\"},\"inLanguage\":\"fr-FR\",\"potentialAction\":[{\"@type\":\"ReadAction\",\"target\":[\"https:\/\/www.tabakversand.ch\/fr\/produit\/filtre-mascotte-predecoupe-6-mm-10x102pcs\/\"]}]},{\"@type\":\"ImageObject\",\"inLanguage\":\"fr-FR\",\"@id\":\"https:\/\/www.tabakversand.ch\/fr\/produit\/filtre-mascotte-predecoupe-6-mm-10x102pcs\/#primaryimage\",\"url\":\"https:\/\/www.tabakversand.ch\/wp-content\/uploads\/2025\/10\/mascotte-filter-pre-cut-6mm-zigarettenfilter.jpg\",\"contentUrl\":\"https:\/\/www.tabakversand.ch\/wp-content\/uploads\/2025\/10\/mascotte-filter-pre-cut-6mm-zigarettenfilter.jpg\",\"width\":499,\"height\":500,\"caption\":\"Filtre Mascotte Pr\u00e9d\u00e9coup\u00e9 6 mm 10x102pcs. | tabakversand.ch\"},{\"@type\":\"BreadcrumbList\",\"@id\":\"https:\/\/www.tabakversand.ch\/fr\/produit\/filtre-mascotte-predecoupe-6-mm-10x102pcs\/#breadcrumb\",\"itemListElement\":[{\"@type\":\"ListItem\",\"position\":1,\"name\":\"Startseite\",\"item\":\"https:\/\/www.tabakversand.ch\/\"},{\"@type\":\"ListItem\",\"position\":2,\"name\":\"Boutique\",\"item\":\"https:\/\/www.tabakversand.ch\/fr\/boutique\/\"},{\"@type\":\"ListItem\",\"position\":3,\"name\":\"Filtre Mascotte Pr\u00e9d\u00e9coup\u00e9 6 mm 10x102pcs.\"}]},{\"@type\":\"WebSite\",\"@id\":\"https:\/\/www.tabakversand.ch\/#website\",\"url\":\"https:\/\/www.tabakversand.ch\/\",\"name\":\"Tabakversand.ch | Alles aus der Welt des Tabaks\",\"description\":\"Smoke and carpe diem\",\"potentialAction\":[{\"@type\":\"SearchAction\",\"target\":{\"@type\":\"EntryPoint\",\"urlTemplate\":\"https:\/\/www.tabakversand.ch\/?s={search_term_string}\"},\"query-input\":{\"@type\":\"PropertyValueSpecification\",\"valueRequired\":true,\"valueName\":\"search_term_string\"}}],\"inLanguage\":\"fr-FR\"}]}<\/script>\n<!-- \/ Yoast SEO plugin. -->","yoast_head_json":{"title":"Filtre Mascotte Pr\u00e9d\u00e9coup\u00e9 6 mm 10x102pcs. - Tabakversand.ch | Alles aus der Welt des Tabaks","description":"Filtre Mascotte Pr\u00e9d\u00e9coup\u00e9 6 mm 10x102pcs. | Un tr\u00e8s grand choix de produits du tabac, e-smoke et ustensiles pour fumer dans toute la Suisse | Cartes accept\u00e9es !","robots":{"index":"index","follow":"follow","max-snippet":"max-snippet:-1","max-image-preview":"max-image-preview:large","max-video-preview":"max-video-preview:-1"},"canonical":"https:\/\/www.tabakversand.ch\/fr\/produit\/filtre-mascotte-predecoupe-6-mm-10x102pcs\/","og_locale":"fr_FR","og_type":"article","og_title":"Filtre Mascotte Pr\u00e9d\u00e9coup\u00e9 6 mm 10x102pcs. - Tabakversand.ch | Alles aus der Welt des Tabaks","og_description":"Filtre Mascotte Pr\u00e9d\u00e9coup\u00e9 6 mm 10x102pcs. | Un tr\u00e8s grand choix de produits du tabac, e-smoke et ustensiles pour fumer dans toute la Suisse | Cartes accept\u00e9es !","og_url":"https:\/\/www.tabakversand.ch\/fr\/produit\/filtre-mascotte-predecoupe-6-mm-10x102pcs\/","og_site_name":"Tabakversand.ch | Alles aus der Welt des Tabaks","article_modified_time":"2026-01-22T06:53:13+00:00","og_image":[{"width":499,"height":500,"url":"https:\/\/www.tabakversand.ch\/wp-content\/uploads\/2025\/10\/mascotte-filter-pre-cut-6mm-zigarettenfilter.jpg","type":"image\/jpeg"}],"twitter_card":"summary_large_image","twitter_misc":{"Dur\u00e9e de lecture estim\u00e9e":"1 minute"},"schema":{"@context":"https:\/\/schema.org","@graph":[{"@type":"WebPage","@id":"https:\/\/www.tabakversand.ch\/fr\/produit\/filtre-mascotte-predecoupe-6-mm-10x102pcs\/","url":"https:\/\/www.tabakversand.ch\/fr\/produit\/filtre-mascotte-predecoupe-6-mm-10x102pcs\/","name":"Filtre Mascotte Pr\u00e9d\u00e9coup\u00e9 6 mm 10x102pcs. - Tabakversand.ch | Alles aus der Welt des Tabaks","isPartOf":{"@id":"https:\/\/www.tabakversand.ch\/#website"},"primaryImageOfPage":{"@id":"https:\/\/www.tabakversand.ch\/fr\/produit\/filtre-mascotte-predecoupe-6-mm-10x102pcs\/#primaryimage"},"image":{"@id":"https:\/\/www.tabakversand.ch\/fr\/produit\/filtre-mascotte-predecoupe-6-mm-10x102pcs\/#primaryimage"},"thumbnailUrl":"https:\/\/www.tabakversand.ch\/wp-content\/uploads\/2025\/10\/mascotte-filter-pre-cut-6mm-zigarettenfilter.jpg","datePublished":"2025-10-17T10:43:13+00:00","dateModified":"2026-01-22T06:53:13+00:00","description":"Filtre Mascotte Pr\u00e9d\u00e9coup\u00e9 6 mm 10x102pcs. | Un tr\u00e8s grand choix de produits du tabac, e-smoke et ustensiles pour fumer dans toute la Suisse | Cartes accept\u00e9es !","breadcrumb":{"@id":"https:\/\/www.tabakversand.ch\/fr\/produit\/filtre-mascotte-predecoupe-6-mm-10x102pcs\/#breadcrumb"},"inLanguage":"fr-FR","potentialAction":[{"@type":"ReadAction","target":["https:\/\/www.tabakversand.ch\/fr\/produit\/filtre-mascotte-predecoupe-6-mm-10x102pcs\/"]}]},{"@type":"ImageObject","inLanguage":"fr-FR","@id":"https:\/\/www.tabakversand.ch\/fr\/produit\/filtre-mascotte-predecoupe-6-mm-10x102pcs\/#primaryimage","url":"https:\/\/www.tabakversand.ch\/wp-content\/uploads\/2025\/10\/mascotte-filter-pre-cut-6mm-zigarettenfilter.jpg","contentUrl":"https:\/\/www.tabakversand.ch\/wp-content\/uploads\/2025\/10\/mascotte-filter-pre-cut-6mm-zigarettenfilter.jpg","width":499,"height":500,"caption":"Filtre Mascotte Pr\u00e9d\u00e9coup\u00e9 6 mm 10x102pcs. | tabakversand.ch"},{"@type":"BreadcrumbList","@id":"https:\/\/www.tabakversand.ch\/fr\/produit\/filtre-mascotte-predecoupe-6-mm-10x102pcs\/#breadcrumb","itemListElement":[{"@type":"ListItem","position":1,"name":"Startseite","item":"https:\/\/www.tabakversand.ch\/"},{"@type":"ListItem","position":2,"name":"Boutique","item":"https:\/\/www.tabakversand.ch\/fr\/boutique\/"},{"@type":"ListItem","position":3,"name":"Filtre Mascotte Pr\u00e9d\u00e9coup\u00e9 6 mm 10x102pcs."}]},{"@type":"WebSite","@id":"https:\/\/www.tabakversand.ch\/#website","url":"https:\/\/www.tabakversand.ch\/","name":"Tabakversand.ch | Alles aus der Welt des Tabaks","description":"Smoke and carpe diem","potentialAction":[{"@type":"SearchAction","target":{"@type":"EntryPoint","urlTemplate":"https:\/\/www.tabakversand.ch\/?s={search_term_string}"},"query-input":{"@type":"PropertyValueSpecification","valueRequired":true,"valueName":"search_term_string"}}],"inLanguage":"fr-FR"}]}},"_links":{"self":[{"href":"https:\/\/www.tabakversand.ch\/fr\/wp-json\/wp\/v2\/product\/204032","targetHints":{"allow":["GET"]}}],"collection":[{"href":"https:\/\/www.tabakversand.ch\/fr\/wp-json\/wp\/v2\/product"}],"about":[{"href":"https:\/\/www.tabakversand.ch\/fr\/wp-json\/wp\/v2\/types\/product"}],"version-history":[{"count":4,"href":"https:\/\/www.tabakversand.ch\/fr\/wp-json\/wp\/v2\/product\/204032\/revisions"}],"predecessor-version":[{"id":209515,"href":"https:\/\/www.tabakversand.ch\/fr\/wp-json\/wp\/v2\/product\/204032\/revisions\/209515"}],"wp:featuredmedia":[{"embeddable":true,"href":"https:\/\/www.tabakversand.ch\/fr\/wp-json\/wp\/v2\/media\/204036"}],"wp:attachment":[{"href":"https:\/\/www.tabakversand.ch\/fr\/wp-json\/wp\/v2\/media?parent=204032"}],"wp:term":[{"taxonomy":"product_brand","embeddable":true,"href":"https:\/\/www.tabakversand.ch\/fr\/wp-json\/wp\/v2\/product_brand?post=204032"},{"taxonomy":"product_cat","embeddable":true,"href":"https:\/\/www.tabakversand.ch\/fr\/wp-json\/wp\/v2\/product_cat?post=204032"},{"taxonomy":"product_tag","embeddable":true,"href":"https:\/\/www.tabakversand.ch\/fr\/wp-json\/wp\/v2\/product_tag?post=204032"}],"curies":[{"name":"wp","href":"https:\/\/api.w.org\/{rel}","templated":true}]}}