{"id":204404,"date":"2025-10-21T14:36:50","date_gmt":"2025-10-21T12:36:50","guid":{"rendered":"https:\/\/www.tabakversand.ch\/produkt\/zippo-lesehilfe-31z-091-blue\/"},"modified":"2025-10-22T13:48:22","modified_gmt":"2025-10-22T11:48:22","slug":"zippo-lesehilfe-31z-091-blue","status":"publish","type":"product","link":"https:\/\/www.tabakversand.ch\/fr\/produit\/zippo-lesehilfe-31z-091-blue\/","title":{"rendered":"Aide \u00e0 la lecture Zippo 31Z-091 bleu"},"content":{"rendered":"<p class=\"title\">Aide \u00e0 la lecture Zippo 31Z-091 bleu<\/p>\n<p>Lunettes de lecture classiques, carr\u00e9es, avec de grands verres pour une vision nette au travail et dans la vie quotidienne<\/p>\n<p>Confort de port optimal gr\u00e2ce \u00e0 une monture \u00e0 bord complet avec pont de nez arrondi et syst\u00e8me de branches flexibles de haute qualit\u00e9<\/p>\n<p>Branches caoutchout\u00e9es et de couleur contrast\u00e9e pour un maintien optimal et s\u00e9curis\u00e9<\/p>\n<p>Le design classique bicolore et les branches larges cr\u00e9ent un look excitant<\/p>\n<p>Caract\u00e9ristiques:<br \/>\n Dioptries : +1,00 &#8211; +3,50<br \/>\n Convient pour : hommes, femmes, unisexe<\/p>\n<p>Informations sur le produit :<br \/>\n Couleur de la monture : noir, transparent<br \/>\n Couleur des branches : noir, bleu<br \/>\n Mat\u00e9riau du cadre : plastique<br \/>\n Longueur des branches : 145 mm<br \/>\n Largeur du cadre : 130 mm<br \/>\n Largeur du pont nasal : 18 mm<\/p>\n<p>Tous les prix s&rsquo;appliquent uniquement aux commandes en ligne et incluent la TVA. Sous r\u00e9serve de modifications sans pr\u00e9avis, frais de livraison en sus. Sous r\u00e9serve d&rsquo;erreurs, de modifications de contenu de livraison et de conception, de fautes d&rsquo;impression et de modifications de prix. Les prix barr\u00e9s sont des prix de remplacement. Les illustrations peuvent diff\u00e9rer de l&rsquo;original\/du contenu de livraison.<br \/>\n*Livraison gratuite pour les commandes sup\u00e9rieures \u00e0 CHF 250.-.<\/p>\n","protected":false},"excerpt":{"rendered":"<p>Aide \u00e0 la lecture Zippo 31Z-091 bleu Lunettes de lecture classiques, carr\u00e9es, avec de grands verres pour une vision nette au travail et dans la vie quotidienne Confort de port optimal gr\u00e2ce \u00e0 une monture \u00e0 bord complet avec pont de nez arrondi et syst\u00e8me de branches flexibles de haute qualit\u00e9 Branches caoutchout\u00e9es et de [&hellip;]<\/p>\n","protected":false},"featured_media":204318,"template":"","meta":[],"product_brand":[1567],"product_cat":[4965,2281,1995,4960],"product_tag":[],"class_list":{"0":"post-204404","1":"product","2":"type-product","3":"status-publish","4":"has-post-thumbnail","6":"product_brand-zippo-feuerzeuge-und-acessoires","7":"product_cat-aide-a-la-lecture","8":"product_cat-collection-daccessoires-zippo","9":"product_cat-divers-headshop","10":"product_cat-lunettes","12":"first","13":"onbackorder","14":"featured","15":"purchasable","16":"product-type-variable"},"yoast_head":"<!-- This site is optimized with the Yoast SEO plugin v27.0 - https:\/\/yoast.com\/product\/yoast-seo-wordpress\/ -->\n<title>Aide \u00e0 la lecture Zippo 31Z-091 bleu - Tabakversand.ch | Alles aus der Welt des Tabaks<\/title>\n<meta name=\"description\" content=\"Zippo Aide \u00e0 la lecture 31Z-091 bleu | Un tr\u00e8s grand choix de produits du tabac, de cigarettes \u00e9lectroniques et d&#039;accessoires pour fumeurs dans toute la Suisse | Cartes accept\u00e9es !\" \/>\n<meta name=\"robots\" content=\"index, follow, max-snippet:-1, max-image-preview:large, max-video-preview:-1\" \/>\n<link rel=\"canonical\" href=\"https:\/\/www.tabakversand.ch\/produit\/zippo-lesehilfe-31z-091-blue\/\" \/>\n<meta property=\"og:locale\" content=\"fr_FR\" \/>\n<meta property=\"og:type\" content=\"article\" \/>\n<meta property=\"og:title\" content=\"Aide \u00e0 la lecture Zippo 31Z-091 bleu - Tabakversand.ch | Alles aus der Welt des Tabaks\" \/>\n<meta property=\"og:description\" content=\"Zippo Aide \u00e0 la lecture 31Z-091 bleu | Un tr\u00e8s grand choix de produits du tabac, de cigarettes \u00e9lectroniques et d&#039;accessoires pour fumeurs dans toute la Suisse | Cartes accept\u00e9es !\" \/>\n<meta property=\"og:url\" content=\"https:\/\/www.tabakversand.ch\/produit\/zippo-lesehilfe-31z-091-blue\/\" \/>\n<meta property=\"og:site_name\" content=\"Tabakversand.ch | Alles aus der Welt des Tabaks\" \/>\n<meta property=\"article:modified_time\" content=\"2025-10-22T11:48:22+00:00\" \/>\n<meta property=\"og:image\" content=\"https:\/\/www.tabakversand.ch\/wp-content\/uploads\/2025\/10\/zippo-lesehilfe-31z-091-blue-1.00.jpg\" \/>\n\t<meta property=\"og:image:width\" content=\"500\" \/>\n\t<meta property=\"og:image:height\" content=\"500\" \/>\n\t<meta property=\"og:image:type\" content=\"image\/jpeg\" \/>\n<meta name=\"twitter:card\" content=\"summary_large_image\" \/>\n<meta name=\"twitter:label1\" content=\"Dur\u00e9e de lecture estim\u00e9e\" \/>\n\t<meta name=\"twitter:data1\" content=\"1 minute\" \/>\n<script type=\"application\/ld+json\" class=\"yoast-schema-graph\">{\"@context\":\"https:\/\/schema.org\",\"@graph\":[{\"@type\":\"WebPage\",\"@id\":\"https:\/\/www.tabakversand.ch\/produit\/zippo-lesehilfe-31z-091-blue\/\",\"url\":\"https:\/\/www.tabakversand.ch\/produit\/zippo-lesehilfe-31z-091-blue\/\",\"name\":\"Aide \u00e0 la lecture Zippo 31Z-091 bleu - Tabakversand.ch | Alles aus der Welt des Tabaks\",\"isPartOf\":{\"@id\":\"https:\/\/www.tabakversand.ch\/#website\"},\"primaryImageOfPage\":{\"@id\":\"https:\/\/www.tabakversand.ch\/produit\/zippo-lesehilfe-31z-091-blue\/#primaryimage\"},\"image\":{\"@id\":\"https:\/\/www.tabakversand.ch\/produit\/zippo-lesehilfe-31z-091-blue\/#primaryimage\"},\"thumbnailUrl\":\"https:\/\/www.tabakversand.ch\/wp-content\/uploads\/2025\/10\/zippo-lesehilfe-31z-091-blue-1.00.jpg\",\"datePublished\":\"2025-10-21T12:36:50+00:00\",\"dateModified\":\"2025-10-22T11:48:22+00:00\",\"description\":\"Zippo Aide \u00e0 la lecture 31Z-091 bleu | Un tr\u00e8s grand choix de produits du tabac, de cigarettes \u00e9lectroniques et d'accessoires pour fumeurs dans toute la Suisse | Cartes accept\u00e9es !\",\"breadcrumb\":{\"@id\":\"https:\/\/www.tabakversand.ch\/produit\/zippo-lesehilfe-31z-091-blue\/#breadcrumb\"},\"inLanguage\":\"fr-FR\",\"potentialAction\":[{\"@type\":\"ReadAction\",\"target\":[\"https:\/\/www.tabakversand.ch\/produit\/zippo-lesehilfe-31z-091-blue\/\"]}]},{\"@type\":\"ImageObject\",\"inLanguage\":\"fr-FR\",\"@id\":\"https:\/\/www.tabakversand.ch\/produit\/zippo-lesehilfe-31z-091-blue\/#primaryimage\",\"url\":\"https:\/\/www.tabakversand.ch\/wp-content\/uploads\/2025\/10\/zippo-lesehilfe-31z-091-blue-1.00.jpg\",\"contentUrl\":\"https:\/\/www.tabakversand.ch\/wp-content\/uploads\/2025\/10\/zippo-lesehilfe-31z-091-blue-1.00.jpg\",\"width\":500,\"height\":500,\"caption\":\"Aide \u00e0 la lecture Zippo 31Z-091 bleu | tabakversand.ch\"},{\"@type\":\"BreadcrumbList\",\"@id\":\"https:\/\/www.tabakversand.ch\/produit\/zippo-lesehilfe-31z-091-blue\/#breadcrumb\",\"itemListElement\":[{\"@type\":\"ListItem\",\"position\":1,\"name\":\"Startseite\",\"item\":\"https:\/\/www.tabakversand.ch\/\"},{\"@type\":\"ListItem\",\"position\":2,\"name\":\"Boutique\",\"item\":\"https:\/\/www.tabakversand.ch\/fr\/boutique\/\"},{\"@type\":\"ListItem\",\"position\":3,\"name\":\"Aide \u00e0 la lecture Zippo 31Z-091 bleu\"}]},{\"@type\":\"WebSite\",\"@id\":\"https:\/\/www.tabakversand.ch\/#website\",\"url\":\"https:\/\/www.tabakversand.ch\/\",\"name\":\"Tabakversand.ch | Alles aus der Welt des Tabaks\",\"description\":\"Smoke and carpe diem\",\"potentialAction\":[{\"@type\":\"SearchAction\",\"target\":{\"@type\":\"EntryPoint\",\"urlTemplate\":\"https:\/\/www.tabakversand.ch\/?s={search_term_string}\"},\"query-input\":{\"@type\":\"PropertyValueSpecification\",\"valueRequired\":true,\"valueName\":\"search_term_string\"}}],\"inLanguage\":\"fr-FR\"}]}<\/script>\n<!-- \/ Yoast SEO plugin. -->","yoast_head_json":{"title":"Aide \u00e0 la lecture Zippo 31Z-091 bleu - Tabakversand.ch | Alles aus der Welt des Tabaks","description":"Zippo Aide \u00e0 la lecture 31Z-091 bleu | Un tr\u00e8s grand choix de produits du tabac, de cigarettes \u00e9lectroniques et d'accessoires pour fumeurs dans toute la Suisse | Cartes accept\u00e9es !","robots":{"index":"index","follow":"follow","max-snippet":"max-snippet:-1","max-image-preview":"max-image-preview:large","max-video-preview":"max-video-preview:-1"},"canonical":"https:\/\/www.tabakversand.ch\/produit\/zippo-lesehilfe-31z-091-blue\/","og_locale":"fr_FR","og_type":"article","og_title":"Aide \u00e0 la lecture Zippo 31Z-091 bleu - Tabakversand.ch | Alles aus der Welt des Tabaks","og_description":"Zippo Aide \u00e0 la lecture 31Z-091 bleu | Un tr\u00e8s grand choix de produits du tabac, de cigarettes \u00e9lectroniques et d'accessoires pour fumeurs dans toute la Suisse | Cartes accept\u00e9es !","og_url":"https:\/\/www.tabakversand.ch\/produit\/zippo-lesehilfe-31z-091-blue\/","og_site_name":"Tabakversand.ch | Alles aus der Welt des Tabaks","article_modified_time":"2025-10-22T11:48:22+00:00","og_image":[{"width":500,"height":500,"url":"https:\/\/www.tabakversand.ch\/wp-content\/uploads\/2025\/10\/zippo-lesehilfe-31z-091-blue-1.00.jpg","type":"image\/jpeg"}],"twitter_card":"summary_large_image","twitter_misc":{"Dur\u00e9e de lecture estim\u00e9e":"1 minute"},"schema":{"@context":"https:\/\/schema.org","@graph":[{"@type":"WebPage","@id":"https:\/\/www.tabakversand.ch\/produit\/zippo-lesehilfe-31z-091-blue\/","url":"https:\/\/www.tabakversand.ch\/produit\/zippo-lesehilfe-31z-091-blue\/","name":"Aide \u00e0 la lecture Zippo 31Z-091 bleu - Tabakversand.ch | Alles aus der Welt des Tabaks","isPartOf":{"@id":"https:\/\/www.tabakversand.ch\/#website"},"primaryImageOfPage":{"@id":"https:\/\/www.tabakversand.ch\/produit\/zippo-lesehilfe-31z-091-blue\/#primaryimage"},"image":{"@id":"https:\/\/www.tabakversand.ch\/produit\/zippo-lesehilfe-31z-091-blue\/#primaryimage"},"thumbnailUrl":"https:\/\/www.tabakversand.ch\/wp-content\/uploads\/2025\/10\/zippo-lesehilfe-31z-091-blue-1.00.jpg","datePublished":"2025-10-21T12:36:50+00:00","dateModified":"2025-10-22T11:48:22+00:00","description":"Zippo Aide \u00e0 la lecture 31Z-091 bleu | Un tr\u00e8s grand choix de produits du tabac, de cigarettes \u00e9lectroniques et d'accessoires pour fumeurs dans toute la Suisse | Cartes accept\u00e9es !","breadcrumb":{"@id":"https:\/\/www.tabakversand.ch\/produit\/zippo-lesehilfe-31z-091-blue\/#breadcrumb"},"inLanguage":"fr-FR","potentialAction":[{"@type":"ReadAction","target":["https:\/\/www.tabakversand.ch\/produit\/zippo-lesehilfe-31z-091-blue\/"]}]},{"@type":"ImageObject","inLanguage":"fr-FR","@id":"https:\/\/www.tabakversand.ch\/produit\/zippo-lesehilfe-31z-091-blue\/#primaryimage","url":"https:\/\/www.tabakversand.ch\/wp-content\/uploads\/2025\/10\/zippo-lesehilfe-31z-091-blue-1.00.jpg","contentUrl":"https:\/\/www.tabakversand.ch\/wp-content\/uploads\/2025\/10\/zippo-lesehilfe-31z-091-blue-1.00.jpg","width":500,"height":500,"caption":"Aide \u00e0 la lecture Zippo 31Z-091 bleu | tabakversand.ch"},{"@type":"BreadcrumbList","@id":"https:\/\/www.tabakversand.ch\/produit\/zippo-lesehilfe-31z-091-blue\/#breadcrumb","itemListElement":[{"@type":"ListItem","position":1,"name":"Startseite","item":"https:\/\/www.tabakversand.ch\/"},{"@type":"ListItem","position":2,"name":"Boutique","item":"https:\/\/www.tabakversand.ch\/fr\/boutique\/"},{"@type":"ListItem","position":3,"name":"Aide \u00e0 la lecture Zippo 31Z-091 bleu"}]},{"@type":"WebSite","@id":"https:\/\/www.tabakversand.ch\/#website","url":"https:\/\/www.tabakversand.ch\/","name":"Tabakversand.ch | Alles aus der Welt des Tabaks","description":"Smoke and carpe diem","potentialAction":[{"@type":"SearchAction","target":{"@type":"EntryPoint","urlTemplate":"https:\/\/www.tabakversand.ch\/?s={search_term_string}"},"query-input":{"@type":"PropertyValueSpecification","valueRequired":true,"valueName":"search_term_string"}}],"inLanguage":"fr-FR"}]}},"_links":{"self":[{"href":"https:\/\/www.tabakversand.ch\/fr\/wp-json\/wp\/v2\/product\/204404","targetHints":{"allow":["GET"]}}],"collection":[{"href":"https:\/\/www.tabakversand.ch\/fr\/wp-json\/wp\/v2\/product"}],"about":[{"href":"https:\/\/www.tabakversand.ch\/fr\/wp-json\/wp\/v2\/types\/product"}],"version-history":[{"count":2,"href":"https:\/\/www.tabakversand.ch\/fr\/wp-json\/wp\/v2\/product\/204404\/revisions"}],"predecessor-version":[{"id":204411,"href":"https:\/\/www.tabakversand.ch\/fr\/wp-json\/wp\/v2\/product\/204404\/revisions\/204411"}],"wp:featuredmedia":[{"embeddable":true,"href":"https:\/\/www.tabakversand.ch\/fr\/wp-json\/wp\/v2\/media\/204318"}],"wp:attachment":[{"href":"https:\/\/www.tabakversand.ch\/fr\/wp-json\/wp\/v2\/media?parent=204404"}],"wp:term":[{"taxonomy":"product_brand","embeddable":true,"href":"https:\/\/www.tabakversand.ch\/fr\/wp-json\/wp\/v2\/product_brand?post=204404"},{"taxonomy":"product_cat","embeddable":true,"href":"https:\/\/www.tabakversand.ch\/fr\/wp-json\/wp\/v2\/product_cat?post=204404"},{"taxonomy":"product_tag","embeddable":true,"href":"https:\/\/www.tabakversand.ch\/fr\/wp-json\/wp\/v2\/product_tag?post=204404"}],"curies":[{"name":"wp","href":"https:\/\/api.w.org\/{rel}","templated":true}]}}