{"id":205900,"date":"2025-11-11T12:54:28","date_gmt":"2025-11-11T11:54:28","guid":{"rendered":"https:\/\/www.tabakversand.ch\/?post_type=product&#038;p=205900"},"modified":"2025-11-11T13:06:21","modified_gmt":"2025-11-11T12:06:21","slug":"kavatza-tp01-classique-sachet-de-tabac-noir","status":"publish","type":"product","link":"https:\/\/www.tabakversand.ch\/fr\/produit\/kavatza-tp01-classique-sachet-de-tabac-noir\/","title":{"rendered":"Kavatza TP01 Classique sachet de tabac noir"},"content":{"rendered":"<p>Kavatza TP01 Classique, sachet de tabac noir<\/p>\n<p>La sensation famili\u00e8re du cuir sous vos doigts, souple et doux. Le parfum, ce m\u00e9lange de cuir et de tabac frais. Le clic des boutons, le froissement du papier, le doux cr\u00e9pitement du tabac. Tout est \u00e0 sa place, vous attendant dans le sachet \u00e0 tabac \u00ab\u00a0Classique\u00a0\u00bb. Pourquoi se presser\u00a0? Ce sachet \u00e0 tabac est votre petit havre de paix. Votre sachet \u00e0 tabac Kavatza \u00ab\u00a0Classique\u00a0\u00bb original.<\/p>\n<p>Cet \u00e9tui \u00e0 tabac en cuir noir, con\u00e7u pour se glisser dans une poche, est intemporel, r\u00e9sistant et polyvalent. Fabriqu\u00e9 \u00e0 partir de mat\u00e9riaux de haute qualit\u00e9, confectionn\u00e9 avec soin et rigoureusement contr\u00f4l\u00e9, il est id\u00e9al pour les amateurs de tabac \u00e0 rouler classique et constitue \u00e9galement un cadeau original. Votre \u00e9tui offre un espace g\u00e9n\u00e9reux pour les feuilles \u00e0 rouler, les porte-feuilles, les filtres et le tabac, et se ferme par des boutons-pression magn\u00e9tiques. Le cuir robuste pr\u00e9serve naturellement l&rsquo;humidit\u00e9 du tabac. Chaque \u00e9l\u00e9ment est \u00e0 sa place, son design est ing\u00e9nieux et il est facilement accessible.<\/p>\n<p>Caract\u00e9ristiques:<\/p>\n<ul>\n<li>Cuir v\u00e9ritable de qualit\u00e9 (cuir de vachette)<\/li>\n<li>Taille optimale pour un sachet de tabac<\/li>\n<li>Deux compartiments int\u00e9rieurs offrent suffisamment d&rsquo;espace pour le tabac, les filtres et un briquet.<\/li>\n<li>Avec porte-papier pratique<\/li>\n<li>Boutons magn\u00e9tiques pour une fermeture s\u00e9curis\u00e9e<\/li>\n<li>Le cuir comme r\u00e9servoir d&rsquo;humidit\u00e9 naturel<\/li>\n<li>Fabrication de haute qualit\u00e9<\/li>\n<li>\u00c9l\u00e9gant et robuste<\/li>\n<\/ul>\n<p>Tous les prix s&rsquo;appliquent uniquement aux commandes en ligne et incluent la TVA. Sous r\u00e9serve de modifications sans pr\u00e9avis, frais de livraison en sus. Sous r\u00e9serve d&rsquo;erreurs, de modifications de contenu de livraison et de conception, de fautes d&rsquo;impression et de modifications de prix. Les prix barr\u00e9s sont des prix de remplacement. Les illustrations peuvent diff\u00e9rer de l&rsquo;original\/du contenu de livraison.<br \/>\n*Livraison gratuite pour les commandes sup\u00e9rieures \u00e0 CHF 250.-.<\/p>\n","protected":false},"excerpt":{"rendered":"<p>Kavatza TP01 Classique, sachet de tabac noir La sensation famili\u00e8re du cuir sous vos doigts, souple et doux. Le parfum, ce m\u00e9lange de cuir et de tabac frais. Le clic des boutons, le froissement du papier, le doux cr\u00e9pitement du tabac. Tout est \u00e0 sa place, vous attendant dans le sachet \u00e0 tabac \u00ab\u00a0Classique\u00a0\u00bb. Pourquoi [&hellip;]<\/p>\n","protected":false},"featured_media":205904,"template":"","meta":[],"product_brand":[],"product_cat":[2483,3255,1961],"product_tag":[],"class_list":{"0":"post-205900","1":"product","2":"type-product","3":"status-publish","4":"has-post-thumbnail","6":"product_cat-accessoires-pour-cigarettes","7":"product_cat-blagues-a-tabac-pour-cigarettes","8":"product_cat-cigarettes-self-made-fr-2","10":"first","11":"onbackorder","12":"purchasable","13":"product-type-simple"},"yoast_head":"<!-- This site is optimized with the Yoast SEO plugin v27.0 - https:\/\/yoast.com\/product\/yoast-seo-wordpress\/ -->\n<title>Kavatza TP01 Classique sachet de tabac noir - Tabakversand.ch | Alles aus der Welt des Tabaks<\/title>\n<meta name=\"description\" content=\"Kavatza TP01 Classic pochette \u00e0 tabac noire | Un tr\u00e8s grand choix de produits du tabac de qualit\u00e9 sup\u00e9rieure, de cigarettes \u00e9lectroniques et d&#039;accessoires pour fumeurs dans toute la Suisse | Cartes accept\u00e9es !\" \/>\n<meta name=\"robots\" content=\"index, follow, max-snippet:-1, max-image-preview:large, max-video-preview:-1\" \/>\n<link rel=\"canonical\" href=\"https:\/\/www.tabakversand.ch\/fr\/produit\/kavatza-tp01-classique-sachet-de-tabac-noir\/\" \/>\n<meta property=\"og:locale\" content=\"fr_FR\" \/>\n<meta property=\"og:type\" content=\"article\" \/>\n<meta property=\"og:title\" content=\"Kavatza TP01 Classique sachet de tabac noir - Tabakversand.ch | Alles aus der Welt des Tabaks\" \/>\n<meta property=\"og:description\" content=\"Kavatza TP01 Classic pochette \u00e0 tabac noire | Un tr\u00e8s grand choix de produits du tabac de qualit\u00e9 sup\u00e9rieure, de cigarettes \u00e9lectroniques et d&#039;accessoires pour fumeurs dans toute la Suisse | Cartes accept\u00e9es !\" \/>\n<meta property=\"og:url\" content=\"https:\/\/www.tabakversand.ch\/fr\/produit\/kavatza-tp01-classique-sachet-de-tabac-noir\/\" \/>\n<meta property=\"og:site_name\" content=\"Tabakversand.ch | Alles aus der Welt des Tabaks\" \/>\n<meta property=\"article:modified_time\" content=\"2025-11-11T12:06:21+00:00\" \/>\n<meta property=\"og:image\" content=\"https:\/\/www.tabakversand.ch\/wp-content\/uploads\/2025\/11\/tabaktasche-kavatza-tp01-classic.jpg\" \/>\n\t<meta property=\"og:image:width\" content=\"501\" \/>\n\t<meta property=\"og:image:height\" content=\"500\" \/>\n\t<meta property=\"og:image:type\" content=\"image\/jpeg\" \/>\n<meta name=\"twitter:card\" content=\"summary_large_image\" \/>\n<meta name=\"twitter:label1\" content=\"Dur\u00e9e de lecture estim\u00e9e\" \/>\n\t<meta name=\"twitter:data1\" content=\"2 minutes\" \/>\n<script type=\"application\/ld+json\" class=\"yoast-schema-graph\">{\"@context\":\"https:\/\/schema.org\",\"@graph\":[{\"@type\":\"WebPage\",\"@id\":\"https:\/\/www.tabakversand.ch\/fr\/produit\/kavatza-tp01-classique-sachet-de-tabac-noir\/\",\"url\":\"https:\/\/www.tabakversand.ch\/fr\/produit\/kavatza-tp01-classique-sachet-de-tabac-noir\/\",\"name\":\"Kavatza TP01 Classique sachet de tabac noir - Tabakversand.ch | Alles aus der Welt des Tabaks\",\"isPartOf\":{\"@id\":\"https:\/\/www.tabakversand.ch\/#website\"},\"primaryImageOfPage\":{\"@id\":\"https:\/\/www.tabakversand.ch\/fr\/produit\/kavatza-tp01-classique-sachet-de-tabac-noir\/#primaryimage\"},\"image\":{\"@id\":\"https:\/\/www.tabakversand.ch\/fr\/produit\/kavatza-tp01-classique-sachet-de-tabac-noir\/#primaryimage\"},\"thumbnailUrl\":\"https:\/\/www.tabakversand.ch\/wp-content\/uploads\/2025\/11\/tabaktasche-kavatza-tp01-classic.jpg\",\"datePublished\":\"2025-11-11T11:54:28+00:00\",\"dateModified\":\"2025-11-11T12:06:21+00:00\",\"description\":\"Kavatza TP01 Classic pochette \u00e0 tabac noire | Un tr\u00e8s grand choix de produits du tabac de qualit\u00e9 sup\u00e9rieure, de cigarettes \u00e9lectroniques et d'accessoires pour fumeurs dans toute la Suisse | Cartes accept\u00e9es !\",\"breadcrumb\":{\"@id\":\"https:\/\/www.tabakversand.ch\/fr\/produit\/kavatza-tp01-classique-sachet-de-tabac-noir\/#breadcrumb\"},\"inLanguage\":\"fr-FR\",\"potentialAction\":[{\"@type\":\"ReadAction\",\"target\":[\"https:\/\/www.tabakversand.ch\/fr\/produit\/kavatza-tp01-classique-sachet-de-tabac-noir\/\"]}]},{\"@type\":\"ImageObject\",\"inLanguage\":\"fr-FR\",\"@id\":\"https:\/\/www.tabakversand.ch\/fr\/produit\/kavatza-tp01-classique-sachet-de-tabac-noir\/#primaryimage\",\"url\":\"https:\/\/www.tabakversand.ch\/wp-content\/uploads\/2025\/11\/tabaktasche-kavatza-tp01-classic.jpg\",\"contentUrl\":\"https:\/\/www.tabakversand.ch\/wp-content\/uploads\/2025\/11\/tabaktasche-kavatza-tp01-classic.jpg\",\"width\":501,\"height\":500,\"caption\":\"Kavatza TP01 Classic, sachet \u00e0 tabac noir | tabakversand.ch\"},{\"@type\":\"BreadcrumbList\",\"@id\":\"https:\/\/www.tabakversand.ch\/fr\/produit\/kavatza-tp01-classique-sachet-de-tabac-noir\/#breadcrumb\",\"itemListElement\":[{\"@type\":\"ListItem\",\"position\":1,\"name\":\"Startseite\",\"item\":\"https:\/\/www.tabakversand.ch\/\"},{\"@type\":\"ListItem\",\"position\":2,\"name\":\"Boutique\",\"item\":\"https:\/\/www.tabakversand.ch\/fr\/boutique\/\"},{\"@type\":\"ListItem\",\"position\":3,\"name\":\"Kavatza TP01 Classique sachet de tabac noir\"}]},{\"@type\":\"WebSite\",\"@id\":\"https:\/\/www.tabakversand.ch\/#website\",\"url\":\"https:\/\/www.tabakversand.ch\/\",\"name\":\"Tabakversand.ch | Alles aus der Welt des Tabaks\",\"description\":\"Smoke and carpe diem\",\"potentialAction\":[{\"@type\":\"SearchAction\",\"target\":{\"@type\":\"EntryPoint\",\"urlTemplate\":\"https:\/\/www.tabakversand.ch\/?s={search_term_string}\"},\"query-input\":{\"@type\":\"PropertyValueSpecification\",\"valueRequired\":true,\"valueName\":\"search_term_string\"}}],\"inLanguage\":\"fr-FR\"}]}<\/script>\n<!-- \/ Yoast SEO plugin. -->","yoast_head_json":{"title":"Kavatza TP01 Classique sachet de tabac noir - Tabakversand.ch | Alles aus der Welt des Tabaks","description":"Kavatza TP01 Classic pochette \u00e0 tabac noire | Un tr\u00e8s grand choix de produits du tabac de qualit\u00e9 sup\u00e9rieure, de cigarettes \u00e9lectroniques et d'accessoires pour fumeurs dans toute la Suisse | Cartes accept\u00e9es !","robots":{"index":"index","follow":"follow","max-snippet":"max-snippet:-1","max-image-preview":"max-image-preview:large","max-video-preview":"max-video-preview:-1"},"canonical":"https:\/\/www.tabakversand.ch\/fr\/produit\/kavatza-tp01-classique-sachet-de-tabac-noir\/","og_locale":"fr_FR","og_type":"article","og_title":"Kavatza TP01 Classique sachet de tabac noir - Tabakversand.ch | Alles aus der Welt des Tabaks","og_description":"Kavatza TP01 Classic pochette \u00e0 tabac noire | Un tr\u00e8s grand choix de produits du tabac de qualit\u00e9 sup\u00e9rieure, de cigarettes \u00e9lectroniques et d'accessoires pour fumeurs dans toute la Suisse | Cartes accept\u00e9es !","og_url":"https:\/\/www.tabakversand.ch\/fr\/produit\/kavatza-tp01-classique-sachet-de-tabac-noir\/","og_site_name":"Tabakversand.ch | Alles aus der Welt des Tabaks","article_modified_time":"2025-11-11T12:06:21+00:00","og_image":[{"width":501,"height":500,"url":"https:\/\/www.tabakversand.ch\/wp-content\/uploads\/2025\/11\/tabaktasche-kavatza-tp01-classic.jpg","type":"image\/jpeg"}],"twitter_card":"summary_large_image","twitter_misc":{"Dur\u00e9e de lecture estim\u00e9e":"2 minutes"},"schema":{"@context":"https:\/\/schema.org","@graph":[{"@type":"WebPage","@id":"https:\/\/www.tabakversand.ch\/fr\/produit\/kavatza-tp01-classique-sachet-de-tabac-noir\/","url":"https:\/\/www.tabakversand.ch\/fr\/produit\/kavatza-tp01-classique-sachet-de-tabac-noir\/","name":"Kavatza TP01 Classique sachet de tabac noir - Tabakversand.ch | Alles aus der Welt des Tabaks","isPartOf":{"@id":"https:\/\/www.tabakversand.ch\/#website"},"primaryImageOfPage":{"@id":"https:\/\/www.tabakversand.ch\/fr\/produit\/kavatza-tp01-classique-sachet-de-tabac-noir\/#primaryimage"},"image":{"@id":"https:\/\/www.tabakversand.ch\/fr\/produit\/kavatza-tp01-classique-sachet-de-tabac-noir\/#primaryimage"},"thumbnailUrl":"https:\/\/www.tabakversand.ch\/wp-content\/uploads\/2025\/11\/tabaktasche-kavatza-tp01-classic.jpg","datePublished":"2025-11-11T11:54:28+00:00","dateModified":"2025-11-11T12:06:21+00:00","description":"Kavatza TP01 Classic pochette \u00e0 tabac noire | Un tr\u00e8s grand choix de produits du tabac de qualit\u00e9 sup\u00e9rieure, de cigarettes \u00e9lectroniques et d'accessoires pour fumeurs dans toute la Suisse | Cartes accept\u00e9es !","breadcrumb":{"@id":"https:\/\/www.tabakversand.ch\/fr\/produit\/kavatza-tp01-classique-sachet-de-tabac-noir\/#breadcrumb"},"inLanguage":"fr-FR","potentialAction":[{"@type":"ReadAction","target":["https:\/\/www.tabakversand.ch\/fr\/produit\/kavatza-tp01-classique-sachet-de-tabac-noir\/"]}]},{"@type":"ImageObject","inLanguage":"fr-FR","@id":"https:\/\/www.tabakversand.ch\/fr\/produit\/kavatza-tp01-classique-sachet-de-tabac-noir\/#primaryimage","url":"https:\/\/www.tabakversand.ch\/wp-content\/uploads\/2025\/11\/tabaktasche-kavatza-tp01-classic.jpg","contentUrl":"https:\/\/www.tabakversand.ch\/wp-content\/uploads\/2025\/11\/tabaktasche-kavatza-tp01-classic.jpg","width":501,"height":500,"caption":"Kavatza TP01 Classic, sachet \u00e0 tabac noir | tabakversand.ch"},{"@type":"BreadcrumbList","@id":"https:\/\/www.tabakversand.ch\/fr\/produit\/kavatza-tp01-classique-sachet-de-tabac-noir\/#breadcrumb","itemListElement":[{"@type":"ListItem","position":1,"name":"Startseite","item":"https:\/\/www.tabakversand.ch\/"},{"@type":"ListItem","position":2,"name":"Boutique","item":"https:\/\/www.tabakversand.ch\/fr\/boutique\/"},{"@type":"ListItem","position":3,"name":"Kavatza TP01 Classique sachet de tabac noir"}]},{"@type":"WebSite","@id":"https:\/\/www.tabakversand.ch\/#website","url":"https:\/\/www.tabakversand.ch\/","name":"Tabakversand.ch | Alles aus der Welt des Tabaks","description":"Smoke and carpe diem","potentialAction":[{"@type":"SearchAction","target":{"@type":"EntryPoint","urlTemplate":"https:\/\/www.tabakversand.ch\/?s={search_term_string}"},"query-input":{"@type":"PropertyValueSpecification","valueRequired":true,"valueName":"search_term_string"}}],"inLanguage":"fr-FR"}]}},"_links":{"self":[{"href":"https:\/\/www.tabakversand.ch\/fr\/wp-json\/wp\/v2\/product\/205900","targetHints":{"allow":["GET"]}}],"collection":[{"href":"https:\/\/www.tabakversand.ch\/fr\/wp-json\/wp\/v2\/product"}],"about":[{"href":"https:\/\/www.tabakversand.ch\/fr\/wp-json\/wp\/v2\/types\/product"}],"version-history":[{"count":3,"href":"https:\/\/www.tabakversand.ch\/fr\/wp-json\/wp\/v2\/product\/205900\/revisions"}],"predecessor-version":[{"id":205922,"href":"https:\/\/www.tabakversand.ch\/fr\/wp-json\/wp\/v2\/product\/205900\/revisions\/205922"}],"wp:featuredmedia":[{"embeddable":true,"href":"https:\/\/www.tabakversand.ch\/fr\/wp-json\/wp\/v2\/media\/205904"}],"wp:attachment":[{"href":"https:\/\/www.tabakversand.ch\/fr\/wp-json\/wp\/v2\/media?parent=205900"}],"wp:term":[{"taxonomy":"product_brand","embeddable":true,"href":"https:\/\/www.tabakversand.ch\/fr\/wp-json\/wp\/v2\/product_brand?post=205900"},{"taxonomy":"product_cat","embeddable":true,"href":"https:\/\/www.tabakversand.ch\/fr\/wp-json\/wp\/v2\/product_cat?post=205900"},{"taxonomy":"product_tag","embeddable":true,"href":"https:\/\/www.tabakversand.ch\/fr\/wp-json\/wp\/v2\/product_tag?post=205900"}],"curies":[{"name":"wp","href":"https:\/\/api.w.org\/{rel}","templated":true}]}}