{"id":206031,"date":"2025-11-11T16:44:36","date_gmt":"2025-11-11T15:44:36","guid":{"rendered":"https:\/\/www.tabakversand.ch\/?post_type=product&#038;p=206031"},"modified":"2025-11-11T16:53:23","modified_gmt":"2025-11-11T15:53:23","slug":"kavatza-tpu24-paon-bleu-sabre","status":"publish","type":"product","link":"https:\/\/www.tabakversand.ch\/fr\/produit\/kavatza-tpu24-paon-bleu-sabre\/","title":{"rendered":"Kavatza TPU24 Paon bleu sabre"},"content":{"rendered":"<p>Kavatza TPU24 Paon bleu sabre<\/p>\n<p>La sensation famili\u00e8re sous vos doigts, ferme et douce \u00e0 la fois. Le parfum du tabac frais. Le clic des boutons, le bruissement du papier, le cr\u00e9pitement d\u00e9licat du tabac. Tout est \u00e0 sa place, vous attendant dans le sachet \u00e0 tabac \u00ab\u00a0Paon\u00a0\u00bb. Pourquoi se presser\u00a0? Ce sachet \u00e0 tabac est votre petit havre de paix, votre refuge intime. Votre sachet \u00e0 tabac Kavatza \u00ab\u00a0Paon\u00a0\u00bb original.<\/p>\n<p>Cet \u00e9tui \u00e0 tabac color\u00e9 et \u00e0 motifs, de format poche et fabriqu\u00e9 en similicuir (PU), est intemporel, r\u00e9sistant et polyvalent. Confectionn\u00e9 avec des mat\u00e9riaux de haute qualit\u00e9, r\u00e9alis\u00e9 avec expertise et soumis \u00e0 un contr\u00f4le qualit\u00e9 rigoureux, il est id\u00e9al pour les amateurs de tabac \u00e0 rouler classique et constitue \u00e9galement un cadeau original. Votre \u00e9tui offre un espace g\u00e9n\u00e9reux pour les feuilles \u00e0 rouler, les porte-feuilles, les filtres et le tabac, et se ferme par des boutons-pression magn\u00e9tiques. Le similicuir (PU) est robuste et durable. Chaque chose a sa place, tout est pens\u00e9 pour votre confort et vous avez tout le n\u00e9cessaire \u00e0 port\u00e9e de main.<\/p>\n<p>Caract\u00e9ristiques:<\/p>\n<ul>\n<li>cuir synth\u00e9tique de qualit\u00e9 v\u00e9ritable<\/li>\n<li>taille optimale pour une pochette \u00e0 tabac<\/li>\n<li>Deux compartiments int\u00e9rieurs offrent suffisamment d&rsquo;espace pour le tabac, les filtres et un briquet.<\/li>\n<li>avec porte-papier pratique<\/li>\n<li>Boutons magn\u00e9tiques pour une fermeture s\u00e9curis\u00e9e<\/li>\n<li>Fabrication de haute qualit\u00e9<\/li>\n<li>\u00e9l\u00e9gant et robuste<\/li>\n<\/ul>\n<p>Tous les prix s&rsquo;appliquent uniquement aux commandes en ligne et incluent la TVA. Sous r\u00e9serve de modifications sans pr\u00e9avis, frais de livraison en sus. Sous r\u00e9serve d&rsquo;erreurs, de modifications de contenu de livraison et de conception, de fautes d&rsquo;impression et de modifications de prix. Les prix barr\u00e9s sont des prix de remplacement. Les illustrations peuvent diff\u00e9rer de l&rsquo;original\/du contenu de livraison.<br \/>\n*Livraison gratuite pour les commandes sup\u00e9rieures \u00e0 CHF 250.-.<\/p>\n","protected":false},"excerpt":{"rendered":"<p>Kavatza TPU24 Paon bleu sabre La sensation famili\u00e8re sous vos doigts, ferme et douce \u00e0 la fois. Le parfum du tabac frais. Le clic des boutons, le bruissement du papier, le cr\u00e9pitement d\u00e9licat du tabac. Tout est \u00e0 sa place, vous attendant dans le sachet \u00e0 tabac \u00ab\u00a0Paon\u00a0\u00bb. Pourquoi se presser\u00a0? Ce sachet \u00e0 tabac [&hellip;]<\/p>\n","protected":false},"featured_media":206035,"template":"","meta":[],"product_brand":[],"product_cat":[2483,3255,1961],"product_tag":[],"class_list":{"0":"post-206031","1":"product","2":"type-product","3":"status-publish","4":"has-post-thumbnail","6":"product_cat-accessoires-pour-cigarettes","7":"product_cat-blagues-a-tabac-pour-cigarettes","8":"product_cat-cigarettes-self-made-fr-2","10":"first","11":"onbackorder","12":"purchasable","13":"product-type-simple"},"yoast_head":"<!-- This site is optimized with the Yoast SEO plugin v27.0 - https:\/\/yoast.com\/product\/yoast-seo-wordpress\/ -->\n<title>Kavatza TPU24 Paon bleu sabre - Tabakversand.ch | Alles aus der Welt des Tabaks<\/title>\n<meta name=\"description\" content=\"Pochette \u00e0 tabac Kavatza TPU24 bleu paon | Un tr\u00e8s grand choix de produits du tabac, cigarettes \u00e9lectroniques et accessoires pour fumeurs de qualit\u00e9 sup\u00e9rieure dans toute la Suisse | Cartes accept\u00e9es !\" \/>\n<meta name=\"robots\" content=\"index, follow, max-snippet:-1, max-image-preview:large, max-video-preview:-1\" \/>\n<link rel=\"canonical\" href=\"https:\/\/www.tabakversand.ch\/fr\/produit\/kavatza-tpu24-paon-bleu-sabre\/\" \/>\n<meta property=\"og:locale\" content=\"fr_FR\" \/>\n<meta property=\"og:type\" content=\"article\" \/>\n<meta property=\"og:title\" content=\"Kavatza TPU24 Paon bleu sabre - Tabakversand.ch | Alles aus der Welt des Tabaks\" \/>\n<meta property=\"og:description\" content=\"Pochette \u00e0 tabac Kavatza TPU24 bleu paon | Un tr\u00e8s grand choix de produits du tabac, cigarettes \u00e9lectroniques et accessoires pour fumeurs de qualit\u00e9 sup\u00e9rieure dans toute la Suisse | Cartes accept\u00e9es !\" \/>\n<meta property=\"og:url\" content=\"https:\/\/www.tabakversand.ch\/fr\/produit\/kavatza-tpu24-paon-bleu-sabre\/\" \/>\n<meta property=\"og:site_name\" content=\"Tabakversand.ch | Alles aus der Welt des Tabaks\" \/>\n<meta property=\"article:modified_time\" content=\"2025-11-11T15:53:23+00:00\" \/>\n<meta property=\"og:image\" content=\"https:\/\/www.tabakversand.ch\/wp-content\/uploads\/2025\/11\/tabaktasche-kavatza-tpu24-peacock.jpg\" \/>\n\t<meta property=\"og:image:width\" content=\"500\" \/>\n\t<meta property=\"og:image:height\" content=\"500\" \/>\n\t<meta property=\"og:image:type\" content=\"image\/jpeg\" \/>\n<meta name=\"twitter:card\" content=\"summary_large_image\" \/>\n<meta name=\"twitter:label1\" content=\"Dur\u00e9e de lecture estim\u00e9e\" \/>\n\t<meta name=\"twitter:data1\" content=\"2 minutes\" \/>\n<script type=\"application\/ld+json\" class=\"yoast-schema-graph\">{\"@context\":\"https:\/\/schema.org\",\"@graph\":[{\"@type\":\"WebPage\",\"@id\":\"https:\/\/www.tabakversand.ch\/fr\/produit\/kavatza-tpu24-paon-bleu-sabre\/\",\"url\":\"https:\/\/www.tabakversand.ch\/fr\/produit\/kavatza-tpu24-paon-bleu-sabre\/\",\"name\":\"Kavatza TPU24 Paon bleu sabre - Tabakversand.ch | Alles aus der Welt des Tabaks\",\"isPartOf\":{\"@id\":\"https:\/\/www.tabakversand.ch\/#website\"},\"primaryImageOfPage\":{\"@id\":\"https:\/\/www.tabakversand.ch\/fr\/produit\/kavatza-tpu24-paon-bleu-sabre\/#primaryimage\"},\"image\":{\"@id\":\"https:\/\/www.tabakversand.ch\/fr\/produit\/kavatza-tpu24-paon-bleu-sabre\/#primaryimage\"},\"thumbnailUrl\":\"https:\/\/www.tabakversand.ch\/wp-content\/uploads\/2025\/11\/tabaktasche-kavatza-tpu24-peacock.jpg\",\"datePublished\":\"2025-11-11T15:44:36+00:00\",\"dateModified\":\"2025-11-11T15:53:23+00:00\",\"description\":\"Pochette \u00e0 tabac Kavatza TPU24 bleu paon | Un tr\u00e8s grand choix de produits du tabac, cigarettes \u00e9lectroniques et accessoires pour fumeurs de qualit\u00e9 sup\u00e9rieure dans toute la Suisse | Cartes accept\u00e9es !\",\"breadcrumb\":{\"@id\":\"https:\/\/www.tabakversand.ch\/fr\/produit\/kavatza-tpu24-paon-bleu-sabre\/#breadcrumb\"},\"inLanguage\":\"fr-FR\",\"potentialAction\":[{\"@type\":\"ReadAction\",\"target\":[\"https:\/\/www.tabakversand.ch\/fr\/produit\/kavatza-tpu24-paon-bleu-sabre\/\"]}]},{\"@type\":\"ImageObject\",\"inLanguage\":\"fr-FR\",\"@id\":\"https:\/\/www.tabakversand.ch\/fr\/produit\/kavatza-tpu24-paon-bleu-sabre\/#primaryimage\",\"url\":\"https:\/\/www.tabakversand.ch\/wp-content\/uploads\/2025\/11\/tabaktasche-kavatza-tpu24-peacock.jpg\",\"contentUrl\":\"https:\/\/www.tabakversand.ch\/wp-content\/uploads\/2025\/11\/tabaktasche-kavatza-tpu24-peacock.jpg\",\"width\":500,\"height\":500,\"caption\":\"Pochette \u00e0 tabac Kavatza TPU24 bleu paon | tabakversand.ch\"},{\"@type\":\"BreadcrumbList\",\"@id\":\"https:\/\/www.tabakversand.ch\/fr\/produit\/kavatza-tpu24-paon-bleu-sabre\/#breadcrumb\",\"itemListElement\":[{\"@type\":\"ListItem\",\"position\":1,\"name\":\"Startseite\",\"item\":\"https:\/\/www.tabakversand.ch\/\"},{\"@type\":\"ListItem\",\"position\":2,\"name\":\"Boutique\",\"item\":\"https:\/\/www.tabakversand.ch\/fr\/boutique\/\"},{\"@type\":\"ListItem\",\"position\":3,\"name\":\"Kavatza TPU24 Paon bleu sabre\"}]},{\"@type\":\"WebSite\",\"@id\":\"https:\/\/www.tabakversand.ch\/#website\",\"url\":\"https:\/\/www.tabakversand.ch\/\",\"name\":\"Tabakversand.ch | Alles aus der Welt des Tabaks\",\"description\":\"Smoke and carpe diem\",\"potentialAction\":[{\"@type\":\"SearchAction\",\"target\":{\"@type\":\"EntryPoint\",\"urlTemplate\":\"https:\/\/www.tabakversand.ch\/?s={search_term_string}\"},\"query-input\":{\"@type\":\"PropertyValueSpecification\",\"valueRequired\":true,\"valueName\":\"search_term_string\"}}],\"inLanguage\":\"fr-FR\"}]}<\/script>\n<!-- \/ Yoast SEO plugin. -->","yoast_head_json":{"title":"Kavatza TPU24 Paon bleu sabre - Tabakversand.ch | Alles aus der Welt des Tabaks","description":"Pochette \u00e0 tabac Kavatza TPU24 bleu paon | Un tr\u00e8s grand choix de produits du tabac, cigarettes \u00e9lectroniques et accessoires pour fumeurs de qualit\u00e9 sup\u00e9rieure dans toute la Suisse | Cartes accept\u00e9es !","robots":{"index":"index","follow":"follow","max-snippet":"max-snippet:-1","max-image-preview":"max-image-preview:large","max-video-preview":"max-video-preview:-1"},"canonical":"https:\/\/www.tabakversand.ch\/fr\/produit\/kavatza-tpu24-paon-bleu-sabre\/","og_locale":"fr_FR","og_type":"article","og_title":"Kavatza TPU24 Paon bleu sabre - Tabakversand.ch | Alles aus der Welt des Tabaks","og_description":"Pochette \u00e0 tabac Kavatza TPU24 bleu paon | Un tr\u00e8s grand choix de produits du tabac, cigarettes \u00e9lectroniques et accessoires pour fumeurs de qualit\u00e9 sup\u00e9rieure dans toute la Suisse | Cartes accept\u00e9es !","og_url":"https:\/\/www.tabakversand.ch\/fr\/produit\/kavatza-tpu24-paon-bleu-sabre\/","og_site_name":"Tabakversand.ch | Alles aus der Welt des Tabaks","article_modified_time":"2025-11-11T15:53:23+00:00","og_image":[{"width":500,"height":500,"url":"https:\/\/www.tabakversand.ch\/wp-content\/uploads\/2025\/11\/tabaktasche-kavatza-tpu24-peacock.jpg","type":"image\/jpeg"}],"twitter_card":"summary_large_image","twitter_misc":{"Dur\u00e9e de lecture estim\u00e9e":"2 minutes"},"schema":{"@context":"https:\/\/schema.org","@graph":[{"@type":"WebPage","@id":"https:\/\/www.tabakversand.ch\/fr\/produit\/kavatza-tpu24-paon-bleu-sabre\/","url":"https:\/\/www.tabakversand.ch\/fr\/produit\/kavatza-tpu24-paon-bleu-sabre\/","name":"Kavatza TPU24 Paon bleu sabre - Tabakversand.ch | Alles aus der Welt des Tabaks","isPartOf":{"@id":"https:\/\/www.tabakversand.ch\/#website"},"primaryImageOfPage":{"@id":"https:\/\/www.tabakversand.ch\/fr\/produit\/kavatza-tpu24-paon-bleu-sabre\/#primaryimage"},"image":{"@id":"https:\/\/www.tabakversand.ch\/fr\/produit\/kavatza-tpu24-paon-bleu-sabre\/#primaryimage"},"thumbnailUrl":"https:\/\/www.tabakversand.ch\/wp-content\/uploads\/2025\/11\/tabaktasche-kavatza-tpu24-peacock.jpg","datePublished":"2025-11-11T15:44:36+00:00","dateModified":"2025-11-11T15:53:23+00:00","description":"Pochette \u00e0 tabac Kavatza TPU24 bleu paon | Un tr\u00e8s grand choix de produits du tabac, cigarettes \u00e9lectroniques et accessoires pour fumeurs de qualit\u00e9 sup\u00e9rieure dans toute la Suisse | Cartes accept\u00e9es !","breadcrumb":{"@id":"https:\/\/www.tabakversand.ch\/fr\/produit\/kavatza-tpu24-paon-bleu-sabre\/#breadcrumb"},"inLanguage":"fr-FR","potentialAction":[{"@type":"ReadAction","target":["https:\/\/www.tabakversand.ch\/fr\/produit\/kavatza-tpu24-paon-bleu-sabre\/"]}]},{"@type":"ImageObject","inLanguage":"fr-FR","@id":"https:\/\/www.tabakversand.ch\/fr\/produit\/kavatza-tpu24-paon-bleu-sabre\/#primaryimage","url":"https:\/\/www.tabakversand.ch\/wp-content\/uploads\/2025\/11\/tabaktasche-kavatza-tpu24-peacock.jpg","contentUrl":"https:\/\/www.tabakversand.ch\/wp-content\/uploads\/2025\/11\/tabaktasche-kavatza-tpu24-peacock.jpg","width":500,"height":500,"caption":"Pochette \u00e0 tabac Kavatza TPU24 bleu paon | tabakversand.ch"},{"@type":"BreadcrumbList","@id":"https:\/\/www.tabakversand.ch\/fr\/produit\/kavatza-tpu24-paon-bleu-sabre\/#breadcrumb","itemListElement":[{"@type":"ListItem","position":1,"name":"Startseite","item":"https:\/\/www.tabakversand.ch\/"},{"@type":"ListItem","position":2,"name":"Boutique","item":"https:\/\/www.tabakversand.ch\/fr\/boutique\/"},{"@type":"ListItem","position":3,"name":"Kavatza TPU24 Paon bleu sabre"}]},{"@type":"WebSite","@id":"https:\/\/www.tabakversand.ch\/#website","url":"https:\/\/www.tabakversand.ch\/","name":"Tabakversand.ch | Alles aus der Welt des Tabaks","description":"Smoke and carpe diem","potentialAction":[{"@type":"SearchAction","target":{"@type":"EntryPoint","urlTemplate":"https:\/\/www.tabakversand.ch\/?s={search_term_string}"},"query-input":{"@type":"PropertyValueSpecification","valueRequired":true,"valueName":"search_term_string"}}],"inLanguage":"fr-FR"}]}},"_links":{"self":[{"href":"https:\/\/www.tabakversand.ch\/fr\/wp-json\/wp\/v2\/product\/206031","targetHints":{"allow":["GET"]}}],"collection":[{"href":"https:\/\/www.tabakversand.ch\/fr\/wp-json\/wp\/v2\/product"}],"about":[{"href":"https:\/\/www.tabakversand.ch\/fr\/wp-json\/wp\/v2\/types\/product"}],"version-history":[{"count":3,"href":"https:\/\/www.tabakversand.ch\/fr\/wp-json\/wp\/v2\/product\/206031\/revisions"}],"predecessor-version":[{"id":206053,"href":"https:\/\/www.tabakversand.ch\/fr\/wp-json\/wp\/v2\/product\/206031\/revisions\/206053"}],"wp:featuredmedia":[{"embeddable":true,"href":"https:\/\/www.tabakversand.ch\/fr\/wp-json\/wp\/v2\/media\/206035"}],"wp:attachment":[{"href":"https:\/\/www.tabakversand.ch\/fr\/wp-json\/wp\/v2\/media?parent=206031"}],"wp:term":[{"taxonomy":"product_brand","embeddable":true,"href":"https:\/\/www.tabakversand.ch\/fr\/wp-json\/wp\/v2\/product_brand?post=206031"},{"taxonomy":"product_cat","embeddable":true,"href":"https:\/\/www.tabakversand.ch\/fr\/wp-json\/wp\/v2\/product_cat?post=206031"},{"taxonomy":"product_tag","embeddable":true,"href":"https:\/\/www.tabakversand.ch\/fr\/wp-json\/wp\/v2\/product_tag?post=206031"}],"curies":[{"name":"wp","href":"https:\/\/api.w.org\/{rel}","templated":true}]}}