{"id":206443,"date":"2025-11-25T12:38:09","date_gmt":"2025-11-25T11:38:09","guid":{"rendered":"https:\/\/www.tabakversand.ch\/?post_type=product&#038;p=206443"},"modified":"2025-11-25T12:54:36","modified_gmt":"2025-11-25T11:54:36","slug":"herbe-locale-lemon-haze-2-g","status":"publish","type":"product","link":"https:\/\/www.tabakversand.ch\/fr\/produit\/herbe-locale-lemon-haze-2-g\/","title":{"rendered":"Herbe locale Lemon Haze 2 g."},"content":{"rendered":"<p>Herbe locale Lemon Haze 2 g.<\/p>\n<p>Les fleurs vert clair, avec leurs poils orange vif et leur rev\u00eatement scintillant de trichomes intacts, promettent au premier coup d&rsquo;\u0153il une qualit\u00e9 exceptionnelle.<\/p>\n<p>Son profil olfactif est inimitable : citronn\u00e9 et sucr\u00e9, accompagn\u00e9 de nuances terreuses, herbac\u00e9es et l\u00e9g\u00e8rement bois\u00e9es, le tout arrondi par de subtiles notes de baies.<\/p>\n<p>Lorsqu&rsquo;on la fume, la \u00ab&nbsp;Lemon Haze&nbsp;\u00bb d\u00e9ploie tout son ar\u00f4me&nbsp;: rafra\u00eechissant, d\u00e9licat et \u00e9quilibr\u00e9. Cette vari\u00e9t\u00e9 offre une exp\u00e9rience de fumage agr\u00e9able et pure, avec une note naturelle et vibrante. Mais surtout, elle est r\u00e9put\u00e9e pour son effet puissant et sa saveur classique de Lemon Haze. <\/p>\n<p>Aspect : Fleurs vert clair, poils orange vif, trichomes brillants, aspect tr\u00e8s soign\u00e9<\/p>\n<p>CBD d&rsquo;int\u00e9rieur<\/p>\n<ul>\n<li>THC:&lt; 0,9%<\/li>\n<li>CBD :&lt; 25%<\/li>\n<\/ul>\n<p>Profil olfactif :<\/p>\n<p>Sucr\u00e9 citronn\u00e9 (dominant)<br \/>\n Notes terreuses et herbac\u00e9es<br \/>\n Nuances bois\u00e9es subtiles<br \/>\n Subtiles nuances de baies<\/p>\n<p>Tous les prix s&rsquo;appliquent uniquement aux commandes en ligne et incluent la TVA. Sous r\u00e9serve de modifications sans pr\u00e9avis, frais de livraison en sus. Sous r\u00e9serve d&rsquo;erreurs, de modifications de contenu de livraison et de conception, de fautes d&rsquo;impression et de modifications de prix. Les prix barr\u00e9s sont des prix de remplacement. Les illustrations peuvent diff\u00e9rer de l&rsquo;original\/du contenu de livraison.<br \/>\n*Livraison gratuite pour les commandes sup\u00e9rieures \u00e0 CHF 250.-.<\/p>\n","protected":false},"excerpt":{"rendered":"<p>Herbe locale Lemon Haze 2 g. Les fleurs vert clair, avec leurs poils orange vif et leur rev\u00eatement scintillant de trichomes intacts, promettent au premier coup d&rsquo;\u0153il une qualit\u00e9 exceptionnelle. Son profil olfactif est inimitable : citronn\u00e9 et sucr\u00e9, accompagn\u00e9 de nuances terreuses, herbac\u00e9es et l\u00e9g\u00e8rement bois\u00e9es, le tout arrondi par de subtiles notes de [&hellip;]<\/p>\n","protected":false},"featured_media":206447,"template":"","meta":[],"product_brand":[],"product_cat":[3219,2101,1995],"product_tag":[],"class_list":{"0":"post-206443","1":"product","2":"type-product","3":"status-publish","4":"has-post-thumbnail","6":"product_cat-boutique-de-tete","7":"product_cat-chanvre-cbd","8":"product_cat-divers-headshop","10":"first","11":"onbackorder","12":"featured","13":"purchasable","14":"product-type-simple"},"yoast_head":"<!-- This site is optimized with the Yoast SEO plugin v27.0 - https:\/\/yoast.com\/product\/yoast-seo-wordpress\/ -->\n<title>Herbe locale Lemon Haze 2 g. - Tabakversand.ch | Alles aus der Welt des Tabaks<\/title>\n<meta name=\"description\" content=\"Local Weed Lemon Haze 2g | Un large choix de produits du tabac, de cigarettes \u00e9lectroniques et d&#039;accessoires pour fumeurs dans toute la Suisse | Cartes accept\u00e9es !\" \/>\n<meta name=\"robots\" content=\"index, follow, max-snippet:-1, max-image-preview:large, max-video-preview:-1\" \/>\n<link rel=\"canonical\" href=\"https:\/\/www.tabakversand.ch\/fr\/produit\/herbe-locale-lemon-haze-2-g\/\" \/>\n<meta property=\"og:locale\" content=\"fr_FR\" \/>\n<meta property=\"og:type\" content=\"article\" \/>\n<meta property=\"og:title\" content=\"Herbe locale Lemon Haze 2 g. - Tabakversand.ch | Alles aus der Welt des Tabaks\" \/>\n<meta property=\"og:description\" content=\"Local Weed Lemon Haze 2g | Un large choix de produits du tabac, de cigarettes \u00e9lectroniques et d&#039;accessoires pour fumeurs dans toute la Suisse | Cartes accept\u00e9es !\" \/>\n<meta property=\"og:url\" content=\"https:\/\/www.tabakversand.ch\/fr\/produit\/herbe-locale-lemon-haze-2-g\/\" \/>\n<meta property=\"og:site_name\" content=\"Tabakversand.ch | Alles aus der Welt des Tabaks\" \/>\n<meta property=\"article:modified_time\" content=\"2025-11-25T11:54:36+00:00\" \/>\n<meta property=\"og:image\" content=\"https:\/\/www.tabakversand.ch\/wp-content\/uploads\/2025\/11\/local-weed-lemon-haze-2.jpg\" \/>\n\t<meta property=\"og:image:width\" content=\"500\" \/>\n\t<meta property=\"og:image:height\" content=\"500\" \/>\n\t<meta property=\"og:image:type\" content=\"image\/jpeg\" \/>\n<meta name=\"twitter:card\" content=\"summary_large_image\" \/>\n<meta name=\"twitter:label1\" content=\"Dur\u00e9e de lecture estim\u00e9e\" \/>\n\t<meta name=\"twitter:data1\" content=\"2 minutes\" \/>\n<script type=\"application\/ld+json\" class=\"yoast-schema-graph\">{\"@context\":\"https:\/\/schema.org\",\"@graph\":[{\"@type\":\"WebPage\",\"@id\":\"https:\/\/www.tabakversand.ch\/fr\/produit\/herbe-locale-lemon-haze-2-g\/\",\"url\":\"https:\/\/www.tabakversand.ch\/fr\/produit\/herbe-locale-lemon-haze-2-g\/\",\"name\":\"Herbe locale Lemon Haze 2 g. - Tabakversand.ch | Alles aus der Welt des Tabaks\",\"isPartOf\":{\"@id\":\"https:\/\/www.tabakversand.ch\/#website\"},\"primaryImageOfPage\":{\"@id\":\"https:\/\/www.tabakversand.ch\/fr\/produit\/herbe-locale-lemon-haze-2-g\/#primaryimage\"},\"image\":{\"@id\":\"https:\/\/www.tabakversand.ch\/fr\/produit\/herbe-locale-lemon-haze-2-g\/#primaryimage\"},\"thumbnailUrl\":\"https:\/\/www.tabakversand.ch\/wp-content\/uploads\/2025\/11\/local-weed-lemon-haze-2.jpg\",\"datePublished\":\"2025-11-25T11:38:09+00:00\",\"dateModified\":\"2025-11-25T11:54:36+00:00\",\"description\":\"Local Weed Lemon Haze 2g | Un large choix de produits du tabac, de cigarettes \u00e9lectroniques et d'accessoires pour fumeurs dans toute la Suisse | Cartes accept\u00e9es !\",\"breadcrumb\":{\"@id\":\"https:\/\/www.tabakversand.ch\/fr\/produit\/herbe-locale-lemon-haze-2-g\/#breadcrumb\"},\"inLanguage\":\"fr-FR\",\"potentialAction\":[{\"@type\":\"ReadAction\",\"target\":[\"https:\/\/www.tabakversand.ch\/fr\/produit\/herbe-locale-lemon-haze-2-g\/\"]}]},{\"@type\":\"ImageObject\",\"inLanguage\":\"fr-FR\",\"@id\":\"https:\/\/www.tabakversand.ch\/fr\/produit\/herbe-locale-lemon-haze-2-g\/#primaryimage\",\"url\":\"https:\/\/www.tabakversand.ch\/wp-content\/uploads\/2025\/11\/local-weed-lemon-haze-2.jpg\",\"contentUrl\":\"https:\/\/www.tabakversand.ch\/wp-content\/uploads\/2025\/11\/local-weed-lemon-haze-2.jpg\",\"width\":500,\"height\":500,\"caption\":\"Herbe locale Lemon Haze 2 g. | tabakversand.ch\"},{\"@type\":\"BreadcrumbList\",\"@id\":\"https:\/\/www.tabakversand.ch\/fr\/produit\/herbe-locale-lemon-haze-2-g\/#breadcrumb\",\"itemListElement\":[{\"@type\":\"ListItem\",\"position\":1,\"name\":\"Startseite\",\"item\":\"https:\/\/www.tabakversand.ch\/\"},{\"@type\":\"ListItem\",\"position\":2,\"name\":\"Boutique\",\"item\":\"https:\/\/www.tabakversand.ch\/fr\/boutique\/\"},{\"@type\":\"ListItem\",\"position\":3,\"name\":\"Herbe locale Lemon Haze 2 g.\"}]},{\"@type\":\"WebSite\",\"@id\":\"https:\/\/www.tabakversand.ch\/#website\",\"url\":\"https:\/\/www.tabakversand.ch\/\",\"name\":\"Tabakversand.ch | Alles aus der Welt des Tabaks\",\"description\":\"Smoke and carpe diem\",\"potentialAction\":[{\"@type\":\"SearchAction\",\"target\":{\"@type\":\"EntryPoint\",\"urlTemplate\":\"https:\/\/www.tabakversand.ch\/?s={search_term_string}\"},\"query-input\":{\"@type\":\"PropertyValueSpecification\",\"valueRequired\":true,\"valueName\":\"search_term_string\"}}],\"inLanguage\":\"fr-FR\"}]}<\/script>\n<!-- \/ Yoast SEO plugin. -->","yoast_head_json":{"title":"Herbe locale Lemon Haze 2 g. - Tabakversand.ch | Alles aus der Welt des Tabaks","description":"Local Weed Lemon Haze 2g | Un large choix de produits du tabac, de cigarettes \u00e9lectroniques et d'accessoires pour fumeurs dans toute la Suisse | Cartes accept\u00e9es !","robots":{"index":"index","follow":"follow","max-snippet":"max-snippet:-1","max-image-preview":"max-image-preview:large","max-video-preview":"max-video-preview:-1"},"canonical":"https:\/\/www.tabakversand.ch\/fr\/produit\/herbe-locale-lemon-haze-2-g\/","og_locale":"fr_FR","og_type":"article","og_title":"Herbe locale Lemon Haze 2 g. - Tabakversand.ch | Alles aus der Welt des Tabaks","og_description":"Local Weed Lemon Haze 2g | Un large choix de produits du tabac, de cigarettes \u00e9lectroniques et d'accessoires pour fumeurs dans toute la Suisse | Cartes accept\u00e9es !","og_url":"https:\/\/www.tabakversand.ch\/fr\/produit\/herbe-locale-lemon-haze-2-g\/","og_site_name":"Tabakversand.ch | Alles aus der Welt des Tabaks","article_modified_time":"2025-11-25T11:54:36+00:00","og_image":[{"width":500,"height":500,"url":"https:\/\/www.tabakversand.ch\/wp-content\/uploads\/2025\/11\/local-weed-lemon-haze-2.jpg","type":"image\/jpeg"}],"twitter_card":"summary_large_image","twitter_misc":{"Dur\u00e9e de lecture estim\u00e9e":"2 minutes"},"schema":{"@context":"https:\/\/schema.org","@graph":[{"@type":"WebPage","@id":"https:\/\/www.tabakversand.ch\/fr\/produit\/herbe-locale-lemon-haze-2-g\/","url":"https:\/\/www.tabakversand.ch\/fr\/produit\/herbe-locale-lemon-haze-2-g\/","name":"Herbe locale Lemon Haze 2 g. - Tabakversand.ch | Alles aus der Welt des Tabaks","isPartOf":{"@id":"https:\/\/www.tabakversand.ch\/#website"},"primaryImageOfPage":{"@id":"https:\/\/www.tabakversand.ch\/fr\/produit\/herbe-locale-lemon-haze-2-g\/#primaryimage"},"image":{"@id":"https:\/\/www.tabakversand.ch\/fr\/produit\/herbe-locale-lemon-haze-2-g\/#primaryimage"},"thumbnailUrl":"https:\/\/www.tabakversand.ch\/wp-content\/uploads\/2025\/11\/local-weed-lemon-haze-2.jpg","datePublished":"2025-11-25T11:38:09+00:00","dateModified":"2025-11-25T11:54:36+00:00","description":"Local Weed Lemon Haze 2g | Un large choix de produits du tabac, de cigarettes \u00e9lectroniques et d'accessoires pour fumeurs dans toute la Suisse | Cartes accept\u00e9es !","breadcrumb":{"@id":"https:\/\/www.tabakversand.ch\/fr\/produit\/herbe-locale-lemon-haze-2-g\/#breadcrumb"},"inLanguage":"fr-FR","potentialAction":[{"@type":"ReadAction","target":["https:\/\/www.tabakversand.ch\/fr\/produit\/herbe-locale-lemon-haze-2-g\/"]}]},{"@type":"ImageObject","inLanguage":"fr-FR","@id":"https:\/\/www.tabakversand.ch\/fr\/produit\/herbe-locale-lemon-haze-2-g\/#primaryimage","url":"https:\/\/www.tabakversand.ch\/wp-content\/uploads\/2025\/11\/local-weed-lemon-haze-2.jpg","contentUrl":"https:\/\/www.tabakversand.ch\/wp-content\/uploads\/2025\/11\/local-weed-lemon-haze-2.jpg","width":500,"height":500,"caption":"Herbe locale Lemon Haze 2 g. | tabakversand.ch"},{"@type":"BreadcrumbList","@id":"https:\/\/www.tabakversand.ch\/fr\/produit\/herbe-locale-lemon-haze-2-g\/#breadcrumb","itemListElement":[{"@type":"ListItem","position":1,"name":"Startseite","item":"https:\/\/www.tabakversand.ch\/"},{"@type":"ListItem","position":2,"name":"Boutique","item":"https:\/\/www.tabakversand.ch\/fr\/boutique\/"},{"@type":"ListItem","position":3,"name":"Herbe locale Lemon Haze 2 g."}]},{"@type":"WebSite","@id":"https:\/\/www.tabakversand.ch\/#website","url":"https:\/\/www.tabakversand.ch\/","name":"Tabakversand.ch | Alles aus der Welt des Tabaks","description":"Smoke and carpe diem","potentialAction":[{"@type":"SearchAction","target":{"@type":"EntryPoint","urlTemplate":"https:\/\/www.tabakversand.ch\/?s={search_term_string}"},"query-input":{"@type":"PropertyValueSpecification","valueRequired":true,"valueName":"search_term_string"}}],"inLanguage":"fr-FR"}]}},"_links":{"self":[{"href":"https:\/\/www.tabakversand.ch\/fr\/wp-json\/wp\/v2\/product\/206443","targetHints":{"allow":["GET"]}}],"collection":[{"href":"https:\/\/www.tabakversand.ch\/fr\/wp-json\/wp\/v2\/product"}],"about":[{"href":"https:\/\/www.tabakversand.ch\/fr\/wp-json\/wp\/v2\/types\/product"}],"version-history":[{"count":4,"href":"https:\/\/www.tabakversand.ch\/fr\/wp-json\/wp\/v2\/product\/206443\/revisions"}],"predecessor-version":[{"id":206480,"href":"https:\/\/www.tabakversand.ch\/fr\/wp-json\/wp\/v2\/product\/206443\/revisions\/206480"}],"wp:featuredmedia":[{"embeddable":true,"href":"https:\/\/www.tabakversand.ch\/fr\/wp-json\/wp\/v2\/media\/206447"}],"wp:attachment":[{"href":"https:\/\/www.tabakversand.ch\/fr\/wp-json\/wp\/v2\/media?parent=206443"}],"wp:term":[{"taxonomy":"product_brand","embeddable":true,"href":"https:\/\/www.tabakversand.ch\/fr\/wp-json\/wp\/v2\/product_brand?post=206443"},{"taxonomy":"product_cat","embeddable":true,"href":"https:\/\/www.tabakversand.ch\/fr\/wp-json\/wp\/v2\/product_cat?post=206443"},{"taxonomy":"product_tag","embeddable":true,"href":"https:\/\/www.tabakversand.ch\/fr\/wp-json\/wp\/v2\/product_tag?post=206443"}],"curies":[{"name":"wp","href":"https:\/\/api.w.org\/{rel}","templated":true}]}}