{"id":206461,"date":"2025-11-25T12:46:51","date_gmt":"2025-11-25T11:46:51","guid":{"rendered":"https:\/\/www.tabakversand.ch\/?post_type=product&#038;p=206461"},"modified":"2025-11-25T12:52:18","modified_gmt":"2025-11-25T11:52:18","slug":"herbe-locale-lemon-haze-10-g","status":"publish","type":"product","link":"https:\/\/www.tabakversand.ch\/fr\/produit\/herbe-locale-lemon-haze-10-g\/","title":{"rendered":"Herbe locale Lemon Haze 10 g."},"content":{"rendered":"<p>Herbe locale Lemon Haze 10 g.<\/p>\n<p>Les fleurs vert clair, avec leurs poils orange et leur rev\u00eatement de trichomes scintillants, sugg\u00e8rent imm\u00e9diatement une grande qualit\u00e9.<\/p>\n<p>L&rsquo;ar\u00f4me est clairement reconnaissable : une note citronn\u00e9e et sucr\u00e9e, combin\u00e9e \u00e0 des nuances terreuses, herbac\u00e9es et subtilement bois\u00e9es, compl\u00e9t\u00e9es par de fines notes de baies.<\/p>\n<p>Une fois fum\u00e9e, la \u00ab\u00a0Lemon Haze\u00a0\u00bb r\u00e9v\u00e8le tout son potentiel, offrant un profil aromatique riche et rafra\u00eechissant. Cette vari\u00e9t\u00e9 procure une exp\u00e9rience de fumage pure et agr\u00e9able, empreinte de fra\u00eecheur naturelle, sans oublier sa saveur intense et caract\u00e9ristique de Lemon Haze.<\/p>\n<p>CBD d&rsquo;int\u00e9rieur<\/p>\n<ul>\n<li>THC:&lt; 0,9%<\/li>\n<li>CBD :&lt; 25%<\/li>\n<\/ul>\n<p>Aspect : Fleurs vert clair, poils orange vif, trichomes brillants, aspect tr\u00e8s soign\u00e9<\/p>\n<p>Profil olfactif :<\/p>\n<p>Sucr\u00e9 citronn\u00e9 (dominant)<br \/>\nNotes terreuses et herbac\u00e9es<br \/>\nNuances bois\u00e9es subtiles<br \/>\nSubtiles nuances de baies<\/p>\n<p>Tous les prix s&rsquo;appliquent uniquement aux commandes en ligne et incluent la TVA. Sous r\u00e9serve de modifications sans pr\u00e9avis, frais de livraison en sus. Sous r\u00e9serve d&rsquo;erreurs, de modifications de contenu de livraison et de conception, de fautes d&rsquo;impression et de modifications de prix. Les prix barr\u00e9s sont des prix de remplacement. Les illustrations peuvent diff\u00e9rer de l&rsquo;original\/du contenu de livraison.<br \/>\n*Livraison gratuite pour les commandes sup\u00e9rieures \u00e0 CHF 250.-.<\/p>\n","protected":false},"excerpt":{"rendered":"<p>Herbe locale Lemon Haze 10 g. Les fleurs vert clair, avec leurs poils orange et leur rev\u00eatement de trichomes scintillants, sugg\u00e8rent imm\u00e9diatement une grande qualit\u00e9. L&rsquo;ar\u00f4me est clairement reconnaissable : une note citronn\u00e9e et sucr\u00e9e, combin\u00e9e \u00e0 des nuances terreuses, herbac\u00e9es et subtilement bois\u00e9es, compl\u00e9t\u00e9es par de fines notes de baies. Une fois fum\u00e9e, la [&hellip;]<\/p>\n","protected":false},"featured_media":206465,"template":"","meta":[],"product_brand":[],"product_cat":[3219,2101,1995],"product_tag":[],"class_list":{"0":"post-206461","1":"product","2":"type-product","3":"status-publish","4":"has-post-thumbnail","6":"product_cat-boutique-de-tete","7":"product_cat-chanvre-cbd","8":"product_cat-divers-headshop","10":"first","11":"onbackorder","12":"purchasable","13":"product-type-simple"},"yoast_head":"<!-- This site is optimized with the Yoast SEO plugin v27.0 - https:\/\/yoast.com\/product\/yoast-seo-wordpress\/ -->\n<title>Herbe locale Lemon Haze 10 g. - Tabakversand.ch | Alles aus der Welt des Tabaks<\/title>\n<meta name=\"description\" content=\"Local Weed Lemon Haze 10g | Un large choix de produits du tabac, de cigarettes \u00e9lectroniques et d&#039;accessoires pour fumeurs dans toute la Suisse | Cartes accept\u00e9es !\" \/>\n<meta name=\"robots\" content=\"index, follow, max-snippet:-1, max-image-preview:large, max-video-preview:-1\" \/>\n<link rel=\"canonical\" href=\"https:\/\/www.tabakversand.ch\/it\/produit\/erba-locale-lemon-haze-10-gr\/\" \/>\n<meta property=\"og:locale\" content=\"fr_FR\" \/>\n<meta property=\"og:type\" content=\"article\" \/>\n<meta property=\"og:title\" content=\"Herbe locale Lemon Haze 10 g. - Tabakversand.ch | Alles aus der Welt des Tabaks\" \/>\n<meta property=\"og:description\" content=\"Local Weed Lemon Haze 10g | Un large choix de produits du tabac, de cigarettes \u00e9lectroniques et d&#039;accessoires pour fumeurs dans toute la Suisse | Cartes accept\u00e9es !\" \/>\n<meta property=\"og:url\" content=\"https:\/\/www.tabakversand.ch\/it\/produit\/erba-locale-lemon-haze-10-gr\/\" \/>\n<meta property=\"og:site_name\" content=\"Tabakversand.ch | Alles aus der Welt des Tabaks\" \/>\n<meta property=\"article:modified_time\" content=\"2025-11-25T11:52:18+00:00\" \/>\n<meta property=\"og:image\" content=\"https:\/\/www.tabakversand.ch\/wp-content\/uploads\/2025\/11\/local-weed-lemon-haze-10.jpg\" \/>\n\t<meta property=\"og:image:width\" content=\"500\" \/>\n\t<meta property=\"og:image:height\" content=\"500\" \/>\n\t<meta property=\"og:image:type\" content=\"image\/jpeg\" \/>\n<meta name=\"twitter:card\" content=\"summary_large_image\" \/>\n<meta name=\"twitter:label1\" content=\"Dur\u00e9e de lecture estim\u00e9e\" \/>\n\t<meta name=\"twitter:data1\" content=\"2 minutes\" \/>\n<script type=\"application\/ld+json\" class=\"yoast-schema-graph\">{\"@context\":\"https:\/\/schema.org\",\"@graph\":[{\"@type\":\"WebPage\",\"@id\":\"https:\/\/www.tabakversand.ch\/it\/produit\/erba-locale-lemon-haze-10-gr\/\",\"url\":\"https:\/\/www.tabakversand.ch\/it\/produit\/erba-locale-lemon-haze-10-gr\/\",\"name\":\"Herbe locale Lemon Haze 10 g. - Tabakversand.ch | Alles aus der Welt des Tabaks\",\"isPartOf\":{\"@id\":\"https:\/\/www.tabakversand.ch\/#website\"},\"primaryImageOfPage\":{\"@id\":\"https:\/\/www.tabakversand.ch\/it\/produit\/erba-locale-lemon-haze-10-gr\/#primaryimage\"},\"image\":{\"@id\":\"https:\/\/www.tabakversand.ch\/it\/produit\/erba-locale-lemon-haze-10-gr\/#primaryimage\"},\"thumbnailUrl\":\"https:\/\/www.tabakversand.ch\/wp-content\/uploads\/2025\/11\/local-weed-lemon-haze-10.jpg\",\"datePublished\":\"2025-11-25T11:46:51+00:00\",\"dateModified\":\"2025-11-25T11:52:18+00:00\",\"description\":\"Local Weed Lemon Haze 10g | Un large choix de produits du tabac, de cigarettes \u00e9lectroniques et d'accessoires pour fumeurs dans toute la Suisse | Cartes accept\u00e9es !\",\"breadcrumb\":{\"@id\":\"https:\/\/www.tabakversand.ch\/it\/produit\/erba-locale-lemon-haze-10-gr\/#breadcrumb\"},\"inLanguage\":\"fr-FR\",\"potentialAction\":[{\"@type\":\"ReadAction\",\"target\":[\"https:\/\/www.tabakversand.ch\/it\/produit\/erba-locale-lemon-haze-10-gr\/\"]}]},{\"@type\":\"ImageObject\",\"inLanguage\":\"fr-FR\",\"@id\":\"https:\/\/www.tabakversand.ch\/it\/produit\/erba-locale-lemon-haze-10-gr\/#primaryimage\",\"url\":\"https:\/\/www.tabakversand.ch\/wp-content\/uploads\/2025\/11\/local-weed-lemon-haze-10.jpg\",\"contentUrl\":\"https:\/\/www.tabakversand.ch\/wp-content\/uploads\/2025\/11\/local-weed-lemon-haze-10.jpg\",\"width\":500,\"height\":500,\"caption\":\"Herbe locale Lemon Haze 10 g. | tabakversand.ch\"},{\"@type\":\"BreadcrumbList\",\"@id\":\"https:\/\/www.tabakversand.ch\/it\/produit\/erba-locale-lemon-haze-10-gr\/#breadcrumb\",\"itemListElement\":[{\"@type\":\"ListItem\",\"position\":1,\"name\":\"Startseite\",\"item\":\"https:\/\/www.tabakversand.ch\/\"},{\"@type\":\"ListItem\",\"position\":2,\"name\":\"Boutique\",\"item\":\"https:\/\/www.tabakversand.ch\/fr\/boutique\/\"},{\"@type\":\"ListItem\",\"position\":3,\"name\":\"Herbe locale Lemon Haze 10 g.\"}]},{\"@type\":\"WebSite\",\"@id\":\"https:\/\/www.tabakversand.ch\/#website\",\"url\":\"https:\/\/www.tabakversand.ch\/\",\"name\":\"Tabakversand.ch | Alles aus der Welt des Tabaks\",\"description\":\"Smoke and carpe diem\",\"potentialAction\":[{\"@type\":\"SearchAction\",\"target\":{\"@type\":\"EntryPoint\",\"urlTemplate\":\"https:\/\/www.tabakversand.ch\/?s={search_term_string}\"},\"query-input\":{\"@type\":\"PropertyValueSpecification\",\"valueRequired\":true,\"valueName\":\"search_term_string\"}}],\"inLanguage\":\"fr-FR\"}]}<\/script>\n<!-- \/ Yoast SEO plugin. -->","yoast_head_json":{"title":"Herbe locale Lemon Haze 10 g. - Tabakversand.ch | Alles aus der Welt des Tabaks","description":"Local Weed Lemon Haze 10g | Un large choix de produits du tabac, de cigarettes \u00e9lectroniques et d'accessoires pour fumeurs dans toute la Suisse | Cartes accept\u00e9es !","robots":{"index":"index","follow":"follow","max-snippet":"max-snippet:-1","max-image-preview":"max-image-preview:large","max-video-preview":"max-video-preview:-1"},"canonical":"https:\/\/www.tabakversand.ch\/it\/produit\/erba-locale-lemon-haze-10-gr\/","og_locale":"fr_FR","og_type":"article","og_title":"Herbe locale Lemon Haze 10 g. - Tabakversand.ch | Alles aus der Welt des Tabaks","og_description":"Local Weed Lemon Haze 10g | Un large choix de produits du tabac, de cigarettes \u00e9lectroniques et d'accessoires pour fumeurs dans toute la Suisse | Cartes accept\u00e9es !","og_url":"https:\/\/www.tabakversand.ch\/it\/produit\/erba-locale-lemon-haze-10-gr\/","og_site_name":"Tabakversand.ch | Alles aus der Welt des Tabaks","article_modified_time":"2025-11-25T11:52:18+00:00","og_image":[{"width":500,"height":500,"url":"https:\/\/www.tabakversand.ch\/wp-content\/uploads\/2025\/11\/local-weed-lemon-haze-10.jpg","type":"image\/jpeg"}],"twitter_card":"summary_large_image","twitter_misc":{"Dur\u00e9e de lecture estim\u00e9e":"2 minutes"},"schema":{"@context":"https:\/\/schema.org","@graph":[{"@type":"WebPage","@id":"https:\/\/www.tabakversand.ch\/it\/produit\/erba-locale-lemon-haze-10-gr\/","url":"https:\/\/www.tabakversand.ch\/it\/produit\/erba-locale-lemon-haze-10-gr\/","name":"Herbe locale Lemon Haze 10 g. - Tabakversand.ch | Alles aus der Welt des Tabaks","isPartOf":{"@id":"https:\/\/www.tabakversand.ch\/#website"},"primaryImageOfPage":{"@id":"https:\/\/www.tabakversand.ch\/it\/produit\/erba-locale-lemon-haze-10-gr\/#primaryimage"},"image":{"@id":"https:\/\/www.tabakversand.ch\/it\/produit\/erba-locale-lemon-haze-10-gr\/#primaryimage"},"thumbnailUrl":"https:\/\/www.tabakversand.ch\/wp-content\/uploads\/2025\/11\/local-weed-lemon-haze-10.jpg","datePublished":"2025-11-25T11:46:51+00:00","dateModified":"2025-11-25T11:52:18+00:00","description":"Local Weed Lemon Haze 10g | Un large choix de produits du tabac, de cigarettes \u00e9lectroniques et d'accessoires pour fumeurs dans toute la Suisse | Cartes accept\u00e9es !","breadcrumb":{"@id":"https:\/\/www.tabakversand.ch\/it\/produit\/erba-locale-lemon-haze-10-gr\/#breadcrumb"},"inLanguage":"fr-FR","potentialAction":[{"@type":"ReadAction","target":["https:\/\/www.tabakversand.ch\/it\/produit\/erba-locale-lemon-haze-10-gr\/"]}]},{"@type":"ImageObject","inLanguage":"fr-FR","@id":"https:\/\/www.tabakversand.ch\/it\/produit\/erba-locale-lemon-haze-10-gr\/#primaryimage","url":"https:\/\/www.tabakversand.ch\/wp-content\/uploads\/2025\/11\/local-weed-lemon-haze-10.jpg","contentUrl":"https:\/\/www.tabakversand.ch\/wp-content\/uploads\/2025\/11\/local-weed-lemon-haze-10.jpg","width":500,"height":500,"caption":"Herbe locale Lemon Haze 10 g. | tabakversand.ch"},{"@type":"BreadcrumbList","@id":"https:\/\/www.tabakversand.ch\/it\/produit\/erba-locale-lemon-haze-10-gr\/#breadcrumb","itemListElement":[{"@type":"ListItem","position":1,"name":"Startseite","item":"https:\/\/www.tabakversand.ch\/"},{"@type":"ListItem","position":2,"name":"Boutique","item":"https:\/\/www.tabakversand.ch\/fr\/boutique\/"},{"@type":"ListItem","position":3,"name":"Herbe locale Lemon Haze 10 g."}]},{"@type":"WebSite","@id":"https:\/\/www.tabakversand.ch\/#website","url":"https:\/\/www.tabakversand.ch\/","name":"Tabakversand.ch | Alles aus der Welt des Tabaks","description":"Smoke and carpe diem","potentialAction":[{"@type":"SearchAction","target":{"@type":"EntryPoint","urlTemplate":"https:\/\/www.tabakversand.ch\/?s={search_term_string}"},"query-input":{"@type":"PropertyValueSpecification","valueRequired":true,"valueName":"search_term_string"}}],"inLanguage":"fr-FR"}]}},"_links":{"self":[{"href":"https:\/\/www.tabakversand.ch\/fr\/wp-json\/wp\/v2\/product\/206461","targetHints":{"allow":["GET"]}}],"collection":[{"href":"https:\/\/www.tabakversand.ch\/fr\/wp-json\/wp\/v2\/product"}],"about":[{"href":"https:\/\/www.tabakversand.ch\/fr\/wp-json\/wp\/v2\/types\/product"}],"version-history":[{"count":3,"href":"https:\/\/www.tabakversand.ch\/fr\/wp-json\/wp\/v2\/product\/206461\/revisions"}],"predecessor-version":[{"id":206475,"href":"https:\/\/www.tabakversand.ch\/fr\/wp-json\/wp\/v2\/product\/206461\/revisions\/206475"}],"wp:featuredmedia":[{"embeddable":true,"href":"https:\/\/www.tabakversand.ch\/fr\/wp-json\/wp\/v2\/media\/206465"}],"wp:attachment":[{"href":"https:\/\/www.tabakversand.ch\/fr\/wp-json\/wp\/v2\/media?parent=206461"}],"wp:term":[{"taxonomy":"product_brand","embeddable":true,"href":"https:\/\/www.tabakversand.ch\/fr\/wp-json\/wp\/v2\/product_brand?post=206461"},{"taxonomy":"product_cat","embeddable":true,"href":"https:\/\/www.tabakversand.ch\/fr\/wp-json\/wp\/v2\/product_cat?post=206461"},{"taxonomy":"product_tag","embeddable":true,"href":"https:\/\/www.tabakversand.ch\/fr\/wp-json\/wp\/v2\/product_tag?post=206461"}],"curies":[{"name":"wp","href":"https:\/\/api.w.org\/{rel}","templated":true}]}}