{"id":206501,"date":"2025-11-25T13:10:56","date_gmt":"2025-11-25T12:10:56","guid":{"rendered":"https:\/\/www.tabakversand.ch\/?post_type=product&#038;p=206501"},"modified":"2025-11-25T13:17:53","modified_gmt":"2025-11-25T12:17:53","slug":"budz-hemp-purple-haze-15-g","status":"publish","type":"product","link":"https:\/\/www.tabakversand.ch\/fr\/produit\/budz-hemp-purple-haze-15-g\/","title":{"rendered":"Budz Hemp Purple Haze 1.5 g"},"content":{"rendered":"<p>Budz Hemp Purple Haze 1,5 g<\/p>\n<p>Le substitut de tabac \u00e0 base de fleurs de chanvre Budz Purple Haze est fabriqu\u00e9 \u00e0 partir de chanvre 100 % suisse. La Purple Haze est cultiv\u00e9e dans des conditions contr\u00f4l\u00e9es, sans pesticides, herbicides ni fongicides artificiels. Les engrais utilis\u00e9s sont d\u2019origine naturelle.<\/p>\n<p>Ce produit contient moins de 1 % de THC et est donc l\u00e9gal, ainsi que non psychotrope ou non psychoactif. Lorsqu&rsquo;on d\u00e9guste les l\u00e9gendaires fleurs de chanvre, l&rsquo;accent est donc mis sur le pur plaisir.<\/p>\n<p>Comme tous les produits Budz, le substitut de tabac \u00e0 base de fleurs de chanvre Budz Purple Haze est transform\u00e9 \u00e0 la main, ce qui garantit un go\u00fbt, une qualit\u00e9 et une quantit\u00e9 convaincants !<\/p>\n<p>Int\u00e9rieur<\/p>\n<p>Tous les prix s&rsquo;appliquent uniquement aux commandes en ligne et incluent la TVA. Sous r\u00e9serve de modifications sans pr\u00e9avis, frais de livraison en sus. Sous r\u00e9serve d&rsquo;erreurs, de modifications de contenu de livraison et de conception, de fautes d&rsquo;impression et de modifications de prix. Les prix barr\u00e9s sont des prix de remplacement. Les illustrations peuvent diff\u00e9rer de l&rsquo;original\/du contenu de livraison.<br \/>\n*Livraison gratuite pour les commandes sup\u00e9rieures \u00e0 CHF 250.-.<\/p>\n","protected":false},"excerpt":{"rendered":"<p>Budz Hemp Purple Haze 1,5 g Le substitut de tabac \u00e0 base de fleurs de chanvre Budz Purple Haze est fabriqu\u00e9 \u00e0 partir de chanvre 100 % suisse. La Purple Haze est cultiv\u00e9e dans des conditions contr\u00f4l\u00e9es, sans pesticides, herbicides ni fongicides artificiels. Les engrais utilis\u00e9s sont d\u2019origine naturelle. Ce produit contient moins de 1 [&hellip;]<\/p>\n","protected":false},"featured_media":206505,"template":"","meta":[],"product_brand":[],"product_cat":[3219,2101,1995],"product_tag":[],"class_list":{"0":"post-206501","1":"product","2":"type-product","3":"status-publish","4":"has-post-thumbnail","6":"product_cat-boutique-de-tete","7":"product_cat-chanvre-cbd","8":"product_cat-divers-headshop","10":"first","11":"onbackorder","12":"purchasable","13":"product-type-simple"},"yoast_head":"<!-- This site is optimized with the Yoast SEO plugin v27.0 - https:\/\/yoast.com\/product\/yoast-seo-wordpress\/ -->\n<title>Budz Hemp Purple Haze 1.5 g - Tabakversand.ch | Alles aus der Welt des Tabaks<\/title>\n<meta name=\"description\" content=\"Budz Hemp Purple Haze 1,5 g | Un large choix de produits du tabac, de cigarettes \u00e9lectroniques et d&#039;accessoires pour fumeurs dans toute la Suisse | Cartes accept\u00e9es !\" \/>\n<meta name=\"robots\" content=\"index, follow, max-snippet:-1, max-image-preview:large, max-video-preview:-1\" \/>\n<link rel=\"canonical\" href=\"https:\/\/www.tabakversand.ch\/it\/produit\/budz-hemp-purple-haze-1-5-gr\/\" \/>\n<meta property=\"og:locale\" content=\"fr_FR\" \/>\n<meta property=\"og:type\" content=\"article\" \/>\n<meta property=\"og:title\" content=\"Budz Hemp Purple Haze 1.5 g - Tabakversand.ch | Alles aus der Welt des Tabaks\" \/>\n<meta property=\"og:description\" content=\"Budz Hemp Purple Haze 1,5 g | Un large choix de produits du tabac, de cigarettes \u00e9lectroniques et d&#039;accessoires pour fumeurs dans toute la Suisse | Cartes accept\u00e9es !\" \/>\n<meta property=\"og:url\" content=\"https:\/\/www.tabakversand.ch\/it\/produit\/budz-hemp-purple-haze-1-5-gr\/\" \/>\n<meta property=\"og:site_name\" content=\"Tabakversand.ch | Alles aus der Welt des Tabaks\" \/>\n<meta property=\"article:modified_time\" content=\"2025-11-25T12:17:53+00:00\" \/>\n<meta property=\"og:image\" content=\"https:\/\/www.tabakversand.ch\/wp-content\/uploads\/2025\/11\/budz-purple-haze-1.5.jpg\" \/>\n\t<meta property=\"og:image:width\" content=\"500\" \/>\n\t<meta property=\"og:image:height\" content=\"500\" \/>\n\t<meta property=\"og:image:type\" content=\"image\/jpeg\" \/>\n<meta name=\"twitter:card\" content=\"summary_large_image\" \/>\n<meta name=\"twitter:label1\" content=\"Dur\u00e9e de lecture estim\u00e9e\" \/>\n\t<meta name=\"twitter:data1\" content=\"2 minutes\" \/>\n<script type=\"application\/ld+json\" class=\"yoast-schema-graph\">{\"@context\":\"https:\/\/schema.org\",\"@graph\":[{\"@type\":\"WebPage\",\"@id\":\"https:\/\/www.tabakversand.ch\/it\/produit\/budz-hemp-purple-haze-1-5-gr\/\",\"url\":\"https:\/\/www.tabakversand.ch\/it\/produit\/budz-hemp-purple-haze-1-5-gr\/\",\"name\":\"Budz Hemp Purple Haze 1.5 g - Tabakversand.ch | Alles aus der Welt des Tabaks\",\"isPartOf\":{\"@id\":\"https:\/\/www.tabakversand.ch\/#website\"},\"primaryImageOfPage\":{\"@id\":\"https:\/\/www.tabakversand.ch\/it\/produit\/budz-hemp-purple-haze-1-5-gr\/#primaryimage\"},\"image\":{\"@id\":\"https:\/\/www.tabakversand.ch\/it\/produit\/budz-hemp-purple-haze-1-5-gr\/#primaryimage\"},\"thumbnailUrl\":\"https:\/\/www.tabakversand.ch\/wp-content\/uploads\/2025\/11\/budz-purple-haze-1.5.jpg\",\"datePublished\":\"2025-11-25T12:10:56+00:00\",\"dateModified\":\"2025-11-25T12:17:53+00:00\",\"description\":\"Budz Hemp Purple Haze 1,5 g | Un large choix de produits du tabac, de cigarettes \u00e9lectroniques et d'accessoires pour fumeurs dans toute la Suisse | Cartes accept\u00e9es !\",\"breadcrumb\":{\"@id\":\"https:\/\/www.tabakversand.ch\/it\/produit\/budz-hemp-purple-haze-1-5-gr\/#breadcrumb\"},\"inLanguage\":\"fr-FR\",\"potentialAction\":[{\"@type\":\"ReadAction\",\"target\":[\"https:\/\/www.tabakversand.ch\/it\/produit\/budz-hemp-purple-haze-1-5-gr\/\"]}]},{\"@type\":\"ImageObject\",\"inLanguage\":\"fr-FR\",\"@id\":\"https:\/\/www.tabakversand.ch\/it\/produit\/budz-hemp-purple-haze-1-5-gr\/#primaryimage\",\"url\":\"https:\/\/www.tabakversand.ch\/wp-content\/uploads\/2025\/11\/budz-purple-haze-1.5.jpg\",\"contentUrl\":\"https:\/\/www.tabakversand.ch\/wp-content\/uploads\/2025\/11\/budz-purple-haze-1.5.jpg\",\"width\":500,\"height\":500,\"caption\":\"Budz Hemp Purple Haze 1,5 g | tabakversand.ch\"},{\"@type\":\"BreadcrumbList\",\"@id\":\"https:\/\/www.tabakversand.ch\/it\/produit\/budz-hemp-purple-haze-1-5-gr\/#breadcrumb\",\"itemListElement\":[{\"@type\":\"ListItem\",\"position\":1,\"name\":\"Startseite\",\"item\":\"https:\/\/www.tabakversand.ch\/\"},{\"@type\":\"ListItem\",\"position\":2,\"name\":\"Boutique\",\"item\":\"https:\/\/www.tabakversand.ch\/fr\/boutique\/\"},{\"@type\":\"ListItem\",\"position\":3,\"name\":\"Budz Hemp Purple Haze 1.5 g\"}]},{\"@type\":\"WebSite\",\"@id\":\"https:\/\/www.tabakversand.ch\/#website\",\"url\":\"https:\/\/www.tabakversand.ch\/\",\"name\":\"Tabakversand.ch | Alles aus der Welt des Tabaks\",\"description\":\"Smoke and carpe diem\",\"potentialAction\":[{\"@type\":\"SearchAction\",\"target\":{\"@type\":\"EntryPoint\",\"urlTemplate\":\"https:\/\/www.tabakversand.ch\/?s={search_term_string}\"},\"query-input\":{\"@type\":\"PropertyValueSpecification\",\"valueRequired\":true,\"valueName\":\"search_term_string\"}}],\"inLanguage\":\"fr-FR\"}]}<\/script>\n<!-- \/ Yoast SEO plugin. -->","yoast_head_json":{"title":"Budz Hemp Purple Haze 1.5 g - Tabakversand.ch | Alles aus der Welt des Tabaks","description":"Budz Hemp Purple Haze 1,5 g | Un large choix de produits du tabac, de cigarettes \u00e9lectroniques et d'accessoires pour fumeurs dans toute la Suisse | Cartes accept\u00e9es !","robots":{"index":"index","follow":"follow","max-snippet":"max-snippet:-1","max-image-preview":"max-image-preview:large","max-video-preview":"max-video-preview:-1"},"canonical":"https:\/\/www.tabakversand.ch\/it\/produit\/budz-hemp-purple-haze-1-5-gr\/","og_locale":"fr_FR","og_type":"article","og_title":"Budz Hemp Purple Haze 1.5 g - Tabakversand.ch | Alles aus der Welt des Tabaks","og_description":"Budz Hemp Purple Haze 1,5 g | Un large choix de produits du tabac, de cigarettes \u00e9lectroniques et d'accessoires pour fumeurs dans toute la Suisse | Cartes accept\u00e9es !","og_url":"https:\/\/www.tabakversand.ch\/it\/produit\/budz-hemp-purple-haze-1-5-gr\/","og_site_name":"Tabakversand.ch | Alles aus der Welt des Tabaks","article_modified_time":"2025-11-25T12:17:53+00:00","og_image":[{"width":500,"height":500,"url":"https:\/\/www.tabakversand.ch\/wp-content\/uploads\/2025\/11\/budz-purple-haze-1.5.jpg","type":"image\/jpeg"}],"twitter_card":"summary_large_image","twitter_misc":{"Dur\u00e9e de lecture estim\u00e9e":"2 minutes"},"schema":{"@context":"https:\/\/schema.org","@graph":[{"@type":"WebPage","@id":"https:\/\/www.tabakversand.ch\/it\/produit\/budz-hemp-purple-haze-1-5-gr\/","url":"https:\/\/www.tabakversand.ch\/it\/produit\/budz-hemp-purple-haze-1-5-gr\/","name":"Budz Hemp Purple Haze 1.5 g - Tabakversand.ch | Alles aus der Welt des Tabaks","isPartOf":{"@id":"https:\/\/www.tabakversand.ch\/#website"},"primaryImageOfPage":{"@id":"https:\/\/www.tabakversand.ch\/it\/produit\/budz-hemp-purple-haze-1-5-gr\/#primaryimage"},"image":{"@id":"https:\/\/www.tabakversand.ch\/it\/produit\/budz-hemp-purple-haze-1-5-gr\/#primaryimage"},"thumbnailUrl":"https:\/\/www.tabakversand.ch\/wp-content\/uploads\/2025\/11\/budz-purple-haze-1.5.jpg","datePublished":"2025-11-25T12:10:56+00:00","dateModified":"2025-11-25T12:17:53+00:00","description":"Budz Hemp Purple Haze 1,5 g | Un large choix de produits du tabac, de cigarettes \u00e9lectroniques et d'accessoires pour fumeurs dans toute la Suisse | Cartes accept\u00e9es !","breadcrumb":{"@id":"https:\/\/www.tabakversand.ch\/it\/produit\/budz-hemp-purple-haze-1-5-gr\/#breadcrumb"},"inLanguage":"fr-FR","potentialAction":[{"@type":"ReadAction","target":["https:\/\/www.tabakversand.ch\/it\/produit\/budz-hemp-purple-haze-1-5-gr\/"]}]},{"@type":"ImageObject","inLanguage":"fr-FR","@id":"https:\/\/www.tabakversand.ch\/it\/produit\/budz-hemp-purple-haze-1-5-gr\/#primaryimage","url":"https:\/\/www.tabakversand.ch\/wp-content\/uploads\/2025\/11\/budz-purple-haze-1.5.jpg","contentUrl":"https:\/\/www.tabakversand.ch\/wp-content\/uploads\/2025\/11\/budz-purple-haze-1.5.jpg","width":500,"height":500,"caption":"Budz Hemp Purple Haze 1,5 g | tabakversand.ch"},{"@type":"BreadcrumbList","@id":"https:\/\/www.tabakversand.ch\/it\/produit\/budz-hemp-purple-haze-1-5-gr\/#breadcrumb","itemListElement":[{"@type":"ListItem","position":1,"name":"Startseite","item":"https:\/\/www.tabakversand.ch\/"},{"@type":"ListItem","position":2,"name":"Boutique","item":"https:\/\/www.tabakversand.ch\/fr\/boutique\/"},{"@type":"ListItem","position":3,"name":"Budz Hemp Purple Haze 1.5 g"}]},{"@type":"WebSite","@id":"https:\/\/www.tabakversand.ch\/#website","url":"https:\/\/www.tabakversand.ch\/","name":"Tabakversand.ch | Alles aus der Welt des Tabaks","description":"Smoke and carpe diem","potentialAction":[{"@type":"SearchAction","target":{"@type":"EntryPoint","urlTemplate":"https:\/\/www.tabakversand.ch\/?s={search_term_string}"},"query-input":{"@type":"PropertyValueSpecification","valueRequired":true,"valueName":"search_term_string"}}],"inLanguage":"fr-FR"}]}},"_links":{"self":[{"href":"https:\/\/www.tabakversand.ch\/fr\/wp-json\/wp\/v2\/product\/206501","targetHints":{"allow":["GET"]}}],"collection":[{"href":"https:\/\/www.tabakversand.ch\/fr\/wp-json\/wp\/v2\/product"}],"about":[{"href":"https:\/\/www.tabakversand.ch\/fr\/wp-json\/wp\/v2\/types\/product"}],"version-history":[{"count":3,"href":"https:\/\/www.tabakversand.ch\/fr\/wp-json\/wp\/v2\/product\/206501\/revisions"}],"predecessor-version":[{"id":206516,"href":"https:\/\/www.tabakversand.ch\/fr\/wp-json\/wp\/v2\/product\/206501\/revisions\/206516"}],"wp:featuredmedia":[{"embeddable":true,"href":"https:\/\/www.tabakversand.ch\/fr\/wp-json\/wp\/v2\/media\/206505"}],"wp:attachment":[{"href":"https:\/\/www.tabakversand.ch\/fr\/wp-json\/wp\/v2\/media?parent=206501"}],"wp:term":[{"taxonomy":"product_brand","embeddable":true,"href":"https:\/\/www.tabakversand.ch\/fr\/wp-json\/wp\/v2\/product_brand?post=206501"},{"taxonomy":"product_cat","embeddable":true,"href":"https:\/\/www.tabakversand.ch\/fr\/wp-json\/wp\/v2\/product_cat?post=206501"},{"taxonomy":"product_tag","embeddable":true,"href":"https:\/\/www.tabakversand.ch\/fr\/wp-json\/wp\/v2\/product_tag?post=206501"}],"curies":[{"name":"wp","href":"https:\/\/api.w.org\/{rel}","templated":true}]}}