{"id":206520,"date":"2025-11-25T13:19:18","date_gmt":"2025-11-25T12:19:18","guid":{"rendered":"https:\/\/www.tabakversand.ch\/?post_type=product&#038;p=206520"},"modified":"2025-11-25T13:24:25","modified_gmt":"2025-11-25T12:24:25","slug":"budz-renegade-og-kush-10-g","status":"publish","type":"product","link":"https:\/\/www.tabakversand.ch\/fr\/produit\/budz-renegade-og-kush-10-g\/","title":{"rendered":"Budz Renegade OG Kush 10 g."},"content":{"rendered":"<p>Budz Renegade OG Kush 10 g.<\/p>\n<p>Directement import\u00e9e d&rsquo;outre-mer\u00a0! La Budz Renegade OG Kush a un aspect exotique, mais elle est cultiv\u00e9e naturellement au c\u0153ur des \u00c9tats-Unis. Sous le soleil br\u00fblant du Tennessee, son cannabis est produit avec une qualit\u00e9 qui rivalise avec les meilleures fleurs cultiv\u00e9es en int\u00e9rieur. 100\u00a0% naturelle, sans additifs. Fabriqu\u00e9e aux \u00c9tats-Unis.<\/p>\n<p>Si vous recherchez les meilleures fleurs de CBD qui raviront vos papilles et vos yeux, la Budz Renegade OG Kush est le choix id\u00e9al. Cultiv\u00e9e et transform\u00e9e avec soin et expertise, cette vari\u00e9t\u00e9 am\u00e9ricaine de qualit\u00e9 sup\u00e9rieure est d\u00e9sormais disponible directement en Suisse\u00a0!<\/p>\n<p>Ce produit contient moins de 1 % de THC et est donc l\u00e9gal et peut \u00eatre consomm\u00e9 sans effets psychoactifs.<br \/>\nBudz Renegade OG Kush ne contient pas de tabac, \u00e9liminant ainsi la nicotine \u2013 0 % de nicotine, mais 100 % de plaisir !<\/p>\n<p>Comme tous les produits BUDZ, le substitut de tabac \u00e0 base de fleurs de chanvre Renegade OG Kush est soigneusement transform\u00e9 pour garantir un go\u00fbt, une qualit\u00e9 et une quantit\u00e9 convaincants !<\/p>\n<p>Tous les prix s&rsquo;appliquent uniquement aux commandes en ligne et incluent la TVA. Sous r\u00e9serve de modifications sans pr\u00e9avis, frais de livraison en sus. Sous r\u00e9serve d&rsquo;erreurs, de modifications de contenu de livraison et de conception, de fautes d&rsquo;impression et de modifications de prix. Les prix barr\u00e9s sont des prix de remplacement. Les illustrations peuvent diff\u00e9rer de l&rsquo;original\/du contenu de livraison.<br \/>\n*Livraison gratuite pour les commandes sup\u00e9rieures \u00e0 CHF 250.-.<\/p>\n","protected":false},"excerpt":{"rendered":"<p>Budz Renegade OG Kush 10 g. Directement import\u00e9e d&rsquo;outre-mer\u00a0! La Budz Renegade OG Kush a un aspect exotique, mais elle est cultiv\u00e9e naturellement au c\u0153ur des \u00c9tats-Unis. Sous le soleil br\u00fblant du Tennessee, son cannabis est produit avec une qualit\u00e9 qui rivalise avec les meilleures fleurs cultiv\u00e9es en int\u00e9rieur. 100\u00a0% naturelle, sans additifs. Fabriqu\u00e9e aux [&hellip;]<\/p>\n","protected":false},"featured_media":206524,"template":"","meta":[],"product_brand":[],"product_cat":[3219,2101,1995],"product_tag":[],"class_list":{"0":"post-206520","1":"product","2":"type-product","3":"status-publish","4":"has-post-thumbnail","6":"product_cat-boutique-de-tete","7":"product_cat-chanvre-cbd","8":"product_cat-divers-headshop","10":"first","11":"onbackorder","12":"purchasable","13":"product-type-simple"},"yoast_head":"<!-- This site is optimized with the Yoast SEO plugin v27.0 - https:\/\/yoast.com\/product\/yoast-seo-wordpress\/ -->\n<title>Budz Renegade OG Kush 10 g. - Tabakversand.ch | Alles aus der Welt des Tabaks<\/title>\n<meta name=\"description\" content=\"Budz Renegade OG Kush 10g | Un large choix de produits du tabac, de cigarettes \u00e9lectroniques et d&#039;accessoires pour fumeurs dans toute la Suisse | Cartes accept\u00e9es !\" \/>\n<meta name=\"robots\" content=\"index, follow, max-snippet:-1, max-image-preview:large, max-video-preview:-1\" \/>\n<link rel=\"canonical\" href=\"https:\/\/www.tabakversand.ch\/it\/produit\/budz-renegade-og-kush-10-gr\/\" \/>\n<meta property=\"og:locale\" content=\"fr_FR\" \/>\n<meta property=\"og:type\" content=\"article\" \/>\n<meta property=\"og:title\" content=\"Budz Renegade OG Kush 10 g. - Tabakversand.ch | Alles aus der Welt des Tabaks\" \/>\n<meta property=\"og:description\" content=\"Budz Renegade OG Kush 10g | Un large choix de produits du tabac, de cigarettes \u00e9lectroniques et d&#039;accessoires pour fumeurs dans toute la Suisse | Cartes accept\u00e9es !\" \/>\n<meta property=\"og:url\" content=\"https:\/\/www.tabakversand.ch\/it\/produit\/budz-renegade-og-kush-10-gr\/\" \/>\n<meta property=\"og:site_name\" content=\"Tabakversand.ch | Alles aus der Welt des Tabaks\" \/>\n<meta property=\"article:modified_time\" content=\"2025-11-25T12:24:25+00:00\" \/>\n<meta property=\"og:image\" content=\"https:\/\/www.tabakversand.ch\/wp-content\/uploads\/2025\/11\/budz-renegade-og-kush-10.jpg\" \/>\n\t<meta property=\"og:image:width\" content=\"500\" \/>\n\t<meta property=\"og:image:height\" content=\"500\" \/>\n\t<meta property=\"og:image:type\" content=\"image\/jpeg\" \/>\n<meta name=\"twitter:card\" content=\"summary_large_image\" \/>\n<meta name=\"twitter:label1\" content=\"Dur\u00e9e de lecture estim\u00e9e\" \/>\n\t<meta name=\"twitter:data1\" content=\"2 minutes\" \/>\n<script type=\"application\/ld+json\" class=\"yoast-schema-graph\">{\"@context\":\"https:\/\/schema.org\",\"@graph\":[{\"@type\":\"WebPage\",\"@id\":\"https:\/\/www.tabakversand.ch\/it\/produit\/budz-renegade-og-kush-10-gr\/\",\"url\":\"https:\/\/www.tabakversand.ch\/it\/produit\/budz-renegade-og-kush-10-gr\/\",\"name\":\"Budz Renegade OG Kush 10 g. - Tabakversand.ch | Alles aus der Welt des Tabaks\",\"isPartOf\":{\"@id\":\"https:\/\/www.tabakversand.ch\/#website\"},\"primaryImageOfPage\":{\"@id\":\"https:\/\/www.tabakversand.ch\/it\/produit\/budz-renegade-og-kush-10-gr\/#primaryimage\"},\"image\":{\"@id\":\"https:\/\/www.tabakversand.ch\/it\/produit\/budz-renegade-og-kush-10-gr\/#primaryimage\"},\"thumbnailUrl\":\"https:\/\/www.tabakversand.ch\/wp-content\/uploads\/2025\/11\/budz-renegade-og-kush-10.jpg\",\"datePublished\":\"2025-11-25T12:19:18+00:00\",\"dateModified\":\"2025-11-25T12:24:25+00:00\",\"description\":\"Budz Renegade OG Kush 10g | Un large choix de produits du tabac, de cigarettes \u00e9lectroniques et d'accessoires pour fumeurs dans toute la Suisse | Cartes accept\u00e9es !\",\"breadcrumb\":{\"@id\":\"https:\/\/www.tabakversand.ch\/it\/produit\/budz-renegade-og-kush-10-gr\/#breadcrumb\"},\"inLanguage\":\"fr-FR\",\"potentialAction\":[{\"@type\":\"ReadAction\",\"target\":[\"https:\/\/www.tabakversand.ch\/it\/produit\/budz-renegade-og-kush-10-gr\/\"]}]},{\"@type\":\"ImageObject\",\"inLanguage\":\"fr-FR\",\"@id\":\"https:\/\/www.tabakversand.ch\/it\/produit\/budz-renegade-og-kush-10-gr\/#primaryimage\",\"url\":\"https:\/\/www.tabakversand.ch\/wp-content\/uploads\/2025\/11\/budz-renegade-og-kush-10.jpg\",\"contentUrl\":\"https:\/\/www.tabakversand.ch\/wp-content\/uploads\/2025\/11\/budz-renegade-og-kush-10.jpg\",\"width\":500,\"height\":500,\"caption\":\"Budz Renegade OG Kush 10 g. | tabakversand.ch\"},{\"@type\":\"BreadcrumbList\",\"@id\":\"https:\/\/www.tabakversand.ch\/it\/produit\/budz-renegade-og-kush-10-gr\/#breadcrumb\",\"itemListElement\":[{\"@type\":\"ListItem\",\"position\":1,\"name\":\"Startseite\",\"item\":\"https:\/\/www.tabakversand.ch\/\"},{\"@type\":\"ListItem\",\"position\":2,\"name\":\"Boutique\",\"item\":\"https:\/\/www.tabakversand.ch\/fr\/boutique\/\"},{\"@type\":\"ListItem\",\"position\":3,\"name\":\"Budz Renegade OG Kush 10 g.\"}]},{\"@type\":\"WebSite\",\"@id\":\"https:\/\/www.tabakversand.ch\/#website\",\"url\":\"https:\/\/www.tabakversand.ch\/\",\"name\":\"Tabakversand.ch | Alles aus der Welt des Tabaks\",\"description\":\"Smoke and carpe diem\",\"potentialAction\":[{\"@type\":\"SearchAction\",\"target\":{\"@type\":\"EntryPoint\",\"urlTemplate\":\"https:\/\/www.tabakversand.ch\/?s={search_term_string}\"},\"query-input\":{\"@type\":\"PropertyValueSpecification\",\"valueRequired\":true,\"valueName\":\"search_term_string\"}}],\"inLanguage\":\"fr-FR\"}]}<\/script>\n<!-- \/ Yoast SEO plugin. -->","yoast_head_json":{"title":"Budz Renegade OG Kush 10 g. - Tabakversand.ch | Alles aus der Welt des Tabaks","description":"Budz Renegade OG Kush 10g | Un large choix de produits du tabac, de cigarettes \u00e9lectroniques et d'accessoires pour fumeurs dans toute la Suisse | Cartes accept\u00e9es !","robots":{"index":"index","follow":"follow","max-snippet":"max-snippet:-1","max-image-preview":"max-image-preview:large","max-video-preview":"max-video-preview:-1"},"canonical":"https:\/\/www.tabakversand.ch\/it\/produit\/budz-renegade-og-kush-10-gr\/","og_locale":"fr_FR","og_type":"article","og_title":"Budz Renegade OG Kush 10 g. - Tabakversand.ch | Alles aus der Welt des Tabaks","og_description":"Budz Renegade OG Kush 10g | Un large choix de produits du tabac, de cigarettes \u00e9lectroniques et d'accessoires pour fumeurs dans toute la Suisse | Cartes accept\u00e9es !","og_url":"https:\/\/www.tabakversand.ch\/it\/produit\/budz-renegade-og-kush-10-gr\/","og_site_name":"Tabakversand.ch | Alles aus der Welt des Tabaks","article_modified_time":"2025-11-25T12:24:25+00:00","og_image":[{"width":500,"height":500,"url":"https:\/\/www.tabakversand.ch\/wp-content\/uploads\/2025\/11\/budz-renegade-og-kush-10.jpg","type":"image\/jpeg"}],"twitter_card":"summary_large_image","twitter_misc":{"Dur\u00e9e de lecture estim\u00e9e":"2 minutes"},"schema":{"@context":"https:\/\/schema.org","@graph":[{"@type":"WebPage","@id":"https:\/\/www.tabakversand.ch\/it\/produit\/budz-renegade-og-kush-10-gr\/","url":"https:\/\/www.tabakversand.ch\/it\/produit\/budz-renegade-og-kush-10-gr\/","name":"Budz Renegade OG Kush 10 g. - Tabakversand.ch | Alles aus der Welt des Tabaks","isPartOf":{"@id":"https:\/\/www.tabakversand.ch\/#website"},"primaryImageOfPage":{"@id":"https:\/\/www.tabakversand.ch\/it\/produit\/budz-renegade-og-kush-10-gr\/#primaryimage"},"image":{"@id":"https:\/\/www.tabakversand.ch\/it\/produit\/budz-renegade-og-kush-10-gr\/#primaryimage"},"thumbnailUrl":"https:\/\/www.tabakversand.ch\/wp-content\/uploads\/2025\/11\/budz-renegade-og-kush-10.jpg","datePublished":"2025-11-25T12:19:18+00:00","dateModified":"2025-11-25T12:24:25+00:00","description":"Budz Renegade OG Kush 10g | Un large choix de produits du tabac, de cigarettes \u00e9lectroniques et d'accessoires pour fumeurs dans toute la Suisse | Cartes accept\u00e9es !","breadcrumb":{"@id":"https:\/\/www.tabakversand.ch\/it\/produit\/budz-renegade-og-kush-10-gr\/#breadcrumb"},"inLanguage":"fr-FR","potentialAction":[{"@type":"ReadAction","target":["https:\/\/www.tabakversand.ch\/it\/produit\/budz-renegade-og-kush-10-gr\/"]}]},{"@type":"ImageObject","inLanguage":"fr-FR","@id":"https:\/\/www.tabakversand.ch\/it\/produit\/budz-renegade-og-kush-10-gr\/#primaryimage","url":"https:\/\/www.tabakversand.ch\/wp-content\/uploads\/2025\/11\/budz-renegade-og-kush-10.jpg","contentUrl":"https:\/\/www.tabakversand.ch\/wp-content\/uploads\/2025\/11\/budz-renegade-og-kush-10.jpg","width":500,"height":500,"caption":"Budz Renegade OG Kush 10 g. | tabakversand.ch"},{"@type":"BreadcrumbList","@id":"https:\/\/www.tabakversand.ch\/it\/produit\/budz-renegade-og-kush-10-gr\/#breadcrumb","itemListElement":[{"@type":"ListItem","position":1,"name":"Startseite","item":"https:\/\/www.tabakversand.ch\/"},{"@type":"ListItem","position":2,"name":"Boutique","item":"https:\/\/www.tabakversand.ch\/fr\/boutique\/"},{"@type":"ListItem","position":3,"name":"Budz Renegade OG Kush 10 g."}]},{"@type":"WebSite","@id":"https:\/\/www.tabakversand.ch\/#website","url":"https:\/\/www.tabakversand.ch\/","name":"Tabakversand.ch | Alles aus der Welt des Tabaks","description":"Smoke and carpe diem","potentialAction":[{"@type":"SearchAction","target":{"@type":"EntryPoint","urlTemplate":"https:\/\/www.tabakversand.ch\/?s={search_term_string}"},"query-input":{"@type":"PropertyValueSpecification","valueRequired":true,"valueName":"search_term_string"}}],"inLanguage":"fr-FR"}]}},"_links":{"self":[{"href":"https:\/\/www.tabakversand.ch\/fr\/wp-json\/wp\/v2\/product\/206520","targetHints":{"allow":["GET"]}}],"collection":[{"href":"https:\/\/www.tabakversand.ch\/fr\/wp-json\/wp\/v2\/product"}],"about":[{"href":"https:\/\/www.tabakversand.ch\/fr\/wp-json\/wp\/v2\/types\/product"}],"version-history":[{"count":3,"href":"https:\/\/www.tabakversand.ch\/fr\/wp-json\/wp\/v2\/product\/206520\/revisions"}],"predecessor-version":[{"id":206534,"href":"https:\/\/www.tabakversand.ch\/fr\/wp-json\/wp\/v2\/product\/206520\/revisions\/206534"}],"wp:featuredmedia":[{"embeddable":true,"href":"https:\/\/www.tabakversand.ch\/fr\/wp-json\/wp\/v2\/media\/206524"}],"wp:attachment":[{"href":"https:\/\/www.tabakversand.ch\/fr\/wp-json\/wp\/v2\/media?parent=206520"}],"wp:term":[{"taxonomy":"product_brand","embeddable":true,"href":"https:\/\/www.tabakversand.ch\/fr\/wp-json\/wp\/v2\/product_brand?post=206520"},{"taxonomy":"product_cat","embeddable":true,"href":"https:\/\/www.tabakversand.ch\/fr\/wp-json\/wp\/v2\/product_cat?post=206520"},{"taxonomy":"product_tag","embeddable":true,"href":"https:\/\/www.tabakversand.ch\/fr\/wp-json\/wp\/v2\/product_tag?post=206520"}],"curies":[{"name":"wp","href":"https:\/\/api.w.org\/{rel}","templated":true}]}}