{"id":206580,"date":"2025-11-25T14:34:48","date_gmt":"2025-11-25T13:34:48","guid":{"rendered":"https:\/\/www.tabakversand.ch\/?post_type=product&#038;p=206580"},"modified":"2025-11-25T14:42:09","modified_gmt":"2025-11-25T13:42:09","slug":"herba-di-berna-canatronic-interieur-11-gr","status":"publish","type":"product","link":"https:\/\/www.tabakversand.ch\/fr\/produit\/herba-di-berna-canatronic-interieur-11-gr\/","title":{"rendered":"Herba Di Berna Canatronic Int\u00e9rieur 11 gr."},"content":{"rendered":"<p>Herba Di Berna Canatronic Int\u00e9rieur 11 gr.<\/p>\n<p>Le go\u00fbt sucr\u00e9 et fruit\u00e9 des agrumes et de la mangue, ainsi que les grandes fleurs compactes, sont ce qui distingue la Cannatonic Indoor. Une plante forte et pourtant tr\u00e8s exigeante, avec laquelle notre \u00e9quipe a \u00e9galement grandi \u2013 pendant ce temps, nous cultivons la plante Cannasonic de pr\u00e9f\u00e9rence.<\/p>\n<p>Tous les prix s&rsquo;appliquent uniquement aux commandes en ligne et incluent la TVA. Sous r\u00e9serve de modifications sans pr\u00e9avis, frais de livraison en sus. Sous r\u00e9serve d&rsquo;erreurs, de modifications de contenu de livraison et de conception, de fautes d&rsquo;impression et de modifications de prix. Les prix barr\u00e9s sont des prix de remplacement. Les illustrations peuvent diff\u00e9rer de l&rsquo;original\/du contenu de livraison.<br \/>\n*Livraison gratuite pour les commandes sup\u00e9rieures \u00e0 CHF 250.-.<\/p>\n","protected":false},"excerpt":{"rendered":"<p>Herba Di Berna Canatronic Int\u00e9rieur 11 gr. Le go\u00fbt sucr\u00e9 et fruit\u00e9 des agrumes et de la mangue, ainsi que les grandes fleurs compactes, sont ce qui distingue la Cannatonic Indoor. Une plante forte et pourtant tr\u00e8s exigeante, avec laquelle notre \u00e9quipe a \u00e9galement grandi \u2013 pendant ce temps, nous cultivons la plante Cannasonic de [&hellip;]<\/p>\n","protected":false},"featured_media":206585,"template":"","meta":[],"product_brand":[],"product_cat":[2101,1995],"product_tag":[],"class_list":{"0":"post-206580","1":"product","2":"type-product","3":"status-publish","4":"has-post-thumbnail","6":"product_cat-chanvre-cbd","7":"product_cat-divers-headshop","9":"first","10":"onbackorder","11":"purchasable","12":"product-type-simple"},"yoast_head":"<!-- This site is optimized with the Yoast SEO plugin v27.0 - https:\/\/yoast.com\/product\/yoast-seo-wordpress\/ -->\n<title>Herba Di Berna Canatronic Int\u00e9rieur 11 gr. - Tabakversand.ch | Alles aus der Welt des Tabaks<\/title>\n<meta name=\"description\" content=\"Herba Di Berna Canatronic Int\u00e9rieur 11 gr. | Un grand choix de produits du tabac, d&#039;e-fum\u00e9e et d&#039;ustensiles pour fumer dans toute la Suisse | Cartes accept\u00e9es !\" \/>\n<meta name=\"robots\" content=\"index, follow, max-snippet:-1, max-image-preview:large, max-video-preview:-1\" \/>\n<link rel=\"canonical\" href=\"https:\/\/www.tabakversand.ch\/fr\/produit\/herba-di-berna-canatronic-interieur-11-gr\/\" \/>\n<meta property=\"og:locale\" content=\"fr_FR\" \/>\n<meta property=\"og:type\" content=\"article\" \/>\n<meta property=\"og:title\" content=\"Herba Di Berna Canatronic Int\u00e9rieur 11 gr. - Tabakversand.ch | Alles aus der Welt des Tabaks\" \/>\n<meta property=\"og:description\" content=\"Herba Di Berna Canatronic Int\u00e9rieur 11 gr. | Un grand choix de produits du tabac, d&#039;e-fum\u00e9e et d&#039;ustensiles pour fumer dans toute la Suisse | Cartes accept\u00e9es !\" \/>\n<meta property=\"og:url\" content=\"https:\/\/www.tabakversand.ch\/fr\/produit\/herba-di-berna-canatronic-interieur-11-gr\/\" \/>\n<meta property=\"og:site_name\" content=\"Tabakversand.ch | Alles aus der Welt des Tabaks\" \/>\n<meta property=\"article:modified_time\" content=\"2025-11-25T13:42:09+00:00\" \/>\n<meta property=\"og:image\" content=\"https:\/\/www.tabakversand.ch\/wp-content\/uploads\/2025\/11\/herba-di-berna-cannatonic-indoor-11.jpg\" \/>\n\t<meta property=\"og:image:width\" content=\"500\" \/>\n\t<meta property=\"og:image:height\" content=\"500\" \/>\n\t<meta property=\"og:image:type\" content=\"image\/jpeg\" \/>\n<meta name=\"twitter:card\" content=\"summary_large_image\" \/>\n<meta name=\"twitter:label1\" content=\"Dur\u00e9e de lecture estim\u00e9e\" \/>\n\t<meta name=\"twitter:data1\" content=\"1 minute\" \/>\n<script type=\"application\/ld+json\" class=\"yoast-schema-graph\">{\"@context\":\"https:\/\/schema.org\",\"@graph\":[{\"@type\":\"WebPage\",\"@id\":\"https:\/\/www.tabakversand.ch\/fr\/produit\/herba-di-berna-canatronic-interieur-11-gr\/\",\"url\":\"https:\/\/www.tabakversand.ch\/fr\/produit\/herba-di-berna-canatronic-interieur-11-gr\/\",\"name\":\"Herba Di Berna Canatronic Int\u00e9rieur 11 gr. - Tabakversand.ch | Alles aus der Welt des Tabaks\",\"isPartOf\":{\"@id\":\"https:\/\/www.tabakversand.ch\/#website\"},\"primaryImageOfPage\":{\"@id\":\"https:\/\/www.tabakversand.ch\/fr\/produit\/herba-di-berna-canatronic-interieur-11-gr\/#primaryimage\"},\"image\":{\"@id\":\"https:\/\/www.tabakversand.ch\/fr\/produit\/herba-di-berna-canatronic-interieur-11-gr\/#primaryimage\"},\"thumbnailUrl\":\"https:\/\/www.tabakversand.ch\/wp-content\/uploads\/2025\/11\/herba-di-berna-cannatonic-indoor-11.jpg\",\"datePublished\":\"2025-11-25T13:34:48+00:00\",\"dateModified\":\"2025-11-25T13:42:09+00:00\",\"description\":\"Herba Di Berna Canatronic Int\u00e9rieur 11 gr. | Un grand choix de produits du tabac, d'e-fum\u00e9e et d'ustensiles pour fumer dans toute la Suisse | Cartes accept\u00e9es !\",\"breadcrumb\":{\"@id\":\"https:\/\/www.tabakversand.ch\/fr\/produit\/herba-di-berna-canatronic-interieur-11-gr\/#breadcrumb\"},\"inLanguage\":\"fr-FR\",\"potentialAction\":[{\"@type\":\"ReadAction\",\"target\":[\"https:\/\/www.tabakversand.ch\/fr\/produit\/herba-di-berna-canatronic-interieur-11-gr\/\"]}]},{\"@type\":\"ImageObject\",\"inLanguage\":\"fr-FR\",\"@id\":\"https:\/\/www.tabakversand.ch\/fr\/produit\/herba-di-berna-canatronic-interieur-11-gr\/#primaryimage\",\"url\":\"https:\/\/www.tabakversand.ch\/wp-content\/uploads\/2025\/11\/herba-di-berna-cannatonic-indoor-11.jpg\",\"contentUrl\":\"https:\/\/www.tabakversand.ch\/wp-content\/uploads\/2025\/11\/herba-di-berna-cannatonic-indoor-11.jpg\",\"width\":500,\"height\":500,\"caption\":\"Herba Di Berna Canatronic Int\u00e9rieur 11 gr. | tabakversand.ch\"},{\"@type\":\"BreadcrumbList\",\"@id\":\"https:\/\/www.tabakversand.ch\/fr\/produit\/herba-di-berna-canatronic-interieur-11-gr\/#breadcrumb\",\"itemListElement\":[{\"@type\":\"ListItem\",\"position\":1,\"name\":\"Startseite\",\"item\":\"https:\/\/www.tabakversand.ch\/\"},{\"@type\":\"ListItem\",\"position\":2,\"name\":\"Boutique\",\"item\":\"https:\/\/www.tabakversand.ch\/fr\/boutique\/\"},{\"@type\":\"ListItem\",\"position\":3,\"name\":\"Herba Di Berna Canatronic Int\u00e9rieur 11 gr.\"}]},{\"@type\":\"WebSite\",\"@id\":\"https:\/\/www.tabakversand.ch\/#website\",\"url\":\"https:\/\/www.tabakversand.ch\/\",\"name\":\"Tabakversand.ch | Alles aus der Welt des Tabaks\",\"description\":\"Smoke and carpe diem\",\"potentialAction\":[{\"@type\":\"SearchAction\",\"target\":{\"@type\":\"EntryPoint\",\"urlTemplate\":\"https:\/\/www.tabakversand.ch\/?s={search_term_string}\"},\"query-input\":{\"@type\":\"PropertyValueSpecification\",\"valueRequired\":true,\"valueName\":\"search_term_string\"}}],\"inLanguage\":\"fr-FR\"}]}<\/script>\n<!-- \/ Yoast SEO plugin. -->","yoast_head_json":{"title":"Herba Di Berna Canatronic Int\u00e9rieur 11 gr. - Tabakversand.ch | Alles aus der Welt des Tabaks","description":"Herba Di Berna Canatronic Int\u00e9rieur 11 gr. | Un grand choix de produits du tabac, d'e-fum\u00e9e et d'ustensiles pour fumer dans toute la Suisse | Cartes accept\u00e9es !","robots":{"index":"index","follow":"follow","max-snippet":"max-snippet:-1","max-image-preview":"max-image-preview:large","max-video-preview":"max-video-preview:-1"},"canonical":"https:\/\/www.tabakversand.ch\/fr\/produit\/herba-di-berna-canatronic-interieur-11-gr\/","og_locale":"fr_FR","og_type":"article","og_title":"Herba Di Berna Canatronic Int\u00e9rieur 11 gr. - Tabakversand.ch | Alles aus der Welt des Tabaks","og_description":"Herba Di Berna Canatronic Int\u00e9rieur 11 gr. | Un grand choix de produits du tabac, d'e-fum\u00e9e et d'ustensiles pour fumer dans toute la Suisse | Cartes accept\u00e9es !","og_url":"https:\/\/www.tabakversand.ch\/fr\/produit\/herba-di-berna-canatronic-interieur-11-gr\/","og_site_name":"Tabakversand.ch | Alles aus der Welt des Tabaks","article_modified_time":"2025-11-25T13:42:09+00:00","og_image":[{"width":500,"height":500,"url":"https:\/\/www.tabakversand.ch\/wp-content\/uploads\/2025\/11\/herba-di-berna-cannatonic-indoor-11.jpg","type":"image\/jpeg"}],"twitter_card":"summary_large_image","twitter_misc":{"Dur\u00e9e de lecture estim\u00e9e":"1 minute"},"schema":{"@context":"https:\/\/schema.org","@graph":[{"@type":"WebPage","@id":"https:\/\/www.tabakversand.ch\/fr\/produit\/herba-di-berna-canatronic-interieur-11-gr\/","url":"https:\/\/www.tabakversand.ch\/fr\/produit\/herba-di-berna-canatronic-interieur-11-gr\/","name":"Herba Di Berna Canatronic Int\u00e9rieur 11 gr. - Tabakversand.ch | Alles aus der Welt des Tabaks","isPartOf":{"@id":"https:\/\/www.tabakversand.ch\/#website"},"primaryImageOfPage":{"@id":"https:\/\/www.tabakversand.ch\/fr\/produit\/herba-di-berna-canatronic-interieur-11-gr\/#primaryimage"},"image":{"@id":"https:\/\/www.tabakversand.ch\/fr\/produit\/herba-di-berna-canatronic-interieur-11-gr\/#primaryimage"},"thumbnailUrl":"https:\/\/www.tabakversand.ch\/wp-content\/uploads\/2025\/11\/herba-di-berna-cannatonic-indoor-11.jpg","datePublished":"2025-11-25T13:34:48+00:00","dateModified":"2025-11-25T13:42:09+00:00","description":"Herba Di Berna Canatronic Int\u00e9rieur 11 gr. | Un grand choix de produits du tabac, d'e-fum\u00e9e et d'ustensiles pour fumer dans toute la Suisse | Cartes accept\u00e9es !","breadcrumb":{"@id":"https:\/\/www.tabakversand.ch\/fr\/produit\/herba-di-berna-canatronic-interieur-11-gr\/#breadcrumb"},"inLanguage":"fr-FR","potentialAction":[{"@type":"ReadAction","target":["https:\/\/www.tabakversand.ch\/fr\/produit\/herba-di-berna-canatronic-interieur-11-gr\/"]}]},{"@type":"ImageObject","inLanguage":"fr-FR","@id":"https:\/\/www.tabakversand.ch\/fr\/produit\/herba-di-berna-canatronic-interieur-11-gr\/#primaryimage","url":"https:\/\/www.tabakversand.ch\/wp-content\/uploads\/2025\/11\/herba-di-berna-cannatonic-indoor-11.jpg","contentUrl":"https:\/\/www.tabakversand.ch\/wp-content\/uploads\/2025\/11\/herba-di-berna-cannatonic-indoor-11.jpg","width":500,"height":500,"caption":"Herba Di Berna Canatronic Int\u00e9rieur 11 gr. | tabakversand.ch"},{"@type":"BreadcrumbList","@id":"https:\/\/www.tabakversand.ch\/fr\/produit\/herba-di-berna-canatronic-interieur-11-gr\/#breadcrumb","itemListElement":[{"@type":"ListItem","position":1,"name":"Startseite","item":"https:\/\/www.tabakversand.ch\/"},{"@type":"ListItem","position":2,"name":"Boutique","item":"https:\/\/www.tabakversand.ch\/fr\/boutique\/"},{"@type":"ListItem","position":3,"name":"Herba Di Berna Canatronic Int\u00e9rieur 11 gr."}]},{"@type":"WebSite","@id":"https:\/\/www.tabakversand.ch\/#website","url":"https:\/\/www.tabakversand.ch\/","name":"Tabakversand.ch | Alles aus der Welt des Tabaks","description":"Smoke and carpe diem","potentialAction":[{"@type":"SearchAction","target":{"@type":"EntryPoint","urlTemplate":"https:\/\/www.tabakversand.ch\/?s={search_term_string}"},"query-input":{"@type":"PropertyValueSpecification","valueRequired":true,"valueName":"search_term_string"}}],"inLanguage":"fr-FR"}]}},"_links":{"self":[{"href":"https:\/\/www.tabakversand.ch\/fr\/wp-json\/wp\/v2\/product\/206580","targetHints":{"allow":["GET"]}}],"collection":[{"href":"https:\/\/www.tabakversand.ch\/fr\/wp-json\/wp\/v2\/product"}],"about":[{"href":"https:\/\/www.tabakversand.ch\/fr\/wp-json\/wp\/v2\/types\/product"}],"version-history":[{"count":3,"href":"https:\/\/www.tabakversand.ch\/fr\/wp-json\/wp\/v2\/product\/206580\/revisions"}],"predecessor-version":[{"id":206595,"href":"https:\/\/www.tabakversand.ch\/fr\/wp-json\/wp\/v2\/product\/206580\/revisions\/206595"}],"wp:featuredmedia":[{"embeddable":true,"href":"https:\/\/www.tabakversand.ch\/fr\/wp-json\/wp\/v2\/media\/206585"}],"wp:attachment":[{"href":"https:\/\/www.tabakversand.ch\/fr\/wp-json\/wp\/v2\/media?parent=206580"}],"wp:term":[{"taxonomy":"product_brand","embeddable":true,"href":"https:\/\/www.tabakversand.ch\/fr\/wp-json\/wp\/v2\/product_brand?post=206580"},{"taxonomy":"product_cat","embeddable":true,"href":"https:\/\/www.tabakversand.ch\/fr\/wp-json\/wp\/v2\/product_cat?post=206580"},{"taxonomy":"product_tag","embeddable":true,"href":"https:\/\/www.tabakversand.ch\/fr\/wp-json\/wp\/v2\/product_tag?post=206580"}],"curies":[{"name":"wp","href":"https:\/\/api.w.org\/{rel}","templated":true}]}}