{"id":206599,"date":"2025-11-25T15:18:49","date_gmt":"2025-11-25T14:18:49","guid":{"rendered":"https:\/\/www.tabakversand.ch\/?post_type=product&#038;p=206599"},"modified":"2025-11-25T15:23:31","modified_gmt":"2025-11-25T14:23:31","slug":"gelato-bleu-local-a-base-de-cannabis-2-g","status":"publish","type":"product","link":"https:\/\/www.tabakversand.ch\/fr\/produit\/gelato-bleu-local-a-base-de-cannabis-2-g\/","title":{"rendered":"Gelato bleu local \u00e0 base de cannabis 2 g."},"content":{"rendered":"<p>Gelato bleu local \u00e0 base de cannabis 2 g.<\/p>\n<p>L\u00e9g\u00e8re et rafra\u00eechissante, douce et d\u00e9licate, la \u00ab\u00a0Blue Gelato\u00a0\u00bb est bien plus qu&rsquo;une simple vari\u00e9t\u00e9 de CBD\u00a0; elle offre une exp\u00e9rience de vapotage d&rsquo;une douceur incomparable qui vous comblera de plaisir. Id\u00e9ale pour celles et ceux qui recherchent une exp\u00e9rience douce et savoureuse, \u00e0 la fois relaxante et agr\u00e9able.<\/p>\n<p>D\u00e9couvrez \u00ab\u00a0Blue Gelato\u00a0\u00bb, l&rsquo;une de nos vari\u00e9t\u00e9s de CBD d&rsquo;exception. \u00ab\u00a0Blue Gelato\u00a0\u00bb exhale un ar\u00f4me d\u00e9licieux, \u00e0 la fois frais, fruit\u00e9 et sucr\u00e9. Cependant, c&rsquo;est \u00e0 la d\u00e9gustation que ces fleurs de CBD de qualit\u00e9 sup\u00e9rieure r\u00e9v\u00e8lent toute leur puissance\u00a0: une exp\u00e9rience de fumage exceptionnellement douce et agr\u00e9able, unique en son genre. Sa saveur est un m\u00e9lange harmonieux de fruits frais, de baies sucr\u00e9es et de cr\u00e8me glac\u00e9e onctueuse.<\/p>\n<p>CBD d&rsquo;int\u00e9rieur<\/p>\n<ul>\n<li>THC:&lt; 0,9%<\/li>\n<li>CBD :&lt; 24%<\/li>\n<\/ul>\n<p>Tous les prix s&rsquo;appliquent uniquement aux commandes en ligne et incluent la TVA. Sous r\u00e9serve de modifications sans pr\u00e9avis, frais de livraison en sus. Sous r\u00e9serve d&rsquo;erreurs, de modifications de contenu de livraison et de conception, de fautes d&rsquo;impression et de modifications de prix. Les prix barr\u00e9s sont des prix de remplacement. Les illustrations peuvent diff\u00e9rer de l&rsquo;original\/du contenu de livraison.<br \/>\n*Livraison gratuite pour les commandes sup\u00e9rieures \u00e0 CHF 250.-.<\/p>\n","protected":false},"excerpt":{"rendered":"<p>Gelato bleu local \u00e0 base de cannabis 2 g. L\u00e9g\u00e8re et rafra\u00eechissante, douce et d\u00e9licate, la \u00ab\u00a0Blue Gelato\u00a0\u00bb est bien plus qu&rsquo;une simple vari\u00e9t\u00e9 de CBD\u00a0; elle offre une exp\u00e9rience de vapotage d&rsquo;une douceur incomparable qui vous comblera de plaisir. Id\u00e9ale pour celles et ceux qui recherchent une exp\u00e9rience douce et savoureuse, \u00e0 la fois [&hellip;]<\/p>\n","protected":false},"featured_media":206603,"template":"","meta":[],"product_brand":[],"product_cat":[3219,2101,1995],"product_tag":[],"class_list":{"0":"post-206599","1":"product","2":"type-product","3":"status-publish","4":"has-post-thumbnail","6":"product_cat-boutique-de-tete","7":"product_cat-chanvre-cbd","8":"product_cat-divers-headshop","10":"first","11":"onbackorder","12":"purchasable","13":"product-type-simple"},"yoast_head":"<!-- This site is optimized with the Yoast SEO plugin v27.0 - https:\/\/yoast.com\/product\/yoast-seo-wordpress\/ -->\n<title>Gelato bleu local \u00e0 base de cannabis 2 g. - Tabakversand.ch | Alles aus der Welt des Tabaks<\/title>\n<meta name=\"description\" content=\"Local Weed Blue Gelato 2g | Un large choix de produits du tabac, de cigarettes \u00e9lectroniques et d&#039;accessoires pour fumeurs dans toute la Suisse | Cartes accept\u00e9es !\" \/>\n<meta name=\"robots\" content=\"index, follow, max-snippet:-1, max-image-preview:large, max-video-preview:-1\" \/>\n<link rel=\"canonical\" href=\"https:\/\/www.tabakversand.ch\/it\/produit\/gelato-blu-alla-marijuana-locale-2-gr\/\" \/>\n<meta property=\"og:locale\" content=\"fr_FR\" \/>\n<meta property=\"og:type\" content=\"article\" \/>\n<meta property=\"og:title\" content=\"Gelato bleu local \u00e0 base de cannabis 2 g. - Tabakversand.ch | Alles aus der Welt des Tabaks\" \/>\n<meta property=\"og:description\" content=\"Local Weed Blue Gelato 2g | Un large choix de produits du tabac, de cigarettes \u00e9lectroniques et d&#039;accessoires pour fumeurs dans toute la Suisse | Cartes accept\u00e9es !\" \/>\n<meta property=\"og:url\" content=\"https:\/\/www.tabakversand.ch\/it\/produit\/gelato-blu-alla-marijuana-locale-2-gr\/\" \/>\n<meta property=\"og:site_name\" content=\"Tabakversand.ch | Alles aus der Welt des Tabaks\" \/>\n<meta property=\"article:modified_time\" content=\"2025-11-25T14:23:31+00:00\" \/>\n<meta property=\"og:image\" content=\"https:\/\/www.tabakversand.ch\/wp-content\/uploads\/2025\/11\/local-weed-blue-gelato-2.jpg\" \/>\n\t<meta property=\"og:image:width\" content=\"500\" \/>\n\t<meta property=\"og:image:height\" content=\"500\" \/>\n\t<meta property=\"og:image:type\" content=\"image\/jpeg\" \/>\n<meta name=\"twitter:card\" content=\"summary_large_image\" \/>\n<meta name=\"twitter:label1\" content=\"Dur\u00e9e de lecture estim\u00e9e\" \/>\n\t<meta name=\"twitter:data1\" content=\"2 minutes\" \/>\n<script type=\"application\/ld+json\" class=\"yoast-schema-graph\">{\"@context\":\"https:\/\/schema.org\",\"@graph\":[{\"@type\":\"WebPage\",\"@id\":\"https:\/\/www.tabakversand.ch\/it\/produit\/gelato-blu-alla-marijuana-locale-2-gr\/\",\"url\":\"https:\/\/www.tabakversand.ch\/it\/produit\/gelato-blu-alla-marijuana-locale-2-gr\/\",\"name\":\"Gelato bleu local \u00e0 base de cannabis 2 g. - Tabakversand.ch | Alles aus der Welt des Tabaks\",\"isPartOf\":{\"@id\":\"https:\/\/www.tabakversand.ch\/#website\"},\"primaryImageOfPage\":{\"@id\":\"https:\/\/www.tabakversand.ch\/it\/produit\/gelato-blu-alla-marijuana-locale-2-gr\/#primaryimage\"},\"image\":{\"@id\":\"https:\/\/www.tabakversand.ch\/it\/produit\/gelato-blu-alla-marijuana-locale-2-gr\/#primaryimage\"},\"thumbnailUrl\":\"https:\/\/www.tabakversand.ch\/wp-content\/uploads\/2025\/11\/local-weed-blue-gelato-2.jpg\",\"datePublished\":\"2025-11-25T14:18:49+00:00\",\"dateModified\":\"2025-11-25T14:23:31+00:00\",\"description\":\"Local Weed Blue Gelato 2g | Un large choix de produits du tabac, de cigarettes \u00e9lectroniques et d'accessoires pour fumeurs dans toute la Suisse | Cartes accept\u00e9es !\",\"breadcrumb\":{\"@id\":\"https:\/\/www.tabakversand.ch\/it\/produit\/gelato-blu-alla-marijuana-locale-2-gr\/#breadcrumb\"},\"inLanguage\":\"fr-FR\",\"potentialAction\":[{\"@type\":\"ReadAction\",\"target\":[\"https:\/\/www.tabakversand.ch\/it\/produit\/gelato-blu-alla-marijuana-locale-2-gr\/\"]}]},{\"@type\":\"ImageObject\",\"inLanguage\":\"fr-FR\",\"@id\":\"https:\/\/www.tabakversand.ch\/it\/produit\/gelato-blu-alla-marijuana-locale-2-gr\/#primaryimage\",\"url\":\"https:\/\/www.tabakversand.ch\/wp-content\/uploads\/2025\/11\/local-weed-blue-gelato-2.jpg\",\"contentUrl\":\"https:\/\/www.tabakversand.ch\/wp-content\/uploads\/2025\/11\/local-weed-blue-gelato-2.jpg\",\"width\":500,\"height\":500,\"caption\":\"Gelato bleu local \u00e0 base de cannabis 2 g. | tabakversand.ch\"},{\"@type\":\"BreadcrumbList\",\"@id\":\"https:\/\/www.tabakversand.ch\/it\/produit\/gelato-blu-alla-marijuana-locale-2-gr\/#breadcrumb\",\"itemListElement\":[{\"@type\":\"ListItem\",\"position\":1,\"name\":\"Startseite\",\"item\":\"https:\/\/www.tabakversand.ch\/\"},{\"@type\":\"ListItem\",\"position\":2,\"name\":\"Boutique\",\"item\":\"https:\/\/www.tabakversand.ch\/fr\/boutique\/\"},{\"@type\":\"ListItem\",\"position\":3,\"name\":\"Gelato bleu local \u00e0 base de cannabis 2 g.\"}]},{\"@type\":\"WebSite\",\"@id\":\"https:\/\/www.tabakversand.ch\/#website\",\"url\":\"https:\/\/www.tabakversand.ch\/\",\"name\":\"Tabakversand.ch | Alles aus der Welt des Tabaks\",\"description\":\"Smoke and carpe diem\",\"potentialAction\":[{\"@type\":\"SearchAction\",\"target\":{\"@type\":\"EntryPoint\",\"urlTemplate\":\"https:\/\/www.tabakversand.ch\/?s={search_term_string}\"},\"query-input\":{\"@type\":\"PropertyValueSpecification\",\"valueRequired\":true,\"valueName\":\"search_term_string\"}}],\"inLanguage\":\"fr-FR\"}]}<\/script>\n<!-- \/ Yoast SEO plugin. -->","yoast_head_json":{"title":"Gelato bleu local \u00e0 base de cannabis 2 g. - Tabakversand.ch | Alles aus der Welt des Tabaks","description":"Local Weed Blue Gelato 2g | Un large choix de produits du tabac, de cigarettes \u00e9lectroniques et d'accessoires pour fumeurs dans toute la Suisse | Cartes accept\u00e9es !","robots":{"index":"index","follow":"follow","max-snippet":"max-snippet:-1","max-image-preview":"max-image-preview:large","max-video-preview":"max-video-preview:-1"},"canonical":"https:\/\/www.tabakversand.ch\/it\/produit\/gelato-blu-alla-marijuana-locale-2-gr\/","og_locale":"fr_FR","og_type":"article","og_title":"Gelato bleu local \u00e0 base de cannabis 2 g. - Tabakversand.ch | Alles aus der Welt des Tabaks","og_description":"Local Weed Blue Gelato 2g | Un large choix de produits du tabac, de cigarettes \u00e9lectroniques et d'accessoires pour fumeurs dans toute la Suisse | Cartes accept\u00e9es !","og_url":"https:\/\/www.tabakversand.ch\/it\/produit\/gelato-blu-alla-marijuana-locale-2-gr\/","og_site_name":"Tabakversand.ch | Alles aus der Welt des Tabaks","article_modified_time":"2025-11-25T14:23:31+00:00","og_image":[{"width":500,"height":500,"url":"https:\/\/www.tabakversand.ch\/wp-content\/uploads\/2025\/11\/local-weed-blue-gelato-2.jpg","type":"image\/jpeg"}],"twitter_card":"summary_large_image","twitter_misc":{"Dur\u00e9e de lecture estim\u00e9e":"2 minutes"},"schema":{"@context":"https:\/\/schema.org","@graph":[{"@type":"WebPage","@id":"https:\/\/www.tabakversand.ch\/it\/produit\/gelato-blu-alla-marijuana-locale-2-gr\/","url":"https:\/\/www.tabakversand.ch\/it\/produit\/gelato-blu-alla-marijuana-locale-2-gr\/","name":"Gelato bleu local \u00e0 base de cannabis 2 g. - Tabakversand.ch | Alles aus der Welt des Tabaks","isPartOf":{"@id":"https:\/\/www.tabakversand.ch\/#website"},"primaryImageOfPage":{"@id":"https:\/\/www.tabakversand.ch\/it\/produit\/gelato-blu-alla-marijuana-locale-2-gr\/#primaryimage"},"image":{"@id":"https:\/\/www.tabakversand.ch\/it\/produit\/gelato-blu-alla-marijuana-locale-2-gr\/#primaryimage"},"thumbnailUrl":"https:\/\/www.tabakversand.ch\/wp-content\/uploads\/2025\/11\/local-weed-blue-gelato-2.jpg","datePublished":"2025-11-25T14:18:49+00:00","dateModified":"2025-11-25T14:23:31+00:00","description":"Local Weed Blue Gelato 2g | Un large choix de produits du tabac, de cigarettes \u00e9lectroniques et d'accessoires pour fumeurs dans toute la Suisse | Cartes accept\u00e9es !","breadcrumb":{"@id":"https:\/\/www.tabakversand.ch\/it\/produit\/gelato-blu-alla-marijuana-locale-2-gr\/#breadcrumb"},"inLanguage":"fr-FR","potentialAction":[{"@type":"ReadAction","target":["https:\/\/www.tabakversand.ch\/it\/produit\/gelato-blu-alla-marijuana-locale-2-gr\/"]}]},{"@type":"ImageObject","inLanguage":"fr-FR","@id":"https:\/\/www.tabakversand.ch\/it\/produit\/gelato-blu-alla-marijuana-locale-2-gr\/#primaryimage","url":"https:\/\/www.tabakversand.ch\/wp-content\/uploads\/2025\/11\/local-weed-blue-gelato-2.jpg","contentUrl":"https:\/\/www.tabakversand.ch\/wp-content\/uploads\/2025\/11\/local-weed-blue-gelato-2.jpg","width":500,"height":500,"caption":"Gelato bleu local \u00e0 base de cannabis 2 g. | tabakversand.ch"},{"@type":"BreadcrumbList","@id":"https:\/\/www.tabakversand.ch\/it\/produit\/gelato-blu-alla-marijuana-locale-2-gr\/#breadcrumb","itemListElement":[{"@type":"ListItem","position":1,"name":"Startseite","item":"https:\/\/www.tabakversand.ch\/"},{"@type":"ListItem","position":2,"name":"Boutique","item":"https:\/\/www.tabakversand.ch\/fr\/boutique\/"},{"@type":"ListItem","position":3,"name":"Gelato bleu local \u00e0 base de cannabis 2 g."}]},{"@type":"WebSite","@id":"https:\/\/www.tabakversand.ch\/#website","url":"https:\/\/www.tabakversand.ch\/","name":"Tabakversand.ch | Alles aus der Welt des Tabaks","description":"Smoke and carpe diem","potentialAction":[{"@type":"SearchAction","target":{"@type":"EntryPoint","urlTemplate":"https:\/\/www.tabakversand.ch\/?s={search_term_string}"},"query-input":{"@type":"PropertyValueSpecification","valueRequired":true,"valueName":"search_term_string"}}],"inLanguage":"fr-FR"}]}},"_links":{"self":[{"href":"https:\/\/www.tabakversand.ch\/fr\/wp-json\/wp\/v2\/product\/206599","targetHints":{"allow":["GET"]}}],"collection":[{"href":"https:\/\/www.tabakversand.ch\/fr\/wp-json\/wp\/v2\/product"}],"about":[{"href":"https:\/\/www.tabakversand.ch\/fr\/wp-json\/wp\/v2\/types\/product"}],"version-history":[{"count":3,"href":"https:\/\/www.tabakversand.ch\/fr\/wp-json\/wp\/v2\/product\/206599\/revisions"}],"predecessor-version":[{"id":206613,"href":"https:\/\/www.tabakversand.ch\/fr\/wp-json\/wp\/v2\/product\/206599\/revisions\/206613"}],"wp:featuredmedia":[{"embeddable":true,"href":"https:\/\/www.tabakversand.ch\/fr\/wp-json\/wp\/v2\/media\/206603"}],"wp:attachment":[{"href":"https:\/\/www.tabakversand.ch\/fr\/wp-json\/wp\/v2\/media?parent=206599"}],"wp:term":[{"taxonomy":"product_brand","embeddable":true,"href":"https:\/\/www.tabakversand.ch\/fr\/wp-json\/wp\/v2\/product_brand?post=206599"},{"taxonomy":"product_cat","embeddable":true,"href":"https:\/\/www.tabakversand.ch\/fr\/wp-json\/wp\/v2\/product_cat?post=206599"},{"taxonomy":"product_tag","embeddable":true,"href":"https:\/\/www.tabakversand.ch\/fr\/wp-json\/wp\/v2\/product_tag?post=206599"}],"curies":[{"name":"wp","href":"https:\/\/api.w.org\/{rel}","templated":true}]}}