{"id":206648,"date":"2025-11-25T15:47:08","date_gmt":"2025-11-25T14:47:08","guid":{"rendered":"https:\/\/www.tabakversand.ch\/?post_type=product&#038;p=206648"},"modified":"2025-11-25T15:55:41","modified_gmt":"2025-11-25T14:55:41","slug":"sweed-lemon-petites-fleurs-2-g","status":"publish","type":"product","link":"https:\/\/www.tabakversand.ch\/fr\/produit\/sweed-lemon-petites-fleurs-2-g\/","title":{"rendered":"Sweed Lemon petites fleurs 2 g."},"content":{"rendered":"<p>Sweed Lemon petites fleurs 2 g.<\/p>\n<p>Les fleurs de CBD \u00ab Sweed Lemon \u00bb ont un go\u00fbt sucr\u00e9 et citronn\u00e9 et conviennent aux connaisseurs soucieux de leur budget.<\/p>\n<p>Propri\u00e9t\u00e9s:<\/p>\n<ul>\n<li>Niveau de qualit\u00e9 : Int\u00e9rieur, boutures de fleurs<\/li>\n<li>Composition : 80 % Sativa, 20 % Indica<\/li>\n<li>Go\u00fbt : sucr\u00e9, citronn\u00e9<\/li>\n<li>CBD :&lt; 20%<\/li>\n<li>THC :&lt; 0,9%<\/li>\n<\/ul>\n<p>Les sachets dits \u00ab\u00a0broy\u00e9s\u00a0\u00bb contiennent des restes de fleurs issues de la r\u00e9colte et sont donc moins chers que les t\u00eates de qualit\u00e9 sup\u00e9rieure. Ces restes de fleurs ne repr\u00e9sentent pas la qualit\u00e9 habituelle d&rsquo;une herbe sucr\u00e9e, mais conviennent particuli\u00e8rement aux petits budgets.<\/p>\n<p>Tous les prix s&rsquo;appliquent uniquement aux commandes en ligne et incluent la TVA. Sous r\u00e9serve de modifications sans pr\u00e9avis, frais de livraison en sus. Sous r\u00e9serve d&rsquo;erreurs, de modifications de contenu de livraison et de conception, de fautes d&rsquo;impression et de modifications de prix. Les prix barr\u00e9s sont des prix de remplacement. Les illustrations peuvent diff\u00e9rer de l&rsquo;original\/du contenu de livraison.<br \/>\n*Livraison gratuite pour les commandes sup\u00e9rieures \u00e0 CHF 250.-.<\/p>\n","protected":false},"excerpt":{"rendered":"<p>Sweed Lemon petites fleurs 2 g. Les fleurs de CBD \u00ab Sweed Lemon \u00bb ont un go\u00fbt sucr\u00e9 et citronn\u00e9 et conviennent aux connaisseurs soucieux de leur budget. Propri\u00e9t\u00e9s: Niveau de qualit\u00e9 : Int\u00e9rieur, boutures de fleurs Composition : 80 % Sativa, 20 % Indica Go\u00fbt : sucr\u00e9, citronn\u00e9 CBD :&lt; 20% THC :&lt; 0,9% [&hellip;]<\/p>\n","protected":false},"featured_media":206652,"template":"","meta":[],"product_brand":[],"product_cat":[3219,2101,1995],"product_tag":[],"class_list":{"0":"post-206648","1":"product","2":"type-product","3":"status-publish","4":"has-post-thumbnail","6":"product_cat-boutique-de-tete","7":"product_cat-chanvre-cbd","8":"product_cat-divers-headshop","10":"first","11":"onbackorder","12":"purchasable","13":"product-type-simple"},"yoast_head":"<!-- This site is optimized with the Yoast SEO plugin v27.0 - https:\/\/yoast.com\/product\/yoast-seo-wordpress\/ -->\n<title>Sweed Lemon petites fleurs 2 g. - Tabakversand.ch | Alles aus der Welt des Tabaks<\/title>\n<meta name=\"description\" content=\"Sweed Lemon petites fleurs 2 g. | Un large choix de produits du tabac, de cigarettes \u00e9lectroniques et d&#039;accessoires pour fumeurs dans toute la Suisse | Cartes accept\u00e9es !\" \/>\n<meta name=\"robots\" content=\"index, follow, max-snippet:-1, max-image-preview:large, max-video-preview:-1\" \/>\n<link rel=\"canonical\" href=\"https:\/\/www.tabakversand.ch\/it\/produit\/sweed-lemon-fiori-piccoli-2-gr\/\" \/>\n<meta property=\"og:locale\" content=\"fr_FR\" \/>\n<meta property=\"og:type\" content=\"article\" \/>\n<meta property=\"og:title\" content=\"Sweed Lemon petites fleurs 2 g. - Tabakversand.ch | Alles aus der Welt des Tabaks\" \/>\n<meta property=\"og:description\" content=\"Sweed Lemon petites fleurs 2 g. | Un large choix de produits du tabac, de cigarettes \u00e9lectroniques et d&#039;accessoires pour fumeurs dans toute la Suisse | Cartes accept\u00e9es !\" \/>\n<meta property=\"og:url\" content=\"https:\/\/www.tabakversand.ch\/it\/produit\/sweed-lemon-fiori-piccoli-2-gr\/\" \/>\n<meta property=\"og:site_name\" content=\"Tabakversand.ch | Alles aus der Welt des Tabaks\" \/>\n<meta property=\"article:modified_time\" content=\"2025-11-25T14:55:41+00:00\" \/>\n<meta property=\"og:image\" content=\"https:\/\/www.tabakversand.ch\/wp-content\/uploads\/2025\/11\/sweed-lemon-2.jpg\" \/>\n\t<meta property=\"og:image:width\" content=\"500\" \/>\n\t<meta property=\"og:image:height\" content=\"500\" \/>\n\t<meta property=\"og:image:type\" content=\"image\/jpeg\" \/>\n<meta name=\"twitter:card\" content=\"summary_large_image\" \/>\n<meta name=\"twitter:label1\" content=\"Dur\u00e9e de lecture estim\u00e9e\" \/>\n\t<meta name=\"twitter:data1\" content=\"2 minutes\" \/>\n<script type=\"application\/ld+json\" class=\"yoast-schema-graph\">{\"@context\":\"https:\/\/schema.org\",\"@graph\":[{\"@type\":\"WebPage\",\"@id\":\"https:\/\/www.tabakversand.ch\/it\/produit\/sweed-lemon-fiori-piccoli-2-gr\/\",\"url\":\"https:\/\/www.tabakversand.ch\/it\/produit\/sweed-lemon-fiori-piccoli-2-gr\/\",\"name\":\"Sweed Lemon petites fleurs 2 g. - Tabakversand.ch | Alles aus der Welt des Tabaks\",\"isPartOf\":{\"@id\":\"https:\/\/www.tabakversand.ch\/#website\"},\"primaryImageOfPage\":{\"@id\":\"https:\/\/www.tabakversand.ch\/it\/produit\/sweed-lemon-fiori-piccoli-2-gr\/#primaryimage\"},\"image\":{\"@id\":\"https:\/\/www.tabakversand.ch\/it\/produit\/sweed-lemon-fiori-piccoli-2-gr\/#primaryimage\"},\"thumbnailUrl\":\"https:\/\/www.tabakversand.ch\/wp-content\/uploads\/2025\/11\/sweed-lemon-2.jpg\",\"datePublished\":\"2025-11-25T14:47:08+00:00\",\"dateModified\":\"2025-11-25T14:55:41+00:00\",\"description\":\"Sweed Lemon petites fleurs 2 g. | Un large choix de produits du tabac, de cigarettes \u00e9lectroniques et d'accessoires pour fumeurs dans toute la Suisse | Cartes accept\u00e9es !\",\"breadcrumb\":{\"@id\":\"https:\/\/www.tabakversand.ch\/it\/produit\/sweed-lemon-fiori-piccoli-2-gr\/#breadcrumb\"},\"inLanguage\":\"fr-FR\",\"potentialAction\":[{\"@type\":\"ReadAction\",\"target\":[\"https:\/\/www.tabakversand.ch\/it\/produit\/sweed-lemon-fiori-piccoli-2-gr\/\"]}]},{\"@type\":\"ImageObject\",\"inLanguage\":\"fr-FR\",\"@id\":\"https:\/\/www.tabakversand.ch\/it\/produit\/sweed-lemon-fiori-piccoli-2-gr\/#primaryimage\",\"url\":\"https:\/\/www.tabakversand.ch\/wp-content\/uploads\/2025\/11\/sweed-lemon-2.jpg\",\"contentUrl\":\"https:\/\/www.tabakversand.ch\/wp-content\/uploads\/2025\/11\/sweed-lemon-2.jpg\",\"width\":500,\"height\":500,\"caption\":\"Citronnier de rutabaga \u00e0 petites fleurs 2 g. | tabakversand.ch\"},{\"@type\":\"BreadcrumbList\",\"@id\":\"https:\/\/www.tabakversand.ch\/it\/produit\/sweed-lemon-fiori-piccoli-2-gr\/#breadcrumb\",\"itemListElement\":[{\"@type\":\"ListItem\",\"position\":1,\"name\":\"Startseite\",\"item\":\"https:\/\/www.tabakversand.ch\/\"},{\"@type\":\"ListItem\",\"position\":2,\"name\":\"Boutique\",\"item\":\"https:\/\/www.tabakversand.ch\/fr\/boutique\/\"},{\"@type\":\"ListItem\",\"position\":3,\"name\":\"Sweed Lemon petites fleurs 2 g.\"}]},{\"@type\":\"WebSite\",\"@id\":\"https:\/\/www.tabakversand.ch\/#website\",\"url\":\"https:\/\/www.tabakversand.ch\/\",\"name\":\"Tabakversand.ch | Alles aus der Welt des Tabaks\",\"description\":\"Smoke and carpe diem\",\"potentialAction\":[{\"@type\":\"SearchAction\",\"target\":{\"@type\":\"EntryPoint\",\"urlTemplate\":\"https:\/\/www.tabakversand.ch\/?s={search_term_string}\"},\"query-input\":{\"@type\":\"PropertyValueSpecification\",\"valueRequired\":true,\"valueName\":\"search_term_string\"}}],\"inLanguage\":\"fr-FR\"}]}<\/script>\n<!-- \/ Yoast SEO plugin. -->","yoast_head_json":{"title":"Sweed Lemon petites fleurs 2 g. - Tabakversand.ch | Alles aus der Welt des Tabaks","description":"Sweed Lemon petites fleurs 2 g. | Un large choix de produits du tabac, de cigarettes \u00e9lectroniques et d'accessoires pour fumeurs dans toute la Suisse | Cartes accept\u00e9es !","robots":{"index":"index","follow":"follow","max-snippet":"max-snippet:-1","max-image-preview":"max-image-preview:large","max-video-preview":"max-video-preview:-1"},"canonical":"https:\/\/www.tabakversand.ch\/it\/produit\/sweed-lemon-fiori-piccoli-2-gr\/","og_locale":"fr_FR","og_type":"article","og_title":"Sweed Lemon petites fleurs 2 g. - Tabakversand.ch | Alles aus der Welt des Tabaks","og_description":"Sweed Lemon petites fleurs 2 g. | Un large choix de produits du tabac, de cigarettes \u00e9lectroniques et d'accessoires pour fumeurs dans toute la Suisse | Cartes accept\u00e9es !","og_url":"https:\/\/www.tabakversand.ch\/it\/produit\/sweed-lemon-fiori-piccoli-2-gr\/","og_site_name":"Tabakversand.ch | Alles aus der Welt des Tabaks","article_modified_time":"2025-11-25T14:55:41+00:00","og_image":[{"width":500,"height":500,"url":"https:\/\/www.tabakversand.ch\/wp-content\/uploads\/2025\/11\/sweed-lemon-2.jpg","type":"image\/jpeg"}],"twitter_card":"summary_large_image","twitter_misc":{"Dur\u00e9e de lecture estim\u00e9e":"2 minutes"},"schema":{"@context":"https:\/\/schema.org","@graph":[{"@type":"WebPage","@id":"https:\/\/www.tabakversand.ch\/it\/produit\/sweed-lemon-fiori-piccoli-2-gr\/","url":"https:\/\/www.tabakversand.ch\/it\/produit\/sweed-lemon-fiori-piccoli-2-gr\/","name":"Sweed Lemon petites fleurs 2 g. - Tabakversand.ch | Alles aus der Welt des Tabaks","isPartOf":{"@id":"https:\/\/www.tabakversand.ch\/#website"},"primaryImageOfPage":{"@id":"https:\/\/www.tabakversand.ch\/it\/produit\/sweed-lemon-fiori-piccoli-2-gr\/#primaryimage"},"image":{"@id":"https:\/\/www.tabakversand.ch\/it\/produit\/sweed-lemon-fiori-piccoli-2-gr\/#primaryimage"},"thumbnailUrl":"https:\/\/www.tabakversand.ch\/wp-content\/uploads\/2025\/11\/sweed-lemon-2.jpg","datePublished":"2025-11-25T14:47:08+00:00","dateModified":"2025-11-25T14:55:41+00:00","description":"Sweed Lemon petites fleurs 2 g. | Un large choix de produits du tabac, de cigarettes \u00e9lectroniques et d'accessoires pour fumeurs dans toute la Suisse | Cartes accept\u00e9es !","breadcrumb":{"@id":"https:\/\/www.tabakversand.ch\/it\/produit\/sweed-lemon-fiori-piccoli-2-gr\/#breadcrumb"},"inLanguage":"fr-FR","potentialAction":[{"@type":"ReadAction","target":["https:\/\/www.tabakversand.ch\/it\/produit\/sweed-lemon-fiori-piccoli-2-gr\/"]}]},{"@type":"ImageObject","inLanguage":"fr-FR","@id":"https:\/\/www.tabakversand.ch\/it\/produit\/sweed-lemon-fiori-piccoli-2-gr\/#primaryimage","url":"https:\/\/www.tabakversand.ch\/wp-content\/uploads\/2025\/11\/sweed-lemon-2.jpg","contentUrl":"https:\/\/www.tabakversand.ch\/wp-content\/uploads\/2025\/11\/sweed-lemon-2.jpg","width":500,"height":500,"caption":"Citronnier de rutabaga \u00e0 petites fleurs 2 g. | tabakversand.ch"},{"@type":"BreadcrumbList","@id":"https:\/\/www.tabakversand.ch\/it\/produit\/sweed-lemon-fiori-piccoli-2-gr\/#breadcrumb","itemListElement":[{"@type":"ListItem","position":1,"name":"Startseite","item":"https:\/\/www.tabakversand.ch\/"},{"@type":"ListItem","position":2,"name":"Boutique","item":"https:\/\/www.tabakversand.ch\/fr\/boutique\/"},{"@type":"ListItem","position":3,"name":"Sweed Lemon petites fleurs 2 g."}]},{"@type":"WebSite","@id":"https:\/\/www.tabakversand.ch\/#website","url":"https:\/\/www.tabakversand.ch\/","name":"Tabakversand.ch | Alles aus der Welt des Tabaks","description":"Smoke and carpe diem","potentialAction":[{"@type":"SearchAction","target":{"@type":"EntryPoint","urlTemplate":"https:\/\/www.tabakversand.ch\/?s={search_term_string}"},"query-input":{"@type":"PropertyValueSpecification","valueRequired":true,"valueName":"search_term_string"}}],"inLanguage":"fr-FR"}]}},"_links":{"self":[{"href":"https:\/\/www.tabakversand.ch\/fr\/wp-json\/wp\/v2\/product\/206648","targetHints":{"allow":["GET"]}}],"collection":[{"href":"https:\/\/www.tabakversand.ch\/fr\/wp-json\/wp\/v2\/product"}],"about":[{"href":"https:\/\/www.tabakversand.ch\/fr\/wp-json\/wp\/v2\/types\/product"}],"version-history":[{"count":4,"href":"https:\/\/www.tabakversand.ch\/fr\/wp-json\/wp\/v2\/product\/206648\/revisions"}],"predecessor-version":[{"id":206663,"href":"https:\/\/www.tabakversand.ch\/fr\/wp-json\/wp\/v2\/product\/206648\/revisions\/206663"}],"wp:featuredmedia":[{"embeddable":true,"href":"https:\/\/www.tabakversand.ch\/fr\/wp-json\/wp\/v2\/media\/206652"}],"wp:attachment":[{"href":"https:\/\/www.tabakversand.ch\/fr\/wp-json\/wp\/v2\/media?parent=206648"}],"wp:term":[{"taxonomy":"product_brand","embeddable":true,"href":"https:\/\/www.tabakversand.ch\/fr\/wp-json\/wp\/v2\/product_brand?post=206648"},{"taxonomy":"product_cat","embeddable":true,"href":"https:\/\/www.tabakversand.ch\/fr\/wp-json\/wp\/v2\/product_cat?post=206648"},{"taxonomy":"product_tag","embeddable":true,"href":"https:\/\/www.tabakversand.ch\/fr\/wp-json\/wp\/v2\/product_tag?post=206648"}],"curies":[{"name":"wp","href":"https:\/\/api.w.org\/{rel}","templated":true}]}}