{"id":206720,"date":"2025-11-27T13:52:29","date_gmt":"2025-11-27T12:52:29","guid":{"rendered":"https:\/\/www.tabakversand.ch\/?post_type=product&#038;p=206720"},"modified":"2026-04-05T19:47:47","modified_gmt":"2026-04-05T17:47:47","slug":"frerot-blond-1-x-100-g-tabac-a-cigarettes","status":"publish","type":"product","link":"https:\/\/www.tabakversand.ch\/fr\/produit\/frerot-blond-1-x-100-g-tabac-a-cigarettes\/","title":{"rendered":"Fr\u00e9rot Blond 1 x 100 g. Tabac \u00e0 cigarettes"},"content":{"rendered":"<p>Fr\u00e9rot Blond 1 x 100 g. Tabac \u00e0 cigarettes<\/p>\n<p>Un plaisir l\u00e9ger et \u00e9quilibr\u00e9 avec le tabac<\/p>\n<p>Fr\u00e9rot Blond est un m\u00e9lange soigneusement \u00e9labor\u00e9 de tabacs blonds authentiques et d&rsquo;une plus petite proportion de tabacs fonc\u00e9s d&rsquo;Am\u00e9rique du Sud, d&rsquo;Afrique et d&rsquo;Asie. Cette combinaison cr\u00e9e un \u00e9quilibre parfait des saveurs, ajoutant une touche de complexit\u00e9 \u00e0 l&rsquo;exp\u00e9rience classique du tabac. Le tabac est finement et uniform\u00e9ment coup\u00e9, ce qui le rend id\u00e9al pour rouler et tasser les cigarettes. Gr\u00e2ce \u00e0 son m\u00e9lange plus l\u00e9ger, Fr\u00e9rot Blond offre un go\u00fbt plus doux tout en conservant les ar\u00f4mes caract\u00e9ristiques d&rsquo;un tabac de haute qualit\u00e9. C&rsquo;est un tabac pour les fumeurs qui recherchent une exp\u00e9rience de fumage \u00e0 la fois douce et cors\u00e9e.    <\/p>\n<p>Tous les prix s&rsquo;appliquent uniquement aux commandes en ligne et incluent la TVA. Sous r\u00e9serve de modifications sans pr\u00e9avis, frais de livraison en sus. Sous r\u00e9serve d&rsquo;erreurs, de modifications de contenu de livraison et de conception, de fautes d&rsquo;impression et de modifications de prix. Les prix barr\u00e9s sont des prix de remplacement. Les illustrations peuvent diff\u00e9rer de l&rsquo;original\/du contenu de livraison.<br \/>\n*Livraison gratuite pour les commandes sup\u00e9rieures \u00e0 CHF 250.-.<\/p>\n","protected":false},"excerpt":{"rendered":"<p>Fr\u00e9rot Blond 1 x 100 g. Tabac \u00e0 cigarettes Un plaisir l\u00e9ger et \u00e9quilibr\u00e9 avec le tabac Fr\u00e9rot Blond est un m\u00e9lange soigneusement \u00e9labor\u00e9 de tabacs blonds authentiques et d&rsquo;une plus petite proportion de tabacs fonc\u00e9s d&rsquo;Am\u00e9rique du Sud, d&rsquo;Afrique et d&rsquo;Asie. Cette combinaison cr\u00e9e un \u00e9quilibre parfait des saveurs, ajoutant une touche de complexit\u00e9 [&hellip;]<\/p>\n","protected":false},"featured_media":206724,"template":"","meta":[],"product_brand":[5696],"product_cat":[1961,1888,1963,1964],"product_tag":[],"class_list":{"0":"post-206720","1":"product","2":"type-product","3":"status-publish","4":"has-post-thumbnail","6":"product_brand-frerot-feinschnitt","7":"product_cat-cigarettes-self-made-fr-2","8":"product_cat-tabac","9":"product_cat-tabac-a-cigarettes","10":"product_cat-tabac-a-cigarettes-fr","12":"first","13":"onbackorder","14":"featured","15":"purchasable","16":"product-type-simple"},"yoast_head":"<!-- This site is optimized with the Yoast SEO plugin v27.0 - https:\/\/yoast.com\/product\/yoast-seo-wordpress\/ -->\n<title>Fr\u00e9rot Blond 1 x 100 g. Tabac \u00e0 cigarettes - Tabakversand.ch | Alles aus der Welt des Tabaks<\/title>\n<meta name=\"description\" content=\"Fr\u00e9rot Blond 1 x 100 g. Tabac \u00e0 cigarettes | Un large choix de produits du tabac, de cigarettes \u00e9lectroniques et d&#039;accessoires pour fumeurs dans toute la Suisse | Cartes accept\u00e9es !\" \/>\n<meta name=\"robots\" content=\"index, follow, max-snippet:-1, max-image-preview:large, max-video-preview:-1\" \/>\n<link rel=\"canonical\" href=\"https:\/\/www.tabakversand.ch\/fr\/produit\/frerot-blond-1-x-100-g-tabac-a-cigarettes\/\" \/>\n<meta property=\"og:locale\" content=\"fr_FR\" \/>\n<meta property=\"og:type\" content=\"article\" \/>\n<meta property=\"og:title\" content=\"Fr\u00e9rot Blond 1 x 100 g. Tabac \u00e0 cigarettes - Tabakversand.ch | Alles aus der Welt des Tabaks\" \/>\n<meta property=\"og:description\" content=\"Fr\u00e9rot Blond 1 x 100 g. Tabac \u00e0 cigarettes | Un large choix de produits du tabac, de cigarettes \u00e9lectroniques et d&#039;accessoires pour fumeurs dans toute la Suisse | Cartes accept\u00e9es !\" \/>\n<meta property=\"og:url\" content=\"https:\/\/www.tabakversand.ch\/fr\/produit\/frerot-blond-1-x-100-g-tabac-a-cigarettes\/\" \/>\n<meta property=\"og:site_name\" content=\"Tabakversand.ch | Alles aus der Welt des Tabaks\" \/>\n<meta property=\"article:modified_time\" content=\"2026-04-05T17:47:47+00:00\" \/>\n<meta property=\"og:image\" content=\"https:\/\/www.tabakversand.ch\/wp-content\/uploads\/2025\/11\/frerot-dose.jpg\" \/>\n\t<meta property=\"og:image:width\" content=\"500\" \/>\n\t<meta property=\"og:image:height\" content=\"500\" \/>\n\t<meta property=\"og:image:type\" content=\"image\/jpeg\" \/>\n<meta name=\"twitter:card\" content=\"summary_large_image\" \/>\n<meta name=\"twitter:label1\" content=\"Dur\u00e9e de lecture estim\u00e9e\" \/>\n\t<meta name=\"twitter:data1\" content=\"2 minutes\" \/>\n<script type=\"application\/ld+json\" class=\"yoast-schema-graph\">{\"@context\":\"https:\/\/schema.org\",\"@graph\":[{\"@type\":\"WebPage\",\"@id\":\"https:\/\/www.tabakversand.ch\/fr\/produit\/frerot-blond-1-x-100-g-tabac-a-cigarettes\/\",\"url\":\"https:\/\/www.tabakversand.ch\/fr\/produit\/frerot-blond-1-x-100-g-tabac-a-cigarettes\/\",\"name\":\"Fr\u00e9rot Blond 1 x 100 g. Tabac \u00e0 cigarettes - Tabakversand.ch | Alles aus der Welt des Tabaks\",\"isPartOf\":{\"@id\":\"https:\/\/www.tabakversand.ch\/#website\"},\"primaryImageOfPage\":{\"@id\":\"https:\/\/www.tabakversand.ch\/fr\/produit\/frerot-blond-1-x-100-g-tabac-a-cigarettes\/#primaryimage\"},\"image\":{\"@id\":\"https:\/\/www.tabakversand.ch\/fr\/produit\/frerot-blond-1-x-100-g-tabac-a-cigarettes\/#primaryimage\"},\"thumbnailUrl\":\"https:\/\/www.tabakversand.ch\/wp-content\/uploads\/2025\/11\/frerot-dose.jpg\",\"datePublished\":\"2025-11-27T12:52:29+00:00\",\"dateModified\":\"2026-04-05T17:47:47+00:00\",\"description\":\"Fr\u00e9rot Blond 1 x 100 g. Tabac \u00e0 cigarettes | Un large choix de produits du tabac, de cigarettes \u00e9lectroniques et d'accessoires pour fumeurs dans toute la Suisse | Cartes accept\u00e9es !\",\"breadcrumb\":{\"@id\":\"https:\/\/www.tabakversand.ch\/fr\/produit\/frerot-blond-1-x-100-g-tabac-a-cigarettes\/#breadcrumb\"},\"inLanguage\":\"fr-FR\",\"potentialAction\":[{\"@type\":\"ReadAction\",\"target\":[\"https:\/\/www.tabakversand.ch\/fr\/produit\/frerot-blond-1-x-100-g-tabac-a-cigarettes\/\"]}]},{\"@type\":\"ImageObject\",\"inLanguage\":\"fr-FR\",\"@id\":\"https:\/\/www.tabakversand.ch\/fr\/produit\/frerot-blond-1-x-100-g-tabac-a-cigarettes\/#primaryimage\",\"url\":\"https:\/\/www.tabakversand.ch\/wp-content\/uploads\/2025\/11\/frerot-dose.jpg\",\"contentUrl\":\"https:\/\/www.tabakversand.ch\/wp-content\/uploads\/2025\/11\/frerot-dose.jpg\",\"width\":500,\"height\":500,\"caption\":\"Fr\u00e9rot Blond 1 x 100 g. Tabac \u00e0 cigarettes | tabakversand.ch\"},{\"@type\":\"BreadcrumbList\",\"@id\":\"https:\/\/www.tabakversand.ch\/fr\/produit\/frerot-blond-1-x-100-g-tabac-a-cigarettes\/#breadcrumb\",\"itemListElement\":[{\"@type\":\"ListItem\",\"position\":1,\"name\":\"Startseite\",\"item\":\"https:\/\/www.tabakversand.ch\/\"},{\"@type\":\"ListItem\",\"position\":2,\"name\":\"Boutique\",\"item\":\"https:\/\/www.tabakversand.ch\/fr\/boutique\/\"},{\"@type\":\"ListItem\",\"position\":3,\"name\":\"Fr\u00e9rot Blond 1 x 100 g. Tabac \u00e0 cigarettes\"}]},{\"@type\":\"WebSite\",\"@id\":\"https:\/\/www.tabakversand.ch\/#website\",\"url\":\"https:\/\/www.tabakversand.ch\/\",\"name\":\"Tabakversand.ch | Alles aus der Welt des Tabaks\",\"description\":\"Smoke and carpe diem\",\"potentialAction\":[{\"@type\":\"SearchAction\",\"target\":{\"@type\":\"EntryPoint\",\"urlTemplate\":\"https:\/\/www.tabakversand.ch\/?s={search_term_string}\"},\"query-input\":{\"@type\":\"PropertyValueSpecification\",\"valueRequired\":true,\"valueName\":\"search_term_string\"}}],\"inLanguage\":\"fr-FR\"}]}<\/script>\n<!-- \/ Yoast SEO plugin. -->","yoast_head_json":{"title":"Fr\u00e9rot Blond 1 x 100 g. Tabac \u00e0 cigarettes - Tabakversand.ch | Alles aus der Welt des Tabaks","description":"Fr\u00e9rot Blond 1 x 100 g. Tabac \u00e0 cigarettes | Un large choix de produits du tabac, de cigarettes \u00e9lectroniques et d'accessoires pour fumeurs dans toute la Suisse | Cartes accept\u00e9es !","robots":{"index":"index","follow":"follow","max-snippet":"max-snippet:-1","max-image-preview":"max-image-preview:large","max-video-preview":"max-video-preview:-1"},"canonical":"https:\/\/www.tabakversand.ch\/fr\/produit\/frerot-blond-1-x-100-g-tabac-a-cigarettes\/","og_locale":"fr_FR","og_type":"article","og_title":"Fr\u00e9rot Blond 1 x 100 g. Tabac \u00e0 cigarettes - Tabakversand.ch | Alles aus der Welt des Tabaks","og_description":"Fr\u00e9rot Blond 1 x 100 g. Tabac \u00e0 cigarettes | Un large choix de produits du tabac, de cigarettes \u00e9lectroniques et d'accessoires pour fumeurs dans toute la Suisse | Cartes accept\u00e9es !","og_url":"https:\/\/www.tabakversand.ch\/fr\/produit\/frerot-blond-1-x-100-g-tabac-a-cigarettes\/","og_site_name":"Tabakversand.ch | Alles aus der Welt des Tabaks","article_modified_time":"2026-04-05T17:47:47+00:00","og_image":[{"width":500,"height":500,"url":"https:\/\/www.tabakversand.ch\/wp-content\/uploads\/2025\/11\/frerot-dose.jpg","type":"image\/jpeg"}],"twitter_card":"summary_large_image","twitter_misc":{"Dur\u00e9e de lecture estim\u00e9e":"2 minutes"},"schema":{"@context":"https:\/\/schema.org","@graph":[{"@type":"WebPage","@id":"https:\/\/www.tabakversand.ch\/fr\/produit\/frerot-blond-1-x-100-g-tabac-a-cigarettes\/","url":"https:\/\/www.tabakversand.ch\/fr\/produit\/frerot-blond-1-x-100-g-tabac-a-cigarettes\/","name":"Fr\u00e9rot Blond 1 x 100 g. Tabac \u00e0 cigarettes - Tabakversand.ch | Alles aus der Welt des Tabaks","isPartOf":{"@id":"https:\/\/www.tabakversand.ch\/#website"},"primaryImageOfPage":{"@id":"https:\/\/www.tabakversand.ch\/fr\/produit\/frerot-blond-1-x-100-g-tabac-a-cigarettes\/#primaryimage"},"image":{"@id":"https:\/\/www.tabakversand.ch\/fr\/produit\/frerot-blond-1-x-100-g-tabac-a-cigarettes\/#primaryimage"},"thumbnailUrl":"https:\/\/www.tabakversand.ch\/wp-content\/uploads\/2025\/11\/frerot-dose.jpg","datePublished":"2025-11-27T12:52:29+00:00","dateModified":"2026-04-05T17:47:47+00:00","description":"Fr\u00e9rot Blond 1 x 100 g. Tabac \u00e0 cigarettes | Un large choix de produits du tabac, de cigarettes \u00e9lectroniques et d'accessoires pour fumeurs dans toute la Suisse | Cartes accept\u00e9es !","breadcrumb":{"@id":"https:\/\/www.tabakversand.ch\/fr\/produit\/frerot-blond-1-x-100-g-tabac-a-cigarettes\/#breadcrumb"},"inLanguage":"fr-FR","potentialAction":[{"@type":"ReadAction","target":["https:\/\/www.tabakversand.ch\/fr\/produit\/frerot-blond-1-x-100-g-tabac-a-cigarettes\/"]}]},{"@type":"ImageObject","inLanguage":"fr-FR","@id":"https:\/\/www.tabakversand.ch\/fr\/produit\/frerot-blond-1-x-100-g-tabac-a-cigarettes\/#primaryimage","url":"https:\/\/www.tabakversand.ch\/wp-content\/uploads\/2025\/11\/frerot-dose.jpg","contentUrl":"https:\/\/www.tabakversand.ch\/wp-content\/uploads\/2025\/11\/frerot-dose.jpg","width":500,"height":500,"caption":"Fr\u00e9rot Blond 1 x 100 g. Tabac \u00e0 cigarettes | tabakversand.ch"},{"@type":"BreadcrumbList","@id":"https:\/\/www.tabakversand.ch\/fr\/produit\/frerot-blond-1-x-100-g-tabac-a-cigarettes\/#breadcrumb","itemListElement":[{"@type":"ListItem","position":1,"name":"Startseite","item":"https:\/\/www.tabakversand.ch\/"},{"@type":"ListItem","position":2,"name":"Boutique","item":"https:\/\/www.tabakversand.ch\/fr\/boutique\/"},{"@type":"ListItem","position":3,"name":"Fr\u00e9rot Blond 1 x 100 g. Tabac \u00e0 cigarettes"}]},{"@type":"WebSite","@id":"https:\/\/www.tabakversand.ch\/#website","url":"https:\/\/www.tabakversand.ch\/","name":"Tabakversand.ch | Alles aus der Welt des Tabaks","description":"Smoke and carpe diem","potentialAction":[{"@type":"SearchAction","target":{"@type":"EntryPoint","urlTemplate":"https:\/\/www.tabakversand.ch\/?s={search_term_string}"},"query-input":{"@type":"PropertyValueSpecification","valueRequired":true,"valueName":"search_term_string"}}],"inLanguage":"fr-FR"}]}},"_links":{"self":[{"href":"https:\/\/www.tabakversand.ch\/fr\/wp-json\/wp\/v2\/product\/206720","targetHints":{"allow":["GET"]}}],"collection":[{"href":"https:\/\/www.tabakversand.ch\/fr\/wp-json\/wp\/v2\/product"}],"about":[{"href":"https:\/\/www.tabakversand.ch\/fr\/wp-json\/wp\/v2\/types\/product"}],"version-history":[{"count":4,"href":"https:\/\/www.tabakversand.ch\/fr\/wp-json\/wp\/v2\/product\/206720\/revisions"}],"predecessor-version":[{"id":216986,"href":"https:\/\/www.tabakversand.ch\/fr\/wp-json\/wp\/v2\/product\/206720\/revisions\/216986"}],"wp:featuredmedia":[{"embeddable":true,"href":"https:\/\/www.tabakversand.ch\/fr\/wp-json\/wp\/v2\/media\/206724"}],"wp:attachment":[{"href":"https:\/\/www.tabakversand.ch\/fr\/wp-json\/wp\/v2\/media?parent=206720"}],"wp:term":[{"taxonomy":"product_brand","embeddable":true,"href":"https:\/\/www.tabakversand.ch\/fr\/wp-json\/wp\/v2\/product_brand?post=206720"},{"taxonomy":"product_cat","embeddable":true,"href":"https:\/\/www.tabakversand.ch\/fr\/wp-json\/wp\/v2\/product_cat?post=206720"},{"taxonomy":"product_tag","embeddable":true,"href":"https:\/\/www.tabakversand.ch\/fr\/wp-json\/wp\/v2\/product_tag?post=206720"}],"curies":[{"name":"wp","href":"https:\/\/api.w.org\/{rel}","templated":true}]}}