{"id":206772,"date":"2025-12-03T12:45:00","date_gmt":"2025-12-03T11:45:00","guid":{"rendered":"https:\/\/www.tabakversand.ch\/?post_type=product&#038;p=206772"},"modified":"2025-12-03T13:01:39","modified_gmt":"2025-12-03T12:01:39","slug":"cones-non-blanchis-gizeh-avec-filtre-24-x-3-pieces","status":"publish","type":"product","link":"https:\/\/www.tabakversand.ch\/fr\/produit\/cones-non-blanchis-gizeh-avec-filtre-24-x-3-pieces\/","title":{"rendered":"C\u00f4nes non blanchis Gizeh avec filtre 24 x 3 pi\u00e8ces."},"content":{"rendered":"<p>C\u00f4nes non blanchis Gizeh avec filtre 24 x 3 pi\u00e8ces.<\/p>\n<p>D\u00e9couvrez la qualit\u00e9 naturelle des c\u00f4nes non blanchis GIZEH \u2013 le choix id\u00e9al pour un plaisir authentique et une exp\u00e9rience de fumage agr\u00e9able avec des filtres en papier.<\/p>\n<p>Que vous soyez encore en phase d&rsquo;apprentissage ou que vous recherchiez simplement une qualit\u00e9 constante, les c\u00f4nes GIZEH vous offrent la voie la plus simple pour un joint parfaitement roul\u00e9. Ces c\u00f4nes, compos\u00e9s de papier king-size non blanchi et de filtres de haute qualit\u00e9, sont id\u00e9aux pour tous ceux qui privil\u00e9gient le go\u00fbt, le confort et la performance. <\/p>\n<p>Les c\u00f4nes GIZEH non blanchis avec embouts sont fabriqu\u00e9s \u00e0 partir de papier ultra-fin non blanchi pour une combustion lente et uniforme.<\/p>\n<p>D\u00e9couvrez des mat\u00e9riaux naturels et un design r\u00e9fl\u00e9chi \u2013 pour les connaisseurs exigeants qui valorisent la qualit\u00e9 et la durabilit\u00e9.<\/p>\n<p>fait:<\/p>\n<p>\u2013 3 c\u00f4nes par paquet<br \/>\n \u2013 Papier brun naturel non blanchi, format king size<br \/>\n \u2013 Filtre \u00e0 papier int\u00e9gr\u00e9<br \/>\n \u2013 Longueur totale : 11 cm<br \/>\n \u2013 6 mm de diam\u00e8tre \u00e0 l&#8217;embouchure<br \/>\n \u2013 12 mm de diam\u00e8tre dans la zone de remplissage<br \/>\n \u2013 Papier \u00e0 combustion lente d&rsquo;un grammage de 14,0 g\/m\u00b2<br \/>\n \u2013 Longueur du filtre env. 30 mm<\/p>\n<p>Tous les prix s&rsquo;appliquent uniquement aux commandes en ligne et incluent la TVA. Sous r\u00e9serve de modifications sans pr\u00e9avis, frais de livraison en sus. Sous r\u00e9serve d&rsquo;erreurs, de modifications de contenu de livraison et de conception, de fautes d&rsquo;impression et de modifications de prix. Les prix barr\u00e9s sont des prix de remplacement. Les illustrations peuvent diff\u00e9rer de l&rsquo;original\/du contenu de livraison.<br \/>\n*Livraison gratuite pour les commandes sup\u00e9rieures \u00e0 CHF 250.-.<\/p>\n","protected":false},"excerpt":{"rendered":"<p>C\u00f4nes non blanchis Gizeh avec filtre 24 x 3 pi\u00e8ces. D\u00e9couvrez la qualit\u00e9 naturelle des c\u00f4nes non blanchis GIZEH \u2013 le choix id\u00e9al pour un plaisir authentique et une exp\u00e9rience de fumage agr\u00e9able avec des filtres en papier. Que vous soyez encore en phase d&rsquo;apprentissage ou que vous recherchiez simplement une qualit\u00e9 constante, les c\u00f4nes [&hellip;]<\/p>\n","protected":false},"featured_media":206776,"template":"","meta":[],"product_brand":[1564],"product_cat":[3219,3224,1995],"product_tag":[],"class_list":{"0":"post-206772","1":"product","2":"type-product","3":"status-publish","4":"has-post-thumbnail","6":"product_brand-gizeh","7":"product_cat-boutique-de-tete","8":"product_cat-cones-fr","9":"product_cat-divers-headshop","11":"first","12":"onbackorder","13":"featured","14":"purchasable","15":"product-type-simple"},"yoast_head":"<!-- This site is optimized with the Yoast SEO plugin v27.0 - https:\/\/yoast.com\/product\/yoast-seo-wordpress\/ -->\n<title>C\u00f4nes non blanchis Gizeh avec filtre 24 x 3 pi\u00e8ces. - Tabakversand.ch | Alles aus der Welt des Tabaks<\/title>\n<meta name=\"description\" content=\"C\u00f4nes Gizeh non blanchis avec filtre, paquet de 24 x 3 pi\u00e8ces | Large choix de produits du tabac, cigarettes \u00e9lectroniques et accessoires pour fumeurs dans toute la Suisse | Cartes accept\u00e9es !\" \/>\n<meta name=\"robots\" content=\"index, follow, max-snippet:-1, max-image-preview:large, max-video-preview:-1\" \/>\n<link rel=\"canonical\" href=\"https:\/\/www.tabakversand.ch\/produit\/gizeh-unbleached-cones-24-x-3-stk\/\" \/>\n<meta property=\"og:locale\" content=\"fr_FR\" \/>\n<meta property=\"og:type\" content=\"article\" \/>\n<meta property=\"og:title\" content=\"C\u00f4nes non blanchis Gizeh avec filtre 24 x 3 pi\u00e8ces. - Tabakversand.ch | Alles aus der Welt des Tabaks\" \/>\n<meta property=\"og:description\" content=\"C\u00f4nes Gizeh non blanchis avec filtre, paquet de 24 x 3 pi\u00e8ces | Large choix de produits du tabac, cigarettes \u00e9lectroniques et accessoires pour fumeurs dans toute la Suisse | Cartes accept\u00e9es !\" \/>\n<meta property=\"og:url\" content=\"https:\/\/www.tabakversand.ch\/produit\/gizeh-unbleached-cones-24-x-3-stk\/\" \/>\n<meta property=\"og:site_name\" content=\"Tabakversand.ch | Alles aus der Welt des Tabaks\" \/>\n<meta property=\"article:modified_time\" content=\"2025-12-03T12:01:39+00:00\" \/>\n<meta property=\"og:image\" content=\"https:\/\/www.tabakversand.ch\/wp-content\/uploads\/2025\/12\/gizeh-unbleached-cones-4238.jpg\" \/>\n\t<meta property=\"og:image:width\" content=\"500\" \/>\n\t<meta property=\"og:image:height\" content=\"500\" \/>\n\t<meta property=\"og:image:type\" content=\"image\/jpeg\" \/>\n<meta name=\"twitter:card\" content=\"summary_large_image\" \/>\n<meta name=\"twitter:label1\" content=\"Dur\u00e9e de lecture estim\u00e9e\" \/>\n\t<meta name=\"twitter:data1\" content=\"2 minutes\" \/>\n<script type=\"application\/ld+json\" class=\"yoast-schema-graph\">{\"@context\":\"https:\/\/schema.org\",\"@graph\":[{\"@type\":\"WebPage\",\"@id\":\"https:\/\/www.tabakversand.ch\/produit\/gizeh-unbleached-cones-24-x-3-stk\/\",\"url\":\"https:\/\/www.tabakversand.ch\/produit\/gizeh-unbleached-cones-24-x-3-stk\/\",\"name\":\"C\u00f4nes non blanchis Gizeh avec filtre 24 x 3 pi\u00e8ces. - Tabakversand.ch | Alles aus der Welt des Tabaks\",\"isPartOf\":{\"@id\":\"https:\/\/www.tabakversand.ch\/#website\"},\"primaryImageOfPage\":{\"@id\":\"https:\/\/www.tabakversand.ch\/produit\/gizeh-unbleached-cones-24-x-3-stk\/#primaryimage\"},\"image\":{\"@id\":\"https:\/\/www.tabakversand.ch\/produit\/gizeh-unbleached-cones-24-x-3-stk\/#primaryimage\"},\"thumbnailUrl\":\"https:\/\/www.tabakversand.ch\/wp-content\/uploads\/2025\/12\/gizeh-unbleached-cones-4238.jpg\",\"datePublished\":\"2025-12-03T11:45:00+00:00\",\"dateModified\":\"2025-12-03T12:01:39+00:00\",\"description\":\"C\u00f4nes Gizeh non blanchis avec filtre, paquet de 24 x 3 pi\u00e8ces | Large choix de produits du tabac, cigarettes \u00e9lectroniques et accessoires pour fumeurs dans toute la Suisse | Cartes accept\u00e9es !\",\"breadcrumb\":{\"@id\":\"https:\/\/www.tabakversand.ch\/produit\/gizeh-unbleached-cones-24-x-3-stk\/#breadcrumb\"},\"inLanguage\":\"fr-FR\",\"potentialAction\":[{\"@type\":\"ReadAction\",\"target\":[\"https:\/\/www.tabakversand.ch\/produit\/gizeh-unbleached-cones-24-x-3-stk\/\"]}]},{\"@type\":\"ImageObject\",\"inLanguage\":\"fr-FR\",\"@id\":\"https:\/\/www.tabakversand.ch\/produit\/gizeh-unbleached-cones-24-x-3-stk\/#primaryimage\",\"url\":\"https:\/\/www.tabakversand.ch\/wp-content\/uploads\/2025\/12\/gizeh-unbleached-cones-4238.jpg\",\"contentUrl\":\"https:\/\/www.tabakversand.ch\/wp-content\/uploads\/2025\/12\/gizeh-unbleached-cones-4238.jpg\",\"width\":500,\"height\":500,\"caption\":\"C\u00f4nes non blanchis Gizeh 24 x 3 pi\u00e8ces. | tabakversand.ch\"},{\"@type\":\"BreadcrumbList\",\"@id\":\"https:\/\/www.tabakversand.ch\/produit\/gizeh-unbleached-cones-24-x-3-stk\/#breadcrumb\",\"itemListElement\":[{\"@type\":\"ListItem\",\"position\":1,\"name\":\"Startseite\",\"item\":\"https:\/\/www.tabakversand.ch\/\"},{\"@type\":\"ListItem\",\"position\":2,\"name\":\"Boutique\",\"item\":\"https:\/\/www.tabakversand.ch\/fr\/boutique\/\"},{\"@type\":\"ListItem\",\"position\":3,\"name\":\"C\u00f4nes non blanchis Gizeh avec filtre 24 x 3 pi\u00e8ces.\"}]},{\"@type\":\"WebSite\",\"@id\":\"https:\/\/www.tabakversand.ch\/#website\",\"url\":\"https:\/\/www.tabakversand.ch\/\",\"name\":\"Tabakversand.ch | Alles aus der Welt des Tabaks\",\"description\":\"Smoke and carpe diem\",\"potentialAction\":[{\"@type\":\"SearchAction\",\"target\":{\"@type\":\"EntryPoint\",\"urlTemplate\":\"https:\/\/www.tabakversand.ch\/?s={search_term_string}\"},\"query-input\":{\"@type\":\"PropertyValueSpecification\",\"valueRequired\":true,\"valueName\":\"search_term_string\"}}],\"inLanguage\":\"fr-FR\"}]}<\/script>\n<!-- \/ Yoast SEO plugin. -->","yoast_head_json":{"title":"C\u00f4nes non blanchis Gizeh avec filtre 24 x 3 pi\u00e8ces. - Tabakversand.ch | Alles aus der Welt des Tabaks","description":"C\u00f4nes Gizeh non blanchis avec filtre, paquet de 24 x 3 pi\u00e8ces | Large choix de produits du tabac, cigarettes \u00e9lectroniques et accessoires pour fumeurs dans toute la Suisse | Cartes accept\u00e9es !","robots":{"index":"index","follow":"follow","max-snippet":"max-snippet:-1","max-image-preview":"max-image-preview:large","max-video-preview":"max-video-preview:-1"},"canonical":"https:\/\/www.tabakversand.ch\/produit\/gizeh-unbleached-cones-24-x-3-stk\/","og_locale":"fr_FR","og_type":"article","og_title":"C\u00f4nes non blanchis Gizeh avec filtre 24 x 3 pi\u00e8ces. - Tabakversand.ch | Alles aus der Welt des Tabaks","og_description":"C\u00f4nes Gizeh non blanchis avec filtre, paquet de 24 x 3 pi\u00e8ces | Large choix de produits du tabac, cigarettes \u00e9lectroniques et accessoires pour fumeurs dans toute la Suisse | Cartes accept\u00e9es !","og_url":"https:\/\/www.tabakversand.ch\/produit\/gizeh-unbleached-cones-24-x-3-stk\/","og_site_name":"Tabakversand.ch | Alles aus der Welt des Tabaks","article_modified_time":"2025-12-03T12:01:39+00:00","og_image":[{"width":500,"height":500,"url":"https:\/\/www.tabakversand.ch\/wp-content\/uploads\/2025\/12\/gizeh-unbleached-cones-4238.jpg","type":"image\/jpeg"}],"twitter_card":"summary_large_image","twitter_misc":{"Dur\u00e9e de lecture estim\u00e9e":"2 minutes"},"schema":{"@context":"https:\/\/schema.org","@graph":[{"@type":"WebPage","@id":"https:\/\/www.tabakversand.ch\/produit\/gizeh-unbleached-cones-24-x-3-stk\/","url":"https:\/\/www.tabakversand.ch\/produit\/gizeh-unbleached-cones-24-x-3-stk\/","name":"C\u00f4nes non blanchis Gizeh avec filtre 24 x 3 pi\u00e8ces. - Tabakversand.ch | Alles aus der Welt des Tabaks","isPartOf":{"@id":"https:\/\/www.tabakversand.ch\/#website"},"primaryImageOfPage":{"@id":"https:\/\/www.tabakversand.ch\/produit\/gizeh-unbleached-cones-24-x-3-stk\/#primaryimage"},"image":{"@id":"https:\/\/www.tabakversand.ch\/produit\/gizeh-unbleached-cones-24-x-3-stk\/#primaryimage"},"thumbnailUrl":"https:\/\/www.tabakversand.ch\/wp-content\/uploads\/2025\/12\/gizeh-unbleached-cones-4238.jpg","datePublished":"2025-12-03T11:45:00+00:00","dateModified":"2025-12-03T12:01:39+00:00","description":"C\u00f4nes Gizeh non blanchis avec filtre, paquet de 24 x 3 pi\u00e8ces | Large choix de produits du tabac, cigarettes \u00e9lectroniques et accessoires pour fumeurs dans toute la Suisse | Cartes accept\u00e9es !","breadcrumb":{"@id":"https:\/\/www.tabakversand.ch\/produit\/gizeh-unbleached-cones-24-x-3-stk\/#breadcrumb"},"inLanguage":"fr-FR","potentialAction":[{"@type":"ReadAction","target":["https:\/\/www.tabakversand.ch\/produit\/gizeh-unbleached-cones-24-x-3-stk\/"]}]},{"@type":"ImageObject","inLanguage":"fr-FR","@id":"https:\/\/www.tabakversand.ch\/produit\/gizeh-unbleached-cones-24-x-3-stk\/#primaryimage","url":"https:\/\/www.tabakversand.ch\/wp-content\/uploads\/2025\/12\/gizeh-unbleached-cones-4238.jpg","contentUrl":"https:\/\/www.tabakversand.ch\/wp-content\/uploads\/2025\/12\/gizeh-unbleached-cones-4238.jpg","width":500,"height":500,"caption":"C\u00f4nes non blanchis Gizeh 24 x 3 pi\u00e8ces. | tabakversand.ch"},{"@type":"BreadcrumbList","@id":"https:\/\/www.tabakversand.ch\/produit\/gizeh-unbleached-cones-24-x-3-stk\/#breadcrumb","itemListElement":[{"@type":"ListItem","position":1,"name":"Startseite","item":"https:\/\/www.tabakversand.ch\/"},{"@type":"ListItem","position":2,"name":"Boutique","item":"https:\/\/www.tabakversand.ch\/fr\/boutique\/"},{"@type":"ListItem","position":3,"name":"C\u00f4nes non blanchis Gizeh avec filtre 24 x 3 pi\u00e8ces."}]},{"@type":"WebSite","@id":"https:\/\/www.tabakversand.ch\/#website","url":"https:\/\/www.tabakversand.ch\/","name":"Tabakversand.ch | Alles aus der Welt des Tabaks","description":"Smoke and carpe diem","potentialAction":[{"@type":"SearchAction","target":{"@type":"EntryPoint","urlTemplate":"https:\/\/www.tabakversand.ch\/?s={search_term_string}"},"query-input":{"@type":"PropertyValueSpecification","valueRequired":true,"valueName":"search_term_string"}}],"inLanguage":"fr-FR"}]}},"_links":{"self":[{"href":"https:\/\/www.tabakversand.ch\/fr\/wp-json\/wp\/v2\/product\/206772","targetHints":{"allow":["GET"]}}],"collection":[{"href":"https:\/\/www.tabakversand.ch\/fr\/wp-json\/wp\/v2\/product"}],"about":[{"href":"https:\/\/www.tabakversand.ch\/fr\/wp-json\/wp\/v2\/types\/product"}],"version-history":[{"count":4,"href":"https:\/\/www.tabakversand.ch\/fr\/wp-json\/wp\/v2\/product\/206772\/revisions"}],"predecessor-version":[{"id":206797,"href":"https:\/\/www.tabakversand.ch\/fr\/wp-json\/wp\/v2\/product\/206772\/revisions\/206797"}],"wp:featuredmedia":[{"embeddable":true,"href":"https:\/\/www.tabakversand.ch\/fr\/wp-json\/wp\/v2\/media\/206776"}],"wp:attachment":[{"href":"https:\/\/www.tabakversand.ch\/fr\/wp-json\/wp\/v2\/media?parent=206772"}],"wp:term":[{"taxonomy":"product_brand","embeddable":true,"href":"https:\/\/www.tabakversand.ch\/fr\/wp-json\/wp\/v2\/product_brand?post=206772"},{"taxonomy":"product_cat","embeddable":true,"href":"https:\/\/www.tabakversand.ch\/fr\/wp-json\/wp\/v2\/product_cat?post=206772"},{"taxonomy":"product_tag","embeddable":true,"href":"https:\/\/www.tabakversand.ch\/fr\/wp-json\/wp\/v2\/product_tag?post=206772"}],"curies":[{"name":"wp","href":"https:\/\/api.w.org\/{rel}","templated":true}]}}