{"id":206823,"date":"2025-12-03T13:14:13","date_gmt":"2025-12-03T12:14:13","guid":{"rendered":"https:\/\/www.tabakversand.ch\/?post_type=product&#038;p=206823"},"modified":"2026-01-22T08:47:21","modified_gmt":"2026-01-22T07:47:21","slug":"gizeh-non-blanchi-ks-slim-50-x-34-pieces","status":"publish","type":"product","link":"https:\/\/www.tabakversand.ch\/fr\/produit\/gizeh-non-blanchi-ks-slim-50-x-34-pieces\/","title":{"rendered":"Gizeh Non blanchi KS Slim 50 x 34 pi\u00e8ces."},"content":{"rendered":"<p>Gizeh Non blanchi KS Slim 50 x 34 pi\u00e8ces.<\/p>\n<p>GIZEH Unbleached allie esth\u00e9tique naturelle et fonctionnalit\u00e9 maximale. Le papier non blanchi br\u00fble lentement et uniform\u00e9ment, id\u00e9al pour ceux qui recherchent l&rsquo;authenticit\u00e9 et le purisme. Le grammage de 14 g\/m\u00b2 assure une exp\u00e9rience de fumage agr\u00e9able, tandis que le carnet non trait\u00e9 offre une texture agr\u00e9ablement rugueuse au toucher.<\/p>\n<p>Faits<\/p>\n<ul>\n<li>34 feuilles<\/li>\n<li>Non blanchi et naturel<\/li>\n<li>papier \u00e0 combustion lente et uniforme<\/li>\n<\/ul>\n<table width=\"1056\">\n<tbody>\n<tr>\n<td width=\"179\">Version papier :<\/td>\n<td width=\"877\">Non blanchi<\/td>\n<\/tr>\n<tr>\n<td width=\"179\">Emballages en papier :<\/td>\n<td width=\"877\">King Size Slim<\/td>\n<\/tr>\n<\/tbody>\n<\/table>\n<p>Tous les prix s&rsquo;appliquent uniquement aux commandes en ligne et incluent la TVA. Sous r\u00e9serve de modifications sans pr\u00e9avis, frais de livraison en sus. Sous r\u00e9serve d&rsquo;erreurs, de modifications de contenu de livraison et de conception, de fautes d&rsquo;impression et de modifications de prix. Les prix barr\u00e9s sont des prix de remplacement. Les illustrations peuvent diff\u00e9rer de l&rsquo;original\/du contenu de livraison.     <\/p>\n<p>*Livraison gratuite pour les commandes sup\u00e9rieures \u00e0 CHF 250.-.<\/p>\n","protected":false},"excerpt":{"rendered":"<p>Gizeh Non blanchi KS Slim 50 x 34 pi\u00e8ces. GIZEH Unbleached allie esth\u00e9tique naturelle et fonctionnalit\u00e9 maximale. Le papier non blanchi br\u00fble lentement et uniform\u00e9ment, id\u00e9al pour ceux qui recherchent l&rsquo;authenticit\u00e9 et le purisme. Le grammage de 14 g\/m\u00b2 assure une exp\u00e9rience de fumage agr\u00e9able, tandis que le carnet non trait\u00e9 offre une texture agr\u00e9ablement [&hellip;]<\/p>\n","protected":false},"featured_media":206827,"template":"","meta":[],"product_brand":[1564],"product_cat":[3263,1961,1995,5194,2015,3227],"product_tag":[],"class_list":{"0":"post-206823","1":"product","2":"type-product","3":"status-publish","4":"has-post-thumbnail","6":"product_brand-gizeh","7":"product_cat-article-long","8":"product_cat-cigarettes-self-made-fr-2","9":"product_cat-divers-headshop","10":"product_cat-longpaper","11":"product_cat-papier-a-rouler","12":"product_cat-papier-long-et-rouleaux","14":"first","15":"onbackorder","16":"purchasable","17":"product-type-simple"},"yoast_head":"<!-- This site is optimized with the Yoast SEO plugin v27.5 - https:\/\/yoast.com\/product\/yoast-seo-wordpress\/ -->\n<title>Gizeh Non blanchi KS Slim 50 x 34 pi\u00e8ces. - Tabakversand.ch | Alles aus der Welt des Tabaks<\/title>\n<meta name=\"description\" content=\"Gizeh Unbleached KS Slim 50 x 34 pi\u00e8ces | Un large choix de produits du tabac, de cigarettes \u00e9lectroniques et d&#039;accessoires pour fumeurs dans toute la Suisse | Cartes accept\u00e9es !\" \/>\n<meta name=\"robots\" content=\"index, follow, max-snippet:-1, max-image-preview:large, max-video-preview:-1\" \/>\n<link rel=\"canonical\" href=\"https:\/\/www.tabakversand.ch\/produit\/gizeh-unbleached-ks-slim-50-x-34-stk\/\" \/>\n<meta property=\"og:locale\" content=\"fr_FR\" \/>\n<meta property=\"og:type\" content=\"article\" \/>\n<meta property=\"og:title\" content=\"Gizeh Non blanchi KS Slim 50 x 34 pi\u00e8ces. - Tabakversand.ch | Alles aus der Welt des Tabaks\" \/>\n<meta property=\"og:description\" content=\"Gizeh Unbleached KS Slim 50 x 34 pi\u00e8ces | Un large choix de produits du tabac, de cigarettes \u00e9lectroniques et d&#039;accessoires pour fumeurs dans toute la Suisse | Cartes accept\u00e9es !\" \/>\n<meta property=\"og:url\" content=\"https:\/\/www.tabakversand.ch\/produit\/gizeh-unbleached-ks-slim-50-x-34-stk\/\" \/>\n<meta property=\"og:site_name\" content=\"Tabakversand.ch | Alles aus der Welt des Tabaks\" \/>\n<meta property=\"article:modified_time\" content=\"2026-01-22T07:47:21+00:00\" \/>\n<meta property=\"og:image\" content=\"https:\/\/www.tabakversand.ch\/wp-content\/uploads\/2025\/12\/gizeh-unbleached-ks-slim-4030.jpg\" \/>\n\t<meta property=\"og:image:width\" content=\"500\" \/>\n\t<meta property=\"og:image:height\" content=\"500\" \/>\n\t<meta property=\"og:image:type\" content=\"image\/jpeg\" \/>\n<meta name=\"twitter:card\" content=\"summary_large_image\" \/>\n<meta name=\"twitter:label1\" content=\"Dur\u00e9e de lecture estim\u00e9e\" \/>\n\t<meta name=\"twitter:data1\" content=\"2 minutes\" \/>\n<script type=\"application\/ld+json\" class=\"yoast-schema-graph\">{\"@context\":\"https:\\\/\\\/schema.org\",\"@graph\":[{\"@type\":\"WebPage\",\"@id\":\"https:\\\/\\\/www.tabakversand.ch\\\/produit\\\/gizeh-unbleached-ks-slim-50-x-34-stk\\\/\",\"url\":\"https:\\\/\\\/www.tabakversand.ch\\\/produit\\\/gizeh-unbleached-ks-slim-50-x-34-stk\\\/\",\"name\":\"Gizeh Non blanchi KS Slim 50 x 34 pi\u00e8ces. - Tabakversand.ch | Alles aus der Welt des Tabaks\",\"isPartOf\":{\"@id\":\"https:\\\/\\\/www.tabakversand.ch\\\/#website\"},\"primaryImageOfPage\":{\"@id\":\"https:\\\/\\\/www.tabakversand.ch\\\/produit\\\/gizeh-unbleached-ks-slim-50-x-34-stk\\\/#primaryimage\"},\"image\":{\"@id\":\"https:\\\/\\\/www.tabakversand.ch\\\/produit\\\/gizeh-unbleached-ks-slim-50-x-34-stk\\\/#primaryimage\"},\"thumbnailUrl\":\"https:\\\/\\\/www.tabakversand.ch\\\/wp-content\\\/uploads\\\/2025\\\/12\\\/gizeh-unbleached-ks-slim-4030.jpg\",\"datePublished\":\"2025-12-03T12:14:13+00:00\",\"dateModified\":\"2026-01-22T07:47:21+00:00\",\"description\":\"Gizeh Unbleached KS Slim 50 x 34 pi\u00e8ces | Un large choix de produits du tabac, de cigarettes \u00e9lectroniques et d'accessoires pour fumeurs dans toute la Suisse | Cartes accept\u00e9es !\",\"breadcrumb\":{\"@id\":\"https:\\\/\\\/www.tabakversand.ch\\\/produit\\\/gizeh-unbleached-ks-slim-50-x-34-stk\\\/#breadcrumb\"},\"inLanguage\":\"fr-FR\",\"potentialAction\":[{\"@type\":\"ReadAction\",\"target\":[\"https:\\\/\\\/www.tabakversand.ch\\\/produit\\\/gizeh-unbleached-ks-slim-50-x-34-stk\\\/\"]}]},{\"@type\":\"ImageObject\",\"inLanguage\":\"fr-FR\",\"@id\":\"https:\\\/\\\/www.tabakversand.ch\\\/produit\\\/gizeh-unbleached-ks-slim-50-x-34-stk\\\/#primaryimage\",\"url\":\"https:\\\/\\\/www.tabakversand.ch\\\/wp-content\\\/uploads\\\/2025\\\/12\\\/gizeh-unbleached-ks-slim-4030.jpg\",\"contentUrl\":\"https:\\\/\\\/www.tabakversand.ch\\\/wp-content\\\/uploads\\\/2025\\\/12\\\/gizeh-unbleached-ks-slim-4030.jpg\",\"width\":500,\"height\":500,\"caption\":\"Gizeh Non blanchi KS Slim 50 x 34 pi\u00e8ces. | tabakversand.ch\"},{\"@type\":\"BreadcrumbList\",\"@id\":\"https:\\\/\\\/www.tabakversand.ch\\\/produit\\\/gizeh-unbleached-ks-slim-50-x-34-stk\\\/#breadcrumb\",\"itemListElement\":[{\"@type\":\"ListItem\",\"position\":1,\"name\":\"Startseite\",\"item\":\"https:\\\/\\\/www.tabakversand.ch\\\/\"},{\"@type\":\"ListItem\",\"position\":2,\"name\":\"Boutique\",\"item\":\"https:\\\/\\\/www.tabakversand.ch\\\/fr\\\/boutique\\\/\"},{\"@type\":\"ListItem\",\"position\":3,\"name\":\"Gizeh Non blanchi KS Slim 50 x 34 pi\u00e8ces.\"}]},{\"@type\":\"WebSite\",\"@id\":\"https:\\\/\\\/www.tabakversand.ch\\\/#website\",\"url\":\"https:\\\/\\\/www.tabakversand.ch\\\/\",\"name\":\"Tabakversand.ch | Alles aus der Welt des Tabaks\",\"description\":\"Smoke and carpe diem\",\"potentialAction\":[{\"@type\":\"SearchAction\",\"target\":{\"@type\":\"EntryPoint\",\"urlTemplate\":\"https:\\\/\\\/www.tabakversand.ch\\\/?s={search_term_string}\"},\"query-input\":{\"@type\":\"PropertyValueSpecification\",\"valueRequired\":true,\"valueName\":\"search_term_string\"}}],\"inLanguage\":\"fr-FR\"}]}<\/script>\n<!-- \/ Yoast SEO plugin. -->","yoast_head_json":{"title":"Gizeh Non blanchi KS Slim 50 x 34 pi\u00e8ces. - Tabakversand.ch | Alles aus der Welt des Tabaks","description":"Gizeh Unbleached KS Slim 50 x 34 pi\u00e8ces | Un large choix de produits du tabac, de cigarettes \u00e9lectroniques et d'accessoires pour fumeurs dans toute la Suisse | Cartes accept\u00e9es !","robots":{"index":"index","follow":"follow","max-snippet":"max-snippet:-1","max-image-preview":"max-image-preview:large","max-video-preview":"max-video-preview:-1"},"canonical":"https:\/\/www.tabakversand.ch\/produit\/gizeh-unbleached-ks-slim-50-x-34-stk\/","og_locale":"fr_FR","og_type":"article","og_title":"Gizeh Non blanchi KS Slim 50 x 34 pi\u00e8ces. - Tabakversand.ch | Alles aus der Welt des Tabaks","og_description":"Gizeh Unbleached KS Slim 50 x 34 pi\u00e8ces | Un large choix de produits du tabac, de cigarettes \u00e9lectroniques et d'accessoires pour fumeurs dans toute la Suisse | Cartes accept\u00e9es !","og_url":"https:\/\/www.tabakversand.ch\/produit\/gizeh-unbleached-ks-slim-50-x-34-stk\/","og_site_name":"Tabakversand.ch | Alles aus der Welt des Tabaks","article_modified_time":"2026-01-22T07:47:21+00:00","og_image":[{"width":500,"height":500,"url":"https:\/\/www.tabakversand.ch\/wp-content\/uploads\/2025\/12\/gizeh-unbleached-ks-slim-4030.jpg","type":"image\/jpeg"}],"twitter_card":"summary_large_image","twitter_misc":{"Dur\u00e9e de lecture estim\u00e9e":"2 minutes"},"schema":{"@context":"https:\/\/schema.org","@graph":[{"@type":"WebPage","@id":"https:\/\/www.tabakversand.ch\/produit\/gizeh-unbleached-ks-slim-50-x-34-stk\/","url":"https:\/\/www.tabakversand.ch\/produit\/gizeh-unbleached-ks-slim-50-x-34-stk\/","name":"Gizeh Non blanchi KS Slim 50 x 34 pi\u00e8ces. - Tabakversand.ch | Alles aus der Welt des Tabaks","isPartOf":{"@id":"https:\/\/www.tabakversand.ch\/#website"},"primaryImageOfPage":{"@id":"https:\/\/www.tabakversand.ch\/produit\/gizeh-unbleached-ks-slim-50-x-34-stk\/#primaryimage"},"image":{"@id":"https:\/\/www.tabakversand.ch\/produit\/gizeh-unbleached-ks-slim-50-x-34-stk\/#primaryimage"},"thumbnailUrl":"https:\/\/www.tabakversand.ch\/wp-content\/uploads\/2025\/12\/gizeh-unbleached-ks-slim-4030.jpg","datePublished":"2025-12-03T12:14:13+00:00","dateModified":"2026-01-22T07:47:21+00:00","description":"Gizeh Unbleached KS Slim 50 x 34 pi\u00e8ces | Un large choix de produits du tabac, de cigarettes \u00e9lectroniques et d'accessoires pour fumeurs dans toute la Suisse | Cartes accept\u00e9es !","breadcrumb":{"@id":"https:\/\/www.tabakversand.ch\/produit\/gizeh-unbleached-ks-slim-50-x-34-stk\/#breadcrumb"},"inLanguage":"fr-FR","potentialAction":[{"@type":"ReadAction","target":["https:\/\/www.tabakversand.ch\/produit\/gizeh-unbleached-ks-slim-50-x-34-stk\/"]}]},{"@type":"ImageObject","inLanguage":"fr-FR","@id":"https:\/\/www.tabakversand.ch\/produit\/gizeh-unbleached-ks-slim-50-x-34-stk\/#primaryimage","url":"https:\/\/www.tabakversand.ch\/wp-content\/uploads\/2025\/12\/gizeh-unbleached-ks-slim-4030.jpg","contentUrl":"https:\/\/www.tabakversand.ch\/wp-content\/uploads\/2025\/12\/gizeh-unbleached-ks-slim-4030.jpg","width":500,"height":500,"caption":"Gizeh Non blanchi KS Slim 50 x 34 pi\u00e8ces. | tabakversand.ch"},{"@type":"BreadcrumbList","@id":"https:\/\/www.tabakversand.ch\/produit\/gizeh-unbleached-ks-slim-50-x-34-stk\/#breadcrumb","itemListElement":[{"@type":"ListItem","position":1,"name":"Startseite","item":"https:\/\/www.tabakversand.ch\/"},{"@type":"ListItem","position":2,"name":"Boutique","item":"https:\/\/www.tabakversand.ch\/fr\/boutique\/"},{"@type":"ListItem","position":3,"name":"Gizeh Non blanchi KS Slim 50 x 34 pi\u00e8ces."}]},{"@type":"WebSite","@id":"https:\/\/www.tabakversand.ch\/#website","url":"https:\/\/www.tabakversand.ch\/","name":"Tabakversand.ch | Alles aus der Welt des Tabaks","description":"Smoke and carpe diem","potentialAction":[{"@type":"SearchAction","target":{"@type":"EntryPoint","urlTemplate":"https:\/\/www.tabakversand.ch\/?s={search_term_string}"},"query-input":{"@type":"PropertyValueSpecification","valueRequired":true,"valueName":"search_term_string"}}],"inLanguage":"fr-FR"}]}},"_links":{"self":[{"href":"https:\/\/www.tabakversand.ch\/fr\/wp-json\/wp\/v2\/product\/206823","targetHints":{"allow":["GET"]}}],"collection":[{"href":"https:\/\/www.tabakversand.ch\/fr\/wp-json\/wp\/v2\/product"}],"about":[{"href":"https:\/\/www.tabakversand.ch\/fr\/wp-json\/wp\/v2\/types\/product"}],"version-history":[{"count":4,"href":"https:\/\/www.tabakversand.ch\/fr\/wp-json\/wp\/v2\/product\/206823\/revisions"}],"predecessor-version":[{"id":209682,"href":"https:\/\/www.tabakversand.ch\/fr\/wp-json\/wp\/v2\/product\/206823\/revisions\/209682"}],"wp:featuredmedia":[{"embeddable":true,"href":"https:\/\/www.tabakversand.ch\/fr\/wp-json\/wp\/v2\/media\/206827"}],"wp:attachment":[{"href":"https:\/\/www.tabakversand.ch\/fr\/wp-json\/wp\/v2\/media?parent=206823"}],"wp:term":[{"taxonomy":"product_brand","embeddable":true,"href":"https:\/\/www.tabakversand.ch\/fr\/wp-json\/wp\/v2\/product_brand?post=206823"},{"taxonomy":"product_cat","embeddable":true,"href":"https:\/\/www.tabakversand.ch\/fr\/wp-json\/wp\/v2\/product_cat?post=206823"},{"taxonomy":"product_tag","embeddable":true,"href":"https:\/\/www.tabakversand.ch\/fr\/wp-json\/wp\/v2\/product_tag?post=206823"}],"curies":[{"name":"wp","href":"https:\/\/api.w.org\/{rel}","templated":true}]}}