{"id":206886,"date":"2025-12-03T16:44:07","date_gmt":"2025-12-03T15:44:07","guid":{"rendered":"https:\/\/www.tabakversand.ch\/?post_type=product&#038;p=206886"},"modified":"2026-01-22T08:47:53","modified_gmt":"2026-01-22T07:47:53","slug":"elements-ks-slim-conseils-connaisseur-24-x-32-pieces","status":"publish","type":"product","link":"https:\/\/www.tabakversand.ch\/fr\/produit\/elements-ks-slim-conseils-connaisseur-24-x-32-pieces\/","title":{"rendered":"\u00c9l\u00e9ments KS Slim + Conseils Connaisseur 24 x 32 pi\u00e8ces."},"content":{"rendered":"<p>\u00c9l\u00e9ments KS Slim + Conseils Connaisseur 24 x 32 pi\u00e8ces.<\/p>\n<p>Le papier de riz pur, comme celui d&rsquo;Elements Papers, ne contient ni produits chimiques, ni p\u00e2te de bois ou de chanvre. Au cours des dix derni\u00e8res ann\u00e9es, l&rsquo;\u00e9quipe d&rsquo;Elements Papers a constat\u00e9 l&rsquo;arriv\u00e9e de nombreuses entreprises sur le march\u00e9 du papier de chanvre, et que la plupart des nouvelles marques misent davantage sur un marketing efficace et des noms accrocheurs que sur la qualit\u00e9 du produit lui-m\u00eame. <\/p>\n<p>Propri\u00e9t\u00e9s:<\/p>\n<ul>\n<li>Mati\u00e8re : Riz<\/li>\n<li>Longueur : 110 mm<\/li>\n<li>Largeur: 44 mm<\/li>\n<li>Livraison : paquet de 24<\/li>\n<\/ul>\n<table width=\"1056\">\n<tbody>\n<tr>\n<td width=\"151\">Type de filtre&nbsp;:<\/td>\n<td width=\"905\">Filtres en papier<\/td>\n<\/tr>\n<tr>\n<td width=\"151\">Version papier :<\/td>\n<td width=\"905\">papier de riz<\/td>\n<\/tr>\n<tr>\n<td width=\"151\">Emballages en papier :<\/td>\n<td width=\"905\">King Size Slim<\/td>\n<\/tr>\n<\/tbody>\n<\/table>\n<p>Tous les prix s&rsquo;appliquent uniquement aux commandes en ligne et incluent la TVA. Sous r\u00e9serve de modifications sans pr\u00e9avis, frais de livraison en sus. Sous r\u00e9serve d&rsquo;erreurs, de modifications de contenu de livraison et de conception, de fautes d&rsquo;impression et de modifications de prix. Les prix barr\u00e9s sont des prix de remplacement. Les illustrations peuvent diff\u00e9rer de l&rsquo;original\/du contenu de livraison.     <\/p>\n<p>*Livraison gratuite pour les commandes sup\u00e9rieures \u00e0 CHF 250.-.<\/p>\n","protected":false},"excerpt":{"rendered":"<p>\u00c9l\u00e9ments KS Slim + Conseils Connaisseur 24 x 32 pi\u00e8ces. Le papier de riz pur, comme celui d&rsquo;Elements Papers, ne contient ni produits chimiques, ni p\u00e2te de bois ou de chanvre. Au cours des dix derni\u00e8res ann\u00e9es, l&rsquo;\u00e9quipe d&rsquo;Elements Papers a constat\u00e9 l&rsquo;arriv\u00e9e de nombreuses entreprises sur le march\u00e9 du papier de chanvre, et que [&hellip;]<\/p>\n","protected":false},"featured_media":206890,"template":"","meta":[],"product_brand":[],"product_cat":[3263,1961,5184,1995,3231,2014,5194,2015,3227],"product_tag":[],"class_list":{"0":"post-206886","1":"product","2":"type-product","3":"status-publish","4":"has-post-thumbnail","6":"product_cat-article-long","7":"product_cat-cigarettes-self-made-fr-2","8":"product_cat-conseils-de-filtre","9":"product_cat-divers-headshop","10":"product_cat-filtre","11":"product_cat-filtres-a-cigarettes","12":"product_cat-longpaper","13":"product_cat-papier-a-rouler","14":"product_cat-papier-long-et-rouleaux","16":"first","17":"onbackorder","18":"purchasable","19":"product-type-simple"},"yoast_head":"<!-- This site is optimized with the Yoast SEO plugin v27.5 - https:\/\/yoast.com\/product\/yoast-seo-wordpress\/ -->\n<title>\u00c9l\u00e9ments KS Slim + Conseils Connaisseur 24 x 32 pi\u00e8ces. - Tabakversand.ch | Alles aus der Welt des Tabaks<\/title>\n<meta name=\"description\" content=\"Elements KS Slim + Tips Connoisseur 24 x 32 pi\u00e8ces | Un large choix de produits du tabac, de cigarettes \u00e9lectroniques et d&#039;accessoires pour fumeurs dans toute la Suisse | Cartes accept\u00e9es !\" \/>\n<meta name=\"robots\" content=\"index, follow, max-snippet:-1, max-image-preview:large, max-video-preview:-1\" \/>\n<link rel=\"canonical\" href=\"https:\/\/www.tabakversand.ch\/fr\/produit\/elements-ks-slim-conseils-connaisseur-24-x-32-pieces\/\" \/>\n<meta property=\"og:locale\" content=\"fr_FR\" \/>\n<meta property=\"og:type\" content=\"article\" \/>\n<meta property=\"og:title\" content=\"\u00c9l\u00e9ments KS Slim + Conseils Connaisseur 24 x 32 pi\u00e8ces. - Tabakversand.ch | Alles aus der Welt des Tabaks\" \/>\n<meta property=\"og:description\" content=\"Elements KS Slim + Tips Connoisseur 24 x 32 pi\u00e8ces | Un large choix de produits du tabac, de cigarettes \u00e9lectroniques et d&#039;accessoires pour fumeurs dans toute la Suisse | Cartes accept\u00e9es !\" \/>\n<meta property=\"og:url\" content=\"https:\/\/www.tabakversand.ch\/fr\/produit\/elements-ks-slim-conseils-connaisseur-24-x-32-pieces\/\" \/>\n<meta property=\"og:site_name\" content=\"Tabakversand.ch | Alles aus der Welt des Tabaks\" \/>\n<meta property=\"article:modified_time\" content=\"2026-01-22T07:47:53+00:00\" \/>\n<meta property=\"og:image\" content=\"https:\/\/www.tabakversand.ch\/wp-content\/uploads\/2025\/12\/elements-ks-slimtips-connoiseur-15619.jpg\" \/>\n\t<meta property=\"og:image:width\" content=\"500\" \/>\n\t<meta property=\"og:image:height\" content=\"500\" \/>\n\t<meta property=\"og:image:type\" content=\"image\/jpeg\" \/>\n<meta name=\"twitter:card\" content=\"summary_large_image\" \/>\n<meta name=\"twitter:label1\" content=\"Dur\u00e9e de lecture estim\u00e9e\" \/>\n\t<meta name=\"twitter:data1\" content=\"2 minutes\" \/>\n<script type=\"application\/ld+json\" class=\"yoast-schema-graph\">{\"@context\":\"https:\\\/\\\/schema.org\",\"@graph\":[{\"@type\":\"WebPage\",\"@id\":\"https:\\\/\\\/www.tabakversand.ch\\\/fr\\\/produit\\\/elements-ks-slim-conseils-connaisseur-24-x-32-pieces\\\/\",\"url\":\"https:\\\/\\\/www.tabakversand.ch\\\/fr\\\/produit\\\/elements-ks-slim-conseils-connaisseur-24-x-32-pieces\\\/\",\"name\":\"\u00c9l\u00e9ments KS Slim + Conseils Connaisseur 24 x 32 pi\u00e8ces. - Tabakversand.ch | Alles aus der Welt des Tabaks\",\"isPartOf\":{\"@id\":\"https:\\\/\\\/www.tabakversand.ch\\\/#website\"},\"primaryImageOfPage\":{\"@id\":\"https:\\\/\\\/www.tabakversand.ch\\\/fr\\\/produit\\\/elements-ks-slim-conseils-connaisseur-24-x-32-pieces\\\/#primaryimage\"},\"image\":{\"@id\":\"https:\\\/\\\/www.tabakversand.ch\\\/fr\\\/produit\\\/elements-ks-slim-conseils-connaisseur-24-x-32-pieces\\\/#primaryimage\"},\"thumbnailUrl\":\"https:\\\/\\\/www.tabakversand.ch\\\/wp-content\\\/uploads\\\/2025\\\/12\\\/elements-ks-slimtips-connoiseur-15619.jpg\",\"datePublished\":\"2025-12-03T15:44:07+00:00\",\"dateModified\":\"2026-01-22T07:47:53+00:00\",\"description\":\"Elements KS Slim + Tips Connoisseur 24 x 32 pi\u00e8ces | Un large choix de produits du tabac, de cigarettes \u00e9lectroniques et d'accessoires pour fumeurs dans toute la Suisse | Cartes accept\u00e9es !\",\"breadcrumb\":{\"@id\":\"https:\\\/\\\/www.tabakversand.ch\\\/fr\\\/produit\\\/elements-ks-slim-conseils-connaisseur-24-x-32-pieces\\\/#breadcrumb\"},\"inLanguage\":\"fr-FR\",\"potentialAction\":[{\"@type\":\"ReadAction\",\"target\":[\"https:\\\/\\\/www.tabakversand.ch\\\/fr\\\/produit\\\/elements-ks-slim-conseils-connaisseur-24-x-32-pieces\\\/\"]}]},{\"@type\":\"ImageObject\",\"inLanguage\":\"fr-FR\",\"@id\":\"https:\\\/\\\/www.tabakversand.ch\\\/fr\\\/produit\\\/elements-ks-slim-conseils-connaisseur-24-x-32-pieces\\\/#primaryimage\",\"url\":\"https:\\\/\\\/www.tabakversand.ch\\\/wp-content\\\/uploads\\\/2025\\\/12\\\/elements-ks-slimtips-connoiseur-15619.jpg\",\"contentUrl\":\"https:\\\/\\\/www.tabakversand.ch\\\/wp-content\\\/uploads\\\/2025\\\/12\\\/elements-ks-slimtips-connoiseur-15619.jpg\",\"width\":500,\"height\":500,\"caption\":\"\u00c9l\u00e9ments KS Slim + Conseils Connaisseur 24 x 32 pi\u00e8ces. | tabakversand.ch\"},{\"@type\":\"BreadcrumbList\",\"@id\":\"https:\\\/\\\/www.tabakversand.ch\\\/fr\\\/produit\\\/elements-ks-slim-conseils-connaisseur-24-x-32-pieces\\\/#breadcrumb\",\"itemListElement\":[{\"@type\":\"ListItem\",\"position\":1,\"name\":\"Startseite\",\"item\":\"https:\\\/\\\/www.tabakversand.ch\\\/\"},{\"@type\":\"ListItem\",\"position\":2,\"name\":\"Boutique\",\"item\":\"https:\\\/\\\/www.tabakversand.ch\\\/fr\\\/boutique\\\/\"},{\"@type\":\"ListItem\",\"position\":3,\"name\":\"\u00c9l\u00e9ments KS Slim + Conseils Connaisseur 24 x 32 pi\u00e8ces.\"}]},{\"@type\":\"WebSite\",\"@id\":\"https:\\\/\\\/www.tabakversand.ch\\\/#website\",\"url\":\"https:\\\/\\\/www.tabakversand.ch\\\/\",\"name\":\"Tabakversand.ch | Alles aus der Welt des Tabaks\",\"description\":\"Smoke and carpe diem\",\"potentialAction\":[{\"@type\":\"SearchAction\",\"target\":{\"@type\":\"EntryPoint\",\"urlTemplate\":\"https:\\\/\\\/www.tabakversand.ch\\\/?s={search_term_string}\"},\"query-input\":{\"@type\":\"PropertyValueSpecification\",\"valueRequired\":true,\"valueName\":\"search_term_string\"}}],\"inLanguage\":\"fr-FR\"}]}<\/script>\n<!-- \/ Yoast SEO plugin. -->","yoast_head_json":{"title":"\u00c9l\u00e9ments KS Slim + Conseils Connaisseur 24 x 32 pi\u00e8ces. - Tabakversand.ch | Alles aus der Welt des Tabaks","description":"Elements KS Slim + Tips Connoisseur 24 x 32 pi\u00e8ces | Un large choix de produits du tabac, de cigarettes \u00e9lectroniques et d'accessoires pour fumeurs dans toute la Suisse | Cartes accept\u00e9es !","robots":{"index":"index","follow":"follow","max-snippet":"max-snippet:-1","max-image-preview":"max-image-preview:large","max-video-preview":"max-video-preview:-1"},"canonical":"https:\/\/www.tabakversand.ch\/fr\/produit\/elements-ks-slim-conseils-connaisseur-24-x-32-pieces\/","og_locale":"fr_FR","og_type":"article","og_title":"\u00c9l\u00e9ments KS Slim + Conseils Connaisseur 24 x 32 pi\u00e8ces. - Tabakversand.ch | Alles aus der Welt des Tabaks","og_description":"Elements KS Slim + Tips Connoisseur 24 x 32 pi\u00e8ces | Un large choix de produits du tabac, de cigarettes \u00e9lectroniques et d'accessoires pour fumeurs dans toute la Suisse | Cartes accept\u00e9es !","og_url":"https:\/\/www.tabakversand.ch\/fr\/produit\/elements-ks-slim-conseils-connaisseur-24-x-32-pieces\/","og_site_name":"Tabakversand.ch | Alles aus der Welt des Tabaks","article_modified_time":"2026-01-22T07:47:53+00:00","og_image":[{"width":500,"height":500,"url":"https:\/\/www.tabakversand.ch\/wp-content\/uploads\/2025\/12\/elements-ks-slimtips-connoiseur-15619.jpg","type":"image\/jpeg"}],"twitter_card":"summary_large_image","twitter_misc":{"Dur\u00e9e de lecture estim\u00e9e":"2 minutes"},"schema":{"@context":"https:\/\/schema.org","@graph":[{"@type":"WebPage","@id":"https:\/\/www.tabakversand.ch\/fr\/produit\/elements-ks-slim-conseils-connaisseur-24-x-32-pieces\/","url":"https:\/\/www.tabakversand.ch\/fr\/produit\/elements-ks-slim-conseils-connaisseur-24-x-32-pieces\/","name":"\u00c9l\u00e9ments KS Slim + Conseils Connaisseur 24 x 32 pi\u00e8ces. - Tabakversand.ch | Alles aus der Welt des Tabaks","isPartOf":{"@id":"https:\/\/www.tabakversand.ch\/#website"},"primaryImageOfPage":{"@id":"https:\/\/www.tabakversand.ch\/fr\/produit\/elements-ks-slim-conseils-connaisseur-24-x-32-pieces\/#primaryimage"},"image":{"@id":"https:\/\/www.tabakversand.ch\/fr\/produit\/elements-ks-slim-conseils-connaisseur-24-x-32-pieces\/#primaryimage"},"thumbnailUrl":"https:\/\/www.tabakversand.ch\/wp-content\/uploads\/2025\/12\/elements-ks-slimtips-connoiseur-15619.jpg","datePublished":"2025-12-03T15:44:07+00:00","dateModified":"2026-01-22T07:47:53+00:00","description":"Elements KS Slim + Tips Connoisseur 24 x 32 pi\u00e8ces | Un large choix de produits du tabac, de cigarettes \u00e9lectroniques et d'accessoires pour fumeurs dans toute la Suisse | Cartes accept\u00e9es !","breadcrumb":{"@id":"https:\/\/www.tabakversand.ch\/fr\/produit\/elements-ks-slim-conseils-connaisseur-24-x-32-pieces\/#breadcrumb"},"inLanguage":"fr-FR","potentialAction":[{"@type":"ReadAction","target":["https:\/\/www.tabakversand.ch\/fr\/produit\/elements-ks-slim-conseils-connaisseur-24-x-32-pieces\/"]}]},{"@type":"ImageObject","inLanguage":"fr-FR","@id":"https:\/\/www.tabakversand.ch\/fr\/produit\/elements-ks-slim-conseils-connaisseur-24-x-32-pieces\/#primaryimage","url":"https:\/\/www.tabakversand.ch\/wp-content\/uploads\/2025\/12\/elements-ks-slimtips-connoiseur-15619.jpg","contentUrl":"https:\/\/www.tabakversand.ch\/wp-content\/uploads\/2025\/12\/elements-ks-slimtips-connoiseur-15619.jpg","width":500,"height":500,"caption":"\u00c9l\u00e9ments KS Slim + Conseils Connaisseur 24 x 32 pi\u00e8ces. | tabakversand.ch"},{"@type":"BreadcrumbList","@id":"https:\/\/www.tabakversand.ch\/fr\/produit\/elements-ks-slim-conseils-connaisseur-24-x-32-pieces\/#breadcrumb","itemListElement":[{"@type":"ListItem","position":1,"name":"Startseite","item":"https:\/\/www.tabakversand.ch\/"},{"@type":"ListItem","position":2,"name":"Boutique","item":"https:\/\/www.tabakversand.ch\/fr\/boutique\/"},{"@type":"ListItem","position":3,"name":"\u00c9l\u00e9ments KS Slim + Conseils Connaisseur 24 x 32 pi\u00e8ces."}]},{"@type":"WebSite","@id":"https:\/\/www.tabakversand.ch\/#website","url":"https:\/\/www.tabakversand.ch\/","name":"Tabakversand.ch | Alles aus der Welt des Tabaks","description":"Smoke and carpe diem","potentialAction":[{"@type":"SearchAction","target":{"@type":"EntryPoint","urlTemplate":"https:\/\/www.tabakversand.ch\/?s={search_term_string}"},"query-input":{"@type":"PropertyValueSpecification","valueRequired":true,"valueName":"search_term_string"}}],"inLanguage":"fr-FR"}]}},"_links":{"self":[{"href":"https:\/\/www.tabakversand.ch\/fr\/wp-json\/wp\/v2\/product\/206886","targetHints":{"allow":["GET"]}}],"collection":[{"href":"https:\/\/www.tabakversand.ch\/fr\/wp-json\/wp\/v2\/product"}],"about":[{"href":"https:\/\/www.tabakversand.ch\/fr\/wp-json\/wp\/v2\/types\/product"}],"version-history":[{"count":4,"href":"https:\/\/www.tabakversand.ch\/fr\/wp-json\/wp\/v2\/product\/206886\/revisions"}],"predecessor-version":[{"id":209477,"href":"https:\/\/www.tabakversand.ch\/fr\/wp-json\/wp\/v2\/product\/206886\/revisions\/209477"}],"wp:featuredmedia":[{"embeddable":true,"href":"https:\/\/www.tabakversand.ch\/fr\/wp-json\/wp\/v2\/media\/206890"}],"wp:attachment":[{"href":"https:\/\/www.tabakversand.ch\/fr\/wp-json\/wp\/v2\/media?parent=206886"}],"wp:term":[{"taxonomy":"product_brand","embeddable":true,"href":"https:\/\/www.tabakversand.ch\/fr\/wp-json\/wp\/v2\/product_brand?post=206886"},{"taxonomy":"product_cat","embeddable":true,"href":"https:\/\/www.tabakversand.ch\/fr\/wp-json\/wp\/v2\/product_cat?post=206886"},{"taxonomy":"product_tag","embeddable":true,"href":"https:\/\/www.tabakversand.ch\/fr\/wp-json\/wp\/v2\/product_tag?post=206886"}],"curies":[{"name":"wp","href":"https:\/\/api.w.org\/{rel}","templated":true}]}}