{"id":207074,"date":"2025-12-05T12:30:42","date_gmt":"2025-12-05T11:30:42","guid":{"rendered":"https:\/\/www.tabakversand.ch\/?post_type=product&#038;p=207074"},"modified":"2025-12-08T13:23:59","modified_gmt":"2025-12-08T12:23:59","slug":"backwoods","status":"publish","type":"product","link":"https:\/\/www.tabakversand.ch\/fr\/produit\/backwoods\/","title":{"rendered":"R\u00e9gion foresti\u00e8re inexploit\u00e9e"},"content":{"rendered":"<p>R\u00e9gion foresti\u00e8re inexploit\u00e9e<\/p>\n<p>Lanc\u00e9s aux \u00c9tats-Unis en 1981, ces cigares \u00ab&nbsp;sauvages&nbsp;\u00bb sont devenus un best-seller et sont aujourd&rsquo;hui consid\u00e9r\u00e9s comme l&rsquo;une des marques les plus performantes du segment des cigares aromatis\u00e9s au monde. Les cigares Backwoods, \u00e0 l&rsquo;aspect rustique, sont fabriqu\u00e9s \u00e0 partir de tabacs naturels sans ingr\u00e9dients homog\u00e9n\u00e9is\u00e9s. Doux et savoureux, les Backwoods sont parfaits pour les activit\u00e9s de plein air. Ces Backwoods d&rsquo;exception sont produits en R\u00e9publique dominicaine. Certains les appr\u00e9cient en pipe, tandis que d&rsquo;autres les pr\u00e9f\u00e8rent en blunt. Ces cigares remplis peuvent \u00eatre facilement d\u00e9roul\u00e9s ou roul\u00e9s pour cr\u00e9er un blunt. Un emballage herm\u00e9tique en aluminium contenant cinq cigares a \u00e9t\u00e9 sp\u00e9cialement con\u00e7u pour pr\u00e9server leur taux d&rsquo;humidit\u00e9 et leur fra\u00eecheur exceptionnels.      <\/p>\n<p>Tous les prix s&rsquo;appliquent uniquement aux commandes en ligne et incluent la TVA. Sous r\u00e9serve de modifications sans pr\u00e9avis, frais de livraison en sus. Sous r\u00e9serve d&rsquo;erreurs, de modifications de contenu de livraison et de conception, de fautes d&rsquo;impression et de modifications de prix. Les prix barr\u00e9s sont des prix de remplacement. Les illustrations peuvent diff\u00e9rer de l&rsquo;original\/du contenu de livraison.     <\/p>\n<p>*Livraison gratuite pour les commandes sup\u00e9rieures \u00e0 CHF 250.-.<\/p>\n","protected":false},"excerpt":{"rendered":"<p>R\u00e9gion foresti\u00e8re inexploit\u00e9e Lanc\u00e9s aux \u00c9tats-Unis en 1981, ces cigares \u00ab&nbsp;sauvages&nbsp;\u00bb sont devenus un best-seller et sont aujourd&rsquo;hui consid\u00e9r\u00e9s comme l&rsquo;une des marques les plus performantes du segment des cigares aromatis\u00e9s au monde. Les cigares Backwoods, \u00e0 l&rsquo;aspect rustique, sont fabriqu\u00e9s \u00e0 partir de tabacs naturels sans ingr\u00e9dients homog\u00e9n\u00e9is\u00e9s. Doux et savoureux, les Backwoods sont [&hellip;]<\/p>\n","protected":false},"featured_media":207134,"template":"","meta":[],"product_brand":[],"product_cat":[1994,2190],"product_tag":[],"class_list":{"0":"post-207074","1":"product","2":"type-product","3":"status-publish","4":"has-post-thumbnail","6":"product_cat-monde-du-cigare","7":"product_cat-souches-de-cigares-de-tete","8":"pa_backwoods-banana","9":"pa_backwoods-black-russian","10":"pa_backwoods-blue","11":"pa_backwoods-caribe","12":"pa_backwoods-cognac","13":"pa_backwoods-dark-stout","14":"pa_backwoods-honey","15":"pa_backwoods-honey-berry","16":"pa_backwoods-honey-bourbon","17":"pa_backwoods-original","18":"pa_backwoods-purple","19":"pa_backwoods-russian-cream","20":"pa_backwoods-sweet-aromatic","21":"pa_backwoods-vanilla","23":"first","24":"onbackorder","25":"featured","26":"purchasable","27":"product-type-variable"},"yoast_head":"<!-- This site is optimized with the Yoast SEO plugin v27.0 - https:\/\/yoast.com\/product\/yoast-seo-wordpress\/ -->\n<title>R\u00e9gion foresti\u00e8re inexploit\u00e9e - Tabakversand.ch | Alles aus der Welt des Tabaks<\/title>\n<meta name=\"description\" content=\"Backwoods | Un large choix de produits du tabac, de cigarettes \u00e9lectroniques et d&#039;accessoires pour fumeurs dans toute la Suisse | Cartes accept\u00e9es !\" \/>\n<meta name=\"robots\" content=\"index, follow, max-snippet:-1, max-image-preview:large, max-video-preview:-1\" \/>\n<link rel=\"canonical\" href=\"https:\/\/www.tabakversand.ch\/fr\/produit\/backwoods\/\" \/>\n<meta property=\"og:locale\" content=\"fr_FR\" \/>\n<meta property=\"og:type\" content=\"article\" \/>\n<meta property=\"og:title\" content=\"R\u00e9gion foresti\u00e8re inexploit\u00e9e - Tabakversand.ch | Alles aus der Welt des Tabaks\" \/>\n<meta property=\"og:description\" content=\"Backwoods | Un large choix de produits du tabac, de cigarettes \u00e9lectroniques et d&#039;accessoires pour fumeurs dans toute la Suisse | Cartes accept\u00e9es !\" \/>\n<meta property=\"og:url\" content=\"https:\/\/www.tabakversand.ch\/fr\/produit\/backwoods\/\" \/>\n<meta property=\"og:site_name\" content=\"Tabakversand.ch | Alles aus der Welt des Tabaks\" \/>\n<meta property=\"article:modified_time\" content=\"2025-12-08T12:23:59+00:00\" \/>\n<meta property=\"og:image\" content=\"https:\/\/www.tabakversand.ch\/wp-content\/uploads\/2025\/12\/backwoods-all.jpg\" \/>\n\t<meta property=\"og:image:width\" content=\"500\" \/>\n\t<meta property=\"og:image:height\" content=\"500\" \/>\n\t<meta property=\"og:image:type\" content=\"image\/jpeg\" \/>\n<meta name=\"twitter:card\" content=\"summary_large_image\" \/>\n<meta name=\"twitter:label1\" content=\"Dur\u00e9e de lecture estim\u00e9e\" \/>\n\t<meta name=\"twitter:data1\" content=\"2 minutes\" \/>\n<script type=\"application\/ld+json\" class=\"yoast-schema-graph\">{\"@context\":\"https:\/\/schema.org\",\"@graph\":[{\"@type\":\"WebPage\",\"@id\":\"https:\/\/www.tabakversand.ch\/fr\/produit\/backwoods\/\",\"url\":\"https:\/\/www.tabakversand.ch\/fr\/produit\/backwoods\/\",\"name\":\"R\u00e9gion foresti\u00e8re inexploit\u00e9e - Tabakversand.ch | Alles aus der Welt des Tabaks\",\"isPartOf\":{\"@id\":\"https:\/\/www.tabakversand.ch\/#website\"},\"primaryImageOfPage\":{\"@id\":\"https:\/\/www.tabakversand.ch\/fr\/produit\/backwoods\/#primaryimage\"},\"image\":{\"@id\":\"https:\/\/www.tabakversand.ch\/fr\/produit\/backwoods\/#primaryimage\"},\"thumbnailUrl\":\"https:\/\/www.tabakversand.ch\/wp-content\/uploads\/2025\/12\/backwoods-all.jpg\",\"datePublished\":\"2025-12-05T11:30:42+00:00\",\"dateModified\":\"2025-12-08T12:23:59+00:00\",\"description\":\"Backwoods | Un large choix de produits du tabac, de cigarettes \u00e9lectroniques et d'accessoires pour fumeurs dans toute la Suisse | Cartes accept\u00e9es !\",\"breadcrumb\":{\"@id\":\"https:\/\/www.tabakversand.ch\/fr\/produit\/backwoods\/#breadcrumb\"},\"inLanguage\":\"fr-FR\",\"potentialAction\":[{\"@type\":\"ReadAction\",\"target\":[\"https:\/\/www.tabakversand.ch\/fr\/produit\/backwoods\/\"]}]},{\"@type\":\"ImageObject\",\"inLanguage\":\"fr-FR\",\"@id\":\"https:\/\/www.tabakversand.ch\/fr\/produit\/backwoods\/#primaryimage\",\"url\":\"https:\/\/www.tabakversand.ch\/wp-content\/uploads\/2025\/12\/backwoods-all.jpg\",\"contentUrl\":\"https:\/\/www.tabakversand.ch\/wp-content\/uploads\/2025\/12\/backwoods-all.jpg\",\"width\":500,\"height\":500,\"caption\":\"Backwoods | tabakversand.ch\"},{\"@type\":\"BreadcrumbList\",\"@id\":\"https:\/\/www.tabakversand.ch\/fr\/produit\/backwoods\/#breadcrumb\",\"itemListElement\":[{\"@type\":\"ListItem\",\"position\":1,\"name\":\"Startseite\",\"item\":\"https:\/\/www.tabakversand.ch\/\"},{\"@type\":\"ListItem\",\"position\":2,\"name\":\"Boutique\",\"item\":\"https:\/\/www.tabakversand.ch\/fr\/boutique\/\"},{\"@type\":\"ListItem\",\"position\":3,\"name\":\"R\u00e9gion foresti\u00e8re inexploit\u00e9e\"}]},{\"@type\":\"WebSite\",\"@id\":\"https:\/\/www.tabakversand.ch\/#website\",\"url\":\"https:\/\/www.tabakversand.ch\/\",\"name\":\"Tabakversand.ch | Alles aus der Welt des Tabaks\",\"description\":\"Smoke and carpe diem\",\"potentialAction\":[{\"@type\":\"SearchAction\",\"target\":{\"@type\":\"EntryPoint\",\"urlTemplate\":\"https:\/\/www.tabakversand.ch\/?s={search_term_string}\"},\"query-input\":{\"@type\":\"PropertyValueSpecification\",\"valueRequired\":true,\"valueName\":\"search_term_string\"}}],\"inLanguage\":\"fr-FR\"}]}<\/script>\n<!-- \/ Yoast SEO plugin. -->","yoast_head_json":{"title":"R\u00e9gion foresti\u00e8re inexploit\u00e9e - Tabakversand.ch | Alles aus der Welt des Tabaks","description":"Backwoods | Un large choix de produits du tabac, de cigarettes \u00e9lectroniques et d'accessoires pour fumeurs dans toute la Suisse | Cartes accept\u00e9es !","robots":{"index":"index","follow":"follow","max-snippet":"max-snippet:-1","max-image-preview":"max-image-preview:large","max-video-preview":"max-video-preview:-1"},"canonical":"https:\/\/www.tabakversand.ch\/fr\/produit\/backwoods\/","og_locale":"fr_FR","og_type":"article","og_title":"R\u00e9gion foresti\u00e8re inexploit\u00e9e - Tabakversand.ch | Alles aus der Welt des Tabaks","og_description":"Backwoods | Un large choix de produits du tabac, de cigarettes \u00e9lectroniques et d'accessoires pour fumeurs dans toute la Suisse | Cartes accept\u00e9es !","og_url":"https:\/\/www.tabakversand.ch\/fr\/produit\/backwoods\/","og_site_name":"Tabakversand.ch | Alles aus der Welt des Tabaks","article_modified_time":"2025-12-08T12:23:59+00:00","og_image":[{"width":500,"height":500,"url":"https:\/\/www.tabakversand.ch\/wp-content\/uploads\/2025\/12\/backwoods-all.jpg","type":"image\/jpeg"}],"twitter_card":"summary_large_image","twitter_misc":{"Dur\u00e9e de lecture estim\u00e9e":"2 minutes"},"schema":{"@context":"https:\/\/schema.org","@graph":[{"@type":"WebPage","@id":"https:\/\/www.tabakversand.ch\/fr\/produit\/backwoods\/","url":"https:\/\/www.tabakversand.ch\/fr\/produit\/backwoods\/","name":"R\u00e9gion foresti\u00e8re inexploit\u00e9e - Tabakversand.ch | Alles aus der Welt des Tabaks","isPartOf":{"@id":"https:\/\/www.tabakversand.ch\/#website"},"primaryImageOfPage":{"@id":"https:\/\/www.tabakversand.ch\/fr\/produit\/backwoods\/#primaryimage"},"image":{"@id":"https:\/\/www.tabakversand.ch\/fr\/produit\/backwoods\/#primaryimage"},"thumbnailUrl":"https:\/\/www.tabakversand.ch\/wp-content\/uploads\/2025\/12\/backwoods-all.jpg","datePublished":"2025-12-05T11:30:42+00:00","dateModified":"2025-12-08T12:23:59+00:00","description":"Backwoods | Un large choix de produits du tabac, de cigarettes \u00e9lectroniques et d'accessoires pour fumeurs dans toute la Suisse | Cartes accept\u00e9es !","breadcrumb":{"@id":"https:\/\/www.tabakversand.ch\/fr\/produit\/backwoods\/#breadcrumb"},"inLanguage":"fr-FR","potentialAction":[{"@type":"ReadAction","target":["https:\/\/www.tabakversand.ch\/fr\/produit\/backwoods\/"]}]},{"@type":"ImageObject","inLanguage":"fr-FR","@id":"https:\/\/www.tabakversand.ch\/fr\/produit\/backwoods\/#primaryimage","url":"https:\/\/www.tabakversand.ch\/wp-content\/uploads\/2025\/12\/backwoods-all.jpg","contentUrl":"https:\/\/www.tabakversand.ch\/wp-content\/uploads\/2025\/12\/backwoods-all.jpg","width":500,"height":500,"caption":"Backwoods | tabakversand.ch"},{"@type":"BreadcrumbList","@id":"https:\/\/www.tabakversand.ch\/fr\/produit\/backwoods\/#breadcrumb","itemListElement":[{"@type":"ListItem","position":1,"name":"Startseite","item":"https:\/\/www.tabakversand.ch\/"},{"@type":"ListItem","position":2,"name":"Boutique","item":"https:\/\/www.tabakversand.ch\/fr\/boutique\/"},{"@type":"ListItem","position":3,"name":"R\u00e9gion foresti\u00e8re inexploit\u00e9e"}]},{"@type":"WebSite","@id":"https:\/\/www.tabakversand.ch\/#website","url":"https:\/\/www.tabakversand.ch\/","name":"Tabakversand.ch | Alles aus der Welt des Tabaks","description":"Smoke and carpe diem","potentialAction":[{"@type":"SearchAction","target":{"@type":"EntryPoint","urlTemplate":"https:\/\/www.tabakversand.ch\/?s={search_term_string}"},"query-input":{"@type":"PropertyValueSpecification","valueRequired":true,"valueName":"search_term_string"}}],"inLanguage":"fr-FR"}]}},"_links":{"self":[{"href":"https:\/\/www.tabakversand.ch\/fr\/wp-json\/wp\/v2\/product\/207074","targetHints":{"allow":["GET"]}}],"collection":[{"href":"https:\/\/www.tabakversand.ch\/fr\/wp-json\/wp\/v2\/product"}],"about":[{"href":"https:\/\/www.tabakversand.ch\/fr\/wp-json\/wp\/v2\/types\/product"}],"version-history":[{"count":3,"href":"https:\/\/www.tabakversand.ch\/fr\/wp-json\/wp\/v2\/product\/207074\/revisions"}],"predecessor-version":[{"id":207250,"href":"https:\/\/www.tabakversand.ch\/fr\/wp-json\/wp\/v2\/product\/207074\/revisions\/207250"}],"wp:featuredmedia":[{"embeddable":true,"href":"https:\/\/www.tabakversand.ch\/fr\/wp-json\/wp\/v2\/media\/207134"}],"wp:attachment":[{"href":"https:\/\/www.tabakversand.ch\/fr\/wp-json\/wp\/v2\/media?parent=207074"}],"wp:term":[{"taxonomy":"product_brand","embeddable":true,"href":"https:\/\/www.tabakversand.ch\/fr\/wp-json\/wp\/v2\/product_brand?post=207074"},{"taxonomy":"product_cat","embeddable":true,"href":"https:\/\/www.tabakversand.ch\/fr\/wp-json\/wp\/v2\/product_cat?post=207074"},{"taxonomy":"product_tag","embeddable":true,"href":"https:\/\/www.tabakversand.ch\/fr\/wp-json\/wp\/v2\/product_tag?post=207074"}],"curies":[{"name":"wp","href":"https:\/\/api.w.org\/{rel}","templated":true}]}}